{"id":6504,"date":"2023-12-16T20:43:58","date_gmt":"2023-12-16T20:43:58","guid":{"rendered":"http:\/\/maldives-paradise.com\/?page_id=6504"},"modified":"2025-02-21T07:12:22","modified_gmt":"2025-02-21T07:12:22","slug":"hotel-resort-4-stelle-alle-maldive","status":"publish","type":"page","link":"http:\/\/maldives-paradise.com\/it\/hotel-resort-4-stelle-alle-maldive\/","title":{"rendered":"Hotel e resort 4 stelle alle Maldive"},"content":{"rendered":"<div class=\"wpb-content-wrapper\"><div class=\"vc_row wpb_row vc_row-fluid\"><div class=\"wpb_column vc_column_container vc_col-sm-12\"><div class=\"vc_column-inner\"><div class=\"wpb_wrapper\">\n\t<div class=\"wpb_text_column wpb_content_element\" >\n\t\t<div class=\"wpb_wrapper\">\n\t\t\t<h3>Una selezione di hotel e resort 4 stelle alle Maldive<\/h3>\n<p>Scegli tra una variet\u00e0 di resort a 4 stelle alle Maldive. Goditi una fuga di lusso tra spiagge sabbiose e cieli limpidi.<\/p>\n\n\t\t<\/div>\n\t<\/div>\n<\/div><\/div><\/div><\/div><div class=\"vc_row wpb_row vc_row-fluid\"><div class=\"wpb_column vc_column_container vc_col-sm-3\"><div class=\"vc_column-inner\"><div class=\"wpb_wrapper\">\n\t<div  class=\"wpb_single_image wpb_content_element vc_align_left wpb_content_element\">\n\t\t\n\t\t<figure class=\"wpb_wrapper vc_figure\">\n\t\t\t<a href=\"http:\/\/maldives-paradise.com\/it\/adaaran-seleziona-huduran-fushi\/\" target=\"_self\" class=\"vc_single_image-wrapper   vc_box_border_grey\"><img loading=\"lazy\" decoding=\"async\" width=\"150\" height=\"150\" src=\"https:\/\/maldives-paradise.com\/wp-content\/uploads\/2024\/01\/Adaaran-Select-Hudhuranfushi-islandii.com-1-10-1-150x150.jpg\" class=\"vc_single_image-img attachment-thumbnail\" alt=\"Adaaran Seleziona Hudhuran Fushi\" title=\"Adaaran-Select-Hudhuranfushi-islandii.com-1-10\" \/><\/a>\n\t\t<\/figure>\n\t<\/div>\n<\/div><\/div><\/div><div class=\"wpb_column vc_column_container vc_col-sm-9\"><div class=\"vc_column-inner\"><div class=\"wpb_wrapper\">\n\t<div class=\"wpb_text_column wpb_content_element\" >\n\t\t<div class=\"wpb_wrapper\">\n\t\t\t<h4><a href=\"http:\/\/maldives-paradise.com\/it\/adaaran-seleziona-huduran-fushi\/\">Adaaran Seleziona Hudhuran Fushi<\/a><\/h4>\n<p><strong>Adaaran Seleziona Huduran Fushi<\/strong> \u00e8 un resort di lusso per eccellenza che promette una fuga indimenticabile in paradiso. Con le sue incontaminate spiagge di sabbia bianca, acque cristalline e servizi di prim&#039;ordine, questo rifugio appartato offre un&#039;esperienza irripetibile per i viaggiatori che cercano la vacanza tropicale definitiva.<\/p>\n\n\t\t<\/div>\n\t<\/div>\n<\/div><\/div><\/div><\/div><div class=\"vc_row wpb_row vc_row-fluid\"><div class=\"wpb_column vc_column_container vc_col-sm-3\"><div class=\"vc_column-inner\"><div class=\"wpb_wrapper\">\n\t<div  class=\"wpb_single_image wpb_content_element vc_align_left wpb_content_element\">\n\t\t\n\t\t<figure class=\"wpb_wrapper vc_figure\">\n\t\t\t<a href=\"http:\/\/maldives-paradise.com\/it\/adaaran-seleziona-meedhupparu\/\" target=\"_self\" class=\"vc_single_image-wrapper   vc_box_border_grey\"><img loading=\"lazy\" decoding=\"async\" width=\"150\" height=\"150\" src=\"https:\/\/maldives-paradise.com\/wp-content\/uploads\/2024\/01\/Adaaran-Select-Meedhupparu-150x150.jpg\" class=\"vc_single_image-img attachment-thumbnail\" alt=\"Adaaran Seleziona Meedhupparu\" title=\"Adaaran-Select-Meedhupparu\" \/><\/a>\n\t\t<\/figure>\n\t<\/div>\n<\/div><\/div><\/div><div class=\"wpb_column vc_column_container vc_col-sm-9\"><div class=\"vc_column-inner\"><div class=\"wpb_wrapper\">\n\t<div class=\"wpb_text_column wpb_content_element\" >\n\t\t<div class=\"wpb_wrapper\">\n\t\t\t<h4><a href=\"http:\/\/maldives-paradise.com\/it\/adaaran-seleziona-meedhupparu\/\">Adaaran Seleziona Meedhupparu<\/a><\/h4>\n<p>Adaaran Select Meedhupparu alle Maldive offre un&#039;esperienza paradisiaca che non \u00e8 seconda a nessuno. Con le sue sistemazioni di lusso, uno splendido ambiente naturale, ristoranti di prima classe e una vasta gamma di attivit\u00e0, \u00e8 la destinazione perfetta per coppie in luna di miele, coppie e viaggiatori che cercano un assaggio del paradiso in Terra.<\/p>\n\n\t\t<\/div>\n\t<\/div>\n<\/div><\/div><\/div><\/div><div class=\"vc_row wpb_row vc_row-fluid\"><div class=\"wpb_column vc_column_container vc_col-sm-3\"><div class=\"vc_column-inner\"><div class=\"wpb_wrapper\">\n\t<div  class=\"wpb_single_image wpb_content_element vc_align_left wpb_content_element\">\n\t\t\n\t\t<figure class=\"wpb_wrapper vc_figure\">\n\t\t\t<a href=\"http:\/\/maldives-paradise.com\/it\/centro-termale-del-resort-dellisola-di-angaga\/\" target=\"_self\" class=\"vc_single_image-wrapper   vc_box_border_grey\"><img loading=\"lazy\" decoding=\"async\" width=\"150\" height=\"150\" src=\"https:\/\/maldives-paradise.com\/wp-content\/uploads\/2024\/01\/angaga-150x150.jpg\" class=\"vc_single_image-img attachment-thumbnail\" alt=\"Angaga Island Resort &amp; Spa\" title=\"angaga\" \/><\/a>\n\t\t<\/figure>\n\t<\/div>\n<\/div><\/div><\/div><div class=\"wpb_column vc_column_container vc_col-sm-9\"><div class=\"vc_column-inner\"><div class=\"wpb_wrapper\">\n\t<div class=\"wpb_text_column wpb_content_element\" >\n\t\t<div class=\"wpb_wrapper\">\n\t\t\t<h4><a href=\"http:\/\/maldives-paradise.com\/it\/centro-termale-del-resort-dellisola-di-angaga\/\">Angaga Island Resort &amp; Spa<\/a><\/h4>\n<p>L&#039;Angaga Island Resort &amp; Spa alle Maldive \u00e8 molto pi\u00f9 di una semplice destinazione per le vacanze; \u00e8 un&#039;opportunit\u00e0 per immergersi nella bellezza e nella tranquillit\u00e0 della natura. Che tu stia cercando l&#039;avventura nel mondo sottomarino, il relax su spiagge incontaminate o una fuga romantica, questo resort ecologico offre tutto.<\/p>\n\n\t\t<\/div>\n\t<\/div>\n<\/div><\/div><\/div><\/div><div class=\"vc_row wpb_row vc_row-fluid\"><div class=\"wpb_column vc_column_container vc_col-sm-3\"><div class=\"vc_column-inner\"><div class=\"wpb_wrapper\">\n\t<div  class=\"wpb_single_image wpb_content_element vc_align_left wpb_content_element\">\n\t\t\n\t\t<figure class=\"wpb_wrapper vc_figure\">\n\t\t\t<a href=\"http:\/\/maldives-paradise.com\/it\/bandos-maldive\/\" target=\"_self\" class=\"vc_single_image-wrapper   vc_box_border_grey\"><\/a>\n\t\t<\/figure>\n\t<\/div>\n<\/div><\/div><\/div><div class=\"wpb_column vc_column_container vc_col-sm-9\"><div class=\"vc_column-inner\"><div class=\"wpb_wrapper\">\n\t<div class=\"wpb_text_column wpb_content_element\" >\n\t\t<div class=\"wpb_wrapper\">\n\t\t\t<h4><a href=\"http:\/\/maldives-paradise.com\/it\/bandos-maldive\/\">Bandos Maldive<\/a><\/h4>\n<p>Che tu stia cercando l&#039;avventura nel mondo sottomarino, il relax su spiagge incontaminate o una fuga romantica, questo resort offre tutto. Con la sua calorosa ospitalit\u00e0 e il suo impegno per la sostenibilit\u00e0, Bandos Maldives Resort ti invita a vivere il paradiso come mai prima d&#039;ora.<\/p>\n\n\t\t<\/div>\n\t<\/div>\n<\/div><\/div><\/div><\/div><div class=\"vc_row wpb_row vc_row-fluid\"><div class=\"wpb_column vc_column_container vc_col-sm-3\"><div class=\"vc_column-inner\"><div class=\"wpb_wrapper\">\n\t<div  class=\"wpb_single_image wpb_content_element vc_align_left wpb_content_element\">\n\t\t\n\t\t<figure class=\"wpb_wrapper vc_figure\">\n\t\t\t<a href=\"http:\/\/maldives-paradise.com\/it\/leco-hotel-a-piedi-nudi\/\" target=\"_self\" class=\"vc_single_image-wrapper   vc_box_border_grey\"><img loading=\"lazy\" decoding=\"async\" width=\"150\" height=\"150\" src=\"https:\/\/maldives-paradise.com\/wp-content\/uploads\/2024\/01\/the-barefoot-eco-hotel-150x150.jpg\" class=\"vc_single_image-img attachment-thumbnail\" alt=\"L&#039;Eco Hotel a piedi nudi\" title=\"l&#039;eco-hotel-a piedi nudi\" \/><\/a>\n\t\t<\/figure>\n\t<\/div>\n<\/div><\/div><\/div><div class=\"wpb_column vc_column_container vc_col-sm-9\"><div class=\"vc_column-inner\"><div class=\"wpb_wrapper\">\n\t<div class=\"wpb_text_column wpb_content_element\" >\n\t\t<div class=\"wpb_wrapper\">\n\t\t\t<h4><a href=\"http:\/\/maldives-paradise.com\/it\/leco-hotel-a-piedi-nudi\/\">L&#039;Eco Hotel a piedi nudi<\/a><\/h4>\n<p>Il Barefoot Eco Hotel alle Maldive invita i viaggiatori ad abbracciare la natura calpestando con leggerezza l&#039;ambiente. Con le sue sistemazioni eco-compatibili, opzioni di ristorazione sostenibili e una vasta gamma di avventure naturali, \u00e8 una destinazione che ti permette di goderti la bellezza delle Maldive contribuendo al tempo stesso alla sua preservazione.<\/p>\n\n\t\t<\/div>\n\t<\/div>\n<\/div><\/div><\/div><\/div><div class=\"vc_row wpb_row vc_row-fluid\"><div class=\"wpb_column vc_column_container vc_col-sm-3\"><div class=\"vc_column-inner\"><div class=\"wpb_wrapper\">\n\t<div  class=\"wpb_single_image wpb_content_element vc_align_left wpb_content_element\">\n\t\t\n\t\t<figure class=\"wpb_wrapper vc_figure\">\n\t\t\t<a href=\"http:\/\/maldives-paradise.com\/it\/canareef-resort-alle-maldive\/\" target=\"_self\" class=\"vc_single_image-wrapper   vc_box_border_grey\"><img loading=\"lazy\" decoding=\"async\" width=\"150\" height=\"150\" src=\"https:\/\/maldives-paradise.com\/wp-content\/uploads\/2024\/01\/canareef-resort-maldives-150x150.jpg\" class=\"vc_single_image-img attachment-thumbnail\" alt=\"Canareef Resort Maldives \u00e8 un lussuoso resort sull&#039;isola\" title=\"canareef-resort-maldive\" \/><\/a>\n\t\t<\/figure>\n\t<\/div>\n<\/div><\/div><\/div><div class=\"wpb_column vc_column_container vc_col-sm-9\"><div class=\"vc_column-inner\"><div class=\"wpb_wrapper\">\n\t<div class=\"wpb_text_column wpb_content_element\" >\n\t\t<div class=\"wpb_wrapper\">\n\t\t\t<h4><a href=\"http:\/\/maldives-paradise.com\/it\/canareef-resort-alle-maldive\/\">Canareef Resort Maldive<\/a><\/h4>\n<p>Canareef Resort Maldives \u00e8 pi\u00f9 di una semplice destinazione; \u00e8 un&#039;esperienza indimenticabile che cattura l&#039;essenza del paradiso tropicale. Che tu stia cercando romanticismo, avventura o semplicemente un rifugio tranquillo, questo resort ha qualcosa per tutti. Con la sua straordinaria bellezza naturale, sistemazioni di lusso e una miriade di attivit\u00e0, Canareef Resort Maldives \u00e8 la scelta perfetta per la tua prossima vacanza da sogno alle Maldive.<\/p>\n\n\t\t<\/div>\n\t<\/div>\n<\/div><\/div><\/div><\/div><div class=\"vc_row wpb_row vc_row-fluid\"><div class=\"wpb_column vc_column_container vc_col-sm-3\"><div class=\"vc_column-inner\"><div class=\"wpb_wrapper\">\n\t<div  class=\"wpb_single_image wpb_content_element vc_align_left wpb_content_element\">\n\t\t\n\t\t<figure class=\"wpb_wrapper vc_figure\">\n\t\t\t<a href=\"http:\/\/maldives-paradise.com\/it\/centro-termale-centara-ras-fushi\/\" target=\"_self\" class=\"vc_single_image-wrapper   vc_box_border_grey\"><img loading=\"lazy\" decoding=\"async\" width=\"150\" height=\"150\" src=\"https:\/\/maldives-paradise.com\/wp-content\/uploads\/2024\/01\/centara-ras-fushi-150x150.jpg\" class=\"vc_single_image-img attachment-thumbnail\" alt=\"Centara Ras Fushi Resort &amp; Spa\" title=\"centara-ras-fushi\" \/><\/a>\n\t\t<\/figure>\n\t<\/div>\n<\/div><\/div><\/div><div class=\"wpb_column vc_column_container vc_col-sm-9\"><div class=\"vc_column-inner\"><div class=\"wpb_wrapper\">\n\t<div class=\"wpb_text_column wpb_content_element\" >\n\t\t<div class=\"wpb_wrapper\">\n\t\t\t<h4><a href=\"http:\/\/maldives-paradise.com\/it\/centro-termale-centara-ras-fushi\/\">Centara Ras Fushi Resort &amp; Spa<\/a><\/h4>\n<p>Che tu stia cercando l&#039;avventura sotto le onde, il relax su spiagge incontaminate o una fuga romantica, questo resort offre tutto. Con la sua calorosa ospitalit\u00e0 e la bellezza naturale mozzafiato, Centara Ras Fushi Resort &amp; Spa ti invita a intraprendere un viaggio di indulgenza e scoperta.<\/p>\n\n\t\t<\/div>\n\t<\/div>\n<\/div><\/div><\/div><\/div><div class=\"vc_row wpb_row vc_row-fluid\"><div class=\"wpb_column vc_column_container vc_col-sm-3\"><div class=\"vc_column-inner\"><div class=\"wpb_wrapper\">\n\t<div  class=\"wpb_single_image wpb_content_element vc_align_left wpb_content_element\">\n\t\t\n\t\t<figure class=\"wpb_wrapper vc_figure\">\n\t\t\t<a href=\"http:\/\/maldives-paradise.com\/it\/cannella-dhonveli-maldive\/\" target=\"_self\" class=\"vc_single_image-wrapper   vc_box_border_grey\"><img loading=\"lazy\" decoding=\"async\" width=\"150\" height=\"150\" src=\"https:\/\/maldives-paradise.com\/wp-content\/uploads\/2024\/01\/cinnamon_dhonveli_maldives_5-150x150.jpg\" class=\"vc_single_image-img attachment-thumbnail\" alt=\"Cinnamon Dhonveli Maldives: la tua porta d&#039;accesso al lusso tropicale\" title=\"cannella_dhonveli_maldives_5\" \/><\/a>\n\t\t<\/figure>\n\t<\/div>\n<\/div><\/div><\/div><div class=\"wpb_column vc_column_container vc_col-sm-9\"><div class=\"vc_column-inner\"><div class=\"wpb_wrapper\">\n\t<div class=\"wpb_text_column wpb_content_element\" >\n\t\t<div class=\"wpb_wrapper\">\n\t\t\t<h4><a href=\"http:\/\/maldives-paradise.com\/it\/cannella-dhonveli-maldive\/\">Cannella Dhonveli Maldive<\/a><\/h4>\n<p>Cinnamon Dhonveli Maldives \u00e8 un resort di prim&#039;ordine che incarna la fuga tropicale definitiva. Situato sulla splendida isola di Dhonveli, questo resort offre ai viaggiatori una squisita miscela di bellezza naturale, avventure acquatiche e comfort di lusso, rendendolo una destinazione da sogno per chi cerca il paradiso sulla Terra.<\/p>\n\n\t\t<\/div>\n\t<\/div>\n<\/div><\/div><\/div><\/div><div class=\"vc_row wpb_row vc_row-fluid\"><div class=\"wpb_column vc_column_container vc_col-sm-3\"><div class=\"vc_column-inner\"><div class=\"wpb_wrapper\">\n\t<div  class=\"wpb_single_image wpb_content_element vc_align_left wpb_content_element\">\n\t\t\n\t\t<figure class=\"wpb_wrapper vc_figure\">\n\t\t\t<a href=\"http:\/\/maldives-paradise.com\/it\/cannella-hakuraa-huraa-maldive\/\" target=\"_self\" class=\"vc_single_image-wrapper   vc_box_border_grey\"><img loading=\"lazy\" decoding=\"async\" width=\"150\" height=\"150\" src=\"https:\/\/maldives-paradise.com\/wp-content\/uploads\/2024\/01\/cinnamon-hakuraa-150x150.jpg\" class=\"vc_single_image-img attachment-thumbnail\" alt=\"Cannella Hakuraa Huraa Maldive\" title=\"cannella-hakuraa\" \/><\/a>\n\t\t<\/figure>\n\t<\/div>\n<\/div><\/div><\/div><div class=\"wpb_column vc_column_container vc_col-sm-9\"><div class=\"vc_column-inner\"><div class=\"wpb_wrapper\">\n\t<div class=\"wpb_text_column wpb_content_element\" >\n\t\t<div class=\"wpb_wrapper\">\n\t\t\t<h4><a href=\"http:\/\/maldives-paradise.com\/it\/cannella-hakuraa-huraa-maldive\/\">Cannella Hakuraa Huraa Maldive<\/a><\/h4>\n<p>Cannella Hakuraa Huraa Le Maldive sono molto pi\u00f9 di una semplice destinazione per le vacanze; \u00e8 un portale verso il lusso e la bellezza naturale. Che tu stia cercando l&#039;avventura sotto le onde, il relax su spiagge incontaminate o una fuga romantica, questo resort offre tutto. Con la sua calda ospitalit\u00e0 e i suoi dintorni mozzafiato, Cinnamon Hakuraa Huraa Maldives ti invita a creare ricordi duraturi in questo affascinante paradiso.<\/p>\n\n\t\t<\/div>\n\t<\/div>\n<\/div><\/div><\/div><\/div><div class=\"vc_row wpb_row vc_row-fluid\"><div class=\"wpb_column vc_column_container vc_col-sm-3\"><div class=\"vc_column-inner\"><div class=\"wpb_wrapper\">\n\t<div  class=\"wpb_single_image wpb_content_element vc_align_left wpb_content_element\">\n\t\t\n\t\t<figure class=\"wpb_wrapper vc_figure\">\n\t\t\t<a href=\"http:\/\/maldives-paradise.com\/it\/resort-sullisola-di-eriyadu\/\" target=\"_self\" class=\"vc_single_image-wrapper   vc_box_border_grey\"><img loading=\"lazy\" decoding=\"async\" width=\"150\" height=\"150\" src=\"https:\/\/maldives-paradise.com\/wp-content\/uploads\/2024\/01\/eriyadu4-150x150.jpeg\" class=\"vc_single_image-img attachment-thumbnail\" alt=\"Ricorso dell&#039;isola di Eriyadu\" title=\"eriyadu4\" \/><\/a>\n\t\t<\/figure>\n\t<\/div>\n<\/div><\/div><\/div><div class=\"wpb_column vc_column_container vc_col-sm-9\"><div class=\"vc_column-inner\"><div class=\"wpb_wrapper\">\n\t<div class=\"wpb_text_column wpb_content_element\" >\n\t\t<div class=\"wpb_wrapper\">\n\t\t\t<h4><a href=\"http:\/\/maldives-paradise.com\/it\/resort-sullisola-di-eriyadu\/\">Ricorso dell&#039;isola di Eriyadu<\/a><\/h4>\n<p>Vivi la magia delle Maldive all&#039;Eriyadu Island Resort, dove natura e comfort si uniscono per creare un rifugio senza pari. Trasforma i tuoi sogni di fuga maldiviana in realt\u00e0 e immergiti nella straordinaria bellezza che ti circonda.<\/p>\n\n\t\t<\/div>\n\t<\/div>\n<\/div><\/div><\/div><\/div><div class=\"vc_row wpb_row vc_row-fluid\"><div class=\"wpb_column vc_column_container vc_col-sm-3\"><div class=\"vc_column-inner\"><div class=\"wpb_wrapper\">\n\t<div  class=\"wpb_single_image wpb_content_element vc_align_left wpb_content_element\">\n\t\t\n\t\t<figure class=\"wpb_wrapper vc_figure\">\n\t\t\t<a href=\"http:\/\/maldives-paradise.com\/it\/deriva-thelu-veliga-ritirata\/\" target=\"_self\" class=\"vc_single_image-wrapper   vc_box_border_grey\"><img loading=\"lazy\" decoding=\"async\" width=\"150\" height=\"150\" src=\"https:\/\/maldives-paradise.com\/wp-content\/uploads\/2024\/01\/drift-retreat-150x150.jpg\" class=\"vc_single_image-img attachment-thumbnail\" alt=\"Ritiro alla deriva Thelu Veliga\" title=\"deriva-ritiro\" \/><\/a>\n\t\t<\/figure>\n\t<\/div>\n<\/div><\/div><\/div><div class=\"wpb_column vc_column_container vc_col-sm-9\"><div class=\"vc_column-inner\"><div class=\"wpb_wrapper\">\n\t<div class=\"wpb_text_column wpb_content_element\" >\n\t\t<div class=\"wpb_wrapper\">\n\t\t\t<h4><a href=\"http:\/\/maldives-paradise.com\/it\/deriva-thelu-veliga-ritirata\/\">Ritiro alla deriva Thelu Veliga<\/a><\/h4>\n<p>Che tu cerchi l&#039;avventura sotto le onde, il relax su spiagge incontaminate o una fuga romantica, questo rifugio eco-consapevole offre tutto. Con una calorosa ospitalit\u00e0 e l&#039;impegno a preservare l&#039;ambiente, Drift Thelu Veliga Retreat ti invita a creare ricordi duraturi in questo paradiso incontaminato.<\/p>\n\n\t\t<\/div>\n\t<\/div>\n<\/div><\/div><\/div><\/div><div class=\"vc_row wpb_row vc_row-fluid\"><div class=\"wpb_column vc_column_container vc_col-sm-3\"><div class=\"vc_column-inner\"><div class=\"wpb_wrapper\">\n\t<div  class=\"wpb_single_image wpb_content_element vc_align_left wpb_content_element\">\n\t\t\n\t\t<figure class=\"wpb_wrapper vc_figure\">\n\t\t\t<a href=\"http:\/\/maldives-paradise.com\/it\/resort-dellisola-di-filitheyo\/\" target=\"_self\" class=\"vc_single_image-wrapper   vc_box_border_grey\"><img loading=\"lazy\" decoding=\"async\" width=\"150\" height=\"150\" src=\"https:\/\/maldives-paradise.com\/wp-content\/uploads\/2024\/01\/filitheyo-island-resort-150x150.jpg\" class=\"vc_single_image-img attachment-thumbnail\" alt=\"Ricorso dell&#039;isola di Filitheyo\" title=\"filitheyo-island-resort\" \/><\/a>\n\t\t<\/figure>\n\t<\/div>\n<\/div><\/div><\/div><div class=\"wpb_column vc_column_container vc_col-sm-9\"><div class=\"vc_column-inner\"><div class=\"wpb_wrapper\">\n\t<div class=\"wpb_text_column wpb_content_element\" >\n\t\t<div class=\"wpb_wrapper\">\n\t\t\t<h4><a href=\"http:\/\/maldives-paradise.com\/it\/resort-dellisola-di-filitheyo\/\">Ricorso dell&#039;isola di Filitheyo<\/a><\/h4>\n<p>Filitheyo Island Resort Maldives non \u00e8 solo una destinazione per le vacanze; \u00e8 un paradiso in attesa di essere esplorato. Che tu stia cercando l&#039;avventura sotto le onde, il relax su spiagge incontaminate o una fuga romantica, questo resort offre tutto.<br \/>\nIl resort \u00e8 impegnato nel turismo sostenibile, partecipando attivamente a progetti di ripristino del corallo e ad sforzi di conservazione ambientale. Impegnarsi nelle loro iniziative eco-compatibili per contribuire alla conservazione dell&#039;ecosistema marino.<\/p>\n\n\t\t<\/div>\n\t<\/div>\n<\/div><\/div><\/div><\/div><div class=\"vc_row wpb_row vc_row-fluid\"><div class=\"wpb_column vc_column_container vc_col-sm-12\"><div class=\"vc_column-inner\"><div class=\"wpb_wrapper\">\n\t<div class=\"wpb_text_column wpb_content_element\" >\n\t\t<div class=\"wpb_wrapper\">\n\t\t\t<h3>Hotel e resort 4 stelle alle Maldive\u00a0\u00a0 <a href=\"http:\/\/maldives-paradise.com\/it\/hotel-4-stelle-resort-alle-maldive-2\/\">Pagina 2<\/a>\u00a0\u00a0 <a href=\"http:\/\/maldives-paradise.com\/it\/hotel-4-stelle-resort-alle-maldive-3\/\">Pagina 3<\/a>\u00a0\u00a0 <a href=\"http:\/\/maldives-paradise.com\/it\/hotel-4-stelle-resort-alle-maldive-4\/\">Pagina 4<\/a><\/h3>\n\n\t\t<\/div>\n\t<\/div>\n<\/div><\/div><\/div><\/div>\n<\/div>","protected":false},"excerpt":{"rendered":"<div class=\"mh-excerpt\"><\/div>","protected":false},"author":1,"featured_media":9814,"parent":0,"menu_order":0,"comment_status":"closed","ping_status":"closed","template":"","meta":{"footnotes":""},"class_list":["post-6504","page","type-page","status-publish","has-post-thumbnail"],"aioseo_notices":[],"_links":{"self":[{"href":"http:\/\/maldives-paradise.com\/it\/wp-json\/wp\/v2\/pages\/6504","targetHints":{"allow":["GET"]}}],"collection":[{"href":"http:\/\/maldives-paradise.com\/it\/wp-json\/wp\/v2\/pages"}],"about":[{"href":"http:\/\/maldives-paradise.com\/it\/wp-json\/wp\/v2\/types\/page"}],"author":[{"embeddable":true,"href":"http:\/\/maldives-paradise.com\/it\/wp-json\/wp\/v2\/users\/1"}],"replies":[{"embeddable":true,"href":"http:\/\/maldives-paradise.com\/it\/wp-json\/wp\/v2\/comments?post=6504"}],"version-history":[{"count":6,"href":"http:\/\/maldives-paradise.com\/it\/wp-json\/wp\/v2\/pages\/6504\/revisions"}],"predecessor-version":[{"id":19349,"href":"http:\/\/maldives-paradise.com\/it\/wp-json\/wp\/v2\/pages\/6504\/revisions\/19349"}],"wp:featuredmedia":[{"embeddable":true,"href":"http:\/\/maldives-paradise.com\/it\/wp-json\/wp\/v2\/media\/9814"}],"wp:attachment":[{"href":"http:\/\/maldives-paradise.com\/it\/wp-json\/wp\/v2\/media?parent=6504"}],"curies":[{"name":"wp","href":"https:\/\/api.w.org\/{rel}","templated":true}]}}