{"id":16281,"date":"2024-05-30T15:27:54","date_gmt":"2024-05-30T15:27:54","guid":{"rendered":"http:\/\/maldives-paradise.com\/?page_id=16281"},"modified":"2025-02-22T18:08:19","modified_gmt":"2025-02-22T18:08:19","slug":"i-migliori-resort-di-lusso-nellatollo-di-meemu","status":"publish","type":"page","link":"http:\/\/maldives-paradise.com\/it\/i-migliori-resort-di-lusso-nellatollo-di-meemu\/","title":{"rendered":"I migliori resort di lusso nell&#039;atollo di Meemu"},"content":{"rendered":"<div class=\"wpb-content-wrapper\"><div class=\"vc_row wpb_row vc_row-fluid\"><div class=\"wpb_column vc_column_container vc_col-sm-12\"><div class=\"vc_column-inner\"><div class=\"wpb_wrapper\">\n\t<div class=\"wpb_text_column wpb_content_element\" >\n\t\t<div class=\"wpb_wrapper\">\n\t\t\t<p>L&#039;atollo di Meemu, incastonato nello splendido arcipelago delle Maldive, rimane un paradiso relativamente incontaminato, offrendo ai viaggiatori pi\u00f9 esigenti un&#039;esperienza di lusso pi\u00f9 appartata e intima. Conosciuto per le sue vivaci barriere coralline, le acque cristalline e il senso di tranquillit\u00e0 che pervade le sue isole, <strong>Atollo di Meemu<\/strong> ospita alcuni dei resort di lusso pi\u00f9 raffinati delle Maldive. Ecco un&#039;esplorazione dei migliori resort di lusso nell&#039;atollo di Meemu, ognuno dei quali promette una fuga indimenticabile in paradiso.<\/p>\n\n\t\t<\/div>\n\t<\/div>\n<\/div><\/div><\/div><\/div><div class=\"vc_row wpb_row vc_row-fluid\"><div class=\"wpb_column vc_column_container vc_col-sm-12\"><div class=\"vc_column-inner\"><div class=\"wpb_wrapper\">\n\t<div  class=\"wpb_single_image wpb_content_element vc_align_left wpb_content_element\">\n\t\t<h2 class=\"wpb_heading wpb_singleimage_heading\">Cannella Hakuraa Huraa Maldive<\/h2>\n\t\t<figure class=\"wpb_wrapper vc_figure\">\n\t\t\t<div class=\"vc_single_image-wrapper   vc_box_border_grey\"><img loading=\"lazy\" decoding=\"async\" width=\"780\" height=\"436\" src=\"https:\/\/maldives-paradise.com\/wp-content\/uploads\/2024\/05\/Cinnamon-Hakuraa-Water-Bungalow.jpg\" class=\"vc_single_image-img attachment-large\" alt=\"Cannella Hakuraa Huraa Maldive\" title=\"Bungalow alla cannella-Hakuraa-acqua\" srcset=\"https:\/\/maldives-paradise.com\/wp-content\/uploads\/2024\/05\/Cinnamon-Hakuraa-Water-Bungalow.jpg 780w, https:\/\/maldives-paradise.com\/wp-content\/uploads\/2024\/05\/Cinnamon-Hakuraa-Water-Bungalow-300x168.jpg 300w, https:\/\/maldives-paradise.com\/wp-content\/uploads\/2024\/05\/Cinnamon-Hakuraa-Water-Bungalow-768x429.jpg 768w, https:\/\/maldives-paradise.com\/wp-content\/uploads\/2024\/05\/Cinnamon-Hakuraa-Water-Bungalow-18x10.jpg 18w, https:\/\/maldives-paradise.com\/wp-content\/uploads\/2024\/05\/Cinnamon-Hakuraa-Water-Bungalow-500x279.jpg 500w\" sizes=\"auto, (max-width: 780px) 100vw, 780px\" \/><\/div>\n\t\t<\/figure>\n\t<\/div>\n<\/div><\/div><\/div><\/div><div class=\"vc_row wpb_row vc_row-fluid\"><div class=\"wpb_column vc_column_container vc_col-sm-12\"><div class=\"vc_column-inner\"><div class=\"wpb_wrapper\">\n\t<div class=\"wpb_text_column wpb_content_element\" >\n\t\t<div class=\"wpb_wrapper\">\n\t\t\t<h4><a href=\"http:\/\/maldives-paradise.com\/it\/cannella-hakuraa-huraa-maldive\/\"><strong>Cannella Hakuraa Huraa Maldive<\/strong><\/a><\/h4>\n<p>Cinnamon Hakuraa Huraa Maldives \u00e8 rinomato per i suoi bungalow sull&#039;acqua, che si ergono su palafitte sopra la scintillante laguna. Questo resort all-inclusive offre una vasta gamma di esperienze culinarie, una spa galleggiante sull&#039;acqua e una vasta gamma di sport acquatici, che lo rendono una destinazione ideale per chi cerca il lusso in armonia con la natura nell&#039;atollo di Meemu.<\/p>\n\n\t\t<\/div>\n\t<\/div>\n<\/div><\/div><\/div><\/div><div class=\"vc_row wpb_row vc_row-fluid\"><div class=\"wpb_column vc_column_container vc_col-sm-12\"><div class=\"vc_column-inner\"><div class=\"wpb_wrapper\">\n\t<div  class=\"wpb_single_image wpb_content_element vc_align_left wpb_content_element\">\n\t\t<h2 class=\"wpb_heading wpb_singleimage_heading\">Isola privata di Madifushi<\/h2>\n\t\t<figure class=\"wpb_wrapper vc_figure\">\n\t\t\t<div class=\"vc_single_image-wrapper   vc_box_border_grey\"><img loading=\"lazy\" decoding=\"async\" width=\"780\" height=\"520\" src=\"https:\/\/maldives-paradise.com\/wp-content\/uploads\/2024\/05\/madifushi.jpg\" class=\"vc_single_image-img attachment-large\" alt=\"Isola privata di Madifushi\" title=\"madifushi\" srcset=\"https:\/\/maldives-paradise.com\/wp-content\/uploads\/2024\/05\/madifushi.jpg 780w, https:\/\/maldives-paradise.com\/wp-content\/uploads\/2024\/05\/madifushi-300x200.jpg 300w, https:\/\/maldives-paradise.com\/wp-content\/uploads\/2024\/05\/madifushi-768x512.jpg 768w, https:\/\/maldives-paradise.com\/wp-content\/uploads\/2024\/05\/madifushi-18x12.jpg 18w, https:\/\/maldives-paradise.com\/wp-content\/uploads\/2024\/05\/madifushi-500x333.jpg 500w\" sizes=\"auto, (max-width: 780px) 100vw, 780px\" \/><\/div>\n\t\t<\/figure>\n\t<\/div>\n<\/div><\/div><\/div><\/div><div class=\"vc_row wpb_row vc_row-fluid\"><div class=\"wpb_column vc_column_container vc_col-sm-12\"><div class=\"vc_column-inner\"><div class=\"wpb_wrapper\">\n\t<div class=\"wpb_text_column wpb_content_element\" >\n\t\t<div class=\"wpb_wrapper\">\n\t\t\t<h4><a href=\"https:\/\/hotellook.tp.st\/ShRDgNOx\" target=\"_blank\" rel=\"nofollow noopener\">Isola privata di Madifushi<\/a><\/h4>\n<p>Madifushi Private Island Maldives \u00e8 altamente raccomandato per le sue strutture impeccabili e i suoi servizi di lusso, anche se si suggerisce che la spa e le attivit\u00e0 per bambini potrebbero essere migliorate. I recensori sono entusiasti del servizio eccezionale, notando la reattivit\u00e0 del personale e l&#039;atmosfera generale di eleganza e calma.<\/p>\n\n\t\t<\/div>\n\t<\/div>\n<\/div><\/div><\/div><\/div><div class=\"vc_row wpb_row vc_row-fluid\"><div class=\"wpb_column vc_column_container vc_col-sm-12\"><div class=\"vc_column-inner\"><div class=\"wpb_wrapper\">\n\t<div  class=\"wpb_single_image wpb_content_element vc_align_left wpb_content_element\">\n\t\t<h2 class=\"wpb_heading wpb_singleimage_heading\">Medhufushi Island Resort<\/h2>\n\t\t<figure class=\"wpb_wrapper vc_figure\">\n\t\t\t<div class=\"vc_single_image-wrapper   vc_box_border_grey\"><img loading=\"lazy\" decoding=\"async\" width=\"780\" height=\"520\" src=\"https:\/\/maldives-paradise.com\/wp-content\/uploads\/2024\/05\/Medhufushi-Island-Resort.jpg\" class=\"vc_single_image-img attachment-large\" alt=\"Medhufushi Island Resort\" title=\"Medhufushi Island Resort\" srcset=\"https:\/\/maldives-paradise.com\/wp-content\/uploads\/2024\/05\/Medhufushi-Island-Resort.jpg 780w, https:\/\/maldives-paradise.com\/wp-content\/uploads\/2024\/05\/Medhufushi-Island-Resort-300x200.jpg 300w, https:\/\/maldives-paradise.com\/wp-content\/uploads\/2024\/05\/Medhufushi-Island-Resort-768x512.jpg 768w, https:\/\/maldives-paradise.com\/wp-content\/uploads\/2024\/05\/Medhufushi-Island-Resort-18x12.jpg 18w, https:\/\/maldives-paradise.com\/wp-content\/uploads\/2024\/05\/Medhufushi-Island-Resort-500x333.jpg 500w\" sizes=\"auto, (max-width: 780px) 100vw, 780px\" \/><\/div>\n\t\t<\/figure>\n\t<\/div>\n<\/div><\/div><\/div><\/div><div class=\"vc_row wpb_row vc_row-fluid\"><div class=\"wpb_column vc_column_container vc_col-sm-12\"><div class=\"vc_column-inner\"><div class=\"wpb_wrapper\">\n\t<div class=\"wpb_text_column wpb_content_element\" >\n\t\t<div class=\"wpb_wrapper\">\n\t\t\t<h4><a href=\"http:\/\/maldives-paradise.com\/it\/resort-sullisola-di-medhufushi\/\">Medhufushi Island Resort<\/a><\/h4>\n<p>Il Medhufushi Island Resort \u00e8 un tranquillo rifugio di serenit\u00e0, che fonde l&#039;estetica tradizionale maldiviana con il lusso moderno. Le ville sull&#039;acqua e sulla spiaggia del resort offrono viste mozzafiato e accesso diretto alle acque turchesi. Con una spa di livello mondiale, un centro per sport acquatici e squisiti punti ristoro, Medhufushi offre un&#039;esperienza di lusso olistica in un ambiente pittoresco.<\/p>\n<p>Questi resort di lusso nell&#039;atollo di Meemu offrono una miscela unica di isolamento, bellezza naturale e comfort opulento, rendendoli destinazioni perfette per coloro che desiderano fuggire dal trambusto della vita quotidiana. Che tu sia in cerca di avventure, un appassionato di relax o qualcuno nel mezzo, i resort di lusso dell&#039;atollo di Meemu promettono un&#039;esperienza maldiviana senza precedenti.<\/p>\n\n\t\t<\/div>\n\t<\/div>\n<\/div><\/div><\/div><\/div>\n<\/div>","protected":false},"excerpt":{"rendered":"<div class=\"mh-excerpt\"><\/div>","protected":false},"author":1,"featured_media":16282,"parent":0,"menu_order":0,"comment_status":"closed","ping_status":"closed","template":"","meta":{"footnotes":""},"class_list":["post-16281","page","type-page","status-publish","has-post-thumbnail"],"aioseo_notices":[],"_links":{"self":[{"href":"http:\/\/maldives-paradise.com\/it\/wp-json\/wp\/v2\/pages\/16281","targetHints":{"allow":["GET"]}}],"collection":[{"href":"http:\/\/maldives-paradise.com\/it\/wp-json\/wp\/v2\/pages"}],"about":[{"href":"http:\/\/maldives-paradise.com\/it\/wp-json\/wp\/v2\/types\/page"}],"author":[{"embeddable":true,"href":"http:\/\/maldives-paradise.com\/it\/wp-json\/wp\/v2\/users\/1"}],"replies":[{"embeddable":true,"href":"http:\/\/maldives-paradise.com\/it\/wp-json\/wp\/v2\/comments?post=16281"}],"version-history":[{"count":3,"href":"http:\/\/maldives-paradise.com\/it\/wp-json\/wp\/v2\/pages\/16281\/revisions"}],"predecessor-version":[{"id":16288,"href":"http:\/\/maldives-paradise.com\/it\/wp-json\/wp\/v2\/pages\/16281\/revisions\/16288"}],"wp:featuredmedia":[{"embeddable":true,"href":"http:\/\/maldives-paradise.com\/it\/wp-json\/wp\/v2\/media\/16282"}],"wp:attachment":[{"href":"http:\/\/maldives-paradise.com\/it\/wp-json\/wp\/v2\/media?parent=16281"}],"curies":[{"name":"wp","href":"https:\/\/api.w.org\/{rel}","templated":true}]}}