{"id":14888,"date":"2024-05-05T07:32:48","date_gmt":"2024-05-05T07:32:48","guid":{"rendered":"http:\/\/maldives-paradise.com\/?page_id=14888"},"modified":"2024-05-05T07:32:48","modified_gmt":"2024-05-05T07:32:48","slug":"lessenzialita-dellassicurazione-di-viaggio-e-sanitaria-per-i-viaggi-alle-maldive","status":"publish","type":"page","link":"http:\/\/maldives-paradise.com\/it\/lessenzialita-dellassicurazione-di-viaggio-e-sanitaria-per-i-viaggi-alle-maldive\/","title":{"rendered":"L&#039;essenzialit\u00e0 dell&#039;assicurazione di viaggio e sanitaria per i viaggi alle Maldive"},"content":{"rendered":"<div class=\"wpb-content-wrapper\"><div class=\"vc_row wpb_row vc_row-fluid\"><div class=\"wpb_column vc_column_container vc_col-sm-12\"><div class=\"vc_column-inner\"><div class=\"wpb_wrapper\">\n\t<div  class=\"wpb_single_image wpb_content_element vc_align_left wpb_content_element\">\n\t\t\n\t\t<figure class=\"wpb_wrapper vc_figure\">\n\t\t\t<div class=\"vc_single_image-wrapper   vc_box_border_grey\"><img decoding=\"async\" class=\"vc_single_image-img\" src=\"https:\/\/maldives-paradise.com\/wp-content\/uploads\/2024\/05\/travel-insurance.jpg\" width=\"780\" height=\"438\" alt=\"Assicurazione di viaggio Maldive\" title=\"assicurazione di viaggio\" loading=\"lazy\" \/><\/div>\n\t\t<\/figure>\n\t<\/div>\n<\/div><\/div><\/div><\/div><div class=\"vc_row wpb_row vc_row-fluid\"><div class=\"wpb_column vc_column_container vc_col-sm-12\"><div class=\"vc_column-inner\"><div class=\"wpb_wrapper\">\n\t<div class=\"wpb_text_column wpb_content_element\" >\n\t\t<div class=\"wpb_wrapper\">\n\t\t\t<p>Un viaggio alle Maldive \u00e8 spesso visto come un viaggio verso un paradiso tropicale. Il fascino delle sue acque cristalline, dei resort di lusso e la promessa di un tranquillo relax attirano ogni anno innumerevoli turisti. Sebbene l\u2019eccitazione di una vacanza cos\u00ec esotica sia innegabile, i viaggiatori intelligenti comprendono l\u2019importanza di salvaguardare il proprio viaggio con un\u2019assicurazione di viaggio e sanitaria. Ecco alcuni motivi convincenti per cui assicurarsi un&#039;assicurazione \u00e8 fondamentale quando si pianifica una visita alle Maldive.<\/p>\n<p><strong>Meteo imprevedibile e disastri naturali<\/strong><\/p>\n<p>Le Maldive vivono due stagioni principali: la stagione secca e la stagione delle piogge. Mentre la stagione secca vanta un bel tempo, la stagione delle piogge pu\u00f2 portare cambiamenti meteorologici improvvisi e violenti, inclusi temporali e forti piogge. Tali condizioni possono portare a ritardi dei voli, cancellazioni e persino chiusure inaspettate di resort o attrazioni. L\u2019assicurazione di viaggio pu\u00f2 coprire i costi associati a queste interruzioni, garantendo che i viaggiatori non restino di tasca propria a causa di condizioni meteorologiche impreviste.<\/p>\n<p><strong>Posizione remota e trasporti<\/strong><\/p>\n<p>L&#039;arcipelago \u00e8 composto da circa 1.200 isole, con molti resort di lusso situati sulla propria isola privata. Questa lontananza, pur facendo parte del fascino delle Maldive, fa s\u00ec che gli spostamenti coinvolgano in genere piccoli aerei o barche. In questo caso l\u2019assicurazione di viaggio ha un valore inestimabile poich\u00e9 pu\u00f2 coprire i costi delle coincidenze perse o dei ritardi nei trasporti che sono comuni in destinazioni ad alta intensit\u00e0 logistica.<\/p>\n<p><strong>Emergenze sanitarie e strutture sanitarie<\/strong><\/p>\n<p>Sebbene la bellezza naturale delle Maldive non abbia eguali, la disponibilit\u00e0 di strutture mediche complete sulle isole \u00e8 limitata. La maggior parte dei resort dispone di strutture mediche di base, ma gravi problemi di salute richiedono il trasporto nella capitale Mal\u00e9 o addirittura l&#039;evacuazione medica in un altro paese. In questi scenari l\u2019assicurazione sanitaria diventa indispensabile. Copre le spese mediche e garantisce che, in caso di crisi sanitaria, siano accessibili elevati standard di assistenza senza l\u2019onere di costi esorbitanti.<\/p>\n<p><strong>Avventura e sport acquatici<\/strong><\/p>\n<p>Le Maldive sono una calamita per gli appassionati di immersioni, snorkeling, surf e altri sport acquatici. Impegnarsi in queste attivit\u00e0, tuttavia, comporta rischi intrinseci. Incidenti o infortuni durante tali attivit\u00e0 potrebbero non solo rovinare una vacanza ma anche comportare spese mediche significative. Molte polizze assicurative di viaggio offrono una copertura aggiuntiva per gli sport avventurosi, offrendo tranquillit\u00e0 ai viaggiatori mentre si godono le emozionanti esperienze offerte dalle Maldive.<\/p>\n<p><strong>Responsabilit\u00e0 personale<\/strong><\/p>\n<p>Gli incidenti che coinvolgono altre persone, sia su una moto d&#039;acqua noleggiata che durante un&#039;escursione di gruppo, possono comportare richieste di risarcimento danni. L&#039;assicurazione che copre la responsabilit\u00e0 personale pu\u00f2 proteggere i viaggiatori dalle implicazioni finanziarie di danni accidentali a terzi o danni alle loro propriet\u00e0.<\/p>\n<p><strong>Pace della mente<\/strong><\/p>\n<p>In definitiva, il vantaggio generale di avere un\u2019assicurazione di viaggio e sanitaria \u00e8 la tranquillit\u00e0 che offre. Sapere che la maggior parte degli imprevisti sono coperti consente ai viaggiatori di immergersi completamente nella bellezza e nel relax della loro vacanza alle Maldive, senza la fastidiosa preoccupazione del &quot;e se?&quot;.<\/p>\n<p>In conclusione, l\u2019assicurazione di viaggio e sanitaria non \u00e8 solo consigliata ma essenziale per chiunque abbia intenzione di visitare le Maldive. L&#039;investimento in assicurazioni salvaguarda non solo gli aspetti finanziari del viaggio ma anche la salute e il benessere dei viaggiatori, garantendo che una vacanza da sogno rimanga idilliaca.<\/p>\n\n\t\t<\/div>\n\t<\/div>\n<\/div><\/div><\/div><\/div>\n<\/div>","protected":false},"excerpt":{"rendered":"<div class=\"mh-excerpt\"><\/div>","protected":false},"author":1,"featured_media":14889,"parent":0,"menu_order":0,"comment_status":"closed","ping_status":"closed","template":"","meta":{"footnotes":""},"class_list":["post-14888","page","type-page","status-publish","has-post-thumbnail"],"aioseo_notices":[],"_links":{"self":[{"href":"http:\/\/maldives-paradise.com\/it\/wp-json\/wp\/v2\/pages\/14888","targetHints":{"allow":["GET"]}}],"collection":[{"href":"http:\/\/maldives-paradise.com\/it\/wp-json\/wp\/v2\/pages"}],"about":[{"href":"http:\/\/maldives-paradise.com\/it\/wp-json\/wp\/v2\/types\/page"}],"author":[{"embeddable":true,"href":"http:\/\/maldives-paradise.com\/it\/wp-json\/wp\/v2\/users\/1"}],"replies":[{"embeddable":true,"href":"http:\/\/maldives-paradise.com\/it\/wp-json\/wp\/v2\/comments?post=14888"}],"version-history":[{"count":2,"href":"http:\/\/maldives-paradise.com\/it\/wp-json\/wp\/v2\/pages\/14888\/revisions"}],"predecessor-version":[{"id":14891,"href":"http:\/\/maldives-paradise.com\/it\/wp-json\/wp\/v2\/pages\/14888\/revisions\/14891"}],"wp:featuredmedia":[{"embeddable":true,"href":"http:\/\/maldives-paradise.com\/it\/wp-json\/wp\/v2\/media\/14889"}],"wp:attachment":[{"href":"http:\/\/maldives-paradise.com\/it\/wp-json\/wp\/v2\/media?parent=14888"}],"curies":[{"name":"wp","href":"https:\/\/api.w.org\/{rel}","templated":true}]}}