{"id":14884,"date":"2024-05-04T18:09:25","date_gmt":"2024-05-04T18:09:25","guid":{"rendered":"http:\/\/maldives-paradise.com\/?page_id=14884"},"modified":"2024-09-14T08:17:34","modified_gmt":"2024-09-14T08:17:34","slug":"stagioni-alle-maldive","status":"publish","type":"page","link":"http:\/\/maldives-paradise.com\/it\/stagioni-alle-maldive\/","title":{"rendered":"Le stagioni alle Maldive"},"content":{"rendered":"<div class=\"wpb-content-wrapper\"><div class=\"vc_row wpb_row vc_row-fluid\"><div class=\"wpb_column vc_column_container vc_col-sm-12\"><div class=\"vc_column-inner\"><div class=\"wpb_wrapper\">\n\t<div  class=\"wpb_single_image wpb_content_element vc_align_left wpb_content_element\">\n\t\t\n\t\t<figure class=\"wpb_wrapper vc_figure\">\n\t\t\t<div class=\"vc_single_image-wrapper   vc_box_border_grey\"><img decoding=\"async\" class=\"vc_single_image-img\" src=\"https:\/\/maldives-paradise.com\/wp-content\/uploads\/2024\/05\/maldives-beach.jpg\" width=\"780\" height=\"501\" alt=\"Spiaggia delle Maldive\" title=\"spiaggia delle maldive\" loading=\"lazy\" \/><\/div>\n\t\t<\/figure>\n\t<\/div>\n<\/div><\/div><\/div><\/div><div class=\"vc_row wpb_row vc_row-fluid\"><div class=\"wpb_column vc_column_container vc_col-sm-12\"><div class=\"vc_column-inner\"><div class=\"wpb_wrapper\">\n\t<div class=\"wpb_text_column wpb_content_element\" >\n\t\t<div class=\"wpb_wrapper\">\n\t\t\t<p>Le Maldive sono rinomate per le sue acque incredibilmente limpide, le vivaci barriere coralline e i resort di lusso. Ci\u00f2 che molti visitatori potrebbero non capire \u00e8 che il clima idilliaco delle Maldive \u00e8 scandito da due stagioni distinte: la stagione secca e la stagione delle piogge. Ogni stagione offre un fascino unico e una serie di attivit\u00e0 su misura per il clima che cambia.<\/p>\n<p><strong>La stagione secca: il rifugio di chi cerca il sole<\/strong><\/p>\n<p>La stagione secca alle Maldive va da novembre ad aprile ed \u00e8 caratterizzata da bassa umidit\u00e0, precipitazioni minime e interminabili giornate soleggiate. Questo periodo si allinea con il monsone di nord-est, portando giornate costantemente luminose e perfette per le attivit\u00e0 all&#039;aperto. Durante questa stagione, il mare rimane calmo e limpido, rendendolo ideale per lo snorkeling, le immersioni e il nuoto. La visibilit\u00e0 sott&#039;acqua aumenta notevolmente, consentendo ai subacquei di apprezzare appieno la ricca vita marina e i paesaggi corallini.<\/p>\n<p>I turisti affollano le isole durante questi mesi per approfittare del clima perfetto. La stagione secca \u00e8 anche la stagione di punta per il turismo, con le localit\u00e0 spesso pi\u00f9 affollate. Per coloro che desiderano godersi la quintessenza dell&#039;esperienza maldiviana: bungalow sull&#039;acqua, prendere il sole su spiagge di sabbia bianca e romantiche crociere al tramonto, la stagione secca \u00e8 il momento giusto per visitare.<\/p>\n<p><strong>La stagione delle piogge: una fuga rinfrescante<\/strong><\/p>\n<p>Al contrario, la stagione delle piogge, che va da maggio a ottobre, coincide con il monsone di sud-ovest. Questo periodo vede una maggiore umidit\u00e0, venti pi\u00f9 forti e precipitazioni significative, in particolare a giugno e luglio. Anche se questo pu\u00f2 sembrare meno allettante, la stagione delle piogge porta i suoi vantaggi. Le isole sono meno affollate e i prezzi degli alloggi spesso diminuiscono, rendendolo un ottimo periodo per i viaggiatori attenti al budget.<\/p>\n<p>Le precipitazioni durante la stagione delle piogge sono generalmente brevi ma intense, spesso seguite dal sole. La vegetazione lussureggiante prospera con questo clima, offrendo una vibrante esplosione di verde che esalta la bellezza naturale delle isole. Inoltre, la stagione delle piogge \u00e8 ideale per i surfisti, poich\u00e9 il monsone solleva onde pi\u00f9 grandi e correnti pi\u00f9 forti, offrendo condizioni eccellenti per il surf.<\/p>\n<p>Ogni stagione alle Maldive offre una prospettiva diversa del paradiso, adatta a vari interessi e attivit\u00e0. Che si tratti di crogiolarsi sotto il sole infinito della stagione secca o di abbracciare il clima dinamico della stagione delle piogge, le Maldive promettono una fuga memorabile per tutti coloro che le visitano.<\/p>\n\n\t\t<\/div>\n\t<\/div>\n<\/div><\/div><\/div><\/div><div class=\"vc_row wpb_row vc_row-fluid\"><div class=\"wpb_column vc_column_container vc_col-sm-12\"><div class=\"vc_column-inner\"><div class=\"wpb_wrapper\">\n\t<div class=\"wpb_text_column wpb_content_element\" >\n\t\t<div class=\"wpb_wrapper\">\n\t\t\t<p><a href=\"https:\/\/www.accuweather.com\/en\/mv\/male\/5003\/september-weather\/5003\" target=\"_blank\" rel=\"noopener\"><strong>Previsioni meteo Maldive<\/strong><\/a><\/p>\n\n\t\t<\/div>\n\t<\/div>\n<\/div><\/div><\/div><\/div>\n<\/div>","protected":false},"excerpt":{"rendered":"<div class=\"mh-excerpt\"><\/div>","protected":false},"author":1,"featured_media":14885,"parent":0,"menu_order":0,"comment_status":"closed","ping_status":"closed","template":"","meta":{"footnotes":""},"class_list":["post-14884","page","type-page","status-publish","has-post-thumbnail"],"aioseo_notices":[],"_links":{"self":[{"href":"http:\/\/maldives-paradise.com\/it\/wp-json\/wp\/v2\/pages\/14884","targetHints":{"allow":["GET"]}}],"collection":[{"href":"http:\/\/maldives-paradise.com\/it\/wp-json\/wp\/v2\/pages"}],"about":[{"href":"http:\/\/maldives-paradise.com\/it\/wp-json\/wp\/v2\/types\/page"}],"author":[{"embeddable":true,"href":"http:\/\/maldives-paradise.com\/it\/wp-json\/wp\/v2\/users\/1"}],"replies":[{"embeddable":true,"href":"http:\/\/maldives-paradise.com\/it\/wp-json\/wp\/v2\/comments?post=14884"}],"version-history":[{"count":3,"href":"http:\/\/maldives-paradise.com\/it\/wp-json\/wp\/v2\/pages\/14884\/revisions"}],"predecessor-version":[{"id":24641,"href":"http:\/\/maldives-paradise.com\/it\/wp-json\/wp\/v2\/pages\/14884\/revisions\/24641"}],"wp:featuredmedia":[{"embeddable":true,"href":"http:\/\/maldives-paradise.com\/it\/wp-json\/wp\/v2\/media\/14885"}],"wp:attachment":[{"href":"http:\/\/maldives-paradise.com\/it\/wp-json\/wp\/v2\/media?parent=14884"}],"curies":[{"name":"wp","href":"https:\/\/api.w.org\/{rel}","templated":true}]}}