{"id":11672,"date":"2024-03-02T09:38:17","date_gmt":"2024-03-02T09:38:17","guid":{"rendered":"http:\/\/maldives-paradise.com\/?page_id=11672"},"modified":"2025-11-26T09:18:45","modified_gmt":"2025-11-26T09:18:45","slug":"12-migliori-resort-gourmet-alle-maldive","status":"publish","type":"page","link":"http:\/\/maldives-paradise.com\/it\/12-migliori-resort-gourmet-alle-maldive\/","title":{"rendered":"I migliori resort gourmet alle Maldive"},"content":{"rendered":"<div class=\"wpb-content-wrapper\"><div class=\"vc_row wpb_row vc_row-fluid\"><div class=\"wpb_column vc_column_container vc_col-sm-12\"><div class=\"vc_column-inner\"><div class=\"wpb_wrapper\">\n\t<div class=\"wpb_text_column wpb_content_element\" >\n\t\t<div class=\"wpb_wrapper\">\n\t\t\t<p>Le Maldive ospitano alcune delle esperienze culinarie gourmet pi\u00f9 squisite al mondo, in particolare all&#039;interno dei suoi resort di lusso. Questi ristoranti eccellono nell&#039;offrire una miscela di cucina maldiviana internazionale e locale, preparata da chef di livello mondiale. Il ristorante sottomarino 5.8 dell&#039;Hurawalhi Island Resort si distingue per il suo ambiente da pranzo unico, circondato da una vivace vita marina. Nel frattempo, Fresh in the Garden di Soneva Fushi incanta gli ospiti con piatti biologici dal giardino alla tavola serviti tra le cime degli alberi. Un&#039;altra menzione degna di nota \u00e8 l&#039;Aragu, una fusione a pi\u00f9 portate di moderno europeo e asiatico. Questi stabilimenti non offrono solo delizie culinarie eccezionali, ma anche esperienze coinvolgenti che si fondono perfettamente con la bellezza naturale e il lusso delle Maldive.<\/p>\n<p>Prenotare un resort gourmet alle Maldive \u00e8 un sogno culinario che diventa realt\u00e0, offrendo un&#039;esperienza culinaria squisita in uno degli scenari pi\u00f9 belli del mondo. Questi resort offrono chef di livello mondiale, menu innovativi e una variet\u00e0 di opzioni per la ristorazione, dai ristoranti sull&#039;acqua alle cene private sulla spiaggia. Gli ospiti possono assaporare frutti di mare freschi di provenienza locale, cucina gourmet internazionale ed esperienze culinarie personalizzate in base alle loro preferenze.<\/p>\n\n\t\t<\/div>\n\t<\/div>\n<\/div><\/div><\/div><\/div><div class=\"vc_row wpb_row vc_row-fluid\"><div class=\"wpb_column vc_column_container vc_col-sm-3\"><div class=\"vc_column-inner\"><div class=\"wpb_wrapper\">\n\t<div  class=\"wpb_single_image wpb_content_element vc_align_left wpb_content_element\">\n\t\t\n\t\t<figure class=\"wpb_wrapper vc_figure\">\n\t\t\t<a href=\"http:\/\/maldives-paradise.com\/it\/velaa-isola-privata-alle-maldive\/\" target=\"_self\" class=\"vc_single_image-wrapper   vc_box_border_grey\"><img loading=\"lazy\" decoding=\"async\" width=\"150\" height=\"150\" src=\"https:\/\/maldives-paradise.com\/wp-content\/uploads\/2024\/03\/velaa-restaurant-150x150.jpg\" class=\"vc_single_image-img attachment-thumbnail\" alt=\"Ristorante di lusso Velaa\" title=\"velaa-ristorante\" srcset=\"https:\/\/maldives-paradise.com\/wp-content\/uploads\/2024\/03\/velaa-restaurant-150x150.jpg 150w, https:\/\/maldives-paradise.com\/wp-content\/uploads\/2024\/03\/velaa-restaurant-300x300.jpg 300w, https:\/\/maldives-paradise.com\/wp-content\/uploads\/2024\/03\/velaa-restaurant-12x12.jpg 12w, https:\/\/maldives-paradise.com\/wp-content\/uploads\/2024\/03\/velaa-restaurant.jpg 400w\" sizes=\"auto, (max-width: 150px) 100vw, 150px\" \/><\/a>\n\t\t<\/figure>\n\t<\/div>\n<\/div><\/div><\/div><div class=\"wpb_column vc_column_container vc_col-sm-9\"><div class=\"vc_column-inner\"><div class=\"wpb_wrapper\">\n\t<div class=\"wpb_text_column wpb_content_element\" >\n\t\t<div class=\"wpb_wrapper\">\n\t\t\t<h4><a href=\"http:\/\/maldives-paradise.com\/it\/velaa-isola-privata-alle-maldive\/\">Isola privata Velaa<\/a><\/h4>\n<p>Aragu, l&#039;unico ristorante del paese ad essere entrato nella lista dei 50 migliori ristoranti dell&#039;Asia. Una fusione a pi\u00f9 portate di piatti moderni europei e asiatici. Athiri, un team di chef provenienti da 14 nazioni utilizza i migliori ingredienti locali e importati per servire un menu globale di cibo autentico e casalingo.<\/p>\n\n\t\t<\/div>\n\t<\/div>\n<\/div><\/div><\/div><\/div><div class=\"vc_row wpb_row vc_row-fluid\"><div class=\"wpb_column vc_column_container vc_col-sm-3\"><div class=\"vc_column-inner\"><div class=\"wpb_wrapper\">\n\t<div  class=\"wpb_single_image wpb_content_element vc_align_left wpb_content_element\">\n\t\t\n\t\t<figure class=\"wpb_wrapper vc_figure\">\n\t\t\t<a href=\"https:\/\/lamp.glopss.com\/aff_c?offer_id=9&#038;aff_id=1834&#038;url=https%3A%2F%2Fwww.anantara.com%2Fen%2Fveli-maldives\" target=\"_self\" class=\"vc_single_image-wrapper   vc_box_border_grey\"><img loading=\"lazy\" decoding=\"async\" width=\"150\" height=\"150\" src=\"https:\/\/maldives-paradise.com\/wp-content\/uploads\/2024\/03\/anantara_veli_dining_invilladining_teaser-400-150x150.jpg\" class=\"vc_single_image-img attachment-thumbnail\" alt=\"\" title=\"anantara_veli_dining_invilladining_teaser-400\" \/><\/a>\n\t\t<\/figure>\n\t<\/div>\n<\/div><\/div><\/div><div class=\"wpb_column vc_column_container vc_col-sm-9\"><div class=\"vc_column-inner\"><div class=\"wpb_wrapper\">\n\t<div class=\"wpb_text_column wpb_content_element\" >\n\t\t<div class=\"wpb_wrapper\">\n\t\t\t<h4><a href=\"https:\/\/lamp.glopss.com\/SHUt\" target=\"_blank\" rel=\"nofollow noopener\">Anantara Veli Maldive Resort<\/a><\/h4>\n<p>Scopri cucine esclusive in una selezione di alcuni dei migliori ristoranti delle Maldive con panorami mozzafiato. La cucina locale e internazionale completa l&#039;eccezionale esperienza culinaria nei nostri ristoranti delle Maldive.<\/p>\n\n\t\t<\/div>\n\t<\/div>\n<\/div><\/div><\/div><\/div><div class=\"vc_row wpb_row vc_row-fluid\"><div class=\"wpb_column vc_column_container vc_col-sm-3\"><div class=\"vc_column-inner\"><div class=\"wpb_wrapper\">\n\t<div  class=\"wpb_single_image wpb_content_element vc_align_left wpb_content_element\">\n\t\t\n\t\t<figure class=\"wpb_wrapper vc_figure\">\n\t\t\t<a href=\"https:\/\/lamp.glopss.com\/aff_c?offer_id=264&#038;aff_id=1834&#038;url=https%3A%2F%2Fwww.hurawalhi.com%2F\" target=\"_self\" class=\"vc_single_image-wrapper   vc_box_border_grey\"><img loading=\"lazy\" decoding=\"async\" width=\"150\" height=\"150\" src=\"https:\/\/maldives-paradise.com\/wp-content\/uploads\/2024\/03\/58-underwater-restaurant-150x150.jpg\" class=\"vc_single_image-img attachment-thumbnail\" alt=\"Hurawalhi Island Resort 5.8 ristorante sottomarino\" title=\"58-ristorante-sottomarino\" \/><\/a>\n\t\t<\/figure>\n\t<\/div>\n<\/div><\/div><\/div><div class=\"wpb_column vc_column_container vc_col-sm-9\"><div class=\"vc_column-inner\"><div class=\"wpb_wrapper\">\n\t<div class=\"wpb_text_column wpb_content_element\" >\n\t\t<div class=\"wpb_wrapper\">\n\t\t\t<h4><a href=\"https:\/\/hotellook.tp.st\/6FluoLuO\" target=\"_blank\" rel=\"nofollow noopener\">Resort dell&#039;isola di Hurawalhi<\/a><\/h4>\n<p>Il ristorante 5.8 Undersea, con spettacolari delizie gourmet, viene servito a 5,8 metri sotto il mare a Hurawalhi. Il Kashibo Restaurant &amp; Bar combina deliziosi e autentici piatti asiatici ispirati allo street food con l&#039;incantevole ambiente sull&#039;acqua del locale.<\/p>\n\n\t\t<\/div>\n\t<\/div>\n<\/div><\/div><\/div><\/div><div class=\"vc_row wpb_row vc_row-fluid\"><div class=\"wpb_column vc_column_container vc_col-sm-3\"><div class=\"vc_column-inner\"><div class=\"wpb_wrapper\">\n\t<div  class=\"wpb_single_image wpb_content_element vc_align_left wpb_content_element\">\n\t\t\n\t\t<figure class=\"wpb_wrapper vc_figure\">\n\t\t\t<a href=\"https:\/\/lamp.glopss.com\/aff_c?offer_id=372&#038;aff_id=1834\" target=\"_self\" class=\"vc_single_image-wrapper   vc_box_border_grey\"><img loading=\"lazy\" decoding=\"async\" width=\"150\" height=\"150\" src=\"https:\/\/maldives-paradise.com\/wp-content\/uploads\/2024\/03\/huvafen-fushi-celsius_1-150x150.jpg\" class=\"vc_single_image-img attachment-thumbnail\" alt=\"Huvafen Fushi\" title=\"huvafen-fushi-celsius_1\" srcset=\"https:\/\/maldives-paradise.com\/wp-content\/uploads\/2024\/03\/huvafen-fushi-celsius_1-150x150.jpg 150w, https:\/\/maldives-paradise.com\/wp-content\/uploads\/2024\/03\/huvafen-fushi-celsius_1-13x12.jpg 13w\" sizes=\"auto, (max-width: 150px) 100vw, 150px\" \/><\/a>\n\t\t<\/figure>\n\t<\/div>\n<\/div><\/div><\/div><div class=\"wpb_column vc_column_container vc_col-sm-9\"><div class=\"vc_column-inner\"><div class=\"wpb_wrapper\">\n\t<div class=\"wpb_text_column wpb_content_element\" >\n\t\t<div class=\"wpb_wrapper\">\n\t\t\t<h4><a href=\"https:\/\/lamp.glopss.com\/SHV1\" target=\"_blank\" rel=\"nofollow noopener\">Huvafen Fushi<\/a><\/h4>\n<p>Aromi seducenti, sapori indimenticabili, spazi da pranzo suggestivi. Al mare, sull&#039;acqua, sotto terra. La migliore cucina delle Maldive. Una delle esperienze culinarie subacquee su misura pi\u00f9 intime al mondo, a otto metri sotto la superficie dell&#039;Oceano Indiano. Concediti un&#039;esperienza gastronomica privata come nessun&#039;altra con viste ininterrotte dell&#039;affascinante barriera corallina.<\/p>\n\n\t\t<\/div>\n\t<\/div>\n<\/div><\/div><\/div><\/div><div class=\"vc_row wpb_row vc_row-fluid\"><div class=\"wpb_column vc_column_container vc_col-sm-3\"><div class=\"vc_column-inner\"><div class=\"wpb_wrapper\">\n\t<div  class=\"wpb_single_image wpb_content_element vc_align_left wpb_content_element\">\n\t\t\n\t\t<figure class=\"wpb_wrapper vc_figure\">\n\t\t\t<a href=\"http:\/\/maldives-paradise.com\/it\/soneva-jani\/\" target=\"_self\" class=\"vc_single_image-wrapper   vc_box_border_grey\"><img loading=\"lazy\" decoding=\"async\" width=\"150\" height=\"150\" src=\"https:\/\/maldives-paradise.com\/wp-content\/uploads\/2024\/03\/soneva-jani_Asian-Kitchen-400-150x150.jpg\" class=\"vc_single_image-img attachment-thumbnail\" alt=\"Ristorante Soneva Jani\" title=\"soneva-jani_Asian-Kitchen--400\" \/><\/a>\n\t\t<\/figure>\n\t<\/div>\n<\/div><\/div><\/div><div class=\"wpb_column vc_column_container vc_col-sm-9\"><div class=\"vc_column-inner\"><div class=\"wpb_wrapper\">\n\t<div class=\"wpb_text_column wpb_content_element\" >\n\t\t<div class=\"wpb_wrapper\">\n\t\t\t<h4><a href=\"http:\/\/maldives-paradise.com\/it\/soneva-jani\/\">Soneva Jani<\/a><\/h4>\n<p>Le esperienze culinarie al Soneva Jani sono diverse e presentano menu gourmet attraverso una variet\u00e0 di culture e cucine.<br \/>\nOverseas di Mathias Dahlgren, il menu dell&#039;acclamato chef svedese \u00e8 un inno ai prodotti biologici e al mare. Cena con piatti unici pescatariani, vegetariani e a base vegetale, piatti condivisi e piatti esclusivi per pranzo e cena.<\/p>\n\n\t\t<\/div>\n\t<\/div>\n<\/div><\/div><\/div><\/div><div class=\"vc_row wpb_row vc_row-fluid\"><div class=\"wpb_column vc_column_container vc_col-sm-3\"><div class=\"vc_column-inner\"><div class=\"wpb_wrapper\">\n\t<div  class=\"wpb_single_image wpb_content_element vc_align_left wpb_content_element\">\n\t\t\n\t\t<figure class=\"wpb_wrapper vc_figure\">\n\t\t\t<a href=\"http:\/\/maldives-paradise.com\/it\/gili-lankanfushi-maldive\/\" target=\"_self\" class=\"vc_single_image-wrapper   vc_box_border_grey\"><img loading=\"lazy\" decoding=\"async\" width=\"150\" height=\"150\" src=\"https:\/\/maldives-paradise.com\/wp-content\/uploads\/2024\/03\/gili-lankanfushi-food-400-150x150.jpg\" class=\"vc_single_image-img attachment-thumbnail\" alt=\"Ristoranti Gili Lankanfushi\" title=\"gili-lankanfushi-food-400\" \/><\/a>\n\t\t<\/figure>\n\t<\/div>\n<\/div><\/div><\/div><div class=\"wpb_column vc_column_container vc_col-sm-9\"><div class=\"vc_column-inner\"><div class=\"wpb_wrapper\">\n\t<div class=\"wpb_text_column wpb_content_element\" >\n\t\t<div class=\"wpb_wrapper\">\n\t\t\t<h4><a href=\"http:\/\/maldives-paradise.com\/it\/gili-lankanfushi-maldive\/\">Gili Lankanfushi<\/a><\/h4>\n<p>Tre ristoranti vi viziano con i piatti pi\u00f9 raffinati che la cucina asiatica ha da offrire. un bar sull&#039;acqua costruito su palafitte si libra sulla laguna e offre un menu informale e un&#039;ampia selezione di sushi, prelibatezze mediterranee e pesce fresco giornaliero.<\/p>\n\n\t\t<\/div>\n\t<\/div>\n<\/div><\/div><\/div><\/div><div class=\"vc_row wpb_row vc_row-fluid\"><div class=\"wpb_column vc_column_container vc_col-sm-3\"><div class=\"vc_column-inner\"><div class=\"wpb_wrapper\">\n\t<div  class=\"wpb_single_image wpb_content_element vc_align_left wpb_content_element\">\n\t\t\n\t\t<figure class=\"wpb_wrapper vc_figure\">\n\t\t\t<a href=\"http:\/\/maldives-paradise.com\/it\/il-resort-vommuli-delle-maldive-st-regis\/\" target=\"_self\" class=\"vc_single_image-wrapper   vc_box_border_grey\"><img loading=\"lazy\" decoding=\"async\" width=\"150\" height=\"150\" src=\"https:\/\/maldives-paradise.com\/wp-content\/uploads\/2024\/03\/st-regis-food-150x150.jpg\" class=\"vc_single_image-img attachment-thumbnail\" alt=\"Ristorante St. Regis Maldives Vommuli Island\" title=\"st-regis-food\" srcset=\"https:\/\/maldives-paradise.com\/wp-content\/uploads\/2024\/03\/st-regis-food-150x150.jpg 150w, https:\/\/maldives-paradise.com\/wp-content\/uploads\/2024\/03\/st-regis-food-300x300.jpg 300w, https:\/\/maldives-paradise.com\/wp-content\/uploads\/2024\/03\/st-regis-food-12x12.jpg 12w, https:\/\/maldives-paradise.com\/wp-content\/uploads\/2024\/03\/st-regis-food.jpg 400w\" sizes=\"auto, (max-width: 150px) 100vw, 150px\" \/><\/a>\n\t\t<\/figure>\n\t<\/div>\n<\/div><\/div><\/div><div class=\"wpb_column vc_column_container vc_col-sm-9\"><div class=\"vc_column-inner\"><div class=\"wpb_wrapper\">\n\t<div class=\"wpb_text_column wpb_content_element\" >\n\t\t<div class=\"wpb_wrapper\">\n\t\t\t<h4><a href=\"http:\/\/maldives-paradise.com\/it\/il-resort-vommuli-delle-maldive-st-regis\/\">St. Regis Maldive Isola di Vommuli<\/a><\/h4>\n<p>Esplora una deliziosa variet\u00e0 di opzioni per la ristorazione al The St. Regis Maldives Vommuli Resort. La moderna cucina giapponese in stile Kaiseki ti aspetta al T\u2022Pan, il nostro nuovo rifugio gourmet sul bordo della spiaggia di sabbia bianca. Il nostro ristorante esclusivo, Alba, offre piatti ispirati a ingredienti locali. Visita Crust &amp; Craft, la nostra pizzeria a conduzione familiare, e crea la tua pizza aromatizzata.<\/p>\n\n\t\t<\/div>\n\t<\/div>\n<\/div><\/div><\/div><\/div><div class=\"vc_row wpb_row vc_row-fluid\"><div class=\"wpb_column vc_column_container vc_col-sm-3\"><div class=\"vc_column-inner\"><div class=\"wpb_wrapper\">\n\t<div  class=\"wpb_single_image wpb_content_element vc_align_left wpb_content_element\">\n\t\t\n\t\t<figure class=\"wpb_wrapper vc_figure\">\n\t\t\t<a href=\"https:\/\/lamp.glopss.com\/aff_c?offer_id=9&#038;aff_id=1834&#038;url=https%3A%2F%2Fwww.niyama.com%2F\" target=\"_self\" class=\"vc_single_image-wrapper   vc_box_border_grey\"><img loading=\"lazy\" decoding=\"async\" width=\"150\" height=\"150\" src=\"https:\/\/maldives-paradise.com\/wp-content\/uploads\/2024\/03\/niyamamaldives_subsix-teaser_500-150x150.jpg\" class=\"vc_single_image-img attachment-thumbnail\" alt=\"Niyama Private Islands Ristorante sottomarino alle Maldive\" title=\"niyamamaldives_subsix-teaser_500\" \/><\/a>\n\t\t<\/figure>\n\t<\/div>\n<\/div><\/div><\/div><div class=\"wpb_column vc_column_container vc_col-sm-9\"><div class=\"vc_column-inner\"><div class=\"wpb_wrapper\">\n\t<div class=\"wpb_text_column wpb_content_element\" >\n\t\t<div class=\"wpb_wrapper\">\n\t\t\t<h4><a href=\"https:\/\/lamp.glopss.com\/SHUv\" target=\"_blank\" rel=\"nofollow noopener\">Niyama Isole Private Maldive<\/a><\/h4>\n<p>Con nove luoghi unici tra cui scegliere, gira il mondo assaporando la serenit\u00e0 e l&#039;isolamento di questa affascinante isola delle Maldive. Inizia il tuo pasto con una selezione di stuzzichini del sud-est asiatico, prima di addentrarti in un menu di prelibatezze tailandesi, cinesi, giapponesi e indonesiane.<\/p>\n\n\t\t<\/div>\n\t<\/div>\n<\/div><\/div><\/div><\/div><div class=\"vc_row wpb_row vc_row-fluid\"><div class=\"wpb_column vc_column_container vc_col-sm-3\"><div class=\"vc_column-inner\"><div class=\"wpb_wrapper\">\n\t<div  class=\"wpb_single_image wpb_content_element vc_align_left wpb_content_element\">\n\t\t\n\t\t<figure class=\"wpb_wrapper vc_figure\">\n\t\t\t<a href=\"http:\/\/maldives-paradise.com\/it\/il-ritz-carlton-maldive\/\" target=\"_self\" class=\"vc_single_image-wrapper   vc_box_border_grey\"><img loading=\"lazy\" decoding=\"async\" width=\"150\" height=\"150\" src=\"https:\/\/maldives-paradise.com\/wp-content\/uploads\/2024\/03\/ritz-carlton-restaurant-400-150x150.jpg\" class=\"vc_single_image-img attachment-thumbnail\" alt=\"Il ristorante Ritz-Carlton Maldive\" title=\"ritz-carlton-ristorante-400\" \/><\/a>\n\t\t<\/figure>\n\t<\/div>\n<\/div><\/div><\/div><div class=\"wpb_column vc_column_container vc_col-sm-9\"><div class=\"vc_column-inner\"><div class=\"wpb_wrapper\">\n\t<div class=\"wpb_text_column wpb_content_element\" >\n\t\t<div class=\"wpb_wrapper\">\n\t\t\t<h4><a href=\"http:\/\/maldives-paradise.com\/it\/il-ritz-carlton-maldive\/\">Il Ritz-Carlton Maldive<\/a><\/h4>\n<p>Il Ritz-Carlton Maldives, l&#039;isola culinaria dell&#039;isola di Fari, ti condurr\u00e0 in un viaggio alla ricerca di sapori, dal miglior sushi e Wagyu a bordo piscina, all&#039;elegante dim sum cantonese, cocktail ispirati ai &quot;50 migliori del mondo&quot;, pasta audace e robusti espressi. I piaceri gourmet continuano nel cuore del Fari Marina Village.<\/p>\n\n\t\t<\/div>\n\t<\/div>\n<\/div><\/div><\/div><\/div><div class=\"vc_row wpb_row vc_row-fluid\"><div class=\"wpb_column vc_column_container vc_col-sm-3\"><div class=\"vc_column-inner\"><div class=\"wpb_wrapper\">\n\t<div  class=\"wpb_single_image wpb_content_element vc_align_left wpb_content_element\">\n\t\t\n\t\t<figure class=\"wpb_wrapper vc_figure\">\n\t\t\t<a href=\"http:\/\/maldives-paradise.com\/it\/sun-siyam-iru-fushi\/\" target=\"_self\" class=\"vc_single_image-wrapper   vc_box_border_grey\"><img loading=\"lazy\" decoding=\"async\" width=\"150\" height=\"150\" src=\"https:\/\/maldives-paradise.com\/wp-content\/uploads\/2024\/03\/SiyamWorld-400-150x150.jpg\" class=\"vc_single_image-img attachment-thumbnail\" alt=\"Ristorante del Sun Siyam Iru Fushi Luxury Resort\" title=\"SiyamWorld-400\" \/><\/a>\n\t\t<\/figure>\n\t<\/div>\n<\/div><\/div><\/div><div class=\"wpb_column vc_column_container vc_col-sm-9\"><div class=\"vc_column-inner\"><div class=\"wpb_wrapper\">\n\t<div class=\"wpb_text_column wpb_content_element\" >\n\t\t<div class=\"wpb_wrapper\">\n\t\t\t<h4><a href=\"http:\/\/maldives-paradise.com\/it\/sun-siyam-iru-fushi\/\">Resort di lusso Sun Siyam Iru Fushi<\/a><\/h4>\n<p>Scopri 14 ristoranti e bar al Sun Siyam Iru Fushi, dalla cucina raffinata al caff\u00e8 rilassante, la variet\u00e0 \u00e8 il sale della vita.<br \/>\nNessuna richiesta \u00e8 troppo grande per il nostro team, pronto a organizzare per te un&#039;esperienza culinaria da sogno. Che si tratti di una cena a lume di candela sotto le stelle, di una pizza cotta su pietra nel comfort della tua villa o di un barbecue di mezzanotte sulla spiaggia, basta dirlo.<\/p>\n\n\t\t<\/div>\n\t<\/div>\n<\/div><\/div><\/div><\/div><div class=\"vc_row wpb_row vc_row-fluid\"><div class=\"wpb_column vc_column_container vc_col-sm-3\"><div class=\"vc_column-inner\"><div class=\"wpb_wrapper\">\n\t<div  class=\"wpb_single_image wpb_content_element vc_align_left wpb_content_element\">\n\t\t\n\t\t<figure class=\"wpb_wrapper vc_figure\">\n\t\t\t<a href=\"http:\/\/maldives-paradise.com\/it\/anantara-kihavah-ville-maldive\/\" target=\"_self\" class=\"vc_single_image-wrapper   vc_box_border_grey\"><img loading=\"lazy\" decoding=\"async\" width=\"150\" height=\"150\" src=\"https:\/\/maldives-paradise.com\/wp-content\/uploads\/2024\/03\/anantara-kihavah-maldives-villas-kudarikilu-400-150x150.jpg\" class=\"vc_single_image-img attachment-thumbnail\" alt=\"Anantara Kihavah Ville alle Maldive\" title=\"anantara-kihavah-maldive-villas-kudarikilu-400\" \/><\/a>\n\t\t<\/figure>\n\t<\/div>\n<\/div><\/div><\/div><div class=\"wpb_column vc_column_container vc_col-sm-9\"><div class=\"vc_column-inner\"><div class=\"wpb_wrapper\">\n\t<div class=\"wpb_text_column wpb_content_element\" >\n\t\t<div class=\"wpb_wrapper\">\n\t\t\t<h4><a href=\"http:\/\/maldives-paradise.com\/it\/anantara-kihavah-ville-maldive\/\">Anantara Kihavah Ville alle Maldive<\/a><\/h4>\n<p>Un vero punto forte del resort \u00e8 il concetto di ristorazione Sea, Fire, Spice e Sky che offre una cucina deliziosa in ambienti davvero unici. Godetevi la cucina gourmet sotto le onde dell&#039;oceano con vetrate da parete a parete che offrono una vista sul corallo. Include anche una cantina sottomarina.<\/p>\n\n\t\t<\/div>\n\t<\/div>\n<\/div><\/div><\/div><\/div><div class=\"vc_row wpb_row vc_row-fluid\"><div class=\"wpb_column vc_column_container vc_col-sm-3\"><div class=\"vc_column-inner\"><div class=\"wpb_wrapper\">\n\t<div  class=\"wpb_single_image wpb_content_element vc_align_left wpb_content_element\">\n\t\t\n\t\t<figure class=\"wpb_wrapper vc_figure\">\n\t\t\t<a href=\"http:\/\/maldives-paradise.com\/it\/cora-cora-maldive\/\" target=\"_self\" class=\"vc_single_image-wrapper   vc_box_border_grey\"><img loading=\"lazy\" decoding=\"async\" width=\"150\" height=\"150\" src=\"https:\/\/maldives-paradise.com\/wp-content\/uploads\/2024\/03\/cora-cora-restaurant-400-150x150.jpg\" class=\"vc_single_image-img attachment-thumbnail\" alt=\"Ristorante Cora Cora Maldive\" title=\"cora-cora-ristorante-400\" \/><\/a>\n\t\t<\/figure>\n\t<\/div>\n<\/div><\/div><\/div><div class=\"wpb_column vc_column_container vc_col-sm-9\"><div class=\"vc_column-inner\"><div class=\"wpb_wrapper\">\n\t<div class=\"wpb_text_column wpb_content_element\" >\n\t\t<div class=\"wpb_wrapper\">\n\t\t\t<h4><a href=\"http:\/\/maldives-paradise.com\/it\/cora-cora-maldive\/\">Cora Cora Maldive<\/a><\/h4>\n<p>Cinque ristoranti gourmet che servono una vasta gamma di piatti della cucina internazionale. Soddisfacendo una vasta gamma di esigenze dietetiche, Cora Cora Maldives servir\u00e0 anche una gamma di opzioni salutari e piatti a base vegetale, incluso il gelato vegano fatto in casa. Questi fanno tutti parte del Piano Pasti Gourmet.<\/p>\n\n\t\t<\/div>\n\t<\/div>\n<\/div><\/div><\/div><\/div><div class=\"vc_row wpb_row vc_row-fluid\"><div class=\"wpb_column vc_column_container vc_col-sm-12\"><div class=\"vc_column-inner\"><div class=\"wpb_wrapper\">\n\t<div class=\"wpb_text_column wpb_content_element\" >\n\t\t<div class=\"wpb_wrapper\">\n\t\t\t<p><a href=\"http:\/\/maldives-paradise.com\/it\/etichetta\/vino-e-cenare-alle-maldive\/\"><strong>Maggiori informazioni su cibo, bevande e ristoranti nei Gourmet Hotels &amp; Resorts alle Maldive<\/strong><\/a><\/p>\n\n\t\t<\/div>\n\t<\/div>\n<\/div><\/div><\/div><\/div>\n<\/div>","protected":false},"excerpt":{"rendered":"<div class=\"mh-excerpt\"><\/div>","protected":false},"author":1,"featured_media":11673,"parent":0,"menu_order":0,"comment_status":"closed","ping_status":"closed","template":"","meta":{"footnotes":""},"class_list":["post-11672","page","type-page","status-publish","has-post-thumbnail"],"aioseo_notices":[],"_links":{"self":[{"href":"http:\/\/maldives-paradise.com\/it\/wp-json\/wp\/v2\/pages\/11672","targetHints":{"allow":["GET"]}}],"collection":[{"href":"http:\/\/maldives-paradise.com\/it\/wp-json\/wp\/v2\/pages"}],"about":[{"href":"http:\/\/maldives-paradise.com\/it\/wp-json\/wp\/v2\/types\/page"}],"author":[{"embeddable":true,"href":"http:\/\/maldives-paradise.com\/it\/wp-json\/wp\/v2\/users\/1"}],"replies":[{"embeddable":true,"href":"http:\/\/maldives-paradise.com\/it\/wp-json\/wp\/v2\/comments?post=11672"}],"version-history":[{"count":6,"href":"http:\/\/maldives-paradise.com\/it\/wp-json\/wp\/v2\/pages\/11672\/revisions"}],"predecessor-version":[{"id":45303,"href":"http:\/\/maldives-paradise.com\/it\/wp-json\/wp\/v2\/pages\/11672\/revisions\/45303"}],"wp:featuredmedia":[{"embeddable":true,"href":"http:\/\/maldives-paradise.com\/it\/wp-json\/wp\/v2\/media\/11673"}],"wp:attachment":[{"href":"http:\/\/maldives-paradise.com\/it\/wp-json\/wp\/v2\/media?parent=11672"}],"curies":[{"name":"wp","href":"https:\/\/api.w.org\/{rel}","templated":true}]}}