{"id":10378,"date":"2024-02-09T17:00:02","date_gmt":"2024-02-09T17:00:02","guid":{"rendered":"http:\/\/maldives-paradise.com\/?page_id=10378"},"modified":"2024-09-14T08:09:28","modified_gmt":"2024-09-14T08:09:28","slug":"geografia-e-meteo","status":"publish","type":"page","link":"http:\/\/maldives-paradise.com\/it\/geografia-e-meteo\/","title":{"rendered":"Geografia e tempo"},"content":{"rendered":"<div class=\"wpb-content-wrapper\"><div class=\"vc_row wpb_row vc_row-fluid\"><div class=\"wpb_column vc_column_container vc_col-sm-12\"><div class=\"vc_column-inner\"><div class=\"wpb_wrapper\">\n\t<div class=\"wpb_text_column wpb_content_element\" >\n\t\t<div class=\"wpb_wrapper\">\n\t\t\t<h3>Geografia e clima alle Maldive<\/h3>\n\n\t\t<\/div>\n\t<\/div>\n<\/div><\/div><\/div><\/div><div class=\"vc_row wpb_row vc_row-fluid\"><div class=\"wpb_column vc_column_container vc_col-sm-12\"><div class=\"vc_column-inner\"><div class=\"wpb_wrapper\">\n\t<div  class=\"wpb_single_image wpb_content_element vc_align_left wpb_content_element\">\n\t\t\n\t\t<figure class=\"wpb_wrapper vc_figure\">\n\t\t\t<div class=\"vc_single_image-wrapper   vc_box_border_grey\"><img loading=\"lazy\" decoding=\"async\" width=\"800\" height=\"600\" src=\"https:\/\/maldives-paradise.com\/wp-content\/uploads\/2024\/02\/maldives-1095102_1280.jpg\" class=\"vc_single_image-img attachment-full\" alt=\"Un atollo delle Maldive\" title=\"maldive-1095102_1280\" srcset=\"https:\/\/maldives-paradise.com\/wp-content\/uploads\/2024\/02\/maldives-1095102_1280.jpg 800w, https:\/\/maldives-paradise.com\/wp-content\/uploads\/2024\/02\/maldives-1095102_1280-300x225.jpg 300w, https:\/\/maldives-paradise.com\/wp-content\/uploads\/2024\/02\/maldives-1095102_1280-768x576.jpg 768w, https:\/\/maldives-paradise.com\/wp-content\/uploads\/2024\/02\/maldives-1095102_1280-16x12.jpg 16w, https:\/\/maldives-paradise.com\/wp-content\/uploads\/2024\/02\/maldives-1095102_1280-678x509.jpg 678w, https:\/\/maldives-paradise.com\/wp-content\/uploads\/2024\/02\/maldives-1095102_1280-326x245.jpg 326w, https:\/\/maldives-paradise.com\/wp-content\/uploads\/2024\/02\/maldives-1095102_1280-80x60.jpg 80w, https:\/\/maldives-paradise.com\/wp-content\/uploads\/2024\/02\/maldives-1095102_1280-500x375.jpg 500w\" sizes=\"auto, (max-width: 800px) 100vw, 800px\" \/><\/div>\n\t\t<\/figure>\n\t<\/div>\n<\/div><\/div><\/div><\/div><div class=\"vc_row wpb_row vc_row-fluid\"><div class=\"wpb_column vc_column_container vc_col-sm-12\"><div class=\"vc_column-inner\"><div class=\"wpb_wrapper\">\n\t<div class=\"wpb_text_column wpb_content_element\" >\n\t\t<div class=\"wpb_wrapper\">\n\t\t\t<p><strong>Geografia<\/strong><\/p>\n<p>Le Maldive sono un paese e un arcipelago situato nell&#039;Oceano Indiano, a circa 2000 km a sud della costa dell&#039;India e a sud-ovest dello Sri Lanka. Si estendeva per 900 chilometri da nord a sud. Questo splendido arcipelago, comprende 26 atolli e oltre 1.000 isole coralline. Questi atolli, formati da barriere coralline. \u00c8 rinomato in tutto il mondo per la sua bellezza naturale mozzafiato e il lusso senza pari. Le Maldive sono un paradiso tropicale che attira i viaggiatori con le sue spiagge incontaminate, le acque azzurre e la vivace vita marina.<\/p>\n<p><strong>Clima<\/strong><\/p>\n<p>Le Maldive godono di un clima tropicale caratterizzato da due stagioni distinte: la stagione secca (monsone di nord-est) e la stagione delle piogge (monsone di sud-ovest).<br \/>\nLa stagione secca, che in genere va da dicembre ad aprile, vanta cieli limpidi, sole abbondante e mare calmo, rendendolo il periodo perfetto per gli amanti della spiaggia e degli appassionati dell&#039;acqua. Durante questo periodo, le temperature variano da 25\u00b0C a 31\u00b0C (da 77\u00b0F a 88\u00b0F), creando le condizioni ideali per lo snorkeling, le immersioni e altre attivit\u00e0 acquatiche.<\/p>\n<p>Al contrario, la stagione delle piogge, che va da maggio a novembre, porta piogge occasionali e venti pi\u00f9 forti. Nonostante gli acquazzoni sporadici, le temperature rimangono calde, variando da 26\u00b0C a 30\u00b0C (da 79\u00b0F a 86\u00b0F). Anche se alcuni potrebbero rifuggire dal visitare durante questo periodo, la stagione delle piogge offre il suo fascino, compresi prezzi pi\u00f9 bassi, meno folla e la possibilit\u00e0 di osservare le Maldive in uno stato pi\u00f9 tranquillo.<\/p>\n<p><a href=\"https:\/\/maldives-paradise.com\/it\/stagioni-alle-maldive\/\">Le stagioni alle Maldive<\/a><\/p>\n\n\t\t<\/div>\n\t<\/div>\n<\/div><\/div><\/div><\/div>\n<\/div>","protected":false},"excerpt":{"rendered":"<div class=\"mh-excerpt\"><\/div>","protected":false},"author":1,"featured_media":10379,"parent":0,"menu_order":0,"comment_status":"closed","ping_status":"closed","template":"","meta":{"footnotes":""},"class_list":["post-10378","page","type-page","status-publish","has-post-thumbnail"],"aioseo_notices":[],"_links":{"self":[{"href":"http:\/\/maldives-paradise.com\/it\/wp-json\/wp\/v2\/pages\/10378","targetHints":{"allow":["GET"]}}],"collection":[{"href":"http:\/\/maldives-paradise.com\/it\/wp-json\/wp\/v2\/pages"}],"about":[{"href":"http:\/\/maldives-paradise.com\/it\/wp-json\/wp\/v2\/types\/page"}],"author":[{"embeddable":true,"href":"http:\/\/maldives-paradise.com\/it\/wp-json\/wp\/v2\/users\/1"}],"replies":[{"embeddable":true,"href":"http:\/\/maldives-paradise.com\/it\/wp-json\/wp\/v2\/comments?post=10378"}],"version-history":[{"count":2,"href":"http:\/\/maldives-paradise.com\/it\/wp-json\/wp\/v2\/pages\/10378\/revisions"}],"predecessor-version":[{"id":24639,"href":"http:\/\/maldives-paradise.com\/it\/wp-json\/wp\/v2\/pages\/10378\/revisions\/24639"}],"wp:featuredmedia":[{"embeddable":true,"href":"http:\/\/maldives-paradise.com\/it\/wp-json\/wp\/v2\/media\/10379"}],"wp:attachment":[{"href":"http:\/\/maldives-paradise.com\/it\/wp-json\/wp\/v2\/media?parent=10378"}],"curies":[{"name":"wp","href":"https:\/\/api.w.org\/{rel}","templated":true}]}}