{"id":10369,"date":"2024-02-09T13:58:11","date_gmt":"2024-02-09T13:58:11","guid":{"rendered":"http:\/\/maldives-paradise.com\/?page_id=10369"},"modified":"2025-10-15T13:28:23","modified_gmt":"2025-10-15T13:28:23","slug":"resort-sullisola-safari","status":"publish","type":"page","link":"http:\/\/maldives-paradise.com\/it\/resort-sullisola-safari\/","title":{"rendered":"Resort dell&#039;Isola Safari"},"content":{"rendered":"<div class=\"wpb-content-wrapper\"><div class=\"vc_row wpb_row vc_row-fluid\"><div class=\"wpb_column vc_column_container vc_col-sm-12\"><div class=\"vc_column-inner\"><div class=\"wpb_wrapper\">\n\t<div class=\"wpb_text_column wpb_content_element\" >\n\t\t<div class=\"wpb_wrapper\">\n\t\t\t<h3>Safari Island \u00e8 una destinazione imperdibile per i viaggiatori<\/h3>\n\n\t\t<\/div>\n\t<\/div>\n<\/div><\/div><\/div><\/div><div class=\"vc_row wpb_row vc_row-fluid\"><div class=\"wpb_column vc_column_container vc_col-sm-12\"><div class=\"vc_column-inner\"><div class=\"wpb_wrapper\">\n\t<div class=\"wpb_video_widget wpb_content_element vc_clearfix   vc_video-aspect-ratio-169 vc_video-el-width-100 vc_video-align-left\" >\n\t\t<div class=\"wpb_wrapper\">\n\t\t\t\n\t\t\t<div class=\"wpb_video_wrapper\"><iframe loading=\"lazy\" title=\"Safari Island (Maldive) - Anteprima\" width=\"500\" height=\"281\" src=\"https:\/\/www.youtube.com\/embed\/OEo0QsW9tAg?feature=oembed\" frameborder=\"0\" allow=\"accelerometer; autoplay; clipboard-write; encrypted-media; gyroscope; picture-in-picture; web-share\" allowfullscreen><\/iframe><\/div>\n\t\t<\/div>\n\t<\/div>\n<\/div><\/div><\/div><\/div><div class=\"vc_row wpb_row vc_row-fluid\"><div class=\"wpb_column vc_column_container vc_col-sm-12\"><div class=\"vc_column-inner\"><div class=\"wpb_wrapper\">\n\t<div class=\"wpb_text_column wpb_content_element\" >\n\t\t<div class=\"wpb_wrapper\">\n\t\t\t<p><strong>Resort dell&#039;Isola Safari<\/strong>, immerso nel cuore delle Maldive, \u00e8 un paradiso tropicale che incarna la bellezza e la serenit\u00e0 di questo famoso arcipelago. Situata nell&#039;atollo di Ari Nord, conosciuto localmente come atollo di Alifu Alifu, Safari Island \u00e8 una piccola isola privata che offre un rifugio intimo tra la straordinaria bellezza naturale dell&#039;Oceano Indiano. Questo articolo approfondisce i vari aspetti che rendono Safari Island una destinazione imperdibile per i viaggiatori in cerca di tranquillit\u00e0, avventura e bellezza naturale senza pari.<\/p>\n<p><strong>Bellezze geografiche e naturali:<\/strong><\/p>\n<p>Safari Island si trova a circa 60 chilometri dall&#039;aeroporto internazionale di Mal\u00e9. L&#039;isola, circondata da acque turchesi cristalline, \u00e8 uno spettacolo di verde rigoglioso e spiagge incontaminate di sabbia bianca. Fa parte dell&#039;atollo di Ari Nord, noto per le sue vivaci barriere coralline e la diversificata vita marina. Le acque poco profonde intorno all&#039;isola sono perfette per lo snorkeling e offrono un&#039;eccellente opportunit\u00e0 per ammirare il colorato mondo sottomarino delle Maldive.<\/p>\n<p><strong>Alloggio e servizi:<\/strong><\/p>\n<p>Safari Island offre una gamma di sistemazioni per soddisfare diverse preferenze e budget. Le opzioni includono bungalow sulla spiaggia, bungalow semi-acqua e bungalow sull&#039;acqua, ognuno con vista mozzafiato sull&#039;oceano e accesso diretto alla spiaggia o al mare. Le camere sono progettate per fondersi con l&#039;ambiente naturale, caratterizzate dalla tradizionale architettura maldiviana con servizi moderni per il comfort e la comodit\u00e0. L&#039;isola vanta anche un ristorante principale, una caffetteria e un bar, che offre una variet\u00e0 di opzioni per la ristorazione, dai buffet internazionali ai men\u00f9 \u00e0 la carte.<\/p>\n<p><strong>Attivit\u00e0 ed esperienze:<\/strong><\/p>\n<p>Uno dei punti forti di Safari Island \u00e8 la gamma di attivit\u00e0 ed esperienze che offre. L&#039;isola \u00e8 un paradiso per gli appassionati di sport acquatici, con opzioni che vanno dallo snorkeling e le immersioni subacquee al windsurf e alla canoa. Il centro immersioni dell&#039;isola \u00e8 attrezzato per soddisfare sia i principianti che i subacquei esperti, offrendo la possibilit\u00e0 di esplorare alcuni dei migliori siti di immersione delle Maldive. Le barriere coralline circostanti ospitano una miriade di vita marina, tra cui tartarughe, mante e una variet\u00e0 di pesci tropicali.<\/p>\n<p><strong>Terme e Benessere:<\/strong><\/p>\n<p>Per chi cerca relax, la spa dell&#039;isola offre una gamma di trattamenti pensati per ringiovanire il corpo e la mente. Le terapie termali incorporano tecniche tradizionali maldiviane e prodotti naturali, offrendo un&#039;esperienza di benessere unica. Sono disponibili anche sessioni di yoga e meditazione, che consentono agli ospiti di rilassarsi e connettersi con la natura in un ambiente sereno.<\/p>\n<p><strong>Impegno ambientale:<\/strong><\/p>\n<p>Safari Island si impegna a preservare la bellezza naturale e l&#039;equilibrio ecologico delle Maldive. L&#039;isola pratica iniziative di turismo sostenibile, come la conservazione dell&#039;acqua, la gestione dei rifiuti e l&#039;efficienza energetica. La direzione incoraggia inoltre gli ospiti a partecipare agli sforzi di conservazione, tra cui la piantagione di coralli e programmi di sensibilizzazione sulla vita marina.<\/p>\n<p><strong>Esperienza culturale:<\/strong><\/p>\n<p>Sebbene Safari Island sia un rifugio dal trambusto della vita quotidiana, offre anche agli ospiti uno sguardo sulla ricca cultura e tradizioni delle Maldive. Serate culturali, corsi di cucina maldiviana ed escursioni alle isole locali offrono l&#039;opportunit\u00e0 di sperimentare lo stile di vita locale e interagire con l&#039;amichevole popolo maldiviano.<\/p>\n<p><strong>Accessibilit\u00e0 e Connettivit\u00e0:<\/strong><\/p>\n<p>L&#039;isola \u00e8 raggiungibile con un viaggio panoramico in idrovolante dall&#039;aeroporto internazionale di Mal\u00e9, che dura circa 25 minuti. Questo viaggio in s\u00e9 \u00e8 un&#039;esperienza, che offre viste aeree mozzafiato degli atolli e delle isole delle Maldive.<\/p>\n<p>In conclusione, Safari Island alle Maldive \u00e8 una miscela di bellezza naturale, lusso, avventura e tranquillit\u00e0. \u00c8 una destinazione che soddisfa una vasta gamma di interessi e promette un&#039;esperienza indimenticabile a chiunque la visiti. Che si tratti di una fuga romantica, di una vacanza in famiglia o di un ritiro da solista, Safari Island offre un angolo di paradiso con la calda ospitalit\u00e0 delle Maldive.<\/p>\n\n\t\t<\/div>\n\t<\/div>\n<\/div><\/div><\/div><\/div><div class=\"vc_row wpb_row vc_row-fluid\"><div class=\"wpb_column vc_column_container vc_col-sm-12\"><div class=\"vc_column-inner\"><div class=\"wpb_wrapper\">\n\t<div class=\"wpb_text_column wpb_content_element\" >\n\t\t<div class=\"wpb_wrapper\">\n\t\t\t<h3><a title=\"Resort dell&#039;Isola Safari\" href=\"https:\/\/trip.tpo.lv\/n7HCIipR\" target=\"blanc2\" rel=\"nofollow\">Check availability and best price at Safari Island Resort here &gt;&gt;<\/a><\/h3>\n\n\t\t<\/div>\n\t<\/div>\n<\/div><\/div><\/div><\/div>\n<\/div>","protected":false},"excerpt":{"rendered":"<div class=\"mh-excerpt\"><\/div>","protected":false},"author":1,"featured_media":10370,"parent":0,"menu_order":0,"comment_status":"closed","ping_status":"closed","template":"","meta":{"footnotes":""},"class_list":["post-10369","page","type-page","status-publish","has-post-thumbnail"],"aioseo_notices":[],"_links":{"self":[{"href":"http:\/\/maldives-paradise.com\/it\/wp-json\/wp\/v2\/pages\/10369","targetHints":{"allow":["GET"]}}],"collection":[{"href":"http:\/\/maldives-paradise.com\/it\/wp-json\/wp\/v2\/pages"}],"about":[{"href":"http:\/\/maldives-paradise.com\/it\/wp-json\/wp\/v2\/types\/page"}],"author":[{"embeddable":true,"href":"http:\/\/maldives-paradise.com\/it\/wp-json\/wp\/v2\/users\/1"}],"replies":[{"embeddable":true,"href":"http:\/\/maldives-paradise.com\/it\/wp-json\/wp\/v2\/comments?post=10369"}],"version-history":[{"count":4,"href":"http:\/\/maldives-paradise.com\/it\/wp-json\/wp\/v2\/pages\/10369\/revisions"}],"predecessor-version":[{"id":43700,"href":"http:\/\/maldives-paradise.com\/it\/wp-json\/wp\/v2\/pages\/10369\/revisions\/43700"}],"wp:featuredmedia":[{"embeddable":true,"href":"http:\/\/maldives-paradise.com\/it\/wp-json\/wp\/v2\/media\/10370"}],"wp:attachment":[{"href":"http:\/\/maldives-paradise.com\/it\/wp-json\/wp\/v2\/media?parent=10369"}],"curies":[{"name":"wp","href":"https:\/\/api.w.org\/{rel}","templated":true}]}}