{"id":10281,"date":"2024-02-07T15:43:14","date_gmt":"2024-02-07T15:43:14","guid":{"rendered":"http:\/\/maldives-paradise.com\/?page_id=10281"},"modified":"2025-10-10T14:50:48","modified_gmt":"2025-10-10T14:50:48","slug":"plumeria-delle-maldive","status":"publish","type":"page","link":"http:\/\/maldives-paradise.com\/it\/plumeria-delle-maldive\/","title":{"rendered":"Plumeria Maldive"},"content":{"rendered":"<div class=\"wpb-content-wrapper\"><div class=\"vc_row wpb_row vc_row-fluid\"><div class=\"wpb_column vc_column_container vc_col-sm-12\"><div class=\"vc_column-inner\"><div class=\"wpb_wrapper\">\n\t<div class=\"wpb_text_column wpb_content_element\" >\n\t\t<div class=\"wpb_wrapper\">\n\t\t\t<h3>Plumeria Maldives: la tua porta d&#039;ingresso al lusso tropicale<\/h3>\n\n\t\t<\/div>\n\t<\/div>\n<\/div><\/div><\/div><\/div><div class=\"vc_row wpb_row vc_row-fluid\"><div class=\"wpb_column vc_column_container vc_col-sm-12\"><div class=\"vc_column-inner\"><div class=\"wpb_wrapper\">\n\t<div class=\"wpb_video_widget wpb_content_element vc_clearfix   vc_video-aspect-ratio-169 vc_video-el-width-100 vc_video-align-left\" >\n\t\t<div class=\"wpb_wrapper\">\n\t\t\t\n\t\t\t<div class=\"wpb_video_wrapper\"><iframe loading=\"lazy\" title=\"Plumeria Maldives Thinadhoo Vaavu Atollo\" width=\"500\" height=\"281\" src=\"https:\/\/www.youtube.com\/embed\/_TuZkWxHK5s?feature=oembed\" frameborder=\"0\" allow=\"accelerometer; autoplay; clipboard-write; encrypted-media; gyroscope; picture-in-picture; web-share\" allowfullscreen><\/iframe><\/div>\n\t\t<\/div>\n\t<\/div>\n<\/div><\/div><\/div><\/div><div class=\"vc_row wpb_row vc_row-fluid\"><div class=\"wpb_column vc_column_container vc_col-sm-12\"><div class=\"vc_column-inner\"><div class=\"wpb_wrapper\">\n\t<div class=\"wpb_text_column wpb_content_element\" >\n\t\t<div class=\"wpb_wrapper\">\n\t\t\t<p>Le Maldive, rinomate per i suoi atolli corallini mozzafiato, le spiagge incontaminate e le acque turchesi, sono una destinazione ambita per i viaggiatori che cercano la massima fuga tropicale. <strong>Plumeria Maldive<\/strong> \u00e8 un resort di lusso che promette una miscela senza precedenti di relax, avventura e fascino maldiviano.<\/p>\n<p><strong>Posizione e accessibilit\u00e0<\/strong><\/p>\n<p>Plumeria Maldives \u00e8 strategicamente situata sulla splendida isola di Dhigurah, nell&#039;atollo di Ari Sud. L&#039;accesso a questo paradiso tropicale \u00e8 possibile tramite un volo interno panoramico di 20 minuti dall&#039;aeroporto internazionale di Velana all&#039;aeroporto di Maamigili, seguito da un breve giro in motoscafo fino al resort. Questo viaggio senza interruzioni garantisce che la tua avventura maldiviana inizi non appena arrivi.<\/p>\n<p><strong>Alloggio<\/strong><\/p>\n<p>Il resort offre una gamma di opzioni di alloggio di lusso, ciascuna progettata per fornire la perfetta combinazione di comfort e lusso moderno. Dalle ville sulla spiaggia ai bungalow sull&#039;acqua, gli ospiti possono scegliere il loro rifugio ideale. I bungalow sull&#039;acqua offrono accesso diretto alla laguna cristallina, immergendoti nell&#039;affascinante bellezza dell&#039;Oceano Indiano.<\/p>\n<p><strong>Cenare<\/strong><\/p>\n<p>Plumeria Maldives stuzzica le tue papille gustative con una vasta selezione di esperienze culinarie. Il ristorante principale del resort, Palms, offre un delizioso mix di cucina internazionale e maldiviana. Gli ospiti possono anche concedersi specialit\u00e0 di pesce al Saffron, il ristorante di specialit\u00e0. Con l&#039;obiettivo di fornire una cucina squisita, ogni pasto presso il resort \u00e8 un&#039;esperienza memorabile.<\/p>\n<p><strong>Attivit\u00e0 e avventure<\/strong><\/p>\n<p>Che tu sia un appassionato di avventure o in cerca di relax, il resort offre attivit\u00e0 per tutti i gusti. Esplora il vibrante mondo sottomarino con avventure di snorkeling e immersioni subacquee. Pratica vari sport acquatici come windsurf, kayak e paddleboarding. Per chi cerca relax, la spa del resort offre una gamma di trattamenti rigeneranti e attivit\u00e0 benessere.<\/p>\n<p><strong>Sostenibilit\u00e0 e conservazione<\/strong><\/p>\n<p>Plumeria Maldives \u00e8 profondamente impegnata nelle pratiche sostenibili e nella conservazione marina. Il resort partecipa attivamente a iniziative di ripristino dei coralli, sforzi di pulizia marina e sostiene iniziative ambientali locali. Gli ospiti sono incoraggiati a partecipare a queste attivit\u00e0, contribuendo positivamente alla conservazione del prezioso ecosistema marino delle Maldive.<\/p>\n<p><strong>Esperienze uniche<\/strong><\/p>\n<p>Per rendere il tuo soggiorno davvero speciale, il resort offre esperienze uniche come crociere con i delfini, picnic sui banchi di sabbia ed escursioni guidate di snorkeling nelle vicine barriere coralline. Sia che tu voglia assistere a tramonti mozzafiato, immergerti nella cultura locale o semplicemente rilassarti in un paradiso, Plumeria Maldives garantisce che ce n&#039;\u00e8 per tutti i gusti.<\/p>\n<p><strong>Conclusione<\/strong><\/p>\n<p>In conclusione, Plumeria Maldives \u00e8 un santuario tropicale che promette una vacanza straordinaria. La sua posizione idilliaca, le sistemazioni lussuose, la cucina diversificata e la dedizione alla sostenibilit\u00e0 lo rendono la scelta ideale per i viaggiatori in cerca di relax e avventura. Che tu stia celebrando un&#039;occasione speciale o cercando una fuga rigenerante, Plumeria Maldives offre un&#039;esperienza che crea ricordi preziosi. Prenota oggi il tuo soggiorno e intraprendi un viaggio indimenticabile nel paradiso delle Maldive.<\/p>\n\n\t\t<\/div>\n\t<\/div>\n<\/div><\/div><\/div><\/div><div class=\"vc_row wpb_row vc_row-fluid\"><div class=\"wpb_column vc_column_container vc_col-sm-12\"><div class=\"vc_column-inner\"><div class=\"wpb_wrapper\">\n\t<div class=\"wpb_text_column wpb_content_element\" >\n\t\t<div class=\"wpb_wrapper\">\n\t\t\t<h3><a title=\"Plumeria Maldive\" href=\"https:\/\/trip.tpo.lv\/NkQ8x6J8\" target=\"blanc2\" rel=\"nofollow\">Controlla la disponibilit\u00e0 e il miglior prezzo al Plumeria Maldives qui &gt;&gt;<\/a><\/h3>\n\n\t\t<\/div>\n\t<\/div>\n<\/div><\/div><\/div><\/div>\n<\/div>","protected":false},"excerpt":{"rendered":"<div class=\"mh-excerpt\"><\/div>","protected":false},"author":1,"featured_media":10282,"parent":0,"menu_order":0,"comment_status":"closed","ping_status":"closed","template":"","meta":{"footnotes":""},"class_list":["post-10281","page","type-page","status-publish","has-post-thumbnail"],"aioseo_notices":[],"_links":{"self":[{"href":"http:\/\/maldives-paradise.com\/it\/wp-json\/wp\/v2\/pages\/10281","targetHints":{"allow":["GET"]}}],"collection":[{"href":"http:\/\/maldives-paradise.com\/it\/wp-json\/wp\/v2\/pages"}],"about":[{"href":"http:\/\/maldives-paradise.com\/it\/wp-json\/wp\/v2\/types\/page"}],"author":[{"embeddable":true,"href":"http:\/\/maldives-paradise.com\/it\/wp-json\/wp\/v2\/users\/1"}],"replies":[{"embeddable":true,"href":"http:\/\/maldives-paradise.com\/it\/wp-json\/wp\/v2\/comments?post=10281"}],"version-history":[{"count":3,"href":"http:\/\/maldives-paradise.com\/it\/wp-json\/wp\/v2\/pages\/10281\/revisions"}],"predecessor-version":[{"id":43498,"href":"http:\/\/maldives-paradise.com\/it\/wp-json\/wp\/v2\/pages\/10281\/revisions\/43498"}],"wp:featuredmedia":[{"embeddable":true,"href":"http:\/\/maldives-paradise.com\/it\/wp-json\/wp\/v2\/media\/10282"}],"wp:attachment":[{"href":"http:\/\/maldives-paradise.com\/it\/wp-json\/wp\/v2\/media?parent=10281"}],"curies":[{"name":"wp","href":"https:\/\/api.w.org\/{rel}","templated":true}]}}