{"id":10054,"date":"2024-02-04T10:24:31","date_gmt":"2024-02-04T10:24:31","guid":{"rendered":"http:\/\/maldives-paradise.com\/?page_id=10054"},"modified":"2025-02-21T07:26:27","modified_gmt":"2025-02-21T07:26:27","slug":"hotel-4-stelle-resort-alle-maldive-2","status":"publish","type":"page","link":"http:\/\/maldives-paradise.com\/it\/hotel-4-stelle-resort-alle-maldive-2\/","title":{"rendered":"Hotel e resort a 4 stelle alle Maldive 2"},"content":{"rendered":"<div class=\"wpb-content-wrapper\"><div class=\"vc_row wpb_row vc_row-fluid\"><div class=\"wpb_column vc_column_container vc_col-sm-12\"><div class=\"vc_column-inner\"><div class=\"wpb_wrapper\">\n\t<div class=\"wpb_text_column wpb_content_element\" >\n\t\t<div class=\"wpb_wrapper\">\n\t\t\t<h3>Una selezione di hotel e resort 4 stelle alle Maldive<\/h3>\n<p>Le Maldive ospitano numerosi <strong data-start=\"82\" data-end=\"111\">Hotel e resort a 4 stelle<\/strong>, offrendo un perfetto equilibrio tra <strong data-start=\"143\" data-end=\"181\">lusso, comfort e convenienza<\/strong>Questi resort offrono <strong data-start=\"205\" data-end=\"282\">splendide ville sulla spiaggia, bungalow sull&#039;acqua e strutture eccellenti<\/strong>, Compreso <strong data-start=\"294\" data-end=\"338\">piscine, spa e molteplici opzioni di ristorazione<\/strong>Gli ospiti possono concedersi <strong data-start=\"362\" data-end=\"404\">snorkeling, immersioni e crociere al tramonto<\/strong>, il tutto divertendosi <strong data-start=\"425\" data-end=\"481\">ospitalit\u00e0 eccezionale e viste mozzafiato sull&#039;oceano<\/strong>Con una miscela di <strong data-start=\"499\" data-end=\"538\">comfort moderni e bellezza naturale<\/strong>, <strong data-start=\"540\" data-end=\"574\">Resort a 4 stelle alle Maldive<\/strong> promettono un rifugio indimenticabile su un&#039;isola senza i prezzi elevati dei resort ultra-lussuosi.<\/p>\n\n\t\t<\/div>\n\t<\/div>\n<\/div><\/div><\/div><\/div><div class=\"vc_row wpb_row vc_row-fluid\"><div class=\"wpb_column vc_column_container vc_col-sm-3\"><div class=\"vc_column-inner\"><div class=\"wpb_wrapper\">\n\t<div  class=\"wpb_single_image wpb_content_element vc_align_left wpb_content_element\">\n\t\t\n\t\t<figure class=\"wpb_wrapper vc_figure\">\n\t\t\t<a href=\"http:\/\/maldives-paradise.com\/it\/fiyavalhu-resort-maldive\/\" target=\"_self\" class=\"vc_single_image-wrapper   vc_box_border_grey\"><img loading=\"lazy\" decoding=\"async\" width=\"150\" height=\"150\" src=\"https:\/\/maldives-paradise.com\/wp-content\/uploads\/2024\/02\/fiyavalhu-150x150.jpg\" class=\"vc_single_image-img attachment-thumbnail\" alt=\"Fiyavalhu Resort Maldive\" title=\"fiyavalhu\" \/><\/a>\n\t\t<\/figure>\n\t<\/div>\n<\/div><\/div><\/div><div class=\"wpb_column vc_column_container vc_col-sm-9\"><div class=\"vc_column-inner\"><div class=\"wpb_wrapper\">\n\t<div class=\"wpb_text_column wpb_content_element\" >\n\t\t<div class=\"wpb_wrapper\">\n\t\t\t<h4><a href=\"http:\/\/maldives-paradise.com\/it\/fiyavalhu-resort-maldive\/\">Fiyavalhu Resort Maldive<\/a><\/h4>\n<p>Fiyavalhu Resort Maldives \u00e8 un paradiso tropicale che promette una vacanza indimenticabile. La sua splendida posizione, le sistemazioni di lusso, la cucina deliziosa e l&#039;impegno per la sostenibilit\u00e0 lo rendono la scelta ideale per i viaggiatori che desiderano fuggire in un mondo di bellezza naturale e serenit\u00e0.<\/p>\n\n\t\t<\/div>\n\t<\/div>\n<\/div><\/div><\/div><\/div><div class=\"vc_row wpb_row vc_row-fluid\"><div class=\"wpb_column vc_column_container vc_col-sm-3\"><div class=\"vc_column-inner\"><div class=\"wpb_wrapper\">\n\t<div  class=\"wpb_single_image wpb_content_element vc_align_left wpb_content_element\">\n\t\t\n\t\t<figure class=\"wpb_wrapper vc_figure\">\n\t\t\t<a href=\"http:\/\/maldives-paradise.com\/it\/holiday-inn-resort-kandooma-maldive\/\" target=\"_self\" class=\"vc_single_image-wrapper   vc_box_border_grey\"><img loading=\"lazy\" decoding=\"async\" width=\"150\" height=\"150\" src=\"https:\/\/maldives-paradise.com\/wp-content\/uploads\/2024\/02\/kandooma2-150x150.jpg\" class=\"vc_single_image-img attachment-thumbnail\" alt=\"L&#039;Holiday Inn Resort Kandooma Maldive\" title=\"kandooma2\" \/><\/a>\n\t\t<\/figure>\n\t<\/div>\n<\/div><\/div><\/div><div class=\"wpb_column vc_column_container vc_col-sm-9\"><div class=\"vc_column-inner\"><div class=\"wpb_wrapper\">\n\t<div class=\"wpb_text_column wpb_content_element\" >\n\t\t<div class=\"wpb_wrapper\">\n\t\t\t<h4><a href=\"http:\/\/maldives-paradise.com\/it\/holiday-inn-resort-kandooma-maldive\/\">Holiday Inn Resort Kandooma Maldive<\/a><\/h4>\n<p>Con la sua posizione mozzafiato, le sistemazioni lussuose, la cucina deliziosa e l&#039;impegno verso la sostenibilit\u00e0, \u00e8 la scelta perfetta per i viaggiatori che cercano relax e avventura in egual misura.<\/p>\n\n\t\t<\/div>\n\t<\/div>\n<\/div><\/div><\/div><\/div><div class=\"vc_row wpb_row vc_row-fluid\"><div class=\"wpb_column vc_column_container vc_col-sm-3\"><div class=\"vc_column-inner\"><div class=\"wpb_wrapper\">\n\t<div  class=\"wpb_single_image wpb_content_element vc_align_left wpb_content_element\">\n\t\t\n\t\t<figure class=\"wpb_wrapper vc_figure\">\n\t\t\t<a href=\"http:\/\/maldives-paradise.com\/it\/holiday-island-resort-maldives\/\" target=\"_self\" class=\"vc_single_image-wrapper   vc_box_border_grey\"><img loading=\"lazy\" decoding=\"async\" width=\"150\" height=\"150\" src=\"https:\/\/maldives-paradise.com\/wp-content\/uploads\/2024\/02\/holiday-island-resort-slides-7831-150x150.jpg\" class=\"vc_single_image-img attachment-thumbnail\" alt=\"Resort dell&#039;Isola delle Vacanze\" title=\"holiday-island-resort-slides-7831\" \/><\/a>\n\t\t<\/figure>\n\t<\/div>\n<\/div><\/div><\/div><div class=\"wpb_column vc_column_container vc_col-sm-9\"><div class=\"vc_column-inner\"><div class=\"wpb_wrapper\">\n\t<div class=\"wpb_text_column wpb_content_element\" >\n\t\t<div class=\"wpb_wrapper\">\n\t\t\t<h4><a href=\"http:\/\/maldives-paradise.com\/it\/holiday-island-resort-maldives\/\">Resort dell&#039;Isola delle Vacanze<\/a><\/h4>\n<p>L&#039;Holiday Island Resort alle Maldive \u00e8 un incantevole paradiso tropicale che promette una vacanza indimenticabile. La sua posizione mozzafiato, le sistemazioni lussuose, la cucina deliziosa e la dedizione alla sostenibilit\u00e0 lo rendono la scelta ideale per i viaggiatori che cercano un mix armonioso di relax e avventura.<\/p>\n\n\t\t<\/div>\n\t<\/div>\n<\/div><\/div><\/div><\/div><div class=\"vc_row wpb_row vc_row-fluid\"><div class=\"wpb_column vc_column_container vc_col-sm-3\"><div class=\"vc_column-inner\"><div class=\"wpb_wrapper\">\n\t<div  class=\"wpb_single_image wpb_content_element vc_align_left wpb_content_element\">\n\t\t\n\t\t<figure class=\"wpb_wrapper vc_figure\">\n\t\t\t<a href=\"http:\/\/maldives-paradise.com\/it\/hotel-riu-atollo\/\" target=\"_self\" class=\"vc_single_image-wrapper   vc_box_border_grey\"><img loading=\"lazy\" decoding=\"async\" width=\"150\" height=\"150\" src=\"https:\/\/maldives-paradise.com\/wp-content\/uploads\/2024\/01\/Cora-Cora-maldives-2-150x150.jpg\" class=\"vc_single_image-img attachment-thumbnail\" alt=\"Cora Cora Maldive\" title=\"Cora-Cora-maldive-2\" \/><\/a>\n\t\t<\/figure>\n\t<\/div>\n<\/div><\/div><\/div><div class=\"wpb_column vc_column_container vc_col-sm-9\"><div class=\"vc_column-inner\"><div class=\"wpb_wrapper\">\n\t<div class=\"wpb_text_column wpb_content_element\" >\n\t\t<div class=\"wpb_wrapper\">\n\t\t\t<h4><a href=\"http:\/\/maldives-paradise.com\/it\/hotel-riu-atollo\/\">Hotel Riu Atollo<\/a><\/h4>\n<p>L&#039;Hotel Riu Atoll \u00e8 strategicamente situato sull&#039;isola di Maafushi, una parte dell&#039;atollo di Mal\u00e9 Sud. Il resort \u00e8 accessibile tramite un giro panoramico in motoscafo di 45 minuti dall&#039;aeroporto internazionale di Velana, rendendo conveniente per gli ospiti iniziare la vacanza subito dopo l&#039;arrivo.<\/p>\n\n\t\t<\/div>\n\t<\/div>\n<\/div><\/div><\/div><\/div><div class=\"vc_row wpb_row vc_row-fluid\"><div class=\"wpb_column vc_column_container vc_col-sm-3\"><div class=\"vc_column-inner\"><div class=\"wpb_wrapper\">\n\t<div  class=\"wpb_single_image wpb_content_element vc_align_left wpb_content_element\">\n\t\t\n\t\t<figure class=\"wpb_wrapper vc_figure\">\n\t\t\t<a href=\"http:\/\/maldives-paradise.com\/it\/resort-di-innahura-maldive\/\" target=\"_self\" class=\"vc_single_image-wrapper   vc_box_border_grey\"><img loading=\"lazy\" decoding=\"async\" width=\"150\" height=\"150\" src=\"https:\/\/maldives-paradise.com\/wp-content\/uploads\/2024\/02\/innahura-maldives-resort-150x150.jpg\" class=\"vc_single_image-img attachment-thumbnail\" alt=\"Innahura Maldive Resort\" title=\"innahura-maldive-resort\" \/><\/a>\n\t\t<\/figure>\n\t<\/div>\n<\/div><\/div><\/div><div class=\"wpb_column vc_column_container vc_col-sm-9\"><div class=\"vc_column-inner\"><div class=\"wpb_wrapper\">\n\t<div class=\"wpb_text_column wpb_content_element\" >\n\t\t<div class=\"wpb_wrapper\">\n\t\t\t<h4><a href=\"http:\/\/maldives-paradise.com\/it\/resort-di-innahura-maldive\/\">Innahura Maldive Resort<\/a><\/h4>\n<p>Il resort offre una gamma di opzioni di alloggio confortevoli e affascinanti per soddisfare tutte le preferenze. Dai bungalow sulla spiaggia alle ville sull&#039;acqua, ogni unit\u00e0 \u00e8 progettata con cura per offrire un mix di comfort e lusso in stile isolano. Con comfort moderni e terrazze private che si affacciano sulle acque turchesi, troverai tranquillit\u00e0 e relax in ogni angolo.<\/p>\n\n\t\t<\/div>\n\t<\/div>\n<\/div><\/div><\/div><\/div><div class=\"vc_row wpb_row vc_row-fluid\"><div class=\"wpb_column vc_column_container vc_col-sm-3\"><div class=\"vc_column-inner\"><div class=\"wpb_wrapper\">\n\t<div  class=\"wpb_single_image wpb_content_element vc_align_left wpb_content_element\">\n\t\t\n\t\t<figure class=\"wpb_wrapper vc_figure\">\n\t\t\t<a href=\"http:\/\/maldives-paradise.com\/it\/spa-del-resort-dellisola-di-komandoo\/\" target=\"_self\" class=\"vc_single_image-wrapper   vc_box_border_grey\"><img loading=\"lazy\" decoding=\"async\" width=\"150\" height=\"150\" src=\"https:\/\/maldives-paradise.com\/wp-content\/uploads\/2024\/01\/komandoo3.-150x150.jpg\" class=\"vc_single_image-img attachment-thumbnail\" alt=\"Resort e spa dell&#039;isola di Komandoo\" title=\"Piscina a sfioro Komandoo\" \/><\/a>\n\t\t<\/figure>\n\t<\/div>\n<\/div><\/div><\/div><div class=\"wpb_column vc_column_container vc_col-sm-9\"><div class=\"vc_column-inner\"><div class=\"wpb_wrapper\">\n\t<div class=\"wpb_text_column wpb_content_element\" >\n\t\t<div class=\"wpb_wrapper\">\n\t\t\t<h4><a href=\"http:\/\/maldives-paradise.com\/it\/spa-del-resort-dellisola-di-komandoo\/\">Resort e spa dell&#039;isola di Komandoo<\/a><\/h4>\n<p>Fuggi in un mondo di opulenza e tranquillit\u00e0 a <strong>Resort e spa dell&#039;isola di Komandoo<\/strong>, uno squisito rifugio per soli adulti annidato nel cuore delle Maldive. Rinomato per la sua bellezza senza pari e il servizio impareggiabile, questo resort di lusso promette un rifugio idilliaco per coloro che cercano l&#039;epitome del paradiso tropicale.<\/p>\n\n\t\t<\/div>\n\t<\/div>\n<\/div><\/div><\/div><\/div><div class=\"vc_row wpb_row vc_row-fluid\"><div class=\"wpb_column vc_column_container vc_col-sm-3\"><div class=\"vc_column-inner\"><div class=\"wpb_wrapper\">\n\t<div  class=\"wpb_single_image wpb_content_element vc_align_left wpb_content_element\">\n\t\t\n\t\t<figure class=\"wpb_wrapper vc_figure\">\n\t\t\t<a href=\"http:\/\/maldives-paradise.com\/it\/resort-dellisola-di-kuramathi\/\" target=\"_self\" class=\"vc_single_image-wrapper   vc_box_border_grey\"><img loading=\"lazy\" decoding=\"async\" width=\"150\" height=\"150\" src=\"https:\/\/maldives-paradise.com\/wp-content\/uploads\/2024\/02\/Kuramathi_Sandbank-400-150x150.jpg\" class=\"vc_single_image-img attachment-thumbnail\" alt=\"Resort dell&#039;isola di Kuramathi\" title=\"Kuramathi_Sandbank-400\" \/><\/a>\n\t\t<\/figure>\n\t<\/div>\n<\/div><\/div><\/div><div class=\"wpb_column vc_column_container vc_col-sm-9\"><div class=\"vc_column-inner\"><div class=\"wpb_wrapper\">\n\t<div class=\"wpb_text_column wpb_content_element\" >\n\t\t<div class=\"wpb_wrapper\">\n\t\t\t<h4><a href=\"http:\/\/maldives-paradise.com\/it\/resort-dellisola-di-kuramathi\/\">Resort dell&#039;isola di Kuramathi<\/a><\/h4>\n<p>Il Kuramathi Island Resort \u00e8 un santuario di bellezza naturale, lusso e tranquillit\u00e0. \u00c8 una destinazione irresistibile per i viaggiatori che desiderano un mix perfetto di relax, avventura e il fascino mozzafiato dell&#039;arcipelago delle Maldive.<\/p>\n\n\t\t<\/div>\n\t<\/div>\n<\/div><\/div><\/div><\/div><div class=\"vc_row wpb_row vc_row-fluid\"><div class=\"wpb_column vc_column_container vc_col-sm-3\"><div class=\"vc_column-inner\"><div class=\"wpb_wrapper\">\n\t<div  class=\"wpb_single_image wpb_content_element vc_align_left wpb_content_element\">\n\t\t\n\t\t<figure class=\"wpb_wrapper vc_figure\">\n\t\t\t<a href=\"http:\/\/maldives-paradise.com\/it\/centro-termale-del-resort-dellisola-di-kuredu\/\" target=\"_self\" class=\"vc_single_image-wrapper   vc_box_border_grey\"><img loading=\"lazy\" decoding=\"async\" width=\"150\" height=\"150\" src=\"https:\/\/maldives-paradise.com\/wp-content\/uploads\/2024\/02\/kuredu3-150x150.jpg\" class=\"vc_single_image-img attachment-thumbnail\" alt=\"Kuredu Island Resort &amp; Spa\" title=\"kuredu3\" \/><\/a>\n\t\t<\/figure>\n\t<\/div>\n<\/div><\/div><\/div><div class=\"wpb_column vc_column_container vc_col-sm-9\"><div class=\"vc_column-inner\"><div class=\"wpb_wrapper\">\n\t<div class=\"wpb_text_column wpb_content_element\" >\n\t\t<div class=\"wpb_wrapper\">\n\t\t\t<h4><a href=\"http:\/\/maldives-paradise.com\/it\/centro-termale-del-resort-dellisola-di-kuredu\/\">Kuredu Island Resort &amp; Spa<\/a><\/h4>\n<p>Kuredu Island Resort &amp; Spa si trova sulla pittoresca isola di Kuredu, situata nell&#039;atollo di Lhaviyani. Per raggiungere quest&#039;isola paradisiaca, gli ospiti possono optare per un trasferimento panoramico in idrovolante di 40 minuti. Dai bungalow sulla spiaggia alle ville sull&#039;acqua, ogni unit\u00e0 \u00e8 meticolosamente progettata per offrire la perfetta combinazione di comfort e lusso.<\/p>\n\n\t\t<\/div>\n\t<\/div>\n<\/div><\/div><\/div><\/div><div class=\"vc_row wpb_row vc_row-fluid\"><div class=\"wpb_column vc_column_container vc_col-sm-3\"><div class=\"vc_column-inner\"><div class=\"wpb_wrapper\">\n\t<div  class=\"wpb_single_image wpb_content_element vc_align_left wpb_content_element\">\n\t\t\n\t\t<figure class=\"wpb_wrapper vc_figure\">\n\t\t\t<a href=\"http:\/\/maldives-paradise.com\/it\/isola-di-makunudu\/\" target=\"_self\" class=\"vc_single_image-wrapper   vc_box_border_grey\"><img loading=\"lazy\" decoding=\"async\" width=\"150\" height=\"150\" src=\"https:\/\/maldives-paradise.com\/wp-content\/uploads\/2024\/02\/makundu-island-150x150.jpg\" class=\"vc_single_image-img attachment-thumbnail\" alt=\"Isola di Makunudu\" title=\"makundu-isola\" \/><\/a>\n\t\t<\/figure>\n\t<\/div>\n<\/div><\/div><\/div><div class=\"wpb_column vc_column_container vc_col-sm-9\"><div class=\"vc_column-inner\"><div class=\"wpb_wrapper\">\n\t<div class=\"wpb_text_column wpb_content_element\" >\n\t\t<div class=\"wpb_wrapper\">\n\t\t\t<h4><a href=\"http:\/\/maldives-paradise.com\/it\/isola-di-makunudu\/\">Isola di Makunudu<\/a><\/h4>\n<p>L&#039;isola di Makunudu \u00e8 un paradiso nascosto che promette una fuga indimenticabile. La sua posizione appartata, le sistemazioni rustiche, la cucina deliziosa e la dedizione alla sostenibilit\u00e0 lo rendono la scelta ideale per i viaggiatori che cercano un&#039;esperienza maldiviana tranquilla e autentica.<\/p>\n\n\t\t<\/div>\n\t<\/div>\n<\/div><\/div><\/div><\/div><div class=\"vc_row wpb_row vc_row-fluid\"><div class=\"wpb_column vc_column_container vc_col-sm-3\"><div class=\"vc_column-inner\"><div class=\"wpb_wrapper\">\n\t<div  class=\"wpb_single_image wpb_content_element vc_align_left wpb_content_element\">\n\t\t\n\t\t<figure class=\"wpb_wrapper vc_figure\">\n\t\t\t<a href=\"http:\/\/maldives-paradise.com\/it\/resort-malahini-kuda-bandos\/\" target=\"_self\" class=\"vc_single_image-wrapper   vc_box_border_grey\"><img loading=\"lazy\" decoding=\"async\" width=\"150\" height=\"150\" src=\"https:\/\/maldives-paradise.com\/wp-content\/uploads\/2024\/02\/malahini-kuda-bandos400-150x150.jpg\" class=\"vc_single_image-img attachment-thumbnail\" alt=\"Malahini Kuda Bandos Resort\" title=\"malahini-kuda-bandos400\" \/><\/a>\n\t\t<\/figure>\n\t<\/div>\n<\/div><\/div><\/div><div class=\"wpb_column vc_column_container vc_col-sm-9\"><div class=\"vc_column-inner\"><div class=\"wpb_wrapper\">\n\t<div class=\"wpb_text_column wpb_content_element\" >\n\t\t<div class=\"wpb_wrapper\">\n\t\t\t<h4><a href=\"http:\/\/maldives-paradise.com\/it\/resort-malahini-kuda-bandos\/\">Malahini Kuda Bandos Resort<\/a><\/h4>\n<p>Malahini Kuda Bandos Resort \u00e8 un santuario tropicale che promette una vacanza straordinaria. La sua comoda posizione, le sistemazioni confortevoli, la cucina deliziosa e l&#039;impegno per la sostenibilit\u00e0 lo rendono la scelta perfetta per i viaggiatori in cerca di relax e avventura.<\/p>\n\n\t\t<\/div>\n\t<\/div>\n<\/div><\/div><\/div><\/div><div class=\"vc_row wpb_row vc_row-fluid\"><div class=\"wpb_column vc_column_container vc_col-sm-3\"><div class=\"vc_column-inner\"><div class=\"wpb_wrapper\">\n\t<div  class=\"wpb_single_image wpb_content_element vc_align_left wpb_content_element\">\n\t\t\n\t\t<figure class=\"wpb_wrapper vc_figure\">\n\t\t\t<a href=\"http:\/\/maldives-paradise.com\/it\/resort-sullisola-di-medhufushi\/\" target=\"_self\" class=\"vc_single_image-wrapper   vc_box_border_grey\"><img loading=\"lazy\" decoding=\"async\" width=\"150\" height=\"150\" src=\"https:\/\/maldives-paradise.com\/wp-content\/uploads\/2024\/02\/medhufushi-island-resort-150x150.jpg\" class=\"vc_single_image-img attachment-thumbnail\" alt=\"Medhufushi Island Resort\" title=\"medhufushi-island-resort\" \/><\/a>\n\t\t<\/figure>\n\t<\/div>\n<\/div><\/div><\/div><div class=\"wpb_column vc_column_container vc_col-sm-9\"><div class=\"vc_column-inner\"><div class=\"wpb_wrapper\">\n\t<div class=\"wpb_text_column wpb_content_element\" >\n\t\t<div class=\"wpb_wrapper\">\n\t\t\t<h4><a href=\"http:\/\/maldives-paradise.com\/it\/resort-sullisola-di-medhufushi\/\">Medhufushi Island Resort<\/a><\/h4>\n<p>Immerso in questo paradiso \u00e8 <strong>Medhufushi Island Resort<\/strong>, un rifugio idilliaco che promette serenit\u00e0, avventura e l&#039;impareggiabile bellezza delle Maldive. In questo articolo esploreremo ci\u00f2 che rende Medhufushi Island Resort una destinazione irresistibile per coloro che desiderano relax, avventura e un assaggio di paradiso.<\/p>\n\n\t\t<\/div>\n\t<\/div>\n<\/div><\/div><\/div><\/div><div class=\"vc_row wpb_row vc_row-fluid\"><div class=\"wpb_column vc_column_container vc_col-sm-3\"><div class=\"vc_column-inner\"><div class=\"wpb_wrapper\">\n\t<div  class=\"wpb_single_image wpb_content_element vc_align_left wpb_content_element\">\n\t\t\n\t\t<figure class=\"wpb_wrapper vc_figure\">\n\t\t\t<a href=\"http:\/\/maldives-paradise.com\/it\/meeru-isola-resort-alle-maldive\/\" target=\"_self\" class=\"vc_single_image-wrapper   vc_box_border_grey\"><img loading=\"lazy\" decoding=\"async\" width=\"150\" height=\"150\" src=\"https:\/\/maldives-paradise.com\/wp-content\/uploads\/2024\/02\/meeru2-150x150.jpg\" class=\"vc_single_image-img attachment-thumbnail\" alt=\"Meeru Maldive Resort Island\" title=\"meeru2\" \/><\/a>\n\t\t<\/figure>\n\t<\/div>\n<\/div><\/div><\/div><div class=\"wpb_column vc_column_container vc_col-sm-9\"><div class=\"vc_column-inner\"><div class=\"wpb_wrapper\">\n\t<div class=\"wpb_text_column wpb_content_element\" >\n\t\t<div class=\"wpb_wrapper\">\n\t\t\t<h4><a href=\"http:\/\/maldives-paradise.com\/it\/meeru-isola-resort-alle-maldive\/\">Meeru Maldive Resort Island<\/a><\/h4>\n<p>Meeru Maldives Resort Island \u00e8 un <strong>Solo adulti<\/strong> e un rifugio idilliaco che promette una miscela unica di relax, avventura e l&#039;impareggiabile bellezza delle Maldive. Il resort offre una vasta gamma di opzioni di alloggio di lusso per soddisfare gusti e preferenze diversi. Dalle ville sulla spiaggia ai bungalow sull&#039;acqua.<\/p>\n\n\t\t<\/div>\n\t<\/div>\n<\/div><\/div><\/div><\/div><div class=\"vc_row wpb_row vc_row-fluid\"><div class=\"wpb_column vc_column_container vc_col-sm-12\"><div class=\"vc_column-inner\"><div class=\"wpb_wrapper\">\n\t<div class=\"wpb_text_column wpb_content_element\" >\n\t\t<div class=\"wpb_wrapper\">\n\t\t\t<h3>Hotel e resort 4 stelle alle Maldive\u00a0\u00a0<a href=\"http:\/\/maldives-paradise.com\/it\/hotel-resort-4-stelle-alle-maldive\/\">Pagina 1<\/a>\u00a0\u00a0 <a href=\"http:\/\/maldives-paradise.com\/it\/hotel-4-stelle-resort-alle-maldive-3\/\">Pagina 3<\/a>\u00a0 <a href=\"http:\/\/maldives-paradise.com\/it\/hotel-4-stelle-resort-alle-maldive-4\/\">Pagina 4<\/a><\/h3>\n\n\t\t<\/div>\n\t<\/div>\n<\/div><\/div><\/div><\/div>\n<\/div>","protected":false},"excerpt":{"rendered":"<div class=\"mh-excerpt\"><\/div>","protected":false},"author":1,"featured_media":10050,"parent":0,"menu_order":0,"comment_status":"closed","ping_status":"closed","template":"","meta":{"footnotes":""},"class_list":["post-10054","page","type-page","status-publish","has-post-thumbnail"],"aioseo_notices":[],"_links":{"self":[{"href":"http:\/\/maldives-paradise.com\/it\/wp-json\/wp\/v2\/pages\/10054","targetHints":{"allow":["GET"]}}],"collection":[{"href":"http:\/\/maldives-paradise.com\/it\/wp-json\/wp\/v2\/pages"}],"about":[{"href":"http:\/\/maldives-paradise.com\/it\/wp-json\/wp\/v2\/types\/page"}],"author":[{"embeddable":true,"href":"http:\/\/maldives-paradise.com\/it\/wp-json\/wp\/v2\/users\/1"}],"replies":[{"embeddable":true,"href":"http:\/\/maldives-paradise.com\/it\/wp-json\/wp\/v2\/comments?post=10054"}],"version-history":[{"count":6,"href":"http:\/\/maldives-paradise.com\/it\/wp-json\/wp\/v2\/pages\/10054\/revisions"}],"predecessor-version":[{"id":34285,"href":"http:\/\/maldives-paradise.com\/it\/wp-json\/wp\/v2\/pages\/10054\/revisions\/34285"}],"wp:featuredmedia":[{"embeddable":true,"href":"http:\/\/maldives-paradise.com\/it\/wp-json\/wp\/v2\/media\/10050"}],"wp:attachment":[{"href":"http:\/\/maldives-paradise.com\/it\/wp-json\/wp\/v2\/media?parent=10054"}],"curies":[{"name":"wp","href":"https:\/\/api.w.org\/{rel}","templated":true}]}}