{"id":9973,"date":"2024-02-03T13:53:26","date_gmt":"2024-02-03T13:53:26","guid":{"rendered":"http:\/\/maldives-paradise.com\/?page_id=9973"},"modified":"2025-10-10T10:11:04","modified_gmt":"2025-10-10T10:11:04","slug":"ile-de-makunudu","status":"publish","type":"page","link":"http:\/\/maldives-paradise.com\/fr\/ile-de-makunudu\/","title":{"rendered":"\u00cele de Makunudu"},"content":{"rendered":"<div class=\"wpb-content-wrapper\"><div class=\"vc_row wpb_row vc_row-fluid\"><div class=\"wpb_column vc_column_container vc_col-sm-12\"><div class=\"vc_column-inner\"><div class=\"wpb_wrapper\">\n\t<div class=\"wpb_text_column wpb_content_element\" >\n\t\t<div class=\"wpb_wrapper\">\n\t\t\t<h3>L&#039;\u00eele de Makunudu aux Maldives : un joyau cach\u00e9 au paradis<\/h3>\n\n\t\t<\/div>\n\t<\/div>\n<\/div><\/div><\/div><\/div><div class=\"vc_row wpb_row vc_row-fluid\"><div class=\"wpb_column vc_column_container vc_col-sm-12\"><div class=\"vc_column-inner\"><div class=\"wpb_wrapper\">\n\t<div class=\"wpb_video_widget wpb_content_element vc_clearfix   vc_video-aspect-ratio-169 vc_video-el-width-100 vc_video-align-left\" >\n\t\t<div class=\"wpb_wrapper\">\n\t\t\t\n\t\t\t<div class=\"wpb_video_wrapper\"><iframe loading=\"lazy\" title=\"\u00cele de Makunudu Bienvenue sur l&#039;\u00eele de Makunudu Nous sommes ravis d&#039;annoncer que nous sommes MAINTENANT OUVERTS\" width=\"500\" height=\"281\" src=\"https:\/\/www.youtube.com\/embed\/menMqeCJgo4?feature=oembed\" frameborder=\"0\" allow=\"accelerometer; autoplay; clipboard-write; encrypted-media; gyroscope; picture-in-picture; web-share\" allowfullscreen><\/iframe><\/div>\n\t\t<\/div>\n\t<\/div>\n<\/div><\/div><\/div><\/div><div class=\"vc_row wpb_row vc_row-fluid\"><div class=\"wpb_column vc_column_container vc_col-sm-12\"><div class=\"vc_column-inner\"><div class=\"wpb_wrapper\">\n\t<div class=\"wpb_text_column wpb_content_element\" >\n\t\t<div class=\"wpb_wrapper\">\n\t\t\t<p>Les Maldives, avec leurs plages de sable blanc et leurs eaux cristallines, sont une destination de r\u00eave pour les voyageurs en qu\u00eate d&#039;une escapade tropicale sereine. Nich\u00e9e dans cet archipel \u00e0 couper le souffle, <strong>\u00cele de Makunudu<\/strong>, un joyau cach\u00e9 qui promet une exp\u00e9rience unique et tranquille. Dans cet article, nous explorerons ce qui fait de l&#039;\u00eele de Makunudu une destination incontournable pour ceux qui aspirent \u00e0 la d\u00e9tente, \u00e0 l&#039;aventure et \u00e0 la beaut\u00e9 immacul\u00e9e des Maldives.<\/p>\n<p><strong>Emplacement et accessibilit\u00e9<\/strong><\/p>\n<p>L&#039;\u00eele de Makunudu est situ\u00e9e dans l&#039;atoll de Mal\u00e9 Nord, \u00e0 quelques minutes de l&#039;a\u00e9roport international de Velana, en hors-bord. Ce transfert sans faille vous permet de commencer votre retraite sur l&#039;\u00eele d\u00e8s votre arriv\u00e9e, sans aucun probl\u00e8me.<\/p>\n<p><strong>H\u00e9bergement<\/strong><\/p>\n<p>Le complexe propose un nombre limit\u00e9 de bungalows au toit de chaume, chacun m\u00e9ticuleusement con\u00e7u pour offrir une exp\u00e9rience maldivienne intime et authentique. Avec son charme rustique, ses \u00e9quipements modernes et son acc\u00e8s direct \u00e0 la plage de sable blanc, chaque bungalow offre un m\u00e9lange unique de confort et de tranquillit\u00e9. Ici, pas de t\u00e9l\u00e9vision ni de distractions, juste le bruit de l&#039;oc\u00e9an et le doux bruissement des palmiers.<\/p>\n<p><strong>\u00c0 manger<\/strong><\/p>\n<p>L&#039;\u00eele de Makunudu ravira vos papilles avec une s\u00e9lection restreinte mais d\u00e9licieuse d&#039;exp\u00e9riences culinaires. Le restaurant principal, Ara Iru, sert une vari\u00e9t\u00e9 de plats internationaux et maldiviens pr\u00e9par\u00e9s \u00e0 partir d&#039;ingr\u00e9dients locaux frais. D\u00eener ici est une exp\u00e9rience intime, avec des tables dress\u00e9es \u00e0 ciel ouvert, cr\u00e9ant l&#039;ambiance parfaite pour des d\u00eeners romantiques.<\/p>\n<p><strong>Activit\u00e9s et aventures<\/strong><\/p>\n<p>L&#039;\u00eele de Makunudu est ax\u00e9e sur la d\u00e9tente, mais elle propose \u00e9galement de nombreuses activit\u00e9s pour ceux qui recherchent l&#039;aventure. Explorez le monde sous-marin dynamique avec des aventures de plong\u00e9e avec tuba et de plong\u00e9e sous-marine. Le complexe propose \u00e9galement divers sports nautiques, notamment la planche \u00e0 voile et le kayak. Pour une d\u00e9tente ultime, le spa propose des soins apaisants et des activit\u00e9s de bien-\u00eatre.<\/p>\n<p><strong>Durabilit\u00e9 et conservation<\/strong><\/p>\n<p>L&#039;\u00eele de Makunudu est profond\u00e9ment engag\u00e9e dans la durabilit\u00e9 et la conservation marine. Le complexe participe activement aux initiatives de restauration des coraux et soutient les efforts de conservation locaux. Les clients peuvent en apprendre davantage sur ces activit\u00e9s et contribuer positivement \u00e0 la pr\u00e9servation du pr\u00e9cieux \u00e9cosyst\u00e8me marin des Maldives.<\/p>\n<p><strong>Exp\u00e9riences uniques<\/strong><\/p>\n<p>Pour rendre votre s\u00e9jour vraiment sp\u00e9cial, le complexe propose des exp\u00e9riences uniques telles que des croisi\u00e8res au coucher du soleil, des sorties de p\u00eache traditionnelles maldiviennes et des excursions guid\u00e9es de plong\u00e9e avec tuba vers les r\u00e9cifs coralliens \u00e0 proximit\u00e9. Que vous souhaitiez vous immerger dans la culture locale, assister \u00e0 des couchers de soleil \u00e0 couper le souffle ou simplement vous d\u00e9tendre au paradis, l&#039;\u00eele de Makunudu garantit qu&#039;il y en a pour tous les go\u00fbts.<\/p>\n<p><strong>Conclusion<\/strong><\/p>\n<p>En conclusion, l&#039;\u00eele de Makunudu est un paradis cach\u00e9 qui promet une escapade inoubliable. Son emplacement isol\u00e9, ses h\u00e9bergements rustiques, sa cuisine d\u00e9licieuse et son engagement envers la durabilit\u00e9 en font le choix id\u00e9al pour les voyageurs en qu\u00eate d&#039;une exp\u00e9rience maldivienne paisible et authentique. Que vous c\u00e9l\u00e9briez une occasion sp\u00e9ciale ou que vous recherchiez une escapade sereine, l&#039;\u00eele de Makunudu offre une exp\u00e9rience qui cr\u00e9e des souvenirs intemporels. R\u00e9servez votre s\u00e9jour d\u00e8s aujourd&#039;hui et embarquez pour un voyage remarquable vers ce joyau cach\u00e9 des Maldives.<\/p>\n\n\t\t<\/div>\n\t<\/div>\n<\/div><\/div><\/div><\/div><div class=\"vc_row wpb_row vc_row-fluid\"><div class=\"wpb_column vc_column_container vc_col-sm-12\"><div class=\"vc_column-inner\"><div class=\"wpb_wrapper\">\n\t<div class=\"wpb_text_column wpb_content_element\" >\n\t\t<div class=\"wpb_wrapper\">\n\t\t\t<h3><a title=\"\u00cele de Makunudu\" href=\"https:\/\/trip.tpo.lv\/VmYMdeUR\" target=\"blanc2\" rel=\"nofollow\">V\u00e9rifiez la disponibilit\u00e9 et le meilleur prix \u00e0 Makunudu Island ici &gt;&gt;<\/a><\/h3>\n\n\t\t<\/div>\n\t<\/div>\n<\/div><\/div><\/div><\/div>\n<\/div>","protected":false},"excerpt":{"rendered":"<div class=\"mh-excerpt\"><\/div>","protected":false},"author":1,"featured_media":9974,"parent":0,"menu_order":0,"comment_status":"closed","ping_status":"closed","template":"","meta":{"footnotes":""},"class_list":["post-9973","page","type-page","status-publish","has-post-thumbnail"],"aioseo_notices":[],"_links":{"self":[{"href":"http:\/\/maldives-paradise.com\/fr\/wp-json\/wp\/v2\/pages\/9973","targetHints":{"allow":["GET"]}}],"collection":[{"href":"http:\/\/maldives-paradise.com\/fr\/wp-json\/wp\/v2\/pages"}],"about":[{"href":"http:\/\/maldives-paradise.com\/fr\/wp-json\/wp\/v2\/types\/page"}],"author":[{"embeddable":true,"href":"http:\/\/maldives-paradise.com\/fr\/wp-json\/wp\/v2\/users\/1"}],"replies":[{"embeddable":true,"href":"http:\/\/maldives-paradise.com\/fr\/wp-json\/wp\/v2\/comments?post=9973"}],"version-history":[{"count":3,"href":"http:\/\/maldives-paradise.com\/fr\/wp-json\/wp\/v2\/pages\/9973\/revisions"}],"predecessor-version":[{"id":43461,"href":"http:\/\/maldives-paradise.com\/fr\/wp-json\/wp\/v2\/pages\/9973\/revisions\/43461"}],"wp:featuredmedia":[{"embeddable":true,"href":"http:\/\/maldives-paradise.com\/fr\/wp-json\/wp\/v2\/media\/9974"}],"wp:attachment":[{"href":"http:\/\/maldives-paradise.com\/fr\/wp-json\/wp\/v2\/media?parent=9973"}],"curies":[{"name":"wp","href":"https:\/\/api.w.org\/{rel}","templated":true}]}}