{"id":9961,"date":"2024-02-03T13:27:06","date_gmt":"2024-02-03T13:27:06","guid":{"rendered":"http:\/\/maldives-paradise.com\/?page_id=9961"},"modified":"2025-10-10T10:05:59","modified_gmt":"2025-10-10T10:05:59","slug":"station-balneaire-dinnahura-aux-maldives","status":"publish","type":"page","link":"http:\/\/maldives-paradise.com\/fr\/station-balneaire-dinnahura-aux-maldives\/","title":{"rendered":"Innahura Maldives Resort"},"content":{"rendered":"<div class=\"wpb-content-wrapper\"><div class=\"vc_row wpb_row vc_row-fluid\"><div class=\"wpb_column vc_column_container vc_col-sm-12\"><div class=\"vc_column-inner\"><div class=\"wpb_wrapper\">\n\t<div class=\"wpb_text_column wpb_content_element\" >\n\t\t<div class=\"wpb_wrapper\">\n\t\t\t<h3>Innahura Maldives Resort\u00a0: votre porte d&#039;entr\u00e9e vers le bonheur tropical<\/h3>\n\n\t\t<\/div>\n\t<\/div>\n<\/div><\/div><\/div><\/div><div class=\"vc_row wpb_row vc_row-fluid\"><div class=\"wpb_column vc_column_container vc_col-sm-12\"><div class=\"vc_column-inner\"><div class=\"wpb_wrapper\">\n\t<div class=\"wpb_video_widget wpb_content_element vc_clearfix   vc_video-aspect-ratio-169 vc_video-el-width-100 vc_video-align-left\" >\n\t\t<div class=\"wpb_wrapper\">\n\t\t\t\n\t\t\t<div class=\"wpb_video_wrapper\"><iframe loading=\"lazy\" title=\"Innahura Maldives Resort o\u00f9 la vie est facile !\" width=\"500\" height=\"281\" src=\"https:\/\/www.youtube.com\/embed\/iaEvkUiBs5w?feature=oembed\" frameborder=\"0\" allow=\"accelerometer; autoplay; clipboard-write; encrypted-media; gyroscope; picture-in-picture; web-share\" allowfullscreen><\/iframe><\/div>\n\t\t<\/div>\n\t<\/div>\n<\/div><\/div><\/div><\/div><div class=\"vc_row wpb_row vc_row-fluid\"><div class=\"wpb_column vc_column_container vc_col-sm-12\"><div class=\"vc_column-inner\"><div class=\"wpb_wrapper\">\n\t<div class=\"wpb_text_column wpb_content_element\" >\n\t\t<div class=\"wpb_wrapper\">\n\t\t\t<p>Les Maldives, avec leurs plages de sable blanc, leurs eaux cristallines et leur vie marine vibrante, sont un paradis tropical pas comme les autres. Nich\u00e9 dans ce cadre pittoresque se trouve l&#039;Innahura Maldives Resort, un paradis pour ceux qui recherchent une exp\u00e9rience insulaire authentique. Dans cet article optimis\u00e9 pour le r\u00e9f\u00e9rencement, nous examinerons ce qui fait <strong>Innahura Maldives Resort<\/strong> une destination recherch\u00e9e pour les voyageurs en qu\u00eate de d\u00e9tente, d&#039;aventure et du charme du paysage maldivien.<\/p>\n<p><strong>Emplacement et accessibilit\u00e9<\/strong><\/p>\n<p>Innahura Maldives Resort est strat\u00e9giquement situ\u00e9 sur la magnifique \u00eele d&#039;Innahura, au sein de l&#039;atoll de Lhaviyani. Pour atteindre ce paradis tropical, les clients peuvent choisir entre un transfert panoramique de 35 minutes en hydravion depuis l&#039;a\u00e9roport international de Velana ou un vol int\u00e9rieur vers l&#039;a\u00e9roport d&#039;Ifuru, suivi d&#039;une promenade en hors-bord. L&#039;acc\u00e8s transparent garantit que vos vacances commencent d\u00e8s votre arriv\u00e9e.<\/p>\n<p><strong>H\u00e9bergement<\/strong><\/p>\n<p>Le complexe propose une gamme d&#039;options d&#039;h\u00e9bergement confortables et charmantes pour r\u00e9pondre \u00e0 toutes les pr\u00e9f\u00e9rences. Des bungalows de plage aux villas sur pilotis, chaque unit\u00e9 est soigneusement con\u00e7ue pour offrir un m\u00e9lange de confort et de luxe de style insulaire. Avec des \u00e9quipements modernes et des terrasses priv\u00e9es surplombant les eaux turquoise, vous trouverez tranquillit\u00e9 et d\u00e9tente \u00e0 chaque coin de rue.<\/p>\n<p><strong>\u00c0 manger<\/strong><\/p>\n<p>Innahura Maldives Resort ravit vos papilles avec une vari\u00e9t\u00e9 d&#039;exp\u00e9riences culinaires. Le restaurant Dhandifulhu sert un d\u00e9licieux m\u00e9lange de cuisine internationale et maldivienne, vous assurant de savourer les saveurs de la r\u00e9gion. Pour une soir\u00e9e romantique, le complexe propose des d\u00eeners sur la plage sous les \u00e9toiles. Qu&#039;il s&#039;agisse de fruits de mer frais ou de plats internationaux, l&#039;\u00e9quipe culinaire du complexe vous garantit un voyage gastronomique m\u00e9morable.<\/p>\n<p><strong>Activit\u00e9s et aventures<\/strong><\/p>\n<p>Que vous soyez amateur d&#039;aventure ou en qu\u00eate de d\u00e9tente, la station r\u00e9pond \u00e0 tous les int\u00e9r\u00eats. Plongez dans le monde sous-marin anim\u00e9 avec des aventures de plong\u00e9e en apn\u00e9e et de plong\u00e9e sous-marine. Des sports nautiques comme la planche \u00e0 voile, le kayak et le paddleboard sont disponibles pour les amateurs de sensations fortes. Si vous recherchez la d\u00e9tente, le spa du complexe propose des soins rajeunissants pour chouchouter vos sens.<\/p>\n<p><strong>Durabilit\u00e9 et conservation<\/strong><\/p>\n<p>Innahura Maldives Resort s&#039;engage en faveur de pratiques durables et de conservation marine. Le complexe participe activement aux initiatives de restauration des coraux, au nettoyage des d\u00e9bris marins et soutient les efforts de conservation locaux. Les clients peuvent participer \u00e0 ces activit\u00e9s, contribuant ainsi positivement \u00e0 la protection du pr\u00e9cieux environnement des Maldives.<\/p>\n<p><strong>Exp\u00e9riences uniques<\/strong><\/p>\n<p>Pour rendre votre s\u00e9jour vraiment sp\u00e9cial, le complexe propose des exp\u00e9riences uniques telles que des croisi\u00e8res au coucher du soleil, des visites d&#039;\u00eele en \u00eele et des excursions guid\u00e9es de plong\u00e9e en apn\u00e9e sur les r\u00e9cifs voisins. Que vous souhaitiez explorer la culture locale, assister \u00e0 des couchers de soleil \u00e0 couper le souffle ou simplement vous d\u00e9tendre au paradis, Innahura Maldives Resort s&#039;assure qu&#039;il y en a pour tous les go\u00fbts.<\/p>\n<p><strong>Conclusion<\/strong><\/p>\n<p>En conclusion, Innahura Maldives Resort est une escapade tropicale idyllique qui promet une exp\u00e9rience inoubliable. Son emplacement \u00e0 couper le souffle, ses h\u00e9bergements confortables, sa cuisine d\u00e9licieuse et son engagement en faveur du d\u00e9veloppement durable en font le choix id\u00e9al pour les voyageurs en qu\u00eate de d\u00e9tente et d&#039;aventure. Que vous c\u00e9l\u00e9briez une occasion sp\u00e9ciale ou recherchiez une escapade ressour\u00e7ante, Innahura Maldives Resort offre une exp\u00e9rience qui vous laissera de pr\u00e9cieux souvenirs. R\u00e9servez votre s\u00e9jour d\u00e8s aujourd&#039;hui et embarquez pour un voyage remarquable au paradis aux Maldives.<\/p>\n\n\t\t<\/div>\n\t<\/div>\n<\/div><\/div><\/div><\/div><div class=\"vc_row wpb_row vc_row-fluid\"><div class=\"wpb_column vc_column_container vc_col-sm-12\"><div class=\"vc_column-inner\"><div class=\"wpb_wrapper\">\n\t<div class=\"wpb_text_column wpb_content_element\" >\n\t\t<div class=\"wpb_wrapper\">\n\t\t\t<h3><a title=\"Innahura Maldives Resort\" href=\"https:\/\/trip.tpo.lv\/O8n6srxB\" target=\"blanc2\" rel=\"nofollow\">V\u00e9rifiez la disponibilit\u00e9 et le meilleur prix \u00e0 l&#039;Innahura Maldives Resort ici &gt;&gt;<\/a><\/h3>\n\n\t\t<\/div>\n\t<\/div>\n<\/div><\/div><\/div><\/div>\n<\/div>","protected":false},"excerpt":{"rendered":"<div class=\"mh-excerpt\"><\/div>","protected":false},"author":1,"featured_media":9962,"parent":0,"menu_order":0,"comment_status":"closed","ping_status":"closed","template":"","meta":{"footnotes":""},"class_list":["post-9961","page","type-page","status-publish","has-post-thumbnail"],"aioseo_notices":[],"_links":{"self":[{"href":"http:\/\/maldives-paradise.com\/fr\/wp-json\/wp\/v2\/pages\/9961","targetHints":{"allow":["GET"]}}],"collection":[{"href":"http:\/\/maldives-paradise.com\/fr\/wp-json\/wp\/v2\/pages"}],"about":[{"href":"http:\/\/maldives-paradise.com\/fr\/wp-json\/wp\/v2\/types\/page"}],"author":[{"embeddable":true,"href":"http:\/\/maldives-paradise.com\/fr\/wp-json\/wp\/v2\/users\/1"}],"replies":[{"embeddable":true,"href":"http:\/\/maldives-paradise.com\/fr\/wp-json\/wp\/v2\/comments?post=9961"}],"version-history":[{"count":3,"href":"http:\/\/maldives-paradise.com\/fr\/wp-json\/wp\/v2\/pages\/9961\/revisions"}],"predecessor-version":[{"id":43459,"href":"http:\/\/maldives-paradise.com\/fr\/wp-json\/wp\/v2\/pages\/9961\/revisions\/43459"}],"wp:featuredmedia":[{"embeddable":true,"href":"http:\/\/maldives-paradise.com\/fr\/wp-json\/wp\/v2\/media\/9962"}],"wp:attachment":[{"href":"http:\/\/maldives-paradise.com\/fr\/wp-json\/wp\/v2\/media?parent=9961"}],"curies":[{"name":"wp","href":"https:\/\/api.w.org\/{rel}","templated":true}]}}