{"id":9952,"date":"2024-02-02T07:45:52","date_gmt":"2024-02-02T07:45:52","guid":{"rendered":"http:\/\/maldives-paradise.com\/?page_id=9952"},"modified":"2025-10-10T10:02:23","modified_gmt":"2025-10-10T10:02:23","slug":"hotel-riu-atoll","status":"publish","type":"page","link":"http:\/\/maldives-paradise.com\/fr\/hotel-riu-atoll\/","title":{"rendered":"H\u00f4tel Riu Atoll"},"content":{"rendered":"<div class=\"wpb-content-wrapper\"><div class=\"vc_row wpb_row vc_row-fluid\"><div class=\"wpb_column vc_column_container vc_col-sm-12\"><div class=\"vc_column-inner\"><div class=\"wpb_wrapper\">\n\t<div class=\"wpb_text_column wpb_content_element\" >\n\t\t<div class=\"wpb_wrapper\">\n\t\t\t<h3>D\u00e9couvrez le luxe tropical \u00e0 l&#039;h\u00f4tel Riu Atoll Maldives<\/h3>\n\n\t\t<\/div>\n\t<\/div>\n<\/div><\/div><\/div><\/div><div class=\"vc_row wpb_row vc_row-fluid\"><div class=\"wpb_column vc_column_container vc_col-sm-12\"><div class=\"vc_column-inner\"><div class=\"wpb_wrapper\">\n\t<div class=\"wpb_video_widget wpb_content_element vc_clearfix   vc_video-aspect-ratio-169 vc_video-el-width-100 vc_video-align-left\" >\n\t\t<div class=\"wpb_wrapper\">\n\t\t\t\n\t\t\t<div class=\"wpb_video_wrapper\"><iframe loading=\"lazy\" title=\"H\u00f4tel Riu Atoll et Riu Palace Maldivas - Tout compris Maldives - RIU Hotels &amp; Resorts\" width=\"500\" height=\"281\" src=\"https:\/\/www.youtube.com\/embed\/Be9M89BB248?feature=oembed\" frameborder=\"0\" allow=\"accelerometer; autoplay; clipboard-write; encrypted-media; gyroscope; picture-in-picture; web-share\" allowfullscreen><\/iframe><\/div>\n\t\t<\/div>\n\t<\/div>\n<\/div><\/div><\/div><\/div><div class=\"vc_row wpb_row vc_row-fluid\"><div class=\"wpb_column vc_column_container vc_col-sm-12\"><div class=\"vc_column-inner\"><div class=\"wpb_wrapper\">\n\t<div class=\"wpb_text_column wpb_content_element\" >\n\t\t<div class=\"wpb_wrapper\">\n\t\t\t<p>Les Maldives, un paradis tropical r\u00e9put\u00e9 pour ses magnifiques \u00eeles coralliennes et ses eaux bleues claires, sont une destination de r\u00eave pour les voyageurs en qu\u00eate d&#039;une escapade luxueuse. Parmi les nombreuses options, <strong>H\u00f4tel Riu Atoll<\/strong> L&#039;H\u00f4tel Riu Atoll se distingue comme un symbole de luxe et de d\u00e9tente. C&#039;est une destination inoubliable pour ceux qui recherchent le m\u00e9lange parfait de tranquillit\u00e9 et de plaisir.<\/p>\n<p><strong>Emplacement et accessibilit\u00e9<\/strong><\/p>\n<p>L&#039;h\u00f4tel Riu Atoll est strat\u00e9giquement situ\u00e9 sur l&#039;\u00eele de Maafushi, une partie de l&#039;atoll de Mal\u00e9 Sud. Le complexe est accessible via un trajet panoramique en hors-bord de 45 minutes depuis l&#039;a\u00e9roport international de Velana, ce qui permet aux clients de commencer leurs vacances juste apr\u00e8s leur arriv\u00e9e.<\/p>\n<p><strong>H\u00e9bergement<\/strong><\/p>\n<p>Le complexe propose une s\u00e9lection d&#039;h\u00e9bergements exquis, notamment des bungalows sur pilotis et des villas en bord de mer. Chaque unit\u00e9 est con\u00e7ue avec go\u00fbt et \u00e9quip\u00e9e d&#039;\u00e9quipements modernes pour assurer un s\u00e9jour confortable et agr\u00e9able. Les bungalows sur pilotis offrent un acc\u00e8s direct au lagon aux eaux cristallines, offrant une exp\u00e9rience in\u00e9gal\u00e9e de luxe tropical.<\/p>\n<p><strong>\u00c0 manger<\/strong><\/p>\n<p>L&#039;Hotel Riu Atoll propose une offre de restauration vari\u00e9e qui vous fera vivre une exp\u00e9rience culinaire de haut niveau. Le restaurant principal du complexe, le Maani, propose une d\u00e9licieuse cuisine internationale et maldivienne. Vous pourrez \u00e9galement savourer des sp\u00e9cialit\u00e9s japonaises au Sakura ou vous r\u00e9galer de fruits de mer frais au Krystal. Avec plusieurs restaurants parmi lesquels choisir, chaque repas devient un voyage exquis pour vos papilles gustatives.<\/p>\n<p><strong>Activit\u00e9s et aventures<\/strong><\/p>\n<p>Le complexe propose un large \u00e9ventail d&#039;activit\u00e9s et d&#039;aventures \u00e0 ses clients. Explorez la vie marine anim\u00e9e avec des excursions de plong\u00e9e avec tuba ou de plong\u00e9e sous-marine. Pratiquez des sports nautiques tels que la planche \u00e0 voile et le kayak. Si la d\u00e9tente est votre objectif, d\u00e9tendez-vous au spa, o\u00f9 une gamme de soins rajeunissants vous attend.<\/p>\n<p><strong>Durabilit\u00e9 et conservation<\/strong><\/p>\n<p>L&#039;Hotel Riu Atoll s&#039;engage \u00e0 adopter des pratiques durables et \u00e0 pr\u00e9server le milieu marin. Le complexe participe activement \u00e0 des projets de restauration des coraux et soutient les initiatives environnementales locales. Les clients sont encourag\u00e9s \u00e0 en savoir plus sur ces efforts et \u00e0 contribuer positivement \u00e0 la pr\u00e9servation du fragile \u00e9cosyst\u00e8me des Maldives.<\/p>\n<p><strong>Exp\u00e9riences uniques<\/strong><\/p>\n<p>Pour rendre votre s\u00e9jour vraiment m\u00e9morable, le complexe propose des exp\u00e9riences uniques telles que des croisi\u00e8res au coucher du soleil, l&#039;observation des dauphins et des excursions guid\u00e9es sur l&#039;\u00eele. Que vous souhaitiez d\u00e9couvrir la culture locale, profiter de couchers de soleil \u00e0 couper le souffle ou simplement vous d\u00e9tendre au paradis, l&#039;Hotel Riu Atoll saura satisfaire tous vos besoins.<\/p>\n<p><strong>Conclusion<\/strong><\/p>\n<p>En conclusion, l&#039;h\u00f4tel Riu Atoll est un paradis tropical qui promet une escapade extraordinaire. Son emplacement \u00e0 couper le souffle, ses h\u00e9bergements luxueux, sa cuisine vari\u00e9e et son engagement envers le d\u00e9veloppement durable en font le choix id\u00e9al pour les voyageurs en qu\u00eate de d\u00e9tente et d&#039;aventure. Que vous c\u00e9l\u00e9briez une occasion sp\u00e9ciale ou que vous recherchiez une escapade revigorante, l&#039;h\u00f4tel Riu Atoll offre une exp\u00e9rience qui cr\u00e9e des souvenirs durables. R\u00e9servez votre s\u00e9jour d\u00e8s aujourd&#039;hui et embarquez pour un voyage inoubliable au paradis des Maldives.<\/p>\n\n\t\t<\/div>\n\t<\/div>\n<\/div><\/div><\/div><\/div><div class=\"vc_row wpb_row vc_row-fluid\"><div class=\"wpb_column vc_column_container vc_col-sm-12\"><div class=\"vc_column-inner\"><div class=\"wpb_wrapper\">\n\t<div class=\"wpb_text_column wpb_content_element\" >\n\t\t<div class=\"wpb_wrapper\">\n\t\t\t<h3><a title=\"H\u00f4tel Riu Atoll\" href=\"https:\/\/trip.tpo.lv\/ivrhmuNj\" target=\"blanc2\" rel=\"nofollow\">V\u00e9rifiez les disponibilit\u00e9s et les meilleurs prix \u00e0 l&#039;h\u00f4tel Riu Atoll ici &gt;&gt;<\/a><\/h3>\n\n\t\t<\/div>\n\t<\/div>\n<\/div><\/div><\/div><\/div>\n<\/div>","protected":false},"excerpt":{"rendered":"<div class=\"mh-excerpt\"><\/div>","protected":false},"author":1,"featured_media":9953,"parent":0,"menu_order":0,"comment_status":"closed","ping_status":"closed","template":"","meta":{"footnotes":""},"class_list":["post-9952","page","type-page","status-publish","has-post-thumbnail"],"aioseo_notices":[],"_links":{"self":[{"href":"http:\/\/maldives-paradise.com\/fr\/wp-json\/wp\/v2\/pages\/9952","targetHints":{"allow":["GET"]}}],"collection":[{"href":"http:\/\/maldives-paradise.com\/fr\/wp-json\/wp\/v2\/pages"}],"about":[{"href":"http:\/\/maldives-paradise.com\/fr\/wp-json\/wp\/v2\/types\/page"}],"author":[{"embeddable":true,"href":"http:\/\/maldives-paradise.com\/fr\/wp-json\/wp\/v2\/users\/1"}],"replies":[{"embeddable":true,"href":"http:\/\/maldives-paradise.com\/fr\/wp-json\/wp\/v2\/comments?post=9952"}],"version-history":[{"count":4,"href":"http:\/\/maldives-paradise.com\/fr\/wp-json\/wp\/v2\/pages\/9952\/revisions"}],"predecessor-version":[{"id":43458,"href":"http:\/\/maldives-paradise.com\/fr\/wp-json\/wp\/v2\/pages\/9952\/revisions\/43458"}],"wp:featuredmedia":[{"embeddable":true,"href":"http:\/\/maldives-paradise.com\/fr\/wp-json\/wp\/v2\/media\/9953"}],"wp:attachment":[{"href":"http:\/\/maldives-paradise.com\/fr\/wp-json\/wp\/v2\/media?parent=9952"}],"curies":[{"name":"wp","href":"https:\/\/api.w.org\/{rel}","templated":true}]}}