{"id":9773,"date":"2024-01-30T07:44:09","date_gmt":"2024-01-30T07:44:09","guid":{"rendered":"http:\/\/maldives-paradise.com\/?page_id=9773"},"modified":"2025-10-10T06:58:21","modified_gmt":"2025-10-10T06:58:21","slug":"station-balneaire-de-lile-deriyadu","status":"publish","type":"page","link":"http:\/\/maldives-paradise.com\/fr\/station-balneaire-de-lile-deriyadu\/","title":{"rendered":"H\u00f4tel \u00e0 l&#039;\u00eele d&#039;Eriyadu"},"content":{"rendered":"<div class=\"wpb-content-wrapper\"><div class=\"vc_row wpb_row vc_row-fluid\"><div class=\"wpb_column vc_column_container vc_col-sm-12\"><div class=\"vc_column-inner\"><div class=\"wpb_wrapper\">\n\t<div class=\"wpb_text_column wpb_content_element\" >\n\t\t<div class=\"wpb_wrapper\">\n\t\t\t<h3>Eriyadu Island Resort\u00a0: un joyau cach\u00e9 dans un paradis tropical<\/h3>\n\n\t\t<\/div>\n\t<\/div>\n<\/div><\/div><\/div><\/div><div class=\"vc_row wpb_row vc_row-fluid\"><div class=\"wpb_column vc_column_container vc_col-sm-12\"><div class=\"vc_column-inner\"><div class=\"wpb_wrapper\">\n\t<div class=\"wpb_video_widget wpb_content_element vc_clearfix   vc_video-aspect-ratio-169 vc_video-el-width-100 vc_video-align-left\" >\n\t\t<div class=\"wpb_wrapper\">\n\t\t\t\n\t\t\t<div class=\"wpb_video_wrapper\"><iframe loading=\"lazy\" title=\"Eriyadu Island Resort Centre de vill\u00e9giature\" width=\"500\" height=\"281\" src=\"https:\/\/www.youtube.com\/embed\/eeM69RiJwO8?feature=oembed\" frameborder=\"0\" allow=\"accelerometer; autoplay; clipboard-write; encrypted-media; gyroscope; picture-in-picture; web-share\" allowfullscreen><\/iframe><\/div>\n\t\t<\/div>\n\t<\/div>\n<\/div><\/div><\/div><\/div><div class=\"vc_row wpb_row vc_row-fluid\"><div class=\"wpb_column vc_column_container vc_col-sm-12\"><div class=\"vc_column-inner\"><div class=\"wpb_wrapper\">\n\t<div class=\"wpb_text_column wpb_content_element\" >\n\t\t<div class=\"wpb_wrapper\">\n\t\t\t<p>Nich\u00e9 au c\u0153ur de l&#039;oc\u00e9an Indien, le <strong>H\u00f4tel \u00e0 l&#039;\u00eele d&#039;Eriyadu<\/strong> est une oasis tranquille qui promet une escapade inoubliable aux Maldives. Situ\u00e9 sur l&#039;\u00eele isol\u00e9e d&#039;Eriyadu, ce complexe allie beaut\u00e9 naturelle, d\u00e9tente et aventures aquatiques pour cr\u00e9er un refuge idyllique pour les voyageurs en qu\u00eate de s\u00e9r\u00e9nit\u00e9 aux Maldives.<\/p>\n<p><strong>Arriv\u00e9e au paradis<\/strong><\/p>\n<p>Votre voyage \u00e0 l&#039;Eriyadu Island Resort commence par un transfert panoramique en hors-bord depuis l&#039;a\u00e9roport international de Mal\u00e9. En vous approchant de l&#039;\u00eele, vous serez accueilli par un sable blanc immacul\u00e9, une v\u00e9g\u00e9tation tropicale luxuriante et la promesse d&#039;une \u00e9vasion extraordinaire.<\/p>\n<p><strong>H\u00e9bergement confortable<\/strong><\/p>\n<p>Le complexe propose une gamme d&#039;h\u00e9bergements confortables con\u00e7us pour se fondre dans l&#039;environnement naturel tout en offrant le confort moderne. Choisissez parmi des bungalows en bord de mer ou des villas sur pilotis, chacune soigneusement con\u00e7ue avec des terrasses priv\u00e9es et un acc\u00e8s direct \u00e0 la plage ou au lagon. Endormez-vous au son apaisant des vagues de l&#039;oc\u00e9an et r\u00e9veillez-vous avec la douce \u00e9treinte de la brise tropicale.<\/p>\n<p><strong>D\u00e9lices culinaires<\/strong><\/p>\n<p>L&#039;Eriyadu Island Resort propose une vari\u00e9t\u00e9 d&#039;options de restauration qui satisferont tous les palais. Le restaurant principal, Sufura, propose des buffets internationaux avec des soir\u00e9es \u00e0 th\u00e8me, garantissant une exp\u00e9rience culinaire diversifi\u00e9e. Le restaurant et bar exclusif Sunset offre une vue imprenable sur l&#039;oc\u00e9an et une cuisine exquise. Pour une exp\u00e9rience culinaire romantique, savourez un d\u00eener priv\u00e9 aux chandelles sur la plage.<\/p>\n<p><strong>Aventures aquatiques<\/strong><\/p>\n<p>Les Maldives sont r\u00e9put\u00e9es pour leur vie marine dynamique et l&#039;Eriyadu Island Resort vous permet de l&#039;explorer de pr\u00e8s. Le centre de plong\u00e9e certifi\u00e9 PADI du complexe propose des exp\u00e9riences de plong\u00e9e r\u00e9v\u00e9lant des r\u00e9cifs coralliens \u00e0 couper le souffle, des rencontres avec une vie marine color\u00e9e et m\u00eame des opportunit\u00e9s de nager avec de majestueuses raies manta et des requins de r\u00e9cif. Des safaris de plong\u00e9e en apn\u00e9e et guid\u00e9s sont \u00e9galement disponibles.<\/p>\n<p><strong>Sports nautiques et activit\u00e9s de loisirs<\/strong><\/p>\n<p>En plus de la plong\u00e9e et du snorkeling, le complexe propose une gamme de sports nautiques et d&#039;activit\u00e9s terrestres. Essayez-vous \u00e0 la planche \u00e0 voile, au paddleboard ou au kayak. Participez \u00e0 une partie amicale de beach-volley ou de badminton. Suivez votre programme de remise en forme \u00e0 la salle de sport ou offrez-vous un soin spa apaisant au Coconut Spa.<\/p>\n<p><strong>Retraite familiale<\/strong><\/p>\n<p>Eriyadu Island Resort est une destination id\u00e9ale pour les familles, proposant un h\u00e9bergement familial, une piscine pour enfants et un club pour enfants avec des activit\u00e9s supervis\u00e9es. Pendant que les parents se lancent dans leurs propres aventures, les enfants peuvent avoir leur propre part de plaisir et de divertissement.<\/p>\n<p><strong>Escapades romantiques<\/strong><\/p>\n<p>Pour les couples en qu\u00eate d&#039;une escapade romantique, le complexe propose des exp\u00e9riences culinaires intimes, des soins de spa pour couples et des croisi\u00e8res au coucher du soleil. La beaut\u00e9 naturelle sereine de l\u2019\u00eele d\u2019Eriyadu ouvre la voie \u00e0 des moments pr\u00e9cieux ensemble.<\/p>\n<p><strong>Engagement \u00e9cologique<\/strong><\/p>\n<p>Le complexe se consacre aux pratiques de tourisme durable, participant activement aux projets de restauration des coraux et aux efforts de conservation de l&#039;environnement. S&#039;engager dans leurs initiatives \u00e9coresponsables pour contribuer \u00e0 la pr\u00e9servation de l&#039;\u00e9cosyst\u00e8me marin.<\/p>\n<p><strong>Conclusion<\/strong><\/p>\n<p>Eriyadu Island Resort Maldives n&#039;est pas seulement une destination de vacances ; c&#039;est une invitation \u00e0 renouer avec la nature et \u00e0 embrasser la s\u00e9r\u00e9nit\u00e9 des Maldives. Que vous recherchiez l&#039;aventure sous les vagues, la d\u00e9tente sur des plages immacul\u00e9es ou une escapade romantique, ce complexe vous offre tout. Avec une hospitalit\u00e9 chaleureuse et un cadre \u00e0 couper le souffle, Eriyadu Island Resort vous invite \u00e0 cr\u00e9er des souvenirs imp\u00e9rissables dans ce coin serein des Maldives.<\/p>\n<p>D\u00e9couvrez la magie des Maldives \u00e0 l&#039;Eriyadu Island Resort, o\u00f9 nature et confort se combinent pour cr\u00e9er une retraite sans pr\u00e9c\u00e9dent. Faites de vos r\u00eaves d&#039;\u00e9vasion aux Maldives une r\u00e9alit\u00e9 et plongez-vous dans la beaut\u00e9 extraordinaire qui vous entoure.<\/p>\n\n\t\t<\/div>\n\t<\/div>\n<\/div><\/div><\/div><\/div><div class=\"vc_row wpb_row vc_row-fluid\"><div class=\"wpb_column vc_column_container vc_col-sm-12\"><div class=\"vc_column-inner\"><div class=\"wpb_wrapper\">\n\t<div class=\"wpb_text_column wpb_content_element\" >\n\t\t<div class=\"wpb_wrapper\">\n\t\t\t<h3><a title=\"H\u00f4tel \u00e0 l&#039;\u00eele d&#039;Eriyadu\" href=\"https:\/\/trip.tpo.lv\/tqs16qtu\" target=\"blanc2\" rel=\"nofollow\">V\u00e9rifiez la disponibilit\u00e9 et le meilleur prix \u00e0 Eriyadu Island Resort ici &gt;&gt;<\/a><\/h3>\n\n\t\t<\/div>\n\t<\/div>\n<\/div><\/div><\/div><\/div>\n<\/div>","protected":false},"excerpt":{"rendered":"<div class=\"mh-excerpt\"><\/div>","protected":false},"author":1,"featured_media":9774,"parent":0,"menu_order":0,"comment_status":"closed","ping_status":"closed","template":"","meta":{"footnotes":""},"class_list":["post-9773","page","type-page","status-publish","has-post-thumbnail"],"aioseo_notices":[],"_links":{"self":[{"href":"http:\/\/maldives-paradise.com\/fr\/wp-json\/wp\/v2\/pages\/9773","targetHints":{"allow":["GET"]}}],"collection":[{"href":"http:\/\/maldives-paradise.com\/fr\/wp-json\/wp\/v2\/pages"}],"about":[{"href":"http:\/\/maldives-paradise.com\/fr\/wp-json\/wp\/v2\/types\/page"}],"author":[{"embeddable":true,"href":"http:\/\/maldives-paradise.com\/fr\/wp-json\/wp\/v2\/users\/1"}],"replies":[{"embeddable":true,"href":"http:\/\/maldives-paradise.com\/fr\/wp-json\/wp\/v2\/comments?post=9773"}],"version-history":[{"count":3,"href":"http:\/\/maldives-paradise.com\/fr\/wp-json\/wp\/v2\/pages\/9773\/revisions"}],"predecessor-version":[{"id":43429,"href":"http:\/\/maldives-paradise.com\/fr\/wp-json\/wp\/v2\/pages\/9773\/revisions\/43429"}],"wp:featuredmedia":[{"embeddable":true,"href":"http:\/\/maldives-paradise.com\/fr\/wp-json\/wp\/v2\/media\/9774"}],"wp:attachment":[{"href":"http:\/\/maldives-paradise.com\/fr\/wp-json\/wp\/v2\/media?parent=9773"}],"curies":[{"name":"wp","href":"https:\/\/api.w.org\/{rel}","templated":true}]}}