{"id":9769,"date":"2024-01-30T07:34:55","date_gmt":"2024-01-30T07:34:55","guid":{"rendered":"http:\/\/maldives-paradise.com\/?page_id=9769"},"modified":"2025-10-10T07:00:54","modified_gmt":"2025-10-10T07:00:54","slug":"derive-thelu-veliga-retraite","status":"publish","type":"page","link":"http:\/\/maldives-paradise.com\/fr\/derive-thelu-veliga-retraite\/","title":{"rendered":"Retraite Drift Thelu Veliga"},"content":{"rendered":"<div class=\"wpb-content-wrapper\"><div class=\"vc_row wpb_row vc_row-fluid\"><div class=\"wpb_column vc_column_container vc_col-sm-12\"><div class=\"vc_column-inner\"><div class=\"wpb_wrapper\">\n\t<div class=\"wpb_text_column wpb_content_element\" >\n\t\t<div class=\"wpb_wrapper\">\n\t\t\t<h3>Drift Thelu Veliga Retreat \u2013 Une \u00eele paradisiaque isol\u00e9e<\/h3>\n\n\t\t<\/div>\n\t<\/div>\n<\/div><\/div><\/div><\/div><div class=\"vc_row wpb_row vc_row-fluid\"><div class=\"wpb_column vc_column_container vc_col-sm-12\"><div class=\"vc_column-inner\"><div class=\"wpb_wrapper\">\n\t<div class=\"wpb_video_widget wpb_content_element vc_clearfix   vc_video-aspect-ratio-169 vc_video-el-width-100 vc_video-align-left\" >\n\t\t<div class=\"wpb_wrapper\">\n\t\t\t\n\t\t\t<div class=\"wpb_video_wrapper\"><iframe loading=\"lazy\" title=\"Drift Thelu Veliga Retreat - Sanctuaire immacul\u00e9 des Maldives\" width=\"500\" height=\"281\" src=\"https:\/\/www.youtube.com\/embed\/mkCxyLXrEMw?feature=oembed\" frameborder=\"0\" allow=\"accelerometer; autoplay; clipboard-write; encrypted-media; gyroscope; picture-in-picture; web-share\" allowfullscreen><\/iframe><\/div>\n\t\t<\/div>\n\t<\/div>\n<\/div><\/div><\/div><\/div><div class=\"vc_row wpb_row vc_row-fluid\"><div class=\"wpb_column vc_column_container vc_col-sm-12\"><div class=\"vc_column-inner\"><div class=\"wpb_wrapper\">\n\t<div class=\"wpb_text_column wpb_content_element\" >\n\t\t<div class=\"wpb_wrapper\">\n\t\t\t<p>Le Drift Thelu Veliga Retreat est un havre exclusif qui promet une exp\u00e9rience maldivienne in\u00e9gal\u00e9e. Nich\u00e9 sur l&#039;\u00eele isol\u00e9e de Thelu Veliga, ce complexe h\u00f4telier combine les \u00e9l\u00e9ments les plus purs de la nature avec un confort luxueux, offrant aux voyageurs exigeants l&#039;occasion de se pr\u00e9lasser dans la beaut\u00e9 immacul\u00e9e des Maldives.<\/p>\n<p><strong>Une \u00eele paradisiaque isol\u00e9e<\/strong><\/p>\n<p>Accessible via un hydravion panoramique ou un hors-bord depuis l&#039;a\u00e9roport international de Mal\u00e9, le Drift Thelu Veliga Retreat accueille ses clients sur son \u00eele priv\u00e9e \u00e0 bras ouverts et sur des plages immacul\u00e9es. En marchant sur le sable blanc et doux, vous serez captiv\u00e9 par la s\u00e9r\u00e9nit\u00e9 et la beaut\u00e9 naturelle qui enveloppent cette retraite isol\u00e9e.<\/p>\n<p><strong>H\u00e9bergements intimes<\/strong><\/p>\n<p>Le complexe propose une collection d&#039;h\u00e9bergements intimes et respectueux de l&#039;environnement, con\u00e7us pour vous immerger dans la nature tout en offrant le confort ultime. Choisissez parmi des villas en bord de mer ou des bungalows sur pilotis, chacun soigneusement con\u00e7u dans un souci de durabilit\u00e9. Ouvrez votre porte \u00e0 un monde de tranquillit\u00e9, o\u00f9 le bruit des vagues de l&#039;oc\u00e9an vous endormit et o\u00f9 les levers et couchers de soleil ornent votre v\u00e9randa priv\u00e9e.<\/p>\n<p><strong>D\u00e9lices culinaires en pleine nature<\/strong><\/p>\n<p>Drift Thelu Veliga Retreat est fier de ses offres culinaires, en mettant l&#039;accent sur les ingr\u00e9dients frais d&#039;origine locale. Le Sand Restaurant &amp; Bar propose une cuisine internationale et maldivienne, garantissant un d\u00e9licieux voyage culinaire pour tous les go\u00fbts. Pour une exp\u00e9rience romantique et intime, d\u00eenez sur la plage, les pieds dans le sable, et offrez-vous un d\u00eener priv\u00e9 aux chandelles sous les \u00e9toiles.<\/p>\n<p><strong>Plongez dans les merveilles marines<\/strong><\/p>\n<p>Les Maldives sont r\u00e9put\u00e9es pour leur monde sous-marin \u00e0 couper le souffle, et le Drift Thelu Veliga Retreat vous offre la chance de l&#039;explorer par vous-m\u00eame. Plongez dans les eaux cristallines pour d\u00e9couvrir des r\u00e9cifs coralliens vibrants, une vie marine color\u00e9e et m\u00eame de majestueuses raies manta. La plong\u00e9e en apn\u00e9e, la plong\u00e9e sous-marine et des excursions guid\u00e9es sont disponibles pour les clients de tous niveaux.<\/p>\n<p><strong>Aventures aquatiques et explorations terrestres<\/strong><\/p>\n<p>En plus des activit\u00e9s nautiques, la station propose toute une gamme d&#039;aventures terrestres. Profitez du paddleboard, du kayak ou faites une balade \u00e0 v\u00e9lo pour explorer la v\u00e9g\u00e9tation luxuriante et les environs sereins de l&#039;\u00eele. La salle de sport sur place vous permet de maintenir votre routine de remise en forme, tandis que le spa propose une gamme de soins rajeunissants.<\/p>\n<p><strong>Engagement \u00e9cologique<\/strong><\/p>\n<p>Drift Thelu Veliga Retreat accorde une grande importance \u00e0 la durabilit\u00e9 et \u00e0 la gestion de l&#039;environnement. Le complexe participe activement aux projets de restauration des coraux, minimisant son empreinte carbone et soutenant les communaut\u00e9s locales. S&#039;engager dans leurs initiatives \u00e9coresponsables pour contribuer \u00e0 la pr\u00e9servation du fragile \u00e9cosyst\u00e8me marin.<\/p>\n<p><strong>Romance isol\u00e9e<\/strong><\/p>\n<p>Pour les couples \u00e0 la recherche d&#039;une escapade intime et romantique, le complexe propose des d\u00eeners priv\u00e9s, des soins de spa en couple et des croisi\u00e8res tranquilles au coucher du soleil. La beaut\u00e9 naturelle intacte de l&#039;\u00eele de Thelu Veliga offre le cadre id\u00e9al pour des moments pr\u00e9cieux ensemble.<\/p>\n<p><strong>Conclusion<\/strong><\/p>\n<p>Drift Thelu Veliga Retreat Maldives n&#039;est pas seulement une destination de vacances ; c&#039;est une invitation \u00e0 renouer avec la nature et \u00e0 embrasser la s\u00e9r\u00e9nit\u00e9 des Maldives. Que vous recherchiez l&#039;aventure sous les vagues, la d\u00e9tente sur des plages immacul\u00e9es ou une escapade romantique, cette retraite respectueuse de l&#039;environnement vous offre tout. Avec une hospitalit\u00e9 chaleureuse et un engagement \u00e0 pr\u00e9server l&#039;environnement, Drift Thelu Veliga Retreat vous invite \u00e0 cr\u00e9er des souvenirs imp\u00e9rissables dans ce paradis pr\u00e9serv\u00e9.<\/p>\n<p>D\u00e9couvrez la magie des Maldives au Drift Thelu Veliga Retreat, o\u00f9 nature et luxe s&#039;harmonisent pour cr\u00e9er une retraite inoubliable. Faites de vos r\u00eaves d&#039;\u00e9vasion aux Maldives une r\u00e9alit\u00e9 et plongez-vous dans la splendeur naturelle qui vous entoure.<\/p>\n\n\t\t<\/div>\n\t<\/div>\n<\/div><\/div><\/div><\/div><div class=\"vc_row wpb_row vc_row-fluid\"><div class=\"wpb_column vc_column_container vc_col-sm-12\"><div class=\"vc_column-inner\"><div class=\"wpb_wrapper\">\n\t<div class=\"wpb_text_column wpb_content_element\" >\n\t\t<div class=\"wpb_wrapper\">\n\t\t\t<h3><a title=\"Retraite Drift Thelu Veliga\" href=\"https:\/\/trip.tpo.lv\/UACP5war\" target=\"blanc2\" rel=\"nofollow\">Check availability and best price at Drift Thelu Veliga Retreat here &gt;&gt;<\/a><\/h3>\n\n\t\t<\/div>\n\t<\/div>\n<\/div><\/div><\/div><\/div>\n<\/div>","protected":false},"excerpt":{"rendered":"<div class=\"mh-excerpt\"><\/div>","protected":false},"author":1,"featured_media":9770,"parent":0,"menu_order":0,"comment_status":"closed","ping_status":"closed","template":"","meta":{"footnotes":""},"class_list":["post-9769","page","type-page","status-publish","has-post-thumbnail"],"aioseo_notices":[],"_links":{"self":[{"href":"http:\/\/maldives-paradise.com\/fr\/wp-json\/wp\/v2\/pages\/9769","targetHints":{"allow":["GET"]}}],"collection":[{"href":"http:\/\/maldives-paradise.com\/fr\/wp-json\/wp\/v2\/pages"}],"about":[{"href":"http:\/\/maldives-paradise.com\/fr\/wp-json\/wp\/v2\/types\/page"}],"author":[{"embeddable":true,"href":"http:\/\/maldives-paradise.com\/fr\/wp-json\/wp\/v2\/users\/1"}],"replies":[{"embeddable":true,"href":"http:\/\/maldives-paradise.com\/fr\/wp-json\/wp\/v2\/comments?post=9769"}],"version-history":[{"count":3,"href":"http:\/\/maldives-paradise.com\/fr\/wp-json\/wp\/v2\/pages\/9769\/revisions"}],"predecessor-version":[{"id":43430,"href":"http:\/\/maldives-paradise.com\/fr\/wp-json\/wp\/v2\/pages\/9769\/revisions\/43430"}],"wp:featuredmedia":[{"embeddable":true,"href":"http:\/\/maldives-paradise.com\/fr\/wp-json\/wp\/v2\/media\/9770"}],"wp:attachment":[{"href":"http:\/\/maldives-paradise.com\/fr\/wp-json\/wp\/v2\/media?parent=9769"}],"curies":[{"name":"wp","href":"https:\/\/api.w.org\/{rel}","templated":true}]}}