{"id":9641,"date":"2024-01-28T18:19:31","date_gmt":"2024-01-28T18:19:31","guid":{"rendered":"http:\/\/maldives-paradise.com\/?page_id=9641"},"modified":"2025-10-09T16:20:41","modified_gmt":"2025-10-09T16:20:41","slug":"leco-hotel-pieds-nus","status":"publish","type":"page","link":"http:\/\/maldives-paradise.com\/fr\/leco-hotel-pieds-nus\/","title":{"rendered":"L\u2019\u00e9co-h\u00f4tel aux pieds nus"},"content":{"rendered":"<div class=\"wpb-content-wrapper\"><div class=\"vc_row wpb_row vc_row-fluid\"><div class=\"wpb_column vc_column_container vc_col-sm-12\"><div class=\"vc_column-inner\"><div class=\"wpb_wrapper\">\n\t<div class=\"wpb_text_column wpb_content_element\" >\n\t\t<div class=\"wpb_wrapper\">\n\t\t\t<h3>Le Barefoot Eco Hotel \u2013 une oasis durable aux Maldives<\/h3>\n\n\t\t<\/div>\n\t<\/div>\n<\/div><\/div><\/div><\/div><div class=\"vc_row wpb_row vc_row-fluid\"><div class=\"wpb_column vc_column_container vc_col-sm-12\"><div class=\"vc_column-inner\"><div class=\"wpb_wrapper\">\n\t<div class=\"wpb_video_widget wpb_content_element vc_clearfix   vc_video-aspect-ratio-169 vc_video-el-width-100 vc_video-align-left\" >\n\t\t<div class=\"wpb_wrapper\">\n\t\t\t\n\t\t\t<div class=\"wpb_video_wrapper\"><iframe loading=\"lazy\" title=\"H\u00f4tel \u00e9cologique The Barefoot - Hanimaadhoo Maldives\" width=\"500\" height=\"281\" src=\"https:\/\/www.youtube.com\/embed\/6-YQWRDt3q8?feature=oembed\" frameborder=\"0\" allow=\"accelerometer; autoplay; clipboard-write; encrypted-media; gyroscope; picture-in-picture; web-share\" allowfullscreen><\/iframe><\/div>\n\t\t<\/div>\n\t<\/div>\n<\/div><\/div><\/div><\/div><div class=\"vc_row wpb_row vc_row-fluid\"><div class=\"wpb_column vc_column_container vc_col-sm-12\"><div class=\"vc_column-inner\"><div class=\"wpb_wrapper\">\n\t<div class=\"wpb_text_column wpb_content_element\" >\n\t\t<div class=\"wpb_wrapper\">\n\t\t\t<p>Situ\u00e9 au c\u0153ur de l&#039;Oc\u00e9an Indien, <strong>L\u2019\u00e9co-h\u00f4tel aux pieds nus<\/strong> est une retraite unique et respectueuse de l&#039;environnement qui offre aux voyageurs une exp\u00e9rience maldivienne exceptionnelle. Nich\u00e9 sur la magnifique \u00eele de Hanimadhoo, ce havre \u00e9cologique allie luxe, durabilit\u00e9 et aventure pour cr\u00e9er une escapade m\u00e9morable pour les amoureux de la nature et les voyageurs soucieux de l&#039;environnement.<\/p>\n<p><strong>Arriv\u00e9e au paradis<\/strong><\/p>\n<p>Pour rejoindre le Barefoot Eco Hotel, les clients prennent un vol int\u00e9rieur de l&#039;a\u00e9roport international de Mal\u00e9 \u00e0 l&#039;a\u00e9roport de Hanimadhoo, suivi d&#039;un court transfert en hors-bord. Le voyage lui-m\u00eame donne un aper\u00e7u de la beaut\u00e9 naturelle \u00e9poustouflante qui vous attend.<\/p>\n<p><strong>H\u00e9bergements \u00e9cologiques<\/strong><\/p>\n<p>Le Barefoot Eco Hotel est r\u00e9put\u00e9 pour son engagement en faveur du d\u00e9veloppement durable. Le complexe propose une vari\u00e9t\u00e9 d\u2019h\u00e9bergements con\u00e7us dans un souci de respect de l\u2019environnement. Des villas spacieuses en bord de mer aux bungalows sur pilotis, chaque chambre allie confort moderne et pratiques respectueuses de l&#039;environnement. Les panneaux solaires, la r\u00e9cup\u00e9ration de l&#039;eau de pluie et les appareils \u00e9conomes en \u00e9nergie contribuent \u00e0 la philosophie \u00e9cologique de la station.<\/p>\n<p><strong>Savourer une cuisine durable<\/strong><\/p>\n<p>Le restaurant du complexe, \u00ab Dhivehi \u00bb, est sp\u00e9cialis\u00e9 dans la cuisine biologique et locale. Le menu propose une fusion de saveurs maldiviennes et de plats internationaux. D\u00eenez au milieu de jardins luxuriants tout en appr\u00e9ciant les ingr\u00e9dients les plus frais r\u00e9colt\u00e9s dans les fermes locales.<\/p>\n<p><strong>Embrassez la nature<\/strong><\/p>\n<p>Au Barefoot Eco Hotel, la nature occupe une place centrale. La propri\u00e9t\u00e9 est entour\u00e9e d&#039;une v\u00e9g\u00e9tation tropicale luxuriante et les plages immacul\u00e9es abritent des tortues de mer en train de nicher. Des promenades guid\u00e9es dans la nature, l&#039;observation des oiseaux et des randonn\u00e9es \u00e0 v\u00e9lo permettent aux clients d&#039;explorer la flore et la faune uniques de l&#039;\u00eele.<\/p>\n<p><strong>Aventures marines<\/strong><\/p>\n<p>Le centre de plong\u00e9e PADI 5 \u00e9toiles du complexe propose une gamme d&#039;aventures aquatiques, notamment de la plong\u00e9e en apn\u00e9e, de la plong\u00e9e sous-marine et m\u00eame des excursions avec les requins baleines. Explorez les r\u00e9cifs coralliens vibrants et nagez aux c\u00f4t\u00e9s d&#039;une grande vari\u00e9t\u00e9 de vie marine. Le complexe se consacre aux efforts de restauration des coraux, contribuant \u00e0 la pr\u00e9servation de cet \u00e9cosyst\u00e8me fragile.<\/p>\n<p><strong>Initiatives \u00e9cologiques<\/strong><\/p>\n<p>Le Barefoot Eco Hotel est un pionnier du tourisme durable aux Maldives. Ils participent activement \u00e0 des initiatives de conservation, telles que des programmes de nidification de tortues et des efforts de protection marine. Les clients sont encourag\u00e9s \u00e0 participer \u00e0 des pratiques respectueuses de l&#039;environnement et \u00e0 se renseigner sur l&#039;environnement local pendant leur s\u00e9jour.<\/p>\n<p><strong>Spa et bien-\u00eatre<\/strong><\/p>\n<p>Pour une d\u00e9tente ultime, le \u00ab Earth and Sky Spa \u00bb du complexe propose une gamme de soins holistiques \u00e0 base de produits naturels et biologiques. D\u00e9tendez votre corps et votre esprit tout en \u00e9tant entour\u00e9 des sons apaisants de l&#039;oc\u00e9an et de la douce caresse de la brise marine.<\/p>\n<p><strong>Engagement communautaire<\/strong><\/p>\n<p>Le Barefoot Eco Hotel entretient des liens \u00e9troits avec la communaut\u00e9 locale. Les clients peuvent visiter les \u00eeles voisines pour s&#039;immerger dans la culture maldivienne, explorer l&#039;artisanat local et entrer en contact avec les sympathiques r\u00e9sidents de l&#039;\u00eele de Hanimadhoo.<\/p>\n<p><strong>Conclusion<\/strong><\/p>\n<p>Le Barefoot Eco Hotel aux Maldives invite les voyageurs \u00e0 embrasser la nature tout en respectant l&#039;environnement. Avec ses h\u00e9bergements respectueux de l&#039;environnement, ses restaurants durables et son large \u00e9ventail d&#039;aventures naturelles, c&#039;est une destination qui vous permet de profiter de la beaut\u00e9 des Maldives tout en contribuant \u00e0 sa pr\u00e9servation.<\/p>\n<p>Si vous recherchez une escapade respectueuse de l&#039;environnement alliant luxe et durabilit\u00e9, le Barefoot Eco Hotel offre une exp\u00e9rience inoubliable. Ne laissez que des empreintes de pas, emportez uniquement des souvenirs et ayez un impact positif sur l&#039;environnement pendant votre s\u00e9jour dans cette remarquable retraite respectueuse de l&#039;environnement aux Maldives.<\/p>\n<p>Le Barefoot Eco H\u00f4tel est un <strong>Complexe 4 \u00e9toiles \u00e0 bas prix<\/strong>.<\/p>\n\n\t\t<\/div>\n\t<\/div>\n<\/div><\/div><\/div><\/div><div class=\"vc_row wpb_row vc_row-fluid\"><div class=\"wpb_column vc_column_container vc_col-sm-12\"><div class=\"vc_column-inner\"><div class=\"wpb_wrapper\">\n\t<div class=\"wpb_text_column wpb_content_element\" >\n\t\t<div class=\"wpb_wrapper\">\n\t\t\t<h3><a title=\"L\u2019\u00e9co-h\u00f4tel aux pieds nus\" href=\"https:\/\/trip.tpo.lv\/KC81uBLh\" target=\"blanc2\" rel=\"nofollow\">V\u00e9rifiez la disponibilit\u00e9 et le meilleur prix au Barefoot Eco Hotel ici &gt;&gt;<\/a><\/h3>\n\n\t\t<\/div>\n\t<\/div>\n<\/div><\/div><\/div><\/div>\n<\/div>","protected":false},"excerpt":{"rendered":"<div class=\"mh-excerpt\"><\/div>","protected":false},"author":1,"featured_media":9642,"parent":0,"menu_order":0,"comment_status":"closed","ping_status":"closed","template":"","meta":{"footnotes":""},"class_list":["post-9641","page","type-page","status-publish","has-post-thumbnail"],"aioseo_notices":[],"_links":{"self":[{"href":"http:\/\/maldives-paradise.com\/fr\/wp-json\/wp\/v2\/pages\/9641","targetHints":{"allow":["GET"]}}],"collection":[{"href":"http:\/\/maldives-paradise.com\/fr\/wp-json\/wp\/v2\/pages"}],"about":[{"href":"http:\/\/maldives-paradise.com\/fr\/wp-json\/wp\/v2\/types\/page"}],"author":[{"embeddable":true,"href":"http:\/\/maldives-paradise.com\/fr\/wp-json\/wp\/v2\/users\/1"}],"replies":[{"embeddable":true,"href":"http:\/\/maldives-paradise.com\/fr\/wp-json\/wp\/v2\/comments?post=9641"}],"version-history":[{"count":3,"href":"http:\/\/maldives-paradise.com\/fr\/wp-json\/wp\/v2\/pages\/9641\/revisions"}],"predecessor-version":[{"id":43397,"href":"http:\/\/maldives-paradise.com\/fr\/wp-json\/wp\/v2\/pages\/9641\/revisions\/43397"}],"wp:featuredmedia":[{"embeddable":true,"href":"http:\/\/maldives-paradise.com\/fr\/wp-json\/wp\/v2\/media\/9642"}],"wp:attachment":[{"href":"http:\/\/maldives-paradise.com\/fr\/wp-json\/wp\/v2\/media?parent=9641"}],"curies":[{"name":"wp","href":"https:\/\/api.w.org\/{rel}","templated":true}]}}