{"id":8384,"date":"2024-01-07T06:41:38","date_gmt":"2024-01-07T06:41:38","guid":{"rendered":"http:\/\/maldives-paradise.com\/?page_id=8384"},"modified":"2025-02-22T09:15:19","modified_gmt":"2025-02-22T09:15:19","slug":"hotels-5-etoiles-aux-maldives-7","status":"publish","type":"page","link":"http:\/\/maldives-paradise.com\/fr\/hotels-5-etoiles-aux-maldives-7\/","title":{"rendered":"H\u00f4tels et complexes 5 \u00e9toiles aux Maldives 7"},"content":{"rendered":"<div class=\"wpb-content-wrapper\"><div class=\"vc_row wpb_row vc_row-fluid\"><div class=\"wpb_column vc_column_container vc_col-sm-12\"><div class=\"vc_column-inner\"><div class=\"wpb_wrapper\">\n\t<div class=\"wpb_text_column wpb_content_element\" >\n\t\t<div class=\"wpb_wrapper\">\n\t\t\t<h3>Une s\u00e9lection d&#039;h\u00f4tels et resorts 5 \u00e9toiles aux Maldives<\/h3>\n<p>Les Maldives sont r\u00e9put\u00e9es pour leur <strong data-start=\"82\" data-end=\"121\">h\u00f4tels et complexes h\u00f4teliers 5 \u00e9toiles luxueux<\/strong>, offrant une qualit\u00e9 in\u00e9gal\u00e9e <strong data-start=\"145\" data-end=\"191\">\u00e9l\u00e9gance, intimit\u00e9 et service de classe mondiale<\/strong>Ces retraites exclusives comprennent <strong data-start=\"226\" data-end=\"316\">villas sur pilotis, piscines \u00e0 d\u00e9bordement, restaurants gastronomiques et services de majordome priv\u00e9s<\/strong>. Les invit\u00e9s peuvent profiter <strong data-start=\"335\" data-end=\"354\">Exp\u00e9riences VIP<\/strong> tels que des soins de spa personnalis\u00e9s, des repas sous-marins et des excursions en yacht priv\u00e9.<\/p>\n\n\t\t<\/div>\n\t<\/div>\n<\/div><\/div><\/div><\/div><div class=\"vc_row wpb_row vc_row-fluid\"><div class=\"wpb_column vc_column_container vc_col-sm-3\"><div class=\"vc_column-inner\"><div class=\"wpb_wrapper\">\n\t<div  class=\"wpb_single_image wpb_content_element vc_align_left wpb_content_element\">\n\t\t\n\t\t<figure class=\"wpb_wrapper vc_figure\">\n\t\t\t<a href=\"http:\/\/maldives-paradise.com\/fr\/?page_id=7665\" target=\"_self\" class=\"vc_single_image-wrapper   vc_box_border_grey\"><img loading=\"lazy\" decoding=\"async\" width=\"150\" height=\"150\" src=\"https:\/\/maldives-paradise.com\/wp-content\/uploads\/2024\/01\/taj-exotica2-150x150.jpg\" class=\"vc_single_image-img attachment-thumbnail\" alt=\"Taj Coral Reef Resort &amp; Spa\" title=\"taj-exotique2\" \/><\/a>\n\t\t<\/figure>\n\t<\/div>\n<\/div><\/div><\/div><div class=\"wpb_column vc_column_container vc_col-sm-9\"><div class=\"vc_column-inner\"><div class=\"wpb_wrapper\">\n\t<div class=\"wpb_text_column wpb_content_element\" >\n\t\t<div class=\"wpb_wrapper\">\n\t\t\t<h4><a href=\"http:\/\/maldives-paradise.com\/fr\/?page_id=7665\">Taj Coral Reef Resort &amp; Spa<\/a><\/h4>\n<p>Offrez-vous le luxe du <strong>Taj Coral Reef Resort<\/strong>, o\u00f9 chaque d\u00e9tail est m\u00e9ticuleusement con\u00e7u pour rehausser votre escapade aux Maldives. D\u00e9tendez-vous dans un havre d&#039;opulence, o\u00f9 la beaut\u00e9 des Maldives converge avec une hospitalit\u00e9 de classe mondiale pour cr\u00e9er une exp\u00e9rience au-del\u00e0 de l&#039;imagination. Votre voyage vers le paradis commence ici\u00a0: r\u00e9servez votre part de bonheur d\u00e8s aujourd&#039;hui.<\/p>\n\n\t\t<\/div>\n\t<\/div>\n<\/div><\/div><\/div><\/div><div class=\"vc_row wpb_row vc_row-fluid\"><div class=\"wpb_column vc_column_container vc_col-sm-3\"><div class=\"vc_column-inner\"><div class=\"wpb_wrapper\">\n\t<div  class=\"wpb_single_image wpb_content_element vc_align_left wpb_content_element\">\n\t\t\n\t\t<figure class=\"wpb_wrapper vc_figure\">\n\t\t\t<a href=\"http:\/\/maldives-paradise.com\/fr\/?page_id=7669\" target=\"_self\" class=\"vc_single_image-wrapper   vc_box_border_grey\"><img loading=\"lazy\" decoding=\"async\" width=\"150\" height=\"150\" src=\"https:\/\/maldives-paradise.com\/wp-content\/uploads\/2024\/01\/taj-exotica3-150x150.jpg\" class=\"vc_single_image-img attachment-thumbnail\" alt=\"Taj Exotica Resort &amp; Spa Maldives\" title=\"taj-exotique3\" \/><\/a>\n\t\t<\/figure>\n\t<\/div>\n<\/div><\/div><\/div><div class=\"wpb_column vc_column_container vc_col-sm-9\"><div class=\"vc_column-inner\"><div class=\"wpb_wrapper\">\n\t<div class=\"wpb_text_column wpb_content_element\" >\n\t\t<div class=\"wpb_wrapper\">\n\t\t\t<h4><a href=\"http:\/\/maldives-paradise.com\/fr\/?page_id=7669\">Taj Exotica Resort &amp; Spa Maldives<\/a><\/h4>\n<p><strong>Taj Exotica Resort et Spa<\/strong>, les Maldives sont une station insulaire exclusive, priv\u00e9e et romantique avec des plantes tropicales et entour\u00e9e d&#039;eaux bleues claires. Nich\u00e9 sur l&#039;\u00eele immacul\u00e9e d&#039;Emboodhu Finolhu, ce complexe exquis allie harmonieusement une beaut\u00e9 naturelle \u00e0 couper le souffle et un luxe de classe mondiale, offrant une \u00e9vasion sans pr\u00e9c\u00e9dent aux voyageurs exigeants.<\/p>\n\n\t\t<\/div>\n\t<\/div>\n<\/div><\/div><\/div><\/div><div class=\"vc_row wpb_row vc_row-fluid\"><div class=\"wpb_column vc_column_container vc_col-sm-3\"><div class=\"vc_column-inner\"><div class=\"wpb_wrapper\">\n\t<div  class=\"wpb_single_image wpb_content_element vc_align_left wpb_content_element\">\n\t\t\n\t\t<figure class=\"wpb_wrapper vc_figure\">\n\t\t\t<a href=\"http:\/\/maldives-paradise.com\/fr\/?page_id=7673\" target=\"_self\" class=\"vc_single_image-wrapper   vc_box_border_grey\"><img loading=\"lazy\" decoding=\"async\" width=\"150\" height=\"150\" src=\"https:\/\/maldives-paradise.com\/wp-content\/uploads\/2024\/01\/Vakkaru-Overwater-Residence2-150x150.jpg\" class=\"vc_single_image-img attachment-thumbnail\" alt=\"Vakkuru Maldives\" title=\"Vakkaru-Overwater-Residence2\" \/><\/a>\n\t\t<\/figure>\n\t<\/div>\n<\/div><\/div><\/div><div class=\"wpb_column vc_column_container vc_col-sm-9\"><div class=\"vc_column-inner\"><div class=\"wpb_wrapper\">\n\t<div class=\"wpb_text_column wpb_content_element\" >\n\t\t<div class=\"wpb_wrapper\">\n\t\t\t<h4><a href=\"http:\/\/maldives-paradise.com\/fr\/?page_id=7673\">Vakkuru Maldives<\/a><\/h4>\n<p>Vakkaru Maldives Resort, un complexe de luxe 5 \u00e9toiles sur l&#039;\u00eele de Vakkaru. Ce n&#039;est pas seulement une destination ; c&#039;est une exp\u00e9rience transcendante qui allie un luxe in\u00e9gal\u00e9 \u00e0 la splendeur naturelle des Maldives. \u00c9vadez-vous dans un monde o\u00f9 le temps s&#039;arr\u00eate et o\u00f9 chaque instant est une c\u00e9l\u00e9bration de l&#039;extraordinaire.<\/p>\n\n\t\t<\/div>\n\t<\/div>\n<\/div><\/div><\/div><\/div><div class=\"vc_row wpb_row vc_row-fluid\"><div class=\"wpb_column vc_column_container vc_col-sm-3\"><div class=\"vc_column-inner\"><div class=\"wpb_wrapper\">\n\t<div  class=\"wpb_single_image wpb_content_element vc_align_left wpb_content_element\">\n\t\t\n\t\t<figure class=\"wpb_wrapper vc_figure\">\n\t\t\t<a href=\"http:\/\/maldives-paradise.com\/fr\/?page_id=7688\" target=\"_self\" class=\"vc_single_image-wrapper   vc_box_border_grey\"><img loading=\"lazy\" decoding=\"async\" width=\"150\" height=\"150\" src=\"https:\/\/maldives-paradise.com\/wp-content\/uploads\/2024\/01\/veela-private-island2-150x150.jpg\" class=\"vc_single_image-img attachment-thumbnail\" alt=\"\u00cele priv\u00e9e Velaa Maldives\" title=\"veela-\u00eele-priv\u00e9e2\" \/><\/a>\n\t\t<\/figure>\n\t<\/div>\n<\/div><\/div><\/div><div class=\"wpb_column vc_column_container vc_col-sm-9\"><div class=\"vc_column-inner\"><div class=\"wpb_wrapper\">\n\t<div class=\"wpb_text_column wpb_content_element\" >\n\t\t<div class=\"wpb_wrapper\">\n\t\t\t<h4><a href=\"http:\/\/maldives-paradise.com\/fr\/?page_id=7688\">\u00cele priv\u00e9e Velaa Maldives<\/a><\/h4>\n<p>Offrez-vous l&#039;\u00e9vasion de luxe ultime \u00e0 <strong>\u00cele priv\u00e9e Velaa Maldives<\/strong>, o\u00f9 chaque instant est con\u00e7u \u00e0 la perfection et o\u00f9 chaque d\u00e9tail t\u00e9moigne de l&#039;art de l&#039;hospitalit\u00e9. R\u00e9servez votre s\u00e9jour et d\u00e9couvrez un monde o\u00f9 le luxe ne conna\u00eet pas de limites.<\/p>\n\n\t\t<\/div>\n\t<\/div>\n<\/div><\/div><\/div><\/div><div class=\"vc_row wpb_row vc_row-fluid\"><div class=\"wpb_column vc_column_container vc_col-sm-3\"><div class=\"vc_column-inner\"><div class=\"wpb_wrapper\">\n\t<div  class=\"wpb_single_image wpb_content_element vc_align_left wpb_content_element\">\n\t\t\n\t\t<figure class=\"wpb_wrapper vc_figure\">\n\t\t\t<a href=\"http:\/\/maldives-paradise.com\/fr\/?page_id=7692\" target=\"_self\" class=\"vc_single_image-wrapper   vc_box_border_grey\"><img loading=\"lazy\" decoding=\"async\" width=\"150\" height=\"150\" src=\"https:\/\/maldives-paradise.com\/wp-content\/uploads\/2024\/01\/velassaru-maldives_2-150x150.jpg\" class=\"vc_single_image-img attachment-thumbnail\" alt=\"Velassaru Maldives\" title=\"velassaru-maldives_2\" \/><\/a>\n\t\t<\/figure>\n\t<\/div>\n<\/div><\/div><\/div><div class=\"wpb_column vc_column_container vc_col-sm-9\"><div class=\"vc_column-inner\"><div class=\"wpb_wrapper\">\n\t<div class=\"wpb_text_column wpb_content_element\" >\n\t\t<div class=\"wpb_wrapper\">\n\t\t\t<h4><a href=\"http:\/\/maldives-paradise.com\/fr\/?page_id=7692\">Velassaru Maldives<\/a><\/h4>\n<p>Profitez de vacances d\u00e9tendues \u00e0 <strong>Velassaru Maldives<\/strong> Resort est une escapade id\u00e9ale avec un h\u00e9bergement de luxe sur une \u00eele corallienne priv\u00e9e. Plongez dans le luxe, o\u00f9 la beaut\u00e9 naturelle des Maldives converge avec des \u00e9quipements de classe mondiale pour cr\u00e9er une \u00e9vasion sans pr\u00e9c\u00e9dent au c\u0153ur de l&#039;oc\u00e9an Indien.<\/p>\n\n\t\t<\/div>\n\t<\/div>\n<\/div><\/div><\/div><\/div><div class=\"vc_row wpb_row vc_row-fluid\"><div class=\"wpb_column vc_column_container vc_col-sm-3\"><div class=\"vc_column-inner\"><div class=\"wpb_wrapper\">\n\t<div  class=\"wpb_single_image wpb_content_element vc_align_left wpb_content_element\">\n\t\t\n\t\t<figure class=\"wpb_wrapper vc_figure\">\n\t\t\t<a href=\"http:\/\/maldives-paradise.com\/fr\/?page_id=7696\" target=\"_self\" class=\"vc_single_image-wrapper   vc_box_border_grey\"><img loading=\"lazy\" decoding=\"async\" width=\"150\" height=\"150\" src=\"https:\/\/maldives-paradise.com\/wp-content\/uploads\/2024\/01\/w-maldives-2-150x150.jpg\" class=\"vc_single_image-img attachment-thumbnail\" alt=\"W Maldives\" title=\"w-maldives-2\" \/><\/a>\n\t\t<\/figure>\n\t<\/div>\n<\/div><\/div><\/div><div class=\"wpb_column vc_column_container vc_col-sm-9\"><div class=\"vc_column-inner\"><div class=\"wpb_wrapper\">\n\t<div class=\"wpb_text_column wpb_content_element\" >\n\t\t<div class=\"wpb_wrapper\">\n\t\t\t<h4><a href=\"http:\/\/maldives-paradise.com\/fr\/?page_id=7696\">W Maldives<\/a><\/h4>\n<p>W Maldives \u2013 Un complexe h\u00f4telier de luxe sur une \u00eele priv\u00e9e 5 \u00e9toiles. Plages de sable blanc et lagons turquoise, <strong>W Maldives<\/strong> est un complexe h\u00f4telier de luxe sur une \u00eele priv\u00e9e. Vous pourrez explorer le r\u00e9cif priv\u00e9 de l&#039;\u00eele, vous d\u00e9tendre sur les plages, faire de la plong\u00e9e en apn\u00e9e ou pratiquer des sports nautiques.<\/p>\n\n\t\t<\/div>\n\t<\/div>\n<\/div><\/div><\/div><\/div><div class=\"vc_row wpb_row vc_row-fluid\"><div class=\"wpb_column vc_column_container vc_col-sm-3\"><div class=\"vc_column-inner\"><div class=\"wpb_wrapper\">\n\t<div  class=\"wpb_single_image wpb_content_element vc_align_left wpb_content_element\">\n\t\t\n\t\t<figure class=\"wpb_wrapper vc_figure\">\n\t\t\t<a href=\"http:\/\/maldives-paradise.com\/fr\/?page_id=7700\" target=\"_self\" class=\"vc_single_image-wrapper   vc_box_border_grey\"><img loading=\"lazy\" decoding=\"async\" width=\"150\" height=\"150\" src=\"https:\/\/maldives-paradise.com\/wp-content\/uploads\/2024\/01\/WALDORF-ASTORIA-MALDIVES-2-150x150.jpg\" class=\"vc_single_image-img attachment-thumbnail\" alt=\"Waldorf Astoria Maldives Ithaafushi\" title=\"WALDORF-ASTORIA-MALDIVES-2\" srcset=\"https:\/\/maldives-paradise.com\/wp-content\/uploads\/2024\/01\/WALDORF-ASTORIA-MALDIVES-2-150x150.jpg 150w, https:\/\/maldives-paradise.com\/wp-content\/uploads\/2024\/01\/WALDORF-ASTORIA-MALDIVES-2-800x800.jpg 800w\" sizes=\"auto, (max-width: 150px) 100vw, 150px\" \/><\/a>\n\t\t<\/figure>\n\t<\/div>\n<\/div><\/div><\/div><div class=\"wpb_column vc_column_container vc_col-sm-9\"><div class=\"vc_column-inner\"><div class=\"wpb_wrapper\">\n\t<div class=\"wpb_text_column wpb_content_element\" >\n\t\t<div class=\"wpb_wrapper\">\n\t\t\t<h4><a href=\"http:\/\/maldives-paradise.com\/fr\/?page_id=7700\">Waldorf Astoria Maldives Ithaafushi<\/a><\/h4>\n<p>Situ\u00e9 dans un paradis tropical, le complexe et la plage, les villas sur le r\u00e9cif et sur pilotis s&#039;\u00e9tendent sur trois \u00eeles offrant une richesse de luxe et d&#039;exp\u00e9riences. <strong>Waldorf Astoria Maldives<\/strong> offre une oasis pour les voyageurs cherchant \u00e0 s&#039;asseoir et \u00e0 se d\u00e9tendre pendant leurs vacances dans l&#039;oc\u00e9an Indien.<\/p>\n\n\t\t<\/div>\n\t<\/div>\n<\/div><\/div><\/div><\/div><div class=\"vc_row wpb_row vc_row-fluid\"><div class=\"wpb_column vc_column_container vc_col-sm-3\"><div class=\"vc_column-inner\"><div class=\"wpb_wrapper\">\n\t<div  class=\"wpb_single_image wpb_content_element vc_align_left wpb_content_element\">\n\t\t\n\t\t<figure class=\"wpb_wrapper vc_figure\">\n\t\t\t<a href=\"http:\/\/maldives-paradise.com\/fr\/le-ritz-carlton-maldives\/\" target=\"_self\" class=\"vc_single_image-wrapper   vc_box_border_grey\"><img loading=\"lazy\" decoding=\"async\" width=\"150\" height=\"150\" src=\"https:\/\/maldives-paradise.com\/wp-content\/uploads\/2024\/01\/ritz-carlton-maldives-400x-150x150.jpg\" class=\"vc_single_image-img attachment-thumbnail\" alt=\"Le Ritz Carlton Maldives\" title=\"ritz-carlton-maldives-400x\" \/><\/a>\n\t\t<\/figure>\n\t<\/div>\n<\/div><\/div><\/div><div class=\"wpb_column vc_column_container vc_col-sm-9\"><div class=\"vc_column-inner\"><div class=\"wpb_wrapper\">\n\t<div class=\"wpb_text_column wpb_content_element\" >\n\t\t<div class=\"wpb_wrapper\">\n\t\t\t<h3><a href=\"http:\/\/maldives-paradise.com\/fr\/le-ritz-carlton-maldives\/\">Le Ritz Carlton Maldives<\/a><\/h3>\n<p>Nich\u00e9 sur les \u00eeles Fari, un atoll isol\u00e9 de l&#039;atoll de Mal\u00e9 Nord, le Ritz-Carlton Maldives b\u00e9n\u00e9ficie d&#039;un emplacement in\u00e9gal\u00e9. \u00c0 quelques minutes en bateau de l&#039;a\u00e9roport international de Mal\u00e9, cette retraite luxueuse offre un acc\u00e8s facile \u00e0 la vie marine vibrante et aux r\u00e9cifs coralliens qui font la renomm\u00e9e des Maldives. Le cadre du complexe offre un sentiment d&#039;exclusivit\u00e9 et d&#039;isolement, ce qui le rend parfait pour les jeunes mari\u00e9s, les couples et les voyageurs exigeants.<\/p>\n\n\t\t<\/div>\n\t<\/div>\n<\/div><\/div><\/div><\/div><div class=\"vc_row wpb_row vc_row-fluid\"><div class=\"wpb_column vc_column_container vc_col-sm-3\"><div class=\"vc_column-inner\"><div class=\"wpb_wrapper\">\n\t<div  class=\"wpb_single_image wpb_content_element vc_align_left wpb_content_element\">\n\t\t\n\t\t<figure class=\"wpb_wrapper vc_figure\">\n\t\t\t<a href=\"http:\/\/maldives-paradise.com\/fr\/adaaran-prestige-vadoo\/\" target=\"_self\" class=\"vc_single_image-wrapper   vc_box_border_grey\"><img loading=\"lazy\" decoding=\"async\" width=\"150\" height=\"150\" src=\"https:\/\/maldives-paradise.com\/wp-content\/uploads\/2024\/01\/adaaran-prestige-vadoo-maldives-150x150.jpg\" class=\"vc_single_image-img attachment-thumbnail\" alt=\"Adaaran Prestige Vadoo\" title=\"adaaran-prestige-vadoo-maldives\" \/><\/a>\n\t\t<\/figure>\n\t<\/div>\n<\/div><\/div><\/div><div class=\"wpb_column vc_column_container vc_col-sm-9\"><div class=\"vc_column-inner\"><div class=\"wpb_wrapper\">\n\t<div class=\"wpb_text_column wpb_content_element\" >\n\t\t<div class=\"wpb_wrapper\">\n\t\t\t<h3><a href=\"http:\/\/maldives-paradise.com\/fr\/adaaran-prestige-vadoo\/\">Adaaran Prestige Vadoo<\/a><\/h3>\n<p>Vous r\u00eavez d&#039;une escapade tropicale qui offre non seulement une beaut\u00e9 naturelle \u00e0 couper le souffle, mais aussi l&#039;incarnation du luxe et de la d\u00e9tente ? Ne cherchez pas plus loin que <strong>Adaaran Prestige Vadoo<\/strong>, un havre de luxe nich\u00e9 au c\u0153ur des Maldives. Ce complexe exclusif promet une exp\u00e9rience inoubliable et certaines de ses principales caract\u00e9ristiques en font la destination id\u00e9ale pour vos prochaines vacances.<\/p>\n\n\t\t<\/div>\n\t<\/div>\n<\/div><\/div><\/div><\/div><div class=\"vc_row wpb_row vc_row-fluid\"><div class=\"wpb_column vc_column_container vc_col-sm-3\"><div class=\"vc_column-inner\"><div class=\"wpb_wrapper\">\n\t<div  class=\"wpb_single_image wpb_content_element vc_align_left wpb_content_element\">\n\t\t\n\t\t<figure class=\"wpb_wrapper vc_figure\">\n\t\t\t<a href=\"http:\/\/maldives-paradise.com\/fr\/villas-sur-leau-de-prestige-adaaran\/\" target=\"_self\" class=\"vc_single_image-wrapper   vc_box_border_grey\"><img loading=\"lazy\" decoding=\"async\" width=\"150\" height=\"150\" src=\"https:\/\/maldives-paradise.com\/wp-content\/uploads\/2024\/01\/Adaaran-Prestige-Water-Villas-5-1-150x150.jpg\" class=\"vc_single_image-img attachment-thumbnail\" alt=\"Villas sur Pilotis Adaaran Prestige\" title=\"Adaaran-Prestige-Water-Villas-5\" \/><\/a>\n\t\t<\/figure>\n\t<\/div>\n<\/div><\/div><\/div><div class=\"wpb_column vc_column_container vc_col-sm-9\"><div class=\"vc_column-inner\"><div class=\"wpb_wrapper\">\n\t<div class=\"wpb_text_column wpb_content_element\" >\n\t\t<div class=\"wpb_wrapper\">\n\t\t\t<h3><a href=\"http:\/\/maldives-paradise.com\/fr\/villas-sur-leau-de-prestige-adaaran\/\">Villas sur Pilotis Adaaran Prestige<\/a><\/h3>\n<p>\u00cates-vous \u00e0 la recherche de l\u2019escapade tropicale ultime alliant luxe, tranquillit\u00e9 et beaut\u00e9 naturelle \u00e9poustouflante ? Ne cherchez pas plus loin que le <strong>Villas sur Pilotis Adaaran Prestige<\/strong> aux Maldives. Ce complexe de luxe 5 \u00e9toiles tout compris est un paradis sur terre, offrant une exp\u00e9rience inoubliable qui vous laissera rajeuni et \u00e9merveill\u00e9. Plongeons dans les principales caract\u00e9ristiques qui font de ce complexe une destination de r\u00eave.<\/p>\n\n\t\t<\/div>\n\t<\/div>\n<\/div><\/div><\/div><\/div><div class=\"vc_row wpb_row vc_row-fluid\"><div class=\"wpb_column vc_column_container vc_col-sm-3\"><div class=\"vc_column-inner\"><div class=\"wpb_wrapper\">\n\t<div  class=\"wpb_single_image wpb_content_element vc_align_left wpb_content_element\">\n\t\t\n\t\t<figure class=\"wpb_wrapper vc_figure\">\n\t\t\t<a href=\"http:\/\/maldives-paradise.com\/fr\/patine-maldives\/\" target=\"_self\" class=\"vc_single_image-wrapper   vc_box_border_grey\"><img loading=\"lazy\" decoding=\"async\" width=\"150\" height=\"150\" src=\"https:\/\/maldives-paradise.com\/wp-content\/uploads\/2024\/02\/PatinaMaldives5-400-150x150.jpg\" class=\"vc_single_image-img attachment-thumbnail\" alt=\"Patine Maldives\" title=\"Patine+Maldives5-400\" \/><\/a>\n\t\t<\/figure>\n\t<\/div>\n<\/div><\/div><\/div><div class=\"wpb_column vc_column_container vc_col-sm-9\"><div class=\"vc_column-inner\"><div class=\"wpb_wrapper\">\n\t<div class=\"wpb_text_column wpb_content_element\" >\n\t\t<div class=\"wpb_wrapper\">\n\t\t\t<h4><a href=\"http:\/\/maldives-paradise.com\/fr\/patine-maldives\/\">Patine Maldives<\/a><\/h4>\n<p>Patina Maldives est un joyau prim\u00e9, offrant aux voyageurs exigeants une escapade luxueuse au paradis. Avec ses superbes villas sur pilotis, ses exp\u00e9riences culinaires exquises, ses \u00e9quipements de classe mondiale et son engagement en faveur du d\u00e9veloppement durable, le complexe promet une retraite inoubliable dans l&#039;une des destinations les plus \u00e9poustouflantes au monde.<\/p>\n\n\t\t<\/div>\n\t<\/div>\n<\/div><\/div><\/div><\/div><div class=\"vc_row wpb_row vc_row-fluid\"><div class=\"wpb_column vc_column_container vc_col-sm-3\"><div class=\"vc_column-inner\"><div class=\"wpb_wrapper\">\n\t<div  class=\"wpb_single_image wpb_content_element vc_align_left wpb_content_element\">\n\t\t\n\t\t<figure class=\"wpb_wrapper vc_figure\">\n\t\t\t<a href=\"http:\/\/maldives-paradise.com\/fr\/kandima-maldives\/\" target=\"_self\" class=\"vc_single_image-wrapper   vc_box_border_grey\"><img loading=\"lazy\" decoding=\"async\" width=\"150\" height=\"150\" src=\"https:\/\/maldives-paradise.com\/wp-content\/uploads\/2024\/02\/kandima-maldives400-150x150.jpg\" class=\"vc_single_image-img attachment-thumbnail\" alt=\"Kandima Maldives\" title=\"Galerie de photos de Kandima Maldives\" \/><\/a>\n\t\t<\/figure>\n\t<\/div>\n<\/div><\/div><\/div><div class=\"wpb_column vc_column_container vc_col-sm-9\"><div class=\"vc_column-inner\"><div class=\"wpb_wrapper\">\n\t<div class=\"wpb_text_column wpb_content_element\" >\n\t\t<div class=\"wpb_wrapper\">\n\t\t\t<h4><a href=\"http:\/\/maldives-paradise.com\/fr\/kandima-maldives\/\">Kandima Maldives<\/a><\/h4>\n<p>Kandima Maldives est un somptueux complexe tout compris qui promet une escapade inoubliable au paradis. Situ\u00e9 sur l&#039;\u00eele tropicale luxuriante de l&#039;atoll de Dhaalu, <strong>Kandima Maldives<\/strong> offre aux voyageurs exigeants un m\u00e9lange parfait de luxe, d&#039;aventure et de d\u00e9tente.<\/p>\n\n\t\t<\/div>\n\t<\/div>\n<\/div><\/div><\/div><\/div><div class=\"vc_row wpb_row vc_row-fluid\"><div class=\"wpb_column vc_column_container vc_col-sm-12\"><div class=\"vc_column-inner\"><div class=\"wpb_wrapper\">\n\t<div class=\"wpb_text_column wpb_content_element\" >\n\t\t<div class=\"wpb_wrapper\">\n\t\t\t<h3>H\u00f4tels et complexes 5 \u00e9toiles aux Maldives\u00a0 <a href=\"http:\/\/maldives-paradise.com\/fr\/?page_id=4124\">Page 1<\/a> <a href=\"http:\/\/maldives-paradise.com\/fr\/?page_id=7968\">Page 2<\/a> \u00a0 <a href=\"http:\/\/maldives-paradise.com\/fr\/?page_id=7996\">Page 3<\/a>\u00a0 <a href=\"http:\/\/maldives-paradise.com\/fr\/?page_id=8053\">Page 4<\/a>\u00a0 <a href=\"http:\/\/maldives-paradise.com\/fr\/?page_id=8128\">Page 5<\/a>\u00a0\u00a0 <a href=\"http:\/\/maldives-paradise.com\/fr\/?page_id=8170\">Page 6<\/a> \u00a0<a href=\"http:\/\/maldives-paradise.com\/fr\/hotels-5-etoiles-aux-maldives-8\/\">Page 8<\/a>\u00a0\u00a0<a href=\"https:\/\/maldives-paradise.com\/fr\/hotels-et-complexes-hoteliers-5-etoiles-aux-maldives-9\/\">Page 9<\/a><\/h3>\n\n\t\t<\/div>\n\t<\/div>\n<\/div><\/div><\/div><\/div>\n<\/div>","protected":false},"excerpt":{"rendered":"<div class=\"mh-excerpt\"><\/div>","protected":false},"author":1,"featured_media":8400,"parent":0,"menu_order":0,"comment_status":"closed","ping_status":"closed","template":"","meta":{"footnotes":""},"class_list":["post-8384","page","type-page","status-publish","has-post-thumbnail"],"aioseo_notices":[],"_links":{"self":[{"href":"http:\/\/maldives-paradise.com\/fr\/wp-json\/wp\/v2\/pages\/8384","targetHints":{"allow":["GET"]}}],"collection":[{"href":"http:\/\/maldives-paradise.com\/fr\/wp-json\/wp\/v2\/pages"}],"about":[{"href":"http:\/\/maldives-paradise.com\/fr\/wp-json\/wp\/v2\/types\/page"}],"author":[{"embeddable":true,"href":"http:\/\/maldives-paradise.com\/fr\/wp-json\/wp\/v2\/users\/1"}],"replies":[{"embeddable":true,"href":"http:\/\/maldives-paradise.com\/fr\/wp-json\/wp\/v2\/comments?post=8384"}],"version-history":[{"count":6,"href":"http:\/\/maldives-paradise.com\/fr\/wp-json\/wp\/v2\/pages\/8384\/revisions"}],"predecessor-version":[{"id":34302,"href":"http:\/\/maldives-paradise.com\/fr\/wp-json\/wp\/v2\/pages\/8384\/revisions\/34302"}],"wp:featuredmedia":[{"embeddable":true,"href":"http:\/\/maldives-paradise.com\/fr\/wp-json\/wp\/v2\/media\/8400"}],"wp:attachment":[{"href":"http:\/\/maldives-paradise.com\/fr\/wp-json\/wp\/v2\/media?parent=8384"}],"curies":[{"name":"wp","href":"https:\/\/api.w.org\/{rel}","templated":true}]}}