{"id":8170,"date":"2024-01-04T18:43:08","date_gmt":"2024-01-04T18:43:08","guid":{"rendered":"http:\/\/maldives-paradise.com\/?page_id=8170"},"modified":"2025-02-22T09:14:03","modified_gmt":"2025-02-22T09:14:03","slug":"hotels-5-etoiles-aux-maldives-6","status":"publish","type":"page","link":"http:\/\/maldives-paradise.com\/fr\/hotels-5-etoiles-aux-maldives-6\/","title":{"rendered":"H\u00f4tels et complexes 5 \u00e9toiles aux Maldives 6"},"content":{"rendered":"<div class=\"wpb-content-wrapper\"><div class=\"vc_row wpb_row vc_row-fluid\"><div class=\"wpb_column vc_column_container vc_col-sm-12\"><div class=\"vc_column-inner\"><div class=\"wpb_wrapper\">\n\t<div class=\"wpb_text_column wpb_content_element\" >\n\t\t<div class=\"wpb_wrapper\">\n\t\t\t<h3>Une s\u00e9lection des meilleurs h\u00f4tels et resorts 5 \u00e9toiles aux Maldives<\/h3>\n<p>Les Maldives sont r\u00e9put\u00e9es pour leur <strong data-start=\"82\" data-end=\"121\">h\u00f4tels et complexes h\u00f4teliers 5 \u00e9toiles luxueux<\/strong>, offrant une qualit\u00e9 in\u00e9gal\u00e9e <strong data-start=\"145\" data-end=\"191\">\u00e9l\u00e9gance, intimit\u00e9 et service de classe mondiale<\/strong>Ces retraites exclusives comprennent <strong data-start=\"226\" data-end=\"316\">villas sur pilotis, piscines \u00e0 d\u00e9bordement, restaurants gastronomiques et services de majordome priv\u00e9s<\/strong>. Les invit\u00e9s peuvent profiter <strong data-start=\"335\" data-end=\"354\">Exp\u00e9riences VIP<\/strong> tel que <strong data-start=\"363\" data-end=\"443\">soins de spa personnalis\u00e9s, repas sous-marins et excursions en yacht priv\u00e9<\/strong>. Avec <strong data-start=\"450\" data-end=\"522\">Vues imprenables sur l&#039;oc\u00e9an, plages de sable blanc et lagons aux eaux cristallines<\/strong>, <strong data-start=\"524\" data-end=\"558\">Complexes h\u00f4teliers 5 \u00e9toiles aux Maldives<\/strong> red\u00e9finir le luxe tropical, en faisant d&#039;eux la destination id\u00e9ale pour <strong data-start=\"625\" data-end=\"677\">jeunes mari\u00e9s, familles et voyageurs exigeants<\/strong> \u00e0 la recherche d&#039;une escapade inoubliable.<\/p>\n\n\t\t<\/div>\n\t<\/div>\n<\/div><\/div><\/div><\/div><div class=\"vc_row wpb_row vc_row-fluid\"><div class=\"wpb_column vc_column_container vc_col-sm-3\"><div class=\"vc_column-inner\"><div class=\"wpb_wrapper\">\n\t<div  class=\"wpb_single_image wpb_content_element vc_align_left wpb_content_element\">\n\t\t\n\t\t<figure class=\"wpb_wrapper vc_figure\">\n\t\t\t<a href=\"http:\/\/maldives-paradise.com\/fr\/?page_id=7604\" target=\"_self\" class=\"vc_single_image-wrapper   vc_box_border_grey\"><img loading=\"lazy\" decoding=\"async\" width=\"150\" height=\"150\" src=\"https:\/\/maldives-paradise.com\/wp-content\/uploads\/2024\/01\/park-hyatt-maldives-hadahaa2-150x150.jpg\" class=\"vc_single_image-img attachment-thumbnail\" alt=\"Park Hyatt Maldives Hadahaa\" title=\"park-hyatt-maldives-hadahaa2\" \/><\/a>\n\t\t<\/figure>\n\t<\/div>\n<\/div><\/div><\/div><div class=\"wpb_column vc_column_container vc_col-sm-9\"><div class=\"vc_column-inner\"><div class=\"wpb_wrapper\">\n\t<div class=\"wpb_text_column wpb_content_element\" >\n\t\t<div class=\"wpb_wrapper\">\n\t\t\t<h4><a href=\"http:\/\/maldives-paradise.com\/fr\/?page_id=7604\">Park Hyatt Maldives Hadahaa<\/a><\/h4>\n<p><strong>Park Hyatt Maldives Hadahaa<\/strong> avec <strong>tout inclus<\/strong> forfait pour une exp\u00e9rience pieds nus. Que vous recherchiez l&#039;aventure, la d\u00e9tente ou une escapade romantique, ce complexe exclusif vous promet une exp\u00e9rience in\u00e9gal\u00e9e qui restera grav\u00e9e dans vos souvenirs toute votre vie.<\/p>\n\n\t\t<\/div>\n\t<\/div>\n<\/div><\/div><\/div><\/div><div class=\"vc_row wpb_row vc_row-fluid\"><div class=\"wpb_column vc_column_container vc_col-sm-3\"><div class=\"vc_column-inner\"><div class=\"wpb_wrapper\">\n\t<div  class=\"wpb_single_image wpb_content_element vc_align_left wpb_content_element\">\n\t\t\n\t\t<figure class=\"wpb_wrapper vc_figure\">\n\t\t\t<a href=\"http:\/\/maldives-paradise.com\/fr\/?page_id=7608\" target=\"_self\" class=\"vc_single_image-wrapper   vc_box_border_grey\"><img loading=\"lazy\" decoding=\"async\" width=\"150\" height=\"150\" src=\"https:\/\/maldives-paradise.com\/wp-content\/uploads\/2024\/01\/raffles-maldives-meradhoo2-150x150.jpg\" class=\"vc_single_image-img attachment-thumbnail\" alt=\"H\u00f4tel Raffles Maldives Meradhoo\" title=\"tombolas-maldives-meradhoo2\" \/><\/a>\n\t\t<\/figure>\n\t<\/div>\n<\/div><\/div><\/div><div class=\"wpb_column vc_column_container vc_col-sm-9\"><div class=\"vc_column-inner\"><div class=\"wpb_wrapper\">\n\t<div class=\"wpb_text_column wpb_content_element\" >\n\t\t<div class=\"wpb_wrapper\">\n\t\t\t<h4><a href=\"http:\/\/maldives-paradise.com\/fr\/?page_id=7608\">H\u00f4tel Raffles Maldives Meradhoo<\/a><\/h4>\n<p><strong>Raffles Maldives Meradhoo Luxury Resort<\/strong> propose une collection de villas sur la plage et sur pilotis qui promettent une intimit\u00e9 in\u00e9gal\u00e9e associ\u00e9e \u00e0 un service fantastique assur\u00e9 par les majordomes du complexe 24 heures sur 24. Pour une escapade romantique, peu d\u2019endroits captivent l\u2019imagination comme le font les Maldives.<\/p>\n\n\t\t<\/div>\n\t<\/div>\n<\/div><\/div><\/div><\/div><div class=\"vc_row wpb_row vc_row-fluid\"><div class=\"wpb_column vc_column_container vc_col-sm-3\"><div class=\"vc_column-inner\"><div class=\"wpb_wrapper\">\n\t<div  class=\"wpb_single_image wpb_content_element vc_align_left wpb_content_element\">\n\t\t\n\t\t<figure class=\"wpb_wrapper vc_figure\">\n\t\t\t<a href=\"http:\/\/maldives-paradise.com\/fr\/?page_id=7612\" target=\"_self\" class=\"vc_single_image-wrapper   vc_box_border_grey\"><img loading=\"lazy\" decoding=\"async\" width=\"150\" height=\"150\" src=\"https:\/\/maldives-paradise.com\/wp-content\/uploads\/2024\/01\/saii-lagoon2-150x150.jpg\" class=\"vc_single_image-img attachment-thumbnail\" alt=\"SAii Lagoon Maldives, Curio Collection By Hilton\" title=\"saii-lagon2\" \/><\/a>\n\t\t<\/figure>\n\t<\/div>\n<\/div><\/div><\/div><div class=\"wpb_column vc_column_container vc_col-sm-9\"><div class=\"vc_column-inner\"><div class=\"wpb_wrapper\">\n\t<div class=\"wpb_text_column wpb_content_element\" >\n\t\t<div class=\"wpb_wrapper\">\n\t\t\t<h4><a href=\"http:\/\/maldives-paradise.com\/fr\/?page_id=7612\">SAii Lagoon Maldives, Curio Collection By Hilton<\/a><\/h4>\n<p>\u00c9vadez-vous dans un monde de luxe in\u00e9gal\u00e9 et de bonheur tropical \u00e0 <strong>SAii Lagon Maldives<\/strong>, Collection Curio par Hilton. Nich\u00e9 au c\u0153ur des Maldives, ce complexe exclusif vous invite \u00e0 d\u00e9couvrir un coin de paradis sur terre. Avec sa beaut\u00e9 naturelle \u00e0 couper le souffle et ses nombreux \u00e9quipements de classe mondiale, SAii Lagoon Maldives promet une escapade inoubliable.<\/p>\n\n\t\t<\/div>\n\t<\/div>\n<\/div><\/div><\/div><\/div><div class=\"vc_row wpb_row vc_row-fluid\"><div class=\"wpb_column vc_column_container vc_col-sm-3\"><div class=\"vc_column-inner\"><div class=\"wpb_wrapper\">\n\t<div  class=\"wpb_single_image wpb_content_element vc_align_left wpb_content_element\">\n\t\t\n\t\t<figure class=\"wpb_wrapper vc_figure\">\n\t\t\t<a href=\"http:\/\/maldives-paradise.com\/fr\/?page_id=7616\" target=\"_self\" class=\"vc_single_image-wrapper   vc_box_border_grey\"><img loading=\"lazy\" decoding=\"async\" width=\"150\" height=\"150\" src=\"https:\/\/maldives-paradise.com\/wp-content\/uploads\/2024\/01\/shangri-la2-150x150.jpg\" class=\"vc_single_image-img attachment-thumbnail\" alt=\"Sheraton Maldives Full Moon Resort &amp; Spa\" title=\"shangri-la2\" \/><\/a>\n\t\t<\/figure>\n\t<\/div>\n<\/div><\/div><\/div><div class=\"wpb_column vc_column_container vc_col-sm-9\"><div class=\"vc_column-inner\"><div class=\"wpb_wrapper\">\n\t<div class=\"wpb_text_column wpb_content_element\" >\n\t\t<div class=\"wpb_wrapper\">\n\t\t\t<h4><a href=\"http:\/\/maldives-paradise.com\/fr\/?page_id=7616\">Sheraton Maldives Full Moon Resort &amp; Spa<\/a><\/h4>\n<p>Am\u00e9liorez votre exp\u00e9rience de vacances au <strong>Sheraton Maldives Full Moon Resort &amp; Spa<\/strong>, o\u00f9 le luxe ne conna\u00eet pas de limites. Plongez dans la beaut\u00e9 des Maldives, savourez une cuisine de classe mondiale et cr\u00e9ez des souvenirs pr\u00e9cieux qui dureront toute une vie. R\u00e9servez votre escapade au paradis d\u00e8s aujourd&#039;hui.<\/p>\n\n\t\t<\/div>\n\t<\/div>\n<\/div><\/div><\/div><\/div><div class=\"vc_row wpb_row vc_row-fluid\"><div class=\"wpb_column vc_column_container vc_col-sm-3\"><div class=\"vc_column-inner\"><div class=\"wpb_wrapper\">\n\t<div  class=\"wpb_single_image wpb_content_element vc_align_left wpb_content_element\">\n\t\t\n\t\t<figure class=\"wpb_wrapper vc_figure\">\n\t\t\t<a href=\"http:\/\/maldives-paradise.com\/fr\/?page_id=7622\" target=\"_self\" class=\"vc_single_image-wrapper   vc_box_border_grey\"><img loading=\"lazy\" decoding=\"async\" width=\"150\" height=\"150\" src=\"https:\/\/maldives-paradise.com\/wp-content\/uploads\/2024\/01\/six-senses-kanahura2-150x150.jpg\" class=\"vc_single_image-img attachment-thumbnail\" alt=\"Kanuhura des Six Sens\" title=\"six-sens-kanahura2\" \/><\/a>\n\t\t<\/figure>\n\t<\/div>\n<\/div><\/div><\/div><div class=\"wpb_column vc_column_container vc_col-sm-9\"><div class=\"vc_column-inner\"><div class=\"wpb_wrapper\">\n\t<div class=\"wpb_text_column wpb_content_element\" >\n\t\t<div class=\"wpb_wrapper\">\n\t\t\t<h4><a href=\"http:\/\/maldives-paradise.com\/fr\/?page_id=7622\">Kanuhura des Six Sens<\/a><\/h4>\n<p>Six Senses Kanuhura est un complexe h\u00f4telier des Maldives proposant des villas en bord de mer et sur pilotis avec une atmosph\u00e8re d&#039;\u00eele tropicale. Avec ses \u00e9quipements de classe mondiale, son engagement in\u00e9branlable en faveur du d\u00e9veloppement durable et son engagement envers un service personnalis\u00e9, ce complexe de luxe t\u00e9moigne de l&#039;art du plaisir au c\u0153ur du paradis.<\/p>\n\n\t\t<\/div>\n\t<\/div>\n<\/div><\/div><\/div><\/div><div class=\"vc_row wpb_row vc_row-fluid\"><div class=\"wpb_column vc_column_container vc_col-sm-3\"><div class=\"vc_column-inner\"><div class=\"wpb_wrapper\">\n\t<div  class=\"wpb_single_image wpb_content_element vc_align_left wpb_content_element\">\n\t\t\n\t\t<figure class=\"wpb_wrapper vc_figure\">\n\t\t\t<a href=\"http:\/\/maldives-paradise.com\/fr\/?page_id=7626\" target=\"_self\" class=\"vc_single_image-wrapper   vc_box_border_grey\"><img loading=\"lazy\" decoding=\"async\" width=\"150\" height=\"150\" src=\"https:\/\/maldives-paradise.com\/wp-content\/uploads\/2024\/01\/six-senses-lamuu2-150x150.jpeg\" class=\"vc_single_image-img attachment-thumbnail\" alt=\"Laamu des Six Sens\" title=\"six-sens-lamuu2\" \/><\/a>\n\t\t<\/figure>\n\t<\/div>\n<\/div><\/div><\/div><div class=\"wpb_column vc_column_container vc_col-sm-9\"><div class=\"vc_column-inner\"><div class=\"wpb_wrapper\">\n\t<div class=\"wpb_text_column wpb_content_element\" >\n\t\t<div class=\"wpb_wrapper\">\n\t\t\t<h4><a href=\"http:\/\/maldives-paradise.com\/fr\/?page_id=7626\">Laamu des Six Sens<\/a><\/h4>\n<p>Six Senses Laamu t\u00e9moigne d&#039;opulence et de tranquillit\u00e9, offrant une \u00e9vasion sans pr\u00e9c\u00e9dent dans un paradis tropical. Ce complexe de luxe, situ\u00e9 aux Maldives, est un paradis pour ceux qui recherchent une retraite inoubliable dans l&#039;un des endroits les plus \u00e9poustouflants au monde. Explorons les principales fonctionnalit\u00e9s qui font <strong>Laamu des Six Sens<\/strong> une destination de r\u00eave.<\/p>\n\n\t\t<\/div>\n\t<\/div>\n<\/div><\/div><\/div><\/div><div class=\"vc_row wpb_row vc_row-fluid\"><div class=\"wpb_column vc_column_container vc_col-sm-3\"><div class=\"vc_column-inner\"><div class=\"wpb_wrapper\">\n\t<div  class=\"wpb_single_image wpb_content_element vc_align_left wpb_content_element\">\n\t\t\n\t\t<figure class=\"wpb_wrapper vc_figure\">\n\t\t\t<a href=\"http:\/\/maldives-paradise.com\/fr\/?page_id=7639\" target=\"_self\" class=\"vc_single_image-wrapper   vc_box_border_grey\"><img loading=\"lazy\" decoding=\"async\" width=\"150\" height=\"150\" src=\"https:\/\/maldives-paradise.com\/wp-content\/uploads\/2024\/01\/soneva-fushi2-150x150.jpg\" class=\"vc_single_image-img attachment-thumbnail\" alt=\"Soneva Fushi\" title=\"soneva-fushi2\" \/><\/a>\n\t\t<\/figure>\n\t<\/div>\n<\/div><\/div><\/div><div class=\"wpb_column vc_column_container vc_col-sm-9\"><div class=\"vc_column-inner\"><div class=\"wpb_wrapper\">\n\t<div class=\"wpb_text_column wpb_content_element\" >\n\t\t<div class=\"wpb_wrapper\">\n\t\t\t<h4><a href=\"http:\/\/maldives-paradise.com\/fr\/?page_id=7639\">Soneva Fushi<\/a><\/h4>\n<p>Soneva Fushi est un complexe insulaire de luxe 5 \u00e9toiles de renomm\u00e9e mondiale situ\u00e9 aux Maldives. Il se pr\u00e9sente comme un complexe de luxe sur une magnifique \u00eele des Maldives, contenant des plages de sable blanc, des eaux cristallines et des exp\u00e9riences uniques. L&#039;\u00eele de l&#039;atoll de Baa offre luxe, design respectueux de l&#039;environnement et exp\u00e9riences maldiviennes authentiques.<\/p>\n\n\t\t<\/div>\n\t<\/div>\n<\/div><\/div><\/div><\/div><div class=\"vc_row wpb_row vc_row-fluid\"><div class=\"wpb_column vc_column_container vc_col-sm-3\"><div class=\"vc_column-inner\"><div class=\"wpb_wrapper\">\n\t<div  class=\"wpb_single_image wpb_content_element vc_align_left wpb_content_element\">\n\t\t\n\t\t<figure class=\"wpb_wrapper vc_figure\">\n\t\t\t<a href=\"http:\/\/maldives-paradise.com\/fr\/?page_id=7643\" target=\"_self\" class=\"vc_single_image-wrapper   vc_box_border_grey\"><img loading=\"lazy\" decoding=\"async\" width=\"150\" height=\"150\" src=\"https:\/\/maldives-paradise.com\/wp-content\/uploads\/2024\/01\/soneva-jani2-150x150.jpg\" class=\"vc_single_image-img attachment-thumbnail\" alt=\"Soneva Jani\" title=\"soneva-jani2\" \/><\/a>\n\t\t<\/figure>\n\t<\/div>\n<\/div><\/div><\/div><div class=\"wpb_column vc_column_container vc_col-sm-9\"><div class=\"vc_column-inner\"><div class=\"wpb_wrapper\">\n\t<div class=\"wpb_text_column wpb_content_element\" >\n\t\t<div class=\"wpb_wrapper\">\n\t\t\t<h4><a href=\"http:\/\/maldives-paradise.com\/fr\/?page_id=7643\">Soneva Jani<\/a><\/h4>\n<p><strong>Soneva Jani<\/strong> est un complexe sur pilotis de luxe 5 \u00e9toiles situ\u00e9 dans un lagon aux eaux cristallines de 5,6 kilom\u00e8tres dans l&#039;atoll de Noonu aux Maldives. Construit autour d&#039;un lagon avec vue sur l&#039;oc\u00e9an, plages de sable blanc et verdure tropicale. Croisi\u00e8res avec les dauphins, plong\u00e9e, exp\u00e9riences familiales et restaurants \u00e9toil\u00e9s Michelin.<\/p>\n\n\t\t<\/div>\n\t<\/div>\n<\/div><\/div><\/div><\/div><div class=\"vc_row wpb_row vc_row-fluid\"><div class=\"wpb_column vc_column_container vc_col-sm-3\"><div class=\"vc_column-inner\"><div class=\"wpb_wrapper\">\n\t<div  class=\"wpb_single_image wpb_content_element vc_align_left wpb_content_element\">\n\t\t\n\t\t<figure class=\"wpb_wrapper vc_figure\">\n\t\t\t<a href=\"http:\/\/maldives-paradise.com\/fr\/?page_id=7647\" target=\"_self\" class=\"vc_single_image-wrapper   vc_box_border_grey\"><img loading=\"lazy\" decoding=\"async\" width=\"150\" height=\"150\" src=\"https:\/\/maldives-paradise.com\/wp-content\/uploads\/2024\/01\/st-regis-2-150x150.jpg\" class=\"vc_single_image-img attachment-thumbnail\" alt=\"Le St. Regis Maldives Vommuli Resort\" title=\"st-regis-2\" \/><\/a>\n\t\t<\/figure>\n\t<\/div>\n<\/div><\/div><\/div><div class=\"wpb_column vc_column_container vc_col-sm-9\"><div class=\"vc_column-inner\"><div class=\"wpb_wrapper\">\n\t<div class=\"wpb_text_column wpb_content_element\" >\n\t\t<div class=\"wpb_wrapper\">\n\t\t\t<h4><a href=\"http:\/\/maldives-paradise.com\/fr\/?page_id=7647\">Le St. Regis Maldives Vommuli Resort<\/a><\/h4>\n<p>Le<strong> St. Regis Maldives Vommuli Resort<\/strong> est un complexe 5 \u00e9toiles situ\u00e9 sur une \u00eele priv\u00e9e des Maldives. Vous pourrez vous d\u00e9tendre et profiter de massages corporels, de soins ayurv\u00e9diques et d&#039;hydroth\u00e9rapie au spa Iridium. En plus de la plong\u00e9e et de la planche \u00e0 voile, le complexe propose du jet packaging, du sea bobbing, du kayak \u00e0 fond de verre et du catamaran.<br \/>\nClub enfants, jeux int\u00e9rieurs au Socialite Club, tennis ext\u00e9rieur et tour d&#039;observatoire.<\/p>\n\n\t\t<\/div>\n\t<\/div>\n<\/div><\/div><\/div><\/div><div class=\"vc_row wpb_row vc_row-fluid\"><div class=\"wpb_column vc_column_container vc_col-sm-3\"><div class=\"vc_column-inner\"><div class=\"wpb_wrapper\">\n\t<div  class=\"wpb_single_image wpb_content_element vc_align_left wpb_content_element\">\n\t\t\n\t\t<figure class=\"wpb_wrapper vc_figure\">\n\t\t\t<a href=\"http:\/\/maldives-paradise.com\/fr\/?page_id=7651\" target=\"_self\" class=\"vc_single_image-wrapper   vc_box_border_grey\"><img loading=\"lazy\" decoding=\"async\" width=\"150\" height=\"150\" src=\"https:\/\/maldives-paradise.com\/wp-content\/uploads\/2024\/01\/The-Standard-Huruvalhi-Maldives2-150x150.jpg\" class=\"vc_single_image-img attachment-thumbnail\" alt=\"Le Standard Huruvalhi Maldives\" title=\"Le-Standard-Huruvalhi-Maldives2\" \/><\/a>\n\t\t<\/figure>\n\t<\/div>\n<\/div><\/div><\/div><div class=\"wpb_column vc_column_container vc_col-sm-9\"><div class=\"vc_column-inner\"><div class=\"wpb_wrapper\">\n\t<div class=\"wpb_text_column wpb_content_element\" >\n\t\t<div class=\"wpb_wrapper\">\n\t\t\t<h4><a href=\"http:\/\/maldives-paradise.com\/fr\/?page_id=7651\">Le Standard Huruvalhi Maldives<\/a><\/h4>\n<p><strong>Le Standard Huruvalhi Maldives<\/strong> est un phare de luxe sans pr\u00e9c\u00e9dent, offrant un m\u00e9lange exquis d&#039;opulence et de beaut\u00e9 naturelle. Ce complexe exclusif est un t\u00e9moignage de sophistication, promettant une exp\u00e9rience unique qui transcende l&#039;ordinaire.<\/p>\n\n\t\t<\/div>\n\t<\/div>\n<\/div><\/div><\/div><\/div><div class=\"vc_row wpb_row vc_row-fluid\"><div class=\"wpb_column vc_column_container vc_col-sm-3\"><div class=\"vc_column-inner\"><div class=\"wpb_wrapper\">\n\t<div  class=\"wpb_single_image wpb_content_element vc_align_left wpb_content_element\">\n\t\t\n\t\t<figure class=\"wpb_wrapper vc_figure\">\n\t\t\t<a href=\"http:\/\/maldives-paradise.com\/fr\/?page_id=7655\" target=\"_self\" class=\"vc_single_image-wrapper   vc_box_border_grey\"><img loading=\"lazy\" decoding=\"async\" width=\"150\" height=\"150\" src=\"https:\/\/maldives-paradise.com\/wp-content\/uploads\/2024\/01\/Sun-Siyam-Iru-Fushi-2-150x150.jpg\" class=\"vc_single_image-img attachment-thumbnail\" alt=\"Sun Siyam Iru Fushi\" title=\"Soleil-Siyam-Iru-Fushi-2\" \/><\/a>\n\t\t<\/figure>\n\t<\/div>\n<\/div><\/div><\/div><div class=\"wpb_column vc_column_container vc_col-sm-9\"><div class=\"vc_column-inner\"><div class=\"wpb_wrapper\">\n\t<div class=\"wpb_text_column wpb_content_element\" >\n\t\t<div class=\"wpb_wrapper\">\n\t\t\t<h4><a href=\"http:\/\/maldives-paradise.com\/fr\/?page_id=7655\">Sun Siyam Iru Fushi<\/a><\/h4>\n<p>Sun Siyam Iru Fushi, un complexe baln\u00e9aire et spa de luxe 5 \u00e9toiles au c\u0153ur des Maldives. Ce complexe exclusif attire les voyageurs \u00e0 la recherche d&#039;un m\u00e9lange harmonieux d&#039;opulence, de beaut\u00e9 naturelle et de service personnalis\u00e9, cr\u00e9ant une \u00e9vasion sans pr\u00e9c\u00e9dent dans le luxe.<\/p>\n\n\t\t<\/div>\n\t<\/div>\n<\/div><\/div><\/div><\/div><div class=\"vc_row wpb_row vc_row-fluid\"><div class=\"wpb_column vc_column_container vc_col-sm-3\"><div class=\"vc_column-inner\"><div class=\"wpb_wrapper\">\n\t<div  class=\"wpb_single_image wpb_content_element vc_align_left wpb_content_element\">\n\t\t\n\t\t<figure class=\"wpb_wrapper vc_figure\">\n\t\t\t<a href=\"http:\/\/maldives-paradise.com\/fr\/?page_id=7659\" target=\"_self\" class=\"vc_single_image-wrapper   vc_box_border_grey\"><img loading=\"lazy\" decoding=\"async\" width=\"150\" height=\"150\" src=\"https:\/\/maldives-paradise.com\/wp-content\/uploads\/2024\/01\/Sun-Siyam-Vilu-Reef2-150x150.jpg\" class=\"vc_single_image-img attachment-thumbnail\" alt=\"R\u00e9cif Sun Siyam Vilu\" title=\"Sun-Siyam-Vilu-Reef2\" \/><\/a>\n\t\t<\/figure>\n\t<\/div>\n<\/div><\/div><\/div><div class=\"wpb_column vc_column_container vc_col-sm-9\"><div class=\"vc_column-inner\"><div class=\"wpb_wrapper\">\n\t<div class=\"wpb_text_column wpb_content_element\" >\n\t\t<div class=\"wpb_wrapper\">\n\t\t\t<h4><a href=\"http:\/\/maldives-paradise.com\/fr\/?page_id=7659\">R\u00e9cif Sun Siyam Vilu<\/a><\/h4>\n<p>D\u00e9couvrez le paradis au Sun Siyam Vilu Reef\u00a0: un havre de luxe tout compris aux Maldives. Ce paradis tropical n\u2019est pas seulement une destination ; c&#039;est une exp\u00e9rience qui transcende l&#039;ordinaire. Avec ses superbes villas sur pilotis, ses \u00e9quipements de classe mondiale et son service impeccable, <strong>R\u00e9cif Sun Siyam Vilu<\/strong> s&#039;impose comme la quintessence de l&#039;opulence dans l&#039;archipel des Maldives.<\/p>\n\n\t\t<\/div>\n\t<\/div>\n<\/div><\/div><\/div><\/div><div class=\"vc_row wpb_row vc_row-fluid\"><div class=\"wpb_column vc_column_container vc_col-sm-12\"><div class=\"vc_column-inner\"><div class=\"wpb_wrapper\">\n\t<div class=\"wpb_text_column wpb_content_element\" >\n\t\t<div class=\"wpb_wrapper\">\n\t\t\t<h3>H\u00f4tels et complexes 5 \u00e9toiles aux Maldives\u00a0\u00a0 <a href=\"http:\/\/maldives-paradise.com\/fr\/?page_id=4124\">Page 1<\/a>\u00a0\u00a0 <a href=\"http:\/\/maldives-paradise.com\/fr\/?page_id=7968\">Page 2<\/a>\u00a0\u00a0 <a href=\"http:\/\/maldives-paradise.com\/fr\/?page_id=7996\">Page 3<\/a>\u00a0\u00a0 <a href=\"http:\/\/maldives-paradise.com\/fr\/?page_id=8053\">Page 4<\/a> \u00a0 <a href=\"http:\/\/maldives-paradise.com\/fr\/?page_id=8128\">Page 5<\/a>\u00a0\u00a0 <a href=\"http:\/\/maldives-paradise.com\/fr\/?page_id=8384\">Page 7<\/a> \u00a0<a href=\"http:\/\/maldives-paradise.com\/fr\/hotels-5-etoiles-aux-maldives-8\/\">Page 8<\/a>\u00a0\u00a0<a href=\"https:\/\/maldives-paradise.com\/fr\/hotels-et-complexes-hoteliers-5-etoiles-aux-maldives-9\/\">Page 9<\/a><\/h3>\n\n\t\t<\/div>\n\t<\/div>\n<\/div><\/div><\/div><\/div>\n<\/div>","protected":false},"excerpt":{"rendered":"<div class=\"mh-excerpt\"><\/div>","protected":false},"author":1,"featured_media":0,"parent":0,"menu_order":0,"comment_status":"closed","ping_status":"closed","template":"","meta":{"footnotes":""},"class_list":["post-8170","page","type-page","status-publish"],"aioseo_notices":[],"_links":{"self":[{"href":"http:\/\/maldives-paradise.com\/fr\/wp-json\/wp\/v2\/pages\/8170","targetHints":{"allow":["GET"]}}],"collection":[{"href":"http:\/\/maldives-paradise.com\/fr\/wp-json\/wp\/v2\/pages"}],"about":[{"href":"http:\/\/maldives-paradise.com\/fr\/wp-json\/wp\/v2\/types\/page"}],"author":[{"embeddable":true,"href":"http:\/\/maldives-paradise.com\/fr\/wp-json\/wp\/v2\/users\/1"}],"replies":[{"embeddable":true,"href":"http:\/\/maldives-paradise.com\/fr\/wp-json\/wp\/v2\/comments?post=8170"}],"version-history":[{"count":6,"href":"http:\/\/maldives-paradise.com\/fr\/wp-json\/wp\/v2\/pages\/8170\/revisions"}],"predecessor-version":[{"id":34301,"href":"http:\/\/maldives-paradise.com\/fr\/wp-json\/wp\/v2\/pages\/8170\/revisions\/34301"}],"wp:attachment":[{"href":"http:\/\/maldives-paradise.com\/fr\/wp-json\/wp\/v2\/media?parent=8170"}],"curies":[{"name":"wp","href":"https:\/\/api.w.org\/{rel}","templated":true}]}}