{"id":7996,"date":"2024-01-02T18:17:30","date_gmt":"2024-01-02T18:17:30","guid":{"rendered":"http:\/\/maldives-paradise.com\/?page_id=7996"},"modified":"2025-02-22T09:07:32","modified_gmt":"2025-02-22T09:07:32","slug":"hotels-5-etoiles-aux-maldives-3","status":"publish","type":"page","link":"http:\/\/maldives-paradise.com\/fr\/hotels-5-etoiles-aux-maldives-3\/","title":{"rendered":"H\u00f4tels et complexes 5 \u00e9toiles aux Maldives 3"},"content":{"rendered":"<div class=\"wpb-content-wrapper\"><div class=\"vc_row wpb_row vc_row-fluid\"><div class=\"wpb_column vc_column_container vc_col-sm-12\"><div class=\"vc_column-inner\"><div class=\"wpb_wrapper\">\n\t<div class=\"wpb_text_column wpb_content_element\" >\n\t\t<div class=\"wpb_wrapper\">\n\t\t\t<h3>Une s\u00e9lection d&#039;h\u00f4tels et resorts 5 \u00e9toiles aux Maldives page 3<\/h3>\n<p>Les Maldives sont r\u00e9put\u00e9es pour leur <strong data-start=\"82\" data-end=\"121\">h\u00f4tels et complexes h\u00f4teliers 5 \u00e9toiles luxueux<\/strong>, offrant une qualit\u00e9 in\u00e9gal\u00e9e <strong data-start=\"145\" data-end=\"191\">\u00e9l\u00e9gance, intimit\u00e9 et service de classe mondiale<\/strong>Ces retraites exclusives comprennent <strong data-start=\"226\" data-end=\"316\">villas sur pilotis, piscines \u00e0 d\u00e9bordement, restaurants gastronomiques et services de majordome priv\u00e9s<\/strong>.<\/p>\n\n\t\t<\/div>\n\t<\/div>\n<\/div><\/div><\/div><\/div><div class=\"vc_row wpb_row vc_row-fluid\"><div class=\"wpb_column vc_column_container vc_col-sm-3\"><div class=\"vc_column-inner\"><div class=\"wpb_wrapper\">\n\t<div  class=\"wpb_single_image wpb_content_element vc_align_left wpb_content_element\">\n\t\t\n\t\t<figure class=\"wpb_wrapper vc_figure\">\n\t\t\t<a href=\"http:\/\/maldives-paradise.com\/fr\/?page_id=7002\" target=\"_self\" class=\"vc_single_image-wrapper   vc_box_border_grey\"><img loading=\"lazy\" decoding=\"async\" width=\"150\" height=\"150\" src=\"https:\/\/maldives-paradise.com\/wp-content\/uploads\/2024\/01\/Dusit-Thani-Maldives2-150x150.jpg\" class=\"vc_single_image-img attachment-thumbnail\" alt=\"Dusit Thani Maldives\" title=\"Dusit-Thani-Maldives2\" \/><\/a>\n\t\t<\/figure>\n\t<\/div>\n<\/div><\/div><\/div><div class=\"wpb_column vc_column_container vc_col-sm-9\"><div class=\"vc_column-inner\"><div class=\"wpb_wrapper\">\n\t<div class=\"wpb_text_column wpb_content_element\" >\n\t\t<div class=\"wpb_wrapper\">\n\t\t\t<h4><a href=\"http:\/\/maldives-paradise.com\/fr\/?page_id=7002\">Dusit Thani Maldives<\/a><\/h4>\n<p>Offrez-vous le summum du luxe \u00e0 <strong>Dusit Thani Maldives,<\/strong> une \u00eele paradisiaque immacul\u00e9e qui allie harmonieusement l&#039;opulence \u00e0 la beaut\u00e9 naturelle des Maldives. Nich\u00e9 au c\u0153ur de l&#039;oc\u00e9an Indien, ce complexe de classe mondiale attire les voyageurs exigeants avec son m\u00e9lange in\u00e9gal\u00e9 de design sophistiqu\u00e9, de service impeccable et d&#039;un environnement \u00e0 couper le souffle.<\/p>\n\n\t\t<\/div>\n\t<\/div>\n<\/div><\/div><\/div><\/div><div class=\"vc_row wpb_row vc_row-fluid\"><div class=\"wpb_column vc_column_container vc_col-sm-3\"><div class=\"vc_column-inner\"><div class=\"wpb_wrapper\">\n\t<div  class=\"wpb_single_image wpb_content_element vc_align_left wpb_content_element\">\n\t\t\n\t\t<figure class=\"wpb_wrapper vc_figure\">\n\t\t\t<a href=\"http:\/\/maldives-paradise.com\/fr\/?page_id=7009\" target=\"_self\" class=\"vc_single_image-wrapper   vc_box_border_grey\"><img loading=\"lazy\" decoding=\"async\" width=\"150\" height=\"150\" src=\"https:\/\/maldives-paradise.com\/wp-content\/uploads\/2024\/01\/Emerald-Maldives-Service-at-the-Main-Pool-150x150.jpg\" class=\"vc_single_image-img attachment-thumbnail\" alt=\"Emerald Maldives Resort &amp; Spa\" title=\"Emerald-Maldives --- Service-\u00e0-la-piscine-principale\" \/><\/a>\n\t\t<\/figure>\n\t<\/div>\n<\/div><\/div><\/div><div class=\"wpb_column vc_column_container vc_col-sm-9\"><div class=\"vc_column-inner\"><div class=\"wpb_wrapper\">\n\t<div class=\"wpb_text_column wpb_content_element\" >\n\t\t<div class=\"wpb_wrapper\">\n\t\t\t<h4><a href=\"http:\/\/maldives-paradise.com\/fr\/?page_id=7009\">Emerald Maldives Resort &amp; Spa<\/a><\/h4>\n<p><strong>Emerald Maldives Resort &amp; Spa<\/strong> est un sanctuaire de s\u00e9r\u00e9nit\u00e9 nich\u00e9 au c\u0153ur de l&#039;Oc\u00e9an Indien. Ce complexe de luxe t\u00e9moigne d&#039;une \u00e9l\u00e9gance raffin\u00e9e, offrant une exp\u00e9rience in\u00e9gal\u00e9e alliant une beaut\u00e9 naturelle \u00e0 couper le souffle \u00e0 des \u00e9quipements de classe mondiale. Voici les principales caract\u00e9ristiques qui font d\u2019Emerald Maldives un paradis pour les voyageurs exigeants.<\/p>\n\n\t\t<\/div>\n\t<\/div>\n<\/div><\/div><\/div><\/div><div class=\"vc_row wpb_row vc_row-fluid\"><div class=\"wpb_column vc_column_container vc_col-sm-3\"><div class=\"vc_column-inner\"><div class=\"wpb_wrapper\">\n\t<div  class=\"wpb_single_image wpb_content_element vc_align_left wpb_content_element\">\n\t\t\n\t\t<figure class=\"wpb_wrapper vc_figure\">\n\t\t\t<a href=\"http:\/\/maldives-paradise.com\/fr\/?page_id=7014\" target=\"_self\" class=\"vc_single_image-wrapper   vc_box_border_grey\"><img loading=\"lazy\" decoding=\"async\" width=\"150\" height=\"150\" src=\"https:\/\/maldives-paradise.com\/wp-content\/uploads\/2024\/01\/Fairmont-Maldives-Sirru-Fen-Fushi2-150x150.jpg\" class=\"vc_single_image-img attachment-thumbnail\" alt=\"Fairmont Maldives Sirru Fen Fushi\" title=\"Fairmont-Maldives-Sirru-Fen-Fushi2\" \/><\/a>\n\t\t<\/figure>\n\t<\/div>\n<\/div><\/div><\/div><div class=\"wpb_column vc_column_container vc_col-sm-9\"><div class=\"vc_column-inner\"><div class=\"wpb_wrapper\">\n\t<div class=\"wpb_text_column wpb_content_element\" >\n\t\t<div class=\"wpb_wrapper\">\n\t\t\t<h4><a href=\"http:\/\/maldives-paradise.com\/fr\/?page_id=7014\">Fairmont Maldives Sirru Fen Fushi<\/a><\/h4>\n<p>Le luxe \u00e0 <strong>Fairmont Maldives Sirru Fen Fushi<\/strong> est un complexe de villas immacul\u00e9 au c\u0153ur des Maldives. Ce complexe exclusif invite les voyageurs \u00e0 la recherche d&#039;une escapade sans pr\u00e9c\u00e9dent avec son m\u00e9lange exquis d&#039;opulence, de beaut\u00e9 naturelle et d&#039;\u00e9quipements de classe mondiale.<\/p>\n\n\t\t<\/div>\n\t<\/div>\n<\/div><\/div><\/div><\/div><div class=\"vc_row wpb_row vc_row-fluid\"><div class=\"wpb_column vc_column_container vc_col-sm-3\"><div class=\"vc_column-inner\"><div class=\"wpb_wrapper\">\n\t<div  class=\"wpb_single_image wpb_content_element vc_align_left wpb_content_element\">\n\t\t\n\t\t<figure class=\"wpb_wrapper vc_figure\">\n\t\t\t<a href=\"http:\/\/maldives-paradise.com\/fr\/?page_id=7073\" target=\"_self\" class=\"vc_single_image-wrapper   vc_box_border_grey\"><img loading=\"lazy\" decoding=\"async\" width=\"150\" height=\"150\" src=\"https:\/\/maldives-paradise.com\/wp-content\/uploads\/2024\/01\/Finolhu-Baa-Atoll-Maldives-150x150.jpg\" class=\"vc_single_image-img attachment-thumbnail\" alt=\"Finolhu Baa Atoll Maldives\" title=\"Finolhu-Baa-Atoll-Maldives\" \/><\/a>\n\t\t<\/figure>\n\t<\/div>\n<\/div><\/div><\/div><div class=\"wpb_column vc_column_container vc_col-sm-9\"><div class=\"vc_column-inner\"><div class=\"wpb_wrapper\">\n\t<div class=\"wpb_text_column wpb_content_element\" >\n\t\t<div class=\"wpb_wrapper\">\n\t\t\t<h4><a href=\"http:\/\/maldives-paradise.com\/fr\/?page_id=7073\">Finolhu Baa Atoll Maldives<\/a><\/h4>\n<p>\u00c9vadez-vous dans un monde de luxe in\u00e9gal\u00e9 et de beaut\u00e9 \u00e0 couper le souffle \u00e0 <strong>Finolhu Baa Atoll Maldives<\/strong>. Nich\u00e9 au c\u0153ur de la r\u00e9serve de biosph\u00e8re de l&#039;UNESCO, ce complexe exclusif red\u00e9finit le sens d&#039;une escapade tropicale. B\u00e9n\u00e9ficiant d&#039;une fusion de design contemporain et de splendeur naturelle, Finolhu est un paradis pour ceux qui recherchent le summum du luxe et de la d\u00e9tente.<\/p>\n\n\t\t<\/div>\n\t<\/div>\n<\/div><\/div><\/div><\/div><div class=\"vc_row wpb_row vc_row-fluid\"><div class=\"wpb_column vc_column_container vc_col-sm-3\"><div class=\"vc_column-inner\"><div class=\"wpb_wrapper\">\n\t<div  class=\"wpb_single_image wpb_content_element vc_align_left wpb_content_element\">\n\t\t\n\t\t<figure class=\"wpb_wrapper vc_figure\">\n\t\t\t<a href=\"http:\/\/maldives-paradise.com\/fr\/?page_id=7079\" target=\"_self\" class=\"vc_single_image-wrapper   vc_box_border_grey\"><img loading=\"lazy\" decoding=\"async\" width=\"150\" height=\"150\" src=\"https:\/\/maldives-paradise.com\/wp-content\/uploads\/2024\/01\/Four-Seasons-Maldives-Kuda-Huraa2-150x150.jpg\" class=\"vc_single_image-img attachment-thumbnail\" alt=\"Four Seasons Maldives Kuda Huraa\" title=\"Quatre-Saisons-Maldives-Kuda-Huraa2\" \/><\/a>\n\t\t<\/figure>\n\t<\/div>\n<\/div><\/div><\/div><div class=\"wpb_column vc_column_container vc_col-sm-9\"><div class=\"vc_column-inner\"><div class=\"wpb_wrapper\">\n\t<div class=\"wpb_text_column wpb_content_element\" >\n\t\t<div class=\"wpb_wrapper\">\n\t\t\t<h4><a href=\"http:\/\/maldives-paradise.com\/fr\/?page_id=7079\">Four Seasons Maldives Kuda Huraa<\/a><\/h4>\n<p><strong>Four Seasons Maldives Kuda Huraa<\/strong> se pr\u00e9sente comme un phare d&#039;opulence et de tranquillit\u00e9, offrant une \u00e9vasion sans pr\u00e9c\u00e9dent au paradis. Ce complexe de luxe t\u00e9moigne de l&#039;art de l&#039;hospitalit\u00e9, alliant le charme traditionnel des Maldives \u00e0 la sophistication de la marque Four Seasons. Avec son cadre magnifique, son service impeccable et sa pl\u00e9thore d&#039;\u00e9quipements de classe mondiale, le Four Seasons Maldives Kuda Huraa est la quintessence d&#039;une escapade de r\u00eave.<\/p>\n\n\t\t<\/div>\n\t<\/div>\n<\/div><\/div><\/div><\/div><div class=\"vc_row wpb_row vc_row-fluid\"><div class=\"wpb_column vc_column_container vc_col-sm-3\"><div class=\"vc_column-inner\"><div class=\"wpb_wrapper\">\n\t<div  class=\"wpb_single_image wpb_content_element vc_align_left wpb_content_element\">\n\t\t\n\t\t<figure class=\"wpb_wrapper vc_figure\">\n\t\t\t<a href=\"http:\/\/maldives-paradise.com\/fr\/?page_id=7083\" target=\"_self\" class=\"vc_single_image-wrapper   vc_box_border_grey\"><img loading=\"lazy\" decoding=\"async\" width=\"150\" height=\"150\" src=\"https:\/\/maldives-paradise.com\/wp-content\/uploads\/2024\/01\/Four-Seasons-Maldives-Landaa-Giraavaru2-150x150.jpeg\" class=\"vc_single_image-img attachment-thumbnail\" alt=\"Four Seasons Maldives Landaa Giraavaru\" title=\"Quatre-Saisons-Maldives-Landaa-Giraavaru2\" \/><\/a>\n\t\t<\/figure>\n\t<\/div>\n<\/div><\/div><\/div><div class=\"wpb_column vc_column_container vc_col-sm-9\"><div class=\"vc_column-inner\"><div class=\"wpb_wrapper\">\n\t<div class=\"wpb_text_column wpb_content_element\" >\n\t\t<div class=\"wpb_wrapper\">\n\t\t\t<h4><a href=\"http:\/\/maldives-paradise.com\/fr\/?page_id=7083\">Four Seasons Maldives Landaa Giraavaru<\/a><\/h4>\n<p>\u00c9vadez-vous dans un monde d&#039;opulence et de s\u00e9r\u00e9nit\u00e9 dans l&#039;exquis <strong>Four Seasons Maldives Landaa Giraavaru<\/strong>, o\u00f9 le luxe rencontre la nature en parfaite harmonie. Nich\u00e9 au c\u0153ur de l&#039;atoll de Baa, ce complexe idyllique red\u00e9finit le sens du paradis tropical, offrant aux voyageurs exigeants une exp\u00e9rience in\u00e9gal\u00e9e de bonheur et de sophistication.<\/p>\n\n\t\t<\/div>\n\t<\/div>\n<\/div><\/div><\/div><\/div><div class=\"vc_row wpb_row vc_row-fluid\"><div class=\"wpb_column vc_column_container vc_col-sm-3\"><div class=\"vc_column-inner\"><div class=\"wpb_wrapper\">\n\t<div  class=\"wpb_single_image wpb_content_element vc_align_left wpb_content_element\">\n\t\t\n\t\t<figure class=\"wpb_wrapper vc_figure\">\n\t\t\t<a href=\"http:\/\/maldives-paradise.com\/fr\/?page_id=7087\" target=\"_self\" class=\"vc_single_image-wrapper   vc_box_border_grey\"><img loading=\"lazy\" decoding=\"async\" width=\"150\" height=\"150\" src=\"https:\/\/maldives-paradise.com\/wp-content\/uploads\/2024\/01\/Fushifaru-Maldives2-150x150.jpg\" class=\"vc_single_image-img attachment-thumbnail\" alt=\"Fushifaru Maldives\" title=\"Fushifaru-Maldives2\" \/><\/a>\n\t\t<\/figure>\n\t<\/div>\n<\/div><\/div><\/div><div class=\"wpb_column vc_column_container vc_col-sm-9\"><div class=\"vc_column-inner\"><div class=\"wpb_wrapper\">\n\t<div class=\"wpb_text_column wpb_content_element\" >\n\t\t<div class=\"wpb_wrapper\">\n\t\t\t<h4><a href=\"http:\/\/maldives-paradise.com\/fr\/?page_id=7087\">Fushifaru Maldives<\/a><\/h4>\n<p><strong>Fushifaru Maldives <\/strong>est un havre de tranquillit\u00e9 nich\u00e9 au c\u0153ur de l&#039;Oc\u00e9an Indien. Ce complexe de luxe exclusif offre un m\u00e9lange harmonieux de beaut\u00e9 naturelle \u00e0 couper le souffle et d&#039;hospitalit\u00e9 in\u00e9gal\u00e9e, ce qui en fait la destination ultime pour ceux qui recherchent une \u00e9vasion extraordinaire.<\/p>\n\n\t\t<\/div>\n\t<\/div>\n<\/div><\/div><\/div><\/div><div class=\"vc_row wpb_row vc_row-fluid\"><div class=\"wpb_column vc_column_container vc_col-sm-3\"><div class=\"vc_column-inner\"><div class=\"wpb_wrapper\">\n\t<div  class=\"wpb_single_image wpb_content_element vc_align_left wpb_content_element\">\n\t\t\n\t\t<figure class=\"wpb_wrapper vc_figure\">\n\t\t\t<a href=\"http:\/\/maldives-paradise.com\/fr\/?page_id=7096\" target=\"_self\" class=\"vc_single_image-wrapper   vc_box_border_grey\"><img loading=\"lazy\" decoding=\"async\" width=\"150\" height=\"150\" src=\"https:\/\/maldives-paradise.com\/wp-content\/uploads\/2024\/01\/Gili-ankanfushi-Maldives2-150x150.jpg\" class=\"vc_single_image-img attachment-thumbnail\" alt=\"Gili Lankanfushi Maldives\" title=\"Gili-ankanfushi-Maldives2\" \/><\/a>\n\t\t<\/figure>\n\t<\/div>\n<\/div><\/div><\/div><div class=\"wpb_column vc_column_container vc_col-sm-9\"><div class=\"vc_column-inner\"><div class=\"wpb_wrapper\">\n\t<div class=\"wpb_text_column wpb_content_element\" >\n\t\t<div class=\"wpb_wrapper\">\n\t\t\t<h4><a href=\"http:\/\/maldives-paradise.com\/fr\/?page_id=7096\">Gili Lankanfushi Maldives<\/a><\/h4>\n<p>\u00c9vadez-vous dans un monde de luxe in\u00e9gal\u00e9 et de beaut\u00e9 \u00e0 couper le souffle \u00e0 <strong>Gili Lankanfushi Maldives<\/strong>, o\u00f9 chaque instant est une c\u00e9l\u00e9bration de l&#039;opulence et de la s\u00e9r\u00e9nit\u00e9. Nich\u00e9 au c\u0153ur de l&#039;oc\u00e9an Indien, ce complexe exclusif red\u00e9finit le concept de plaisir, offrant une exp\u00e9rience in\u00e9gal\u00e9e m\u00ealant harmonieusement nature, luxe et service personnalis\u00e9.<\/p>\n\n\t\t<\/div>\n\t<\/div>\n<\/div><\/div><\/div><\/div><div class=\"vc_row wpb_row vc_row-fluid\"><div class=\"wpb_column vc_column_container vc_col-sm-3\"><div class=\"vc_column-inner\"><div class=\"wpb_wrapper\">\n\t<div  class=\"wpb_single_image wpb_content_element vc_align_left wpb_content_element\">\n\t\t\n\t\t<figure class=\"wpb_wrapper vc_figure\">\n\t\t\t<a href=\"http:\/\/maldives-paradise.com\/fr\/?page_id=7100\" target=\"_self\" class=\"vc_single_image-wrapper   vc_box_border_grey\"><img loading=\"lazy\" decoding=\"async\" width=\"150\" height=\"150\" src=\"https:\/\/maldives-paradise.com\/wp-content\/uploads\/2024\/01\/hard-rock-hotel-maldives2-150x150.jpg\" class=\"vc_single_image-img attachment-thumbnail\" alt=\"H\u00f4tel Hard Rock Maldives\" title=\"h\u00f4tel-hard-rock-maldives2\" \/><\/a>\n\t\t<\/figure>\n\t<\/div>\n<\/div><\/div><\/div><div class=\"wpb_column vc_column_container vc_col-sm-9\"><div class=\"vc_column-inner\"><div class=\"wpb_wrapper\">\n\t<div class=\"wpb_text_column wpb_content_element\" >\n\t\t<div class=\"wpb_wrapper\">\n\t\t\t<h4><a href=\"http:\/\/maldives-paradise.com\/fr\/?page_id=7100\">H\u00f4tel Hard Rock Maldives<\/a><\/h4>\n<p>Le tout compris <strong>H\u00f4tel Hard Rock Maldives<\/strong> invite les voyageurs exigeants \u00e0 d\u00e9couvrir la quintessence du luxe et de l&#039;indulgence. Ce complexe idyllique allie harmonieusement la marque embl\u00e9matique Hard Rock \u00e0 la beaut\u00e9 \u00e0 couper le souffle des Maldives, cr\u00e9ant un havre de paix o\u00f9 l&#039;opulence rencontre la splendeur tropicale.<\/p>\n\n\t\t<\/div>\n\t<\/div>\n<\/div><\/div><\/div><\/div><div class=\"vc_row wpb_row vc_row-fluid\"><div class=\"wpb_column vc_column_container vc_col-sm-3\"><div class=\"vc_column-inner\"><div class=\"wpb_wrapper\">\n\t<div  class=\"wpb_single_image wpb_content_element vc_align_left wpb_content_element\">\n\t\t\n\t\t<figure class=\"wpb_wrapper vc_figure\">\n\t\t\t<a href=\"http:\/\/maldives-paradise.com\/fr\/?page_id=7104\" target=\"_self\" class=\"vc_single_image-wrapper   vc_box_border_grey\"><img loading=\"lazy\" decoding=\"async\" width=\"150\" height=\"150\" src=\"https:\/\/maldives-paradise.com\/wp-content\/uploads\/2024\/01\/heritance-aarah-maldives-ocean-suite-6-150x150.jpg\" class=\"vc_single_image-img attachment-thumbnail\" alt=\"Heritance Aarah \u2013 Complexe de luxe tout compris\" title=\"h\u00e9ritage-aarah-maldives-ocean-suite-6\" \/><\/a>\n\t\t<\/figure>\n\t<\/div>\n<\/div><\/div><\/div><div class=\"wpb_column vc_column_container vc_col-sm-9\"><div class=\"vc_column-inner\"><div class=\"wpb_wrapper\">\n\t<div class=\"wpb_text_column wpb_content_element\" >\n\t\t<div class=\"wpb_wrapper\">\n\t\t\t<h4><a href=\"http:\/\/maldives-paradise.com\/fr\/?page_id=7104\">Heritance Aarah \u2013 Complexe de luxe tout compris<\/a><\/h4>\n<p>Au c\u0153ur des fascinantes Maldives, le complexe premium tout compris <strong>H\u00e9ritage Aarah<\/strong> est l&#039;incarnation du luxe et de l&#039;indulgence. Ce complexe exquis est un paradis pour ceux qui recherchent une escapade tropicale sans pr\u00e9c\u00e9dent, o\u00f9 les eaux cristallines, les plages immacul\u00e9es et les h\u00e9bergements somptueux convergent pour cr\u00e9er une exp\u00e9rience vraiment inoubliable.<\/p>\n\n\t\t<\/div>\n\t<\/div>\n<\/div><\/div><\/div><\/div><div class=\"vc_row wpb_row vc_row-fluid\"><div class=\"wpb_column vc_column_container vc_col-sm-3\"><div class=\"vc_column-inner\"><div class=\"wpb_wrapper\">\n\t<div  class=\"wpb_single_image wpb_content_element vc_align_left wpb_content_element\">\n\t\t\n\t\t<figure class=\"wpb_wrapper vc_figure\">\n\t\t\t<a href=\"http:\/\/maldives-paradise.com\/fr\/?page_id=7108\" target=\"_self\" class=\"vc_single_image-wrapper   vc_box_border_grey\"><img loading=\"lazy\" decoding=\"async\" width=\"150\" height=\"150\" src=\"https:\/\/maldives-paradise.com\/wp-content\/uploads\/2024\/01\/HiltonMaldives-Amingiri-Resort2-150x150.jpg\" class=\"vc_single_image-img attachment-thumbnail\" alt=\"Hilton Maldives Amingiri Resort &amp; Spa\" title=\"HiltonMaldives-Amingiri-Resort2\" \/><\/a>\n\t\t<\/figure>\n\t<\/div>\n<\/div><\/div><\/div><div class=\"wpb_column vc_column_container vc_col-sm-9\"><div class=\"vc_column-inner\"><div class=\"wpb_wrapper\">\n\t<div class=\"wpb_text_column wpb_content_element\" >\n\t\t<div class=\"wpb_wrapper\">\n\t\t\t<h4><a href=\"http:\/\/maldives-paradise.com\/fr\/?page_id=7108\">Hilton Maldives Amingiri Resort &amp; Spa<\/a><\/h4>\n<p>Le complexe de luxe tout compris, <strong>Hilton Maldives Amingiri Resort &amp; Spa<\/strong> invite les voyageurs exigeants \u00e0 d\u00e9couvrir un havre de luxe sans pr\u00e9c\u00e9dent. Cette oasis tropicale, avec en toile de fond des eaux turquoise cristallines et des plages de sable blanc immacul\u00e9es, est un t\u00e9moignage d&#039;opulence et de tranquillit\u00e9. Voici quelques-unes des principales caract\u00e9ristiques qui font de ce complexe un v\u00e9ritable joyau aux Maldives.<\/p>\n\n\t\t<\/div>\n\t<\/div>\n<\/div><\/div><\/div><\/div><div class=\"vc_row wpb_row vc_row-fluid\"><div class=\"wpb_column vc_column_container vc_col-sm-3\"><div class=\"vc_column-inner\"><div class=\"wpb_wrapper\">\n\t<div  class=\"wpb_single_image wpb_content_element vc_align_left wpb_content_element\">\n\t\t\n\t\t<figure class=\"wpb_wrapper vc_figure\">\n\t\t\t<a href=\"http:\/\/maldives-paradise.com\/fr\/?page_id=7112\" target=\"_self\" class=\"vc_single_image-wrapper   vc_box_border_grey\"><img loading=\"lazy\" decoding=\"async\" width=\"150\" height=\"150\" src=\"https:\/\/maldives-paradise.com\/wp-content\/uploads\/2024\/01\/Hurawalhi-Island2-150x150.jpg\" class=\"vc_single_image-img attachment-thumbnail\" alt=\"\u00cele Hurawalhi \u2013 Complexe r\u00e9serv\u00e9 aux adultes et tout compris\" title=\"\u00cele Hurawalhi2\" \/><\/a>\n\t\t<\/figure>\n\t<\/div>\n<\/div><\/div><\/div><div class=\"wpb_column vc_column_container vc_col-sm-9\"><div class=\"vc_column-inner\"><div class=\"wpb_wrapper\">\n\t<div class=\"wpb_text_column wpb_content_element\" >\n\t\t<div class=\"wpb_wrapper\">\n\t\t\t<h4><a href=\"http:\/\/maldives-paradise.com\/fr\/?page_id=7112\">\u00cele Hurawalhi \u2013 Complexe r\u00e9serv\u00e9 aux adultes et tout compris<\/a><\/h4>\n<p>D\u00e9couvrez le paradis\u00a0: d\u00e9voiler l&#039;attrait de <strong>\u00cele Hurawalhi Maldives.<br \/>\n<\/strong>\u00c9vadez-vous dans un monde d&#039;opulence et de tranquillit\u00e9 sur l&#039;\u00eele Hurawalhi, un havre de luxe nich\u00e9 au c\u0153ur des Maldives. R\u00e9put\u00e9 pour sa beaut\u00e9 in\u00e9gal\u00e9e et ses \u00e9quipements somptueux, ce complexe exclusif promet une retraite inoubliable qui transcende l&#039;ordinaire.<\/p>\n\n\t\t<\/div>\n\t<\/div>\n<\/div><\/div><\/div><\/div><div class=\"vc_row wpb_row vc_row-fluid\"><div class=\"wpb_column vc_column_container vc_col-sm-12\"><div class=\"vc_column-inner\"><div class=\"wpb_wrapper\">\n\t<div class=\"wpb_text_column wpb_content_element\" >\n\t\t<div class=\"wpb_wrapper\">\n\t\t\t<h3>H\u00f4tels et complexes 5 \u00e9toiles aux Maldives\u00a0 <a href=\"http:\/\/maldives-paradise.com\/fr\/?page_id=4124\">Page 1<\/a>\u00a0 <a href=\"http:\/\/maldives-paradise.com\/fr\/?page_id=7968\">Page 2<\/a> \u00a0 <a href=\"http:\/\/maldives-paradise.com\/fr\/?page_id=8053\">Page 4<\/a> \u00a0 <a href=\"http:\/\/maldives-paradise.com\/fr\/?page_id=8128\">Page 5<\/a> \u00a0 <a href=\"http:\/\/maldives-paradise.com\/fr\/?page_id=8170\">Page 6<\/a>\u00a0\u00a0 <a href=\"http:\/\/maldives-paradise.com\/fr\/?page_id=8384\">Page 7<\/a> \u00a0<a href=\"http:\/\/maldives-paradise.com\/fr\/hotels-5-etoiles-aux-maldives-8\/\">Page 8<\/a>\u00a0\u00a0<a href=\"https:\/\/maldives-paradise.com\/fr\/hotels-et-complexes-hoteliers-5-etoiles-aux-maldives-9\/\">Page 9<\/a><\/h3>\n\n\t\t<\/div>\n\t<\/div>\n<\/div><\/div><\/div><\/div>\n<\/div>","protected":false},"excerpt":{"rendered":"<div class=\"mh-excerpt\"><\/div>","protected":false},"author":1,"featured_media":0,"parent":0,"menu_order":0,"comment_status":"closed","ping_status":"closed","template":"","meta":{"footnotes":""},"class_list":["post-7996","page","type-page","status-publish"],"aioseo_notices":[],"_links":{"self":[{"href":"http:\/\/maldives-paradise.com\/fr\/wp-json\/wp\/v2\/pages\/7996","targetHints":{"allow":["GET"]}}],"collection":[{"href":"http:\/\/maldives-paradise.com\/fr\/wp-json\/wp\/v2\/pages"}],"about":[{"href":"http:\/\/maldives-paradise.com\/fr\/wp-json\/wp\/v2\/types\/page"}],"author":[{"embeddable":true,"href":"http:\/\/maldives-paradise.com\/fr\/wp-json\/wp\/v2\/users\/1"}],"replies":[{"embeddable":true,"href":"http:\/\/maldives-paradise.com\/fr\/wp-json\/wp\/v2\/comments?post=7996"}],"version-history":[{"count":6,"href":"http:\/\/maldives-paradise.com\/fr\/wp-json\/wp\/v2\/pages\/7996\/revisions"}],"predecessor-version":[{"id":34298,"href":"http:\/\/maldives-paradise.com\/fr\/wp-json\/wp\/v2\/pages\/7996\/revisions\/34298"}],"wp:attachment":[{"href":"http:\/\/maldives-paradise.com\/fr\/wp-json\/wp\/v2\/media?parent=7996"}],"curies":[{"name":"wp","href":"https:\/\/api.w.org\/{rel}","templated":true}]}}