{"id":7838,"date":"2023-12-31T07:27:13","date_gmt":"2023-12-31T07:27:13","guid":{"rendered":"http:\/\/maldives-paradise.com\/?page_id=7838"},"modified":"2025-10-02T07:12:53","modified_gmt":"2025-10-02T07:12:53","slug":"angsana-resort-et-spa-ihuru","status":"publish","type":"page","link":"http:\/\/maldives-paradise.com\/fr\/angsana-resort-et-spa-ihuru\/","title":{"rendered":"Angsana Resort &amp; Spa Ihuru"},"content":{"rendered":"<div class=\"wpb-content-wrapper\"><div class=\"vc_row wpb_row vc_row-fluid\"><div class=\"wpb_column vc_column_container vc_col-sm-12\"><div class=\"vc_column-inner\"><div class=\"wpb_wrapper\">\n\t<div class=\"wpb_text_column wpb_content_element\" >\n\t\t<div class=\"wpb_wrapper\">\n\t\t\t<h3>\u00c0 la d\u00e9couverte des principales caract\u00e9ristiques de l&#039;Angsana Resort and Spa Ihuru aux Maldives<\/h3>\n\n\t\t<\/div>\n\t<\/div>\n<\/div><\/div><\/div><\/div><div class=\"vc_row wpb_row vc_row-fluid\"><div class=\"wpb_column vc_column_container vc_col-sm-12\"><div class=\"vc_column-inner\"><div class=\"wpb_wrapper\">\n\t<div class=\"wpb_video_widget wpb_content_element vc_clearfix   vc_video-aspect-ratio-169 vc_video-el-width-100 vc_video-align-left\" >\n\t\t<div class=\"wpb_wrapper\">\n\t\t\t\n\t\t\t<div class=\"wpb_video_wrapper\"><iframe loading=\"lazy\" title=\"Angsana Ihuru\" width=\"500\" height=\"281\" src=\"https:\/\/www.youtube.com\/embed\/tYdRKx2V0po?feature=oembed\" frameborder=\"0\" allow=\"accelerometer; autoplay; clipboard-write; encrypted-media; gyroscope; picture-in-picture; web-share\" allowfullscreen><\/iframe><\/div>\n\t\t<\/div>\n\t<\/div>\n<\/div><\/div><\/div><\/div><div class=\"vc_row wpb_row vc_row-fluid\"><div class=\"wpb_column vc_column_container vc_col-sm-12\"><div class=\"vc_column-inner\"><div class=\"wpb_wrapper\">\n\t<div class=\"wpb_text_column wpb_content_element\" >\n\t\t<div class=\"wpb_wrapper\">\n\t\t\t<p>\u00c9vadez-vous dans un royaume de luxe sans pr\u00e9c\u00e9dent et de bonheur tropical \u00e0 <strong>Angsana Resort &amp; Spa Ihuru<\/strong>, o\u00f9 chaque instant est un chef-d&#039;\u0153uvre d&#039;opulence et de splendeur naturelle. Ce sanctuaire maldivien exclusif attire les voyageurs exigeants avec ses caract\u00e9ristiques extraordinaires, promettant une \u00e9vasion indulgente pas comme les autres.<\/p>\n<p><strong>Bungalows sur pilotis\u00a0:<\/strong><br \/>\nL&#039;Angsana Resort and Spa Ihuru dispose d&#039;une collection de superbes bungalows sur pilotis, permettant aux clients de se r\u00e9veiller avec une vue imprenable sur l&#039;oc\u00e9an Indien. Ces villas priv\u00e9es sont \u00e9quip\u00e9es de sols en verre, offrant un aper\u00e7u fascinant de la vie marine vibrante qui prosp\u00e8re sous la surface.<\/p>\n<p><strong>Villas priv\u00e9es en bord de mer\u00a0:<\/strong><br \/>\nPour ceux qui recherchent une exp\u00e9rience plus concr\u00e8te, le complexe propose des villas priv\u00e9es en bord de mer entour\u00e9es d&#039;une v\u00e9g\u00e9tation luxuriante. Les clients peuvent profiter d&#039;un acc\u00e8s direct \u00e0 la plage, cr\u00e9ant un cadre intime et idyllique propice \u00e0 la d\u00e9tente.<\/p>\n<p><strong>Paradis de la plong\u00e9e en apn\u00e9e\u00a0:<\/strong><br \/>\nLe r\u00e9cif maison entourant Ihuru est un paradis pour les amateurs de plong\u00e9e en apn\u00e9e. Le complexe propose du mat\u00e9riel de plong\u00e9e en apn\u00e9e gratuit, permettant aux clients d&#039;explorer les jardins de coraux anim\u00e9s et de rencontrer toute une vie marine color\u00e9e \u00e0 quelques pas de leur h\u00e9bergement.<\/p>\n<p><strong>Spa prim\u00e9\u00a0:<\/strong><br \/>\nLe spa Angsana est un sanctuaire de rajeunissement, o\u00f9 les clients peuvent profiter d&#039;une gamme de soins th\u00e9rapeutiques inspir\u00e9s des traditions asiatiques. Entour\u00e9 par les sons apaisants de l&#039;oc\u00e9an, le spa offre une exp\u00e9rience de bien-\u00eatre holistique qui harmonise l&#039;esprit, le corps et l&#039;esprit.<\/p>\n<p><strong>Restauration gastronomique\u00a0:<\/strong><br \/>\nDes d\u00e9lices culinaires vous attendent dans les restaurants du complexe, o\u00f9 des chefs de renomm\u00e9e mondiale pr\u00e9parent un menu vari\u00e9 inspir\u00e9 des saveurs locales et de la cuisine internationale. Vous pourrez d\u00eener en plein air, les pieds dans le sable, ou savourer un d\u00eener romantique sous le ciel \u00e9toil\u00e9 des Maldives.<\/p>\n<p><strong>Excursions de plong\u00e9e :<\/strong><br \/>\nLes aventuriers peuvent se lancer dans des exp\u00e9ditions de plong\u00e9e pour explorer le monde sous-marin fascinant des Maldives. Le centre de plong\u00e9e certifi\u00e9 PADI du complexe propose une gamme de cours et d&#039;excursions adapt\u00e9s aux plongeurs d\u00e9butants et exp\u00e9riment\u00e9s.<\/p>\n<p><strong>Conservation de l&#039;environnement:<\/strong><br \/>\nAngsana Resort and Spa Ihuru s&#039;engage \u00e0 adopter des pratiques durables et respectueuses de l&#039;environnement. Le complexe participe activement aux programmes de conservation des coraux et les clients peuvent participer \u00e0 des activit\u00e9s \u00e9ducatives pour en apprendre davantage sur le d\u00e9licat \u00e9cosyst\u00e8me des Maldives.<\/p>\n<p><strong>Exp\u00e9riences personnalis\u00e9es\u00a0:<\/strong><br \/>\nQu&#039;il s&#039;agisse d&#039;un d\u00eener romantique sur la plage, d&#039;une croisi\u00e8re priv\u00e9e au coucher du soleil ou d&#039;un forfait spa personnalis\u00e9, le personnel attentif du complexe fait tout son possible pour r\u00e9pondre aux pr\u00e9f\u00e9rences individuelles des clients, garantissant un s\u00e9jour v\u00e9ritablement personnalis\u00e9 et inoubliable.<\/p>\n<p>En conclusion, Angsana Resort and Spa Ihuru t\u00e9moigne du luxe aux Maldives, offrant un m\u00e9lange harmonieux de beaut\u00e9 naturelle, d&#039;h\u00e9bergements haut de gamme et d&#039;exp\u00e9riences in\u00e9gal\u00e9es. C&#039;est une destination o\u00f9 chaque instant est l&#039;occasion de cr\u00e9er des souvenirs pr\u00e9cieux dans l&#039;un des d\u00e9cors les plus enchanteurs au monde.<\/p>\n\n\t\t<\/div>\n\t<\/div>\n<\/div><\/div><\/div><\/div><div class=\"vc_row wpb_row vc_row-fluid\"><div class=\"wpb_column vc_column_container vc_col-sm-12\"><div class=\"vc_column-inner\"><div class=\"wpb_wrapper\">\n\t<div class=\"wpb_text_column wpb_content_element\" >\n\t\t<div class=\"wpb_wrapper\">\n\t\t\t<p><strong><a title=\"Dhawa Ihuru\" href=\"https:\/\/trip.tpo.lv\/59Cvcbmi\" target=\"blanc2\" rel=\"nofollow\">V\u00e9rifiez les disponibilit\u00e9s et r\u00e9servez au meilleur prix \u00e0 Dhawa Ihuru ici &gt;&gt;<\/a><\/strong><\/p>\n\n\t\t<\/div>\n\t<\/div>\n<\/div><\/div><\/div><\/div><div class=\"vc_row wpb_row vc_row-fluid\"><div class=\"wpb_column vc_column_container vc_col-sm-12\"><div class=\"vc_column-inner\"><div class=\"wpb_wrapper\">\n<div class=\"vc_grid-container-wrapper vc_clearfix vc_grid-animation-fadeIn\">\n\t<div class=\"vc_grid-container vc_clearfix wpb_content_element vc_basic_grid\" data-initial-loading-animation=\"fadeIn\" data-vc-grid-settings=\"{&quot;page_id&quot;:7838,&quot;style&quot;:&quot;all&quot;,&quot;action&quot;:&quot;vc_get_vc_grid_data&quot;,&quot;shortcode_id&quot;:&quot;1759389046717-a0954494-cde1-4&quot;,&quot;tag&quot;:&quot;vc_basic_grid&quot;}\" data-vc-request=\"https:\/\/maldives-paradise.com\/wp-admin\/admin-ajax.php\" data-vc-post-id=\"7838\" data-vc-public-nonce=\"e06fd7fe14\">\n\t\t\n\t<\/div>\n<\/div><\/div><\/div><\/div><\/div>\n<\/div>","protected":false},"excerpt":{"rendered":"<div class=\"mh-excerpt\"><\/div>","protected":false},"author":1,"featured_media":7839,"parent":0,"menu_order":0,"comment_status":"closed","ping_status":"closed","template":"","meta":{"footnotes":""},"class_list":["post-7838","page","type-page","status-publish","has-post-thumbnail"],"aioseo_notices":[],"_links":{"self":[{"href":"http:\/\/maldives-paradise.com\/fr\/wp-json\/wp\/v2\/pages\/7838","targetHints":{"allow":["GET"]}}],"collection":[{"href":"http:\/\/maldives-paradise.com\/fr\/wp-json\/wp\/v2\/pages"}],"about":[{"href":"http:\/\/maldives-paradise.com\/fr\/wp-json\/wp\/v2\/types\/page"}],"author":[{"embeddable":true,"href":"http:\/\/maldives-paradise.com\/fr\/wp-json\/wp\/v2\/users\/1"}],"replies":[{"embeddable":true,"href":"http:\/\/maldives-paradise.com\/fr\/wp-json\/wp\/v2\/comments?post=7838"}],"version-history":[{"count":3,"href":"http:\/\/maldives-paradise.com\/fr\/wp-json\/wp\/v2\/pages\/7838\/revisions"}],"predecessor-version":[{"id":42534,"href":"http:\/\/maldives-paradise.com\/fr\/wp-json\/wp\/v2\/pages\/7838\/revisions\/42534"}],"wp:featuredmedia":[{"embeddable":true,"href":"http:\/\/maldives-paradise.com\/fr\/wp-json\/wp\/v2\/media\/7839"}],"wp:attachment":[{"href":"http:\/\/maldives-paradise.com\/fr\/wp-json\/wp\/v2\/media?parent=7838"}],"curies":[{"name":"wp","href":"https:\/\/api.w.org\/{rel}","templated":true}]}}