{"id":6504,"date":"2023-12-16T20:43:58","date_gmt":"2023-12-16T20:43:58","guid":{"rendered":"http:\/\/maldives-paradise.com\/?page_id=6504"},"modified":"2025-02-21T07:12:22","modified_gmt":"2025-02-21T07:12:22","slug":"hotels-4-etoiles-aux-maldives","status":"publish","type":"page","link":"http:\/\/maldives-paradise.com\/fr\/hotels-4-etoiles-aux-maldives\/","title":{"rendered":"H\u00f4tels et complexes 4 \u00e9toiles aux Maldives"},"content":{"rendered":"<div class=\"wpb-content-wrapper\"><div class=\"vc_row wpb_row vc_row-fluid\"><div class=\"wpb_column vc_column_container vc_col-sm-12\"><div class=\"vc_column-inner\"><div class=\"wpb_wrapper\">\n\t<div class=\"wpb_text_column wpb_content_element\" >\n\t\t<div class=\"wpb_wrapper\">\n\t\t\t<h3>Une s\u00e9lection d&#039;h\u00f4tels et resorts 4 \u00e9toiles aux Maldives<\/h3>\n<p>Choisissez parmi une vari\u00e9t\u00e9 de complexes h\u00f4teliers 4 \u00e9toiles aux Maldives. Profitez d&#039;une escapade luxueuse au milieu des plages de sable fin et du ciel clair.<\/p>\n\n\t\t<\/div>\n\t<\/div>\n<\/div><\/div><\/div><\/div><div class=\"vc_row wpb_row vc_row-fluid\"><div class=\"wpb_column vc_column_container vc_col-sm-3\"><div class=\"vc_column-inner\"><div class=\"wpb_wrapper\">\n\t<div  class=\"wpb_single_image wpb_content_element vc_align_left wpb_content_element\">\n\t\t\n\t\t<figure class=\"wpb_wrapper vc_figure\">\n\t\t\t<a href=\"http:\/\/maldives-paradise.com\/fr\/adaaran-selectionne-huduran-fushi\/\" target=\"_self\" class=\"vc_single_image-wrapper   vc_box_border_grey\"><img loading=\"lazy\" decoding=\"async\" width=\"150\" height=\"150\" src=\"https:\/\/maldives-paradise.com\/wp-content\/uploads\/2024\/01\/Adaaran-Select-Hudhuranfushi-islandii.com-1-10-1-150x150.jpg\" class=\"vc_single_image-img attachment-thumbnail\" alt=\"Adaaran Select Hudhuran Fushi\" title=\"Adaaran-Select-Hudhuranfushi-islandii.com-1-10\" \/><\/a>\n\t\t<\/figure>\n\t<\/div>\n<\/div><\/div><\/div><div class=\"wpb_column vc_column_container vc_col-sm-9\"><div class=\"vc_column-inner\"><div class=\"wpb_wrapper\">\n\t<div class=\"wpb_text_column wpb_content_element\" >\n\t\t<div class=\"wpb_wrapper\">\n\t\t\t<h4><a href=\"http:\/\/maldives-paradise.com\/fr\/adaaran-selectionne-huduran-fushi\/\">Adaaran Select Hudhuran Fushi<\/a><\/h4>\n<p><strong>Adaaran Select Huduran Fushi<\/strong> est un complexe de luxe par excellence qui promet une escapade inoubliable au paradis. Avec ses plages de sable blanc immacul\u00e9es, ses eaux cristallines et ses \u00e9quipements haut de gamme, ce havre isol\u00e9 offre une exp\u00e9rience unique aux voyageurs \u00e0 la recherche d&#039;une escapade tropicale ultime.<\/p>\n\n\t\t<\/div>\n\t<\/div>\n<\/div><\/div><\/div><\/div><div class=\"vc_row wpb_row vc_row-fluid\"><div class=\"wpb_column vc_column_container vc_col-sm-3\"><div class=\"vc_column-inner\"><div class=\"wpb_wrapper\">\n\t<div  class=\"wpb_single_image wpb_content_element vc_align_left wpb_content_element\">\n\t\t\n\t\t<figure class=\"wpb_wrapper vc_figure\">\n\t\t\t<a href=\"http:\/\/maldives-paradise.com\/fr\/adaaran-selectionne-meedhupparu\/\" target=\"_self\" class=\"vc_single_image-wrapper   vc_box_border_grey\"><img loading=\"lazy\" decoding=\"async\" width=\"150\" height=\"150\" src=\"https:\/\/maldives-paradise.com\/wp-content\/uploads\/2024\/01\/Adaaran-Select-Meedhupparu-150x150.jpg\" class=\"vc_single_image-img attachment-thumbnail\" alt=\"Adaaran S\u00e9lectionnez Meedhupparu\" title=\"Adaaran-S\u00e9lectionner-Meedhupparu\" \/><\/a>\n\t\t<\/figure>\n\t<\/div>\n<\/div><\/div><\/div><div class=\"wpb_column vc_column_container vc_col-sm-9\"><div class=\"vc_column-inner\"><div class=\"wpb_wrapper\">\n\t<div class=\"wpb_text_column wpb_content_element\" >\n\t\t<div class=\"wpb_wrapper\">\n\t\t\t<h4><a href=\"http:\/\/maldives-paradise.com\/fr\/adaaran-selectionne-meedhupparu\/\">Adaaran S\u00e9lectionnez Meedhupparu<\/a><\/h4>\n<p>Adaaran Select Meedhupparu aux Maldives offre une exp\u00e9rience paradisiaque sans \u00e9gal. Avec ses h\u00e9bergements luxueux, son cadre naturel \u00e9poustouflant, ses restaurants de classe mondiale et son large \u00e9ventail d&#039;activit\u00e9s, c&#039;est la destination id\u00e9ale pour les jeunes mari\u00e9s, les couples et les voyageurs en qu\u00eate d&#039;un avant-go\u00fbt du paradis sur Terre.<\/p>\n\n\t\t<\/div>\n\t<\/div>\n<\/div><\/div><\/div><\/div><div class=\"vc_row wpb_row vc_row-fluid\"><div class=\"wpb_column vc_column_container vc_col-sm-3\"><div class=\"vc_column-inner\"><div class=\"wpb_wrapper\">\n\t<div  class=\"wpb_single_image wpb_content_element vc_align_left wpb_content_element\">\n\t\t\n\t\t<figure class=\"wpb_wrapper vc_figure\">\n\t\t\t<a href=\"http:\/\/maldives-paradise.com\/fr\/spa-de-la-station-balneaire-de-lile-dangaga\/\" target=\"_self\" class=\"vc_single_image-wrapper   vc_box_border_grey\"><img loading=\"lazy\" decoding=\"async\" width=\"150\" height=\"150\" src=\"https:\/\/maldives-paradise.com\/wp-content\/uploads\/2024\/01\/angaga-150x150.jpg\" class=\"vc_single_image-img attachment-thumbnail\" alt=\"Angaga Island Resort &amp; Spa\" title=\"Angaga\" \/><\/a>\n\t\t<\/figure>\n\t<\/div>\n<\/div><\/div><\/div><div class=\"wpb_column vc_column_container vc_col-sm-9\"><div class=\"vc_column-inner\"><div class=\"wpb_wrapper\">\n\t<div class=\"wpb_text_column wpb_content_element\" >\n\t\t<div class=\"wpb_wrapper\">\n\t\t\t<h4><a href=\"http:\/\/maldives-paradise.com\/fr\/spa-de-la-station-balneaire-de-lile-dangaga\/\">Angaga Island Resort &amp; Spa<\/a><\/h4>\n<p>L&#039;Angaga Island Resort &amp; Spa aux Maldives est bien plus qu&#039;une simple destination de vacances ; c&#039;est l&#039;occasion de s&#039;immerger dans la beaut\u00e9 et la tranquillit\u00e9 de la nature. Que vous recherchiez l&#039;aventure dans le monde sous-marin, la d\u00e9tente sur des plages immacul\u00e9es ou une escapade romantique, ce complexe \u00e9cologique vous offre tout.<\/p>\n\n\t\t<\/div>\n\t<\/div>\n<\/div><\/div><\/div><\/div><div class=\"vc_row wpb_row vc_row-fluid\"><div class=\"wpb_column vc_column_container vc_col-sm-3\"><div class=\"vc_column-inner\"><div class=\"wpb_wrapper\">\n\t<div  class=\"wpb_single_image wpb_content_element vc_align_left wpb_content_element\">\n\t\t\n\t\t<figure class=\"wpb_wrapper vc_figure\">\n\t\t\t<a href=\"http:\/\/maldives-paradise.com\/fr\/bandos-maldives\/\" target=\"_self\" class=\"vc_single_image-wrapper   vc_box_border_grey\"><\/a>\n\t\t<\/figure>\n\t<\/div>\n<\/div><\/div><\/div><div class=\"wpb_column vc_column_container vc_col-sm-9\"><div class=\"vc_column-inner\"><div class=\"wpb_wrapper\">\n\t<div class=\"wpb_text_column wpb_content_element\" >\n\t\t<div class=\"wpb_wrapper\">\n\t\t\t<h4><a href=\"http:\/\/maldives-paradise.com\/fr\/bandos-maldives\/\">Bandos Maldives<\/a><\/h4>\n<p>Que vous recherchiez l&#039;aventure dans le monde sous-marin, la d\u00e9tente sur des plages immacul\u00e9es ou une escapade romantique, ce complexe vous offre tout. Avec son hospitalit\u00e9 chaleureuse et son engagement en faveur du d\u00e9veloppement durable, Bandos Maldives Resort vous invite \u00e0 d\u00e9couvrir le paradis comme jamais auparavant.<\/p>\n\n\t\t<\/div>\n\t<\/div>\n<\/div><\/div><\/div><\/div><div class=\"vc_row wpb_row vc_row-fluid\"><div class=\"wpb_column vc_column_container vc_col-sm-3\"><div class=\"vc_column-inner\"><div class=\"wpb_wrapper\">\n\t<div  class=\"wpb_single_image wpb_content_element vc_align_left wpb_content_element\">\n\t\t\n\t\t<figure class=\"wpb_wrapper vc_figure\">\n\t\t\t<a href=\"http:\/\/maldives-paradise.com\/fr\/leco-hotel-pieds-nus\/\" target=\"_self\" class=\"vc_single_image-wrapper   vc_box_border_grey\"><img loading=\"lazy\" decoding=\"async\" width=\"150\" height=\"150\" src=\"https:\/\/maldives-paradise.com\/wp-content\/uploads\/2024\/01\/the-barefoot-eco-hotel-150x150.jpg\" class=\"vc_single_image-img attachment-thumbnail\" alt=\"L\u2019\u00e9co-h\u00f4tel aux pieds nus\" title=\"l&#039;\u00e9co-h\u00f4tel-aux-pieds-nus\" \/><\/a>\n\t\t<\/figure>\n\t<\/div>\n<\/div><\/div><\/div><div class=\"wpb_column vc_column_container vc_col-sm-9\"><div class=\"vc_column-inner\"><div class=\"wpb_wrapper\">\n\t<div class=\"wpb_text_column wpb_content_element\" >\n\t\t<div class=\"wpb_wrapper\">\n\t\t\t<h4><a href=\"http:\/\/maldives-paradise.com\/fr\/leco-hotel-pieds-nus\/\">L\u2019\u00e9co-h\u00f4tel aux pieds nus<\/a><\/h4>\n<p>Le Barefoot Eco Hotel aux Maldives invite les voyageurs \u00e0 embrasser la nature tout en respectant l&#039;environnement. Avec ses h\u00e9bergements respectueux de l&#039;environnement, ses restaurants durables et son large \u00e9ventail d&#039;aventures naturelles, c&#039;est une destination qui vous permet de profiter de la beaut\u00e9 des Maldives tout en contribuant \u00e0 sa pr\u00e9servation.<\/p>\n\n\t\t<\/div>\n\t<\/div>\n<\/div><\/div><\/div><\/div><div class=\"vc_row wpb_row vc_row-fluid\"><div class=\"wpb_column vc_column_container vc_col-sm-3\"><div class=\"vc_column-inner\"><div class=\"wpb_wrapper\">\n\t<div  class=\"wpb_single_image wpb_content_element vc_align_left wpb_content_element\">\n\t\t\n\t\t<figure class=\"wpb_wrapper vc_figure\">\n\t\t\t<a href=\"http:\/\/maldives-paradise.com\/fr\/canareef-resort-aux-maldives\/\" target=\"_self\" class=\"vc_single_image-wrapper   vc_box_border_grey\"><img loading=\"lazy\" decoding=\"async\" width=\"150\" height=\"150\" src=\"https:\/\/maldives-paradise.com\/wp-content\/uploads\/2024\/01\/canareef-resort-maldives-150x150.jpg\" class=\"vc_single_image-img attachment-thumbnail\" alt=\"Canareef Resort Maldives est un complexe insulaire de luxe\" title=\"canareef-resort-maldives\" \/><\/a>\n\t\t<\/figure>\n\t<\/div>\n<\/div><\/div><\/div><div class=\"wpb_column vc_column_container vc_col-sm-9\"><div class=\"vc_column-inner\"><div class=\"wpb_wrapper\">\n\t<div class=\"wpb_text_column wpb_content_element\" >\n\t\t<div class=\"wpb_wrapper\">\n\t\t\t<h4><a href=\"http:\/\/maldives-paradise.com\/fr\/canareef-resort-aux-maldives\/\">Canareef Resort Maldives<\/a><\/h4>\n<p>Canareef Resort Maldives est plus qu&#039;une simple destination ; c&#039;est une exp\u00e9rience inoubliable qui capture l&#039;essence du paradis tropical. Que vous recherchiez la romance, l&#039;aventure ou simplement une retraite paisible, ce complexe a quelque chose pour tout le monde. Avec sa beaut\u00e9 naturelle \u00e9poustouflante, ses h\u00e9bergements luxueux et sa multitude d&#039;activit\u00e9s, le Canareef Resort Maldives est le choix id\u00e9al pour vos prochaines vacances de r\u00eave aux Maldives.<\/p>\n\n\t\t<\/div>\n\t<\/div>\n<\/div><\/div><\/div><\/div><div class=\"vc_row wpb_row vc_row-fluid\"><div class=\"wpb_column vc_column_container vc_col-sm-3\"><div class=\"vc_column-inner\"><div class=\"wpb_wrapper\">\n\t<div  class=\"wpb_single_image wpb_content_element vc_align_left wpb_content_element\">\n\t\t\n\t\t<figure class=\"wpb_wrapper vc_figure\">\n\t\t\t<a href=\"http:\/\/maldives-paradise.com\/fr\/spa-du-centre-de-villegiature-centara-ras-fushi\/\" target=\"_self\" class=\"vc_single_image-wrapper   vc_box_border_grey\"><img loading=\"lazy\" decoding=\"async\" width=\"150\" height=\"150\" src=\"https:\/\/maldives-paradise.com\/wp-content\/uploads\/2024\/01\/centara-ras-fushi-150x150.jpg\" class=\"vc_single_image-img attachment-thumbnail\" alt=\"Centara Ras Fushi Resort &amp; Spa\" title=\"centara-ras-fushi\" \/><\/a>\n\t\t<\/figure>\n\t<\/div>\n<\/div><\/div><\/div><div class=\"wpb_column vc_column_container vc_col-sm-9\"><div class=\"vc_column-inner\"><div class=\"wpb_wrapper\">\n\t<div class=\"wpb_text_column wpb_content_element\" >\n\t\t<div class=\"wpb_wrapper\">\n\t\t\t<h4><a href=\"http:\/\/maldives-paradise.com\/fr\/spa-du-centre-de-villegiature-centara-ras-fushi\/\">Centara Ras Fushi Resort &amp; Spa<\/a><\/h4>\n<p>Que vous recherchiez l&#039;aventure sous les vagues, la d\u00e9tente sur des plages immacul\u00e9es ou une escapade romantique, ce complexe vous offre tout. Avec son hospitalit\u00e9 chaleureuse et sa beaut\u00e9 naturelle \u00e0 couper le souffle, le Centara Ras Fushi Resort &amp; Spa vous invite \u00e0 embarquer pour un voyage de gourmandise et de d\u00e9couverte.<\/p>\n\n\t\t<\/div>\n\t<\/div>\n<\/div><\/div><\/div><\/div><div class=\"vc_row wpb_row vc_row-fluid\"><div class=\"wpb_column vc_column_container vc_col-sm-3\"><div class=\"vc_column-inner\"><div class=\"wpb_wrapper\">\n\t<div  class=\"wpb_single_image wpb_content_element vc_align_left wpb_content_element\">\n\t\t\n\t\t<figure class=\"wpb_wrapper vc_figure\">\n\t\t\t<a href=\"http:\/\/maldives-paradise.com\/fr\/cannelle-dhonveli-maldives\/\" target=\"_self\" class=\"vc_single_image-wrapper   vc_box_border_grey\"><img loading=\"lazy\" decoding=\"async\" width=\"150\" height=\"150\" src=\"https:\/\/maldives-paradise.com\/wp-content\/uploads\/2024\/01\/cinnamon_dhonveli_maldives_5-150x150.jpg\" class=\"vc_single_image-img attachment-thumbnail\" alt=\"Cinnamon Dhonveli Maldives - Votre porte d&#039;entr\u00e9e vers le luxe tropical\" title=\"cannelle_dhonveli_maldives_5\" \/><\/a>\n\t\t<\/figure>\n\t<\/div>\n<\/div><\/div><\/div><div class=\"wpb_column vc_column_container vc_col-sm-9\"><div class=\"vc_column-inner\"><div class=\"wpb_wrapper\">\n\t<div class=\"wpb_text_column wpb_content_element\" >\n\t\t<div class=\"wpb_wrapper\">\n\t\t\t<h4><a href=\"http:\/\/maldives-paradise.com\/fr\/cannelle-dhonveli-maldives\/\">Cannelle Dhonveli Maldives<\/a><\/h4>\n<p>Cinnamon Dhonveli Maldives est un complexe h\u00f4telier de premier ordre qui incarne l&#039;\u00e9vasion tropicale ultime. Situ\u00e9 sur la magnifique \u00eele de Dhonveli, ce complexe offre aux voyageurs un m\u00e9lange exquis de beaut\u00e9 naturelle, d&#039;aventures aquatiques et de confort luxueux, ce qui en fait une destination de r\u00eave pour ceux qui recherchent le paradis sur Terre.<\/p>\n\n\t\t<\/div>\n\t<\/div>\n<\/div><\/div><\/div><\/div><div class=\"vc_row wpb_row vc_row-fluid\"><div class=\"wpb_column vc_column_container vc_col-sm-3\"><div class=\"vc_column-inner\"><div class=\"wpb_wrapper\">\n\t<div  class=\"wpb_single_image wpb_content_element vc_align_left wpb_content_element\">\n\t\t\n\t\t<figure class=\"wpb_wrapper vc_figure\">\n\t\t\t<a href=\"http:\/\/maldives-paradise.com\/fr\/cannelle-hakuraa-huraa-maldives\/\" target=\"_self\" class=\"vc_single_image-wrapper   vc_box_border_grey\"><img loading=\"lazy\" decoding=\"async\" width=\"150\" height=\"150\" src=\"https:\/\/maldives-paradise.com\/wp-content\/uploads\/2024\/01\/cinnamon-hakuraa-150x150.jpg\" class=\"vc_single_image-img attachment-thumbnail\" alt=\"Cannelle Hakuraa Huraa Maldives\" title=\"cannelle-hakuraa\" \/><\/a>\n\t\t<\/figure>\n\t<\/div>\n<\/div><\/div><\/div><div class=\"wpb_column vc_column_container vc_col-sm-9\"><div class=\"vc_column-inner\"><div class=\"wpb_wrapper\">\n\t<div class=\"wpb_text_column wpb_content_element\" >\n\t\t<div class=\"wpb_wrapper\">\n\t\t\t<h4><a href=\"http:\/\/maldives-paradise.com\/fr\/cannelle-hakuraa-huraa-maldives\/\">Cannelle Hakuraa Huraa Maldives<\/a><\/h4>\n<p>Cinnamon Hakuraa Huraa Les Maldives sont plus qu&#039;une simple destination de vacances ; c&#039;est un portail vers le luxe et la beaut\u00e9 naturelle. Que vous recherchiez l&#039;aventure sous les vagues, la d\u00e9tente sur des plages immacul\u00e9es ou une escapade romantique, ce complexe vous offre tout. Avec son hospitalit\u00e9 chaleureuse et son cadre \u00e0 couper le souffle, Cinnamon Hakuraa Huraa Maldives vous invite \u00e0 cr\u00e9er des souvenirs imp\u00e9rissables dans ce paradis captivant.<\/p>\n\n\t\t<\/div>\n\t<\/div>\n<\/div><\/div><\/div><\/div><div class=\"vc_row wpb_row vc_row-fluid\"><div class=\"wpb_column vc_column_container vc_col-sm-3\"><div class=\"vc_column-inner\"><div class=\"wpb_wrapper\">\n\t<div  class=\"wpb_single_image wpb_content_element vc_align_left wpb_content_element\">\n\t\t\n\t\t<figure class=\"wpb_wrapper vc_figure\">\n\t\t\t<a href=\"http:\/\/maldives-paradise.com\/fr\/station-balneaire-de-lile-deriyadu\/\" target=\"_self\" class=\"vc_single_image-wrapper   vc_box_border_grey\"><img loading=\"lazy\" decoding=\"async\" width=\"150\" height=\"150\" src=\"https:\/\/maldives-paradise.com\/wp-content\/uploads\/2024\/01\/eriyadu4-150x150.jpeg\" class=\"vc_single_image-img attachment-thumbnail\" alt=\"H\u00f4tel \u00e0 l&#039;\u00eele d&#039;Eriyadu\" title=\"eriyadu4\" \/><\/a>\n\t\t<\/figure>\n\t<\/div>\n<\/div><\/div><\/div><div class=\"wpb_column vc_column_container vc_col-sm-9\"><div class=\"vc_column-inner\"><div class=\"wpb_wrapper\">\n\t<div class=\"wpb_text_column wpb_content_element\" >\n\t\t<div class=\"wpb_wrapper\">\n\t\t\t<h4><a href=\"http:\/\/maldives-paradise.com\/fr\/station-balneaire-de-lile-deriyadu\/\">H\u00f4tel \u00e0 l&#039;\u00eele d&#039;Eriyadu<\/a><\/h4>\n<p>D\u00e9couvrez la magie des Maldives \u00e0 l&#039;Eriyadu Island Resort, o\u00f9 nature et confort se combinent pour cr\u00e9er une retraite sans pr\u00e9c\u00e9dent. Faites de vos r\u00eaves d&#039;\u00e9vasion aux Maldives une r\u00e9alit\u00e9 et plongez-vous dans la beaut\u00e9 extraordinaire qui vous entoure.<\/p>\n\n\t\t<\/div>\n\t<\/div>\n<\/div><\/div><\/div><\/div><div class=\"vc_row wpb_row vc_row-fluid\"><div class=\"wpb_column vc_column_container vc_col-sm-3\"><div class=\"vc_column-inner\"><div class=\"wpb_wrapper\">\n\t<div  class=\"wpb_single_image wpb_content_element vc_align_left wpb_content_element\">\n\t\t\n\t\t<figure class=\"wpb_wrapper vc_figure\">\n\t\t\t<a href=\"http:\/\/maldives-paradise.com\/fr\/derive-thelu-veliga-retraite\/\" target=\"_self\" class=\"vc_single_image-wrapper   vc_box_border_grey\"><img loading=\"lazy\" decoding=\"async\" width=\"150\" height=\"150\" src=\"https:\/\/maldives-paradise.com\/wp-content\/uploads\/2024\/01\/drift-retreat-150x150.jpg\" class=\"vc_single_image-img attachment-thumbnail\" alt=\"Retraite Drift Thelu Veliga\" title=\"retraite en d\u00e9rive\" \/><\/a>\n\t\t<\/figure>\n\t<\/div>\n<\/div><\/div><\/div><div class=\"wpb_column vc_column_container vc_col-sm-9\"><div class=\"vc_column-inner\"><div class=\"wpb_wrapper\">\n\t<div class=\"wpb_text_column wpb_content_element\" >\n\t\t<div class=\"wpb_wrapper\">\n\t\t\t<h4><a href=\"http:\/\/maldives-paradise.com\/fr\/derive-thelu-veliga-retraite\/\">Retraite Drift Thelu Veliga<\/a><\/h4>\n<p>Que vous recherchiez l&#039;aventure sous les vagues, la d\u00e9tente sur des plages immacul\u00e9es ou une escapade romantique, cette retraite respectueuse de l&#039;environnement vous offre tout. Avec une hospitalit\u00e9 chaleureuse et un engagement \u00e0 pr\u00e9server l&#039;environnement, Drift Thelu Veliga Retreat vous invite \u00e0 cr\u00e9er des souvenirs imp\u00e9rissables dans ce paradis pr\u00e9serv\u00e9.<\/p>\n\n\t\t<\/div>\n\t<\/div>\n<\/div><\/div><\/div><\/div><div class=\"vc_row wpb_row vc_row-fluid\"><div class=\"wpb_column vc_column_container vc_col-sm-3\"><div class=\"vc_column-inner\"><div class=\"wpb_wrapper\">\n\t<div  class=\"wpb_single_image wpb_content_element vc_align_left wpb_content_element\">\n\t\t\n\t\t<figure class=\"wpb_wrapper vc_figure\">\n\t\t\t<a href=\"http:\/\/maldives-paradise.com\/fr\/station-balneaire-de-lile-de-filitheyo\/\" target=\"_self\" class=\"vc_single_image-wrapper   vc_box_border_grey\"><img loading=\"lazy\" decoding=\"async\" width=\"150\" height=\"150\" src=\"https:\/\/maldives-paradise.com\/wp-content\/uploads\/2024\/01\/filitheyo-island-resort-150x150.jpg\" class=\"vc_single_image-img attachment-thumbnail\" alt=\"Filitheyo Island Resort\" title=\"filitheyo-island-resort\" \/><\/a>\n\t\t<\/figure>\n\t<\/div>\n<\/div><\/div><\/div><div class=\"wpb_column vc_column_container vc_col-sm-9\"><div class=\"vc_column-inner\"><div class=\"wpb_wrapper\">\n\t<div class=\"wpb_text_column wpb_content_element\" >\n\t\t<div class=\"wpb_wrapper\">\n\t\t\t<h4><a href=\"http:\/\/maldives-paradise.com\/fr\/station-balneaire-de-lile-de-filitheyo\/\">Filitheyo Island Resort<\/a><\/h4>\n<p>Filitheyo Island Resort Maldives n&#039;est pas seulement une destination de vacances ; c&#039;est un paradis qui attend d&#039;\u00eatre explor\u00e9. Que vous recherchiez l&#039;aventure sous les vagues, la d\u00e9tente sur des plages immacul\u00e9es ou une escapade romantique, ce complexe vous offre tout.<br \/>\nLe complexe s&#039;engage dans le tourisme durable, participant activement aux projets de restauration des coraux et aux efforts de conservation de l&#039;environnement. S&#039;engager dans leurs initiatives \u00e9coresponsables pour contribuer \u00e0 la pr\u00e9servation de l&#039;\u00e9cosyst\u00e8me marin.<\/p>\n\n\t\t<\/div>\n\t<\/div>\n<\/div><\/div><\/div><\/div><div class=\"vc_row wpb_row vc_row-fluid\"><div class=\"wpb_column vc_column_container vc_col-sm-12\"><div class=\"vc_column-inner\"><div class=\"wpb_wrapper\">\n\t<div class=\"wpb_text_column wpb_content_element\" >\n\t\t<div class=\"wpb_wrapper\">\n\t\t\t<h3>H\u00f4tels et complexes 4 \u00e9toiles aux Maldives\u00a0\u00a0 <a href=\"http:\/\/maldives-paradise.com\/fr\/hotels-4-etoiles-aux-maldives-2\/\">Page 2<\/a>\u00a0\u00a0 <a href=\"http:\/\/maldives-paradise.com\/fr\/hotels-4-etoiles-aux-maldives-3\/\">Page 3<\/a>\u00a0\u00a0 <a href=\"http:\/\/maldives-paradise.com\/fr\/hotels-4-etoiles-aux-maldives-4\/\">Page 4<\/a><\/h3>\n\n\t\t<\/div>\n\t<\/div>\n<\/div><\/div><\/div><\/div>\n<\/div>","protected":false},"excerpt":{"rendered":"<div class=\"mh-excerpt\"><\/div>","protected":false},"author":1,"featured_media":9814,"parent":0,"menu_order":0,"comment_status":"closed","ping_status":"closed","template":"","meta":{"footnotes":""},"class_list":["post-6504","page","type-page","status-publish","has-post-thumbnail"],"aioseo_notices":[],"_links":{"self":[{"href":"http:\/\/maldives-paradise.com\/fr\/wp-json\/wp\/v2\/pages\/6504","targetHints":{"allow":["GET"]}}],"collection":[{"href":"http:\/\/maldives-paradise.com\/fr\/wp-json\/wp\/v2\/pages"}],"about":[{"href":"http:\/\/maldives-paradise.com\/fr\/wp-json\/wp\/v2\/types\/page"}],"author":[{"embeddable":true,"href":"http:\/\/maldives-paradise.com\/fr\/wp-json\/wp\/v2\/users\/1"}],"replies":[{"embeddable":true,"href":"http:\/\/maldives-paradise.com\/fr\/wp-json\/wp\/v2\/comments?post=6504"}],"version-history":[{"count":6,"href":"http:\/\/maldives-paradise.com\/fr\/wp-json\/wp\/v2\/pages\/6504\/revisions"}],"predecessor-version":[{"id":19349,"href":"http:\/\/maldives-paradise.com\/fr\/wp-json\/wp\/v2\/pages\/6504\/revisions\/19349"}],"wp:featuredmedia":[{"embeddable":true,"href":"http:\/\/maldives-paradise.com\/fr\/wp-json\/wp\/v2\/media\/9814"}],"wp:attachment":[{"href":"http:\/\/maldives-paradise.com\/fr\/wp-json\/wp\/v2\/media?parent=6504"}],"curies":[{"name":"wp","href":"https:\/\/api.w.org\/{rel}","templated":true}]}}