{"id":24555,"date":"2024-09-12T18:04:35","date_gmt":"2024-09-12T18:04:35","guid":{"rendered":"https:\/\/maldives-paradise.com\/?page_id=24555"},"modified":"2025-02-22T09:17:56","modified_gmt":"2025-02-22T09:17:56","slug":"hotels-et-complexes-hoteliers-5-etoiles-aux-maldives-9","status":"publish","type":"page","link":"http:\/\/maldives-paradise.com\/fr\/hotels-et-complexes-hoteliers-5-etoiles-aux-maldives-9\/","title":{"rendered":"H\u00f4tels et complexes h\u00f4teliers 5 \u00e9toiles aux Maldives 9"},"content":{"rendered":"<div class=\"wpb-content-wrapper\"><div class=\"vc_row wpb_row vc_row-fluid\"><div class=\"wpb_column vc_column_container vc_col-sm-12\"><div class=\"vc_column-inner\"><div class=\"wpb_wrapper\">\n\t<div class=\"wpb_text_column wpb_content_element\" >\n\t\t<div class=\"wpb_wrapper\">\n\t\t\t<h3>Une s\u00e9lection d&#039;h\u00f4tels et resorts 5 \u00e9toiles aux Maldives<\/h3>\n<p>Les Maldives sont r\u00e9put\u00e9es pour leur <strong data-start=\"82\" data-end=\"121\">h\u00f4tels et complexes h\u00f4teliers 5 \u00e9toiles luxueux<\/strong>, offrant une qualit\u00e9 in\u00e9gal\u00e9e <strong data-start=\"145\" data-end=\"191\">\u00e9l\u00e9gance, intimit\u00e9 et service de classe mondiale<\/strong>Ces retraites exclusives comprennent <strong data-start=\"226\" data-end=\"316\">villas sur pilotis, piscines \u00e0 d\u00e9bordement, restaurants gastronomiques et services de majordome priv\u00e9s<\/strong>. Les invit\u00e9s peuvent profiter <strong data-start=\"335\" data-end=\"354\">Exp\u00e9riences VIP<\/strong> tel que <strong data-start=\"363\" data-end=\"443\">soins de spa personnalis\u00e9s, repas sous-marins et excursions en yacht priv\u00e9<\/strong>.<\/p>\n\n\t\t<\/div>\n\t<\/div>\n<\/div><\/div><\/div><\/div><div class=\"vc_row wpb_row vc_row-fluid\"><div class=\"wpb_column vc_column_container vc_col-sm-3\"><div class=\"vc_column-inner\"><div class=\"wpb_wrapper\">\n\t<div  class=\"wpb_single_image wpb_content_element vc_align_left wpb_content_element\">\n\t\t\n\t\t<figure class=\"wpb_wrapper vc_figure\">\n\t\t\t<a href=\"https:\/\/maldives-paradise.com\/fr\/grand-parc-kodhipparu-maldives\/\" target=\"_self\" class=\"vc_single_image-wrapper   vc_box_border_grey\"><img loading=\"lazy\" decoding=\"async\" width=\"150\" height=\"150\" src=\"https:\/\/maldives-paradise.com\/wp-content\/uploads\/2024\/09\/grand-park-kodhipparu-150x150.jpg\" class=\"vc_single_image-img attachment-thumbnail\" alt=\"Grand Parc Kodhipparu Maldives\" title=\"Grand-parc-Kodhipparu\" \/><\/a>\n\t\t<\/figure>\n\t<\/div>\n<\/div><\/div><\/div><div class=\"wpb_column vc_column_container vc_col-sm-9\"><div class=\"vc_column-inner\"><div class=\"wpb_wrapper\">\n\t<div class=\"wpb_text_column wpb_content_element\" >\n\t\t<div class=\"wpb_wrapper\">\n\t\t\t<h4><a href=\"https:\/\/maldives-paradise.com\/fr\/grand-parc-kodhipparu-maldives\/\">Grand parc Kodhipparu<\/a><\/h4>\n<p>Situ\u00e9 dans le pittoresque atoll de Mal\u00e9 Nord, \u00e0 seulement 20 minutes en hors-bord de l&#039;a\u00e9roport international de Velana, le Grand Park Kodhipparu Maldives Resort offre une exp\u00e9rience de luxe incomparable au c\u0153ur de l&#039;oc\u00e9an Indien. Entour\u00e9 d&#039;eaux turquoise cristallines, de plages de sable blanc immacul\u00e9 et de r\u00e9cifs coralliens foisonnants, ce complexe h\u00f4telier prim\u00e9 allie \u00e0 la perfection d\u00e9tente, aventure et luxe raffin\u00e9.<\/p>\n\n\t\t<\/div>\n\t<\/div>\n<\/div><\/div><\/div><\/div><div class=\"vc_row wpb_row vc_row-fluid\"><div class=\"wpb_column vc_column_container vc_col-sm-3\"><div class=\"vc_column-inner\"><div class=\"wpb_wrapper\">\n\t<div  class=\"wpb_single_image wpb_content_element vc_align_left wpb_content_element\">\n\t\t\n\t\t<figure class=\"wpb_wrapper vc_figure\">\n\t\t\t<a href=\"https:\/\/maldives-paradise.com\/fr\/raaya-par-atmosphere\/\" target=\"_self\" class=\"vc_single_image-wrapper   vc_box_border_grey\"><img loading=\"lazy\" decoding=\"async\" width=\"150\" height=\"150\" src=\"https:\/\/maldives-paradise.com\/wp-content\/uploads\/2024\/09\/RAAYA-by-Atmosphere-150x150.jpg\" class=\"vc_single_image-img attachment-thumbnail\" alt=\"RAAYA par Atmosph\u00e8re\" title=\"RAAYA-by-Atmosphere\" \/><\/a>\n\t\t<\/figure>\n\t<\/div>\n<\/div><\/div><\/div><div class=\"wpb_column vc_column_container vc_col-sm-9\"><div class=\"vc_column-inner\"><div class=\"wpb_wrapper\">\n\t<div class=\"wpb_text_column wpb_content_element\" >\n\t\t<div class=\"wpb_wrapper\">\n\t\t\t<h4><a href=\"https:\/\/maldives-paradise.com\/fr\/raaya-par-atmosphere\/\">RAAYA par Atmosph\u00e8re<\/a><\/h4>\n<p>RAAYA by Atmosphere, un complexe h\u00f4telier de luxe exclusif nich\u00e9 au c\u0153ur des Maldives, offre un m\u00e9lange exceptionnel de s\u00e9r\u00e9nit\u00e9, d&#039;opulence et d&#039;exp\u00e9riences uniques, con\u00e7u pour satisfaire les voyageurs les plus exigeants. Cette destination de renomm\u00e9e mondiale se distingue par son service impeccable, son cadre naturel \u00e9poustouflant et ses \u00e9quipements ultramodernes.<\/p>\n\n\t\t<\/div>\n\t<\/div>\n<\/div><\/div><\/div><\/div><div class=\"vc_row wpb_row vc_row-fluid\"><div class=\"wpb_column vc_column_container vc_col-sm-3\"><div class=\"vc_column-inner\"><div class=\"wpb_wrapper\">\n\t<div  class=\"wpb_single_image wpb_content_element vc_align_left wpb_content_element\">\n\t\t\n\t\t<figure class=\"wpb_wrapper vc_figure\">\n\t\t\t<a href=\"https:\/\/maldives-paradise.com\/fr\/varu-par-atmosphere\/\" target=\"_self\" class=\"vc_single_image-wrapper   vc_box_border_grey\"><img loading=\"lazy\" decoding=\"async\" width=\"150\" height=\"150\" src=\"https:\/\/maldives-paradise.com\/wp-content\/uploads\/2024\/04\/varu-by-atmophere2-150x150.jpg\" class=\"vc_single_image-img attachment-thumbnail\" alt=\"Varu par atmosph\u00e8re\" title=\"varu-par-atmosph\u00e8re2\" \/><\/a>\n\t\t<\/figure>\n\t<\/div>\n<\/div><\/div><\/div><div class=\"wpb_column vc_column_container vc_col-sm-9\"><div class=\"vc_column-inner\"><div class=\"wpb_wrapper\">\n\t<div class=\"wpb_text_column wpb_content_element\" >\n\t\t<div class=\"wpb_wrapper\">\n\t\t\t<h4><a href=\"https:\/\/maldives-paradise.com\/fr\/varu-par-atmosphere\/\">Varu par atmosph\u00e8re<\/a><\/h4>\n<p>Situ\u00e9 dans l&#039;atoll idyllique de Mal\u00e9 Nord, le VARU by Atmosphere est un complexe h\u00f4telier de luxe aux Maldives qui allie beaut\u00e9 naturelle et \u00e9l\u00e9gance contemporaine. R\u00e9put\u00e9 pour ses plages immacul\u00e9es, ses eaux cristallines et sa faune marine foisonnante, le VARU offre une escapade tropicale des plus raffin\u00e9es. Que vous recherchiez le romantisme, des moments inoubliables en famille ou une d\u00e9tente absolue, les prestations uniques du complexe sauront satisfaire tous les types de voyageurs, faisant du VARU l&#039;une des destinations de luxe les plus pris\u00e9es des Maldives.<\/p>\n\n\t\t<\/div>\n\t<\/div>\n<\/div><\/div><\/div><\/div><div class=\"vc_row wpb_row vc_row-fluid\"><div class=\"wpb_column vc_column_container vc_col-sm-3\"><div class=\"vc_column-inner\"><div class=\"wpb_wrapper\">\n\t<div  class=\"wpb_single_image wpb_content_element vc_align_left wpb_content_element\">\n\t\t\n\t\t<figure class=\"wpb_wrapper vc_figure\">\n\t\t\t<a href=\"https:\/\/maldives-paradise.com\/fr\/oblu-selectionnez-sangeli\/\" target=\"_self\" class=\"vc_single_image-wrapper   vc_box_border_grey\"><img loading=\"lazy\" decoding=\"async\" width=\"150\" height=\"150\" src=\"https:\/\/maldives-paradise.com\/wp-content\/uploads\/2024\/07\/oblu-select-sangeli-150x150.jpg\" class=\"vc_single_image-img attachment-thumbnail\" alt=\"OBLU SELECT Sangeli\" title=\"oblu-select-sangeli\" \/><\/a>\n\t\t<\/figure>\n\t<\/div>\n<\/div><\/div><\/div><div class=\"wpb_column vc_column_container vc_col-sm-9\"><div class=\"vc_column-inner\"><div class=\"wpb_wrapper\">\n\t<div class=\"wpb_text_column wpb_content_element\" >\n\t\t<div class=\"wpb_wrapper\">\n\t\t\t<h4><a href=\"https:\/\/maldives-paradise.com\/fr\/oblu-selectionnez-sangeli\/\">OBLU SELECT Sangeli<\/a><\/h4>\n<p>Situ\u00e9 \u00e0 l&#039;extr\u00e9mit\u00e9 nord-ouest pittoresque de l&#039;atoll de Mal\u00e9, l&#039;OBLU SELECT Sangeli by Atmosphere est un complexe h\u00f4telier tout compris haut de gamme offrant un m\u00e9lange unique de luxe, de confort et de paradis tropical. R\u00e9put\u00e9 pour ses plages immacul\u00e9es, ses eaux cristallines et sa faune marine foisonnante, l&#039;OBLU SELECT Sangeli est une destination pris\u00e9e des couples en lune de miel, des familles et des amateurs d&#039;aventure. Voici les principaux atouts qui font de ce complexe un lieu d&#039;exception aux Maldives.<\/p>\n\n\t\t<\/div>\n\t<\/div>\n<\/div><\/div><\/div><\/div><div class=\"vc_row wpb_row vc_row-fluid\"><div class=\"wpb_column vc_column_container vc_col-sm-3\"><div class=\"vc_column-inner\"><div class=\"wpb_wrapper\">\n\t<div  class=\"wpb_single_image wpb_content_element vc_align_left wpb_content_element\">\n\t\t\n\t\t<figure class=\"wpb_wrapper vc_figure\">\n\t\t\t<a href=\"https:\/\/maldives-paradise.com\/fr\/oblu-selectionnez-lobigili\/\" target=\"_self\" class=\"vc_single_image-wrapper   vc_box_border_grey\"><img loading=\"lazy\" decoding=\"async\" width=\"150\" height=\"150\" src=\"https:\/\/maldives-paradise.com\/wp-content\/uploads\/2024\/05\/oblu-select-lobigili-1-150x150.jpg\" class=\"vc_single_image-img attachment-thumbnail\" alt=\"OBLU SELECT Lobigili\" title=\"oblu-select-lobigili-1\" \/><\/a>\n\t\t<\/figure>\n\t<\/div>\n<\/div><\/div><\/div><div class=\"wpb_column vc_column_container vc_col-sm-9\"><div class=\"vc_column-inner\"><div class=\"wpb_wrapper\">\n\t<div class=\"wpb_text_column wpb_content_element\" >\n\t\t<div class=\"wpb_wrapper\">\n\t\t\t<h4><a href=\"https:\/\/maldives-paradise.com\/fr\/oblu-selectionnez-lobigili\/\">OBLU SELECT Lobigili<\/a><\/h4>\n<p>Nich\u00e9 dans les eaux turquoise des Maldives, l&#039;OBLU SELECT Lobigili est un complexe h\u00f4telier de luxe tout compris offrant une escapade tropicale inoubliable. R\u00e9put\u00e9 pour son cadre romantique, son service exceptionnel et ses prestations haut de gamme, ce complexe exclusif r\u00e9serv\u00e9 aux adultes est la destination id\u00e9ale pour les couples en qu\u00eate d&#039;une retraite sereine et luxueuse. D\u00e9couvrez les atouts qui font de l&#039;OBLU SELECT Lobigili l&#039;un des complexes h\u00f4teliers les plus prestigieux des Maldives.<\/p>\n\n\t\t<\/div>\n\t<\/div>\n<\/div><\/div><\/div><\/div><div class=\"vc_row wpb_row vc_row-fluid\"><div class=\"wpb_column vc_column_container vc_col-sm-3\"><div class=\"vc_column-inner\"><div class=\"wpb_wrapper\">\n\t<div  class=\"wpb_single_image wpb_content_element vc_align_left wpb_content_element\">\n\t\t\n\t\t<figure class=\"wpb_wrapper vc_figure\">\n\t\t\t<a href=\"https:\/\/maldives-paradise.com\/fr\/toi-moi-maldives\/\" target=\"_self\" class=\"vc_single_image-wrapper   vc_box_border_grey\"><img loading=\"lazy\" decoding=\"async\" width=\"150\" height=\"150\" src=\"https:\/\/maldives-paradise.com\/wp-content\/uploads\/2024\/06\/you-and-me-maldives-2-150x150.jpg\" class=\"vc_single_image-img attachment-thumbnail\" alt=\"Toi et Moi Maldives\" title=\"toi et moi aux Maldives 2\" \/><\/a>\n\t\t<\/figure>\n\t<\/div>\n<\/div><\/div><\/div><div class=\"wpb_column vc_column_container vc_col-sm-9\"><div class=\"vc_column-inner\"><div class=\"wpb_wrapper\">\n\t<div class=\"wpb_text_column wpb_content_element\" >\n\t\t<div class=\"wpb_wrapper\">\n\t\t\t<h4><a href=\"https:\/\/maldives-paradise.com\/fr\/toi-moi-maldives\/\">Toi et Moi Maldives<\/a><\/h4>\n<p>Le complexe h\u00f4telier You &amp; Me Maldives est un <strong>complexe h\u00f4telier de luxe r\u00e9serv\u00e9 aux adultes<\/strong> Offrant un parfait m\u00e9lange de tranquillit\u00e9, de romantisme et de luxe, You &amp; Me Maldives est con\u00e7u pour les couples, les jeunes mari\u00e9s et tous ceux qui recherchent une escapade paisible. Ce havre de paix isol\u00e9 est entour\u00e9 de plages immacul\u00e9es et d&#039;eaux cristallines.<\/p>\n\n\t\t<\/div>\n\t<\/div>\n<\/div><\/div><\/div><\/div><div class=\"vc_row wpb_row vc_row-fluid\"><div class=\"wpb_column vc_column_container vc_col-sm-3\"><div class=\"vc_column-inner\"><div class=\"wpb_wrapper\">\n\t<div  class=\"wpb_single_image wpb_content_element vc_align_left wpb_content_element\">\n\t\t\n\t\t<figure class=\"wpb_wrapper vc_figure\">\n\t\t\t<a href=\"https:\/\/maldives-paradise.com\/fr\/ile-de-villegiature-de-veligandu-aux-maldives\/\" target=\"_self\" class=\"vc_single_image-wrapper   vc_box_border_grey\"><img loading=\"lazy\" decoding=\"async\" width=\"150\" height=\"150\" src=\"https:\/\/maldives-paradise.com\/wp-content\/uploads\/2024\/09\/Veligandu-Maldives-Resort-Island-150x150.jpg\" class=\"vc_single_image-img attachment-thumbnail\" alt=\"\u00cele de vill\u00e9giature de Veligandu Maldives\" title=\"Veligandu-Maldives-H\u00f4tel-\u00cele\" \/><\/a>\n\t\t<\/figure>\n\t<\/div>\n<\/div><\/div><\/div><div class=\"wpb_column vc_column_container vc_col-sm-9\"><div class=\"vc_column-inner\"><div class=\"wpb_wrapper\">\n\t<div class=\"wpb_text_column wpb_content_element\" >\n\t\t<div class=\"wpb_wrapper\">\n\t\t\t<h4><a href=\"https:\/\/maldives-paradise.com\/fr\/ile-de-villegiature-de-veligandu-aux-maldives\/\">\u00cele de vill\u00e9giature de Veligandu Maldives<\/a><\/h4>\n<p>Veligandu Maldives Resort Island est un refuge de luxe offrant un parfait m\u00e9lange de beaut\u00e9 naturelle, de s\u00e9r\u00e9nit\u00e9 et d&#039;\u00e9quipements haut de gamme. Avec ses lagons cristallins, ses superbes villas sur pilotis et ses exp\u00e9riences exclusives, ce complexe h\u00f4telier est une destination de choix. <strong>tout inclus<\/strong> Ce complexe h\u00f4telier est la destination id\u00e9ale pour les couples, les jeunes mari\u00e9s et les voyageurs en qu\u00eate d&#039;une escapade luxueuse aux Maldives.<\/p>\n\n\t\t<\/div>\n\t<\/div>\n<\/div><\/div><\/div><\/div><div class=\"vc_row wpb_row vc_row-fluid\"><div class=\"wpb_column vc_column_container vc_col-sm-3\"><div class=\"vc_column-inner\"><div class=\"wpb_wrapper\">\n\t<div  class=\"wpb_single_image wpb_content_element vc_align_left wpb_content_element\">\n\t\t\n\t\t<figure class=\"wpb_wrapper vc_figure\">\n\t\t\t<a href=\"https:\/\/maldives-paradise.com\/fr\/station-intercontinentale-maldives-maamunagau\/\" target=\"_self\" class=\"vc_single_image-wrapper   vc_box_border_grey\"><img loading=\"lazy\" decoding=\"async\" width=\"150\" height=\"150\" src=\"https:\/\/maldives-paradise.com\/wp-content\/uploads\/2024\/09\/Intercontinental-Maldives-150x150.jpg\" class=\"vc_single_image-img attachment-thumbnail\" alt=\"InterContinental Maldives Maamunagau Resort\" title=\"Intercontinental-Maldives\" \/><\/a>\n\t\t<\/figure>\n\t<\/div>\n<\/div><\/div><\/div><div class=\"wpb_column vc_column_container vc_col-sm-9\"><div class=\"vc_column-inner\"><div class=\"wpb_wrapper\">\n\t<div class=\"wpb_text_column wpb_content_element\" >\n\t\t<div class=\"wpb_wrapper\">\n\t\t\t<h4><a href=\"https:\/\/maldives-paradise.com\/fr\/station-intercontinentale-maldives-maamunagau\/\">Maldives intercontinentales<\/a><\/h4>\n<p>L&#039;InterContinental Maldives Maamunagau Resort est un refuge luxueux offrant une exp\u00e9rience incomparable aux Maldives. R\u00e9put\u00e9 pour ses superbes villas sur pilotis, sa gastronomie de renomm\u00e9e internationale et ses installations d\u00e9di\u00e9es au bien-\u00eatre, ce complexe incarne le luxe tropical. Que vous recherchiez une escapade romantique ou des vacances en famille, l&#039;InterContinental Maldives Maamunagau Resort vous propose un cadre idyllique, des services haut de gamme et des prestations uniques.<\/p>\n\n\t\t<\/div>\n\t<\/div>\n<\/div><\/div><\/div><\/div><div class=\"vc_row wpb_row vc_row-fluid\"><div class=\"wpb_column vc_column_container vc_col-sm-3\"><div class=\"vc_column-inner\"><div class=\"wpb_wrapper\">\n\t<div  class=\"wpb_single_image wpb_content_element vc_align_left wpb_content_element\">\n\t\t\n\t\t<figure class=\"wpb_wrapper vc_figure\">\n\t\t\t<a href=\"https:\/\/maldives-paradise.com\/fr\/soleil-siyam-iru-veli\/\" target=\"_self\" class=\"vc_single_image-wrapper   vc_box_border_grey\"><img loading=\"lazy\" decoding=\"async\" width=\"150\" height=\"150\" src=\"https:\/\/maldives-paradise.com\/wp-content\/uploads\/2024\/09\/Sun-Siyam-Iru-Veli-overwater-villa-150x150.jpg\" class=\"vc_single_image-img attachment-thumbnail\" alt=\"Sun Siyam Iru Veli\" title=\"Villa sur pilotis Sun-Siyam-Iru-Veli\" \/><\/a>\n\t\t<\/figure>\n\t<\/div>\n<\/div><\/div><\/div><div class=\"wpb_column vc_column_container vc_col-sm-9\"><div class=\"vc_column-inner\"><div class=\"wpb_wrapper\">\n\t<div class=\"wpb_text_column wpb_content_element\" >\n\t\t<div class=\"wpb_wrapper\">\n\t\t\t<h4><a href=\"https:\/\/maldives-paradise.com\/fr\/soleil-siyam-iru-veli\/\">Sun Siyam Iru Veli<\/a><\/h4>\n<p>Situ\u00e9 dans le pittoresque atoll de Nilandhe Sud, le Sun Siyam Iru Veli est un complexe h\u00f4telier 5 \u00e9toiles de luxe aux Maldives, offrant une combinaison parfaite de s\u00e9r\u00e9nit\u00e9, d&#039;aventure et de prestations haut de gamme. R\u00e9put\u00e9 pour ses vastes villas sur pilotis, ses piscines priv\u00e9es et ses formules tout compris, le complexe s&#039;adresse aussi bien aux couples qu&#039;aux familles en qu\u00eate d&#039;une escapade tropicale luxueuse. Voici un aper\u00e7u des atouts qui font du Sun Siyam Iru Veli l&#039;une des destinations de luxe les plus prestigieuses des Maldives.<\/p>\n\n\t\t<\/div>\n\t<\/div>\n<\/div><\/div><\/div><\/div><div class=\"vc_row wpb_row vc_row-fluid\"><div class=\"wpb_column vc_column_container vc_col-sm-3\"><div class=\"vc_column-inner\"><div class=\"wpb_wrapper\">\n\t<div  class=\"wpb_single_image wpb_content_element vc_align_left wpb_content_element\">\n\t\t\n\t\t<figure class=\"wpb_wrapper vc_figure\">\n\t\t\t<a href=\"https:\/\/maldives-paradise.com\/fr\/dhawa-ihuru\/\" target=\"_self\" class=\"vc_single_image-wrapper   vc_box_border_grey\"><img loading=\"lazy\" decoding=\"async\" width=\"150\" height=\"150\" src=\"https:\/\/maldives-paradise.com\/wp-content\/uploads\/2024\/09\/Dhawa-Ihuru-150x150.jpg\" class=\"vc_single_image-img attachment-thumbnail\" alt=\"Dhawa Ihuru\" title=\"Dhawa-Ihuru\" \/><\/a>\n\t\t<\/figure>\n\t<\/div>\n<\/div><\/div><\/div><div class=\"wpb_column vc_column_container vc_col-sm-9\"><div class=\"vc_column-inner\"><div class=\"wpb_wrapper\">\n\t<div class=\"wpb_text_column wpb_content_element\" >\n\t\t<div class=\"wpb_wrapper\">\n\t\t\t<h4><a href=\"https:\/\/maldives-paradise.com\/fr\/dhawa-ihuru\/\">Dhawa Ihuru<\/a><\/h4>\n<p>Dhawa Ihuru est un complexe h\u00f4telier de luxe aux Maldives offrant une escapade tropicale idyllique et un engagement fort en faveur du d\u00e9veloppement durable. R\u00e9put\u00e9 pour ses plages immacul\u00e9es, ses eaux cristallines et ses pratiques \u00e9coresponsables, Dhawa Ihuru est un v\u00e9ritable paradis pour les amoureux de la nature et les voyageurs en qu\u00eate de d\u00e9tente et d&#039;aventure. Ce complexe compos\u00e9 exclusivement de villas, avec acc\u00e8s direct \u00e0 l&#039;un des r\u00e9cifs coralliens les plus c\u00e9l\u00e8bres des Maldives, propose une exp\u00e9rience immersive alliant luxe et respect de l&#039;environnement.<\/p>\n\n\t\t<\/div>\n\t<\/div>\n<\/div><\/div><\/div><\/div><div class=\"vc_row wpb_row vc_row-fluid\"><div class=\"wpb_column vc_column_container vc_col-sm-3\"><div class=\"vc_column-inner\"><div class=\"wpb_wrapper\">\n\t<div  class=\"wpb_single_image wpb_content_element vc_align_left wpb_content_element\">\n\t\t\n\t\t<figure class=\"wpb_wrapper vc_figure\">\n\t\t\t<a href=\"https:\/\/maldives-paradise.com\/fr\/jw-marriott-maldives-resort-spa\/\" target=\"_self\" class=\"vc_single_image-wrapper   vc_box_border_grey\"><img loading=\"lazy\" decoding=\"async\" width=\"150\" height=\"150\" src=\"https:\/\/maldives-paradise.com\/wp-content\/uploads\/2024\/09\/JW-Marriott-Maldives-Resort-Spa-150x150.jpg\" class=\"vc_single_image-img attachment-thumbnail\" alt=\"JW Marriott Maldives Resort &amp; Spa\" title=\"JW Marriott Maldives Resort Spa\" \/><\/a>\n\t\t<\/figure>\n\t<\/div>\n<\/div><\/div><\/div><div class=\"wpb_column vc_column_container vc_col-sm-9\"><div class=\"vc_column-inner\"><div class=\"wpb_wrapper\">\n\t<div class=\"wpb_text_column wpb_content_element\" >\n\t\t<div class=\"wpb_wrapper\">\n\t\t\t<h4><a href=\"https:\/\/maldives-paradise.com\/fr\/jw-marriott-maldives-resort-spa\/\">JW Marriott Maldives Resort &amp; Spa<\/a><\/h4>\n<p>Situ\u00e9 sur l&#039;\u00eele immacul\u00e9e de Vagaru, dans l&#039;atoll de Shaviyani, le JW Marriott Maldives Resort &amp; Spa est un complexe h\u00f4telier 5 \u00e9toiles de luxe offrant un m\u00e9lange exquis de beaut\u00e9 naturelle, de design contemporain et d&#039;un service irr\u00e9prochable. R\u00e9put\u00e9 pour ses villas sur pilotis, sa gastronomie de renomm\u00e9e internationale et ses exp\u00e9riences personnalis\u00e9es, le JW Marriott Maldives est une destination id\u00e9ale pour les couples en lune de miel, les familles et les voyageurs en qu\u00eate de luxe.<\/p>\n\n\t\t<\/div>\n\t<\/div>\n<\/div><\/div><\/div><\/div><div class=\"vc_row wpb_row vc_row-fluid\"><div class=\"wpb_column vc_column_container vc_col-sm-3\"><div class=\"vc_column-inner\"><div class=\"wpb_wrapper\">\n\t<div  class=\"wpb_single_image wpb_content_element vc_align_left wpb_content_element\">\n\t\t\n\t\t<figure class=\"wpb_wrapper vc_figure\">\n\t\t\t<a href=\"https:\/\/maldives-paradise.com\/fr\/station-balneaire-de-lile-de-dhigufaru\/\" target=\"_self\" class=\"vc_single_image-wrapper   vc_box_border_grey\"><img loading=\"lazy\" decoding=\"async\" width=\"150\" height=\"150\" src=\"https:\/\/maldives-paradise.com\/wp-content\/uploads\/2024\/09\/Dhigufaru-Island-Resort-150x150.jpg\" class=\"vc_single_image-img attachment-thumbnail\" alt=\"Complexe h\u00f4telier de l&#039;\u00eele de Dhigufaru\" title=\"Complexe h\u00f4telier de l&#039;\u00eele de Dhigufaru\" \/><\/a>\n\t\t<\/figure>\n\t<\/div>\n<\/div><\/div><\/div><div class=\"wpb_column vc_column_container vc_col-sm-9\"><div class=\"vc_column-inner\"><div class=\"wpb_wrapper\">\n\t<div class=\"wpb_text_column wpb_content_element\" >\n\t\t<div class=\"wpb_wrapper\">\n\t\t\t<h4><a href=\"https:\/\/maldives-paradise.com\/fr\/station-balneaire-de-lile-de-dhigufaru\/\">Complexe h\u00f4telier de l&#039;\u00eele de Dhigufaru<\/a><\/h4>\n<p>Les Maldives sont r\u00e9put\u00e9es pour leurs plages immacul\u00e9es, leurs eaux cristallines et leurs complexes h\u00f4teliers de luxe, et le Dhigufaru Island Resort en est un parfait exemple. Nich\u00e9 dans la r\u00e9serve de biosph\u00e8re prot\u00e9g\u00e9e de l&#039;atoll de Baa, class\u00e9e au patrimoine mondial de l&#039;UNESCO, le Dhigufaru offre un m\u00e9lange unique de beaut\u00e9 naturelle, de prestations haut de gamme et d&#039;intimit\u00e9 absolue. Pour ceux qui recherchent une escapade de r\u00eave, voici les atouts majeurs qui font de ce complexe un choix exceptionnel.<\/p>\n\n\t\t<\/div>\n\t<\/div>\n<\/div><\/div><\/div><\/div><div class=\"vc_row wpb_row vc_row-fluid\"><div class=\"wpb_column vc_column_container vc_col-sm-12\"><div class=\"vc_column-inner\"><div class=\"wpb_wrapper\">\n\t<div class=\"wpb_text_column wpb_content_element\" >\n\t\t<div class=\"wpb_wrapper\">\n\t\t\t<h3>H\u00f4tels et complexes 5 \u00e9toiles aux Maldives <a href=\"http:\/\/maldives-paradise.com\/fr\/?page_id=4124\">Page 1<\/a> \u00a0<a href=\"http:\/\/maldives-paradise.com\/fr\/?page_id=7968\">Page 2<\/a> \u00a0 <a href=\"http:\/\/maldives-paradise.com\/fr\/?page_id=7996\">Page 3<\/a>\u00a0 <a href=\"http:\/\/maldives-paradise.com\/fr\/?page_id=8053\">Page 4<\/a>\u00a0 <a href=\"http:\/\/maldives-paradise.com\/fr\/?page_id=8128\">Page 5<\/a> \u00a0 <a href=\"http:\/\/maldives-paradise.com\/fr\/?page_id=8170\">Page 6<\/a>\u00a0\u00a0 <a href=\"http:\/\/maldives-paradise.com\/fr\/?page_id=8384\">Page 7<\/a> \u00a0<a href=\"https:\/\/maldives-paradise.com\/fr\/hotels-5-etoiles-aux-maldives-8\/\">Page 8<\/a><\/h3>\n\n\t\t<\/div>\n\t<\/div>\n<\/div><\/div><\/div><\/div>\n<\/div>","protected":false},"excerpt":{"rendered":"<div class=\"mh-excerpt\"><\/div>","protected":false},"author":1,"featured_media":24551,"parent":0,"menu_order":0,"comment_status":"closed","ping_status":"closed","template":"","meta":{"footnotes":""},"class_list":["post-24555","page","type-page","status-publish","has-post-thumbnail"],"aioseo_notices":[],"_links":{"self":[{"href":"http:\/\/maldives-paradise.com\/fr\/wp-json\/wp\/v2\/pages\/24555","targetHints":{"allow":["GET"]}}],"collection":[{"href":"http:\/\/maldives-paradise.com\/fr\/wp-json\/wp\/v2\/pages"}],"about":[{"href":"http:\/\/maldives-paradise.com\/fr\/wp-json\/wp\/v2\/types\/page"}],"author":[{"embeddable":true,"href":"http:\/\/maldives-paradise.com\/fr\/wp-json\/wp\/v2\/users\/1"}],"replies":[{"embeddable":true,"href":"http:\/\/maldives-paradise.com\/fr\/wp-json\/wp\/v2\/comments?post=24555"}],"version-history":[{"count":6,"href":"http:\/\/maldives-paradise.com\/fr\/wp-json\/wp\/v2\/pages\/24555\/revisions"}],"predecessor-version":[{"id":34304,"href":"http:\/\/maldives-paradise.com\/fr\/wp-json\/wp\/v2\/pages\/24555\/revisions\/34304"}],"wp:featuredmedia":[{"embeddable":true,"href":"http:\/\/maldives-paradise.com\/fr\/wp-json\/wp\/v2\/media\/24551"}],"wp:attachment":[{"href":"http:\/\/maldives-paradise.com\/fr\/wp-json\/wp\/v2\/media?parent=24555"}],"curies":[{"name":"wp","href":"https:\/\/api.w.org\/{rel}","templated":true}]}}