{"id":18990,"date":"2024-07-13T09:07:40","date_gmt":"2024-07-13T09:07:40","guid":{"rendered":"http:\/\/maldives-paradise.com\/?page_id=18990"},"modified":"2024-07-26T15:01:05","modified_gmt":"2024-07-26T15:01:05","slug":"complexe-hotelier-de-lile-difuru-aux-maldives","status":"publish","type":"page","link":"http:\/\/maldives-paradise.com\/fr\/complexe-hotelier-de-lile-difuru-aux-maldives\/","title":{"rendered":"Ifuru Island Resort Maldives"},"content":{"rendered":"<div class=\"wpb-content-wrapper\"><div class=\"vc_row wpb_row vc_row-fluid\"><div class=\"wpb_column vc_column_container vc_col-sm-12\"><div class=\"vc_column-inner\"><div class=\"wpb_wrapper\">\n\t<div class=\"wpb_video_widget wpb_content_element vc_clearfix   vc_video-aspect-ratio-169 vc_video-el-width-100 vc_video-align-left\" >\n\t\t<div class=\"wpb_wrapper\">\n\t\t\t\n\t\t\t<div class=\"wpb_video_wrapper\"><iframe loading=\"lazy\" title=\"Ifuru, votre surprise aux Maldives !\" width=\"500\" height=\"281\" src=\"https:\/\/www.youtube.com\/embed\/ptWfoqcBXqY?feature=oembed\" frameborder=\"0\" allow=\"accelerometer; autoplay; clipboard-write; encrypted-media; gyroscope; picture-in-picture; web-share\" referrerpolicy=\"strict-origin-when-cross-origin\" allowfullscreen><\/iframe><\/div>\n\t\t<\/div>\n\t<\/div>\n<\/div><\/div><\/div><\/div><div class=\"vc_row wpb_row vc_row-fluid\"><div class=\"wpb_column vc_column_container vc_col-sm-12\"><div class=\"vc_column-inner\"><div class=\"wpb_wrapper\">\n\t<div class=\"wpb_text_column wpb_content_element\" >\n\t\t<div class=\"wpb_wrapper\">\n\t\t\t<h4>D\u00e9couvrez les principales caract\u00e9ristiques de l&#039;Ifuru Island Resort Maldives : un paradis de luxe tout compris<\/h4>\n<p>Situ\u00e9 dans le pittoresque atoll de Raa, Ifuru Island Resort Maldives est une destination de luxe de premier ordre qui promet une escapade tropicale inoubliable. Ce complexe allie l&#039;opulence moderne \u00e0 la beaut\u00e9 naturelle des Maldives, offrant \u00e0 ses clients une exp\u00e9rience extraordinaire. Explorons les principales caract\u00e9ristiques qui font de l&#039;Ifuru Island Resort Maldives un choix exceptionnel pour les voyageurs exigeants.<\/p>\n<p><strong>1. H\u00e9bergement luxueux<\/strong><\/p>\n<p>L&#039;Ifuru Island Resort Maldives propose une vari\u00e9t\u00e9 d&#039;h\u00e9bergements luxueux con\u00e7us pour r\u00e9pondre aux divers besoins de ses clients. Le complexe propose des villas sur pilotis et des bungalows en bord de mer, chacun offrant une vue imprenable sur l&#039;oc\u00e9an Indien. Les villas sur pilotis offrent un acc\u00e8s direct au lagon turquoise, tandis que les bungalows en bord de mer sont nich\u00e9s au milieu de jardins tropicaux luxuriants. Chaque villa est \u00e9quip\u00e9e d&#039;\u00e9quipements modernes, de piscines priv\u00e9es et d&#039;espaces de vie spacieux, garantissant un s\u00e9jour confortable et agr\u00e9able.<\/p>\n<p><strong>2. Exp\u00e9riences culinaires gastronomiques<\/strong><\/p>\n<p>Des d\u00e9lices culinaires attendent les invit\u00e9s \u00e0 <a href=\"https:\/\/lamp.glopss.com\/aff_c?offer_id=1532&amp;aff_id=1834\" target=\"_blank\" rel=\"nofollow noopener\"><strong>Ifuru Island Resort Maldives<\/strong><\/a>, avec une gamme d&#039;options de restauration pour satisfaire tous les palais. Le restaurant principal du complexe propose un buffet international avec des postes de cuisson en direct, mettant en valeur une vari\u00e9t\u00e9 de cuisines du monde. Pour une exp\u00e9rience culinaire plus intime, les clients peuvent se rendre au restaurant de sp\u00e9cialit\u00e9s du complexe, qui sert des plats gastronomiques maldiviens et des fruits de mer dans un cadre \u00e9l\u00e9gant. De plus, le bar en bord de mer propose des cocktails rafra\u00eechissants et des collations l\u00e9g\u00e8res, parfaits pour profiter d&#039;une vue imprenable sur le coucher de soleil.<\/p>\n<p><strong>3. Sports et activit\u00e9s nautiques passionnants<\/strong><\/p>\n<p>Les eaux cristallines qui entourent l&#039;Ifuru Island Resort Maldives sont un paradis pour les amateurs de sports nautiques. Le complexe propose une multitude d&#039;activit\u00e9s, notamment la plong\u00e9e avec tuba, la plong\u00e9e sous-marine, la planche \u00e0 voile et le kayak. Les clients peuvent explorer les r\u00e9cifs coralliens vibrants regorgeant de vie marine ou se lancer dans une exp\u00e9dition de p\u00eache pour d\u00e9couvrir les techniques de p\u00eache traditionnelles des Maldives. Pour ceux qui recherchent la d\u00e9tente, le complexe propose des croisi\u00e8res en bateau, des excursions d&#039;observation des dauphins et des excursions d&#039;\u00eele en \u00eele.<\/p>\n<p><strong>4. Bien-\u00eatre et Spa rajeunissants<\/strong><\/p>\n<p>L&#039;Ifuru Island Resort Maldives se consacre \u00e0 la promotion du bien-\u00eatre et de la relaxation gr\u00e2ce \u00e0 ses installations de spa ultramodernes. Le spa du complexe propose une vari\u00e9t\u00e9 de soins, notamment des massages traditionnels maldiviens, de l&#039;aromath\u00e9rapie et des soins de beaut\u00e9. Le cadre serein du spa, associ\u00e9 \u00e0 des th\u00e9rapeutes qualifi\u00e9s et \u00e0 des produits haut de gamme, garantit une exp\u00e9rience rajeunissante. De plus, le complexe propose des s\u00e9ances de yoga et de m\u00e9ditation, permettant aux clients de se d\u00e9tendre et de se connecter \u00e0 leur moi int\u00e9rieur.<\/p>\n<p><strong>5. Commodit\u00e9s familiales<\/strong><\/p>\n<p>L&#039;Ifuru Island Resort Maldives est une destination id\u00e9ale pour les familles, offrant une gamme d&#039;\u00e9quipements et d&#039;activit\u00e9s pour les clients de tous \u00e2ges. Le club pour enfants du complexe offre un environnement s\u00fbr et engageant pour les enfants, avec des activit\u00e9s telles que des arts et de l&#039;artisanat, des jeux et des programmes \u00e9ducatifs. Les adolescents peuvent profiter des installations sportives du complexe, notamment du beach-volley, des courts de tennis et une salle de jeux. Le complexe propose \u00e9galement des excursions et des activit\u00e9s adapt\u00e9es aux familles, garantissant \u00e0 chacun un s\u00e9jour m\u00e9morable et agr\u00e9able.<\/p>\n<p><strong>6. Engagement envers la durabilit\u00e9<\/strong><\/p>\n<p>L&#039;Ifuru Island Resort Maldives s&#039;engage \u00e0 pr\u00e9server la beaut\u00e9 naturelle des Maldives gr\u00e2ce \u00e0 des pratiques durables et \u00e0 des initiatives respectueuses de l&#039;environnement. Le complexe met en \u0153uvre des technologies \u00e9conomes en \u00e9nergie, des programmes de r\u00e9duction des d\u00e9chets et des efforts de conservation marine. Les clients sont encourag\u00e9s \u00e0 participer \u00e0 ces initiatives, favorisant ainsi un sentiment de responsabilit\u00e9 environnementale et de connexion avec l&#039;\u00e9cosyst\u00e8me vierge de l&#039;\u00eele.<\/p>\n<p><strong>Conclusion<\/strong><\/p>\n<p>L&#039;Ifuru Island Resort Maldives propose une exp\u00e9rience de vill\u00e9giature de luxe sans pr\u00e9c\u00e9dent, alliant une beaut\u00e9 naturelle \u00e0 couper le souffle \u00e0 des \u00e9quipements haut de gamme et \u00e0 un service exceptionnel. Que vous recherchiez l&#039;aventure, la d\u00e9tente ou les loisirs en famille, ce complexe a quelque chose \u00e0 offrir \u00e0 chacun. R\u00e9servez votre s\u00e9jour \u00e0 l&#039;Ifuru Island Resort Maldives et plongez dans le paradis tropical ultime.<\/p>\n\n\t\t<\/div>\n\t<\/div>\n<\/div><\/div><\/div><\/div><div class=\"vc_row wpb_row vc_row-fluid\"><div class=\"wpb_column vc_column_container vc_col-sm-12\"><div class=\"vc_column-inner\"><div class=\"wpb_wrapper\"><div class=\"vc_btn3-container vc_btn3-inline vc_do_btn\" ><a class=\"vc_general vc_btn3 vc_btn3-size-lg vc_btn3-shape-rounded vc_btn3-style-modern vc_btn3-color-danger\" href=\"https:\/\/lamp.glopss.com\/aff_c?offer_id=1532&#038;aff_id=1834\" title=\"\" target=\"_blank\">V\u00e9rifiez la disponibilit\u00e9 et r\u00e9servez au meilleur prix ici &gt;&gt;<\/a><\/div><\/div><\/div><\/div><\/div><div class=\"vc_row wpb_row vc_row-fluid\"><div class=\"wpb_column vc_column_container vc_col-sm-12\"><div class=\"vc_column-inner\"><div class=\"wpb_wrapper\">\n<div class=\"vc_grid-container-wrapper vc_clearfix vc_grid-animation-fadeIn\">\n\t<div class=\"vc_grid-container vc_clearfix wpb_content_element vc_basic_grid\" data-initial-loading-animation=\"fadeIn\" data-vc-grid-settings=\"{&quot;page_id&quot;:18990,&quot;style&quot;:&quot;all&quot;,&quot;action&quot;:&quot;vc_get_vc_grid_data&quot;,&quot;shortcode_id&quot;:&quot;1722006007735-dd167d48-5d75-8&quot;,&quot;tag&quot;:&quot;vc_basic_grid&quot;}\" data-vc-request=\"https:\/\/maldives-paradise.com\/wp-admin\/admin-ajax.php\" data-vc-post-id=\"18990\" data-vc-public-nonce=\"e06fd7fe14\">\n\t\t\n\t<\/div>\n<\/div><\/div><\/div><\/div><\/div>\n<\/div>","protected":false},"excerpt":{"rendered":"<div class=\"mh-excerpt\"><\/div>","protected":false},"author":1,"featured_media":18991,"parent":0,"menu_order":0,"comment_status":"closed","ping_status":"closed","template":"","meta":{"footnotes":""},"class_list":["post-18990","page","type-page","status-publish","has-post-thumbnail"],"aioseo_notices":[],"_links":{"self":[{"href":"http:\/\/maldives-paradise.com\/fr\/wp-json\/wp\/v2\/pages\/18990","targetHints":{"allow":["GET"]}}],"collection":[{"href":"http:\/\/maldives-paradise.com\/fr\/wp-json\/wp\/v2\/pages"}],"about":[{"href":"http:\/\/maldives-paradise.com\/fr\/wp-json\/wp\/v2\/types\/page"}],"author":[{"embeddable":true,"href":"http:\/\/maldives-paradise.com\/fr\/wp-json\/wp\/v2\/users\/1"}],"replies":[{"embeddable":true,"href":"http:\/\/maldives-paradise.com\/fr\/wp-json\/wp\/v2\/comments?post=18990"}],"version-history":[{"count":2,"href":"http:\/\/maldives-paradise.com\/fr\/wp-json\/wp\/v2\/pages\/18990\/revisions"}],"predecessor-version":[{"id":20082,"href":"http:\/\/maldives-paradise.com\/fr\/wp-json\/wp\/v2\/pages\/18990\/revisions\/20082"}],"wp:featuredmedia":[{"embeddable":true,"href":"http:\/\/maldives-paradise.com\/fr\/wp-json\/wp\/v2\/media\/18991"}],"wp:attachment":[{"href":"http:\/\/maldives-paradise.com\/fr\/wp-json\/wp\/v2\/media?parent=18990"}],"curies":[{"name":"wp","href":"https:\/\/api.w.org\/{rel}","templated":true}]}}