{"id":16915,"date":"2024-06-08T07:37:39","date_gmt":"2024-06-08T07:37:39","guid":{"rendered":"http:\/\/maldives-paradise.com\/?page_id=16915"},"modified":"2025-02-22T18:03:26","modified_gmt":"2025-02-22T18:03:26","slug":"meilleurs-complexes-hoteliers-de-luxe-sur-latoll-de-haa-alifu","status":"publish","type":"page","link":"http:\/\/maldives-paradise.com\/fr\/meilleurs-complexes-hoteliers-de-luxe-sur-latoll-de-haa-alifu\/","title":{"rendered":"Les meilleurs complexes de luxe \u00e0 Atoll de Haa Alifu"},"content":{"rendered":"<div class=\"wpb-content-wrapper\"><div class=\"vc_row wpb_row vc_row-fluid\"><div class=\"wpb_column vc_column_container vc_col-sm-12\"><div class=\"vc_column-inner\"><div class=\"wpb_wrapper\">\n\t<div class=\"wpb_text_column wpb_content_element\" >\n\t\t<div class=\"wpb_wrapper\">\n\t\t\t<p><strong>Atoll de Haa Alifu<\/strong>, situ\u00e9 dans la partie la plus septentrionale des Maldives, offre une escapade exquise aux voyageurs en qu\u00eate de luxe, de tranquillit\u00e9 et d&#039;une beaut\u00e9 naturelle \u00e0 couper le souffle. L&#039;atoll abrite certaines des stations baln\u00e9aires les plus luxueuses du monde, chacune offrant un m\u00e9lange unique de confort, d&#039;aventure et de service in\u00e9gal\u00e9. Voici les meilleurs complexes h\u00f4teliers de luxe de l&#039;atoll de Haa Alifu :<\/p>\n\n\t\t<\/div>\n\t<\/div>\n<\/div><\/div><\/div><\/div><div class=\"vc_row wpb_row vc_row-fluid\"><div class=\"wpb_column vc_column_container vc_col-sm-12\"><div class=\"vc_column-inner\"><div class=\"wpb_wrapper\">\n\t<div  class=\"wpb_single_image wpb_content_element vc_align_left wpb_content_element\">\n\t\t<h2 class=\"wpb_heading wpb_singleimage_heading\">JA Manafaru<\/h2>\n\t\t<figure class=\"wpb_wrapper vc_figure\">\n\t\t\t<div class=\"vc_single_image-wrapper   vc_box_border_grey\"><img loading=\"lazy\" decoding=\"async\" width=\"791\" height=\"480\" src=\"https:\/\/maldives-paradise.com\/wp-content\/uploads\/2024\/06\/JA-Manafaru3.jpg\" class=\"vc_single_image-img attachment-large\" alt=\"JA Manafaru\" title=\"JA-Manafaru3\" srcset=\"https:\/\/maldives-paradise.com\/wp-content\/uploads\/2024\/06\/JA-Manafaru3.jpg 791w, https:\/\/maldives-paradise.com\/wp-content\/uploads\/2024\/06\/JA-Manafaru3-300x182.jpg 300w, https:\/\/maldives-paradise.com\/wp-content\/uploads\/2024\/06\/JA-Manafaru3-768x466.jpg 768w, https:\/\/maldives-paradise.com\/wp-content\/uploads\/2024\/06\/JA-Manafaru3-18x12.jpg 18w, https:\/\/maldives-paradise.com\/wp-content\/uploads\/2024\/06\/JA-Manafaru3-500x303.jpg 500w\" sizes=\"auto, (max-width: 791px) 100vw, 791px\" \/><\/div>\n\t\t<\/figure>\n\t<\/div>\n<\/div><\/div><\/div><\/div><div class=\"vc_row wpb_row vc_row-fluid\"><div class=\"wpb_column vc_column_container vc_col-sm-12\"><div class=\"vc_column-inner\"><div class=\"wpb_wrapper\">\n\t<div class=\"wpb_text_column wpb_content_element\" >\n\t\t<div class=\"wpb_wrapper\">\n\t\t\t<h4><a href=\"http:\/\/maldives-paradise.com\/fr\/ja-manafaru-maldives\/\">JA Manafaru<\/a><\/h4>\n<p>Situ\u00e9 sur une \u00eele priv\u00e9e de l&#039;atoll de Haa Alifu, JA Manafaru est un havre de luxe et de s\u00e9r\u00e9nit\u00e9. Le complexe propose des villas sur pilotis, des bungalows sur la plage et des suites avec piscine priv\u00e9e. Les clients peuvent s&#039;adonner \u00e0 une vari\u00e9t\u00e9 de sports nautiques, d\u00eener dans plusieurs restaurants de classe mondiale et se d\u00e9tendre dans le spa prim\u00e9 Calm.<\/p>\n\n\t\t<\/div>\n\t<\/div>\n<\/div><\/div><\/div><\/div><div class=\"vc_row wpb_row vc_row-fluid\"><div class=\"wpb_column vc_column_container vc_col-sm-12\"><div class=\"vc_column-inner\"><div class=\"wpb_wrapper\">\n\t<div  class=\"wpb_single_image wpb_content_element vc_align_left wpb_content_element\">\n\t\t<h2 class=\"wpb_heading wpb_singleimage_heading\">Hideaway Beach Resort &amp; Spa<\/h2>\n\t\t<figure class=\"wpb_wrapper vc_figure\">\n\t\t\t<div class=\"vc_single_image-wrapper   vc_box_border_grey\"><img loading=\"lazy\" decoding=\"async\" width=\"780\" height=\"454\" src=\"https:\/\/maldives-paradise.com\/wp-content\/uploads\/2024\/06\/Hideaway-Beach-Resort-Spa.jpg\" class=\"vc_single_image-img attachment-large\" alt=\"Hideaway Beach Resort &amp; Spa\" title=\"Complexe h\u00f4telier et spa en bord de mer\" srcset=\"https:\/\/maldives-paradise.com\/wp-content\/uploads\/2024\/06\/Hideaway-Beach-Resort-Spa.jpg 780w, https:\/\/maldives-paradise.com\/wp-content\/uploads\/2024\/06\/Hideaway-Beach-Resort-Spa-300x175.jpg 300w, https:\/\/maldives-paradise.com\/wp-content\/uploads\/2024\/06\/Hideaway-Beach-Resort-Spa-768x447.jpg 768w, https:\/\/maldives-paradise.com\/wp-content\/uploads\/2024\/06\/Hideaway-Beach-Resort-Spa-18x10.jpg 18w, https:\/\/maldives-paradise.com\/wp-content\/uploads\/2024\/06\/Hideaway-Beach-Resort-Spa-500x291.jpg 500w\" sizes=\"auto, (max-width: 780px) 100vw, 780px\" \/><\/div>\n\t\t<\/figure>\n\t<\/div>\n<\/div><\/div><\/div><\/div><div class=\"vc_row wpb_row vc_row-fluid\"><div class=\"wpb_column vc_column_container vc_col-sm-12\"><div class=\"vc_column-inner\"><div class=\"wpb_wrapper\">\n\t<div class=\"wpb_text_column wpb_content_element\" >\n\t\t<div class=\"wpb_wrapper\">\n\t\t\t<h4><a href=\"https:\/\/lamp.glopss.com\/aff_c?offer_id=1384&amp;aff_id=1834\" target=\"_blank\" rel=\"nofollow noopener\">Hideaway Beach Resort &amp; Spa<\/a><\/h4>\n<p>Le Hideaway Beach Resort &amp; Spa est r\u00e9put\u00e9 pour son intimit\u00e9 et son espace et poss\u00e8de l&#039;une des plus grandes tailles de villas des Maldives. Le complexe propose 103 villas, chacune avec un acc\u00e8s \u00e0 une plage priv\u00e9e ou au lagon. Ses diverses options de restauration, son spa de classe mondiale et ses excellents sites de plong\u00e9e en font un choix de premier ordre pour les clients exigeants.<\/p>\n\n\t\t<\/div>\n\t<\/div>\n<\/div><\/div><\/div><\/div><div class=\"vc_row wpb_row vc_row-fluid\"><div class=\"wpb_column vc_column_container vc_col-sm-12\"><div class=\"vc_column-inner\"><div class=\"wpb_wrapper\">\n\t<div class=\"wpb_text_column wpb_content_element\" >\n\t\t<div class=\"wpb_wrapper\">\n\t\t\t<p>Chacun de ces complexes h\u00f4teliers de l&#039;atoll de Haa Alifu offre un coin de paradis unique, garantissant aux visiteurs une exp\u00e9rience ultime en mati\u00e8re de luxe, de confort et de beaut\u00e9 naturelle. Que vous recherchiez une escapade romantique, des vacances en famille ou des vacances pleines d&#039;aventures, ces complexes offrent le cadre id\u00e9al pour une exp\u00e9rience inoubliable aux Maldives.<\/p>\n\n\t\t<\/div>\n\t<\/div>\n<\/div><\/div><\/div><\/div>\n<\/div>","protected":false},"excerpt":{"rendered":"<div class=\"mh-excerpt\"><\/div>","protected":false},"author":1,"featured_media":16916,"parent":0,"menu_order":0,"comment_status":"closed","ping_status":"closed","template":"","meta":{"footnotes":""},"class_list":["post-16915","page","type-page","status-publish","has-post-thumbnail"],"aioseo_notices":[],"_links":{"self":[{"href":"http:\/\/maldives-paradise.com\/fr\/wp-json\/wp\/v2\/pages\/16915","targetHints":{"allow":["GET"]}}],"collection":[{"href":"http:\/\/maldives-paradise.com\/fr\/wp-json\/wp\/v2\/pages"}],"about":[{"href":"http:\/\/maldives-paradise.com\/fr\/wp-json\/wp\/v2\/types\/page"}],"author":[{"embeddable":true,"href":"http:\/\/maldives-paradise.com\/fr\/wp-json\/wp\/v2\/users\/1"}],"replies":[{"embeddable":true,"href":"http:\/\/maldives-paradise.com\/fr\/wp-json\/wp\/v2\/comments?post=16915"}],"version-history":[{"count":1,"href":"http:\/\/maldives-paradise.com\/fr\/wp-json\/wp\/v2\/pages\/16915\/revisions"}],"predecessor-version":[{"id":16919,"href":"http:\/\/maldives-paradise.com\/fr\/wp-json\/wp\/v2\/pages\/16915\/revisions\/16919"}],"wp:featuredmedia":[{"embeddable":true,"href":"http:\/\/maldives-paradise.com\/fr\/wp-json\/wp\/v2\/media\/16916"}],"wp:attachment":[{"href":"http:\/\/maldives-paradise.com\/fr\/wp-json\/wp\/v2\/media?parent=16915"}],"curies":[{"name":"wp","href":"https:\/\/api.w.org\/{rel}","templated":true}]}}