{"id":16730,"date":"2024-06-05T13:39:26","date_gmt":"2024-06-05T13:39:26","guid":{"rendered":"http:\/\/maldives-paradise.com\/?page_id=16730"},"modified":"2025-02-22T18:12:03","modified_gmt":"2025-02-22T18:12:03","slug":"meilleurs-complexes-hoteliers-de-luxe-dans-latoll-de-male-sud","status":"publish","type":"page","link":"http:\/\/maldives-paradise.com\/fr\/meilleurs-complexes-hoteliers-de-luxe-dans-latoll-de-male-sud\/","title":{"rendered":"Les meilleurs complexes de luxe \u00e0 Atoll de Mal\u00e9 Sud"},"content":{"rendered":"<div class=\"wpb-content-wrapper\"><div class=\"vc_row wpb_row vc_row-fluid\"><div class=\"wpb_column vc_column_container vc_col-sm-12\"><div class=\"vc_column-inner\"><div class=\"wpb_wrapper\">\n\t<div class=\"wpb_text_column wpb_content_element\" >\n\t\t<div class=\"wpb_wrapper\">\n\t\t\t<p>Les Maldives, un paradis tropical connu pour ses superbes bungalows sur pilotis, ses plages immacul\u00e9es et sa vie marine anim\u00e9e, sont une destination de choix pour les voyageurs de luxe. <strong>Atoll de Mal\u00e9 Sud<\/strong>, en particulier, propose un \u00e9ventail de complexes h\u00f4teliers haut de gamme qui s&#039;adressent \u00e0 ceux qui recherchent le summum de la d\u00e9tente et du plaisir. Ici, nous explorons les meilleurs complexes h\u00f4teliers de luxe de l&#039;atoll de Mal\u00e9 Sud, chacun connu pour ses caract\u00e9ristiques uniques et son service exceptionnel.<\/p>\n\n\t\t<\/div>\n\t<\/div>\n<\/div><\/div><\/div><\/div><div class=\"vc_row wpb_row vc_row-fluid\"><div class=\"wpb_column vc_column_container vc_col-sm-12\"><div class=\"vc_column-inner\"><div class=\"wpb_wrapper\">\n\t<div  class=\"wpb_single_image wpb_content_element vc_align_left wpb_content_element\">\n\t\t<h2 class=\"wpb_heading wpb_singleimage_heading\">Anantara Veli Maldives Resort<\/h2>\n\t\t<figure class=\"wpb_wrapper vc_figure\">\n\t\t\t<div class=\"vc_single_image-wrapper   vc_box_border_grey\"><img loading=\"lazy\" decoding=\"async\" width=\"780\" height=\"520\" src=\"https:\/\/maldives-paradise.com\/wp-content\/uploads\/2024\/06\/anatara-veli3.jpg\" class=\"vc_single_image-img attachment-large\" alt=\"Anantara Veli Maldives Resort\" title=\"anatara-veli3\" srcset=\"https:\/\/maldives-paradise.com\/wp-content\/uploads\/2024\/06\/anatara-veli3.jpg 780w, https:\/\/maldives-paradise.com\/wp-content\/uploads\/2024\/06\/anatara-veli3-300x200.jpg 300w, https:\/\/maldives-paradise.com\/wp-content\/uploads\/2024\/06\/anatara-veli3-768x512.jpg 768w, https:\/\/maldives-paradise.com\/wp-content\/uploads\/2024\/06\/anatara-veli3-18x12.jpg 18w, https:\/\/maldives-paradise.com\/wp-content\/uploads\/2024\/06\/anatara-veli3-500x333.jpg 500w\" sizes=\"auto, (max-width: 780px) 100vw, 780px\" \/><\/div>\n\t\t<\/figure>\n\t<\/div>\n<\/div><\/div><\/div><\/div><div class=\"vc_row wpb_row vc_row-fluid\"><div class=\"wpb_column vc_column_container vc_col-sm-12\"><div class=\"vc_column-inner\"><div class=\"wpb_wrapper\">\n\t<div class=\"wpb_text_column wpb_content_element\" >\n\t\t<div class=\"wpb_wrapper\">\n\t\t\t<h4><a href=\"http:\/\/maldives-paradise.com\/fr\/anantara-veli-resort-et-spa\/\">Anantara Veli Maldives Resort<\/a><\/h4>\n<p>L&#039;Anantara Veli Maldives Resort est un sanctuaire r\u00e9serv\u00e9 aux adultes qui promet tranquillit\u00e9 et romantisme. Le complexe dispose de 67 bungalows sur pilotis et sur l&#039;oc\u00e9an, tous \u00e9l\u00e9gamment con\u00e7us avec des \u00e9quipements modernes et des touches traditionnelles. Les clients peuvent se r\u00e9galer d&#039;une cuisine raffin\u00e9e au restaurant tha\u00eflandais Baan Huraa ou savourer la cuisine fusion \u00e0 l&#039;Origami. Le Balance Wellness by Anantara propose une gamme de soins et de programmes de bien-\u00eatre, ce qui en fait un refuge parfait pour les couples.<\/p>\n\n\t\t<\/div>\n\t<\/div>\n<\/div><\/div><\/div><\/div><div class=\"vc_row wpb_row vc_row-fluid\"><div class=\"wpb_column vc_column_container vc_col-sm-12\"><div class=\"vc_column-inner\"><div class=\"wpb_wrapper\">\n\t<div  class=\"wpb_single_image wpb_content_element vc_align_left wpb_content_element\">\n\t\t<h2 class=\"wpb_heading wpb_singleimage_heading\">\u00cele priv\u00e9e de Naladhu aux Maldives<\/h2>\n\t\t<figure class=\"wpb_wrapper vc_figure\">\n\t\t\t<div class=\"vc_single_image-wrapper   vc_box_border_grey\"><img loading=\"lazy\" decoding=\"async\" width=\"780\" height=\"393\" src=\"https:\/\/maldives-paradise.com\/wp-content\/uploads\/2024\/06\/naladhu-private-island-maldives-14.jpg\" class=\"vc_single_image-img attachment-large\" alt=\"\u00cele priv\u00e9e de Naladhu aux Maldives\" title=\"naladhu-ile-privee-maldives-14\" srcset=\"https:\/\/maldives-paradise.com\/wp-content\/uploads\/2024\/06\/naladhu-private-island-maldives-14.jpg 780w, https:\/\/maldives-paradise.com\/wp-content\/uploads\/2024\/06\/naladhu-private-island-maldives-14-300x151.jpg 300w, https:\/\/maldives-paradise.com\/wp-content\/uploads\/2024\/06\/naladhu-private-island-maldives-14-768x387.jpg 768w, https:\/\/maldives-paradise.com\/wp-content\/uploads\/2024\/06\/naladhu-private-island-maldives-14-18x9.jpg 18w, https:\/\/maldives-paradise.com\/wp-content\/uploads\/2024\/06\/naladhu-private-island-maldives-14-500x252.jpg 500w\" sizes=\"auto, (max-width: 780px) 100vw, 780px\" \/><\/div>\n\t\t<\/figure>\n\t<\/div>\n<\/div><\/div><\/div><\/div><div class=\"vc_row wpb_row vc_row-fluid\"><div class=\"wpb_column vc_column_container vc_col-sm-12\"><div class=\"vc_column-inner\"><div class=\"wpb_wrapper\">\n\t<div class=\"wpb_text_column wpb_content_element\" >\n\t\t<div class=\"wpb_wrapper\">\n\t\t\t<h4><a href=\"http:\/\/maldives-paradise.com\/fr\/ile-privee-de-naladhu\/\">\u00cele priv\u00e9e de Naladhu aux Maldives<\/a><\/h4>\n<p>Le Naladhu Private Island Maldives propose une escapade exclusive et intime avec seulement 20 maisons, chacune dot\u00e9e d&#039;une piscine priv\u00e9e et d&#039;un acc\u00e8s direct \u00e0 la plage. Le complexe est fier de son service personnalis\u00e9, chaque maison \u00e9tant dot\u00e9e d&#039;un majordome d\u00e9di\u00e9. Le restaurant Living Room propose des exp\u00e9riences gastronomiques, tandis que le spa propose des soins sur mesure. L&#039;isolement de l&#039;\u00eele et ses \u00e9quipements luxueux en font le lieu id\u00e9al pour une escapade romantique dans l&#039;atoll de Mal\u00e9 Sud.<\/p>\n\n\t\t<\/div>\n\t<\/div>\n<\/div><\/div><\/div><\/div><div class=\"vc_row wpb_row vc_row-fluid\"><div class=\"wpb_column vc_column_container vc_col-sm-12\"><div class=\"vc_column-inner\"><div class=\"wpb_wrapper\">\n\t<div  class=\"wpb_single_image wpb_content_element vc_align_left wpb_content_element\">\n\t\t<h2 class=\"wpb_heading wpb_singleimage_heading\">Velassaru Maldives<\/h2>\n\t\t<figure class=\"wpb_wrapper vc_figure\">\n\t\t\t<div class=\"vc_single_image-wrapper   vc_box_border_grey\"><img loading=\"lazy\" decoding=\"async\" width=\"780\" height=\"519\" src=\"https:\/\/maldives-paradise.com\/wp-content\/uploads\/2024\/06\/velassaru-maldives_3.jpg\" class=\"vc_single_image-img attachment-large\" alt=\"Velassaru Maldives\" title=\"velassaru-maldives_3\" srcset=\"https:\/\/maldives-paradise.com\/wp-content\/uploads\/2024\/06\/velassaru-maldives_3.jpg 780w, https:\/\/maldives-paradise.com\/wp-content\/uploads\/2024\/06\/velassaru-maldives_3-300x200.jpg 300w, https:\/\/maldives-paradise.com\/wp-content\/uploads\/2024\/06\/velassaru-maldives_3-768x511.jpg 768w, https:\/\/maldives-paradise.com\/wp-content\/uploads\/2024\/06\/velassaru-maldives_3-18x12.jpg 18w, https:\/\/maldives-paradise.com\/wp-content\/uploads\/2024\/06\/velassaru-maldives_3-500x333.jpg 500w\" sizes=\"auto, (max-width: 780px) 100vw, 780px\" \/><\/div>\n\t\t<\/figure>\n\t<\/div>\n<\/div><\/div><\/div><\/div><div class=\"vc_row wpb_row vc_row-fluid\"><div class=\"wpb_column vc_column_container vc_col-sm-12\"><div class=\"vc_column-inner\"><div class=\"wpb_wrapper\">\n\t<div class=\"wpb_text_column wpb_content_element\" >\n\t\t<div class=\"wpb_wrapper\">\n\t\t\t<h4><a href=\"http:\/\/maldives-paradise.com\/fr\/velassaru-maldives\/\">Velassaru Maldives<\/a><\/h4>\n<p>Le Velassaru Maldives allie style contemporain et beaut\u00e9 naturelle, avec ses 129 villas et bungalows en bord de mer et sur pilotis. Les cinq restaurants du complexe, dont le Sand et le Teppanyaki, proposent des d\u00e9lices culinaires vari\u00e9s. Le spa sur pilotis du Velassaru propose une vari\u00e9t\u00e9 de soins avec une vue imprenable sur l&#039;oc\u00e9an. La piscine \u00e0 d\u00e9bordement et le r\u00e9cif corallien anim\u00e9 ajoutent \u00e0 l&#039;attrait du complexe, ce qui en fait un favori parmi les voyageurs de luxe.<\/p>\n\n\t\t<\/div>\n\t<\/div>\n<\/div><\/div><\/div><\/div><div class=\"vc_row wpb_row vc_row-fluid\"><div class=\"wpb_column vc_column_container vc_col-sm-12\"><div class=\"vc_column-inner\"><div class=\"wpb_wrapper\">\n\t<div  class=\"wpb_single_image wpb_content_element vc_align_left wpb_content_element\">\n\t\t<h2 class=\"wpb_heading wpb_singleimage_heading\">Adaaran Prestige Vadoo<\/h2>\n\t\t<figure class=\"wpb_wrapper vc_figure\">\n\t\t\t<div class=\"vc_single_image-wrapper   vc_box_border_grey\"><img loading=\"lazy\" decoding=\"async\" width=\"780\" height=\"517\" src=\"https:\/\/maldives-paradise.com\/wp-content\/uploads\/2024\/06\/adaaran-prestige-vadoo_3.jpg\" class=\"vc_single_image-img attachment-large\" alt=\"Adaaran Prestige Vadoo\" title=\"Adaaran Prestige Vadoo\" srcset=\"https:\/\/maldives-paradise.com\/wp-content\/uploads\/2024\/06\/adaaran-prestige-vadoo_3.jpg 780w, https:\/\/maldives-paradise.com\/wp-content\/uploads\/2024\/06\/adaaran-prestige-vadoo_3-300x199.jpg 300w, https:\/\/maldives-paradise.com\/wp-content\/uploads\/2024\/06\/adaaran-prestige-vadoo_3-768x509.jpg 768w, https:\/\/maldives-paradise.com\/wp-content\/uploads\/2024\/06\/adaaran-prestige-vadoo_3-18x12.jpg 18w, https:\/\/maldives-paradise.com\/wp-content\/uploads\/2024\/06\/adaaran-prestige-vadoo_3-500x331.jpg 500w\" sizes=\"auto, (max-width: 780px) 100vw, 780px\" \/><\/div>\n\t\t<\/figure>\n\t<\/div>\n<\/div><\/div><\/div><\/div><div class=\"vc_row wpb_row vc_row-fluid\"><div class=\"wpb_column vc_column_container vc_col-sm-12\"><div class=\"vc_column-inner\"><div class=\"wpb_wrapper\">\n\t<div class=\"wpb_text_column wpb_content_element\" >\n\t\t<div class=\"wpb_wrapper\">\n\t\t\t<h4><a href=\"http:\/\/maldives-paradise.com\/fr\/adaaran-prestige-vadoo\/\">Adaaran Prestige Vadoo<\/a><\/h4>\n<p>L&#039;Adaaran Prestige Vadoo est r\u00e9put\u00e9 pour ses villas sur pilotis, chacune dot\u00e9e d&#039;une piscine priv\u00e9e et d&#039;un acc\u00e8s direct \u00e0 l&#039;oc\u00e9an. Les deux restaurants du complexe, Farivalhu et Kithajima, servent une cuisine internationale et japonaise exquise. Le spa Mandara propose une gamme de soins relaxants. Adaaran Prestige Vadoo, qui met l&#039;accent sur l&#039;intimit\u00e9 et le luxe, est parfait pour ceux qui recherchent une retraite isol\u00e9e dans l&#039;atoll de Mal\u00e9 Sud.<\/p>\n\n\t\t<\/div>\n\t<\/div>\n<\/div><\/div><\/div><\/div><div class=\"vc_row wpb_row vc_row-fluid\"><div class=\"wpb_column vc_column_container vc_col-sm-12\"><div class=\"vc_column-inner\"><div class=\"wpb_wrapper\">\n\t<div  class=\"wpb_single_image wpb_content_element vc_align_left wpb_content_element\">\n\t\t<h2 class=\"wpb_heading wpb_singleimage_heading\">OZEN Life Maadhoo<\/h2>\n\t\t<figure class=\"wpb_wrapper vc_figure\">\n\t\t\t<div class=\"vc_single_image-wrapper   vc_box_border_grey\"><img loading=\"lazy\" decoding=\"async\" width=\"780\" height=\"519\" src=\"https:\/\/maldives-paradise.com\/wp-content\/uploads\/2024\/06\/OZEN-LIFE-MAADHOO3.jpg\" class=\"vc_single_image-img attachment-large\" alt=\"OZEN Life Maadhoo\" title=\"OZEN-VIE-MAADHOO3\" srcset=\"https:\/\/maldives-paradise.com\/wp-content\/uploads\/2024\/06\/OZEN-LIFE-MAADHOO3.jpg 780w, https:\/\/maldives-paradise.com\/wp-content\/uploads\/2024\/06\/OZEN-LIFE-MAADHOO3-300x200.jpg 300w, https:\/\/maldives-paradise.com\/wp-content\/uploads\/2024\/06\/OZEN-LIFE-MAADHOO3-768x511.jpg 768w, https:\/\/maldives-paradise.com\/wp-content\/uploads\/2024\/06\/OZEN-LIFE-MAADHOO3-18x12.jpg 18w, https:\/\/maldives-paradise.com\/wp-content\/uploads\/2024\/06\/OZEN-LIFE-MAADHOO3-500x333.jpg 500w\" sizes=\"auto, (max-width: 780px) 100vw, 780px\" \/><\/div>\n\t\t<\/figure>\n\t<\/div>\n<\/div><\/div><\/div><\/div><div class=\"vc_row wpb_row vc_row-fluid\"><div class=\"wpb_column vc_column_container vc_col-sm-12\"><div class=\"vc_column-inner\"><div class=\"wpb_wrapper\">\n\t<div class=\"wpb_text_column wpb_content_element\" >\n\t\t<div class=\"wpb_wrapper\">\n\t\t\t<h4><a href=\"http:\/\/maldives-paradise.com\/fr\/ozen-life-maadhoo\/\">OZEN Life Maadhoo<\/a><\/h4>\n<p>OZEN by Atmosphere at Maadhoo est un complexe h\u00f4telier de luxe tout compris qui propose une exp\u00e9rience sans tracas gr\u00e2ce \u00e0 son programme INDULGENCE\u2122. Les villas du complexe, sur pilotis ou en bord de mer, sont con\u00e7ues avec une \u00e9l\u00e9gance moderne. Les options de restauration comprennent le M6m, un restaurant sous-marin, et The Palms, qui propose une cuisine internationale. Le spa et complexe de bien-\u00eatre ELENA propose des soins holistiques, pour que les clients repartent revigor\u00e9s.<\/p>\n\n\t\t<\/div>\n\t<\/div>\n<\/div><\/div><\/div><\/div><div class=\"vc_row wpb_row vc_row-fluid\"><div class=\"wpb_column vc_column_container vc_col-sm-12\"><div class=\"vc_column-inner\"><div class=\"wpb_wrapper\">\n\t<div  class=\"wpb_single_image wpb_content_element vc_align_left wpb_content_element\">\n\t\t<h2 class=\"wpb_heading wpb_singleimage_heading\">COMO \u00cele Cacao<\/h2>\n\t\t<figure class=\"wpb_wrapper vc_figure\">\n\t\t\t<div class=\"vc_single_image-wrapper   vc_box_border_grey\"><img loading=\"lazy\" decoding=\"async\" width=\"780\" height=\"438\" src=\"https:\/\/maldives-paradise.com\/wp-content\/uploads\/2024\/06\/como-cocoa-island3.jpg\" class=\"vc_single_image-img attachment-large\" alt=\"COMO \u00cele Cacao\" title=\"como-cacao-island3\" srcset=\"https:\/\/maldives-paradise.com\/wp-content\/uploads\/2024\/06\/como-cocoa-island3.jpg 780w, https:\/\/maldives-paradise.com\/wp-content\/uploads\/2024\/06\/como-cocoa-island3-300x168.jpg 300w, https:\/\/maldives-paradise.com\/wp-content\/uploads\/2024\/06\/como-cocoa-island3-768x431.jpg 768w, https:\/\/maldives-paradise.com\/wp-content\/uploads\/2024\/06\/como-cocoa-island3-18x10.jpg 18w, https:\/\/maldives-paradise.com\/wp-content\/uploads\/2024\/06\/como-cocoa-island3-678x381.jpg 678w, https:\/\/maldives-paradise.com\/wp-content\/uploads\/2024\/06\/como-cocoa-island3-500x281.jpg 500w\" sizes=\"auto, (max-width: 780px) 100vw, 780px\" \/><\/div>\n\t\t<\/figure>\n\t<\/div>\n<\/div><\/div><\/div><\/div><div class=\"vc_row wpb_row vc_row-fluid\"><div class=\"wpb_column vc_column_container vc_col-sm-12\"><div class=\"vc_column-inner\"><div class=\"wpb_wrapper\">\n\t<div class=\"wpb_text_column wpb_content_element\" >\n\t\t<div class=\"wpb_wrapper\">\n\t\t\t<h4><a href=\"http:\/\/maldives-paradise.com\/fr\/ile-du-cacao-de-come\/\">COMO \u00cele Cacao<\/a><\/h4>\n<p>Le COMO Cocoa Island se distingue par ses suites sur pilotis inspir\u00e9es des dhonis, qui rappellent les bateaux traditionnels des Maldives. Les 33 villas sur pilotis du complexe offrent une esth\u00e9tique unique et un acc\u00e8s direct au lagon de l&#039;atoll de Mal\u00e9 Sud. Le COMO Shambhala Retreat met l&#039;accent sur le bien-\u00eatre holistique avec des soins de yoga, de m\u00e9ditation et de spa. Ufaa, le restaurant du complexe, sert une cuisine nutritive d&#039;inspiration sud-indienne, ce qui en fait un havre de paix pour les voyageurs soucieux de leur sant\u00e9.<\/p>\n\n\t\t<\/div>\n\t<\/div>\n<\/div><\/div><\/div><\/div><div class=\"vc_row wpb_row vc_row-fluid\"><div class=\"wpb_column vc_column_container vc_col-sm-12\"><div class=\"vc_column-inner\"><div class=\"wpb_wrapper\">\n\t<div  class=\"wpb_single_image wpb_content_element vc_align_left wpb_content_element\">\n\t\t<h2 class=\"wpb_heading wpb_singleimage_heading\">Taj Exotica Resort &amp; Spa<\/h2>\n\t\t<figure class=\"wpb_wrapper vc_figure\">\n\t\t\t<div class=\"vc_single_image-wrapper   vc_box_border_grey\"><img loading=\"lazy\" decoding=\"async\" width=\"780\" height=\"438\" src=\"https:\/\/maldives-paradise.com\/wp-content\/uploads\/2024\/06\/taj-exotica-one-bedroom-beach-suite-with-pool.jpg\" class=\"vc_single_image-img attachment-large\" alt=\"Taj Exotica Resort &amp; Spa\" title=\"taj-exotica-suite-une-chambre-sur-la-plage-avec-piscine\" srcset=\"https:\/\/maldives-paradise.com\/wp-content\/uploads\/2024\/06\/taj-exotica-one-bedroom-beach-suite-with-pool.jpg 780w, https:\/\/maldives-paradise.com\/wp-content\/uploads\/2024\/06\/taj-exotica-one-bedroom-beach-suite-with-pool-300x168.jpg 300w, https:\/\/maldives-paradise.com\/wp-content\/uploads\/2024\/06\/taj-exotica-one-bedroom-beach-suite-with-pool-768x431.jpg 768w, https:\/\/maldives-paradise.com\/wp-content\/uploads\/2024\/06\/taj-exotica-one-bedroom-beach-suite-with-pool-18x10.jpg 18w, https:\/\/maldives-paradise.com\/wp-content\/uploads\/2024\/06\/taj-exotica-one-bedroom-beach-suite-with-pool-678x381.jpg 678w, https:\/\/maldives-paradise.com\/wp-content\/uploads\/2024\/06\/taj-exotica-one-bedroom-beach-suite-with-pool-500x281.jpg 500w\" sizes=\"auto, (max-width: 780px) 100vw, 780px\" \/><\/div>\n\t\t<\/figure>\n\t<\/div>\n<\/div><\/div><\/div><\/div><div class=\"vc_row wpb_row vc_row-fluid\"><div class=\"wpb_column vc_column_container vc_col-sm-12\"><div class=\"vc_column-inner\"><div class=\"wpb_wrapper\">\n\t<div class=\"wpb_text_column wpb_content_element\" >\n\t\t<div class=\"wpb_wrapper\">\n\t\t\t<h4><a href=\"http:\/\/maldives-paradise.com\/fr\/taj-exotiquea-resort-et-spa-maldives\/\">Taj Exotica Resort &amp; Spa<\/a><\/h4>\n<p>Le Taj Exotica Resort &amp; Spa est un luxueux \u00e9tablissement situ\u00e9 sur l&#039;\u00eele d&#039;Emboodhu Finolhu, \u00e9galement connue sous le nom d&#039;\u00eele aux trois noix de coco. Les 64 villas du complexe, dont l&#039;opulente villa pr\u00e9sidentielle, offrent une vue imprenable et une intimit\u00e9 exceptionnelle. Le spa Jiva Grande propose des soins de bien-\u00eatre d&#039;inspiration indienne, tandis que le restaurant Deep End est r\u00e9put\u00e9 pour sa cuisine gastronomique. La piscine \u00e0 d\u00e9bordement du complexe est un endroit id\u00e9al pour se d\u00e9tendre.<\/p>\n\n\t\t<\/div>\n\t<\/div>\n<\/div><\/div><\/div><\/div><div class=\"vc_row wpb_row vc_row-fluid\"><div class=\"wpb_column vc_column_container vc_col-sm-12\"><div class=\"vc_column-inner\"><div class=\"wpb_wrapper\">\n\t<div  class=\"wpb_single_image wpb_content_element vc_align_left wpb_content_element\">\n\t\t<h2 class=\"wpb_heading wpb_singleimage_heading\">Sun Siyam Olhuveli Beach &amp; Spa Maldives<\/h2>\n\t\t<figure class=\"wpb_wrapper vc_figure\">\n\t\t\t<div class=\"vc_single_image-wrapper   vc_box_border_grey\"><img loading=\"lazy\" decoding=\"async\" width=\"780\" height=\"503\" src=\"https:\/\/maldives-paradise.com\/wp-content\/uploads\/2024\/06\/sun-siyam-olhuveli3.jpg\" class=\"vc_single_image-img attachment-large\" alt=\"Sun Siyam Olhuveli Beach &amp; Spa Maldives\" title=\"soleil-siyam-olhuveli3\" srcset=\"https:\/\/maldives-paradise.com\/wp-content\/uploads\/2024\/06\/sun-siyam-olhuveli3.jpg 780w, https:\/\/maldives-paradise.com\/wp-content\/uploads\/2024\/06\/sun-siyam-olhuveli3-300x193.jpg 300w, https:\/\/maldives-paradise.com\/wp-content\/uploads\/2024\/06\/sun-siyam-olhuveli3-768x495.jpg 768w, https:\/\/maldives-paradise.com\/wp-content\/uploads\/2024\/06\/sun-siyam-olhuveli3-18x12.jpg 18w, https:\/\/maldives-paradise.com\/wp-content\/uploads\/2024\/06\/sun-siyam-olhuveli3-500x322.jpg 500w\" sizes=\"auto, (max-width: 780px) 100vw, 780px\" \/><\/div>\n\t\t<\/figure>\n\t<\/div>\n<\/div><\/div><\/div><\/div><div class=\"vc_row wpb_row vc_row-fluid\"><div class=\"wpb_column vc_column_container vc_col-sm-12\"><div class=\"vc_column-inner\"><div class=\"wpb_wrapper\">\n\t<div class=\"wpb_text_column wpb_content_element\" >\n\t\t<div class=\"wpb_wrapper\">\n\t\t\t<h4><a href=\"http:\/\/maldives-paradise.com\/fr\/sun-siyam-olhuveli\/\">Sun Siyam Olhuveli Beach &amp; Spa Maldives<\/a><\/h4>\n<p>L&#039;Olhuveli Beach &amp; Spa Maldives allie luxe et beaut\u00e9 naturelle avec ses 164 villas. Les cinq restaurants et les trois bars du complexe proposent une vari\u00e9t\u00e9 d&#039;exp\u00e9riences culinaires, allant des repas sous forme de buffet \u00e0 la cuisine raffin\u00e9e. Le Sun Spa by Esthederm propose des soins qui combinent th\u00e9rapies traditionnelles et techniques modernes. Les nombreuses installations et activit\u00e9s du complexe en font un lieu id\u00e9al pour les familles et les couples.<\/p>\n\n\t\t<\/div>\n\t<\/div>\n<\/div><\/div><\/div><\/div><div class=\"vc_row wpb_row vc_row-fluid\"><div class=\"wpb_column vc_column_container vc_col-sm-12\"><div class=\"vc_column-inner\"><div class=\"wpb_wrapper\">\n\t<div  class=\"wpb_single_image wpb_content_element vc_align_left wpb_content_element\">\n\t\t<h2 class=\"wpb_heading wpb_singleimage_heading\">SAii Lagoon Maldives, Curio Collection par Hilton<\/h2>\n\t\t<figure class=\"wpb_wrapper vc_figure\">\n\t\t\t<div class=\"vc_single_image-wrapper   vc_box_border_grey\"><img loading=\"lazy\" decoding=\"async\" width=\"780\" height=\"393\" src=\"https:\/\/maldives-paradise.com\/wp-content\/uploads\/2024\/06\/saii-lagoon-maldives-curio-collection-hilton-over-water-villa-7.jpg\" class=\"vc_single_image-img attachment-large\" alt=\"SAii Lagoon Maldives, Curio Collection par Hilton\" title=\"saii-lagoon-maldives-curio-collection-hilton-over-water-villa-7\" srcset=\"https:\/\/maldives-paradise.com\/wp-content\/uploads\/2024\/06\/saii-lagoon-maldives-curio-collection-hilton-over-water-villa-7.jpg 780w, https:\/\/maldives-paradise.com\/wp-content\/uploads\/2024\/06\/saii-lagoon-maldives-curio-collection-hilton-over-water-villa-7-300x151.jpg 300w, https:\/\/maldives-paradise.com\/wp-content\/uploads\/2024\/06\/saii-lagoon-maldives-curio-collection-hilton-over-water-villa-7-768x387.jpg 768w, https:\/\/maldives-paradise.com\/wp-content\/uploads\/2024\/06\/saii-lagoon-maldives-curio-collection-hilton-over-water-villa-7-18x9.jpg 18w, https:\/\/maldives-paradise.com\/wp-content\/uploads\/2024\/06\/saii-lagoon-maldives-curio-collection-hilton-over-water-villa-7-500x252.jpg 500w\" sizes=\"auto, (max-width: 780px) 100vw, 780px\" \/><\/div>\n\t\t<\/figure>\n\t<\/div>\n<\/div><\/div><\/div><\/div><div class=\"vc_row wpb_row vc_row-fluid\"><div class=\"wpb_column vc_column_container vc_col-sm-12\"><div class=\"vc_column-inner\"><div class=\"wpb_wrapper\">\n\t<div class=\"wpb_text_column wpb_content_element\" >\n\t\t<div class=\"wpb_wrapper\">\n\t\t\t<h4><a href=\"http:\/\/maldives-paradise.com\/fr\/collection-de-curiosites-saii-lagoon-maldives-par-hilton\/\">SAii Lagoon Maldives, Curio Collection par Hilton<\/a><\/h4>\n<p>Le SAii Lagoon Maldives propose une approche dynamique et jeune du luxe avec son design color\u00e9 et son atmosph\u00e8re anim\u00e9e dans l&#039;atoll de Mal\u00e9 Sud. Les 198 chambres et villas du complexe sont modernes et spacieuses. Les clients peuvent d\u00eener au Miss Olive Oyl et au Mr. Tomyam, qui proposent respectivement une cuisine m\u00e9diterran\u00e9enne et tha\u00eflandaise. Le spa L\u00e8n Be Well propose une gamme de soins con\u00e7us pour se d\u00e9tendre et se ressourcer.<\/p>\n\n\t\t<\/div>\n\t<\/div>\n<\/div><\/div><\/div><\/div><div class=\"vc_row wpb_row vc_row-fluid\"><div class=\"wpb_column vc_column_container vc_col-sm-12\"><div class=\"vc_column-inner\"><div class=\"wpb_wrapper\">\n\t<div  class=\"wpb_single_image wpb_content_element vc_align_left wpb_content_element\">\n\t\t<h2 class=\"wpb_heading wpb_singleimage_heading\">H\u00f4tel Hard Rock Maldives<\/h2>\n\t\t<figure class=\"wpb_wrapper vc_figure\">\n\t\t\t<div class=\"vc_single_image-wrapper   vc_box_border_grey\"><img loading=\"lazy\" decoding=\"async\" width=\"780\" height=\"520\" src=\"https:\/\/maldives-paradise.com\/wp-content\/uploads\/2024\/06\/hard-rock-hotel-maldives3.jpg\" class=\"vc_single_image-img attachment-large\" alt=\"H\u00f4tel Hard Rock Maldives\" title=\"h\u00f4tel hard rock maldives3\" srcset=\"https:\/\/maldives-paradise.com\/wp-content\/uploads\/2024\/06\/hard-rock-hotel-maldives3.jpg 780w, https:\/\/maldives-paradise.com\/wp-content\/uploads\/2024\/06\/hard-rock-hotel-maldives3-300x200.jpg 300w, https:\/\/maldives-paradise.com\/wp-content\/uploads\/2024\/06\/hard-rock-hotel-maldives3-768x512.jpg 768w, https:\/\/maldives-paradise.com\/wp-content\/uploads\/2024\/06\/hard-rock-hotel-maldives3-18x12.jpg 18w, https:\/\/maldives-paradise.com\/wp-content\/uploads\/2024\/06\/hard-rock-hotel-maldives3-500x333.jpg 500w\" sizes=\"auto, (max-width: 780px) 100vw, 780px\" \/><\/div>\n\t\t<\/figure>\n\t<\/div>\n<\/div><\/div><\/div><\/div><div class=\"vc_row wpb_row vc_row-fluid\"><div class=\"wpb_column vc_column_container vc_col-sm-12\"><div class=\"vc_column-inner\"><div class=\"wpb_wrapper\">\n\t<div class=\"wpb_text_column wpb_content_element\" >\n\t\t<div class=\"wpb_wrapper\">\n\t\t\t<h4><a href=\"http:\/\/maldives-paradise.com\/fr\/hotel-hard-rock-maldives\/\">H\u00f4tel Hard Rock Maldives<\/a><\/h4>\n<p>Le Hard Rock Hotel Maldives allie luxe et style rock&#039;n&#039;roll. Les 178 chambres, suites et villas du complexe sont con\u00e7ues avec une d\u00e9coration inspir\u00e9e de la musique. Les options de restauration comprennent le Hard Rock Cafe, le Sessions et The Elephant and The Butterfly, qui proposent un m\u00e9lange de cuisine internationale et latino-am\u00e9ricaine. Le Rock Spa propose une approche unique du bien-\u00eatre avec des soins rythm\u00e9s et musicaux.<\/p>\n<p>En conclusion, l&#039;atoll de Mal\u00e9 Sud abrite certains des complexes h\u00f4teliers les plus luxueux des Maldives, chacun offrant des exp\u00e9riences uniques et des \u00e9quipements de classe mondiale. Que vous recherchiez une escapade romantique, une retraite bien-\u00eatre ou des vacances en famille, ces complexes h\u00f4teliers offrent le cadre id\u00e9al pour un s\u00e9jour inoubliable au paradis.<\/p>\n\n\t\t<\/div>\n\t<\/div>\n<\/div><\/div><\/div><\/div>\n<\/div>","protected":false},"excerpt":{"rendered":"<div class=\"mh-excerpt\"><\/div>","protected":false},"author":1,"featured_media":16731,"parent":0,"menu_order":0,"comment_status":"closed","ping_status":"closed","template":"","meta":{"footnotes":""},"class_list":["post-16730","page","type-page","status-publish","has-post-thumbnail"],"aioseo_notices":[],"_links":{"self":[{"href":"http:\/\/maldives-paradise.com\/fr\/wp-json\/wp\/v2\/pages\/16730","targetHints":{"allow":["GET"]}}],"collection":[{"href":"http:\/\/maldives-paradise.com\/fr\/wp-json\/wp\/v2\/pages"}],"about":[{"href":"http:\/\/maldives-paradise.com\/fr\/wp-json\/wp\/v2\/types\/page"}],"author":[{"embeddable":true,"href":"http:\/\/maldives-paradise.com\/fr\/wp-json\/wp\/v2\/users\/1"}],"replies":[{"embeddable":true,"href":"http:\/\/maldives-paradise.com\/fr\/wp-json\/wp\/v2\/comments?post=16730"}],"version-history":[{"count":5,"href":"http:\/\/maldives-paradise.com\/fr\/wp-json\/wp\/v2\/pages\/16730\/revisions"}],"predecessor-version":[{"id":16747,"href":"http:\/\/maldives-paradise.com\/fr\/wp-json\/wp\/v2\/pages\/16730\/revisions\/16747"}],"wp:featuredmedia":[{"embeddable":true,"href":"http:\/\/maldives-paradise.com\/fr\/wp-json\/wp\/v2\/media\/16731"}],"wp:attachment":[{"href":"http:\/\/maldives-paradise.com\/fr\/wp-json\/wp\/v2\/media?parent=16730"}],"curies":[{"name":"wp","href":"https:\/\/api.w.org\/{rel}","templated":true}]}}