{"id":16243,"date":"2024-05-28T18:22:14","date_gmt":"2024-05-28T18:22:14","guid":{"rendered":"http:\/\/maldives-paradise.com\/?page_id=16243"},"modified":"2025-02-22T18:05:32","modified_gmt":"2025-02-22T18:05:32","slug":"meilleurs-complexes-hoteliers-de-luxe-a-latoll-de-laamu","status":"publish","type":"page","link":"http:\/\/maldives-paradise.com\/fr\/meilleurs-complexes-hoteliers-de-luxe-a-latoll-de-laamu\/","title":{"rendered":"Les meilleurs complexes de luxe \u00e0 Atoll de Laamu"},"content":{"rendered":"<div class=\"wpb-content-wrapper\"><div class=\"vc_row wpb_row vc_row-fluid\"><div class=\"wpb_column vc_column_container vc_col-sm-12\"><div class=\"vc_column-inner\"><div class=\"wpb_wrapper\">\n\t<div class=\"wpb_text_column wpb_content_element\" >\n\t\t<div class=\"wpb_wrapper\">\n\t\t\t<p>L&#039;atoll de Laamu, nich\u00e9 dans le sud des Maldives, est une mosa\u00efque \u00e9poustouflante d&#039;eaux azur scintillantes, de r\u00e9cifs coralliens vibrants et d&#039;\u00eeles tropicales intactes. Il repr\u00e9sente un refuge exclusif pour ceux qui recherchent l&#039;intimit\u00e9, un luxe in\u00e9gal\u00e9 et une v\u00e9ritable connexion avec la beaut\u00e9 sereine de la nature. Les complexes h\u00f4teliers de luxe de l&#039;atoll sont des exemples de luxe durable, combinant des pratiques respectueuses de l&#039;environnement avec des exp\u00e9riences indulgentes, garantissant que les clients profitent de l&#039;environnement vierge de mani\u00e8re responsable et luxueuse. Voici les meilleurs complexes h\u00f4teliers de luxe aux Maldives <strong>Atoll de Laamu<\/strong>, chacune offrant une tranche de paradis exceptionnelle.<\/p>\n\n\t\t<\/div>\n\t<\/div>\n<\/div><\/div><\/div><\/div><div class=\"vc_row wpb_row vc_row-fluid\"><div class=\"wpb_column vc_column_container vc_col-sm-12\"><div class=\"vc_column-inner\"><div class=\"wpb_wrapper\">\n\t<div  class=\"wpb_single_image wpb_content_element vc_align_left wpb_content_element\">\n\t\t<h2 class=\"wpb_heading wpb_singleimage_heading\">Laamu des Six Sens<\/h2>\n\t\t<figure class=\"wpb_wrapper vc_figure\">\n\t\t\t<div class=\"vc_single_image-wrapper   vc_box_border_grey\"><img loading=\"lazy\" decoding=\"async\" width=\"780\" height=\"474\" src=\"https:\/\/maldives-paradise.com\/wp-content\/uploads\/2024\/05\/six-senses-laamu.jpg\" class=\"vc_single_image-img attachment-large\" alt=\"Laamu des Six Sens\" title=\"Laamu des Six Sens\" srcset=\"https:\/\/maldives-paradise.com\/wp-content\/uploads\/2024\/05\/six-senses-laamu.jpg 780w, https:\/\/maldives-paradise.com\/wp-content\/uploads\/2024\/05\/six-senses-laamu-300x182.jpg 300w, https:\/\/maldives-paradise.com\/wp-content\/uploads\/2024\/05\/six-senses-laamu-768x467.jpg 768w, https:\/\/maldives-paradise.com\/wp-content\/uploads\/2024\/05\/six-senses-laamu-18x12.jpg 18w, https:\/\/maldives-paradise.com\/wp-content\/uploads\/2024\/05\/six-senses-laamu-500x304.jpg 500w\" sizes=\"auto, (max-width: 780px) 100vw, 780px\" \/><\/div>\n\t\t<\/figure>\n\t<\/div>\n<\/div><\/div><\/div><\/div><div class=\"vc_row wpb_row vc_row-fluid\"><div class=\"wpb_column vc_column_container vc_col-sm-12\"><div class=\"vc_column-inner\"><div class=\"wpb_wrapper\">\n\t<div class=\"wpb_text_column wpb_content_element\" >\n\t\t<div class=\"wpb_wrapper\">\n\t\t\t<h4><a href=\"http:\/\/maldives-paradise.com\/fr\/laamu-des-six-sens\/\">Laamu des Six Sens<\/a><\/h4>\n<p>Le Six Senses Laamu est l&#039;incarnation du luxe durable, situ\u00e9 \u00e0 l&#039;\u00e9cart de l&#039;atoll de Laamu. Il allie harmonieusement responsabilit\u00e9 environnementale et style de vie luxueux, proposant des villas construites \u00e0 partir de mat\u00e9riaux naturels, perch\u00e9es sur l&#039;eau ou nich\u00e9es dans une v\u00e9g\u00e9tation luxuriante. L&#039;engagement du complexe en faveur de la conservation est \u00e9vident dans ses jardins biologiques, ses programmes de conservation marine et le Earth Lab, qui met en valeur les efforts de durabilit\u00e9. Les clients peuvent se livrer \u00e0 des exp\u00e9riences culinaires de classe mondiale, \u00e0 des soins de bien-\u00eatre innovants au spa Six Senses et \u00e0 une multitude d&#039;activit\u00e9s aquatiques, tout en \u00e9tant entour\u00e9s par la beaut\u00e9 naturelle \u00e0 couper le souffle de l&#039;atoll.<\/p>\n\n\t\t<\/div>\n\t<\/div>\n<\/div><\/div><\/div><\/div><div class=\"vc_row wpb_row vc_row-fluid\"><div class=\"wpb_column vc_column_container vc_col-sm-12\"><div class=\"vc_column-inner\"><div class=\"wpb_wrapper\">\n\t<div  class=\"wpb_single_image wpb_content_element vc_align_left wpb_content_element\">\n\t\t<h2 class=\"wpb_heading wpb_singleimage_heading\">Rahaa Resort Maldives<\/h2>\n\t\t<figure class=\"wpb_wrapper vc_figure\">\n\t\t\t<div class=\"vc_single_image-wrapper   vc_box_border_grey\"><img loading=\"lazy\" decoding=\"async\" width=\"780\" height=\"519\" src=\"https:\/\/maldives-paradise.com\/wp-content\/uploads\/2024\/05\/rahaa.jpg\" class=\"vc_single_image-img attachment-large\" alt=\"Station baln\u00e9aire de Rahaa\" title=\"rahaa\" srcset=\"https:\/\/maldives-paradise.com\/wp-content\/uploads\/2024\/05\/rahaa.jpg 780w, https:\/\/maldives-paradise.com\/wp-content\/uploads\/2024\/05\/rahaa-300x200.jpg 300w, https:\/\/maldives-paradise.com\/wp-content\/uploads\/2024\/05\/rahaa-768x511.jpg 768w, https:\/\/maldives-paradise.com\/wp-content\/uploads\/2024\/05\/rahaa-18x12.jpg 18w, https:\/\/maldives-paradise.com\/wp-content\/uploads\/2024\/05\/rahaa-500x333.jpg 500w\" sizes=\"auto, (max-width: 780px) 100vw, 780px\" \/><\/div>\n\t\t<\/figure>\n\t<\/div>\n<\/div><\/div><\/div><\/div><div class=\"vc_row wpb_row vc_row-fluid\"><div class=\"wpb_column vc_column_container vc_col-sm-12\"><div class=\"vc_column-inner\"><div class=\"wpb_wrapper\">\n\t<div class=\"wpb_text_column wpb_content_element\" >\n\t\t<div class=\"wpb_wrapper\">\n\t\t\t<h4><a href=\"http:\/\/maldives-paradise.com\/fr\/rahaa-resort-aux-maldives\/\">Rahaa Resort Maldives<\/a><\/h4>\n<p>Rahaa est un complexe h\u00f4telier 4 \u00e9toiles situ\u00e9 dans l&#039;atoll de Laamu, une destination pris\u00e9e par un large \u00e9ventail de voyageurs, des jeunes mari\u00e9s aux familles, en passant par les groupes d&#039;amis et les aventuriers. Un endroit naturellement magnifique avec une v\u00e9g\u00e9tation originale, de larges \u00e9tendues de plage et un lac d&#039;eau sal\u00e9e naturel. Rahaa est accessible par un court vol int\u00e9rieur de 30 \u00e0 40 minutes suivi d&#039;un trajet rapide en hors-bord de 20 \u00e0 30 minutes. Le complexe propose deux cat\u00e9gories de villas sur terre, au design moderne minimaliste et dynamique impr\u00e9gn\u00e9 de l&#039;architecture locale des Maldives, les Lake View Villas et les Ocean View Villas. Les clients peuvent d\u00e9guster une excellente cuisine internationale et locale au restaurant principal \u00ab Kaage \u00bb et aux deux bars \u00ab Dhirun Bar \u00bb et \u00ab Ko&#039;Bar \u00bb. Tous les points de vente sont situ\u00e9s directement sur la plage avec vue sur l&#039;oc\u00e9an et le lac. Rahaa propose en outre un large \u00e9ventail d&#039;activit\u00e9s et de services, notamment la plong\u00e9e, les sports nautiques, le Kids Corner, le SPA, la salle de fitness, les excursions, le surf et bien plus encore.<\/p>\n\n\t\t<\/div>\n\t<\/div>\n<\/div><\/div><\/div><\/div><div class=\"vc_row wpb_row vc_row-fluid\"><div class=\"wpb_column vc_column_container vc_col-sm-12\"><div class=\"vc_column-inner\"><div class=\"wpb_wrapper\">\n\t<div  class=\"wpb_single_image wpb_content_element vc_align_left wpb_content_element\">\n\t\t<h2 class=\"wpb_heading wpb_singleimage_heading\">Collection Evexia Beach Laamu<\/h2>\n\t\t<figure class=\"wpb_wrapper vc_figure\">\n\t\t\t<div class=\"vc_single_image-wrapper   vc_box_border_grey\"><img loading=\"lazy\" decoding=\"async\" width=\"780\" height=\"503\" src=\"https:\/\/maldives-paradise.com\/wp-content\/uploads\/2024\/05\/evexia-residences-beach.jpg\" class=\"vc_single_image-img attachment-large\" alt=\"collection de plage Evexia Laamu\" title=\"evexia-residences-plage\" srcset=\"https:\/\/maldives-paradise.com\/wp-content\/uploads\/2024\/05\/evexia-residences-beach.jpg 780w, https:\/\/maldives-paradise.com\/wp-content\/uploads\/2024\/05\/evexia-residences-beach-300x193.jpg 300w, https:\/\/maldives-paradise.com\/wp-content\/uploads\/2024\/05\/evexia-residences-beach-768x495.jpg 768w, https:\/\/maldives-paradise.com\/wp-content\/uploads\/2024\/05\/evexia-residences-beach-18x12.jpg 18w, https:\/\/maldives-paradise.com\/wp-content\/uploads\/2024\/05\/evexia-residences-beach-500x322.jpg 500w\" sizes=\"auto, (max-width: 780px) 100vw, 780px\" \/><\/div>\n\t\t<\/figure>\n\t<\/div>\n<\/div><\/div><\/div><\/div><div class=\"vc_row wpb_row vc_row-fluid\"><div class=\"wpb_column vc_column_container vc_col-sm-12\"><div class=\"vc_column-inner\"><div class=\"wpb_wrapper\">\n\t<div class=\"wpb_text_column wpb_content_element\" >\n\t\t<div class=\"wpb_wrapper\">\n\t\t\t<h4>Collection Evexia Beach Laamu<\/h4>\n<p>Evexia Beach Collection LaamuTM est un complexe h\u00f4telier de charme \u00e9cologique de premier ordre, dot\u00e9 de vastes installations de loisirs et de bien-\u00eatre qui d\u00e9passent les attentes d&#039;un voyageur en qu\u00eate de bien-\u00eatre. Il propose trois types de chambres diff\u00e9rents, des restaurants, une longue piscine, une plage priv\u00e9e immacul\u00e9e, Ayush SpaTM, une salle de sport, une pelouse pour le yoga et la m\u00e9ditation et une boutique de souvenirs.<\/p>\n\n\t\t<\/div>\n\t<\/div>\n<\/div><\/div><\/div><\/div><div class=\"vc_row wpb_row vc_row-fluid\"><div class=\"wpb_column vc_column_container vc_col-sm-12\"><div class=\"vc_column-inner\"><div class=\"wpb_wrapper\">\n\t<div  class=\"wpb_single_image wpb_content_element vc_align_left wpb_content_element\">\n\t\t<h2 class=\"wpb_heading wpb_singleimage_heading\">Palais Amra Laamu<\/h2>\n\t\t<figure class=\"wpb_wrapper vc_figure\">\n\t\t\t<div class=\"vc_single_image-wrapper   vc_box_border_grey\"><img loading=\"lazy\" decoding=\"async\" width=\"780\" height=\"520\" src=\"https:\/\/maldives-paradise.com\/wp-content\/uploads\/2024\/05\/Amra-Palace-laamu.jpeg\" class=\"vc_single_image-img attachment-large\" alt=\"Palais Amra Laamu\" title=\"Amra-Palais-laamu\" srcset=\"https:\/\/maldives-paradise.com\/wp-content\/uploads\/2024\/05\/Amra-Palace-laamu.jpeg 780w, https:\/\/maldives-paradise.com\/wp-content\/uploads\/2024\/05\/Amra-Palace-laamu-300x200.jpeg 300w, https:\/\/maldives-paradise.com\/wp-content\/uploads\/2024\/05\/Amra-Palace-laamu-768x512.jpeg 768w, https:\/\/maldives-paradise.com\/wp-content\/uploads\/2024\/05\/Amra-Palace-laamu-18x12.jpeg 18w, https:\/\/maldives-paradise.com\/wp-content\/uploads\/2024\/05\/Amra-Palace-laamu-500x333.jpeg 500w\" sizes=\"auto, (max-width: 780px) 100vw, 780px\" \/><\/div>\n\t\t<\/figure>\n\t<\/div>\n<\/div><\/div><\/div><\/div><div class=\"vc_row wpb_row vc_row-fluid\"><div class=\"wpb_column vc_column_container vc_col-sm-12\"><div class=\"vc_column-inner\"><div class=\"wpb_wrapper\">\n\t<div class=\"wpb_text_column wpb_content_element\" >\n\t\t<div class=\"wpb_wrapper\">\n\t\t\t<h4><a href=\"https:\/\/hotellook.tp.st\/1BjYBZ1c\" target=\"_blank\" rel=\"nofollow noopener\">Palais Amra Laamu<\/a><\/h4>\n<p>Visitez l&#039;Amra Palace Laamu D\u00e9couvrez la beaut\u00e9 des Maldives authentiques, le soleil, les plages de sable blanc, les eaux cristallines et les nombreuses nuances de ciel bleu clair en s\u00e9journant \u00e0 l&#039;Amra Palace, Gan Island, Laamu Atoll, Maldives. Profitez des installations de loisirs de l&#039;h\u00f4tel, notamment terrain de badminton, bateaux, cano\u00eb, location d&#039;\u00e9quipements de sports nautiques, plong\u00e9e avec tuba, avant de vous retirer dans votre chambre pour un repos bien m\u00e9rit\u00e9. L&#039;Amra Palace allie une hospitalit\u00e9 chaleureuse \u00e0 une ambiance agr\u00e9able pour rendre votre s\u00e9jour aux Maldives inoubliable.<\/p>\n\n\t\t<\/div>\n\t<\/div>\n<\/div><\/div><\/div><\/div>\n<\/div>","protected":false},"excerpt":{"rendered":"<div class=\"mh-excerpt\"><\/div>","protected":false},"author":1,"featured_media":16244,"parent":0,"menu_order":0,"comment_status":"closed","ping_status":"closed","template":"","meta":{"footnotes":""},"class_list":["post-16243","page","type-page","status-publish","has-post-thumbnail"],"aioseo_notices":[],"_links":{"self":[{"href":"http:\/\/maldives-paradise.com\/fr\/wp-json\/wp\/v2\/pages\/16243","targetHints":{"allow":["GET"]}}],"collection":[{"href":"http:\/\/maldives-paradise.com\/fr\/wp-json\/wp\/v2\/pages"}],"about":[{"href":"http:\/\/maldives-paradise.com\/fr\/wp-json\/wp\/v2\/types\/page"}],"author":[{"embeddable":true,"href":"http:\/\/maldives-paradise.com\/fr\/wp-json\/wp\/v2\/users\/1"}],"replies":[{"embeddable":true,"href":"http:\/\/maldives-paradise.com\/fr\/wp-json\/wp\/v2\/comments?post=16243"}],"version-history":[{"count":2,"href":"http:\/\/maldives-paradise.com\/fr\/wp-json\/wp\/v2\/pages\/16243\/revisions"}],"predecessor-version":[{"id":16251,"href":"http:\/\/maldives-paradise.com\/fr\/wp-json\/wp\/v2\/pages\/16243\/revisions\/16251"}],"wp:featuredmedia":[{"embeddable":true,"href":"http:\/\/maldives-paradise.com\/fr\/wp-json\/wp\/v2\/media\/16244"}],"wp:attachment":[{"href":"http:\/\/maldives-paradise.com\/fr\/wp-json\/wp\/v2\/media?parent=16243"}],"curies":[{"name":"wp","href":"https:\/\/api.w.org\/{rel}","templated":true}]}}