{"id":15282,"date":"2024-05-12T17:28:39","date_gmt":"2024-05-12T17:28:39","guid":{"rendered":"http:\/\/maldives-paradise.com\/?page_id=15282"},"modified":"2025-11-26T09:37:10","modified_gmt":"2025-11-26T09:37:10","slug":"les-12-meilleures-stations-thermales-des-maldives","status":"publish","type":"page","link":"http:\/\/maldives-paradise.com\/fr\/les-12-meilleures-stations-thermales-des-maldives\/","title":{"rendered":"The Best Spa Resorts in Maldives"},"content":{"rendered":"<div class=\"wpb-content-wrapper\"><div class=\"vc_row wpb_row vc_row-fluid\"><div class=\"wpb_column vc_column_container vc_col-sm-12\"><div class=\"vc_column-inner\"><div class=\"wpb_wrapper\">\n\t<div class=\"wpb_text_column wpb_content_element\" >\n\t\t<div class=\"wpb_wrapper\">\n\t\t\t<p>D\u00e9couvrez les meilleurs complexes spa et bien-\u00eatre des Maldives. Les stations thermales des Maldives comptent parmi les services de spa de luxe les plus raffin\u00e9s au monde. Chaque station thermale allie les plus hauts standards de luxe et de service.<\/p>\n<p>La r\u00e9servation d&#039;un complexe spa aux Maldives offre le refuge ultime pour la d\u00e9tente et le rajeunissement. Ces complexes h\u00f4teliers sont r\u00e9put\u00e9s pour leurs installations de spa luxueuses, proposant une large gamme de soins inspir\u00e9s des pratiques de bien-\u00eatre traditionnelles et modernes. Les clients peuvent profiter de massages apaisants, de gommages corporels revigorants et de th\u00e9rapies holistiques tout en profitant d&#039;une vue imprenable sur l&#039;oc\u00e9an. L&#039;environnement serein et naturel am\u00e9liore l&#039;exp\u00e9rience globale, offrant une \u00e9vasion paisible de la vie quotidienne. Avec des programmes de bien-\u00eatre personnalis\u00e9s, des cadres tranquilles et un service de premier ordre, une station thermale aux Maldives est la destination id\u00e9ale pour ceux qui cherchent \u00e0 restaurer leur esprit, leur corps et leur esprit.<\/p>\n<p>Voici une liste des meilleures stations thermales.<\/p>\n\n\t\t<\/div>\n\t<\/div>\n<\/div><\/div><\/div><\/div><div class=\"vc_row wpb_row vc_row-fluid\"><div class=\"wpb_column vc_column_container vc_col-sm-3\"><div class=\"vc_column-inner\"><div class=\"wpb_wrapper\">\n\t<div  class=\"wpb_single_image wpb_content_element vc_align_left wpb_content_element\">\n\t\t\n\t\t<figure class=\"wpb_wrapper vc_figure\">\n\t\t\t<a href=\"https:\/\/lamp.glopss.com\/aff_c?offer_id=9&#038;aff_id=1834&#038;url=https%3A%2F%2Fwww.anantara.com%2Fen%2Fveli-maldives\" target=\"_self\" class=\"vc_single_image-wrapper   vc_box_border_grey\"><img loading=\"lazy\" decoding=\"async\" width=\"150\" height=\"150\" src=\"https:\/\/maldives-paradise.com\/wp-content\/uploads\/2024\/05\/Anantara-Veli-Maldives-Resort-spa-150x150.jpg\" class=\"vc_single_image-img attachment-thumbnail\" alt=\"Le spa de l&#039;Anantara Veli Maldives Resort\" title=\"Anantara-Veli-Maldives-Resort-spa\" \/><\/a>\n\t\t<\/figure>\n\t<\/div>\n<\/div><\/div><\/div><div class=\"wpb_column vc_column_container vc_col-sm-9\"><div class=\"vc_column-inner\"><div class=\"wpb_wrapper\">\n\t<div class=\"wpb_text_column wpb_content_element\" >\n\t\t<div class=\"wpb_wrapper\">\n\t\t\t<h4><a href=\"https:\/\/lamp.glopss.com\/SHUt\" target=\"_blank\" rel=\"nofollow noopener\">Anantara Veli Maldives Resort<\/a><\/h4>\n<p>L&#039;art de gu\u00e9rir. Trouvez la paix du corps et de l&#039;esprit gr\u00e2ce \u00e0 des techniques anciennes.<br \/>\nChez Balance Wellness by Anantara, nous vous invitons \u00e0 vous lancer dans une retraite de bien-\u00eatre holistique pour le corps et l&#039;esprit. Saluez le soleil. M\u00e9ditez devant l\u2019oc\u00e9an. Offrez-vous des th\u00e9rapies ayurv\u00e9diques apaisantes adapt\u00e9es \u00e0 vos besoins dans l&#039;une des meilleures retraites de bien-\u00eatre des Maldives.<\/p>\n\n\t\t<\/div>\n\t<\/div>\n<\/div><\/div><\/div><\/div><div class=\"vc_row wpb_row vc_row-fluid\"><div class=\"wpb_column vc_column_container vc_col-sm-3\"><div class=\"vc_column-inner\"><div class=\"wpb_wrapper\">\n\t<div  class=\"wpb_single_image wpb_content_element vc_align_left wpb_content_element\">\n\t\t\n\t\t<figure class=\"wpb_wrapper vc_figure\">\n\t\t\t<a href=\"https:\/\/lamp.glopss.com\/aff_c?offer_id=1476&#038;aff_id=1834&#038;url=https%3A%2F%2Fwww.sunsiyam.com%2Fsun-siyam-iru-fushi%2F\" target=\"_self\" class=\"vc_single_image-wrapper   vc_box_border_grey\"><img loading=\"lazy\" decoding=\"async\" width=\"150\" height=\"150\" src=\"https:\/\/maldives-paradise.com\/wp-content\/uploads\/2024\/05\/spa-sun-siyam-maldives-iru-fushi-150x150.jpg\" class=\"vc_single_image-img attachment-thumbnail\" alt=\"\" title=\"spa-soleil-siyam-maldives-iru-fushi\" \/><\/a>\n\t\t<\/figure>\n\t<\/div>\n<\/div><\/div><\/div><div class=\"wpb_column vc_column_container vc_col-sm-9\"><div class=\"vc_column-inner\"><div class=\"wpb_wrapper\">\n\t<div class=\"wpb_text_column wpb_content_element\" >\n\t\t<div class=\"wpb_wrapper\">\n\t\t\t<h4><a href=\"https:\/\/lamp.glopss.com\/SHUw\" target=\"_blank\" rel=\"nofollow noopener\">Sun Siyam Iru Fushi<\/a><\/h4>\n<p>Entrez dans notre spa prim\u00e9 The Spa by Thalgo France. Et repartez d\u00e9tendu, rafra\u00eechi et reconnect\u00e9. Des soins exclusifs sont propos\u00e9s dans les 20 salles du spa, ainsi que dans les piscines d&#039;hydroth\u00e9rapie, les hammams et les saunas. Pour des consultations sur mesure, r\u00e9servez une s\u00e9ance de yoga individuelle avec m\u00e9ditation guid\u00e9e, ou embarquez pour un voyage de toute une vie vers le bien-\u00eatre avec des conseils.<\/p>\n\n\t\t<\/div>\n\t<\/div>\n<\/div><\/div><\/div><\/div><div class=\"vc_row wpb_row vc_row-fluid\"><div class=\"wpb_column vc_column_container vc_col-sm-3\"><div class=\"vc_column-inner\"><div class=\"wpb_wrapper\">\n\t<div  class=\"wpb_single_image wpb_content_element vc_align_left wpb_content_element\">\n\t\t\n\t\t<figure class=\"wpb_wrapper vc_figure\">\n\t\t\t<a href=\"https:\/\/lamp.glopss.com\/aff_c?offer_id=1062&#038;aff_id=1834&#038;url=https%3A%2F%2Fwww.coloursofoblu.com%2Foblu-select-lobigili\" target=\"_self\" class=\"vc_single_image-wrapper   vc_box_border_grey\"><img loading=\"lazy\" decoding=\"async\" width=\"150\" height=\"150\" src=\"https:\/\/maldives-paradise.com\/wp-content\/uploads\/2024\/05\/spa-OBLU-SELECT-Lobigili-150x150.jpg\" class=\"vc_single_image-img attachment-thumbnail\" alt=\"OBLU SELECT Spa Lobigili\" title=\"spa-OBLU-SELECT-Lobigili\" \/><\/a>\n\t\t<\/figure>\n\t<\/div>\n<\/div><\/div><\/div><div class=\"wpb_column vc_column_container vc_col-sm-9\"><div class=\"vc_column-inner\"><div class=\"wpb_wrapper\">\n\t<div class=\"wpb_text_column wpb_content_element\" >\n\t\t<div class=\"wpb_wrapper\">\n\t\t\t<h4><a href=\"https:\/\/trip.tpo.lv\/dzh7lpnI\" target=\"_blank\" rel=\"nofollow noopener\">OBLU SELECT Lobigili<\/a><\/h4>\n<p>Immerg\u00e9 dans la beaut\u00e9 naturelle de l&#039;\u00eele de Lobigili, ELENA The Spa est une exp\u00e9rience spa indulgente et intime con\u00e7ue exclusivement pour les couples et les adultes. Le complexe spa tranquille comprend quatre salles de soins doubles isol\u00e9es avec un bain en couple, chacune nich\u00e9e dans un jardin tropical luxuriant. Profitez d&#039;un bain dans l&#039;une de nos baignoires ext\u00e9rieures tout en contemplant l&#039;horizon turquoise apaisant. Flottez dans la convivialit\u00e9 et le bien-\u00eatre avec l&#039;un de nos massages sp\u00e9ciaux pour couples. Chaque instant pass\u00e9 dans notre spa d\u00e9tend votre corps et \u00e9l\u00e8ve votre \u00e2me.<\/p>\n\n\t\t<\/div>\n\t<\/div>\n<\/div><\/div><\/div><\/div><div class=\"vc_row wpb_row vc_row-fluid\"><div class=\"wpb_column vc_column_container vc_col-sm-3\"><div class=\"vc_column-inner\"><div class=\"wpb_wrapper\">\n\t<div  class=\"wpb_single_image wpb_content_element vc_align_left wpb_content_element\">\n\t\t\n\t\t<figure class=\"wpb_wrapper vc_figure\">\n\t\t\t<a href=\"https:\/\/lamp.glopss.com\/aff_c?offer_id=264&#038;aff_id=1834&#038;url=https%3A%2F%2Fwww.hurawalhi.com%2F\" target=\"_self\" class=\"vc_single_image-wrapper   vc_box_border_grey\"><img loading=\"lazy\" decoding=\"async\" width=\"150\" height=\"150\" src=\"https:\/\/maldives-paradise.com\/wp-content\/uploads\/2024\/05\/hurawalhi-spa-Sulha_signature-150x150.png\" class=\"vc_single_image-img attachment-thumbnail\" alt=\"Hurawalhi Island Resort Sulha Spa\" title=\"hurawalhi-spa-Sulha_signature\" \/><\/a>\n\t\t<\/figure>\n\t<\/div>\n<\/div><\/div><\/div><div class=\"wpb_column vc_column_container vc_col-sm-9\"><div class=\"vc_column-inner\"><div class=\"wpb_wrapper\">\n\t<div class=\"wpb_text_column wpb_content_element\" >\n\t\t<div class=\"wpb_wrapper\">\n\t\t\t<h4><a href=\"https:\/\/hotellook.tp.st\/6FluoLuO\" target=\"_blank\" rel=\"nofollow noopener\">H\u00f4tel Hurawalhi Island<\/a><\/h4>\n<p>Envie de d\u00e9tente profonde et de paix ? R\u00e9veillez votre corps et votre esprit dans l&#039;oasis de d\u00e9tente, de beaut\u00e9 et de bien-\u00eatre de Hurawalhi. Visitez le spa Sulha une fois et vous d\u00e9finirez le cours de votre journ\u00e9e avec des soins centr\u00e9s sur le c\u0153ur\u00a0; cherchez r\u00e9guli\u00e8rement \u00e0 vous faire dorloter et \u00e0 vous inspirer et entrez sur le chemin d&#039;une vie joyeuse et saine pour durer toute une vie.<\/p>\n\n\t\t<\/div>\n\t<\/div>\n<\/div><\/div><\/div><\/div><div class=\"vc_row wpb_row vc_row-fluid\"><div class=\"wpb_column vc_column_container vc_col-sm-3\"><div class=\"vc_column-inner\"><div class=\"wpb_wrapper\">\n\t<div  class=\"wpb_single_image wpb_content_element vc_align_left wpb_content_element\">\n\t\t\n\t\t<figure class=\"wpb_wrapper vc_figure\">\n\t\t\t<a href=\"https:\/\/lamp.glopss.com\/aff_c?offer_id=1508&#038;aff_id=1834\" target=\"_self\" class=\"vc_single_image-wrapper   vc_box_border_grey\"><img loading=\"lazy\" decoding=\"async\" width=\"150\" height=\"150\" src=\"https:\/\/maldives-paradise.com\/wp-content\/uploads\/2024\/05\/lily-beach-spa-150x150.jpg\" class=\"vc_single_image-img attachment-thumbnail\" alt=\"Lily Beach Resort &amp; Spa\" title=\"spa-lily-beach\" \/><\/a>\n\t\t<\/figure>\n\t<\/div>\n<\/div><\/div><\/div><div class=\"wpb_column vc_column_container vc_col-sm-9\"><div class=\"vc_column-inner\"><div class=\"wpb_wrapper\">\n\t<div class=\"wpb_text_column wpb_content_element\" >\n\t\t<div class=\"wpb_wrapper\">\n\t\t\t<h4><a href=\"https:\/\/lamp.glopss.com\/aff_c?offer_id=1508&amp;aff_id=1834\" target=\"_blank\" rel=\"nofollow noopener\">Lily Beach Resort &amp; Spa<\/a><\/h4>\n<p>Le spa sur l&#039;eau Tamara du Lily Beach Resort &amp; Spa offre le changement pour les plaisirs, la d\u00e9tente et le rajeunissement dans le cadre de vos vacances aux Maldives. Lily Beach Resort &amp; Spa est le premier complexe cinq \u00e9toiles tout compris Platinum Plan aux Maldives.<\/p>\n\n\t\t<\/div>\n\t<\/div>\n<\/div><\/div><\/div><\/div><div class=\"vc_row wpb_row vc_row-fluid\"><div class=\"wpb_column vc_column_container vc_col-sm-3\"><div class=\"vc_column-inner\"><div class=\"wpb_wrapper\">\n\t<div  class=\"wpb_single_image wpb_content_element vc_align_left wpb_content_element\">\n\t\t\n\t\t<figure class=\"wpb_wrapper vc_figure\">\n\t\t\t<a href=\"http:\/\/maldives-paradise.com\/fr\/ile-de-conrad-rangali-aux-maldives\/\" target=\"_self\" class=\"vc_single_image-wrapper   vc_box_border_grey\"><img loading=\"lazy\" decoding=\"async\" width=\"150\" height=\"150\" src=\"https:\/\/maldives-paradise.com\/wp-content\/uploads\/2024\/05\/Conrad-Maldives_the-over-water-spa-150x150.jpg\" class=\"vc_single_image-img attachment-thumbnail\" alt=\"Le spa du Conrad Maldives Rangali Island\" title=\"Conrad-Maldives_le-spa-sur-eau\" \/><\/a>\n\t\t<\/figure>\n\t<\/div>\n<\/div><\/div><\/div><div class=\"wpb_column vc_column_container vc_col-sm-9\"><div class=\"vc_column-inner\"><div class=\"wpb_wrapper\">\n\t<div class=\"wpb_text_column wpb_content_element\" >\n\t\t<div class=\"wpb_wrapper\">\n\t\t\t<h4><a href=\"http:\/\/maldives-paradise.com\/fr\/ile-de-conrad-rangali-aux-maldives\/\">Conrad Maldives \u00cele Rangali<\/a><\/h4>\n<p>Situ\u00e9 \u00e0 100 m\u00e8tres de la pointe de l&#039;\u00eele de Rangali-Finolhu, le Spa Retreat offre un sanctuaire luxueux o\u00f9 tous les aspects de votre sant\u00e9 et de votre bien-\u00eatre sont abord\u00e9s \u2013 de l&#039;alimentation aux soins corporels en passant par la beaut\u00e9.<\/p>\n\n\t\t<\/div>\n\t<\/div>\n<\/div><\/div><\/div><\/div><div class=\"vc_row wpb_row vc_row-fluid\"><div class=\"wpb_column vc_column_container vc_col-sm-3\"><div class=\"vc_column-inner\"><div class=\"wpb_wrapper\">\n\t<div  class=\"wpb_single_image wpb_content_element vc_align_left wpb_content_element\">\n\t\t\n\t\t<figure class=\"wpb_wrapper vc_figure\">\n\t\t\t<a href=\"http:\/\/maldives-paradise.com\/fr\/laamu-des-six-sens\/\" target=\"_self\" class=\"vc_single_image-wrapper   vc_box_border_grey\"><img loading=\"lazy\" decoding=\"async\" width=\"150\" height=\"150\" src=\"https:\/\/maldives-paradise.com\/wp-content\/uploads\/2024\/05\/six-senses-laamu-spa-interior-150x150.jpg\" class=\"vc_single_image-img attachment-thumbnail\" alt=\"Spa Six Senses Laamu\" title=\"Six Senses Laamu Maldives Resort\" \/><\/a>\n\t\t<\/figure>\n\t<\/div>\n<\/div><\/div><\/div><div class=\"wpb_column vc_column_container vc_col-sm-9\"><div class=\"vc_column-inner\"><div class=\"wpb_wrapper\">\n\t<div class=\"wpb_text_column wpb_content_element\" >\n\t\t<div class=\"wpb_wrapper\">\n\t\t\t<h4><a href=\"http:\/\/maldives-paradise.com\/fr\/laamu-des-six-sens\/\">Laamu des Six Sens<\/a><\/h4>\n<p>Abandonnez-vous aux mains gu\u00e9risseuses de nos th\u00e9rapeutes qualifi\u00e9s gr\u00e2ce \u00e0 des traitements sp\u00e9cialis\u00e9s et des voyages individuels qui garantissent l&#039;\u00e9quilibre de vos sens et la f\u00e9licit\u00e9 de votre esprit. Notre complexe spa aux Maldives utilise des produits naturels et produits de mani\u00e8re \u00e9thique ainsi que des pratiques traditionnelles et d&#039;inspiration locale pour vous soigner de l&#039;int\u00e9rieur et de l&#039;ext\u00e9rieur.<\/p>\n\n\t\t<\/div>\n\t<\/div>\n<\/div><\/div><\/div><\/div><div class=\"vc_row wpb_row vc_row-fluid\"><div class=\"wpb_column vc_column_container vc_col-sm-3\"><div class=\"vc_column-inner\"><div class=\"wpb_wrapper\">\n\t<div  class=\"wpb_single_image wpb_content_element vc_align_left wpb_content_element\">\n\t\t\n\t\t<figure class=\"wpb_wrapper vc_figure\">\n\t\t\t<a href=\"http:\/\/maldives-paradise.com\/fr\/oneonly-reethi-rah-maldives\/\" target=\"_self\" class=\"vc_single_image-wrapper   vc_box_border_grey\"><img loading=\"lazy\" decoding=\"async\" width=\"150\" height=\"150\" src=\"https:\/\/maldives-paradise.com\/wp-content\/uploads\/2024\/05\/oneandonly-reethirah-spaandfitness-couplesspasuite-150x150.jpg\" class=\"vc_single_image-img attachment-thumbnail\" alt=\"Spa et remise en forme One &amp; Only Reethi Rah\" title=\"oneandonly-reethirah-spaandfitness-couplesspasuite\" \/><\/a>\n\t\t<\/figure>\n\t<\/div>\n<\/div><\/div><\/div><div class=\"wpb_column vc_column_container vc_col-sm-9\"><div class=\"vc_column-inner\"><div class=\"wpb_wrapper\">\n\t<div class=\"wpb_text_column wpb_content_element\" >\n\t\t<div class=\"wpb_wrapper\">\n\t\t\t<h4><a href=\"http:\/\/maldives-paradise.com\/fr\/oneonly-reethi-rah-maldives\/\">Une seule et unique Reethi Rah<\/a><\/h4>\n<p>Votre escapade spa. Sanctuaire face \u00e0 la mer pour l&#039;esprit, le corps et l&#039;\u00e2me, notre spa des Maldives se concentre sur les soins revitalisants du visage et du corps, inspir\u00e9s des traditions de beaut\u00e9 asiatiques. Nos installations de spa comprennent notre piscine de vitalit\u00e9 th\u00e9rapeutique, nos hammams en cristal et nos saunas. Commencez par une consultation dans le hall du spa \u2013 resplendissant de teintes violettes royales \u2013 avant de vous promener dans nos jardins tropicaux jusqu\u2019\u00e0 votre suite spa priv\u00e9e.<\/p>\n\n\t\t<\/div>\n\t<\/div>\n<\/div><\/div><\/div><\/div><div class=\"vc_row wpb_row vc_row-fluid\"><div class=\"wpb_column vc_column_container vc_col-sm-3\"><div class=\"vc_column-inner\"><div class=\"wpb_wrapper\">\n\t<div  class=\"wpb_single_image wpb_content_element vc_align_left wpb_content_element\">\n\t\t\n\t\t<figure class=\"wpb_wrapper vc_figure\">\n\t\t\t<a href=\"https:\/\/lamp.glopss.com\/aff_c?offer_id=1476&#038;aff_id=1834&#038;url=https%3A%2F%2Fwww.sunsiyam.com%2Fsun-siyam-iru-veli%2F\" target=\"_self\" class=\"vc_single_image-wrapper   vc_box_border_grey\"><img loading=\"lazy\" decoding=\"async\" width=\"150\" height=\"150\" src=\"https:\/\/maldives-paradise.com\/wp-content\/uploads\/2024\/05\/sun-siyam-iru-veli-spa-150x150.jpg\" class=\"vc_single_image-img attachment-thumbnail\" alt=\"Le spa du Sun Siyam Iru Veli\" title=\"sun-siyam-iru-veli-spa\" \/><\/a>\n\t\t<\/figure>\n\t<\/div>\n<\/div><\/div><\/div><div class=\"wpb_column vc_column_container vc_col-sm-9\"><div class=\"vc_column-inner\"><div class=\"wpb_wrapper\">\n\t<div class=\"wpb_text_column wpb_content_element\" >\n\t\t<div class=\"wpb_wrapper\">\n\t\t\t<h4><a href=\"https:\/\/lamp.glopss.com\/SHVC\" target=\"_blank\" rel=\"nofollow noopener\">Sun Siyam Iru Veli<\/a><\/h4>\n<p>Plongez dans de nouveaux niveaux de relaxation au son du clapotis des vagues avec des soins r\u00e9parateurs et des ingr\u00e9dients naturels au spa Sun Siyam Iru Veli. Notre spa utilise des ingr\u00e9dients naturels r\u00e9parateurs pour vous aider \u00e0 r\u00e9\u00e9quilibrer le corps et l&#039;esprit. Inspir\u00e9s des tons doux de l&#039;\u00eele, nos pavillons spa sont un cocon de calme, dot\u00e9s de lits massants doubles pour se d\u00e9tendre lors de soins \u00e0 deux. Quel que soit votre parcours de bien-\u00eatre, votre nouvelle estime de soi perdurera longtemps apr\u00e8s votre d\u00e9part.<\/p>\n\n\t\t<\/div>\n\t<\/div>\n<\/div><\/div><\/div><\/div><div class=\"vc_row wpb_row vc_row-fluid\"><div class=\"wpb_column vc_column_container vc_col-sm-3\"><div class=\"vc_column-inner\"><div class=\"wpb_wrapper\">\n\t<div  class=\"wpb_single_image wpb_content_element vc_align_left wpb_content_element\">\n\t\t\n\t\t<figure class=\"wpb_wrapper vc_figure\">\n\t\t\t<a href=\"http:\/\/maldives-paradise.com\/fr\/soneva-jani\/\" target=\"_self\" class=\"vc_single_image-wrapper   vc_box_border_grey\"><img loading=\"lazy\" decoding=\"async\" width=\"150\" height=\"150\" src=\"https:\/\/maldives-paradise.com\/wp-content\/uploads\/2024\/05\/Soneva-jani-spa-150x150.jpg\" class=\"vc_single_image-img attachment-thumbnail\" alt=\"Soneva Jani \u00c2mes spa\" title=\"Soneva-jani-spa\" \/><\/a>\n\t\t<\/figure>\n\t<\/div>\n<\/div><\/div><\/div><div class=\"wpb_column vc_column_container vc_col-sm-9\"><div class=\"vc_column-inner\"><div class=\"wpb_wrapper\">\n\t<div class=\"wpb_text_column wpb_content_element\" >\n\t\t<div class=\"wpb_wrapper\">\n\t\t\t<h4><a href=\"http:\/\/maldives-paradise.com\/fr\/soneva-jani\/\">Le Spa de Soneva Jani<\/a><\/h4>\n<p>Le complexe Island Spa sur trois niveaux de Soneva Soul \u00e0 Soneva Jani est reli\u00e9 par des passerelles sur\u00e9lev\u00e9es qui serpentent parmi les arbres. Compl\u00e9tant le spa sur pilotis existant du Gathering, il comprend des salles de soins en plein air, des salles de consultation, des salles de m\u00e9decine int\u00e9grative, une salle de sport ultramoderne et un bar \u00e0 jus. Un pavillon de yoga et une plateforme de m\u00e9ditation se trouvent au-dessus de la limite des arbres, offrant une vue \u00e0 360 degr\u00e9s sur le lagon priv\u00e9 turquoise.<\/p>\n\n\t\t<\/div>\n\t<\/div>\n<\/div><\/div><\/div><\/div><div class=\"vc_row wpb_row vc_row-fluid\"><div class=\"wpb_column vc_column_container vc_col-sm-3\"><div class=\"vc_column-inner\"><div class=\"wpb_wrapper\">\n\t<div  class=\"wpb_single_image wpb_content_element vc_align_left wpb_content_element\">\n\t\t\n\t\t<figure class=\"wpb_wrapper vc_figure\">\n\t\t\t<a href=\"http:\/\/maldives-paradise.com\/fr\/quatre-saisons-maldives-kuda-huraa\/\" target=\"_self\" class=\"vc_single_image-wrapper   vc_box_border_grey\"><img loading=\"lazy\" decoding=\"async\" width=\"150\" height=\"150\" src=\"https:\/\/maldives-paradise.com\/wp-content\/uploads\/2024\/05\/four-seasons-spa-150x150.jpg\" class=\"vc_single_image-img attachment-thumbnail\" alt=\"Le spa du Four Seasons Kuda Huraa\" title=\"spa-quatre-saisons\" \/><\/a>\n\t\t<\/figure>\n\t<\/div>\n<\/div><\/div><\/div><div class=\"wpb_column vc_column_container vc_col-sm-9\"><div class=\"vc_column-inner\"><div class=\"wpb_wrapper\">\n\t<div class=\"wpb_text_column wpb_content_element\" >\n\t\t<div class=\"wpb_wrapper\">\n\t\t\t<h4><a href=\"http:\/\/maldives-paradise.com\/fr\/quatre-saisons-maldives-kuda-huraa\/\">Spa Four Seasons Kuda Huraa<\/a><\/h4>\n<p>Le sanctuaire Island Spa est un spa de luxe aux Maldives. Naviguez \u00e0 travers le bleu, entrez dans le vert et impr\u00e9gnez-vous des blancs \u00e9th\u00e9r\u00e9s d&#039;un havre de paix et de puret\u00e9, o\u00f9 les d\u00e9tails architecturaux et les lignes g\u00e9om\u00e9triques dansent avec la lumi\u00e8re et contrastent avec le flux de forme libre de la nature environnante. Suivez le chemin jusqu&#039;au studio de yoga ou \u00e0 la suite sur pilotis pour des soins inspir\u00e9s de l&#039;oc\u00e9an et vivez une v\u00e9ritable d\u00e9tente aux Maldives.<\/p>\n\n\t\t<\/div>\n\t<\/div>\n<\/div><\/div><\/div><\/div><div class=\"vc_row wpb_row vc_row-fluid\"><div class=\"wpb_column vc_column_container vc_col-sm-3\"><div class=\"vc_column-inner\"><div class=\"wpb_wrapper\">\n\t<div  class=\"wpb_single_image wpb_content_element vc_align_left wpb_content_element\">\n\t\t\n\t\t<figure class=\"wpb_wrapper vc_figure\">\n\t\t\t<a href=\"http:\/\/maldives-paradise.com\/fr\/ile-privee-de-velaa-aux-maldives\/\" target=\"_self\" class=\"vc_single_image-wrapper   vc_box_border_grey\"><img loading=\"lazy\" decoding=\"async\" width=\"150\" height=\"150\" src=\"https:\/\/maldives-paradise.com\/wp-content\/uploads\/2024\/05\/velaa-spa-snow-room-150x150.jpg\" class=\"vc_single_image-img attachment-thumbnail\" alt=\"Le spa de Velaa Private Island Maldives\" title=\"velaa-spa-snow-room\" \/><\/a>\n\t\t<\/figure>\n\t<\/div>\n<\/div><\/div><\/div><div class=\"wpb_column vc_column_container vc_col-sm-9\"><div class=\"vc_column-inner\"><div class=\"wpb_wrapper\">\n\t<div class=\"wpb_text_column wpb_content_element\" >\n\t\t<div class=\"wpb_wrapper\">\n\t\t\t<h4><a href=\"http:\/\/maldives-paradise.com\/fr\/ile-privee-de-velaa-aux-maldives\/\">Spa de l&#039;\u00eele priv\u00e9e Velaa aux Maldives<\/a><\/h4>\n<p>La mer sereine abrite un havre de paix compos\u00e9 de villas de soins priv\u00e9es et d&#039;un grand espace spa o\u00f9 le temps s&#039;\u00e9coule au rythme doux des vagues. Au Velaa Spa, la vie retrouve son \u00e9quilibre. Rafra\u00eechissez-vous dans la seule salle de neige des Maldives ou d\u00e9toxifiez-vous dans la chaleur du sauna et du hammam, tout en profitant de vues turquoise infinies.<br \/>\nUne s\u00e9lection de combinaisons de soins efficaces a \u00e9t\u00e9 cr\u00e9\u00e9e pour offrir une nouvelle vision de la th\u00e9rapie de gu\u00e9rison, tout en cr\u00e9ant un \u00e9quilibre harmonieux entre les soins spa, la pleine conscience, la forme physique et la nutrition.<\/p>\n\n\t\t<\/div>\n\t<\/div>\n<\/div><\/div><\/div><\/div><div class=\"vc_row wpb_row vc_row-fluid\"><div class=\"wpb_column vc_column_container vc_col-sm-12\"><div class=\"vc_column-inner\"><div class=\"wpb_wrapper\">\n\t<div class=\"wpb_text_column wpb_content_element\" >\n\t\t<div class=\"wpb_wrapper\">\n\t\t\t<p><a href=\"https:\/\/maldives-paradise.com\/fr\/etiqueter\/spa-maldives\/\"><strong>En savoir plus sur les stations thermales aux Maldives<\/strong><\/a><\/p>\n<p><strong><a title=\"Les 12 meilleurs complexes h\u00f4teliers de luxe aux Maldives\" href=\"https:\/\/maldives-paradise.com\/fr\/les-12-meilleurs-complexes-hoteliers-de-luxe-aux-maldives\/\">Les meilleurs complexes h\u00f4teliers de luxe aux Maldives<\/a><\/strong><\/p>\n\n\t\t<\/div>\n\t<\/div>\n<\/div><\/div><\/div><\/div>\n<\/div>","protected":false},"excerpt":{"rendered":"<div class=\"mh-excerpt\"><\/div>","protected":false},"author":1,"featured_media":15283,"parent":0,"menu_order":0,"comment_status":"closed","ping_status":"closed","template":"","meta":{"footnotes":""},"class_list":["post-15282","page","type-page","status-publish","has-post-thumbnail"],"aioseo_notices":[],"_links":{"self":[{"href":"http:\/\/maldives-paradise.com\/fr\/wp-json\/wp\/v2\/pages\/15282","targetHints":{"allow":["GET"]}}],"collection":[{"href":"http:\/\/maldives-paradise.com\/fr\/wp-json\/wp\/v2\/pages"}],"about":[{"href":"http:\/\/maldives-paradise.com\/fr\/wp-json\/wp\/v2\/types\/page"}],"author":[{"embeddable":true,"href":"http:\/\/maldives-paradise.com\/fr\/wp-json\/wp\/v2\/users\/1"}],"replies":[{"embeddable":true,"href":"http:\/\/maldives-paradise.com\/fr\/wp-json\/wp\/v2\/comments?post=15282"}],"version-history":[{"count":6,"href":"http:\/\/maldives-paradise.com\/fr\/wp-json\/wp\/v2\/pages\/15282\/revisions"}],"predecessor-version":[{"id":45317,"href":"http:\/\/maldives-paradise.com\/fr\/wp-json\/wp\/v2\/pages\/15282\/revisions\/45317"}],"wp:featuredmedia":[{"embeddable":true,"href":"http:\/\/maldives-paradise.com\/fr\/wp-json\/wp\/v2\/media\/15283"}],"wp:attachment":[{"href":"http:\/\/maldives-paradise.com\/fr\/wp-json\/wp\/v2\/media?parent=15282"}],"curies":[{"name":"wp","href":"https:\/\/api.w.org\/{rel}","templated":true}]}}