{"id":14888,"date":"2024-05-05T07:32:48","date_gmt":"2024-05-05T07:32:48","guid":{"rendered":"http:\/\/maldives-paradise.com\/?page_id=14888"},"modified":"2024-05-05T07:32:48","modified_gmt":"2024-05-05T07:32:48","slug":"le-caractere-essentiel-dune-assurance-voyage-et-sante-pour-les-voyages-aux-maldives","status":"publish","type":"page","link":"http:\/\/maldives-paradise.com\/fr\/le-caractere-essentiel-dune-assurance-voyage-et-sante-pour-les-voyages-aux-maldives\/","title":{"rendered":"L\u2019essentiel de l\u2019assurance voyage et sant\u00e9 pour les voyages aux Maldives"},"content":{"rendered":"<div class=\"wpb-content-wrapper\"><div class=\"vc_row wpb_row vc_row-fluid\"><div class=\"wpb_column vc_column_container vc_col-sm-12\"><div class=\"vc_column-inner\"><div class=\"wpb_wrapper\">\n\t<div  class=\"wpb_single_image wpb_content_element vc_align_left wpb_content_element\">\n\t\t\n\t\t<figure class=\"wpb_wrapper vc_figure\">\n\t\t\t<div class=\"vc_single_image-wrapper   vc_box_border_grey\"><img decoding=\"async\" class=\"vc_single_image-img\" src=\"https:\/\/maldives-paradise.com\/wp-content\/uploads\/2024\/05\/travel-insurance.jpg\" width=\"780\" height=\"438\" alt=\"Assurance voyage Maldives\" title=\"assurance voyage\" loading=\"lazy\" \/><\/div>\n\t\t<\/figure>\n\t<\/div>\n<\/div><\/div><\/div><\/div><div class=\"vc_row wpb_row vc_row-fluid\"><div class=\"wpb_column vc_column_container vc_col-sm-12\"><div class=\"vc_column-inner\"><div class=\"wpb_wrapper\">\n\t<div class=\"wpb_text_column wpb_content_element\" >\n\t\t<div class=\"wpb_wrapper\">\n\t\t\t<p>Voyager aux Maldives est souvent consid\u00e9r\u00e9 comme un voyage vers un paradis tropical. L&#039;attrait de ses eaux cristallines, ses complexes h\u00f4teliers luxueux et la promesse d&#039;une d\u00e9tente tranquille attirent chaque ann\u00e9e d&#039;innombrables touristes. M\u00eame si l\u2019excitation d\u2019une escapade aussi exotique est ind\u00e9niable, les voyageurs malins comprennent l\u2019importance de prot\u00e9ger leur voyage avec une assurance voyage et une assurance maladie. Voici des raisons imp\u00e9rieuses pour lesquelles il est crucial de souscrire une assurance lors de la planification d\u2019une visite aux Maldives.<\/p>\n<p><strong>M\u00e9t\u00e9o impr\u00e9visible et catastrophes naturelles<\/strong><\/p>\n<p>Les Maldives connaissent deux saisons principales : la saison s\u00e8che et la saison humide. Alors que la saison s\u00e8che offre un temps magnifique, la saison des pluies peut provoquer des changements m\u00e9t\u00e9orologiques soudains et graves, notamment des temp\u00eates et de fortes pluies. De telles conditions peuvent entra\u00eener des retards de vols, des annulations et m\u00eame des fermetures inattendues de complexes h\u00f4teliers ou d\u2019attractions. L&#039;assurance voyage peut couvrir les co\u00fbts associ\u00e9s \u00e0 ces perturbations, garantissant ainsi que les voyageurs ne seront pas d\u00e9munis en raison de conditions m\u00e9t\u00e9orologiques impr\u00e9vues.<\/p>\n<p><strong>Emplacement \u00e9loign\u00e9 et transport<\/strong><\/p>\n<p>L&#039;archipel se compose d&#039;environ 1 200 \u00eeles, dont de nombreux complexes h\u00f4teliers de luxe situ\u00e9s sur leur propre \u00eele priv\u00e9e. Cet \u00e9loignement, bien que faisant partie du charme des Maldives, signifie que les d\u00e9placements impliquent g\u00e9n\u00e9ralement de petits avions ou des bateaux. L&#039;assurance voyage est ici inestimable car elle peut couvrir les co\u00fbts des correspondances manqu\u00e9es ou des retards de transport qui sont courants dans ces destinations \u00e0 forte intensit\u00e9 logistique.<\/p>\n<p><strong>Urgences sanitaires et installations m\u00e9dicales<\/strong><\/p>\n<p>Bien que la beaut\u00e9 naturelle des Maldives soit in\u00e9gal\u00e9e, la disponibilit\u00e9 d&#039;installations m\u00e9dicales compl\u00e8tes sur les \u00eeles est limit\u00e9e. La plupart des stations baln\u00e9aires disposent d&#039;installations m\u00e9dicales de base, mais de graves probl\u00e8mes de sant\u00e9 n\u00e9cessitent un transport vers la capitale Mal\u00e9, voire une \u00e9vacuation m\u00e9dicale vers un autre pays. L\u2019assurance maladie devient indispensable dans ces sc\u00e9narios. Il couvre les frais m\u00e9dicaux et garantit qu\u2019en cas de crise sanitaire, des soins de qualit\u00e9 \u00e9lev\u00e9e soient accessibles sans avoir \u00e0 supporter des co\u00fbts exorbitants.<\/p>\n<p><strong>Sports d&#039;aventure et nautiques<\/strong><\/p>\n<p>Les Maldives attirent les amateurs de plong\u00e9e, de snorkeling, de surf et d\u2019autres sports nautiques. S\u2019engager dans ces activit\u00e9s comporte cependant des risques inh\u00e9rents. Les accidents ou blessures lors de telles activit\u00e9s peuvent non seulement g\u00e2cher des vacances, mais \u00e9galement entra\u00eener des frais m\u00e9dicaux importants. De nombreuses polices d&#039;assurance voyage offrent une couverture suppl\u00e9mentaire pour les sports d&#039;aventure, offrant ainsi une tranquillit\u00e9 d&#039;esprit aux voyageurs qui profitent des exp\u00e9riences palpitantes qu&#039;offrent les Maldives.<\/p>\n<p><strong>Responsabilit\u00e9 personelle<\/strong><\/p>\n<p>Les accidents impliquant autrui, que ce soit sur un jet ski de location ou lors d&#039;une excursion en groupe, peuvent donner lieu \u00e0 des poursuites en responsabilit\u00e9. Une assurance responsabilit\u00e9 civile peut prot\u00e9ger les voyageurs contre les implications financi\u00e8res des dommages accidentels caus\u00e9s \u00e0 des tiers ou des dommages caus\u00e9s \u00e0 leurs biens.<\/p>\n<p><strong>Tranquillit\u00e9 d&#039;esprit<\/strong><\/p>\n<p>En fin de compte, l\u2019avantage primordial d\u2019avoir une assurance voyage et maladie est la tranquillit\u00e9 d\u2019esprit qu\u2019elle procure. Le fait de savoir que la plupart des \u00e9ventualit\u00e9s sont couvertes permet aux voyageurs de s&#039;immerger pleinement dans la beaut\u00e9 et la d\u00e9tente de leurs vacances aux Maldives, sans se soucier de \u00ab et si \u00bb.<\/p>\n<p>En conclusion, les assurances voyage et sant\u00e9 sont non seulement recommand\u00e9es mais indispensables pour toute personne envisageant de visiter les Maldives. L&#039;investissement dans l&#039;assurance prot\u00e8ge non seulement les aspects financiers du voyage, mais \u00e9galement la sant\u00e9 et le bien-\u00eatre des voyageurs, garantissant ainsi que des vacances de r\u00eave restent idylliques.<\/p>\n\n\t\t<\/div>\n\t<\/div>\n<\/div><\/div><\/div><\/div>\n<\/div>","protected":false},"excerpt":{"rendered":"<div class=\"mh-excerpt\"><\/div>","protected":false},"author":1,"featured_media":14889,"parent":0,"menu_order":0,"comment_status":"closed","ping_status":"closed","template":"","meta":{"footnotes":""},"class_list":["post-14888","page","type-page","status-publish","has-post-thumbnail"],"aioseo_notices":[],"_links":{"self":[{"href":"http:\/\/maldives-paradise.com\/fr\/wp-json\/wp\/v2\/pages\/14888","targetHints":{"allow":["GET"]}}],"collection":[{"href":"http:\/\/maldives-paradise.com\/fr\/wp-json\/wp\/v2\/pages"}],"about":[{"href":"http:\/\/maldives-paradise.com\/fr\/wp-json\/wp\/v2\/types\/page"}],"author":[{"embeddable":true,"href":"http:\/\/maldives-paradise.com\/fr\/wp-json\/wp\/v2\/users\/1"}],"replies":[{"embeddable":true,"href":"http:\/\/maldives-paradise.com\/fr\/wp-json\/wp\/v2\/comments?post=14888"}],"version-history":[{"count":2,"href":"http:\/\/maldives-paradise.com\/fr\/wp-json\/wp\/v2\/pages\/14888\/revisions"}],"predecessor-version":[{"id":14891,"href":"http:\/\/maldives-paradise.com\/fr\/wp-json\/wp\/v2\/pages\/14888\/revisions\/14891"}],"wp:featuredmedia":[{"embeddable":true,"href":"http:\/\/maldives-paradise.com\/fr\/wp-json\/wp\/v2\/media\/14889"}],"wp:attachment":[{"href":"http:\/\/maldives-paradise.com\/fr\/wp-json\/wp\/v2\/media?parent=14888"}],"curies":[{"name":"wp","href":"https:\/\/api.w.org\/{rel}","templated":true}]}}