{"id":14884,"date":"2024-05-04T18:09:25","date_gmt":"2024-05-04T18:09:25","guid":{"rendered":"http:\/\/maldives-paradise.com\/?page_id=14884"},"modified":"2024-09-14T08:17:34","modified_gmt":"2024-09-14T08:17:34","slug":"saisons-aux-maldives-2","status":"publish","type":"page","link":"http:\/\/maldives-paradise.com\/fr\/saisons-aux-maldives-2\/","title":{"rendered":"Saisons aux Maldives"},"content":{"rendered":"<div class=\"wpb-content-wrapper\"><div class=\"vc_row wpb_row vc_row-fluid\"><div class=\"wpb_column vc_column_container vc_col-sm-12\"><div class=\"vc_column-inner\"><div class=\"wpb_wrapper\">\n\t<div  class=\"wpb_single_image wpb_content_element vc_align_left wpb_content_element\">\n\t\t\n\t\t<figure class=\"wpb_wrapper vc_figure\">\n\t\t\t<div class=\"vc_single_image-wrapper   vc_box_border_grey\"><img decoding=\"async\" class=\"vc_single_image-img\" src=\"https:\/\/maldives-paradise.com\/wp-content\/uploads\/2024\/05\/maldives-beach.jpg\" width=\"780\" height=\"501\" alt=\"Plage des Maldives\" title=\"maldives-plage\" loading=\"lazy\" \/><\/div>\n\t\t<\/figure>\n\t<\/div>\n<\/div><\/div><\/div><\/div><div class=\"vc_row wpb_row vc_row-fluid\"><div class=\"wpb_column vc_column_container vc_col-sm-12\"><div class=\"vc_column-inner\"><div class=\"wpb_wrapper\">\n\t<div class=\"wpb_text_column wpb_content_element\" >\n\t\t<div class=\"wpb_wrapper\">\n\t\t\t<p>Les Maldives sont r\u00e9put\u00e9es pour leurs eaux cristallines \u00e0 couper le souffle, leurs r\u00e9cifs coralliens vibrants et leurs complexes h\u00f4teliers luxueux. Ce que beaucoup de visiteurs ne r\u00e9alisent peut-\u00eatre pas, c&#039;est que le climat idyllique des Maldives est ponctu\u00e9 de deux saisons distinctes : la saison s\u00e8che et la saison des pluies. Chaque saison offre un charme unique et un ensemble d&#039;activit\u00e9s adapt\u00e9es au changement climatique.<\/p>\n<p><strong>La saison s\u00e8che : un havre de paix pour les amateurs de soleil<\/strong><\/p>\n<p>La saison s\u00e8che aux Maldives s&#039;\u00e9tend de novembre \u00e0 avril et se caract\u00e9rise par une humidit\u00e9 plus faible, des pr\u00e9cipitations minimes et des journ\u00e9es ensoleill\u00e9es sans fin. Cette p\u00e9riode s&#039;aligne sur la mousson du nord-est, apportant des journ\u00e9es toujours lumineuses et parfaites pour les activit\u00e9s de plein air. Pendant cette saison, la mer reste calme et claire, ce qui la rend id\u00e9ale pour la plong\u00e9e en apn\u00e9e, la plong\u00e9e et la natation. La visibilit\u00e9 sous l&#039;eau augmente consid\u00e9rablement, permettant aux plongeurs d&#039;appr\u00e9cier pleinement la riche vie marine et les paysages coralliens.<\/p>\n<p>Les touristes affluent vers les \u00eeles pendant ces mois pour profiter du climat id\u00e9al. La saison s\u00e8che est \u00e9galement la haute saison touristique, les stations baln\u00e9aires \u00e9tant souvent les plus fr\u00e9quent\u00e9es. Pour ceux qui souhaitent profiter de l&#039;exp\u00e9rience maldivienne par excellence\u00a0: bungalows sur pilotis, bains de soleil sur des plages de sable blanc et croisi\u00e8res romantiques au coucher du soleil\u00a0- la saison s\u00e8che est la p\u00e9riode id\u00e9ale pour visiter.<\/p>\n<p><strong>La saison des pluies : une \u00e9vasion rafra\u00eechissante<\/strong><\/p>\n<p>En revanche, la saison des pluies, qui s&#039;\u00e9tend de mai \u00e0 octobre, co\u00efncide avec la mousson du sud-ouest. Cette p\u00e9riode est caract\u00e9ris\u00e9e par une humidit\u00e9 plus \u00e9lev\u00e9e, des vents plus forts et des pr\u00e9cipitations importantes, notamment en juin et juillet. M\u00eame si cela peut para\u00eetre moins attrayant, la saison des pluies apporte ses propres avantages. Les \u00eeles sont moins peupl\u00e9es et les prix de l&#039;h\u00e9bergement diminuent souvent, ce qui en fait une p\u00e9riode id\u00e9ale pour les voyageurs soucieux de leur budget.<\/p>\n<p>Les pr\u00e9cipitations pendant la saison des pluies sont g\u00e9n\u00e9ralement br\u00e8ves mais intenses, souvent suivies d&#039;ensoleillement. La v\u00e9g\u00e9tation luxuriante prosp\u00e8re par ce temps, offrant un \u00e9clat de vert vibrant qui rehausse la beaut\u00e9 naturelle des \u00eeles. De plus, la saison des pluies est id\u00e9ale pour les surfeurs, car la mousson soul\u00e8ve des vagues plus grosses et des courants plus forts, offrant ainsi d&#039;excellentes conditions pour surfer.<\/p>\n<p>Chaque saison aux Maldives offre une perspective diff\u00e9rente du paradis, r\u00e9pondant \u00e0 divers int\u00e9r\u00eats et activit\u00e9s. Qu&#039;il s&#039;agisse de profiter du soleil infini de la saison s\u00e8che ou de profiter du climat dynamique de la saison des pluies, les Maldives promettent une escapade m\u00e9morable \u00e0 tous ceux qui les visitent.<\/p>\n\n\t\t<\/div>\n\t<\/div>\n<\/div><\/div><\/div><\/div><div class=\"vc_row wpb_row vc_row-fluid\"><div class=\"wpb_column vc_column_container vc_col-sm-12\"><div class=\"vc_column-inner\"><div class=\"wpb_wrapper\">\n\t<div class=\"wpb_text_column wpb_content_element\" >\n\t\t<div class=\"wpb_wrapper\">\n\t\t\t<p><a href=\"https:\/\/www.accuweather.com\/en\/mv\/male\/5003\/september-weather\/5003\" target=\"_blank\" rel=\"noopener\"><strong>Pr\u00e9visions m\u00e9t\u00e9o pour les Maldives<\/strong><\/a><\/p>\n\n\t\t<\/div>\n\t<\/div>\n<\/div><\/div><\/div><\/div>\n<\/div>","protected":false},"excerpt":{"rendered":"<div class=\"mh-excerpt\"><\/div>","protected":false},"author":1,"featured_media":14885,"parent":0,"menu_order":0,"comment_status":"closed","ping_status":"closed","template":"","meta":{"footnotes":""},"class_list":["post-14884","page","type-page","status-publish","has-post-thumbnail"],"aioseo_notices":[],"_links":{"self":[{"href":"http:\/\/maldives-paradise.com\/fr\/wp-json\/wp\/v2\/pages\/14884","targetHints":{"allow":["GET"]}}],"collection":[{"href":"http:\/\/maldives-paradise.com\/fr\/wp-json\/wp\/v2\/pages"}],"about":[{"href":"http:\/\/maldives-paradise.com\/fr\/wp-json\/wp\/v2\/types\/page"}],"author":[{"embeddable":true,"href":"http:\/\/maldives-paradise.com\/fr\/wp-json\/wp\/v2\/users\/1"}],"replies":[{"embeddable":true,"href":"http:\/\/maldives-paradise.com\/fr\/wp-json\/wp\/v2\/comments?post=14884"}],"version-history":[{"count":3,"href":"http:\/\/maldives-paradise.com\/fr\/wp-json\/wp\/v2\/pages\/14884\/revisions"}],"predecessor-version":[{"id":24641,"href":"http:\/\/maldives-paradise.com\/fr\/wp-json\/wp\/v2\/pages\/14884\/revisions\/24641"}],"wp:featuredmedia":[{"embeddable":true,"href":"http:\/\/maldives-paradise.com\/fr\/wp-json\/wp\/v2\/media\/14885"}],"wp:attachment":[{"href":"http:\/\/maldives-paradise.com\/fr\/wp-json\/wp\/v2\/media?parent=14884"}],"curies":[{"name":"wp","href":"https:\/\/api.w.org\/{rel}","templated":true}]}}