{"id":14711,"date":"2024-04-29T16:43:33","date_gmt":"2024-04-29T16:43:33","guid":{"rendered":"http:\/\/maldives-paradise.com\/?page_id=14711"},"modified":"2025-11-26T09:34:24","modified_gmt":"2025-11-26T09:34:24","slug":"les-12-meilleurs-resorts-avec-garantie-du-meilleur-prix-aux-maldives","status":"publish","type":"page","link":"http:\/\/maldives-paradise.com\/fr\/les-12-meilleurs-resorts-avec-garantie-du-meilleur-prix-aux-maldives\/","title":{"rendered":"Les meilleurs complexes h\u00f4teliers aux Maldives avec garantie du meilleur prix"},"content":{"rendered":"<div class=\"wpb-content-wrapper\"><div class=\"vc_row wpb_row vc_row-fluid\"><div class=\"wpb_column vc_column_container vc_col-sm-12\"><div class=\"vc_column-inner\"><div class=\"wpb_wrapper\">\n\t<div class=\"wpb_text_column wpb_content_element\" >\n\t\t<div class=\"wpb_wrapper\">\n\t\t\t<p>Voici les meilleurs h\u00f4tels\/resorts des Maldives qui proposent des programmes de garantie du meilleur tarif ou garantie du meilleur prix comme on l&#039;appelle aussi, lorsque vous r\u00e9servez directement aupr\u00e8s de l&#039;h\u00f4tel. Ils garantissent qu&#039;un client de l&#039;h\u00f4tel b\u00e9n\u00e9ficie du prix disponible le plus bas pour une nuit ou un s\u00e9jour de plusieurs nuits lorsqu&#039;il r\u00e9serve directement aupr\u00e8s de l&#039;h\u00f4tel.<\/p>\n<p>Les h\u00f4tels vous r\u00e9servent souvent leurs meilleures offres lorsque vous r\u00e9servez directement, depuis des surclassements de chambre gratuits jusqu&#039;\u00e0 des commodit\u00e9s exclusives et d&#039;autres avantages.<\/p>\n<p><a href=\"http:\/\/maldives-paradise.com\/fr\/garantie-du-meilleur-tarif\/\">En savoir plus sur la garantie du meilleur tarif ici<\/a><\/p>\n\n\t\t<\/div>\n\t<\/div>\n<\/div><\/div><\/div><\/div><div class=\"vc_row wpb_row vc_row-fluid\"><div class=\"wpb_column vc_column_container vc_col-sm-3\"><div class=\"vc_column-inner\"><div class=\"wpb_wrapper\">\n\t<div  class=\"wpb_single_image wpb_content_element vc_align_left wpb_content_element\">\n\t\t\n\t\t<figure class=\"wpb_wrapper vc_figure\">\n\t\t\t<a href=\"https:\/\/lamp.glopss.com\/aff_c?offer_id=9&#038;aff_id=1834&#038;url=https%3A%2F%2Fwww.anantara.com%2Fen%2Fkihavah-maldives\" target=\"_self\" class=\"vc_single_image-wrapper   vc_box_border_grey\"><img loading=\"lazy\" decoding=\"async\" width=\"150\" height=\"150\" src=\"https:\/\/maldives-paradise.com\/wp-content\/uploads\/2024\/02\/anantara_kihavah_over_water_pool_villa_aerial_400px-150x150.jpg\" class=\"vc_single_image-img attachment-thumbnail\" alt=\"Villas sur pilotis Anantara Kihavah Maldives\" title=\"anantara_kihavah_over_water_pool_villa_aerial_400px\" \/><\/a>\n\t\t<\/figure>\n\t<\/div>\n<\/div><\/div><\/div><div class=\"wpb_column vc_column_container vc_col-sm-9\"><div class=\"vc_column-inner\"><div class=\"wpb_wrapper\">\n\t<div class=\"wpb_text_column wpb_content_element\" >\n\t\t<div class=\"wpb_wrapper\">\n\t\t\t<h4><a href=\"https:\/\/lamp.glopss.com\/SHUs\" target=\"_blank\" rel=\"nofollow noopener\">Anantara Kihavah Maldives Villas<\/a><\/h4>\n<p>Entour\u00e9e d&#039;un lagon turquoise qui se fond dans le bleu saphir, l&#039;\u00eele de vill\u00e9giature de luxe des Maldives d&#039;Anantara Kihavah et son sable blanc pur surgissent de l&#039;oc\u00e9an comme un mirage. Villas de luxe sur pilotis avec piscine priv\u00e9e. Peut accueillir jusqu&#039;\u00e0 2 adultes et 2 enfants ou 3 adultes. Salle de bains en plein air avec baignoire \u00e0 remous encastr\u00e9e \u00e0 fond de verre, v\u00e9los priv\u00e9s et h\u00f4te de villa priv\u00e9e 24 heures sur 24.<\/p>\n\n\t\t<\/div>\n\t<\/div>\n<\/div><\/div><\/div><\/div><div class=\"vc_row wpb_row vc_row-fluid\"><div class=\"wpb_column vc_column_container vc_col-sm-3\"><div class=\"vc_column-inner\"><div class=\"wpb_wrapper\">\n\t<div  class=\"wpb_single_image wpb_content_element vc_align_left wpb_content_element\">\n\t\t\n\t\t<figure class=\"wpb_wrapper vc_figure\">\n\t\t\t<a href=\"https:\/\/lamp.glopss.com\/aff_c?offer_id=9&#038;aff_id=1834&#038;url=https%3A%2F%2Fwww.anantara.com%2Fen%2Fveli-maldives\" target=\"_self\" class=\"vc_single_image-wrapper   vc_box_border_grey\"><img loading=\"lazy\" decoding=\"async\" width=\"150\" height=\"150\" src=\"https:\/\/maldives-paradise.com\/wp-content\/uploads\/2023\/12\/anantara-veli-93-1080x480-1-150x150.jpg\" class=\"vc_single_image-img attachment-thumbnail\" alt=\"Anantara Veli Resort &amp; Spa Maldives\" title=\"anantara-veli-93-1080x480\" \/><\/a>\n\t\t<\/figure>\n\t<\/div>\n<\/div><\/div><\/div><div class=\"wpb_column vc_column_container vc_col-sm-9\"><div class=\"vc_column-inner\"><div class=\"wpb_wrapper\">\n\t<div class=\"wpb_text_column wpb_content_element\" >\n\t\t<div class=\"wpb_wrapper\">\n\t\t\t<h4><a href=\"https:\/\/lamp.glopss.com\/SHUt\" target=\"_blank\" rel=\"nofollow noopener\">Anantara Veli Maldives Resort<\/a><\/h4>\n<p>Ce s\u00e9jour de charme est l&#039;un des complexes h\u00f4teliers des Maldives qui permettront aux gens de r\u00e9server une deuxi\u00e8me lune de miel. L&#039;Anantara Veli Resort aux Maldives encourage ses clients \u00e0 se pr\u00e9lasser dans leurs villas face \u00e0 l&#039;oc\u00e9an ou \u00e0 savourer un repas \u00e9l\u00e9gant au coucher du soleil. Il suffit d&#039;un court trajet en hors-bord depuis l&#039;a\u00e9roport international de Mal\u00e9 pour se rendre \u00e0 ce refuge 5 \u00e9toiles r\u00e9serv\u00e9 aux adultes, qui propose \u00e9galement un forfait tout compris. Dans ce forfait, les clients peuvent acc\u00e9der \u00e0 des avantages tels qu&#039;un buffet quotidien, un menu de boissons tout compris et des r\u00e9ductions pour les s\u00e9jours prolong\u00e9s.<\/p>\n\n\t\t<\/div>\n\t<\/div>\n<\/div><\/div><\/div><\/div><div class=\"vc_row wpb_row vc_row-fluid\"><div class=\"wpb_column vc_column_container vc_col-sm-3\"><div class=\"vc_column-inner\"><div class=\"wpb_wrapper\">\n\t<div  class=\"wpb_single_image wpb_content_element vc_align_left wpb_content_element\">\n\t\t\n\t\t<figure class=\"wpb_wrapper vc_figure\">\n\t\t\t<a href=\"https:\/\/lamp.glopss.com\/aff_c?offer_id=259&#038;aff_id=1834\" target=\"_self\" class=\"vc_single_image-wrapper   vc_box_border_grey\"><img loading=\"lazy\" decoding=\"async\" width=\"150\" height=\"150\" src=\"https:\/\/maldives-paradise.com\/wp-content\/uploads\/2024\/01\/baros-maldives3-150x150.jpg\" class=\"vc_single_image-img attachment-thumbnail\" alt=\"Baros Maldives\" title=\"baros-maldives3\" \/><\/a>\n\t\t<\/figure>\n\t<\/div>\n<\/div><\/div><\/div><div class=\"wpb_column vc_column_container vc_col-sm-9\"><div class=\"vc_column-inner\"><div class=\"wpb_wrapper\">\n\t<div class=\"wpb_text_column wpb_content_element\" >\n\t\t<div class=\"wpb_wrapper\">\n\t\t\t<h4><a href=\"https:\/\/lamp.glopss.com\/SHUm\" target=\"_blank\" rel=\"nofollow noopener\">Baros Maldives<\/a><\/h4>\n<p>Une \u00eele tropicale luxuriante situ\u00e9e dans les eaux scintillantes d\u2019un lagon peu profond, entour\u00e9e d\u2019un r\u00e9cif riche en vie marine. S\u00e9journez dans l&#039;\u00e9l\u00e9gance dans des villas cr\u00e9\u00e9es \u00e0 partir de bois et de gr\u00e8s, pos\u00e9es et paisibles sur un lagon translucide, ou nich\u00e9es discr\u00e8tement parmi les fleurs exotiques au bord de la plage. Profitez d&#039;une intimit\u00e9 romantique lors de vacances parfaites. L&#039;essence des Maldives, d\u00e9finie \u00e0 Baros.<\/p>\n\n\t\t<\/div>\n\t<\/div>\n<\/div><\/div><\/div><\/div><div class=\"vc_row wpb_row vc_row-fluid\"><div class=\"wpb_column vc_column_container vc_col-sm-3\"><div class=\"vc_column-inner\"><div class=\"wpb_wrapper\">\n\t<div  class=\"wpb_single_image wpb_content_element vc_align_left wpb_content_element\">\n\t\t\n\t\t<figure class=\"wpb_wrapper vc_figure\">\n\t\t\t<a href=\"https:\/\/lamp.glopss.com\/aff_c?offer_id=1384&#038;aff_id=1834\" target=\"_self\" class=\"vc_single_image-wrapper   vc_box_border_grey\"><img loading=\"lazy\" decoding=\"async\" width=\"150\" height=\"150\" src=\"https:\/\/maldives-paradise.com\/wp-content\/uploads\/2023\/12\/Hideaway-Beach-Resort-Spa-Shines-as-the-Most-Picturesque-Resort-in-the-Maldives-at-TTM-Awards-2023-1-1024x576-1-150x150.jpg\" class=\"vc_single_image-img attachment-thumbnail\" alt=\"Hideaway Beach Resort &amp; Spa\" title=\"Hideaway-Beach-Resort-Spa-brille-comme-le-resort-le-plus-pittoresque-des-Maldives-aux-TTM-Awards-2023-1-1024x576.jpg\" \/><\/a>\n\t\t<\/figure>\n\t<\/div>\n<\/div><\/div><\/div><div class=\"wpb_column vc_column_container vc_col-sm-9\"><div class=\"vc_column-inner\"><div class=\"wpb_wrapper\">\n\t<div class=\"wpb_text_column wpb_content_element\" >\n\t\t<div class=\"wpb_wrapper\">\n\t\t\t<h4><a href=\"https:\/\/lamp.glopss.com\/aff_c?offer_id=1384&amp;aff_id=1834\" target=\"_blank\" rel=\"nofollow noopener\">Hideaway Beach Resort &amp; Spa<\/a><\/h4>\n<p>Gagnant du prix Tripadvisor Travellers&#039; Choice Best of the Best 2022. Si les adultes ont besoin d&#039;une pause avec leur prog\u00e9niture, le complexe a la solution : l&#039;excellent Tender Hearts Kids&#039; Club. Laissez vos tout-petits se d\u00e9tendre dans le club pour enfants de 50 m\u00b2 et regardez-les participer aux activit\u00e9s organis\u00e9es qui ne manqueront pas de les impressionner. Ceux-ci incluent la fabrication de ch\u00e2teaux de sable, des cours de p\u00eache, des chasses au tr\u00e9sor, de la peinture, du dessin, des cours de cuisine, du v\u00e9lo, du jeu de cache-cache, des visites \u00e9ducatives et bien plus encore.<\/p>\n\n\t\t<\/div>\n\t<\/div>\n<\/div><\/div><\/div><\/div><div class=\"vc_row wpb_row vc_row-fluid\"><div class=\"wpb_column vc_column_container vc_col-sm-3\"><div class=\"vc_column-inner\"><div class=\"wpb_wrapper\">\n\t<div  class=\"wpb_single_image wpb_content_element vc_align_left wpb_content_element\">\n\t\t\n\t\t<figure class=\"wpb_wrapper vc_figure\">\n\t\t\t<a href=\"https:\/\/lamp.glopss.com\/aff_c?offer_id=264&#038;aff_id=1834&#038;url=https%3A%2F%2Fwww.hurawalhi.com%2F\" target=\"_self\" class=\"vc_single_image-wrapper   vc_box_border_grey\"><img loading=\"lazy\" decoding=\"async\" width=\"150\" height=\"150\" src=\"https:\/\/maldives-paradise.com\/wp-content\/uploads\/2024\/01\/Hurawalhi-Island2-150x150.jpg\" class=\"vc_single_image-img attachment-thumbnail\" alt=\"\u00cele Hurawalhi \u2013 Complexe r\u00e9serv\u00e9 aux adultes et tout compris\" title=\"\u00cele Hurawalhi2\" \/><\/a>\n\t\t<\/figure>\n\t<\/div>\n<\/div><\/div><\/div><div class=\"wpb_column vc_column_container vc_col-sm-9\"><div class=\"vc_column-inner\"><div class=\"wpb_wrapper\">\n\t<div class=\"wpb_text_column wpb_content_element\" >\n\t\t<div class=\"wpb_wrapper\">\n\t\t\t<h4><a href=\"https:\/\/hotellook.tp.st\/6FluoLuO\" target=\"_blank\" rel=\"nofollow noopener\">H\u00f4tel Hurawalhi Island<\/a><\/h4>\n<p>Rien n&#039;est plus romantique que de profiter de la compagnie de son partenaire sur les c\u00f4tes sablonneuses des Maldives, en plein c\u0153ur du magnifique atoll de Lhavaiyani. Le <strong>H\u00f4tel Hurawalhi Island<\/strong> est habitu\u00e9 \u00e0 cr\u00e9er une ambiance romantique\u00a0! Ce complexe r\u00e9serv\u00e9 aux adultes garantit \u00e9galement aux clients de profiter de l&#039;\u00eele sans stress gr\u00e2ce \u00e0 leur forfait tout compris. Avec ce plan, les voyageurs peuvent acc\u00e9der au centre de remise en forme du complexe et \u00e0 d&#039;autres installations sportives, aux repas sous forme de buffet au restaurant Canneli, aux boissons \u00e0 volont\u00e9 (\u00e0 l&#039;exclusion de certaines boissons) et \u00e0 la croisi\u00e8re One Sunset Dolphin.<\/p>\n\n\t\t<\/div>\n\t<\/div>\n<\/div><\/div><\/div><\/div><div class=\"vc_row wpb_row vc_row-fluid\"><div class=\"wpb_column vc_column_container vc_col-sm-3\"><div class=\"vc_column-inner\"><div class=\"wpb_wrapper\">\n\t<div  class=\"wpb_single_image wpb_content_element vc_align_left wpb_content_element\">\n\t\t\n\t\t<figure class=\"wpb_wrapper vc_figure\">\n\t\t\t<a href=\"https:\/\/lamp.glopss.com\/aff_c?offer_id=372&#038;aff_id=1834\" target=\"_self\" class=\"vc_single_image-wrapper   vc_box_border_grey\"><img loading=\"lazy\" decoding=\"async\" width=\"150\" height=\"150\" src=\"https:\/\/maldives-paradise.com\/wp-content\/uploads\/2024\/03\/huvafen-fushi-celsius_1-150x150.jpg\" class=\"vc_single_image-img attachment-thumbnail\" alt=\"Huvafen Fushi\" title=\"huvafen-fushi-celsius_1\" srcset=\"https:\/\/maldives-paradise.com\/wp-content\/uploads\/2024\/03\/huvafen-fushi-celsius_1-150x150.jpg 150w, https:\/\/maldives-paradise.com\/wp-content\/uploads\/2024\/03\/huvafen-fushi-celsius_1-13x12.jpg 13w\" sizes=\"auto, (max-width: 150px) 100vw, 150px\" \/><\/a>\n\t\t<\/figure>\n\t<\/div>\n<\/div><\/div><\/div><div class=\"wpb_column vc_column_container vc_col-sm-9\"><div class=\"vc_column-inner\"><div class=\"wpb_wrapper\">\n\t<div class=\"wpb_text_column wpb_content_element\" >\n\t\t<div class=\"wpb_wrapper\">\n\t\t\t<h4><a href=\"https:\/\/lamp.glopss.com\/SHV1\" target=\"_blank\" rel=\"nofollow noopener\">Huvafen Fushi<\/a><\/h4>\n<p><strong>Huvafen Fushi<\/strong> est un luxueux complexe 5 \u00e9toiles situ\u00e9 dans l&#039;atoll de Mal\u00e9 Nord aux Maldives. Il propose des bungalows sur pilotis et sur la plage avec piscine priv\u00e9e et 6 restaurants. Des ar\u00f4mes s\u00e9duisants, des saveurs inoubliables, des espaces de restauration saisissants. Bord de mer, sur l&#039;eau, sous terre. Les meilleures cuisines des Maldives. L&#039;une des exp\u00e9riences culinaires sous-marines sur mesure les plus intimes au monde, \u00e0 huit m\u00e8tres sous la surface de l&#039;oc\u00e9an Indien. Offrez-vous une exp\u00e9rience gastronomique priv\u00e9e pas comme les autres avec une vue imprenable sur le r\u00e9cif captivant.<\/p>\n\n\t\t<\/div>\n\t<\/div>\n<\/div><\/div><\/div><\/div><div class=\"vc_row wpb_row vc_row-fluid\"><div class=\"wpb_column vc_column_container vc_col-sm-3\"><div class=\"vc_column-inner\"><div class=\"wpb_wrapper\">\n\t<div  class=\"wpb_single_image wpb_content_element vc_align_left wpb_content_element\">\n\t\t\n\t\t<figure class=\"wpb_wrapper vc_figure\">\n\t\t\t<a href=\"https:\/\/lamp.glopss.com\/aff_c?offer_id=264&#038;aff_id=1834&#038;url=https%3A%2F%2Fwww.komandoo.com%2F\" target=\"_self\" class=\"vc_single_image-wrapper   vc_box_border_grey\"><img loading=\"lazy\" decoding=\"async\" width=\"150\" height=\"150\" src=\"https:\/\/maldives-paradise.com\/wp-content\/uploads\/2024\/01\/komandoo3.-150x150.jpg\" class=\"vc_single_image-img attachment-thumbnail\" alt=\"Komandoo Island Resort &amp; Spa\" title=\"Piscine \u00e0 d\u00e9bordement Komandoo\" \/><\/a>\n\t\t<\/figure>\n\t<\/div>\n<\/div><\/div><\/div><div class=\"wpb_column vc_column_container vc_col-sm-9\"><div class=\"vc_column-inner\"><div class=\"wpb_wrapper\">\n\t<div class=\"wpb_text_column wpb_content_element\" >\n\t\t<div class=\"wpb_wrapper\">\n\t\t\t<h4><a href=\"https:\/\/maldives-paradise.com\/fr\/spa-de-la-station-balneaire-de-lile-de-komandoo\/\">Komandoo Island Resort &amp; Spa<\/a><\/h4>\n<p>Le Komandoo Island Resort &amp; Spa est l&#039;un des complexes h\u00f4teliers r\u00e9serv\u00e9s aux adultes les mieux not\u00e9s des Maldives. Les couples peuvent profiter de la compagnie de chacun dans ce complexe prim\u00e9 dans un cadre intime au milieu de la beaut\u00e9 de l&#039;atoll de Lhaviyani. Les voyageurs adoreront \u00e9galement les forfaits tout compris de Komandoo. Les forfaits plus et or du complexe comprennent des avantages tels que des repas sous forme de buffet pour le petit-d\u00e9jeuner, le d\u00e9jeuner et le d\u00eener, des boissons \u00e0 volont\u00e9, l&#039;acc\u00e8s au minibar, l&#039;utilisation gratuite du centre de remise en forme du complexe et une s\u00e9lection d&#039;\u00e9quipements de loisirs.<\/p>\n\n\t\t<\/div>\n\t<\/div>\n<\/div><\/div><\/div><\/div><div class=\"vc_row wpb_row vc_row-fluid\"><div class=\"wpb_column vc_column_container vc_col-sm-3\"><div class=\"vc_column-inner\"><div class=\"wpb_wrapper\">\n\t<div  class=\"wpb_single_image wpb_content_element vc_align_left wpb_content_element\">\n\t\t\n\t\t<figure class=\"wpb_wrapper vc_figure\">\n\t\t\t<a href=\"https:\/\/lamp.glopss.com\/aff_c?offer_id=264&#038;aff_id=1834&#038;url=https%3A%2F%2Fwww.kudadoo.com%2F\" target=\"_self\" class=\"vc_single_image-wrapper   vc_box_border_grey\"><img loading=\"lazy\" decoding=\"async\" width=\"150\" height=\"150\" src=\"https:\/\/maldives-paradise.com\/wp-content\/uploads\/2024\/01\/kudadoo2-150x150.jpg\" class=\"vc_single_image-img attachment-thumbnail\" alt=\"\u00cele priv\u00e9e de Kudadoo Maldives\" title=\"kudadou2\" \/><\/a>\n\t\t<\/figure>\n\t<\/div>\n<\/div><\/div><\/div><div class=\"wpb_column vc_column_container vc_col-sm-9\"><div class=\"vc_column-inner\"><div class=\"wpb_wrapper\">\n\t<div class=\"wpb_text_column wpb_content_element\" >\n\t\t<div class=\"wpb_wrapper\">\n\t\t\t<h4><a href=\"https:\/\/lamp.glopss.com\/aff_c?offer_id=264&amp;aff_id=1834&amp;url=https%3A%2F%2Fwww.kudadoo.com%2F\" target=\"_blank\" rel=\"nofollow noopener\">\u00cele priv\u00e9e de Kudadoo Maldives<\/a><\/h4>\n<p>Les r\u00e9sidences Ocean Pool de 310 m\u00e8tres carr\u00e9s disposent de vastes terrasses sur pilotis, d&#039;une piscine \u00e0 d\u00e9bordement priv\u00e9e, de nombreux salons ext\u00e9rieurs et d&#039;un canap\u00e9 suspendu. Ces r\u00e9sidences de luxe priv\u00e9es au design exquis \u00e0 Kudadoo comprennent une salle de bains spacieuse avec baignoire, douche et espace de maquillage. Des lignes exotiques et \u00e9pur\u00e9es avec des couleurs terreuses et des mat\u00e9riaux naturels. <strong>Majordome personnel inclus. N&#039;importe quoi, n&#039;importe o\u00f9, n&#039;importe quand.<br \/>\n<\/strong><\/p>\n\n\t\t<\/div>\n\t<\/div>\n<\/div><\/div><\/div><\/div><div class=\"vc_row wpb_row vc_row-fluid\"><div class=\"wpb_column vc_column_container vc_col-sm-3\"><div class=\"vc_column-inner\"><div class=\"wpb_wrapper\">\n\t<div  class=\"wpb_single_image wpb_content_element vc_align_left wpb_content_element\">\n\t\t\n\t\t<figure class=\"wpb_wrapper vc_figure\">\n\t\t\t<a href=\"https:\/\/lamp.glopss.com\/aff_c?offer_id=1508&#038;aff_id=1834\" target=\"_self\" class=\"vc_single_image-wrapper   vc_box_border_grey\"><img loading=\"lazy\" decoding=\"async\" width=\"150\" height=\"150\" src=\"https:\/\/maldives-paradise.com\/wp-content\/uploads\/2024\/01\/lily-beach2-150x150.jpg\" class=\"vc_single_image-img attachment-thumbnail\" alt=\"Lily Beach Resort &amp; Spa\" title=\"Lily-plage2\" \/><\/a>\n\t\t<\/figure>\n\t<\/div>\n<\/div><\/div><\/div><div class=\"wpb_column vc_column_container vc_col-sm-9\"><div class=\"vc_column-inner\"><div class=\"wpb_wrapper\">\n\t<div class=\"wpb_text_column wpb_content_element\" >\n\t\t<div class=\"wpb_wrapper\">\n\t\t\t<h4><a href=\"https:\/\/lamp.glopss.com\/aff_c?offer_id=1508&amp;aff_id=1834\" target=\"_blank\" rel=\"nofollow noopener\">Lily Beach Resort &amp; Spa<\/a><\/h4>\n<p>D\u00e9couvrez le paradis au Lily Beach Resort &amp; Spa \u2013 Luxe tout compris aux Maldives. Des forfaits mariage et renouvellement de v\u0153ux sont disponibles au complexe de luxe Lily Beach. Les deux options peuvent \u00eatre personnalis\u00e9es et con\u00e7ues pour r\u00e9pondre \u00e0 vos besoins avec un large \u00e9ventail d&#039;exp\u00e9riences suppl\u00e9mentaires.<\/p>\n\n\t\t<\/div>\n\t<\/div>\n<\/div><\/div><\/div><\/div><div class=\"vc_row wpb_row vc_row-fluid\"><div class=\"wpb_column vc_column_container vc_col-sm-3\"><div class=\"vc_column-inner\"><div class=\"wpb_wrapper\">\n\t<div  class=\"wpb_single_image wpb_content_element vc_align_left wpb_content_element\">\n\t\t\n\t\t<figure class=\"wpb_wrapper vc_figure\">\n\t\t\t<a href=\"https:\/\/lamp.glopss.com\/aff_c?offer_id=261&#038;aff_id=1834\" target=\"_self\" class=\"vc_single_image-wrapper   vc_box_border_grey\"><img loading=\"lazy\" decoding=\"async\" width=\"150\" height=\"150\" src=\"https:\/\/maldives-paradise.com\/wp-content\/uploads\/2023\/10\/milaidhoo3-150x150.jpg\" class=\"vc_single_image-img attachment-thumbnail\" alt=\"Milaidhoo Maldives\" title=\"milaidhoo3\" \/><\/a>\n\t\t<\/figure>\n\t<\/div>\n<\/div><\/div><\/div><div class=\"wpb_column vc_column_container vc_col-sm-9\"><div class=\"vc_column-inner\"><div class=\"wpb_wrapper\">\n\t<div class=\"wpb_text_column wpb_content_element\" >\n\t\t<div class=\"wpb_wrapper\">\n\t\t\t<h4><a href=\"https:\/\/lamp.glopss.com\/SHUd\" target=\"_blank\" rel=\"nofollow noopener\">\u00cele Milaidhoo Maldives<\/a><\/h4>\n<p>Le complexe h\u00f4telier Milaidhoo red\u00e9finit le luxe et met fi\u00e8rement en valeur ses racines locales. Les clients font l&#039;exp\u00e9rience d&#039;un style de vie insulaire d\u00e9contract\u00e9 et luxueux, pieds nus, et se sentent \u00e0 leur place lorsqu&#039;ils se trouvent dans l&#039;environnement naturel et luxuriant d&#039;une \u00eele tropicale. Tous les souhaits romantiques peuvent \u00eatre exauc\u00e9s ici : de l&#039;observation des dauphins au coucher du soleil \u00e0 la visite d&#039;un banc de sable abandonn\u00e9 pour un pique-nique sur une plage priv\u00e9e. Les excursions de snorkeling et de plong\u00e9e \u00e0 travers le r\u00e9cif de corail color\u00e9 juste en face de l&#039;\u00eele ou dans la c\u00e9l\u00e8bre baie de Hanifaru sont \u00e9galement merveilleuses. \u00c0 Milaidhoo, les clients trouveront leur deuxi\u00e8me maison dans l&#039;oc\u00e9an Indien : \u00e9l\u00e9gante, famili\u00e8re et proche de la nature.<\/p>\n\n\t\t<\/div>\n\t<\/div>\n<\/div><\/div><\/div><\/div><div class=\"vc_row wpb_row vc_row-fluid\"><div class=\"wpb_column vc_column_container vc_col-sm-3\"><div class=\"vc_column-inner\"><div class=\"wpb_wrapper\">\n\t<div  class=\"wpb_single_image wpb_content_element vc_align_left wpb_content_element\">\n\t\t\n\t\t<figure class=\"wpb_wrapper vc_figure\">\n\t\t\t<a href=\"https:\/\/lamp.glopss.com\/aff_c?offer_id=9&#038;aff_id=1834&#038;url=https%3A%2F%2Fwww.niyama.com%2F\" target=\"_self\" class=\"vc_single_image-wrapper   vc_box_border_grey\"><img loading=\"lazy\" decoding=\"async\" width=\"150\" height=\"150\" src=\"https:\/\/maldives-paradise.com\/wp-content\/uploads\/2024\/01\/niyama2-150x150.jpg\" class=\"vc_single_image-img attachment-thumbnail\" alt=\"\u00celes priv\u00e9es de Niyama Maldives\" title=\"niyama2\" \/><\/a>\n\t\t<\/figure>\n\t<\/div>\n<\/div><\/div><\/div><div class=\"wpb_column vc_column_container vc_col-sm-9\"><div class=\"vc_column-inner\"><div class=\"wpb_wrapper\">\n\t<div class=\"wpb_text_column wpb_content_element\" >\n\t\t<div class=\"wpb_wrapper\">\n\t\t\t<h4><a href=\"https:\/\/lamp.glopss.com\/SHUv\" target=\"_blank\" rel=\"nofollow noopener\">\u00celes priv\u00e9es de Niyama Maldives<\/a><\/h4>\n<p>Id\u00e9al pour l&#039;\u00e9cole de surf.<br \/>\nCe complexe familial sur deux \u00eeles situ\u00e9 dans le sud de l&#039;atoll de Dhaalu poss\u00e8de son propre spot de surf \u00e0 quelques pas du rivage. Les cours couvrent tous les niveaux et tous les membres de la famille, en commen\u00e7ant par les bases dans le paisible lagon bleu de Niyama avant de passer aux plong\u00e9es avec canards et aux r\u00e9ductions en haute mer. De retour \u00e0 terre, vous trouverez \u00e9galement un club pour enfants qui chante et danse, un restaurant dans une cabane dans les arbres, un restaurant sous-marin, un spa sur pilotis et de grandes villas familiales, toutes deux sur la plage et sur pilotis au-dessus de l&#039;oc\u00e9an Indien.<\/p>\n\n\t\t<\/div>\n\t<\/div>\n<\/div><\/div><\/div><\/div><div class=\"vc_row wpb_row vc_row-fluid\"><div class=\"wpb_column vc_column_container vc_col-sm-3\"><div class=\"vc_column-inner\"><div class=\"wpb_wrapper\">\n\t<div  class=\"wpb_single_image wpb_content_element vc_align_left wpb_content_element\">\n\t\t\n\t\t<figure class=\"wpb_wrapper vc_figure\">\n\t\t\t<a href=\"https:\/\/lamp.glopss.com\/aff_c?offer_id=1506&#038;aff_id=1834\" target=\"_self\" class=\"vc_single_image-wrapper   vc_box_border_grey\"><img loading=\"lazy\" decoding=\"async\" width=\"150\" height=\"150\" src=\"https:\/\/maldives-paradise.com\/wp-content\/uploads\/2024\/02\/PatinaMaldives5-400-150x150.jpg\" class=\"vc_single_image-img attachment-thumbnail\" alt=\"Patine Maldives\" title=\"Patine+Maldives5-400\" \/><\/a>\n\t\t<\/figure>\n\t<\/div>\n<\/div><\/div><\/div><div class=\"wpb_column vc_column_container vc_col-sm-9\"><div class=\"vc_column-inner\"><div class=\"wpb_wrapper\">\n\t<div class=\"wpb_text_column wpb_content_element\" >\n\t\t<div class=\"wpb_wrapper\">\n\t\t\t<h4><a href=\"https:\/\/lamp.glopss.com\/aff_c?offer_id=1506&amp;aff_id=1834\">Patine Maldives<\/a><\/h4>\n<p>Patina Maldives est un joyau prim\u00e9, offrant aux voyageurs exigeants une escapade luxueuse au paradis. Avec ses superbes villas sur pilotis, ses exp\u00e9riences culinaires exquises, ses \u00e9quipements de classe mondiale et son engagement en faveur du d\u00e9veloppement durable, le complexe promet une retraite inoubliable dans l&#039;une des destinations les plus \u00e9poustouflantes au monde.<\/p>\n\n\t\t<\/div>\n\t<\/div>\n<\/div><\/div><\/div><\/div><div class=\"vc_row wpb_row vc_row-fluid\"><div class=\"wpb_column vc_column_container vc_col-sm-12\"><div class=\"vc_column-inner\"><div class=\"wpb_wrapper\">\n\t<div class=\"wpb_text_column wpb_content_element\" >\n\t\t<div class=\"wpb_wrapper\">\n\t\t\t<p><a href=\"http:\/\/maldives-paradise.com\/fr\/etiqueter\/garantie-du-meilleur-prix\/\"><strong>En savoir plus sur les h\u00f4tels et complexes h\u00f4teliers au meilleur tarif garanti aux Maldives<\/strong><\/a><\/p>\n\n\t\t<\/div>\n\t<\/div>\n<\/div><\/div><\/div><\/div>\n<\/div>","protected":false},"excerpt":{"rendered":"<div class=\"mh-excerpt\"><\/div>","protected":false},"author":1,"featured_media":8152,"parent":0,"menu_order":0,"comment_status":"closed","ping_status":"closed","template":"","meta":{"footnotes":""},"class_list":["post-14711","page","type-page","status-publish","has-post-thumbnail"],"aioseo_notices":[],"_links":{"self":[{"href":"http:\/\/maldives-paradise.com\/fr\/wp-json\/wp\/v2\/pages\/14711","targetHints":{"allow":["GET"]}}],"collection":[{"href":"http:\/\/maldives-paradise.com\/fr\/wp-json\/wp\/v2\/pages"}],"about":[{"href":"http:\/\/maldives-paradise.com\/fr\/wp-json\/wp\/v2\/types\/page"}],"author":[{"embeddable":true,"href":"http:\/\/maldives-paradise.com\/fr\/wp-json\/wp\/v2\/users\/1"}],"replies":[{"embeddable":true,"href":"http:\/\/maldives-paradise.com\/fr\/wp-json\/wp\/v2\/comments?post=14711"}],"version-history":[{"count":6,"href":"http:\/\/maldives-paradise.com\/fr\/wp-json\/wp\/v2\/pages\/14711\/revisions"}],"predecessor-version":[{"id":45315,"href":"http:\/\/maldives-paradise.com\/fr\/wp-json\/wp\/v2\/pages\/14711\/revisions\/45315"}],"wp:featuredmedia":[{"embeddable":true,"href":"http:\/\/maldives-paradise.com\/fr\/wp-json\/wp\/v2\/media\/8152"}],"wp:attachment":[{"href":"http:\/\/maldives-paradise.com\/fr\/wp-json\/wp\/v2\/media?parent=14711"}],"curies":[{"name":"wp","href":"https:\/\/api.w.org\/{rel}","templated":true}]}}