{"id":10597,"date":"2024-02-12T20:37:41","date_gmt":"2024-02-12T20:37:41","guid":{"rendered":"http:\/\/maldives-paradise.com\/?page_id=10597"},"modified":"2025-10-15T13:58:54","modified_gmt":"2025-10-15T13:58:54","slug":"station-balneaire-de-lile-de-thulhagiri","status":"publish","type":"page","link":"http:\/\/maldives-paradise.com\/fr\/station-balneaire-de-lile-de-thulhagiri\/","title":{"rendered":"H\u00f4tel de l&#039;\u00eele de Thulhagiri"},"content":{"rendered":"<div class=\"wpb-content-wrapper\"><div class=\"vc_row wpb_row vc_row-fluid\"><div class=\"wpb_column vc_column_container vc_col-sm-12\"><div class=\"vc_column-inner\"><div class=\"wpb_wrapper\">\n\t<div class=\"wpb_text_column wpb_content_element\" >\n\t\t<div class=\"wpb_wrapper\">\n\t\t\t<h3>\u00c0 la d\u00e9couverte des caract\u00e9ristiques incomparables du Thulhagiri Island Resort aux Maldives<\/h3>\n\n\t\t<\/div>\n\t<\/div>\n<\/div><\/div><\/div><\/div><div class=\"vc_row wpb_row vc_row-fluid\"><div class=\"wpb_column vc_column_container vc_col-sm-12\"><div class=\"vc_column-inner\"><div class=\"wpb_wrapper\">\n\t<div class=\"wpb_video_widget wpb_content_element vc_clearfix   vc_video-aspect-ratio-169 vc_video-el-width-100 vc_video-align-left\" >\n\t\t<div class=\"wpb_wrapper\">\n\t\t\t\n\t\t\t<div class=\"wpb_video_wrapper\"><iframe loading=\"lazy\" title=\"\u00cele de Thulhagiri Maldives | Drone 4K\" width=\"500\" height=\"281\" src=\"https:\/\/www.youtube.com\/embed\/ZCEJuggtsFg?feature=oembed\" frameborder=\"0\" allow=\"accelerometer; autoplay; clipboard-write; encrypted-media; gyroscope; picture-in-picture; web-share\" allowfullscreen><\/iframe><\/div>\n\t\t<\/div>\n\t<\/div>\n<\/div><\/div><\/div><\/div><div class=\"vc_row wpb_row vc_row-fluid\"><div class=\"wpb_column vc_column_container vc_col-sm-12\"><div class=\"vc_column-inner\"><div class=\"wpb_wrapper\">\n\t<div class=\"wpb_text_column wpb_content_element\" >\n\t\t<div class=\"wpb_wrapper\">\n\t\t\t<p>Thulhagiri Island Resort, un havre de luxe et de tranquillit\u00e9 aux Maldives. Situ\u00e9 sur son \u00eele priv\u00e9e dans l&#039;atoll de Mal\u00e9 Nord, ce complexe exquis offre aux voyageurs exigeants une retraite inoubliable entour\u00e9e d&#039;une beaut\u00e9 naturelle \u00e0 couper le souffle. Examinons les principales caract\u00e9ristiques qui font de cet h\u00f4tel <a href=\"https:\/\/trip.tpo.lv\/vz6LY45C\" target=\"_blank\" rel=\"noopener sponsored\"><strong>H\u00f4tel de l&#039;\u00eele de Thulhagiri<\/strong><\/a> une destination de plaisir sans pareil.<\/p>\n<p><strong>H\u00e9bergement exquis :<\/strong><br \/>\nLe Thulhagiri Island Resort propose une gamme d&#039;h\u00e9bergements luxueux, allant de charmants bungalows de plage \u00e0 d&#039;\u00e9l\u00e9gantes villas sur pilotis, chacune con\u00e7ue pour offrir aux clients le summum du confort et de la d\u00e9tente. Avec des int\u00e9rieurs spacieux, des \u00e9quipements modernes et une vue imprenable sur l&#039;oc\u00e9an ou les jardins tropicaux luxuriants, chaque chambre est un sanctuaire de s\u00e9r\u00e9nit\u00e9 et d&#039;isolement.<\/p>\n<p><strong>Exp\u00e9riences gastronomiques\u00a0:<\/strong><br \/>\nDes d\u00e9lices culinaires vous attendent dans les diff\u00e9rents restaurants du Thulhagiri Island Resort, o\u00f9 des chefs talentueux pr\u00e9parent des plats exquis inspir\u00e9s des saveurs du monde entier. Vous pourrez savourer des fruits de mer fra\u00eechement p\u00each\u00e9s au grill en bord de mer, savourer une cuisine raffin\u00e9e au restaurant signature du complexe ou d\u00e9guster des en-cas d\u00e9contract\u00e9s et des cocktails rafra\u00eechissants au bar de la piscine. Avec une vari\u00e9t\u00e9 d&#039;options de restauration au choix, chaque repas est une aventure gastronomique inoubliable.<\/p>\n<p><strong>Plages priv\u00e9es immacul\u00e9es :<\/strong><br \/>\nLes plages priv\u00e9es du Thulhagiri Island Resort sont un v\u00e9ritable paradis, avec du sable blanc poudreux et des eaux cristallines qui invitent les clients \u00e0 se d\u00e9tendre et \u00e0 se relaxer. Que ce soit pour se pr\u00e9lasser sur des rivages ensoleill\u00e9s, nager dans le lagon turquoise ou faire de la plong\u00e9e avec tuba au milieu de r\u00e9cifs coralliens vibrants, les clients peuvent s&#039;immerger dans la beaut\u00e9 naturelle des Maldives et cr\u00e9er des souvenirs inoubliables.<\/p>\n<p><strong>Aventures de plong\u00e9e et de snorkeling :<\/strong><br \/>\nSitu\u00e9 \u00e0 proximit\u00e9 de certains des sites de plong\u00e9e les plus spectaculaires au monde, le Thulhagiri Island Resort est un paradis pour les amateurs de plong\u00e9e sous-marine et de snorkeling. Les clients peuvent explorer des jardins de corail vibrants, rencontrer une vie marine fascinante et d\u00e9couvrir des grottes sous-marines et des \u00e9paves de navires. Que vous embarquiez pour une excursion de plong\u00e9e guid\u00e9e ou que vous fassiez de la plong\u00e9e avec tuba au large du r\u00e9cif immacul\u00e9 du complexe, chaque aventure sous-marine est une exp\u00e9rience \u00e0 couper le souffle.<\/p>\n<p><strong>Spa de luxe et retraite bien-\u00eatre :<\/strong><br \/>\nLe spa luxueux du complexe est un sanctuaire de d\u00e9tente et de ressourcement, o\u00f9 les clients peuvent \u00e9chapper au stress de la vie quotidienne et se laisser tenter par des soins relaxants inspir\u00e9s des anciennes traditions de gu\u00e9rison. Des massages apaisants aux gommages corporels revigorants, les th\u00e9rapeutes qualifi\u00e9s du spa proposent des th\u00e9rapies personnalis\u00e9es qui nourrissent le corps, l&#039;esprit et l&#039;\u00e2me.<\/p>\n<p><strong>Croisi\u00e8res romantiques au coucher du soleil :<\/strong><br \/>\nAlors que le soleil se couche \u00e0 l&#039;horizon, les clients peuvent embarquer pour une croisi\u00e8re romantique au coucher du soleil \u00e0 bord d&#039;un dhoni maldivien traditionnel, en sirotant du champagne et en savourant des canap\u00e9s tout en admirant la vue \u00e0 couper le souffle. Pour ceux qui recherchent une exp\u00e9rience vraiment inoubliable, le Thulhagiri Island Resort propose \u00e9galement des d\u00eeners priv\u00e9s au coucher du soleil sur des bancs de sable isol\u00e9s, o\u00f9 les clients peuvent d\u00eener sous les \u00e9toiles au milieu des sons de l&#039;oc\u00e9an.<\/p>\n<p><strong>Service et hospitalit\u00e9 impeccables :<\/strong><br \/>\nAu Thulhagiri Island Resort, les clients b\u00e9n\u00e9ficient des plus hauts standards de service et d&#039;hospitalit\u00e9, garantissant un s\u00e9jour fluide et inoubliable du d\u00e9but \u00e0 la fin. Le personnel attentionn\u00e9 du complexe va au-del\u00e0 des attentes des clients, en fournissant une assistance personnalis\u00e9e pour chaque demande et en veillant \u00e0 ce que chaque d\u00e9tail de leur s\u00e9jour soit pris en charge.<\/p>\n<p>En conclusion, le Thulhagiri Island Resort offre un refuge luxueux dans l&#039;une des destinations les plus \u00e9poustouflantes au monde, o\u00f9 les clients peuvent s&#039;immerger dans la beaut\u00e9 naturelle et la s\u00e9r\u00e9nit\u00e9 des Maldives. Avec ses h\u00e9bergements luxueux, ses exp\u00e9riences culinaires gastronomiques, ses plages immacul\u00e9es et son service in\u00e9gal\u00e9, le complexe promet une escapade inoubliable au paradis pour les voyageurs exigeants en qu\u00eate de l&#039;exp\u00e9rience ultime des Maldives. Qu&#039;il s&#039;agisse de se d\u00e9tendre sur la plage, de se faire plaisir avec des soins de spa ou de se lancer dans des aventures de sports nautiques palpitantes, les clients sont invit\u00e9s \u00e0 d\u00e9couvrir la magie du Thulhagiri Island Resort et \u00e0 cr\u00e9er des souvenirs inoubliables.<\/p>\n\n\t\t<\/div>\n\t<\/div>\n<\/div><\/div><\/div><\/div><div class=\"vc_row wpb_row vc_row-fluid\"><div class=\"wpb_column vc_column_container vc_col-sm-12\"><div class=\"vc_column-inner\"><div class=\"wpb_wrapper\">\n\t<div class=\"wpb_text_column wpb_content_element\" >\n\t\t<div class=\"wpb_wrapper\">\n\t\t\t<h3><a title=\"H\u00f4tel de l&#039;\u00eele de Thulhagiri\" href=\"https:\/\/trip.tpo.lv\/vz6LY45C\" target=\"blanc2\" rel=\"nofollow\">V\u00e9rifiez la disponibilit\u00e9 et le meilleur prix au Thulhagiri Island Resort ici &gt;&gt;<\/a><\/h3>\n\n\t\t<\/div>\n\t<\/div>\n<\/div><\/div><\/div><\/div>\n<\/div>","protected":false},"excerpt":{"rendered":"<div class=\"mh-excerpt\"><\/div>","protected":false},"author":1,"featured_media":10598,"parent":0,"menu_order":0,"comment_status":"closed","ping_status":"closed","template":"","meta":{"footnotes":""},"class_list":["post-10597","page","type-page","status-publish","has-post-thumbnail"],"aioseo_notices":[],"_links":{"self":[{"href":"http:\/\/maldives-paradise.com\/fr\/wp-json\/wp\/v2\/pages\/10597","targetHints":{"allow":["GET"]}}],"collection":[{"href":"http:\/\/maldives-paradise.com\/fr\/wp-json\/wp\/v2\/pages"}],"about":[{"href":"http:\/\/maldives-paradise.com\/fr\/wp-json\/wp\/v2\/types\/page"}],"author":[{"embeddable":true,"href":"http:\/\/maldives-paradise.com\/fr\/wp-json\/wp\/v2\/users\/1"}],"replies":[{"embeddable":true,"href":"http:\/\/maldives-paradise.com\/fr\/wp-json\/wp\/v2\/comments?post=10597"}],"version-history":[{"count":3,"href":"http:\/\/maldives-paradise.com\/fr\/wp-json\/wp\/v2\/pages\/10597\/revisions"}],"predecessor-version":[{"id":43712,"href":"http:\/\/maldives-paradise.com\/fr\/wp-json\/wp\/v2\/pages\/10597\/revisions\/43712"}],"wp:featuredmedia":[{"embeddable":true,"href":"http:\/\/maldives-paradise.com\/fr\/wp-json\/wp\/v2\/media\/10598"}],"wp:attachment":[{"href":"http:\/\/maldives-paradise.com\/fr\/wp-json\/wp\/v2\/media?parent=10597"}],"curies":[{"name":"wp","href":"https:\/\/api.w.org\/{rel}","templated":true}]}}