{"id":10577,"date":"2024-02-12T20:10:16","date_gmt":"2024-02-12T20:10:16","guid":{"rendered":"http:\/\/maldives-paradise.com\/?page_id=10577"},"modified":"2025-10-15T13:33:18","modified_gmt":"2025-10-15T13:33:18","slug":"paradis-de-saison","status":"publish","type":"page","link":"http:\/\/maldives-paradise.com\/fr\/paradis-de-saison\/","title":{"rendered":"Paradis de la saison"},"content":{"rendered":"<div class=\"wpb-content-wrapper\"><div class=\"vc_row wpb_row vc_row-fluid\"><div class=\"wpb_column vc_column_container vc_col-sm-12\"><div class=\"vc_column-inner\"><div class=\"wpb_wrapper\">\n\t<div class=\"wpb_text_column wpb_content_element\" >\n\t\t<div class=\"wpb_wrapper\">\n\t\t\t<h3>Explorer les principales caract\u00e9ristiques du Season Paradise Resort aux Maldives<\/h3>\n\n\t\t<\/div>\n\t<\/div>\n<\/div><\/div><\/div><\/div><div class=\"vc_row wpb_row vc_row-fluid\"><div class=\"wpb_column vc_column_container vc_col-sm-12\"><div class=\"vc_column-inner\"><div class=\"wpb_wrapper\">\n\t<div class=\"wpb_video_widget wpb_content_element vc_clearfix   vc_video-aspect-ratio-169 vc_video-el-width-100 vc_video-align-left\" >\n\t\t<div class=\"wpb_wrapper\">\n\t\t\t\n\t\t\t<div class=\"wpb_video_wrapper\"><iframe loading=\"lazy\" title=\"Season Paradise, destination de r\u00eave aux Maldives\" width=\"500\" height=\"281\" src=\"https:\/\/www.youtube.com\/embed\/lrFeMMiDh-w?feature=oembed\" frameborder=\"0\" allow=\"accelerometer; autoplay; clipboard-write; encrypted-media; gyroscope; picture-in-picture; web-share\" allowfullscreen><\/iframe><\/div>\n\t\t<\/div>\n\t<\/div>\n<\/div><\/div><\/div><\/div><div class=\"vc_row wpb_row vc_row-fluid\"><div class=\"wpb_column vc_column_container vc_col-sm-12\"><div class=\"vc_column-inner\"><div class=\"wpb_wrapper\">\n\t<div class=\"wpb_text_column wpb_content_element\" >\n\t\t<div class=\"wpb_wrapper\">\n\t\t\t<p>Season Paradise, un complexe serein et luxueux au c\u0153ur des Maldives. Situ\u00e9 sur l&#039;\u00eele de Thulusdhoo dans l&#039;atoll de Mal\u00e9 Nord, Season Paradise offre aux voyageurs exigeants une escapade idyllique au paradis. Des plages immacul\u00e9es aux \u00e9quipements de classe mondiale, penchons-nous sur les principales caract\u00e9ristiques qui font du Season Paradise Resort une destination incontournable.<\/p>\n<p><strong>H\u00e9bergements\u00a0:<\/strong><br \/>\nSeason Paradise propose une gamme d&#039;h\u00e9bergements luxueux con\u00e7us pour r\u00e9pondre \u00e0 toutes les pr\u00e9f\u00e9rences et \u00e0 tous les budgets. Des villas spacieuses en bord de mer aux \u00e9l\u00e9gants bungalows sur pilotis, chaque chambre est \u00e9l\u00e9gamment am\u00e9nag\u00e9e avec des \u00e9quipements modernes et offre une vue imprenable sur l&#039;oc\u00e9an ou les jardins tropicaux luxuriants. Avec un design contemporain \u00e9l\u00e9gant et un mobilier somptueux, les clients peuvent profiter d&#039;un confort et d&#039;une d\u00e9tente in\u00e9gal\u00e9s tout au long de leur s\u00e9jour.<\/p>\n<p><strong>Exp\u00e9riences culinaires exquises\u00a0:<\/strong><br \/>\nD\u00eener au Season Paradise est un d\u00e9lice culinaire, avec une vari\u00e9t\u00e9 de restaurants et de bars proposant une gamme de plats d\u00e9licieux et de boissons rafra\u00eechissantes. De la cuisine internationale aux sp\u00e9cialit\u00e9s locales des Maldives, les clients peuvent savourer une gamme vari\u00e9e de saveurs et d&#039;exp\u00e9riences culinaires. Que ce soit pour un d\u00eener romantique au bord de la plage ou pour d\u00e9guster des cocktails exotiques au coucher du soleil, les restaurants du complexe promettent un voyage gastronomique inoubliable.<\/p>\n<p><strong>Activit\u00e9s nautiques spectaculaires\u00a0:<\/strong><br \/>\nAvec ses lagons aux eaux cristallines et ses r\u00e9cifs coralliens \u00e9clatants, <a href=\"https:\/\/trip.tpo.lv\/vzcwRmRF\" target=\"_blank\" rel=\"noopener sponsored\"><strong>Paradis de la saison<\/strong><\/a> Ce lieu est un v\u00e9ritable paradis pour les amateurs de sports nautiques. Les clients peuvent faire de la plong\u00e9e avec tuba au milieu d&#039;une faune marine color\u00e9e, explorer des grottes sous-marines et des \u00e9paves en plong\u00e9e libre, ou tout simplement se d\u00e9tendre sur les plages immacul\u00e9es et profiter du soleil tropical. Pour les amateurs de sensations fortes, le complexe propose une vari\u00e9t\u00e9 d&#039;activit\u00e9s palpitantes telles que le jet-ski, le parachute ascensionnel et la planche \u00e0 voile, pour des vacances riches en \u00e9motions et en aventures.<\/p>\n<p><strong>D\u00e9tente et Bien-\u00eatre :<\/strong><br \/>\nSeason Paradise se consacre \u00e0 assurer la d\u00e9tente et le bien-\u00eatre de ses clients gr\u00e2ce \u00e0 sa gamme d&#039;installations de bien-\u00eatre et de services de spa. Le spa du complexe offre un sanctuaire de tranquillit\u00e9 et de rajeunissement, avec une vari\u00e9t\u00e9 de soins holistiques et de massages inspir\u00e9s des rituels de gu\u00e9rison traditionnels des Maldives. Les clients peuvent \u00e9galement profiter de s\u00e9ances de yoga sur la plage, de cours de m\u00e9ditation et d&#039;ateliers de bien-\u00eatre pour apaiser l&#039;esprit, le corps et l&#039;\u00e2me.<\/p>\n<p><strong>Exploration de l&#039;\u00eele et exp\u00e9riences culturelles\u00a0:<\/strong><br \/>\nAu-del\u00e0 du complexe, Season Paradise offre \u00e0 ses clients la possibilit\u00e9 d&#039;explorer la beaut\u00e9 naturelle et le patrimoine culturel des Maldives. Des visites guid\u00e9es de l&#039;\u00eele aux visites des villages locaux, les clients peuvent se plonger dans la riche tapisserie de la vie maldivienne et cr\u00e9er des souvenirs inoubliables. Le complexe organise \u00e9galement des croisi\u00e8res au coucher du soleil, des excursions d&#039;observation des dauphins et des cours de cuisine traditionnelle maldivienne, permettant aux clients de d\u00e9couvrir le charme authentique des Maldives.<\/p>\n<p><strong>Commodit\u00e9s familiales\u00a0:<\/strong><br \/>\nSeason Paradise est la destination id\u00e9ale pour les familles, avec une gamme d&#039;\u00e9quipements et d&#039;activit\u00e9s con\u00e7ues pour r\u00e9pondre aux clients de tous \u00e2ges. Le complexe dispose d&#039;un club pour enfants proposant des activit\u00e9s et des jeux supervis\u00e9s, ainsi que d&#039;un espace piscine d\u00e9di\u00e9 pour que les enfants puissent s&#039;amuser et jouer. Avec des chambres spacieuses adapt\u00e9es aux familles et des menus sp\u00e9ciaux pour les enfants, Season Paradise garantit des vacances m\u00e9morables \u00e0 toute la famille.<\/p>\n<p><strong>Prestation impeccable :<\/strong><br \/>\nAu Season Paradise, les clients b\u00e9n\u00e9ficient des plus hauts standards d&#039;hospitalit\u00e9 et de service personnalis\u00e9. Le personnel attentif du complexe fait tout son possible pour garantir que chaque aspect du s\u00e9jour des clients soit impeccable, de l&#039;organisation d&#039;excursions \u00e0 l&#039;anticipation de tous leurs besoins. Avec l&#039;hospitalit\u00e9 chaleureuse des Maldives et l&#039;attention port\u00e9e aux d\u00e9tails, Season Paradise cr\u00e9e une exp\u00e9rience vraiment inoubliable pour tous ceux qui visitent.<\/p>\n<p>En conclusion, Season Paradise Resort offre une retraite luxueuse dans l&#039;une des destinations les plus \u00e9poustouflantes au monde. Avec ses h\u00e9bergements luxueux, ses exp\u00e9riences culinaires exquises, ses activit\u00e9s nautiques spectaculaires et son service impeccable, le complexe promet une escapade inoubliable au paradis pour les voyageurs exigeants \u00e0 la recherche de l&#039;exp\u00e9rience ultime aux Maldives. Qu&#039;ils recherchent la d\u00e9tente, l&#039;aventure ou l&#039;immersion culturelle, les clients sont invit\u00e9s \u00e0 embrasser la magie de Season Paradise et \u00e0 cr\u00e9er des souvenirs qui dureront toute une vie.<\/p>\n\n\t\t<\/div>\n\t<\/div>\n<\/div><\/div><\/div><\/div><div class=\"vc_row wpb_row vc_row-fluid\"><div class=\"wpb_column vc_column_container vc_col-sm-12\"><div class=\"vc_column-inner\"><div class=\"wpb_wrapper\">\n\t<div class=\"wpb_text_column wpb_content_element\" >\n\t\t<div class=\"wpb_wrapper\">\n\t\t\t<h3><a title=\"Paradis de la saison\" href=\"https:\/\/trip.tpo.lv\/vzcwRmRF\" target=\"blanc2\" rel=\"nofollow\">V\u00e9rifiez la disponibilit\u00e9 et le meilleur prix chez Season Paradise ici &gt;&gt;<\/a><\/h3>\n\n\t\t<\/div>\n\t<\/div>\n<\/div><\/div><\/div><\/div>\n<\/div>","protected":false},"excerpt":{"rendered":"<div class=\"mh-excerpt\"><\/div>","protected":false},"author":1,"featured_media":10578,"parent":0,"menu_order":0,"comment_status":"closed","ping_status":"closed","template":"","meta":{"footnotes":""},"class_list":["post-10577","page","type-page","status-publish","has-post-thumbnail"],"aioseo_notices":[],"_links":{"self":[{"href":"http:\/\/maldives-paradise.com\/fr\/wp-json\/wp\/v2\/pages\/10577","targetHints":{"allow":["GET"]}}],"collection":[{"href":"http:\/\/maldives-paradise.com\/fr\/wp-json\/wp\/v2\/pages"}],"about":[{"href":"http:\/\/maldives-paradise.com\/fr\/wp-json\/wp\/v2\/types\/page"}],"author":[{"embeddable":true,"href":"http:\/\/maldives-paradise.com\/fr\/wp-json\/wp\/v2\/users\/1"}],"replies":[{"embeddable":true,"href":"http:\/\/maldives-paradise.com\/fr\/wp-json\/wp\/v2\/comments?post=10577"}],"version-history":[{"count":4,"href":"http:\/\/maldives-paradise.com\/fr\/wp-json\/wp\/v2\/pages\/10577\/revisions"}],"predecessor-version":[{"id":43703,"href":"http:\/\/maldives-paradise.com\/fr\/wp-json\/wp\/v2\/pages\/10577\/revisions\/43703"}],"wp:featuredmedia":[{"embeddable":true,"href":"http:\/\/maldives-paradise.com\/fr\/wp-json\/wp\/v2\/media\/10578"}],"wp:attachment":[{"href":"http:\/\/maldives-paradise.com\/fr\/wp-json\/wp\/v2\/media?parent=10577"}],"curies":[{"name":"wp","href":"https:\/\/api.w.org\/{rel}","templated":true}]}}