{"id":10419,"date":"2024-02-10T08:24:19","date_gmt":"2024-02-10T08:24:19","guid":{"rendered":"http:\/\/maldives-paradise.com\/?page_id=10419"},"modified":"2025-02-21T07:28:15","modified_gmt":"2025-02-21T07:28:15","slug":"hotels-4-etoiles-aux-maldives-3","status":"publish","type":"page","link":"http:\/\/maldives-paradise.com\/fr\/hotels-4-etoiles-aux-maldives-3\/","title":{"rendered":"H\u00f4tels et complexes 4 \u00e9toiles aux Maldives 3"},"content":{"rendered":"<div class=\"wpb-content-wrapper\"><div class=\"vc_row wpb_row vc_row-fluid\"><div class=\"wpb_column vc_column_container vc_col-sm-12\"><div class=\"vc_column-inner\"><div class=\"wpb_wrapper\">\n\t<div class=\"wpb_text_column wpb_content_element\" >\n\t\t<div class=\"wpb_wrapper\">\n\t\t\t<h3>Une s\u00e9lection d&#039;h\u00f4tels et resorts 4 \u00e9toiles aux Maldives<\/h3>\n<p>Les Maldives abritent de nombreux <strong data-start=\"82\" data-end=\"111\">H\u00f4tels et complexes h\u00f4teliers 4 \u00e9toiles<\/strong>, offrant un \u00e9quilibre parfait entre <strong data-start=\"143\" data-end=\"181\">luxe, confort et prix abordable<\/strong>Ces stations offrent <strong data-start=\"205\" data-end=\"282\">superbes villas en bord de mer, bungalows sur pilotis et excellentes installations<\/strong>, y compris <strong data-start=\"294\" data-end=\"338\">piscines, spas et plusieurs options de restauration<\/strong>.<\/p>\n\n\t\t<\/div>\n\t<\/div>\n<\/div><\/div><\/div><\/div><div class=\"vc_row wpb_row vc_row-fluid\"><div class=\"wpb_column vc_column_container vc_col-sm-3\"><div class=\"vc_column-inner\"><div class=\"wpb_wrapper\">\n\t<div  class=\"wpb_single_image wpb_content_element vc_align_left wpb_content_element\">\n\t\t\n\t\t<figure class=\"wpb_wrapper vc_figure\">\n\t\t\t<a href=\"http:\/\/maldives-paradise.com\/fr\/mercure-maldives-kooddoo-resort\/\" target=\"_self\" class=\"vc_single_image-wrapper   vc_box_border_grey\"><img loading=\"lazy\" decoding=\"async\" width=\"150\" height=\"150\" src=\"https:\/\/maldives-paradise.com\/wp-content\/uploads\/2024\/02\/mercure-1-150x150.jpg\" class=\"vc_single_image-img attachment-thumbnail\" alt=\"Mercure Maldives Kooddoo Resort\" title=\"mercure\" \/><\/a>\n\t\t<\/figure>\n\t<\/div>\n<\/div><\/div><\/div><div class=\"wpb_column vc_column_container vc_col-sm-9\"><div class=\"vc_column-inner\"><div class=\"wpb_wrapper\">\n\t<div class=\"wpb_text_column wpb_content_element\" >\n\t\t<div class=\"wpb_wrapper\">\n\t\t\t<h4><a href=\"http:\/\/maldives-paradise.com\/fr\/mercure-maldives-kooddoo-resort\/\">Mercure Maldives Kooddoo Resort<\/a><\/h4>\n<p>Le Mercure Maldives Kooddoo Resort est un sanctuaire tropical qui promet une escapade hors du commun. Son emplacement isol\u00e9, ses h\u00e9bergements confortables, sa cuisine vari\u00e9e et son engagement en faveur du d\u00e9veloppement durable en font le choix id\u00e9al pour les voyageurs en qu\u00eate de d\u00e9tente et d&#039;aventure.<\/p>\n\n\t\t<\/div>\n\t<\/div>\n<\/div><\/div><\/div><\/div><div class=\"vc_row wpb_row vc_row-fluid\"><div class=\"wpb_column vc_column_container vc_col-sm-3\"><div class=\"vc_column-inner\"><div class=\"wpb_wrapper\">\n\t<div  class=\"wpb_single_image wpb_content_element vc_align_left wpb_content_element\">\n\t\t\n\t\t<figure class=\"wpb_wrapper vc_figure\">\n\t\t\t<a href=\"http:\/\/maldives-paradise.com\/fr\/nakai-alimatha-resort-maldives\/\" target=\"_self\" class=\"vc_single_image-wrapper   vc_box_border_grey\"><img loading=\"lazy\" decoding=\"async\" width=\"150\" height=\"150\" src=\"https:\/\/maldives-paradise.com\/wp-content\/uploads\/2024\/02\/Nakai-Resort-Maldive-alimatha-Over-Water-1-150x150.jpg\" class=\"vc_single_image-img attachment-thumbnail\" alt=\"Nakai Alimatha Resort\" title=\"Nakai-Resort-Maldive-alimatha-Over-Water\" \/><\/a>\n\t\t<\/figure>\n\t<\/div>\n<\/div><\/div><\/div><div class=\"wpb_column vc_column_container vc_col-sm-9\"><div class=\"vc_column-inner\"><div class=\"wpb_wrapper\">\n\t<div class=\"wpb_text_column wpb_content_element\" >\n\t\t<div class=\"wpb_wrapper\">\n\t\t\t<h4><a href=\"http:\/\/maldives-paradise.com\/fr\/nakai-alimatha-resort-maldives\/\">Nakai Alimatha Resort<\/a><\/h4>\n<p>Les Maldives, r\u00e9put\u00e9es pour leurs plages immacul\u00e9es et leur vie marine anim\u00e9e, sont une destination de r\u00eave pour les voyageurs en qu\u00eate d&#039;une escapade tropicale parfaite. Au milieu de cet archipel \u00e0 couper le souffle se trouve <strong>Nakai Alimath\u00e0 Resort<\/strong>, un joyau cach\u00e9 qui offre un m\u00e9lange distinctif de d\u00e9tente, d&#039;aventure et de charme maldivien.<\/p>\n\n\t\t<\/div>\n\t<\/div>\n<\/div><\/div><\/div><\/div><div class=\"vc_row wpb_row vc_row-fluid\"><div class=\"wpb_column vc_column_container vc_col-sm-3\"><div class=\"vc_column-inner\"><div class=\"wpb_wrapper\">\n\t<div  class=\"wpb_single_image wpb_content_element vc_align_left wpb_content_element\">\n\t\t\n\t\t<figure class=\"wpb_wrapper vc_figure\">\n\t\t\t<a href=\"http:\/\/maldives-paradise.com\/fr\/oblu-nature-helengeli-par-sentido\/\" target=\"_self\" class=\"vc_single_image-wrapper   vc_box_border_grey\"><img loading=\"lazy\" decoding=\"async\" width=\"150\" height=\"150\" src=\"https:\/\/maldives-paradise.com\/wp-content\/uploads\/2024\/02\/OBLU-Helengeli-Maldives-400px-1-150x150.jpg\" class=\"vc_single_image-img attachment-thumbnail\" alt=\"OBLU NATURE Helengeli par SENTIDO\" title=\"OBLU-Helengeli-Maldives-400px\" \/><\/a>\n\t\t<\/figure>\n\t<\/div>\n<\/div><\/div><\/div><div class=\"wpb_column vc_column_container vc_col-sm-9\"><div class=\"vc_column-inner\"><div class=\"wpb_wrapper\">\n\t<div class=\"wpb_text_column wpb_content_element\" >\n\t\t<div class=\"wpb_wrapper\">\n\t\t\t<h4><a href=\"http:\/\/maldives-paradise.com\/fr\/oblu-nature-helengeli-par-sentido\/\">OBLU NATURE Helengeli par SENTIDO<\/a><\/h4>\n<p>OBLU NATURE Helengeli by SENTIDO se distingue comme un havre d&#039;exception qui offre un m\u00e9lange unique de luxe, de beaut\u00e9 naturelle et de charme maldivien authentique.<\/p>\n\n\t\t<\/div>\n\t<\/div>\n<\/div><\/div><\/div><\/div><div class=\"vc_row wpb_row vc_row-fluid\"><div class=\"wpb_column vc_column_container vc_col-sm-3\"><div class=\"vc_column-inner\"><div class=\"wpb_wrapper\">\n\t<div  class=\"wpb_single_image wpb_content_element vc_align_left wpb_content_element\">\n\t\t\n\t\t<figure class=\"wpb_wrapper vc_figure\">\n\t\t\t<a href=\"http:\/\/maldives-paradise.com\/fr\/experience-oblu-ailafushi-maldives\/\" target=\"_self\" class=\"vc_single_image-wrapper   vc_box_border_grey\"><img loading=\"lazy\" decoding=\"async\" width=\"150\" height=\"150\" src=\"https:\/\/maldives-paradise.com\/wp-content\/uploads\/2024\/02\/oblu-xperience-400px-1-150x150.jpg\" class=\"vc_single_image-img attachment-thumbnail\" alt=\"OBLU XP\u00c9RIENCE Ailafushi\" title=\"oblu-xperience-400px\" \/><\/a>\n\t\t<\/figure>\n\t<\/div>\n<\/div><\/div><\/div><div class=\"wpb_column vc_column_container vc_col-sm-9\"><div class=\"vc_column-inner\"><div class=\"wpb_wrapper\">\n\t<div class=\"wpb_text_column wpb_content_element\" >\n\t\t<div class=\"wpb_wrapper\">\n\t\t\t<h4><a href=\"http:\/\/maldives-paradise.com\/fr\/experience-oblu-ailafushi-maldives\/\">OBLU XP\u00c9RIENCE Ailafushi<\/a><\/h4>\n<p>OBLU XPERIENCE Ailafushi est un paradis tropical qui promet une escapade extraordinaire. Son emplacement \u00e0 couper le souffle, ses h\u00e9bergements luxueux, sa cuisine vari\u00e9e et son engagement en faveur du d\u00e9veloppement durable en font le choix id\u00e9al pour les voyageurs en qu\u00eate de d\u00e9tente et d&#039;aventure.<\/p>\n\n\t\t<\/div>\n\t<\/div>\n<\/div><\/div><\/div><\/div><div class=\"vc_row wpb_row vc_row-fluid\"><div class=\"wpb_column vc_column_container vc_col-sm-3\"><div class=\"vc_column-inner\"><div class=\"wpb_wrapper\">\n\t<div  class=\"wpb_single_image wpb_content_element vc_align_left wpb_content_element\">\n\t\t\n\t\t<figure class=\"wpb_wrapper vc_figure\">\n\t\t\t<a href=\"http:\/\/maldives-paradise.com\/fr\/palm-beach-island-resort-spa\/\" target=\"_self\" class=\"vc_single_image-wrapper   vc_box_border_grey\"><img loading=\"lazy\" decoding=\"async\" width=\"150\" height=\"150\" src=\"https:\/\/maldives-paradise.com\/wp-content\/uploads\/2024\/02\/palm-beach-island-resort-spa-maldives-400-1-150x150.jpg\" class=\"vc_single_image-img attachment-thumbnail\" alt=\"Palm Beach Island Resort &amp; Spa\" title=\"palm-beach-island-resort-spa-maldives-400\" \/><\/a>\n\t\t<\/figure>\n\t<\/div>\n<\/div><\/div><\/div><div class=\"wpb_column vc_column_container vc_col-sm-9\"><div class=\"vc_column-inner\"><div class=\"wpb_wrapper\">\n\t<div class=\"wpb_text_column wpb_content_element\" >\n\t\t<div class=\"wpb_wrapper\">\n\t\t\t<h4><a href=\"http:\/\/maldives-paradise.com\/fr\/palm-beach-island-resort-spa\/\">Palm Beach Island Resort &amp; Spa<\/a><\/h4>\n<p>Que vous c\u00e9l\u00e9briez une occasion sp\u00e9ciale ou recherchiez une escapade ressour\u00e7ante, le Palm Beach Island Resort &amp; Spa offre une exp\u00e9rience qui cr\u00e9e des souvenirs pr\u00e9cieux. R\u00e9servez votre s\u00e9jour d\u00e8s aujourd&#039;hui et embarquez pour un voyage inoubliable au paradis des Maldives.<\/p>\n\n\t\t<\/div>\n\t<\/div>\n<\/div><\/div><\/div><\/div><div class=\"vc_row wpb_row vc_row-fluid\"><div class=\"wpb_column vc_column_container vc_col-sm-3\"><div class=\"vc_column-inner\"><div class=\"wpb_wrapper\">\n\t<div  class=\"wpb_single_image wpb_content_element vc_align_left wpb_content_element\">\n\t\t\n\t\t<figure class=\"wpb_wrapper vc_figure\">\n\t\t\t<a href=\"http:\/\/maldives-paradise.com\/fr\/sables-perles-des-maldives\/\" target=\"_self\" class=\"vc_single_image-wrapper   vc_box_border_grey\"><img loading=\"lazy\" decoding=\"async\" width=\"150\" height=\"150\" src=\"https:\/\/maldives-paradise.com\/wp-content\/uploads\/2024\/02\/pearl-sands-maldives-1-150x150.jpg\" class=\"vc_single_image-img attachment-thumbnail\" alt=\"Sables perl\u00e9s des Maldives\" title=\"Sables-perliers-maldives\" \/><\/a>\n\t\t<\/figure>\n\t<\/div>\n<\/div><\/div><\/div><div class=\"wpb_column vc_column_container vc_col-sm-9\"><div class=\"vc_column-inner\"><div class=\"wpb_wrapper\">\n\t<div class=\"wpb_text_column wpb_content_element\" >\n\t\t<div class=\"wpb_wrapper\">\n\t\t\t<h4><a href=\"http:\/\/maldives-paradise.com\/fr\/sables-perles-des-maldives\/\">Sables perl\u00e9s des Maldives<\/a><\/h4>\n<p>Pearl Sands of Maldives est un joyau tropical cach\u00e9 qui promet une escapade extraordinaire. Son emplacement isol\u00e9, ses h\u00e9bergements luxueux et sa cuisine vari\u00e9e en font le choix id\u00e9al pour les voyageurs en qu\u00eate de d\u00e9tente et d&#039;aventure.<\/p>\n\n\t\t<\/div>\n\t<\/div>\n<\/div><\/div><\/div><\/div><div class=\"vc_row wpb_row vc_row-fluid\"><div class=\"wpb_column vc_column_container vc_col-sm-3\"><div class=\"vc_column-inner\"><div class=\"wpb_wrapper\">\n\t<div  class=\"wpb_single_image wpb_content_element vc_align_left wpb_content_element\">\n\t\t\n\t\t<figure class=\"wpb_wrapper vc_figure\">\n\t\t\t<a href=\"http:\/\/maldives-paradise.com\/fr\/plumeria-maldives\/\" target=\"_self\" class=\"vc_single_image-wrapper   vc_box_border_grey\"><img loading=\"lazy\" decoding=\"async\" width=\"150\" height=\"150\" src=\"https:\/\/maldives-paradise.com\/wp-content\/uploads\/2024\/02\/plumeria-maldives-1-150x150.jpg\" class=\"vc_single_image-img attachment-thumbnail\" alt=\"Plumeria Maldives\" title=\"plumeria-maldives\" \/><\/a>\n\t\t<\/figure>\n\t<\/div>\n<\/div><\/div><\/div><div class=\"wpb_column vc_column_container vc_col-sm-9\"><div class=\"vc_column-inner\"><div class=\"wpb_wrapper\">\n\t<div class=\"wpb_text_column wpb_content_element\" >\n\t\t<div class=\"wpb_wrapper\">\n\t\t\t<h4><a href=\"http:\/\/maldives-paradise.com\/fr\/plumeria-maldives\/\">Plumeria Maldives<\/a><\/h4>\n<p>Que vous c\u00e9l\u00e9briez une occasion sp\u00e9ciale ou recherchiez une escapade ressour\u00e7ante, Plumeria Maldives offre une exp\u00e9rience qui cr\u00e9e des souvenirs pr\u00e9cieux. R\u00e9servez votre s\u00e9jour d\u00e8s aujourd&#039;hui et embarquez pour un voyage inoubliable au paradis des Maldives.<\/p>\n\n\t\t<\/div>\n\t<\/div>\n<\/div><\/div><\/div><\/div><div class=\"vc_row wpb_row vc_row-fluid\"><div class=\"wpb_column vc_column_container vc_col-sm-3\"><div class=\"vc_column-inner\"><div class=\"wpb_wrapper\">\n\t<div  class=\"wpb_single_image wpb_content_element vc_align_left wpb_content_element\">\n\t\t\n\t\t<figure class=\"wpb_wrapper vc_figure\">\n\t\t\t<a href=\"http:\/\/maldives-paradise.com\/fr\/rahaa-resort-aux-maldives\/\" target=\"_self\" class=\"vc_single_image-wrapper   vc_box_border_grey\"><img loading=\"lazy\" decoding=\"async\" width=\"150\" height=\"150\" src=\"https:\/\/maldives-paradise.com\/wp-content\/uploads\/2024\/02\/rahaa-1-150x150.jpg\" class=\"vc_single_image-img attachment-thumbnail\" alt=\"Rahaa Resort Maldives\" title=\"rahaa\" \/><\/a>\n\t\t<\/figure>\n\t<\/div>\n<\/div><\/div><\/div><div class=\"wpb_column vc_column_container vc_col-sm-9\"><div class=\"vc_column-inner\"><div class=\"wpb_wrapper\">\n\t<div class=\"wpb_text_column wpb_content_element\" >\n\t\t<div class=\"wpb_wrapper\">\n\t\t\t<h4><a href=\"http:\/\/maldives-paradise.com\/fr\/rahaa-resort-aux-maldives\/\">Rahaa Resort Maldives<\/a><\/h4>\n<p>Rahaa Resort Maldives est un complexe insulaire exclusif qui offre un m\u00e9lange unique de luxe, de d\u00e9tente et de charme maldivien. C&#039;est un choix remarquable pour vos vacances de r\u00eave.<\/p>\n\n\t\t<\/div>\n\t<\/div>\n<\/div><\/div><\/div><\/div><div class=\"vc_row wpb_row vc_row-fluid\"><div class=\"wpb_column vc_column_container vc_col-sm-3\"><div class=\"vc_column-inner\"><div class=\"wpb_wrapper\">\n\t<div  class=\"wpb_single_image wpb_content_element vc_align_left wpb_content_element\">\n\t\t\n\t\t<figure class=\"wpb_wrapper vc_figure\">\n\t\t\t<a href=\"http:\/\/maldives-paradise.com\/fr\/station-balneaire-de-reethi\/\" target=\"_self\" class=\"vc_single_image-wrapper   vc_box_border_grey\"><img loading=\"lazy\" decoding=\"async\" width=\"150\" height=\"150\" src=\"https:\/\/maldives-paradise.com\/wp-content\/uploads\/2024\/02\/reethi-beach-resort-1-150x150.jpg\" class=\"vc_single_image-img attachment-thumbnail\" alt=\"Reethi Beach Resort\" title=\"reethi-beach-resort\" \/><\/a>\n\t\t<\/figure>\n\t<\/div>\n<\/div><\/div><\/div><div class=\"wpb_column vc_column_container vc_col-sm-9\"><div class=\"vc_column-inner\"><div class=\"wpb_wrapper\">\n\t<div class=\"wpb_text_column wpb_content_element\" >\n\t\t<div class=\"wpb_wrapper\">\n\t\t\t<h4><a href=\"http:\/\/maldives-paradise.com\/fr\/station-balneaire-de-reethi\/\">Reethi Beach Resort<\/a><\/h4>\n<p>Reethi Beach Resort est une \u00eele de vill\u00e9giature tropicale qui promet une escapade extraordinaire. Son emplacement idyllique, ses h\u00e9bergements luxueux, sa cuisine diversifi\u00e9e et son d\u00e9vouement en font le choix id\u00e9al pour les voyageurs en qu\u00eate de d\u00e9tente et d&#039;aventure.<\/p>\n\n\t\t<\/div>\n\t<\/div>\n<\/div><\/div><\/div><\/div><div class=\"vc_row wpb_row vc_row-fluid\"><div class=\"wpb_column vc_column_container vc_col-sm-3\"><div class=\"vc_column-inner\"><div class=\"wpb_wrapper\">\n\t<div  class=\"wpb_single_image wpb_content_element vc_align_left wpb_content_element\">\n\t\t\n\t\t<figure class=\"wpb_wrapper vc_figure\">\n\t\t\t<a href=\"http:\/\/maldives-paradise.com\/fr\/centre-de-villegiature-reethi-faru\/\" target=\"_self\" class=\"vc_single_image-wrapper   vc_box_border_grey\"><img loading=\"lazy\" decoding=\"async\" width=\"150\" height=\"150\" src=\"https:\/\/maldives-paradise.com\/wp-content\/uploads\/2024\/02\/reethi-faru-1-150x150.jpg\" class=\"vc_single_image-img attachment-thumbnail\" alt=\"Reethi Faru Resort\" title=\"reethi-faru\" \/><\/a>\n\t\t<\/figure>\n\t<\/div>\n<\/div><\/div><\/div><div class=\"wpb_column vc_column_container vc_col-sm-9\"><div class=\"vc_column-inner\"><div class=\"wpb_wrapper\">\n\t<div class=\"wpb_text_column wpb_content_element\" >\n\t\t<div class=\"wpb_wrapper\">\n\t\t\t<h4><a href=\"http:\/\/maldives-paradise.com\/fr\/centre-de-villegiature-reethi-faru\/\">Reethi Faru Resort<\/a><\/h4>\n<p>Que vous soyez amateur d&#039;aventure ou en qu\u00eate de d\u00e9tente, la station propose des activit\u00e9s pour tous les go\u00fbts. Explorez le monde sous-marin vibrant avec des aventures de plong\u00e9e en apn\u00e9e et de plong\u00e9e sous-marine.<\/p>\n\n\t\t<\/div>\n\t<\/div>\n<\/div><\/div><\/div><\/div><div class=\"vc_row wpb_row vc_row-fluid\"><div class=\"wpb_column vc_column_container vc_col-sm-3\"><div class=\"vc_column-inner\"><div class=\"wpb_wrapper\">\n\t<div  class=\"wpb_single_image wpb_content_element vc_align_left wpb_content_element\">\n\t\t\n\t\t<figure class=\"wpb_wrapper vc_figure\">\n\t\t\t<a href=\"http:\/\/maldives-paradise.com\/fr\/rihiveli-maldives-resort\/\" target=\"_self\" class=\"vc_single_image-wrapper   vc_box_border_grey\"><img loading=\"lazy\" decoding=\"async\" width=\"150\" height=\"150\" src=\"https:\/\/maldives-paradise.com\/wp-content\/uploads\/2024\/02\/Rihiveli-Maldives-Resort-1-150x150.jpeg\" class=\"vc_single_image-img attachment-thumbnail\" alt=\"Rihiveli Maldives Resort\" title=\"Rihiveli-Maldives-Resort\" \/><\/a>\n\t\t<\/figure>\n\t<\/div>\n<\/div><\/div><\/div><div class=\"wpb_column vc_column_container vc_col-sm-9\"><div class=\"vc_column-inner\"><div class=\"wpb_wrapper\">\n\t<div class=\"wpb_text_column wpb_content_element\" >\n\t\t<div class=\"wpb_wrapper\">\n\t\t\t<h4><a href=\"http:\/\/maldives-paradise.com\/fr\/rihiveli-maldives-resort\/\">Rihiveli Maldives Resort<\/a><\/h4>\n<p>Le Rihiveli Maldives Resort est un havre intemporel qui incarne la v\u00e9ritable essence de l&#039;\u00eele paradisiaque. D\u00e9couvrez les faits fascinants et les caract\u00e9ristiques uniques qui font du Rihiveli Maldives Resort un choix extraordinaire pour vos vacances de r\u00eave.<\/p>\n\n\t\t<\/div>\n\t<\/div>\n<\/div><\/div><\/div><\/div><div class=\"vc_row wpb_row vc_row-fluid\"><div class=\"wpb_column vc_column_container vc_col-sm-3\"><div class=\"vc_column-inner\"><div class=\"wpb_wrapper\">\n\t<div  class=\"wpb_single_image wpb_content_element vc_align_left wpb_content_element\">\n\t\t\n\t\t<figure class=\"wpb_wrapper vc_figure\">\n\t\t\t<a href=\"http:\/\/maldives-paradise.com\/fr\/robinson-maldives-resort\/\" target=\"_self\" class=\"vc_single_image-wrapper   vc_box_border_grey\"><img loading=\"lazy\" decoding=\"async\" width=\"150\" height=\"150\" src=\"https:\/\/maldives-paradise.com\/wp-content\/uploads\/2024\/02\/robinson-maldives-1-150x150.jpg\" class=\"vc_single_image-img attachment-thumbnail\" alt=\"Robinson Maldives\" title=\"Robinson maldives\" \/><\/a>\n\t\t<\/figure>\n\t<\/div>\n<\/div><\/div><\/div><div class=\"wpb_column vc_column_container vc_col-sm-9\"><div class=\"vc_column-inner\"><div class=\"wpb_wrapper\">\n\t<div class=\"wpb_text_column wpb_content_element\" >\n\t\t<div class=\"wpb_wrapper\">\n\t\t\t<h4><a href=\"http:\/\/maldives-paradise.com\/fr\/robinson-maldives-resort\/\">Robinson Maldives<\/a><\/h4>\n<p>Que vous c\u00e9l\u00e9briez une occasion sp\u00e9ciale ou recherchiez une escapade ressour\u00e7ante, le Robinson Maldives Resort r\u00e9serv\u00e9 aux adultes offre une exp\u00e9rience qui cr\u00e9e des souvenirs pr\u00e9cieux. R\u00e9servez votre s\u00e9jour d\u00e8s aujourd&#039;hui et embarquez pour un voyage vers un paradis enchanteur aux Maldives.<\/p>\n\n\t\t<\/div>\n\t<\/div>\n<\/div><\/div><\/div><\/div><div class=\"vc_row wpb_row vc_row-fluid\"><div class=\"wpb_column vc_column_container vc_col-sm-12\"><div class=\"vc_column-inner\"><div class=\"wpb_wrapper\">\n\t<div class=\"wpb_text_column wpb_content_element\" >\n\t\t<div class=\"wpb_wrapper\">\n\t\t\t<h3>H\u00f4tels et complexes 4 \u00e9toiles aux Maldives\u00a0<a href=\"http:\/\/maldives-paradise.com\/fr\/hotels-4-etoiles-aux-maldives\/\">Page 1<\/a>\u00a0 <a href=\"http:\/\/maldives-paradise.com\/fr\/hotels-4-etoiles-aux-maldives-2\/\">Page 2<\/a>\u00a0 <a href=\"http:\/\/maldives-paradise.com\/fr\/hotels-4-etoiles-aux-maldives-4\/\">Page 4<\/a><\/h3>\n<h3><\/h3>\n<p>&nbsp;<\/p>\n\n\t\t<\/div>\n\t<\/div>\n<\/div><\/div><\/div><\/div>\n<\/div>","protected":false},"excerpt":{"rendered":"<div class=\"mh-excerpt\"><\/div>","protected":false},"author":1,"featured_media":0,"parent":0,"menu_order":0,"comment_status":"closed","ping_status":"closed","template":"","meta":{"footnotes":""},"class_list":["post-10419","page","type-page","status-publish"],"aioseo_notices":[],"_links":{"self":[{"href":"http:\/\/maldives-paradise.com\/fr\/wp-json\/wp\/v2\/pages\/10419","targetHints":{"allow":["GET"]}}],"collection":[{"href":"http:\/\/maldives-paradise.com\/fr\/wp-json\/wp\/v2\/pages"}],"about":[{"href":"http:\/\/maldives-paradise.com\/fr\/wp-json\/wp\/v2\/types\/page"}],"author":[{"embeddable":true,"href":"http:\/\/maldives-paradise.com\/fr\/wp-json\/wp\/v2\/users\/1"}],"replies":[{"embeddable":true,"href":"http:\/\/maldives-paradise.com\/fr\/wp-json\/wp\/v2\/comments?post=10419"}],"version-history":[{"count":6,"href":"http:\/\/maldives-paradise.com\/fr\/wp-json\/wp\/v2\/pages\/10419\/revisions"}],"predecessor-version":[{"id":34286,"href":"http:\/\/maldives-paradise.com\/fr\/wp-json\/wp\/v2\/pages\/10419\/revisions\/34286"}],"wp:attachment":[{"href":"http:\/\/maldives-paradise.com\/fr\/wp-json\/wp\/v2\/media?parent=10419"}],"curies":[{"name":"wp","href":"https:\/\/api.w.org\/{rel}","templated":true}]}}