{"id":10378,"date":"2024-02-09T17:00:02","date_gmt":"2024-02-09T17:00:02","guid":{"rendered":"http:\/\/maldives-paradise.com\/?page_id=10378"},"modified":"2024-09-14T08:09:28","modified_gmt":"2024-09-14T08:09:28","slug":"geographie-et-meteo","status":"publish","type":"page","link":"http:\/\/maldives-paradise.com\/fr\/geographie-et-meteo\/","title":{"rendered":"G\u00e9ographie et m\u00e9t\u00e9o"},"content":{"rendered":"<div class=\"wpb-content-wrapper\"><div class=\"vc_row wpb_row vc_row-fluid\"><div class=\"wpb_column vc_column_container vc_col-sm-12\"><div class=\"vc_column-inner\"><div class=\"wpb_wrapper\">\n\t<div class=\"wpb_text_column wpb_content_element\" >\n\t\t<div class=\"wpb_wrapper\">\n\t\t\t<h3>G\u00e9ographie et m\u00e9t\u00e9o aux Maldives<\/h3>\n\n\t\t<\/div>\n\t<\/div>\n<\/div><\/div><\/div><\/div><div class=\"vc_row wpb_row vc_row-fluid\"><div class=\"wpb_column vc_column_container vc_col-sm-12\"><div class=\"vc_column-inner\"><div class=\"wpb_wrapper\">\n\t<div  class=\"wpb_single_image wpb_content_element vc_align_left wpb_content_element\">\n\t\t\n\t\t<figure class=\"wpb_wrapper vc_figure\">\n\t\t\t<div class=\"vc_single_image-wrapper   vc_box_border_grey\"><img loading=\"lazy\" decoding=\"async\" width=\"800\" height=\"600\" src=\"https:\/\/maldives-paradise.com\/wp-content\/uploads\/2024\/02\/maldives-1095102_1280.jpg\" class=\"vc_single_image-img attachment-full\" alt=\"Un atoll aux Maldives\" title=\"maldives-1095102_1280\" srcset=\"https:\/\/maldives-paradise.com\/wp-content\/uploads\/2024\/02\/maldives-1095102_1280.jpg 800w, https:\/\/maldives-paradise.com\/wp-content\/uploads\/2024\/02\/maldives-1095102_1280-300x225.jpg 300w, https:\/\/maldives-paradise.com\/wp-content\/uploads\/2024\/02\/maldives-1095102_1280-768x576.jpg 768w, https:\/\/maldives-paradise.com\/wp-content\/uploads\/2024\/02\/maldives-1095102_1280-16x12.jpg 16w, https:\/\/maldives-paradise.com\/wp-content\/uploads\/2024\/02\/maldives-1095102_1280-678x509.jpg 678w, https:\/\/maldives-paradise.com\/wp-content\/uploads\/2024\/02\/maldives-1095102_1280-326x245.jpg 326w, https:\/\/maldives-paradise.com\/wp-content\/uploads\/2024\/02\/maldives-1095102_1280-80x60.jpg 80w, https:\/\/maldives-paradise.com\/wp-content\/uploads\/2024\/02\/maldives-1095102_1280-500x375.jpg 500w\" sizes=\"auto, (max-width: 800px) 100vw, 800px\" \/><\/div>\n\t\t<\/figure>\n\t<\/div>\n<\/div><\/div><\/div><\/div><div class=\"vc_row wpb_row vc_row-fluid\"><div class=\"wpb_column vc_column_container vc_col-sm-12\"><div class=\"vc_column-inner\"><div class=\"wpb_wrapper\">\n\t<div class=\"wpb_text_column wpb_content_element\" >\n\t\t<div class=\"wpb_wrapper\">\n\t\t\t<p><strong>G\u00e9ographie<\/strong><\/p>\n<p>Les Maldives sont un pays et un archipel situ\u00e9s dans l&#039;oc\u00e9an Indien, \u00e0 environ 2 000 km au sud des c\u00f4tes indiennes et au sud-ouest du Sri Lanka. Il s&#039;\u00e9tendait sur 900 kilom\u00e8tres du nord au sud. Ce magnifique archipel comprenant 26 atolls et plus de 1 000 \u00eeles coralliennes. Ces atolls, form\u00e9s de r\u00e9cifs coralliens. Elle est r\u00e9put\u00e9e dans le monde entier pour sa beaut\u00e9 naturelle \u00e0 couper le souffle et son luxe sans pr\u00e9c\u00e9dent. Les Maldives sont un paradis tropical qui attire les voyageurs avec ses plages immacul\u00e9es, ses eaux azur et sa vie marine vibrante.<\/p>\n<p><strong>Climat<\/strong><\/p>\n<p>Les Maldives b\u00e9n\u00e9ficient d&#039;un climat tropical caract\u00e9ris\u00e9 par deux saisons distinctes : la saison s\u00e8che (mousson du nord-est) et la saison des pluies (mousson du sud-ouest).<br \/>\nLa saison s\u00e8che, qui s&#039;\u00e9tend g\u00e9n\u00e9ralement de d\u00e9cembre \u00e0 avril, offre un ciel clair, un soleil abondant et une mer calme, ce qui en fait le moment id\u00e9al pour les amoureux de la plage et les amateurs d&#039;eau. Pendant cette p\u00e9riode, les temp\u00e9ratures varient de 25\u00b0C \u00e0 31\u00b0C (77\u00b0F \u00e0 88\u00b0F), cr\u00e9ant des conditions id\u00e9ales pour la plong\u00e9e en apn\u00e9e, la plong\u00e9e et d&#039;autres activit\u00e9s nautiques.<\/p>\n<p>\u00c0 l\u2019inverse, la saison des pluies, qui s\u2019\u00e9tend de mai \u00e0 novembre, apporte des pluies occasionnelles et des vents plus forts. Malgr\u00e9 les averses sporadiques, les temp\u00e9ratures restent chaudes, allant de 26\u00b0C \u00e0 30\u00b0C (79\u00b0F \u00e0 86\u00b0F). M\u00eame si certains h\u00e9sitent \u00e0 visiter pendant cette p\u00e9riode, la saison des pluies offre son propre attrait, notamment des prix plus bas, moins de monde et la possibilit\u00e9 de d\u00e9couvrir les Maldives dans un \u00e9tat plus tranquille.<\/p>\n<p><a href=\"https:\/\/maldives-paradise.com\/fr\/saisons-aux-maldives-2\/\">Saisons aux Maldives<\/a><\/p>\n\n\t\t<\/div>\n\t<\/div>\n<\/div><\/div><\/div><\/div>\n<\/div>","protected":false},"excerpt":{"rendered":"<div class=\"mh-excerpt\"><\/div>","protected":false},"author":1,"featured_media":10379,"parent":0,"menu_order":0,"comment_status":"closed","ping_status":"closed","template":"","meta":{"footnotes":""},"class_list":["post-10378","page","type-page","status-publish","has-post-thumbnail"],"aioseo_notices":[],"_links":{"self":[{"href":"http:\/\/maldives-paradise.com\/fr\/wp-json\/wp\/v2\/pages\/10378","targetHints":{"allow":["GET"]}}],"collection":[{"href":"http:\/\/maldives-paradise.com\/fr\/wp-json\/wp\/v2\/pages"}],"about":[{"href":"http:\/\/maldives-paradise.com\/fr\/wp-json\/wp\/v2\/types\/page"}],"author":[{"embeddable":true,"href":"http:\/\/maldives-paradise.com\/fr\/wp-json\/wp\/v2\/users\/1"}],"replies":[{"embeddable":true,"href":"http:\/\/maldives-paradise.com\/fr\/wp-json\/wp\/v2\/comments?post=10378"}],"version-history":[{"count":2,"href":"http:\/\/maldives-paradise.com\/fr\/wp-json\/wp\/v2\/pages\/10378\/revisions"}],"predecessor-version":[{"id":24639,"href":"http:\/\/maldives-paradise.com\/fr\/wp-json\/wp\/v2\/pages\/10378\/revisions\/24639"}],"wp:featuredmedia":[{"embeddable":true,"href":"http:\/\/maldives-paradise.com\/fr\/wp-json\/wp\/v2\/media\/10379"}],"wp:attachment":[{"href":"http:\/\/maldives-paradise.com\/fr\/wp-json\/wp\/v2\/media?parent=10378"}],"curies":[{"name":"wp","href":"https:\/\/api.w.org\/{rel}","templated":true}]}}