{"id":10340,"date":"2024-02-08T19:07:28","date_gmt":"2024-02-08T19:07:28","guid":{"rendered":"http:\/\/maldives-paradise.com\/?page_id=10340"},"modified":"2025-01-06T09:09:08","modified_gmt":"2025-01-06T09:09:08","slug":"activites-populaires-a-faire-aux-maldives","status":"publish","type":"page","link":"http:\/\/maldives-paradise.com\/fr\/activites-populaires-a-faire-aux-maldives\/","title":{"rendered":"Activit\u00e9s populaires \u00e0 faire aux Maldives"},"content":{"rendered":"<div class=\"wpb-content-wrapper\"><div class=\"vc_row wpb_row vc_row-fluid\"><div class=\"wpb_column vc_column_container vc_col-sm-12\"><div class=\"vc_column-inner\"><div class=\"wpb_wrapper\">\n\t<div  class=\"wpb_single_image wpb_content_element vc_align_left wpb_content_element\">\n\t\t\n\t\t<figure class=\"wpb_wrapper vc_figure\">\n\t\t\t<div class=\"vc_single_image-wrapper   vc_box_border_grey\"><img loading=\"lazy\" decoding=\"async\" width=\"1280\" height=\"850\" src=\"https:\/\/maldives-paradise.com\/wp-content\/uploads\/2024\/02\/atoll-2179281_1280.jpg\" class=\"vc_single_image-img attachment-full\" alt=\"Activit\u00e9s populaires \u00e0 faire\" title=\"atoll-2179281_1280\" srcset=\"https:\/\/maldives-paradise.com\/wp-content\/uploads\/2024\/02\/atoll-2179281_1280.jpg 1280w, https:\/\/maldives-paradise.com\/wp-content\/uploads\/2024\/02\/atoll-2179281_1280-300x199.jpg 300w, https:\/\/maldives-paradise.com\/wp-content\/uploads\/2024\/02\/atoll-2179281_1280-1024x680.jpg 1024w, https:\/\/maldives-paradise.com\/wp-content\/uploads\/2024\/02\/atoll-2179281_1280-768x510.jpg 768w, https:\/\/maldives-paradise.com\/wp-content\/uploads\/2024\/02\/atoll-2179281_1280-18x12.jpg 18w, https:\/\/maldives-paradise.com\/wp-content\/uploads\/2024\/02\/atoll-2179281_1280-500x332.jpg 500w, https:\/\/maldives-paradise.com\/wp-content\/uploads\/2024\/02\/atoll-2179281_1280-800x531.jpg 800w\" sizes=\"auto, (max-width: 1280px) 100vw, 1280px\" \/><\/div>\n\t\t<\/figure>\n\t<\/div>\n<\/div><\/div><\/div><\/div><div class=\"vc_row wpb_row vc_row-fluid\"><div class=\"wpb_column vc_column_container vc_col-sm-12\"><div class=\"vc_column-inner\"><div class=\"wpb_wrapper\">\n\t<div class=\"wpb_text_column wpb_content_element\" >\n\t\t<div class=\"wpb_wrapper\">\n\t\t\t<p>Les Maldives, avec leurs superbes atolls coralliens, leurs eaux turquoise et leurs plages bord\u00e9es de palmiers, sont une destination de r\u00eave pour les voyageurs en qu\u00eate d&#039;une escapade tropicale pas comme les autres. Au-del\u00e0 de leur beaut\u00e9 \u00e0 couper le souffle, les Maldives offrent de nombreuses activit\u00e9s et exp\u00e9riences qui s&#039;adressent \u00e0 tous les types de voyageurs. Des sports nautiques palpitants aux retraites relaxantes au bord de la plage, voici les activit\u00e9s les plus populaires \u00e0 faire aux Maldives\u00a0:<\/p>\n<p><strong>Snorkeling et plong\u00e9e :<\/strong><\/p>\n<p>Les Maldives sont r\u00e9put\u00e9es pour leurs r\u00e9cifs coralliens vibrants et leur vie marine diversifi\u00e9e, ce qui en fait un paradis pour les plongeurs et les plongeurs. Explorez des jardins sous-marins regorgeant de poissons color\u00e9s, de majestueuses raies manta et de gracieuses tortues de mer. Avec de nombreux sites de plong\u00e9e diss\u00e9min\u00e9s dans tout l&#039;archipel, dont des spots c\u00e9l\u00e8bres comme Maaya Thila et Fish Head, les merveilles sous-marines ne manquent pas \u00e0 d\u00e9couvrir.<\/p>\n<p><strong>Sports nautiques:<br \/>\n<\/strong><br \/>\nPour les accros \u00e0 l&#039;adr\u00e9naline et les amateurs de sports nautiques, les Maldives offrent un large \u00e9ventail d&#039;activit\u00e9s pour faire battre votre c\u0153ur. Essayez-vous \u00e0 la planche \u00e0 voile, au kitesurf ou au parachute ascensionnel et vivez le frisson de glisser sur les eaux cristallines de l&#039;oc\u00e9an Indien. Le kayak, le paddleboard et le jet-ski sont \u00e9galement des options populaires pour ceux qui souhaitent explorer les lagons et les for\u00eats de mangroves de l&#039;\u00eele.<\/p>\n<p><strong>Croisi\u00e8res au coucher du soleil\u00a0:<\/strong><\/p>\n<p>Peu d\u2019exp\u00e9riences se comparent \u00e0 l\u2019observation du coucher de soleil sur l\u2019horizon des Maldives depuis le pont d\u2019un bateau dhoni traditionnel. Les croisi\u00e8res au coucher du soleil offrent l\u2019occasion id\u00e9ale de se d\u00e9tendre tout en admirant la beaut\u00e9 \u00e0 couper le souffle des \u00eeles. Sirotez un cocktail rafra\u00eechissant, sentez la douce brise marine sur votre peau et assistez au spectacle spectaculaire de la nature alors que le ciel se pare de nuances d&#039;orange, de rose et de violet.<\/p>\n<p><strong>\u00cele en \u00eele:<\/strong><\/p>\n<p>Avec plus de 1 000 \u00eeles dispers\u00e9es \u00e0 travers les Maldives, parcourir les \u00eeles est une activit\u00e9 incontournable pour les visiteurs souhaitant explorer la diversit\u00e9 des paysages et des cultures de l&#039;archipel. Montez \u00e0 bord d&#039;un hors-bord ou d&#039;un hydravion et embarquez pour un voyage vers des \u00eeles inhabit\u00e9es, des villages de p\u00eacheurs locaux et des complexes h\u00f4teliers de luxe. Chaque \u00eele offre son propre charme unique, des plages immacul\u00e9es et de la v\u00e9g\u00e9tation luxuriante aux r\u00e9cifs coralliens vibrants et aux lagons cristallins.<\/p>\n<p><strong>Retraites spa\u00a0:<\/strong><\/p>\n<p>Apr\u00e8s une journ\u00e9e pass\u00e9e \u00e0 explorer les merveilles naturelles des Maldives, offrez-vous une exp\u00e9rience spa revigorante dans l&#039;un des complexes h\u00f4teliers de classe mondiale de l&#039;\u00eele. Offrez-vous des soins luxueux inspir\u00e9s des rituels traditionnels des Maldives, tels que des massages \u00e0 la noix de coco, des gommages au sel marin et des bains de fleurs aromatiques. La d\u00e9tente est facile aux Maldives, o\u00f9 les sons apaisants de l&#039;oc\u00e9an et les douces brises marines cr\u00e9ent l&#039;ambiance parfaite pour se faire dorloter.<\/p>\n<p><strong>Observation des dauphins\u00a0:<\/strong><\/p>\n<p>Aucun voyage aux Maldives n&#039;est complet sans assister aux pitreries ludiques de ses dauphins \u00e0 long bec. Participez \u00e0 une excursion d&#039;observation des dauphins et partez \u00e0 la recherche de ces mammif\u00e8res marins charismatiques alors qu&#039;ils s&#039;\u00e9battent et sautent \u00e0 travers les vagues. Que vous naviguiez au coucher ou au lever du soleil, la vue des dauphins dansant dans les eaux chaudes de l&#039;oc\u00e9an Indien laissera \u00e0 coup s\u00fbr une impression durable.<\/p>\n<p><strong>Conclusion:<\/strong><\/p>\n<p>Des aventures sous-marines aux croisi\u00e8res au coucher du soleil et aux retraites spa, les Maldives offrent une multitude d&#039;exp\u00e9riences qui r\u00e9pondent aux d\u00e9sirs de chaque voyageur. Que vous soyez en qu\u00eate de sensations fortes, de d\u00e9tente ou d&#039;immersion culturelle, ce paradis tropical a de quoi plaire \u00e0 chacun. Alors faites vos valises, lancez-vous dans l&#039;aventure et d\u00e9couvrez par vous-m\u00eame la magie des Maldives.<\/p>\n\n\t\t<\/div>\n\t<\/div>\n<\/div><\/div><\/div><\/div><div class=\"vc_row wpb_row vc_row-fluid\"><div class=\"wpb_column vc_column_container vc_col-sm-12\"><div class=\"vc_column-inner\"><div class=\"wpb_wrapper\">\n\t<div class=\"wpb_text_column wpb_content_element\" >\n\t\t<div class=\"wpb_wrapper\">\n\t\t\t<p><a title=\"Les meilleurs spots de plong\u00e9e aux Maldives\" href=\"https:\/\/maldives-paradise.com\/fr\/2024\/01\/meilleurs-spots-de-plongee-aux-maldives\/\"><strong>Meilleurs spots de plong\u00e9e aux Maldives<\/strong><\/a><\/p>\n\n\t\t<\/div>\n\t<\/div>\n<\/div><\/div><\/div><\/div>\n<\/div>","protected":false},"excerpt":{"rendered":"<div class=\"mh-excerpt\"><\/div>","protected":false},"author":1,"featured_media":10341,"parent":0,"menu_order":0,"comment_status":"closed","ping_status":"closed","template":"","meta":{"footnotes":""},"class_list":["post-10340","page","type-page","status-publish","has-post-thumbnail"],"aioseo_notices":[],"_links":{"self":[{"href":"http:\/\/maldives-paradise.com\/fr\/wp-json\/wp\/v2\/pages\/10340","targetHints":{"allow":["GET"]}}],"collection":[{"href":"http:\/\/maldives-paradise.com\/fr\/wp-json\/wp\/v2\/pages"}],"about":[{"href":"http:\/\/maldives-paradise.com\/fr\/wp-json\/wp\/v2\/types\/page"}],"author":[{"embeddable":true,"href":"http:\/\/maldives-paradise.com\/fr\/wp-json\/wp\/v2\/users\/1"}],"replies":[{"embeddable":true,"href":"http:\/\/maldives-paradise.com\/fr\/wp-json\/wp\/v2\/comments?post=10340"}],"version-history":[{"count":6,"href":"http:\/\/maldives-paradise.com\/fr\/wp-json\/wp\/v2\/pages\/10340\/revisions"}],"predecessor-version":[{"id":32109,"href":"http:\/\/maldives-paradise.com\/fr\/wp-json\/wp\/v2\/pages\/10340\/revisions\/32109"}],"wp:featuredmedia":[{"embeddable":true,"href":"http:\/\/maldives-paradise.com\/fr\/wp-json\/wp\/v2\/media\/10341"}],"wp:attachment":[{"href":"http:\/\/maldives-paradise.com\/fr\/wp-json\/wp\/v2\/media?parent=10340"}],"curies":[{"name":"wp","href":"https:\/\/api.w.org\/{rel}","templated":true}]}}