{"id":10281,"date":"2024-02-07T15:43:14","date_gmt":"2024-02-07T15:43:14","guid":{"rendered":"http:\/\/maldives-paradise.com\/?page_id=10281"},"modified":"2025-10-10T14:50:48","modified_gmt":"2025-10-10T14:50:48","slug":"plumeria-maldives","status":"publish","type":"page","link":"http:\/\/maldives-paradise.com\/fr\/plumeria-maldives\/","title":{"rendered":"Plumeria Maldives"},"content":{"rendered":"<div class=\"wpb-content-wrapper\"><div class=\"vc_row wpb_row vc_row-fluid\"><div class=\"wpb_column vc_column_container vc_col-sm-12\"><div class=\"vc_column-inner\"><div class=\"wpb_wrapper\">\n\t<div class=\"wpb_text_column wpb_content_element\" >\n\t\t<div class=\"wpb_wrapper\">\n\t\t\t<h3>Plumeria Maldives\u00a0: votre porte d&#039;entr\u00e9e vers le luxe tropical<\/h3>\n\n\t\t<\/div>\n\t<\/div>\n<\/div><\/div><\/div><\/div><div class=\"vc_row wpb_row vc_row-fluid\"><div class=\"wpb_column vc_column_container vc_col-sm-12\"><div class=\"vc_column-inner\"><div class=\"wpb_wrapper\">\n\t<div class=\"wpb_video_widget wpb_content_element vc_clearfix   vc_video-aspect-ratio-169 vc_video-el-width-100 vc_video-align-left\" >\n\t\t<div class=\"wpb_wrapper\">\n\t\t\t\n\t\t\t<div class=\"wpb_video_wrapper\"><iframe loading=\"lazy\" title=\"Plumeria Maldives Atoll de Thinadhoo Vaavu\" width=\"500\" height=\"281\" src=\"https:\/\/www.youtube.com\/embed\/_TuZkWxHK5s?feature=oembed\" frameborder=\"0\" allow=\"accelerometer; autoplay; clipboard-write; encrypted-media; gyroscope; picture-in-picture; web-share\" allowfullscreen><\/iframe><\/div>\n\t\t<\/div>\n\t<\/div>\n<\/div><\/div><\/div><\/div><div class=\"vc_row wpb_row vc_row-fluid\"><div class=\"wpb_column vc_column_container vc_col-sm-12\"><div class=\"vc_column-inner\"><div class=\"wpb_wrapper\">\n\t<div class=\"wpb_text_column wpb_content_element\" >\n\t\t<div class=\"wpb_wrapper\">\n\t\t\t<p>Les Maldives, r\u00e9put\u00e9es pour leurs atolls coralliens \u00e0 couper le souffle, leurs plages immacul\u00e9es et leurs eaux turquoise, sont une destination convoit\u00e9e pour les voyageurs en qu\u00eate d&#039;\u00e9vasion tropicale ultime. <strong>Plumeria Maldives<\/strong> est un complexe luxueux qui promet un m\u00e9lange in\u00e9gal\u00e9 de d\u00e9tente, d&#039;aventure et de charme maldivien.<\/p>\n<p><strong>Emplacement et accessibilit\u00e9<\/strong><\/p>\n<p>Plumeria Maldives est strat\u00e9giquement situ\u00e9 sur la magnifique \u00eele de Dhigurah, dans l&#039;atoll d&#039;Ari Sud. L&#039;acc\u00e8s \u00e0 ce paradis tropical est possible gr\u00e2ce \u00e0 un vol int\u00e9rieur panoramique de 20 minutes depuis l&#039;a\u00e9roport international de Velana jusqu&#039;\u00e0 l&#039;a\u00e9roport de Maamigili, suivi d&#039;un court trajet en hors-bord jusqu&#039;au complexe. Ce voyage sans faille garantit que votre aventure maldivienne commence d\u00e8s votre arriv\u00e9e.<\/p>\n<p><strong>H\u00e9bergement<\/strong><\/p>\n<p>Le complexe propose une gamme d&#039;options d&#039;h\u00e9bergement luxueuses, chacune con\u00e7ue pour offrir le m\u00e9lange parfait de confort et de luxe moderne. Des villas en bord de mer aux bungalows sur pilotis, les clients peuvent choisir leur retraite id\u00e9ale. Les bungalows sur pilotis offrent un acc\u00e8s direct au lagon aux eaux cristallines, vous plongeant dans la beaut\u00e9 envo\u00fbtante de l&#039;oc\u00e9an Indien.<\/p>\n<p><strong>\u00c0 manger<\/strong><\/p>\n<p>Plumeria Maldives ravit vos papilles avec une s\u00e9lection vari\u00e9e d&#039;exp\u00e9riences culinaires. Le restaurant principal du complexe, Palms, propose un d\u00e9licieux m\u00e9lange de cuisine internationale et maldivienne. Vous pourrez \u00e9galement savourer des sp\u00e9cialit\u00e9s de fruits de mer au Saffron, le restaurant de sp\u00e9cialit\u00e9s. En mettant l&#039;accent sur une cuisine exquise, chaque repas au complexe est une exp\u00e9rience m\u00e9morable.<\/p>\n<p><strong>Activit\u00e9s et aventures<\/strong><\/p>\n<p>Que vous soyez amateur d&#039;aventure ou en qu\u00eate de d\u00e9tente, la station propose des activit\u00e9s pour tous les go\u00fbts. Explorez le monde sous-marin anim\u00e9 avec des aventures de plong\u00e9e en apn\u00e9e et de plong\u00e9e sous-marine. Pratiquez divers sports nautiques tels que la planche \u00e0 voile, le kayak et le paddleboard. Pour ceux qui recherchent la d\u00e9tente, le spa du complexe propose une gamme de soins rajeunissants et d&#039;activit\u00e9s de bien-\u00eatre.<\/p>\n<p><strong>Durabilit\u00e9 et conservation<\/strong><\/p>\n<p>Plumeria Maldives est profond\u00e9ment engag\u00e9e dans les pratiques durables et la conservation marine. Le complexe participe activement aux initiatives de restauration des coraux, aux efforts de nettoyage marin et soutient les initiatives environnementales locales. Les clients sont encourag\u00e9s \u00e0 participer \u00e0 ces activit\u00e9s, contribuant ainsi positivement \u00e0 la pr\u00e9servation du pr\u00e9cieux \u00e9cosyst\u00e8me marin des Maldives.<\/p>\n<p><strong>Exp\u00e9riences uniques<\/strong><\/p>\n<p>Pour rendre votre s\u00e9jour vraiment sp\u00e9cial, le complexe propose des exp\u00e9riences uniques telles que des croisi\u00e8res avec les dauphins, des pique-niques sur les bancs de sable et des excursions guid\u00e9es de plong\u00e9e en apn\u00e9e vers les r\u00e9cifs coralliens \u00e0 proximit\u00e9. Que vous souhaitiez assister \u00e0 des couchers de soleil \u00e0 couper le souffle, vous immerger dans la culture locale ou simplement vous d\u00e9tendre au paradis, Plumeria Maldives s&#039;assure qu&#039;il y en a pour tous les go\u00fbts.<\/p>\n<p><strong>Conclusion<\/strong><\/p>\n<p>En conclusion, Plumeria Maldives est un sanctuaire tropical qui promet une escapade hors du commun. Son emplacement idyllique, ses h\u00e9bergements luxueux, sa cuisine diversifi\u00e9e et son engagement en faveur du d\u00e9veloppement durable en font le choix id\u00e9al pour les voyageurs en qu\u00eate de d\u00e9tente et d&#039;aventure. Que vous c\u00e9l\u00e9briez une occasion sp\u00e9ciale ou recherchiez une escapade ressour\u00e7ante, Plumeria Maldives offre une exp\u00e9rience qui cr\u00e9e des souvenirs pr\u00e9cieux. R\u00e9servez votre s\u00e9jour d\u00e8s aujourd&#039;hui et embarquez pour un voyage inoubliable au paradis des Maldives.<\/p>\n\n\t\t<\/div>\n\t<\/div>\n<\/div><\/div><\/div><\/div><div class=\"vc_row wpb_row vc_row-fluid\"><div class=\"wpb_column vc_column_container vc_col-sm-12\"><div class=\"vc_column-inner\"><div class=\"wpb_wrapper\">\n\t<div class=\"wpb_text_column wpb_content_element\" >\n\t\t<div class=\"wpb_wrapper\">\n\t\t\t<h3><a title=\"Plumeria Maldives\" href=\"https:\/\/trip.tpo.lv\/NkQ8x6J8\" target=\"blanc2\" rel=\"nofollow\">Check availability and best price at Plumeria Maldives here &gt;&gt;<\/a><\/h3>\n\n\t\t<\/div>\n\t<\/div>\n<\/div><\/div><\/div><\/div>\n<\/div>","protected":false},"excerpt":{"rendered":"<div class=\"mh-excerpt\"><\/div>","protected":false},"author":1,"featured_media":10282,"parent":0,"menu_order":0,"comment_status":"closed","ping_status":"closed","template":"","meta":{"footnotes":""},"class_list":["post-10281","page","type-page","status-publish","has-post-thumbnail"],"aioseo_notices":[],"_links":{"self":[{"href":"http:\/\/maldives-paradise.com\/fr\/wp-json\/wp\/v2\/pages\/10281","targetHints":{"allow":["GET"]}}],"collection":[{"href":"http:\/\/maldives-paradise.com\/fr\/wp-json\/wp\/v2\/pages"}],"about":[{"href":"http:\/\/maldives-paradise.com\/fr\/wp-json\/wp\/v2\/types\/page"}],"author":[{"embeddable":true,"href":"http:\/\/maldives-paradise.com\/fr\/wp-json\/wp\/v2\/users\/1"}],"replies":[{"embeddable":true,"href":"http:\/\/maldives-paradise.com\/fr\/wp-json\/wp\/v2\/comments?post=10281"}],"version-history":[{"count":3,"href":"http:\/\/maldives-paradise.com\/fr\/wp-json\/wp\/v2\/pages\/10281\/revisions"}],"predecessor-version":[{"id":43498,"href":"http:\/\/maldives-paradise.com\/fr\/wp-json\/wp\/v2\/pages\/10281\/revisions\/43498"}],"wp:featuredmedia":[{"embeddable":true,"href":"http:\/\/maldives-paradise.com\/fr\/wp-json\/wp\/v2\/media\/10282"}],"wp:attachment":[{"href":"http:\/\/maldives-paradise.com\/fr\/wp-json\/wp\/v2\/media?parent=10281"}],"curies":[{"name":"wp","href":"https:\/\/api.w.org\/{rel}","templated":true}]}}