{"id":10263,"date":"2024-02-06T19:56:25","date_gmt":"2024-02-06T19:56:25","guid":{"rendered":"http:\/\/maldives-paradise.com\/?page_id=10263"},"modified":"2025-10-10T14:46:51","modified_gmt":"2025-10-10T14:46:51","slug":"sables-perles-des-maldives","status":"publish","type":"page","link":"http:\/\/maldives-paradise.com\/fr\/sables-perles-des-maldives\/","title":{"rendered":"Sables perl\u00e9s des Maldives"},"content":{"rendered":"<div class=\"wpb-content-wrapper\"><div class=\"vc_row wpb_row vc_row-fluid\"><div class=\"wpb_column vc_column_container vc_col-sm-12\"><div class=\"vc_column-inner\"><div class=\"wpb_wrapper\">\n\t<div class=\"wpb_text_column wpb_content_element\" >\n\t\t<div class=\"wpb_wrapper\">\n\t\t\t<h3>Pearl Sands of Maldives\u00a0: d\u00e9voiler un paradis tropical<\/h3>\n\n\t\t<\/div>\n\t<\/div>\n<\/div><\/div><\/div><\/div><div class=\"vc_row wpb_row vc_row-fluid\"><div class=\"wpb_column vc_column_container vc_col-sm-12\"><div class=\"vc_column-inner\"><div class=\"wpb_wrapper\">\n\t<div class=\"wpb_video_widget wpb_content_element vc_clearfix   vc_video-aspect-ratio-169 vc_video-el-width-100 vc_video-align-left\" >\n\t\t<div class=\"wpb_wrapper\">\n\t\t\t\n\t\t\t<div class=\"wpb_video_wrapper\"><iframe loading=\"lazy\" title=\"SABLES PERLES DES MALDIVES | PARADIS SUR TERRE\" width=\"500\" height=\"281\" src=\"https:\/\/www.youtube.com\/embed\/o_gO41sZBuY?feature=oembed\" frameborder=\"0\" allow=\"accelerometer; autoplay; clipboard-write; encrypted-media; gyroscope; picture-in-picture; web-share\" allowfullscreen><\/iframe><\/div>\n\t\t<\/div>\n\t<\/div>\n<\/div><\/div><\/div><\/div><div class=\"vc_row wpb_row vc_row-fluid\"><div class=\"wpb_column vc_column_container vc_col-sm-12\"><div class=\"vc_column-inner\"><div class=\"wpb_wrapper\">\n\t<div class=\"wpb_text_column wpb_content_element\" >\n\t\t<div class=\"wpb_wrapper\">\n\t\t\t<p>Les Maldives, avec leurs superbes atolls coralliens, leurs plages immacul\u00e9es et leurs eaux cristallines, sont une destination recherch\u00e9e pour les voyageurs en qu\u00eate d&#039;une escapade tropicale ultime.<\/p>\n<p><strong>Emplacement et accessibilit\u00e9<\/strong><\/p>\n<p>Pearl Sands of Maldives est parfaitement situ\u00e9 sur l&#039;\u00eele de Fodhdhoo, dans l&#039;atoll de Baa, connu pour son statut de r\u00e9serve de biosph\u00e8re par l&#039;UNESCO. L&#039;acc\u00e8s \u00e0 ce paradis isol\u00e9 est possible en prenant un vol int\u00e9rieur de 45 minutes de l&#039;a\u00e9roport international de Velana \u00e0 l&#039;a\u00e9roport de Dharavandhoo, suivi d&#039;un court trajet en hors-bord jusqu&#039;au complexe. Ce voyage fluide offre aux voyageurs un aper\u00e7u de la beaut\u00e9 naturelle des Maldives d\u00e8s leur arriv\u00e9e.<\/p>\n<p><strong>H\u00e9bergement<\/strong><\/p>\n<p>Le complexe propose une gamme d&#039;options d&#039;h\u00e9bergement luxueuses, chacune con\u00e7ue pour offrir le m\u00e9lange parfait de confort et de luxe moderne. Des villas en bord de mer aux bungalows sur pilotis, les clients peuvent choisir leur retraite id\u00e9ale. Les bungalows sur pilotis, notamment, offrent un acc\u00e8s direct au lagon turquoise, vous plongeant dans la beaut\u00e9 envo\u00fbtante de l&#039;oc\u00e9an Indien.<\/p>\n<p><strong>\u00c0 manger<\/strong><\/p>\n<p><strong>Sables perl\u00e9s des Maldives<\/strong> r\u00e9pond \u00e0 vos envies culinaires avec une s\u00e9lection vari\u00e9e d&#039;exp\u00e9riences culinaires. Le restaurant principal du complexe, The Sand Kitchen, propose un d\u00e9licieux m\u00e9lange de cuisine internationale et maldivienne. Vous pourrez \u00e9galement savourer des sp\u00e9cialit\u00e9s de fruits de mer au Pearl Grill, le restaurant de sp\u00e9cialit\u00e9s. En mettant l&#039;accent sur une cuisine exquise, chaque repas au complexe est une exp\u00e9rience m\u00e9morable.<\/p>\n<p><strong>Activit\u00e9s et aventures<\/strong><\/p>\n<p>Que vous recherchiez l&#039;aventure ou la d\u00e9tente, Pearl Sands of Maldives propose des activit\u00e9s pour tous les go\u00fbts. Explorez le monde sous-marin anim\u00e9 avec des aventures de plong\u00e9e en apn\u00e9e et de plong\u00e9e sous-marine. Pratiquez divers sports nautiques tels que la planche \u00e0 voile, le kayak et le paddleboard. Pour ceux qui recherchent la d\u00e9tente, le spa du complexe propose une gamme de soins rajeunissants et d&#039;activit\u00e9s de bien-\u00eatre.<\/p>\n<p><strong>Durabilit\u00e9 et conservation<\/strong><\/p>\n<p>Pearl Sands of Maldives se consacre aux pratiques durables et \u00e0 la conservation marine. Le complexe participe activement aux initiatives de restauration des coraux, aux efforts de nettoyage marin et soutient les initiatives environnementales locales. Les clients sont encourag\u00e9s \u00e0 participer \u00e0 ces activit\u00e9s, contribuant ainsi positivement \u00e0 la pr\u00e9servation du pr\u00e9cieux \u00e9cosyst\u00e8me marin des Maldives.<\/p>\n<p><strong>Exp\u00e9riences uniques<\/strong><\/p>\n<p>Pour rendre votre s\u00e9jour vraiment sp\u00e9cial, le complexe propose des exp\u00e9riences uniques telles que des s\u00e9ances d&#039;observation des \u00e9toiles, des excursions culturelles vers les \u00eeles locales et des sorties guid\u00e9es de plong\u00e9e en apn\u00e9e sur les r\u00e9cifs coralliens \u00e0 proximit\u00e9. Que vous souhaitiez vous immerger dans la culture locale, admirer un ciel \u00e9toil\u00e9 \u00e0 couper le souffle ou simplement vous d\u00e9tendre au paradis, Pearl Sands of Maldives garantit qu&#039;il y en a pour tous les go\u00fbts.<\/p>\n<p><strong>Conclusion<\/strong><\/p>\n<p>En conclusion, Pearl Sands of Maldives est un joyau tropical cach\u00e9 qui promet une escapade extraordinaire. Son emplacement isol\u00e9, ses h\u00e9bergements luxueux, sa cuisine diversifi\u00e9e et son engagement en faveur du d\u00e9veloppement durable en font le choix id\u00e9al pour les voyageurs en qu\u00eate de d\u00e9tente et d&#039;aventure. Que vous c\u00e9l\u00e9briez une occasion sp\u00e9ciale ou recherchiez une escapade ressour\u00e7ante, Pearl Sands of Maldives offre une exp\u00e9rience qui cr\u00e9e des souvenirs pr\u00e9cieux. R\u00e9servez votre s\u00e9jour d\u00e8s aujourd&#039;hui et embarquez pour un voyage inoubliable au paradis des Maldives.<\/p>\n\n\t\t<\/div>\n\t<\/div>\n<\/div><\/div><\/div><\/div><div class=\"vc_row wpb_row vc_row-fluid\"><div class=\"wpb_column vc_column_container vc_col-sm-12\"><div class=\"vc_column-inner\"><div class=\"wpb_wrapper\">\n\t<div class=\"wpb_text_column wpb_content_element\" >\n\t\t<div class=\"wpb_wrapper\">\n\t\t\t<h3><a title=\"Sables perl\u00e9s des Maldives\" href=\"https:\/\/trip.tpo.lv\/XsJ2XyY1\" target=\"blanc2\" rel=\"nofollow\">Check availability and best price at Pearl Sands of Maldives here &gt;&gt;<\/a><\/h3>\n\n\t\t<\/div>\n\t<\/div>\n<\/div><\/div><\/div><\/div>\n<\/div>","protected":false},"excerpt":{"rendered":"<div class=\"mh-excerpt\"><\/div>","protected":false},"author":1,"featured_media":10264,"parent":0,"menu_order":0,"comment_status":"closed","ping_status":"closed","template":"","meta":{"footnotes":""},"class_list":["post-10263","page","type-page","status-publish","has-post-thumbnail"],"aioseo_notices":[],"_links":{"self":[{"href":"http:\/\/maldives-paradise.com\/fr\/wp-json\/wp\/v2\/pages\/10263","targetHints":{"allow":["GET"]}}],"collection":[{"href":"http:\/\/maldives-paradise.com\/fr\/wp-json\/wp\/v2\/pages"}],"about":[{"href":"http:\/\/maldives-paradise.com\/fr\/wp-json\/wp\/v2\/types\/page"}],"author":[{"embeddable":true,"href":"http:\/\/maldives-paradise.com\/fr\/wp-json\/wp\/v2\/users\/1"}],"replies":[{"embeddable":true,"href":"http:\/\/maldives-paradise.com\/fr\/wp-json\/wp\/v2\/comments?post=10263"}],"version-history":[{"count":3,"href":"http:\/\/maldives-paradise.com\/fr\/wp-json\/wp\/v2\/pages\/10263\/revisions"}],"predecessor-version":[{"id":43497,"href":"http:\/\/maldives-paradise.com\/fr\/wp-json\/wp\/v2\/pages\/10263\/revisions\/43497"}],"wp:featuredmedia":[{"embeddable":true,"href":"http:\/\/maldives-paradise.com\/fr\/wp-json\/wp\/v2\/media\/10264"}],"wp:attachment":[{"href":"http:\/\/maldives-paradise.com\/fr\/wp-json\/wp\/v2\/media?parent=10263"}],"curies":[{"name":"wp","href":"https:\/\/api.w.org\/{rel}","templated":true}]}}