{"id":10248,"date":"2024-02-06T17:56:03","date_gmt":"2024-02-06T17:56:03","guid":{"rendered":"http:\/\/maldives-paradise.com\/?page_id=10248"},"modified":"2025-10-10T14:09:23","modified_gmt":"2025-10-10T14:09:23","slug":"nakai-alimatha-resort-maldives","status":"publish","type":"page","link":"http:\/\/maldives-paradise.com\/fr\/nakai-alimatha-resort-maldives\/","title":{"rendered":"Nakai Alimath\u00e0 Resort Maldives"},"content":{"rendered":"<div class=\"wpb-content-wrapper\"><div class=\"vc_row wpb_row vc_row-fluid\"><div class=\"wpb_column vc_column_container vc_col-sm-12\"><div class=\"vc_column-inner\"><div class=\"wpb_wrapper\">\n\t<div class=\"wpb_text_column wpb_content_element\" >\n\t\t<div class=\"wpb_wrapper\">\n\t\t\t<h3>Nakai Alimath\u00e0 Resort Maldives : un paradis unique dans l&#039;oc\u00e9an Indien<\/h3>\n\n\t\t<\/div>\n\t<\/div>\n<\/div><\/div><\/div><\/div><div class=\"vc_row wpb_row vc_row-fluid\"><div class=\"wpb_column vc_column_container vc_col-sm-12\"><div class=\"vc_column-inner\"><div class=\"wpb_wrapper\">\n\t<div class=\"wpb_video_widget wpb_content_element vc_clearfix   vc_video-aspect-ratio-169 vc_video-el-width-100 vc_video-align-left\" >\n\t\t<div class=\"wpb_wrapper\">\n\t\t\t\n\t\t\t<div class=\"wpb_video_wrapper\"><iframe loading=\"lazy\" title=\"NAKAI Alimath\u00e0 Resort - Un pied \u00e0 terre au Paradis\" width=\"500\" height=\"281\" src=\"https:\/\/www.youtube.com\/embed\/LSL8uL2IHEU?feature=oembed\" frameborder=\"0\" allow=\"accelerometer; autoplay; clipboard-write; encrypted-media; gyroscope; picture-in-picture; web-share\" allowfullscreen><\/iframe><\/div>\n\t\t<\/div>\n\t<\/div>\n<\/div><\/div><\/div><\/div><div class=\"vc_row wpb_row vc_row-fluid\"><div class=\"wpb_column vc_column_container vc_col-sm-12\"><div class=\"vc_column-inner\"><div class=\"wpb_wrapper\">\n\t<div class=\"wpb_text_column wpb_content_element\" >\n\t\t<div class=\"wpb_wrapper\">\n\t\t\t<p>Les Maldives, r\u00e9put\u00e9es pour leurs plages immacul\u00e9es et leur vie marine anim\u00e9e, sont une destination de r\u00eave pour les voyageurs en qu\u00eate d&#039;une escapade tropicale parfaite. Au milieu de cet archipel \u00e0 couper le souffle se trouve <strong>Nakai Alimath\u00e0 Resort<\/strong>, un joyau cach\u00e9 qui offre un m\u00e9lange distinctif de d\u00e9tente, d&#039;aventure et de charme maldivien.<\/p>\n<p><strong>Emplacement et accessibilit\u00e9<\/strong><\/p>\n<p>Le Nakai Alimatha Resort est situ\u00e9 de mani\u00e8re strat\u00e9gique sur l&#039;\u00eele d&#039;Alimath\u00e0, dans l&#039;atoll de Vaavu. Pour rejoindre ce paradis isol\u00e9, les clients peuvent opter pour un vol int\u00e9rieur de 30 minutes depuis l&#039;a\u00e9roport international de Velana jusqu&#039;\u00e0 l&#039;a\u00e9roport international de Gan, suivi d&#039;un transfert en hors-bord de 20 minutes jusqu&#039;au complexe. Le voyage en lui-m\u00eame est une introduction \u00e0 la beaut\u00e9 naturelle des Maldives et donne le ton \u00e0 votre escapade tropicale.<\/p>\n<p><strong>Bungalows en bord de mer et villas sur pilotis<\/strong><\/p>\n<p>Le complexe propose une gamme d&#039;h\u00e9bergements confortables et bien am\u00e9nag\u00e9s. Des bungalows en bord de mer aux villas sur pilotis, chaque unit\u00e9 est con\u00e7ue pour offrir le m\u00e9lange parfait de confort et de luxe moderne. Les villas sur pilotis, en particulier, offrent un acc\u00e8s direct au lagon cristallin, vous permettant de vous immerger dans la beaut\u00e9 de l&#039;oc\u00e9an Indien.<\/p>\n<p><strong>\u00c0 manger<\/strong><\/p>\n<p>Le Nakai Alimath\u00e0 Resort ravira vos papilles avec une d\u00e9licieuse s\u00e9lection d&#039;exp\u00e9riences culinaires. Le restaurant principal du complexe, Falhu, sert un d\u00e9licieux m\u00e9lange de cuisine internationale et maldivienne. Vous pourrez \u00e9galement d\u00e9guster des plats fusion asiatiques au Dhonakulhi, le restaurant sp\u00e9cialis\u00e9 du complexe. Que vous savouriez des saveurs internationales ou des sp\u00e9cialit\u00e9s locales, les offres culinaires du complexe sauront satisfaire votre palais.<\/p>\n<p><strong>Activit\u00e9s et aventures<\/strong><\/p>\n<p>Les amateurs d&#039;aventure et de d\u00e9tente trouveront de nombreuses activit\u00e9s \u00e0 pratiquer au Nakai Alimath\u00e0 Resort. Explorez le monde sous-marin dynamique avec des aventures de plong\u00e9e avec tuba et de plong\u00e9e sous-marine. Pratiquez divers sports nautiques tels que la planche \u00e0 voile, le kayak et le paddleboard. Pour ceux qui recherchent la d\u00e9tente, le spa du complexe propose une gamme de soins rajeunissants et d&#039;activit\u00e9s de bien-\u00eatre.<\/p>\n<p><strong>Durabilit\u00e9 et conservation<\/strong><\/p>\n<p>Le complexe est profond\u00e9ment engag\u00e9 dans des pratiques durables et la conservation marine. Le Nakai Alimath\u00e0 Resort participe activement aux initiatives de restauration des coraux, aux efforts de nettoyage marin et soutient les initiatives environnementales locales. Les clients sont encourag\u00e9s \u00e0 se joindre \u00e0 ces activit\u00e9s, contribuant ainsi positivement \u00e0 la pr\u00e9servation du pr\u00e9cieux \u00e9cosyst\u00e8me marin des Maldives.<\/p>\n<p><strong>Exp\u00e9riences uniques<\/strong><\/p>\n<p>Pour rendre votre s\u00e9jour vraiment sp\u00e9cial, le complexe propose des exp\u00e9riences uniques telles que la p\u00eache au coucher du soleil, la visite d&#039;\u00eele en \u00eele et des sorties guid\u00e9es de plong\u00e9e avec tuba vers les r\u00e9cifs coralliens \u00e0 proximit\u00e9. Que vous souhaitiez vous immerger dans la culture locale, assister \u00e0 des couchers de soleil \u00e0 couper le souffle ou simplement vous d\u00e9tendre au paradis, le Nakai Alimath\u00e0 Resort s&#039;assure qu&#039;il y en a pour tous les go\u00fbts.<\/p>\n<p><strong>Conclusion<\/strong><\/p>\n<p>En conclusion, le Nakai Alimath\u00e0 Resort est un joyau tropical cach\u00e9 qui promet une escapade extraordinaire. Son emplacement isol\u00e9, son h\u00e9bergement confortable, sa cuisine vari\u00e9e et son engagement envers la durabilit\u00e9 en font le choix id\u00e9al pour les voyageurs en qu\u00eate de d\u00e9tente et d&#039;aventure. Que vous c\u00e9l\u00e9briez une occasion sp\u00e9ciale ou que vous recherchiez une escapade rajeunissante, le Nakai Alimath\u00e0 Resort offre une exp\u00e9rience qui cr\u00e9e des souvenirs pr\u00e9cieux. R\u00e9servez votre s\u00e9jour d\u00e8s aujourd&#039;hui et embarquez pour un voyage inoubliable au paradis des Maldives.<\/p>\n\n\t\t<\/div>\n\t<\/div>\n<\/div><\/div><\/div><\/div><div class=\"vc_row wpb_row vc_row-fluid\"><div class=\"wpb_column vc_column_container vc_col-sm-12\"><div class=\"vc_column-inner\"><div class=\"wpb_wrapper\">\n\t<div class=\"wpb_text_column wpb_content_element\" >\n\t\t<div class=\"wpb_wrapper\">\n\t\t\t<h3><a title=\"Nakai Alimatha Resort\" href=\"https:\/\/trip.tpo.lv\/trGfhPM3\" target=\"blanc2\" rel=\"nofollow\">Check availability and best price at Nakai Alimatha Resort here &gt;&gt;<\/a><\/h3>\n\n\t\t<\/div>\n\t<\/div>\n<\/div><\/div><\/div><\/div>\n<\/div>","protected":false},"excerpt":{"rendered":"<div class=\"mh-excerpt\"><\/div>","protected":false},"author":1,"featured_media":10249,"parent":0,"menu_order":0,"comment_status":"closed","ping_status":"closed","template":"","meta":{"footnotes":""},"class_list":["post-10248","page","type-page","status-publish","has-post-thumbnail"],"aioseo_notices":[],"_links":{"self":[{"href":"http:\/\/maldives-paradise.com\/fr\/wp-json\/wp\/v2\/pages\/10248","targetHints":{"allow":["GET"]}}],"collection":[{"href":"http:\/\/maldives-paradise.com\/fr\/wp-json\/wp\/v2\/pages"}],"about":[{"href":"http:\/\/maldives-paradise.com\/fr\/wp-json\/wp\/v2\/types\/page"}],"author":[{"embeddable":true,"href":"http:\/\/maldives-paradise.com\/fr\/wp-json\/wp\/v2\/users\/1"}],"replies":[{"embeddable":true,"href":"http:\/\/maldives-paradise.com\/fr\/wp-json\/wp\/v2\/comments?post=10248"}],"version-history":[{"count":3,"href":"http:\/\/maldives-paradise.com\/fr\/wp-json\/wp\/v2\/pages\/10248\/revisions"}],"predecessor-version":[{"id":43471,"href":"http:\/\/maldives-paradise.com\/fr\/wp-json\/wp\/v2\/pages\/10248\/revisions\/43471"}],"wp:featuredmedia":[{"embeddable":true,"href":"http:\/\/maldives-paradise.com\/fr\/wp-json\/wp\/v2\/media\/10249"}],"wp:attachment":[{"href":"http:\/\/maldives-paradise.com\/fr\/wp-json\/wp\/v2\/media?parent=10248"}],"curies":[{"name":"wp","href":"https:\/\/api.w.org\/{rel}","templated":true}]}}