{"id":10054,"date":"2024-02-04T10:24:31","date_gmt":"2024-02-04T10:24:31","guid":{"rendered":"http:\/\/maldives-paradise.com\/?page_id=10054"},"modified":"2025-02-21T07:26:27","modified_gmt":"2025-02-21T07:26:27","slug":"hotels-4-etoiles-aux-maldives-2","status":"publish","type":"page","link":"http:\/\/maldives-paradise.com\/fr\/hotels-4-etoiles-aux-maldives-2\/","title":{"rendered":"H\u00f4tels et complexes 4 \u00e9toiles aux Maldives 2"},"content":{"rendered":"<div class=\"wpb-content-wrapper\"><div class=\"vc_row wpb_row vc_row-fluid\"><div class=\"wpb_column vc_column_container vc_col-sm-12\"><div class=\"vc_column-inner\"><div class=\"wpb_wrapper\">\n\t<div class=\"wpb_text_column wpb_content_element\" >\n\t\t<div class=\"wpb_wrapper\">\n\t\t\t<h3>Une s\u00e9lection d&#039;h\u00f4tels et resorts 4 \u00e9toiles aux Maldives<\/h3>\n<p>Les Maldives abritent de nombreux <strong data-start=\"82\" data-end=\"111\">H\u00f4tels et complexes h\u00f4teliers 4 \u00e9toiles<\/strong>, offrant un \u00e9quilibre parfait entre <strong data-start=\"143\" data-end=\"181\">luxe, confort et prix abordable<\/strong>Ces stations offrent <strong data-start=\"205\" data-end=\"282\">superbes villas en bord de mer, bungalows sur pilotis et excellentes installations<\/strong>, y compris <strong data-start=\"294\" data-end=\"338\">piscines, spas et plusieurs options de restauration<\/strong>Les invit\u00e9s peuvent se faire plaisir <strong data-start=\"362\" data-end=\"404\">plong\u00e9e en apn\u00e9e, plong\u00e9e sous-marine et croisi\u00e8res au coucher du soleil<\/strong>, tout en profitant <strong data-start=\"425\" data-end=\"481\">hospitalit\u00e9 exceptionnelle et vue imprenable sur l&#039;oc\u00e9an<\/strong>. Avec un m\u00e9lange de <strong data-start=\"499\" data-end=\"538\">\u00e9quipements modernes et beaut\u00e9 naturelle<\/strong>, <strong data-start=\"540\" data-end=\"574\">Complexes h\u00f4teliers 4 \u00e9toiles aux Maldives<\/strong> promettent une retraite insulaire inoubliable sans le prix \u00e9lev\u00e9 des complexes ultra-luxueux.<\/p>\n\n\t\t<\/div>\n\t<\/div>\n<\/div><\/div><\/div><\/div><div class=\"vc_row wpb_row vc_row-fluid\"><div class=\"wpb_column vc_column_container vc_col-sm-3\"><div class=\"vc_column-inner\"><div class=\"wpb_wrapper\">\n\t<div  class=\"wpb_single_image wpb_content_element vc_align_left wpb_content_element\">\n\t\t\n\t\t<figure class=\"wpb_wrapper vc_figure\">\n\t\t\t<a href=\"http:\/\/maldives-paradise.com\/fr\/complexe-hotelier-fiyavalhu-aux-maldives\/\" target=\"_self\" class=\"vc_single_image-wrapper   vc_box_border_grey\"><img loading=\"lazy\" decoding=\"async\" width=\"150\" height=\"150\" src=\"https:\/\/maldives-paradise.com\/wp-content\/uploads\/2024\/02\/fiyavalhu-150x150.jpg\" class=\"vc_single_image-img attachment-thumbnail\" alt=\"Fiyavalhu Resort Maldives\" title=\"fiyavalhu\" \/><\/a>\n\t\t<\/figure>\n\t<\/div>\n<\/div><\/div><\/div><div class=\"wpb_column vc_column_container vc_col-sm-9\"><div class=\"vc_column-inner\"><div class=\"wpb_wrapper\">\n\t<div class=\"wpb_text_column wpb_content_element\" >\n\t\t<div class=\"wpb_wrapper\">\n\t\t\t<h4><a href=\"http:\/\/maldives-paradise.com\/fr\/complexe-hotelier-fiyavalhu-aux-maldives\/\">Fiyavalhu Resort Maldives<\/a><\/h4>\n<p>Fiyavalhu Resort Maldives est un paradis tropical qui promet une escapade inoubliable. Son emplacement exceptionnel, son h\u00e9bergement luxueux, sa cuisine d\u00e9licieuse et son engagement en faveur du d\u00e9veloppement durable en font un choix id\u00e9al pour les voyageurs cherchant \u00e0 s&#039;\u00e9vader dans un monde de beaut\u00e9 naturelle et de s\u00e9r\u00e9nit\u00e9.<\/p>\n\n\t\t<\/div>\n\t<\/div>\n<\/div><\/div><\/div><\/div><div class=\"vc_row wpb_row vc_row-fluid\"><div class=\"wpb_column vc_column_container vc_col-sm-3\"><div class=\"vc_column-inner\"><div class=\"wpb_wrapper\">\n\t<div  class=\"wpb_single_image wpb_content_element vc_align_left wpb_content_element\">\n\t\t\n\t\t<figure class=\"wpb_wrapper vc_figure\">\n\t\t\t<a href=\"http:\/\/maldives-paradise.com\/fr\/holiday-inn-resort-kandooma-maldives\/\" target=\"_self\" class=\"vc_single_image-wrapper   vc_box_border_grey\"><img loading=\"lazy\" decoding=\"async\" width=\"150\" height=\"150\" src=\"https:\/\/maldives-paradise.com\/wp-content\/uploads\/2024\/02\/kandooma2-150x150.jpg\" class=\"vc_single_image-img attachment-thumbnail\" alt=\"Holiday Inn Resort Kandooma Maldives\" title=\"Kandooma2\" \/><\/a>\n\t\t<\/figure>\n\t<\/div>\n<\/div><\/div><\/div><div class=\"wpb_column vc_column_container vc_col-sm-9\"><div class=\"vc_column-inner\"><div class=\"wpb_wrapper\">\n\t<div class=\"wpb_text_column wpb_content_element\" >\n\t\t<div class=\"wpb_wrapper\">\n\t\t\t<h4><a href=\"http:\/\/maldives-paradise.com\/fr\/holiday-inn-resort-kandooma-maldives\/\">Holiday Inn Resort Kandooma Maldives<\/a><\/h4>\n<p>Avec son emplacement \u00e0 couper le souffle, ses h\u00e9bergements luxueux, sa cuisine d\u00e9licieuse et son engagement en faveur du d\u00e9veloppement durable, c&#039;est le choix id\u00e9al pour les voyageurs en qu\u00eate de d\u00e9tente et d&#039;aventure dans une \u00e9gale mesure.<\/p>\n\n\t\t<\/div>\n\t<\/div>\n<\/div><\/div><\/div><\/div><div class=\"vc_row wpb_row vc_row-fluid\"><div class=\"wpb_column vc_column_container vc_col-sm-3\"><div class=\"vc_column-inner\"><div class=\"wpb_wrapper\">\n\t<div  class=\"wpb_single_image wpb_content_element vc_align_left wpb_content_element\">\n\t\t\n\t\t<figure class=\"wpb_wrapper vc_figure\">\n\t\t\t<a href=\"http:\/\/maldives-paradise.com\/fr\/holiday-island-resort-maldives\/\" target=\"_self\" class=\"vc_single_image-wrapper   vc_box_border_grey\"><img loading=\"lazy\" decoding=\"async\" width=\"150\" height=\"150\" src=\"https:\/\/maldives-paradise.com\/wp-content\/uploads\/2024\/02\/holiday-island-resort-slides-7831-150x150.jpg\" class=\"vc_single_image-img attachment-thumbnail\" alt=\"H\u00f4tel Holiday Island\" title=\"\u00eele-de-vacances-resort-slides-7831\" \/><\/a>\n\t\t<\/figure>\n\t<\/div>\n<\/div><\/div><\/div><div class=\"wpb_column vc_column_container vc_col-sm-9\"><div class=\"vc_column-inner\"><div class=\"wpb_wrapper\">\n\t<div class=\"wpb_text_column wpb_content_element\" >\n\t\t<div class=\"wpb_wrapper\">\n\t\t\t<h4><a href=\"http:\/\/maldives-paradise.com\/fr\/holiday-island-resort-maldives\/\">H\u00f4tel Holiday Island<\/a><\/h4>\n<p>Holiday Island Resort aux Maldives est un havre tropical enchanteur qui promet une escapade inoubliable. Son emplacement \u00e0 couper le souffle, ses h\u00e9bergements luxueux, sa cuisine d\u00e9licieuse et son engagement en faveur du d\u00e9veloppement durable en font le choix id\u00e9al pour les voyageurs \u00e0 la recherche d&#039;un m\u00e9lange harmonieux de d\u00e9tente et d&#039;aventure.<\/p>\n\n\t\t<\/div>\n\t<\/div>\n<\/div><\/div><\/div><\/div><div class=\"vc_row wpb_row vc_row-fluid\"><div class=\"wpb_column vc_column_container vc_col-sm-3\"><div class=\"vc_column-inner\"><div class=\"wpb_wrapper\">\n\t<div  class=\"wpb_single_image wpb_content_element vc_align_left wpb_content_element\">\n\t\t\n\t\t<figure class=\"wpb_wrapper vc_figure\">\n\t\t\t<a href=\"http:\/\/maldives-paradise.com\/fr\/hotel-riu-atoll\/\" target=\"_self\" class=\"vc_single_image-wrapper   vc_box_border_grey\"><img loading=\"lazy\" decoding=\"async\" width=\"150\" height=\"150\" src=\"https:\/\/maldives-paradise.com\/wp-content\/uploads\/2024\/01\/Cora-Cora-maldives-2-150x150.jpg\" class=\"vc_single_image-img attachment-thumbnail\" alt=\"Cora Cora Maldives\" title=\"Cora-Cora-maldives-2\" \/><\/a>\n\t\t<\/figure>\n\t<\/div>\n<\/div><\/div><\/div><div class=\"wpb_column vc_column_container vc_col-sm-9\"><div class=\"vc_column-inner\"><div class=\"wpb_wrapper\">\n\t<div class=\"wpb_text_column wpb_content_element\" >\n\t\t<div class=\"wpb_wrapper\">\n\t\t\t<h4><a href=\"http:\/\/maldives-paradise.com\/fr\/hotel-riu-atoll\/\">H\u00f4tel Riu Atoll<\/a><\/h4>\n<p>L&#039;h\u00f4tel Riu Atoll est strat\u00e9giquement situ\u00e9 sur l&#039;\u00eele de Maafushi, une partie de l&#039;atoll de Mal\u00e9 Sud. Le complexe est accessible via un trajet panoramique en hors-bord de 45 minutes depuis l&#039;a\u00e9roport international de Velana, ce qui permet aux clients de commencer leurs vacances juste apr\u00e8s leur arriv\u00e9e.<\/p>\n\n\t\t<\/div>\n\t<\/div>\n<\/div><\/div><\/div><\/div><div class=\"vc_row wpb_row vc_row-fluid\"><div class=\"wpb_column vc_column_container vc_col-sm-3\"><div class=\"vc_column-inner\"><div class=\"wpb_wrapper\">\n\t<div  class=\"wpb_single_image wpb_content_element vc_align_left wpb_content_element\">\n\t\t\n\t\t<figure class=\"wpb_wrapper vc_figure\">\n\t\t\t<a href=\"http:\/\/maldives-paradise.com\/fr\/station-balneaire-dinnahura-aux-maldives\/\" target=\"_self\" class=\"vc_single_image-wrapper   vc_box_border_grey\"><img loading=\"lazy\" decoding=\"async\" width=\"150\" height=\"150\" src=\"https:\/\/maldives-paradise.com\/wp-content\/uploads\/2024\/02\/innahura-maldives-resort-150x150.jpg\" class=\"vc_single_image-img attachment-thumbnail\" alt=\"Innahura Maldives Resort\" title=\"innahura-maldives-resort\" \/><\/a>\n\t\t<\/figure>\n\t<\/div>\n<\/div><\/div><\/div><div class=\"wpb_column vc_column_container vc_col-sm-9\"><div class=\"vc_column-inner\"><div class=\"wpb_wrapper\">\n\t<div class=\"wpb_text_column wpb_content_element\" >\n\t\t<div class=\"wpb_wrapper\">\n\t\t\t<h4><a href=\"http:\/\/maldives-paradise.com\/fr\/station-balneaire-dinnahura-aux-maldives\/\">Innahura Maldives Resort<\/a><\/h4>\n<p>Le complexe propose une gamme d&#039;options d&#039;h\u00e9bergement confortables et charmantes pour r\u00e9pondre \u00e0 toutes les pr\u00e9f\u00e9rences. Des bungalows de plage aux villas sur pilotis, chaque unit\u00e9 est soigneusement con\u00e7ue pour offrir un m\u00e9lange de confort et de luxe de style insulaire. Avec des \u00e9quipements modernes et des terrasses priv\u00e9es surplombant les eaux turquoise, vous trouverez tranquillit\u00e9 et d\u00e9tente \u00e0 chaque coin de rue.<\/p>\n\n\t\t<\/div>\n\t<\/div>\n<\/div><\/div><\/div><\/div><div class=\"vc_row wpb_row vc_row-fluid\"><div class=\"wpb_column vc_column_container vc_col-sm-3\"><div class=\"vc_column-inner\"><div class=\"wpb_wrapper\">\n\t<div  class=\"wpb_single_image wpb_content_element vc_align_left wpb_content_element\">\n\t\t\n\t\t<figure class=\"wpb_wrapper vc_figure\">\n\t\t\t<a href=\"http:\/\/maldives-paradise.com\/fr\/spa-de-la-station-balneaire-de-lile-de-komandoo\/\" target=\"_self\" class=\"vc_single_image-wrapper   vc_box_border_grey\"><img loading=\"lazy\" decoding=\"async\" width=\"150\" height=\"150\" src=\"https:\/\/maldives-paradise.com\/wp-content\/uploads\/2024\/01\/komandoo3.-150x150.jpg\" class=\"vc_single_image-img attachment-thumbnail\" alt=\"Komandoo Island Resort &amp; Spa\" title=\"Piscine \u00e0 d\u00e9bordement Komandoo\" \/><\/a>\n\t\t<\/figure>\n\t<\/div>\n<\/div><\/div><\/div><div class=\"wpb_column vc_column_container vc_col-sm-9\"><div class=\"vc_column-inner\"><div class=\"wpb_wrapper\">\n\t<div class=\"wpb_text_column wpb_content_element\" >\n\t\t<div class=\"wpb_wrapper\">\n\t\t\t<h4><a href=\"http:\/\/maldives-paradise.com\/fr\/spa-de-la-station-balneaire-de-lile-de-komandoo\/\">Komandoo Island Resort &amp; Spa<\/a><\/h4>\n<p>\u00c9vadez-vous dans un monde d&#039;opulence et de tranquillit\u00e9 \u00e0 <strong>Komandoo Island Resort &amp; Spa<\/strong>, un havre de paix exquis r\u00e9serv\u00e9 aux adultes, nich\u00e9 au c\u0153ur des Maldives. R\u00e9put\u00e9 pour sa beaut\u00e9 et son service in\u00e9gal\u00e9s, ce complexe de luxe promet une retraite idyllique \u00e0 ceux qui recherchent l&#039;incarnation du paradis tropical.<\/p>\n\n\t\t<\/div>\n\t<\/div>\n<\/div><\/div><\/div><\/div><div class=\"vc_row wpb_row vc_row-fluid\"><div class=\"wpb_column vc_column_container vc_col-sm-3\"><div class=\"vc_column-inner\"><div class=\"wpb_wrapper\">\n\t<div  class=\"wpb_single_image wpb_content_element vc_align_left wpb_content_element\">\n\t\t\n\t\t<figure class=\"wpb_wrapper vc_figure\">\n\t\t\t<a href=\"http:\/\/maldives-paradise.com\/fr\/station-balneaire-de-lile-de-kuramathi\/\" target=\"_self\" class=\"vc_single_image-wrapper   vc_box_border_grey\"><img loading=\"lazy\" decoding=\"async\" width=\"150\" height=\"150\" src=\"https:\/\/maldives-paradise.com\/wp-content\/uploads\/2024\/02\/Kuramathi_Sandbank-400-150x150.jpg\" class=\"vc_single_image-img attachment-thumbnail\" alt=\"Complexe h\u00f4telier de l&#039;\u00eele de Kuramathi\" title=\"Kuramathi_Banc de Sable-400\" \/><\/a>\n\t\t<\/figure>\n\t<\/div>\n<\/div><\/div><\/div><div class=\"wpb_column vc_column_container vc_col-sm-9\"><div class=\"vc_column-inner\"><div class=\"wpb_wrapper\">\n\t<div class=\"wpb_text_column wpb_content_element\" >\n\t\t<div class=\"wpb_wrapper\">\n\t\t\t<h4><a href=\"http:\/\/maldives-paradise.com\/fr\/station-balneaire-de-lile-de-kuramathi\/\">Complexe h\u00f4telier de l&#039;\u00eele de Kuramathi<\/a><\/h4>\n<p>Kuramathi Island Resort est un sanctuaire de beaut\u00e9 naturelle, de luxe et de tranquillit\u00e9. C&#039;est une destination irr\u00e9sistible pour les voyageurs en qu\u00eate d&#039;un m\u00e9lange parfait de d\u00e9tente, d&#039;aventure et du charme \u00e0 couper le souffle de l&#039;archipel des Maldives.<\/p>\n\n\t\t<\/div>\n\t<\/div>\n<\/div><\/div><\/div><\/div><div class=\"vc_row wpb_row vc_row-fluid\"><div class=\"wpb_column vc_column_container vc_col-sm-3\"><div class=\"vc_column-inner\"><div class=\"wpb_wrapper\">\n\t<div  class=\"wpb_single_image wpb_content_element vc_align_left wpb_content_element\">\n\t\t\n\t\t<figure class=\"wpb_wrapper vc_figure\">\n\t\t\t<a href=\"http:\/\/maldives-paradise.com\/fr\/spa-de-la-station-balneaire-de-lile-de-kuredu\/\" target=\"_self\" class=\"vc_single_image-wrapper   vc_box_border_grey\"><img loading=\"lazy\" decoding=\"async\" width=\"150\" height=\"150\" src=\"https:\/\/maldives-paradise.com\/wp-content\/uploads\/2024\/02\/kuredu3-150x150.jpg\" class=\"vc_single_image-img attachment-thumbnail\" alt=\"Kuredu Island Resort &amp; Spa\" title=\"kuredu3\" \/><\/a>\n\t\t<\/figure>\n\t<\/div>\n<\/div><\/div><\/div><div class=\"wpb_column vc_column_container vc_col-sm-9\"><div class=\"vc_column-inner\"><div class=\"wpb_wrapper\">\n\t<div class=\"wpb_text_column wpb_content_element\" >\n\t\t<div class=\"wpb_wrapper\">\n\t\t\t<h4><a href=\"http:\/\/maldives-paradise.com\/fr\/spa-de-la-station-balneaire-de-lile-de-kuredu\/\">Kuredu Island Resort &amp; Spa<\/a><\/h4>\n<p>Le Kuredu Island Resort &amp; Spa est situ\u00e9 sur l&#039;\u00eele pittoresque de Kuredu, dans l&#039;atoll de Lhaviyani. Pour rejoindre cette \u00eele paradisiaque, les clients peuvent opter pour un transfert panoramique en hydravion de 40 minutes. Des bungalows en bord de mer aux villas sur pilotis, chaque unit\u00e9 est m\u00e9ticuleusement con\u00e7ue pour offrir le m\u00e9lange parfait de confort et de luxe.<\/p>\n\n\t\t<\/div>\n\t<\/div>\n<\/div><\/div><\/div><\/div><div class=\"vc_row wpb_row vc_row-fluid\"><div class=\"wpb_column vc_column_container vc_col-sm-3\"><div class=\"vc_column-inner\"><div class=\"wpb_wrapper\">\n\t<div  class=\"wpb_single_image wpb_content_element vc_align_left wpb_content_element\">\n\t\t\n\t\t<figure class=\"wpb_wrapper vc_figure\">\n\t\t\t<a href=\"http:\/\/maldives-paradise.com\/fr\/ile-de-makunudu\/\" target=\"_self\" class=\"vc_single_image-wrapper   vc_box_border_grey\"><img loading=\"lazy\" decoding=\"async\" width=\"150\" height=\"150\" src=\"https:\/\/maldives-paradise.com\/wp-content\/uploads\/2024\/02\/makundu-island-150x150.jpg\" class=\"vc_single_image-img attachment-thumbnail\" alt=\"\u00cele de Makunudu\" title=\"\u00eele-de-Makundu\" \/><\/a>\n\t\t<\/figure>\n\t<\/div>\n<\/div><\/div><\/div><div class=\"wpb_column vc_column_container vc_col-sm-9\"><div class=\"vc_column-inner\"><div class=\"wpb_wrapper\">\n\t<div class=\"wpb_text_column wpb_content_element\" >\n\t\t<div class=\"wpb_wrapper\">\n\t\t\t<h4><a href=\"http:\/\/maldives-paradise.com\/fr\/ile-de-makunudu\/\">\u00cele de Makunudu<\/a><\/h4>\n<p>L&#039;\u00eele de Makunudu est un paradis cach\u00e9 qui promet une \u00e9vasion inoubliable. Son emplacement isol\u00e9, ses h\u00e9bergements rustiques, sa cuisine d\u00e9licieuse et son engagement en faveur du d\u00e9veloppement durable en font le choix id\u00e9al pour les voyageurs \u00e0 la recherche d&#039;une exp\u00e9rience maldivienne paisible et authentique.<\/p>\n\n\t\t<\/div>\n\t<\/div>\n<\/div><\/div><\/div><\/div><div class=\"vc_row wpb_row vc_row-fluid\"><div class=\"wpb_column vc_column_container vc_col-sm-3\"><div class=\"vc_column-inner\"><div class=\"wpb_wrapper\">\n\t<div  class=\"wpb_single_image wpb_content_element vc_align_left wpb_content_element\">\n\t\t\n\t\t<figure class=\"wpb_wrapper vc_figure\">\n\t\t\t<a href=\"http:\/\/maldives-paradise.com\/fr\/malahini-kuda-bandos-resort\/\" target=\"_self\" class=\"vc_single_image-wrapper   vc_box_border_grey\"><img loading=\"lazy\" decoding=\"async\" width=\"150\" height=\"150\" src=\"https:\/\/maldives-paradise.com\/wp-content\/uploads\/2024\/02\/malahini-kuda-bandos400-150x150.jpg\" class=\"vc_single_image-img attachment-thumbnail\" alt=\"Malahini Kuda Bandos Resort\" title=\"malahini-kuda-bandos400\" \/><\/a>\n\t\t<\/figure>\n\t<\/div>\n<\/div><\/div><\/div><div class=\"wpb_column vc_column_container vc_col-sm-9\"><div class=\"vc_column-inner\"><div class=\"wpb_wrapper\">\n\t<div class=\"wpb_text_column wpb_content_element\" >\n\t\t<div class=\"wpb_wrapper\">\n\t\t\t<h4><a href=\"http:\/\/maldives-paradise.com\/fr\/malahini-kuda-bandos-resort\/\">Malahini Kuda Bandos Resort<\/a><\/h4>\n<p>Malahini Kuda Bandos Resort est un sanctuaire tropical qui promet une escapade extraordinaire. Son emplacement id\u00e9al, ses h\u00e9bergements confortables, sa cuisine d\u00e9licieuse et son engagement en faveur du d\u00e9veloppement durable en font le choix id\u00e9al pour les voyageurs en qu\u00eate de d\u00e9tente et d&#039;aventure.<\/p>\n\n\t\t<\/div>\n\t<\/div>\n<\/div><\/div><\/div><\/div><div class=\"vc_row wpb_row vc_row-fluid\"><div class=\"wpb_column vc_column_container vc_col-sm-3\"><div class=\"vc_column-inner\"><div class=\"wpb_wrapper\">\n\t<div  class=\"wpb_single_image wpb_content_element vc_align_left wpb_content_element\">\n\t\t\n\t\t<figure class=\"wpb_wrapper vc_figure\">\n\t\t\t<a href=\"http:\/\/maldives-paradise.com\/fr\/station-balneaire-de-lile-de-medhufushi\/\" target=\"_self\" class=\"vc_single_image-wrapper   vc_box_border_grey\"><img loading=\"lazy\" decoding=\"async\" width=\"150\" height=\"150\" src=\"https:\/\/maldives-paradise.com\/wp-content\/uploads\/2024\/02\/medhufushi-island-resort-150x150.jpg\" class=\"vc_single_image-img attachment-thumbnail\" alt=\"H\u00f4tel Medhufushi Island\" title=\"medhufushi-island-resort\" \/><\/a>\n\t\t<\/figure>\n\t<\/div>\n<\/div><\/div><\/div><div class=\"wpb_column vc_column_container vc_col-sm-9\"><div class=\"vc_column-inner\"><div class=\"wpb_wrapper\">\n\t<div class=\"wpb_text_column wpb_content_element\" >\n\t\t<div class=\"wpb_wrapper\">\n\t\t\t<h4><a href=\"http:\/\/maldives-paradise.com\/fr\/station-balneaire-de-lile-de-medhufushi\/\">H\u00f4tel Medhufushi Island<\/a><\/h4>\n<p>Nich\u00e9 dans ce paradis se trouve <strong>H\u00f4tel Medhufushi Island<\/strong>, une retraite idyllique qui promet s\u00e9r\u00e9nit\u00e9, aventure et beaut\u00e9 in\u00e9gal\u00e9e des Maldives. Dans cet article, nous explorerons ce qui fait du Medhufushi Island Resort une destination irr\u00e9sistible pour ceux qui aspirent \u00e0 la d\u00e9tente, \u00e0 l&#039;aventure et \u00e0 un avant-go\u00fbt du paradis.<\/p>\n\n\t\t<\/div>\n\t<\/div>\n<\/div><\/div><\/div><\/div><div class=\"vc_row wpb_row vc_row-fluid\"><div class=\"wpb_column vc_column_container vc_col-sm-3\"><div class=\"vc_column-inner\"><div class=\"wpb_wrapper\">\n\t<div  class=\"wpb_single_image wpb_content_element vc_align_left wpb_content_element\">\n\t\t\n\t\t<figure class=\"wpb_wrapper vc_figure\">\n\t\t\t<a href=\"http:\/\/maldives-paradise.com\/fr\/ile-de-villegiature-de-meeru-aux-maldives\/\" target=\"_self\" class=\"vc_single_image-wrapper   vc_box_border_grey\"><img loading=\"lazy\" decoding=\"async\" width=\"150\" height=\"150\" src=\"https:\/\/maldives-paradise.com\/wp-content\/uploads\/2024\/02\/meeru2-150x150.jpg\" class=\"vc_single_image-img attachment-thumbnail\" alt=\"\u00cele de vill\u00e9giature de Meeru Maldives\" title=\"meeru2\" \/><\/a>\n\t\t<\/figure>\n\t<\/div>\n<\/div><\/div><\/div><div class=\"wpb_column vc_column_container vc_col-sm-9\"><div class=\"vc_column-inner\"><div class=\"wpb_wrapper\">\n\t<div class=\"wpb_text_column wpb_content_element\" >\n\t\t<div class=\"wpb_wrapper\">\n\t\t\t<h4><a href=\"http:\/\/maldives-paradise.com\/fr\/ile-de-villegiature-de-meeru-aux-maldives\/\">\u00cele de vill\u00e9giature de Meeru Maldives<\/a><\/h4>\n<p>Meeru Maldives Resort Island est un <strong>Seulment les adultes<\/strong> et une retraite idyllique qui promet un m\u00e9lange unique de d\u00e9tente, d&#039;aventure et de beaut\u00e9 in\u00e9gal\u00e9e des Maldives. Le complexe propose un large \u00e9ventail d\u2019options d\u2019h\u00e9bergement luxueux pour r\u00e9pondre \u00e0 divers go\u00fbts et pr\u00e9f\u00e9rences. Des villas en bord de mer aux bungalows sur pilotis.<\/p>\n\n\t\t<\/div>\n\t<\/div>\n<\/div><\/div><\/div><\/div><div class=\"vc_row wpb_row vc_row-fluid\"><div class=\"wpb_column vc_column_container vc_col-sm-12\"><div class=\"vc_column-inner\"><div class=\"wpb_wrapper\">\n\t<div class=\"wpb_text_column wpb_content_element\" >\n\t\t<div class=\"wpb_wrapper\">\n\t\t\t<h3>H\u00f4tels et complexes 4 \u00e9toiles aux Maldives\u00a0\u00a0<a href=\"http:\/\/maldives-paradise.com\/fr\/hotels-4-etoiles-aux-maldives\/\">Page 1<\/a>\u00a0\u00a0 <a href=\"http:\/\/maldives-paradise.com\/fr\/hotels-4-etoiles-aux-maldives-3\/\">Page 3<\/a>\u00a0 <a href=\"http:\/\/maldives-paradise.com\/fr\/hotels-4-etoiles-aux-maldives-4\/\">Page 4<\/a><\/h3>\n\n\t\t<\/div>\n\t<\/div>\n<\/div><\/div><\/div><\/div>\n<\/div>","protected":false},"excerpt":{"rendered":"<div class=\"mh-excerpt\"><\/div>","protected":false},"author":1,"featured_media":10050,"parent":0,"menu_order":0,"comment_status":"closed","ping_status":"closed","template":"","meta":{"footnotes":""},"class_list":["post-10054","page","type-page","status-publish","has-post-thumbnail"],"aioseo_notices":[],"_links":{"self":[{"href":"http:\/\/maldives-paradise.com\/fr\/wp-json\/wp\/v2\/pages\/10054","targetHints":{"allow":["GET"]}}],"collection":[{"href":"http:\/\/maldives-paradise.com\/fr\/wp-json\/wp\/v2\/pages"}],"about":[{"href":"http:\/\/maldives-paradise.com\/fr\/wp-json\/wp\/v2\/types\/page"}],"author":[{"embeddable":true,"href":"http:\/\/maldives-paradise.com\/fr\/wp-json\/wp\/v2\/users\/1"}],"replies":[{"embeddable":true,"href":"http:\/\/maldives-paradise.com\/fr\/wp-json\/wp\/v2\/comments?post=10054"}],"version-history":[{"count":6,"href":"http:\/\/maldives-paradise.com\/fr\/wp-json\/wp\/v2\/pages\/10054\/revisions"}],"predecessor-version":[{"id":34285,"href":"http:\/\/maldives-paradise.com\/fr\/wp-json\/wp\/v2\/pages\/10054\/revisions\/34285"}],"wp:featuredmedia":[{"embeddable":true,"href":"http:\/\/maldives-paradise.com\/fr\/wp-json\/wp\/v2\/media\/10050"}],"wp:attachment":[{"href":"http:\/\/maldives-paradise.com\/fr\/wp-json\/wp\/v2\/media?parent=10054"}],"curies":[{"name":"wp","href":"https:\/\/api.w.org\/{rel}","templated":true}]}}