{"id":9810,"date":"2024-01-30T17:44:51","date_gmt":"2024-01-30T17:44:51","guid":{"rendered":"http:\/\/maldives-paradise.com\/?page_id=9810"},"modified":"2025-10-10T07:05:19","modified_gmt":"2025-10-10T07:05:19","slug":"complejo-turistico-en-la-isla-de-filitheyo","status":"publish","type":"page","link":"http:\/\/maldives-paradise.com\/es\/complejo-turistico-en-la-isla-de-filitheyo\/","title":{"rendered":"Complejo tur\u00edstico en la isla de Filitheyo"},"content":{"rendered":"<div class=\"wpb-content-wrapper\"><div class=\"vc_row wpb_row vc_row-fluid\"><div class=\"wpb_column vc_column_container vc_col-sm-12\"><div class=\"vc_column-inner\"><div class=\"wpb_wrapper\">\n\t<div class=\"wpb_text_column wpb_content_element\" >\n\t\t<div class=\"wpb_wrapper\">\n\t\t\t<h3>Filitheyo Island Resort Maldives: donde el para\u00edso se encuentra con el lujo<\/h3>\n\n\t\t<\/div>\n\t<\/div>\n<\/div><\/div><\/div><\/div><div class=\"vc_row wpb_row vc_row-fluid\"><div class=\"wpb_column vc_column_container vc_col-sm-12\"><div class=\"vc_column-inner\"><div class=\"wpb_wrapper\">\n\t<div class=\"wpb_video_widget wpb_content_element vc_clearfix   vc_video-aspect-ratio-169 vc_video-el-width-100 vc_video-align-left\" >\n\t\t<div class=\"wpb_wrapper\">\n\t\t\t\n\t\t\t<div class=\"wpb_video_wrapper\"><iframe loading=\"lazy\" title=\"Filitheyo Island Resort Maldivas 2021 4K\" width=\"500\" height=\"281\" src=\"https:\/\/www.youtube.com\/embed\/N-FaHyKf1uI?feature=oembed\" frameborder=\"0\" allow=\"accelerometer; autoplay; clipboard-write; encrypted-media; gyroscope; picture-in-picture; web-share\" allowfullscreen><\/iframe><\/div>\n\t\t<\/div>\n\t<\/div>\n<\/div><\/div><\/div><\/div><div class=\"vc_row wpb_row vc_row-fluid\"><div class=\"wpb_column vc_column_container vc_col-sm-12\"><div class=\"vc_column-inner\"><div class=\"wpb_wrapper\">\n\t<div class=\"wpb_text_column wpb_content_element\" >\n\t\t<div class=\"wpb_wrapper\">\n\t\t\t<p>El Filitheyo Island Resort es un para\u00edso tropical que promete una experiencia inolvidable en las Maldivas. Situado en la pr\u00edstina isla Filitheyo, este complejo combina belleza natural, aventura y lujosa comodidad para crear un refugio id\u00edlico para los viajeros que buscan disfrutar de la belleza de las Maldivas.<\/p>\n<p><strong>Llegada al para\u00edso<\/strong><\/p>\n<p>Su viaje al Filitheyo Island Resort comienza con un paseo panor\u00e1mico en hidroavi\u00f3n desde el aeropuerto internacional de Mal\u00e9. A medida que se acerque a la isla, ser\u00e1 recibido por la vista de finas arenas blancas, palmeras ondulantes y la promesa de una escapada extraordinaria.<\/p>\n<p><strong>Alojamiento de lujo<\/strong><\/p>\n<p>El complejo ofrece una gama de alojamientos de lujo dise\u00f1ados para sumergirlo en la naturaleza y al mismo tiempo brindarle el m\u00e1ximo confort. Elija entre villas frente al mar o bungalows sobre el agua, cada uno meticulosamente dise\u00f1ado con comodidades modernas, terrazas privadas y acceso directo a la pr\u00edstina playa o laguna. El sonido de las suaves olas te arrullar\u00e1 cada noche.<\/p>\n<p><strong>Delicias culinarias<\/strong><\/p>\n<p>Filitheyo Island Resort cuenta con una variedad de opciones gastron\u00f3micas que celebran los sabores de las Maldivas y del mundo. El restaurante principal, Palm, ofrece buf\u00e9s internacionales con cenas tem\u00e1ticas, lo que garantiza un viaje culinario diverso. El restaurante y bar Sunset, ubicado sobre el agua, ofrece vistas impresionantes y una cocina deliciosa. Para una experiencia gastron\u00f3mica rom\u00e1ntica, disfrute de una cena privada a la luz de las velas en la playa o en la privacidad de su villa.<\/p>\n<p><strong>Aventuras Marinas<\/strong><\/p>\n<p>Las Maldivas son famosas por su vibrante vida marina y <strong>Complejo tur\u00edstico en la isla de Filitheyo<\/strong> proporciona la puerta de entrada perfecta para explorarlo. El centro de buceo del resort ofrece experiencias de buceo con certificaci\u00f3n PADI, donde podr\u00e1 descubrir magn\u00edficos arrecifes de coral, nadar con tiburones, encontrarse con mantarrayas y estar rodeado de un caleidoscopio de peces tropicales. Tambi\u00e9n se encuentran disponibles snorkel y safaris guiados de snorkel para hu\u00e9spedes de todos los niveles.<\/p>\n<p><strong>Deportes y actividades acu\u00e1ticas<\/strong><\/p>\n<p>M\u00e1s all\u00e1 del buceo y el snorkeling, el complejo ofrece una variedad de deportes acu\u00e1ticos y actividades terrestres. Pruebe el windsurf, el remo, el kayak o la navegaci\u00f3n en catamar\u00e1n. Participe en un partido amistoso de voleibol de playa o tenis de mesa. Contin\u00fae con su rutina de ejercicios en el gimnasio o disfrute de un relajante tratamiento de spa en el Filitheyo Spa.<\/p>\n<p><strong>Retiro familiar<\/strong><\/p>\n<p><strong>Complejo tur\u00edstico en la isla de Filitheyo<\/strong> es perfecto para familias, ya que ofrece alojamiento ideal para familias, una piscina para ni\u00f1os y un club infantil con actividades supervisadas. Los padres pueden disfrutar de sus propias aventuras mientras los ni\u00f1os disfrutan de su propia diversi\u00f3n y entretenimiento.<\/p>\n<p><strong>Escapadas rom\u00e1nticas<\/strong><\/p>\n<p>Para las parejas que buscan un retiro rom\u00e1ntico, el complejo ofrece experiencias gastron\u00f3micas \u00edntimas, tratamientos de spa para parejas y cruceros al atardecer. La belleza natural de la isla Filitheyo prepara el escenario para momentos preciados juntos.<\/p>\n<p><strong>Iniciativas ecol\u00f3gicas<\/strong><\/p>\n<p>El resort est\u00e1 comprometido con el turismo sustentable, participando activamente en proyectos de restauraci\u00f3n de corales y esfuerzos de conservaci\u00f3n ambiental. Participar en sus iniciativas ecol\u00f3gicas para contribuir a la preservaci\u00f3n del ecosistema marino.<\/p>\n<p><strong>Conclusi\u00f3n<\/strong><\/p>\n<p>Filitheyo Island Resort Maldives no es s\u00f3lo un destino de vacaciones; es un para\u00edso esperando ser explorado. Ya sea que est\u00e9 buscando aventuras bajo las olas, relajaci\u00f3n en playas v\u00edrgenes o una escapada rom\u00e1ntica, este resort lo ofrece todo. Con su c\u00e1lida hospitalidad y un entorno impresionante, Filitheyo Island Resort lo invita a crear recuerdos duraderos en este rinc\u00f3n sereno e intacto de las Maldivas.<\/p>\n<p>Experimente la magia de las Maldivas en Filitheyo Island Resort, donde el lujo se une a la naturaleza para crear un retiro incomparable. Haga realidad sus sue\u00f1os de una escapada a las Maldivas y sum\u00e9rjase en la extraordinaria belleza que le rodea.<\/p>\n\n\t\t<\/div>\n\t<\/div>\n<\/div><\/div><\/div><\/div><div class=\"vc_row wpb_row vc_row-fluid\"><div class=\"wpb_column vc_column_container vc_col-sm-12\"><div class=\"vc_column-inner\"><div class=\"wpb_wrapper\">\n\t<div class=\"wpb_text_column wpb_content_element\" >\n\t\t<div class=\"wpb_wrapper\">\n\t\t\t<h3><a title=\"Complejo tur\u00edstico en la isla de Filitheyo\" href=\"https:\/\/trip.tpo.lv\/7UgokmDV\" target=\"blanc2\" rel=\"nofollow\">Consulta la disponibilidad y el mejor precio en Filitheyo Island Resort aqu\u00ed &gt;&gt;<\/a><\/h3>\n\n\t\t<\/div>\n\t<\/div>\n<\/div><\/div><\/div><\/div>\n<\/div>","protected":false},"excerpt":{"rendered":"<div class=\"mh-excerpt\"><\/div>","protected":false},"author":1,"featured_media":9811,"parent":0,"menu_order":0,"comment_status":"closed","ping_status":"closed","template":"","meta":{"footnotes":""},"class_list":["post-9810","page","type-page","status-publish","has-post-thumbnail"],"aioseo_notices":[],"_links":{"self":[{"href":"http:\/\/maldives-paradise.com\/es\/wp-json\/wp\/v2\/pages\/9810","targetHints":{"allow":["GET"]}}],"collection":[{"href":"http:\/\/maldives-paradise.com\/es\/wp-json\/wp\/v2\/pages"}],"about":[{"href":"http:\/\/maldives-paradise.com\/es\/wp-json\/wp\/v2\/types\/page"}],"author":[{"embeddable":true,"href":"http:\/\/maldives-paradise.com\/es\/wp-json\/wp\/v2\/users\/1"}],"replies":[{"embeddable":true,"href":"http:\/\/maldives-paradise.com\/es\/wp-json\/wp\/v2\/comments?post=9810"}],"version-history":[{"count":4,"href":"http:\/\/maldives-paradise.com\/es\/wp-json\/wp\/v2\/pages\/9810\/revisions"}],"predecessor-version":[{"id":43432,"href":"http:\/\/maldives-paradise.com\/es\/wp-json\/wp\/v2\/pages\/9810\/revisions\/43432"}],"wp:featuredmedia":[{"embeddable":true,"href":"http:\/\/maldives-paradise.com\/es\/wp-json\/wp\/v2\/media\/9811"}],"wp:attachment":[{"href":"http:\/\/maldives-paradise.com\/es\/wp-json\/wp\/v2\/media?parent=9810"}],"curies":[{"name":"gracias","href":"https:\/\/api.w.org\/{rel}","templated":true}]}}