{"id":9773,"date":"2024-01-30T07:44:09","date_gmt":"2024-01-30T07:44:09","guid":{"rendered":"http:\/\/maldives-paradise.com\/?page_id=9773"},"modified":"2025-10-10T06:58:21","modified_gmt":"2025-10-10T06:58:21","slug":"complejo-turistico-de-la-isla-eriyadu","status":"publish","type":"page","link":"http:\/\/maldives-paradise.com\/es\/complejo-turistico-de-la-isla-eriyadu\/","title":{"rendered":"Complejo tur\u00edstico en la isla de Eriyadu"},"content":{"rendered":"<div class=\"wpb-content-wrapper\"><div class=\"vc_row wpb_row vc_row-fluid\"><div class=\"wpb_column vc_column_container vc_col-sm-12\"><div class=\"vc_column-inner\"><div class=\"wpb_wrapper\">\n\t<div class=\"wpb_text_column wpb_content_element\" >\n\t\t<div class=\"wpb_wrapper\">\n\t\t\t<h3>Eriyadu Island Resort: una joya escondida en el para\u00edso tropical<\/h3>\n\n\t\t<\/div>\n\t<\/div>\n<\/div><\/div><\/div><\/div><div class=\"vc_row wpb_row vc_row-fluid\"><div class=\"wpb_column vc_column_container vc_col-sm-12\"><div class=\"vc_column-inner\"><div class=\"wpb_wrapper\">\n\t<div class=\"wpb_video_widget wpb_content_element vc_clearfix   vc_video-aspect-ratio-169 vc_video-el-width-100 vc_video-align-left\" >\n\t\t<div class=\"wpb_wrapper\">\n\t\t\t\n\t\t\t<div class=\"wpb_video_wrapper\"><iframe loading=\"lazy\" title=\"Complejo tur\u00edstico en la isla Eriyadu, Reethi Rah\" width=\"500\" height=\"281\" src=\"https:\/\/www.youtube.com\/embed\/eeM69RiJwO8?feature=oembed\" frameborder=\"0\" allow=\"accelerometer; autoplay; clipboard-write; encrypted-media; gyroscope; picture-in-picture; web-share\" allowfullscreen><\/iframe><\/div>\n\t\t<\/div>\n\t<\/div>\n<\/div><\/div><\/div><\/div><div class=\"vc_row wpb_row vc_row-fluid\"><div class=\"wpb_column vc_column_container vc_col-sm-12\"><div class=\"vc_column-inner\"><div class=\"wpb_wrapper\">\n\t<div class=\"wpb_text_column wpb_content_element\" >\n\t\t<div class=\"wpb_wrapper\">\n\t\t\t<p>Escondido en el coraz\u00f3n del Oc\u00e9ano \u00cdndico, el <strong>Complejo tur\u00edstico en la isla de Eriyadu<\/strong> es un oasis de tranquilidad que promete una escapada inolvidable a las Maldivas. Situado en la apartada isla Eriyadu, este complejo combina belleza natural, relajaci\u00f3n y aventuras acu\u00e1ticas para crear un refugio id\u00edlico para los viajeros que buscan serenidad en las Maldivas.<\/p>\n<p><strong>Llegada al para\u00edso<\/strong><\/p>\n<p>Su viaje a Eriyadu Island Resort comienza con un traslado panor\u00e1mico en lancha r\u00e1pida desde el aeropuerto internacional de Mal\u00e9. A medida que se acerque a la isla, ser\u00e1 recibido por pr\u00edstinas arenas blancas, una exuberante vegetaci\u00f3n tropical y la promesa de una escapada extraordinaria.<\/p>\n<p><strong>Alojamiento acogedor<\/strong><\/p>\n<p>El complejo ofrece una variedad de c\u00f3modas habitaciones dise\u00f1adas para mezclarse con el entorno natural y al mismo tiempo brindar comodidades modernas. Elija entre bungalows frente al mar o villas sobre el agua, cada uno cuidadosamente dise\u00f1ado con terrazas privadas y acceso directo a la playa o laguna. Duerma con el relajante sonido de las olas del oc\u00e9ano y despi\u00e9rtese con el suave abrazo de la brisa tropical.<\/p>\n<p><strong>Delicias culinarias<\/strong><\/p>\n<p>Eriyadu Island Resort cuenta con una variedad de opciones gastron\u00f3micas que satisfacen todos los paladares. El restaurante principal, Sufura, ofrece buf\u00e9s internacionales con cenas tem\u00e1ticas, lo que garantiza una experiencia culinaria diversa. El exclusivo restaurante y bar Sunset ofrece impresionantes vistas al mar y una cocina exquisita. Para una experiencia gastron\u00f3mica rom\u00e1ntica, saboree una cena privada a la luz de las velas en la playa.<\/p>\n<p><strong>Aventuras Acu\u00e1ticas<\/strong><\/p>\n<p>Las Maldivas son famosas por su vibrante vida marina y Eriyadu Island Resort te permite explorarla de cerca. El centro de buceo certificado PADI del resort ofrece experiencias de buceo que revelan impresionantes arrecifes de coral, encuentros con colorida vida marina e incluso oportunidades para nadar con majestuosas mantarrayas y tiburones de arrecife. Tambi\u00e9n se encuentran disponibles snorkel y safaris guiados de snorkel.<\/p>\n<p><strong>Deportes acu\u00e1ticos y actividades de ocio<\/strong><\/p>\n<p>Adem\u00e1s de buceo y snorkel, el complejo ofrece una variedad de deportes acu\u00e1ticos y actividades en tierra. Pruebe el windsurf, el remo o el kayak. Participa en un partido amistoso de voleibol de playa o b\u00e1dminton. Contin\u00fae con su rutina de ejercicios en el gimnasio o disfrute de un relajante tratamiento de spa en el Coconut Spa.<\/p>\n<p><strong>Retiro familiar<\/strong><\/p>\n<p>Eriyadu Island Resort es un destino ideal para familias, ya que ofrece alojamiento ideal para familias, una piscina para ni\u00f1os y un club infantil con actividades supervisadas. Mientras los padres se embarcan en sus propias aventuras, los ni\u00f1os pueden disfrutar de su propia diversi\u00f3n y entretenimiento.<\/p>\n<p><strong>Escapadas Rom\u00e1nticas<\/strong><\/p>\n<p>Para las parejas que buscan una escapada rom\u00e1ntica, el complejo ofrece experiencias gastron\u00f3micas \u00edntimas, tratamientos de spa para parejas y cruceros al atardecer. La serena belleza natural de la isla Eriyadu prepara el escenario para momentos preciados juntos.<\/p>\n<p><strong>Compromiso Ecol\u00f3gico<\/strong><\/p>\n<p>El resort se dedica a pr\u00e1cticas de turismo sustentable, participando activamente en proyectos de restauraci\u00f3n de corales y esfuerzos de conservaci\u00f3n ambiental. Participar en sus iniciativas ecol\u00f3gicas para contribuir a la preservaci\u00f3n del ecosistema marino.<\/p>\n<p><strong>Conclusi\u00f3n<\/strong><\/p>\n<p>Eriyadu Island Resort Maldives no es s\u00f3lo un destino de vacaciones; es una invitaci\u00f3n a reconectarse con la naturaleza y abrazar la serenidad de las Maldivas. Ya sea que est\u00e9 buscando aventuras bajo las olas, relajaci\u00f3n en playas v\u00edrgenes o una escapada rom\u00e1ntica, este resort lo ofrece todo. Con una c\u00e1lida hospitalidad y un entorno impresionante, Eriyadu Island Resort lo invita a crear recuerdos duraderos en este sereno rinc\u00f3n de las Maldivas.<\/p>\n<p>Experimente la magia de las Maldivas en Eriyadu Island Resort, donde la naturaleza y el confort se combinan para crear un retiro incomparable. Haga realidad sus sue\u00f1os de una escapada a las Maldivas y sum\u00e9rjase en la extraordinaria belleza que le rodea.<\/p>\n\n\t\t<\/div>\n\t<\/div>\n<\/div><\/div><\/div><\/div><div class=\"vc_row wpb_row vc_row-fluid\"><div class=\"wpb_column vc_column_container vc_col-sm-12\"><div class=\"vc_column-inner\"><div class=\"wpb_wrapper\">\n\t<div class=\"wpb_text_column wpb_content_element\" >\n\t\t<div class=\"wpb_wrapper\">\n\t\t\t<h3><a title=\"Complejo tur\u00edstico en la isla de Eriyadu\" href=\"https:\/\/trip.tpo.lv\/tqs16qtu\" target=\"blanc2\" rel=\"nofollow\">Consulta la disponibilidad y el mejor precio en Eriyadu Island Resort aqu\u00ed &gt;&gt;<\/a><\/h3>\n\n\t\t<\/div>\n\t<\/div>\n<\/div><\/div><\/div><\/div>\n<\/div>","protected":false},"excerpt":{"rendered":"<div class=\"mh-excerpt\"><\/div>","protected":false},"author":1,"featured_media":9774,"parent":0,"menu_order":0,"comment_status":"closed","ping_status":"closed","template":"","meta":{"footnotes":""},"class_list":["post-9773","page","type-page","status-publish","has-post-thumbnail"],"aioseo_notices":[],"_links":{"self":[{"href":"http:\/\/maldives-paradise.com\/es\/wp-json\/wp\/v2\/pages\/9773","targetHints":{"allow":["GET"]}}],"collection":[{"href":"http:\/\/maldives-paradise.com\/es\/wp-json\/wp\/v2\/pages"}],"about":[{"href":"http:\/\/maldives-paradise.com\/es\/wp-json\/wp\/v2\/types\/page"}],"author":[{"embeddable":true,"href":"http:\/\/maldives-paradise.com\/es\/wp-json\/wp\/v2\/users\/1"}],"replies":[{"embeddable":true,"href":"http:\/\/maldives-paradise.com\/es\/wp-json\/wp\/v2\/comments?post=9773"}],"version-history":[{"count":3,"href":"http:\/\/maldives-paradise.com\/es\/wp-json\/wp\/v2\/pages\/9773\/revisions"}],"predecessor-version":[{"id":43429,"href":"http:\/\/maldives-paradise.com\/es\/wp-json\/wp\/v2\/pages\/9773\/revisions\/43429"}],"wp:featuredmedia":[{"embeddable":true,"href":"http:\/\/maldives-paradise.com\/es\/wp-json\/wp\/v2\/media\/9774"}],"wp:attachment":[{"href":"http:\/\/maldives-paradise.com\/es\/wp-json\/wp\/v2\/media?parent=9773"}],"curies":[{"name":"gracias","href":"https:\/\/api.w.org\/{rel}","templated":true}]}}