{"id":9641,"date":"2024-01-28T18:19:31","date_gmt":"2024-01-28T18:19:31","guid":{"rendered":"http:\/\/maldives-paradise.com\/?page_id=9641"},"modified":"2025-10-09T16:20:41","modified_gmt":"2025-10-09T16:20:41","slug":"el-eco-hotel-descalzo","status":"publish","type":"page","link":"http:\/\/maldives-paradise.com\/es\/el-eco-hotel-descalzo\/","title":{"rendered":"El Eco Hotel Descalzo"},"content":{"rendered":"<div class=\"wpb-content-wrapper\"><div class=\"vc_row wpb_row vc_row-fluid\"><div class=\"wpb_column vc_column_container vc_col-sm-12\"><div class=\"vc_column-inner\"><div class=\"wpb_wrapper\">\n\t<div class=\"wpb_text_column wpb_content_element\" >\n\t\t<div class=\"wpb_wrapper\">\n\t\t\t<h3>The Barefoot Eco Hotel: un oasis sostenible en las Maldivas<\/h3>\n\n\t\t<\/div>\n\t<\/div>\n<\/div><\/div><\/div><\/div><div class=\"vc_row wpb_row vc_row-fluid\"><div class=\"wpb_column vc_column_container vc_col-sm-12\"><div class=\"vc_column-inner\"><div class=\"wpb_wrapper\">\n\t<div class=\"wpb_video_widget wpb_content_element vc_clearfix   vc_video-aspect-ratio-169 vc_video-el-width-100 vc_video-align-left\" >\n\t\t<div class=\"wpb_wrapper\">\n\t\t\t\n\t\t\t<div class=\"wpb_video_wrapper\"><iframe loading=\"lazy\" title=\"The Barefoot Eco Hotel - Hanimaadhoo Maldivas\" width=\"500\" height=\"281\" src=\"https:\/\/www.youtube.com\/embed\/6-YQWRDt3q8?feature=oembed\" frameborder=\"0\" allow=\"accelerometer; autoplay; clipboard-write; encrypted-media; gyroscope; picture-in-picture; web-share\" allowfullscreen><\/iframe><\/div>\n\t\t<\/div>\n\t<\/div>\n<\/div><\/div><\/div><\/div><div class=\"vc_row wpb_row vc_row-fluid\"><div class=\"wpb_column vc_column_container vc_col-sm-12\"><div class=\"vc_column-inner\"><div class=\"wpb_wrapper\">\n\t<div class=\"wpb_text_column wpb_content_element\" >\n\t\t<div class=\"wpb_wrapper\">\n\t\t\t<p>Situado en el coraz\u00f3n del Oc\u00e9ano \u00cdndico, <strong>El Eco Hotel Descalzo<\/strong> es un refugio \u00fanico y respetuoso con el medio ambiente que ofrece a los viajeros una experiencia excepcional en las Maldivas. Ubicado en la hermosa isla Hanimadhoo, este para\u00edso ecol\u00f3gico combina lujo, sostenibilidad y aventura para crear una escapada memorable para los amantes de la naturaleza y los viajeros conscientes del medio ambiente.<\/p>\n<p><strong>Llegada al para\u00edso<\/strong><\/p>\n<p>Para llegar a The Barefoot Eco Hotel, los hu\u00e9spedes toman un vuelo nacional desde el aeropuerto internacional de Mal\u00e9 al aeropuerto de Hanimadhoo, seguido de un breve traslado en lancha r\u00e1pida. El viaje en s\u00ed permite vislumbrar la impresionante belleza natural que le espera.<\/p>\n<p><strong>Alojamientos ecol\u00f3gicos<\/strong><\/p>\n<p>El Barefoot Eco Hotel es conocido por su compromiso con la sostenibilidad. El complejo ofrece una variedad de alojamientos dise\u00f1ados teniendo en cuenta el respeto al medio ambiente. Desde amplias villas frente al mar hasta bungalows sobre el agua, cada habitaci\u00f3n combina el confort moderno con pr\u00e1cticas ambientalmente responsables. Los paneles solares, la recolecci\u00f3n de agua de lluvia y los electrodom\u00e9sticos de bajo consumo contribuyen al esp\u00edritu ecol\u00f3gico del complejo.<\/p>\n<p><strong>Saborear la cocina sostenible<\/strong><\/p>\n<p>El restaurante del complejo, &quot;Dhivehi&quot;, se especializa en cocina org\u00e1nica y de origen local. El men\u00fa presenta una fusi\u00f3n de sabores de Maldivas y platos internacionales. Disfrute cenando en medio de exuberantes jardines mientras aprecia los ingredientes m\u00e1s frescos cosechados en granjas locales.<\/p>\n<p><strong>Abraza la naturaleza<\/strong><\/p>\n<p>En The Barefoot Eco Hotel, la naturaleza ocupa un lugar central. La propiedad est\u00e1 rodeada de exuberante vegetaci\u00f3n tropical y las playas v\u00edrgenes albergan tortugas marinas anidando. Las caminatas guiadas por la naturaleza, la observaci\u00f3n de aves y los recorridos en bicicleta permiten a los hu\u00e9spedes explorar la flora y fauna \u00fanicas de la isla.<\/p>\n<p><strong>Aventuras Marinas<\/strong><\/p>\n<p>El centro de buceo PADI 5 estrellas del complejo ofrece una variedad de aventuras acu\u00e1ticas, que incluyen snorkel, buceo e incluso excursiones con tiburones ballena. Explore los vibrantes arrecifes de coral y nade junto a una gran variedad de vida marina. El complejo est\u00e1 dedicado a los esfuerzos de restauraci\u00f3n de corales, contribuyendo a la preservaci\u00f3n de este fr\u00e1gil ecosistema.<\/p>\n<p><strong>Iniciativas ecol\u00f3gicas<\/strong><\/p>\n<p>El Barefoot Eco Hotel es pionero en turismo sostenible en las Maldivas. Participan activamente en iniciativas de conservaci\u00f3n, como programas de anidaci\u00f3n de tortugas y esfuerzos de protecci\u00f3n marina. Se anima a los hu\u00e9spedes a participar en pr\u00e1cticas ecol\u00f3gicas y aprender sobre el medio ambiente local durante su estancia.<\/p>\n<p><strong>Spa y Bienestar<\/strong><\/p>\n<p>Para una m\u00e1xima relajaci\u00f3n, el &quot;Earth and Sky Spa&quot; del resort ofrece una gama de tratamientos hol\u00edsticos que utilizan productos naturales y org\u00e1nicos. Relaja tu cuerpo y mente rodeado de los relajantes sonidos del oc\u00e9ano y la suave caricia de la brisa marina.<\/p>\n<p><strong>Participaci\u00f3n de la comunidad<\/strong><\/p>\n<p>El Barefoot Eco Hotel mantiene fuertes v\u00ednculos con la comunidad local. Los hu\u00e9spedes pueden visitar islas cercanas para sumergirse en la cultura de las Maldivas, explorar la artesan\u00eda local y conectarse con los amigables residentes de la isla Hanimadhoo.<\/p>\n<p><strong>Conclusi\u00f3n<\/strong><\/p>\n<p>El Barefoot Eco Hotel en las Maldivas invita a los viajeros a abrazar la naturaleza mientras cuidan el medio ambiente. Con sus alojamientos ecol\u00f3gicos, opciones gastron\u00f3micas sostenibles y una amplia gama de aventuras naturales, es un destino que le permite disfrutar de la belleza de las Maldivas y al mismo tiempo contribuir a su preservaci\u00f3n.<\/p>\n<p>Si est\u00e1 buscando un escape ecol\u00f3gico que combine lujo con sostenibilidad, The Barefoot Eco Hotel ofrece una experiencia inolvidable. Deje solo huellas, ll\u00e9vese solo recuerdos y genere un impacto positivo en el medio ambiente durante su estad\u00eda en este extraordinario retiro ecol\u00f3gico en las Maldivas.<\/p>\n<p>El Eco Hotel Descalzo es un <strong>Resort de 4 estrellas a bajo precio<\/strong>.<\/p>\n\n\t\t<\/div>\n\t<\/div>\n<\/div><\/div><\/div><\/div><div class=\"vc_row wpb_row vc_row-fluid\"><div class=\"wpb_column vc_column_container vc_col-sm-12\"><div class=\"vc_column-inner\"><div class=\"wpb_wrapper\">\n\t<div class=\"wpb_text_column wpb_content_element\" >\n\t\t<div class=\"wpb_wrapper\">\n\t\t\t<h3><a title=\"El Eco Hotel Descalzo\" href=\"https:\/\/trip.tpo.lv\/KC81uBLh\" target=\"blanc2\" rel=\"nofollow\">Consulta disponibilidad y mejor precio en The Barefoot Eco Hotel aqu\u00ed &gt;&gt;<\/a><\/h3>\n\n\t\t<\/div>\n\t<\/div>\n<\/div><\/div><\/div><\/div>\n<\/div>","protected":false},"excerpt":{"rendered":"<div class=\"mh-excerpt\"><\/div>","protected":false},"author":1,"featured_media":9642,"parent":0,"menu_order":0,"comment_status":"closed","ping_status":"closed","template":"","meta":{"footnotes":""},"class_list":["post-9641","page","type-page","status-publish","has-post-thumbnail"],"aioseo_notices":[],"_links":{"self":[{"href":"http:\/\/maldives-paradise.com\/es\/wp-json\/wp\/v2\/pages\/9641","targetHints":{"allow":["GET"]}}],"collection":[{"href":"http:\/\/maldives-paradise.com\/es\/wp-json\/wp\/v2\/pages"}],"about":[{"href":"http:\/\/maldives-paradise.com\/es\/wp-json\/wp\/v2\/types\/page"}],"author":[{"embeddable":true,"href":"http:\/\/maldives-paradise.com\/es\/wp-json\/wp\/v2\/users\/1"}],"replies":[{"embeddable":true,"href":"http:\/\/maldives-paradise.com\/es\/wp-json\/wp\/v2\/comments?post=9641"}],"version-history":[{"count":3,"href":"http:\/\/maldives-paradise.com\/es\/wp-json\/wp\/v2\/pages\/9641\/revisions"}],"predecessor-version":[{"id":43397,"href":"http:\/\/maldives-paradise.com\/es\/wp-json\/wp\/v2\/pages\/9641\/revisions\/43397"}],"wp:featuredmedia":[{"embeddable":true,"href":"http:\/\/maldives-paradise.com\/es\/wp-json\/wp\/v2\/media\/9642"}],"wp:attachment":[{"href":"http:\/\/maldives-paradise.com\/es\/wp-json\/wp\/v2\/media?parent=9641"}],"curies":[{"name":"gracias","href":"https:\/\/api.w.org\/{rel}","templated":true}]}}