{"id":9605,"date":"2024-01-28T14:06:46","date_gmt":"2024-01-28T14:06:46","guid":{"rendered":"http:\/\/maldives-paradise.com\/?page_id=9605"},"modified":"2025-10-09T16:06:39","modified_gmt":"2025-10-09T16:06:39","slug":"balneario-y-complejo-turistico-de-la-isla-de-angaga","status":"publish","type":"page","link":"http:\/\/maldives-paradise.com\/es\/balneario-y-complejo-turistico-de-la-isla-de-angaga\/","title":{"rendered":"Complejo tur\u00edstico y spa de la isla Angaga"},"content":{"rendered":"<div class=\"wpb-content-wrapper\"><div class=\"vc_row wpb_row vc_row-fluid\"><div class=\"wpb_column vc_column_container vc_col-sm-12\"><div class=\"vc_column-inner\"><div class=\"wpb_wrapper\">\n\t<div class=\"wpb_text_column wpb_content_element\" >\n\t\t<div class=\"wpb_wrapper\">\n\t\t\t<h3>Angaga Island Resort &amp; Spa: el para\u00edso en la Tierra<\/h3>\n\n\t\t<\/div>\n\t<\/div>\n<\/div><\/div><\/div><\/div><div class=\"vc_row wpb_row vc_row-fluid\"><div class=\"wpb_column vc_column_container vc_col-sm-12\"><div class=\"vc_column-inner\"><div class=\"wpb_wrapper\">\n\t<div class=\"wpb_video_widget wpb_content_element vc_clearfix   vc_video-aspect-ratio-169 vc_video-el-width-100 vc_video-align-left\" >\n\t\t<div class=\"wpb_wrapper\">\n\t\t\t\n\t\t\t<div class=\"wpb_video_wrapper\"><iframe loading=\"lazy\" title=\"Angaga Island Resort &amp; Spa - Atol\u00f3n Ari Sur - Maldivas 4K 2019\" width=\"500\" height=\"281\" src=\"https:\/\/www.youtube.com\/embed\/JXPAbd_WetA?feature=oembed\" frameborder=\"0\" allow=\"accelerometer; autoplay; clipboard-write; encrypted-media; gyroscope; picture-in-picture; web-share\" allowfullscreen><\/iframe><\/div>\n\t\t<\/div>\n\t<\/div>\n<\/div><\/div><\/div><\/div><div class=\"vc_row wpb_row vc_row-fluid\"><div class=\"wpb_column vc_column_container vc_col-sm-12\"><div class=\"vc_column-inner\"><div class=\"wpb_wrapper\">\n\t<div class=\"wpb_text_column wpb_content_element\" >\n\t\t<div class=\"wpb_wrapper\">\n\t\t\t<p>Angaga Island Resort &amp; Spa en las Maldivas es un para\u00edso tropical que promete una escapada inolvidable. Con sus pr\u00edstinas playas de arena blanca, aguas turquesas y exuberante vegetaci\u00f3n, este resort ecol\u00f3gico ofrece un trocito de para\u00edso para los viajeros que buscan tranquilidad y belleza natural.<\/p>\n<p><strong>Para\u00edso isle\u00f1o<\/strong><\/p>\n<p>Angaga Island Resort &amp; Spa est\u00e1 situado en el atol\u00f3n Ari Sur, conocido por sus impresionantes arrecifes de coral y su diversa vida marina. Se puede llegar f\u00e1cilmente al complejo en hidroavi\u00f3n desde el Aeropuerto Internacional de Mal\u00e9, lo que lo convierte en una opci\u00f3n conveniente para los viajeros que buscan una escapada id\u00edlica.<\/p>\n<p><strong>Alojamientos<\/strong><\/p>\n<p>El complejo ofrece una variedad de alojamientos que se adaptan a distintas preferencias, desde acogedores bungalows frente a la playa hasta villas sobre el agua. Cada habitaci\u00f3n est\u00e1 dise\u00f1ada teniendo en cuenta la comodidad y el lujo, con comodidades modernas, espacios privados al aire libre y acceso directo a la playa o la laguna. Despierta con el sonido de las suaves olas y disfruta de impresionantes vistas del amanecer desde tu puerta.<\/p>\n<p><strong>Experiencia gastron\u00f3mica<\/strong><\/p>\n<p><strong>Angaga Island Resort &amp; Spa<\/strong> Cuenta con diversas opciones gastron\u00f3micas que permiten a los hu\u00e9spedes saborear una amplia gama de delicias culinarias. El restaurante principal ofrece comidas internacionales estilo buffet con noches tem\u00e1ticas, lo que garantiza una variedad de sabores para satisfacer todos los paladares. Para una experiencia gastron\u00f3mica rom\u00e1ntica e \u00edntima, el restaurante sobre el agua sirve exquisitos platos de mariscos y vinos finos.<\/p>\n<p><strong>Para\u00edso submarino<\/strong><\/p>\n<p>Uno de los aspectos m\u00e1s destacados del complejo es su proximidad a algunos de los mejores sitios de buceo de las Maldivas. Las aguas cristalinas que rodean Angaga est\u00e1n repletas de una vibrante vida marina, que incluye coloridos arrecifes de coral, tiburones, mantarrayas y tortugas. Tanto si eres un buceador experimentado como si eres un principiante, el complejo ofrece un centro de buceo con certificaci\u00f3n PADI con instructores experimentados que te guiar\u00e1n por las maravillas submarinas.<\/p>\n<p><strong>Deportes y actividades acu\u00e1ticas<\/strong><\/p>\n<p>Adem\u00e1s del buceo, los hu\u00e9spedes pueden disfrutar de una amplia gama de actividades y deportes acu\u00e1ticos, como esn\u00f3rquel, windsurf, pirag\u00fcismo y pesca. El complejo tambi\u00e9n ofrece excursiones como avistamiento de delfines, cruceros al atardecer y visitas a islas, lo que le permitir\u00e1 explorar la belleza natural de las Maldivas.<\/p>\n<p><strong>Spa y Bienestar<\/strong><\/p>\n<p>Angaga Island Resort &amp; Spa cuenta con un tranquilo spa donde los hu\u00e9spedes pueden disfrutar de tratamientos y masajes rejuvenecedores. El entorno tranquilo del spa, rodeado de exuberantes jardines tropicales, mejora la experiencia de relajaci\u00f3n, dej\u00e1ndolo renovado y revitalizado.<\/p>\n<p><strong>Iniciativas ecol\u00f3gicas<\/strong><\/p>\n<p>El complejo tur\u00edstico est\u00e1 comprometido con la preservaci\u00f3n del entorno natural de las Maldivas. Ha implementado varias iniciativas ecol\u00f3gicas, como la conservaci\u00f3n de la energ\u00eda, la reducci\u00f3n de residuos y las iniciativas de conservaci\u00f3n marina, incluida la protecci\u00f3n de los sitios locales de anidaci\u00f3n de tortugas marinas.<\/p>\n<p><strong>Conclusi\u00f3n<\/strong><\/p>\n<p>Angaga Island Resort &amp; Spa en las Maldivas es m\u00e1s que un destino de vacaciones; es una oportunidad para sumergirse en la belleza y la tranquilidad de la naturaleza. Ya sea que busque aventuras en el mundo submarino, relajaci\u00f3n en playas pr\u00edstinas o una escapada rom\u00e1ntica, este resort ecol\u00f3gico lo ofrece todo. Con su c\u00e1lida hospitalidad y compromiso con la sostenibilidad, Angaga Island Resort &amp; Spa lo invita a experimentar el para\u00edso en la Tierra como nunca antes. Cree recuerdos que durar\u00e1n toda la vida en este impresionante santuario de las Maldivas.<\/p>\n\n\t\t<\/div>\n\t<\/div>\n<\/div><\/div><\/div><\/div><div class=\"vc_row wpb_row vc_row-fluid\"><div class=\"wpb_column vc_column_container vc_col-sm-12\"><div class=\"vc_column-inner\"><div class=\"wpb_wrapper\">\n\t<div class=\"wpb_text_column wpb_content_element\" >\n\t\t<div class=\"wpb_wrapper\">\n\t\t\t<h3><a title=\"Angaga Island Resort &amp; Spa\" href=\"https:\/\/trip.tpo.lv\/2WRkt9yh\" target=\"blanc2\" rel=\"nofollow\">Check availability and best price at Angaga Island Resort &amp; Spa here &gt;&gt;<\/a><\/h3>\n\n\t\t<\/div>\n\t<\/div>\n<\/div><\/div><\/div><\/div>\n<\/div>","protected":false},"excerpt":{"rendered":"<div class=\"mh-excerpt\"><\/div>","protected":false},"author":1,"featured_media":9606,"parent":0,"menu_order":0,"comment_status":"closed","ping_status":"closed","template":"","meta":{"footnotes":""},"class_list":["post-9605","page","type-page","status-publish","has-post-thumbnail"],"aioseo_notices":[],"_links":{"self":[{"href":"http:\/\/maldives-paradise.com\/es\/wp-json\/wp\/v2\/pages\/9605","targetHints":{"allow":["GET"]}}],"collection":[{"href":"http:\/\/maldives-paradise.com\/es\/wp-json\/wp\/v2\/pages"}],"about":[{"href":"http:\/\/maldives-paradise.com\/es\/wp-json\/wp\/v2\/types\/page"}],"author":[{"embeddable":true,"href":"http:\/\/maldives-paradise.com\/es\/wp-json\/wp\/v2\/users\/1"}],"replies":[{"embeddable":true,"href":"http:\/\/maldives-paradise.com\/es\/wp-json\/wp\/v2\/comments?post=9605"}],"version-history":[{"count":4,"href":"http:\/\/maldives-paradise.com\/es\/wp-json\/wp\/v2\/pages\/9605\/revisions"}],"predecessor-version":[{"id":43385,"href":"http:\/\/maldives-paradise.com\/es\/wp-json\/wp\/v2\/pages\/9605\/revisions\/43385"}],"wp:featuredmedia":[{"embeddable":true,"href":"http:\/\/maldives-paradise.com\/es\/wp-json\/wp\/v2\/media\/9606"}],"wp:attachment":[{"href":"http:\/\/maldives-paradise.com\/es\/wp-json\/wp\/v2\/media?parent=9605"}],"curies":[{"name":"gracias","href":"https:\/\/api.w.org\/{rel}","templated":true}]}}