{"id":9067,"date":"2024-01-19T06:42:20","date_gmt":"2024-01-19T06:42:20","guid":{"rendered":"http:\/\/maldives-paradise.com\/?page_id=9067"},"modified":"2025-02-23T08:05:29","modified_gmt":"2025-02-23T08:05:29","slug":"mejor-tarifa-garantizada","status":"publish","type":"page","link":"http:\/\/maldives-paradise.com\/es\/mejor-tarifa-garantizada\/","title":{"rendered":"Mejor tarifa garantizada"},"content":{"rendered":"<div class=\"wpb-content-wrapper\"><div class=\"vc_row wpb_row vc_row-fluid\"><div class=\"wpb_column vc_column_container vc_col-sm-12\"><div class=\"vc_column-inner\"><div class=\"wpb_wrapper\">\n\t<div  class=\"wpb_single_image wpb_content_element vc_align_left wpb_content_element\">\n\t\t\n\t\t<figure class=\"wpb_wrapper vc_figure\">\n\t\t\t<div class=\"vc_single_image-wrapper   vc_box_border_grey\"><img decoding=\"async\" class=\"vc_single_image-img\" src=\"https:\/\/maldives-paradise.com\/wp-content\/uploads\/2024\/01\/bestrateguarantee.jpg\" width=\"368\" height=\"137\" alt=\"Mejor Tarifa Garantizada\" title=\"mejor garant\u00eda\" loading=\"lazy\" \/><\/div>\n\t\t<\/figure>\n\t<\/div>\n<\/div><\/div><\/div><\/div><div class=\"vc_row wpb_row vc_row-fluid\"><div class=\"wpb_column vc_column_container vc_col-sm-12\"><div class=\"vc_column-inner\"><div class=\"wpb_wrapper\">\n\t<div class=\"wpb_text_column wpb_content_element\" >\n\t\t<div class=\"wpb_wrapper\">\n\t\t\t<h3>Mejor Tarifa Garantizada directamente desde los hoteles<\/h3>\n\n\t\t<\/div>\n\t<\/div>\n<\/div><\/div><\/div><\/div><div class=\"vc_row wpb_row vc_row-fluid\"><div class=\"wpb_column vc_column_container vc_col-sm-12\"><div class=\"vc_column-inner\"><div class=\"wpb_wrapper\">\n\t<div class=\"wpb_text_column wpb_content_element\" >\n\t\t<div class=\"wpb_wrapper\">\n\t\t\t<p>Los programas de Mejor Tarifa Garantizada o Mejor Precio Garantizado, como tambi\u00e9n se les llama, es una tendencia de marketing que cada vez m\u00e1s hoteles de todo el mundo est\u00e1n adoptando para competir con los grandes sitios web de reservas de viajes en l\u00ednea. Garantiza que al hu\u00e9sped del hotel se le ofrece el precio m\u00e1s bajo disponible por una noche o varias noches al reservar directamente con el hotel.<\/p>\n<p>Los hoteles garantizan que si encuentra una tarifa mejor disponible p\u00fablicamente en otro sitio web que no sea el sitio web oficial del hotel despu\u00e9s de haber realizado la reserva, puede enviar un reclamo de Mejor Garant\u00eda en l\u00ednea. Si se aprueba su reclamo, no solo se igualar\u00e1 el precio m\u00e1s bajo, sino que tambi\u00e9n recibir\u00e1 un descuento adicional de 10 a 30% y otros beneficios, seg\u00fan la pol\u00edtica de cada hotel.<\/p>\n<p>Los hoteles suelen reservar sus mejores ofertas para los hu\u00e9spedes que reservan directamente. Desde mejoras de habitaci\u00f3n de cortes\u00eda hasta comodidades exclusivas, estos beneficios endulzan el trato y mejoran su experiencia general. Los puntos de fidelidad y promociones especiales son incentivos adicionales a los que s\u00f3lo se puede acceder mediante reservas directas.<\/p>\n<p>La garant\u00eda de mejor tarifa de varios hoteles viene con condiciones. Cada hotel tiene condiciones diferentes para garantizar la mejor tarifa, pero la mayor\u00eda de los t\u00e9rminos y condiciones clave se comparten entre todos los hoteles.<br \/>\nLos t\u00e9rminos clave son:<\/p>\n<p>Debes haber reservado ya la habitaci\u00f3n directamente a trav\u00e9s de la web del hotel.<br \/>\nLa tarifa m\u00e1s baja debe encontrarse en el sitio web de un competidor v\u00e1lido.<br \/>\nEsto excluye los sitios que no le informan la marca del hotel hasta que se completa la reserva, los sitios que ofrecen precios de membres\u00eda, los sitios que no ofrecen confirmaciones inmediatas y algunos otros.<\/p>\n<p>La tarifa inferior deber\u00e1 tener exactamente las mismas condiciones que la tarifa reservada directamente a trav\u00e9s de la web del hotel:<\/p>\n<p>Mismas fechas de reserva<br \/>\nMismo tipo de habitaci\u00f3n<br \/>\nMismas pol\u00edticas de cancelaci\u00f3n<br \/>\nMismo n\u00famero de hu\u00e9spedes por habitaci\u00f3n.<\/p>\n<p>La reserva ahorra dinero directamente al hotel, que luego puede utilizar para transferir los ahorros. Tambi\u00e9n te beneficia, al permitirte ganar beneficios, as\u00ed como puntos de hotel.<\/p>\n\n\t\t<\/div>\n\t<\/div>\n<\/div><\/div><\/div><\/div><div class=\"vc_row wpb_row vc_row-fluid\"><div class=\"wpb_column vc_column_container vc_col-sm-12\"><div class=\"vc_column-inner\"><div class=\"wpb_wrapper\">\n\t<div class=\"wpb_text_column wpb_content_element\" >\n\t\t<div class=\"wpb_wrapper\">\n\t\t\t<h3><a href=\"http:\/\/maldives-paradise.com\/es\/los-12-mejores-resorts-con-mejor-precio-garantizado-en-maldivas\/\">Los 12 mejores resorts con mejor precio garantizado en Maldivas<\/a><\/h3>\n\n\t\t<\/div>\n\t<\/div>\n<\/div><\/div><\/div><\/div>\n<\/div>","protected":false},"excerpt":{"rendered":"<div class=\"mh-excerpt\"><\/div>","protected":false},"author":1,"featured_media":9070,"parent":0,"menu_order":0,"comment_status":"closed","ping_status":"closed","template":"","meta":{"footnotes":""},"class_list":["post-9067","page","type-page","status-publish","has-post-thumbnail"],"aioseo_notices":[],"_links":{"self":[{"href":"http:\/\/maldives-paradise.com\/es\/wp-json\/wp\/v2\/pages\/9067","targetHints":{"allow":["GET"]}}],"collection":[{"href":"http:\/\/maldives-paradise.com\/es\/wp-json\/wp\/v2\/pages"}],"about":[{"href":"http:\/\/maldives-paradise.com\/es\/wp-json\/wp\/v2\/types\/page"}],"author":[{"embeddable":true,"href":"http:\/\/maldives-paradise.com\/es\/wp-json\/wp\/v2\/users\/1"}],"replies":[{"embeddable":true,"href":"http:\/\/maldives-paradise.com\/es\/wp-json\/wp\/v2\/comments?post=9067"}],"version-history":[{"count":3,"href":"http:\/\/maldives-paradise.com\/es\/wp-json\/wp\/v2\/pages\/9067\/revisions"}],"predecessor-version":[{"id":14728,"href":"http:\/\/maldives-paradise.com\/es\/wp-json\/wp\/v2\/pages\/9067\/revisions\/14728"}],"wp:featuredmedia":[{"embeddable":true,"href":"http:\/\/maldives-paradise.com\/es\/wp-json\/wp\/v2\/media\/9070"}],"wp:attachment":[{"href":"http:\/\/maldives-paradise.com\/es\/wp-json\/wp\/v2\/media?parent=9067"}],"curies":[{"name":"gracias","href":"https:\/\/api.w.org\/{rel}","templated":true}]}}