{"id":8933,"date":"2024-01-16T19:55:53","date_gmt":"2024-01-16T19:55:53","guid":{"rendered":"http:\/\/maldives-paradise.com\/?page_id=8933"},"modified":"2025-11-26T09:26:14","modified_gmt":"2025-11-26T09:26:14","slug":"los-12-mejores-resorts-familiares-en-las-maldivas","status":"publish","type":"page","link":"http:\/\/maldives-paradise.com\/es\/los-12-mejores-resorts-familiares-en-las-maldivas\/","title":{"rendered":"Los mejores resorts familiares en las Maldivas"},"content":{"rendered":"<div class=\"wpb-content-wrapper\"><div class=\"vc_row wpb_row vc_row-fluid\"><div class=\"wpb_column vc_column_container vc_col-sm-12\"><div class=\"vc_column-inner\"><div class=\"wpb_wrapper\">\n\t<div class=\"wpb_text_column wpb_content_element\" >\n\t\t<div class=\"wpb_wrapper\">\n\t\t\t<p>Viva momentos familiares inolvidables en resorts familiares de lujo en las Maldivas. Disfrute de playas pr\u00edstinas y emocionantes actividades para ni\u00f1os. Sum\u00e9rjase en el vibrante mundo marino, saboree comidas gourmet y cree recuerdos duraderos en este para\u00edso tropical. Ideal para familias que buscan una combinaci\u00f3n de relajaci\u00f3n y aventura en un entorno lujoso.<\/p>\n<p>Los complejos tur\u00edsticos de las Maldivas est\u00e1n pensados para familias y cuentan con amplias villas, muchas de ellas con piscinas privadas y acceso directo a la playa. Los ni\u00f1os pueden disfrutar de una variedad de actividades, como buceo en arrecifes de coral vibrantes, cruceros para observar delfines y deportes acu\u00e1ticos llenos de diversi\u00f3n. Muchos complejos tur\u00edsticos ofrecen clubes infantiles exclusivos con programas atractivos, lo que permite a los padres relajarse mientras los ni\u00f1os se entretienen. Con su entorno seguro, su impresionante belleza natural y su excepcional servicio, las Maldivas ofrecen un entorno perfecto para crear recuerdos familiares duraderos.<\/p>\n\n\t\t<\/div>\n\t<\/div>\n<\/div><\/div><\/div><\/div><div class=\"vc_row wpb_row vc_row-fluid\"><div class=\"wpb_column vc_column_container vc_col-sm-3\"><div class=\"vc_column-inner\"><div class=\"wpb_wrapper\">\n\t<div  class=\"wpb_single_image wpb_content_element vc_align_left wpb_content_element\">\n\t\t\n\t\t<figure class=\"wpb_wrapper vc_figure\">\n\t\t\t<a href=\"https:\/\/lamp.glopss.com\/aff_c?offer_id=9&#038;aff_id=1834&#038;url=https%3A%2F%2Fwww.anantara.com%2Fen%2Fdhigu-maldives\" target=\"_self\" class=\"vc_single_image-wrapper   vc_box_border_grey\"><img loading=\"lazy\" decoding=\"async\" width=\"150\" height=\"150\" src=\"https:\/\/maldives-paradise.com\/wp-content\/uploads\/2024\/01\/anantara-dhigu-150x150.jpg\" class=\"vc_single_image-img attachment-thumbnail\" alt=\"Anantara Dhigu Maldivas Resort\" title=\"anantara-dhigu\" \/><\/a>\n\t\t<\/figure>\n\t<\/div>\n<\/div><\/div><\/div><div class=\"wpb_column vc_column_container vc_col-sm-9\"><div class=\"vc_column-inner\"><div class=\"wpb_wrapper\">\n\t<div class=\"wpb_text_column wpb_content_element\" >\n\t\t<div class=\"wpb_wrapper\">\n\t\t\t<h3><a href=\"https:\/\/lamp.glopss.com\/SHUr\" target=\"_blank\" rel=\"nofollow noopener\">Anantara Dhigu Maldivas Resort<\/a><\/h3>\n<p>Anantara Dhigu Maldives Resort es el destino perfecto para los turistas que viajan con sus familias. El complejo ofrece villas lujosas y espaciosas, un fant\u00e1stico club infantil y m\u00faltiples actividades acu\u00e1ticas para los m\u00e1s peque\u00f1os.<br \/>\n\u00a1Este resort garantizar\u00e1 que sus hijos tengan las vacaciones de sus sue\u00f1os! El lugar ofrece actividades acu\u00e1ticas que incluyen avistamiento de peces globo y tiburones beb\u00e9s de arrecife, una piscina para ni\u00f1os, un paseo en un embarcadero y todo eso.<br \/>\nAnantara Dhigu Maldives Resort tambi\u00e9n ofrece un men\u00fa especial para ni\u00f1os repleto de deliciosas opciones. El lugar ofrece varios paquetes de vacaciones asequibles para familias.<br \/>\n<span style=\"color: #ff0000;\"><strong>Mejor precio garantizado con reserva directa en este hotel.<\/strong><\/span><\/p>\n\n\t\t<\/div>\n\t<\/div>\n<\/div><\/div><\/div><\/div><div class=\"vc_row wpb_row vc_row-fluid\"><div class=\"wpb_column vc_column_container vc_col-sm-3\"><div class=\"vc_column-inner\"><div class=\"wpb_wrapper\">\n\t<div  class=\"wpb_single_image wpb_content_element vc_align_left wpb_content_element\">\n\t\t\n\t\t<figure class=\"wpb_wrapper vc_figure\">\n\t\t\t<a href=\"https:\/\/lamp.glopss.com\/aff_c?offer_id=1062&#038;aff_id=1834&#038;url=https%3A%2F%2Fatmosphere-kanifushi.com%2F\" target=\"_self\" class=\"vc_single_image-wrapper   vc_box_border_grey\"><img loading=\"lazy\" decoding=\"async\" width=\"150\" height=\"150\" src=\"https:\/\/maldives-paradise.com\/wp-content\/uploads\/2023\/12\/atmosphere-kanifushi2-150x150.jpg\" class=\"vc_single_image-img attachment-thumbnail\" alt=\"Ambiente Kanifushi Maldivas\" title=\"atm\u00f3sfera-kanifushi2\" \/><\/a>\n\t\t<\/figure>\n\t<\/div>\n<\/div><\/div><\/div><div class=\"wpb_column vc_column_container vc_col-sm-9\"><div class=\"vc_column-inner\"><div class=\"wpb_wrapper\">\n\t<div class=\"wpb_text_column wpb_content_element\" >\n\t\t<div class=\"wpb_wrapper\">\n\t\t\t<h3><a href=\"https:\/\/trip.tpo.lv\/FjeSQCnR\" target=\"_blank\" rel=\"nofollow noopener\">Ambiente Kanifushi Maldivas<\/a><\/h3>\n<p>Este resort de cinco estrellas con todo incluido no s\u00f3lo es espectacularmente hermoso sino tambi\u00e9n de primer nivel en su servicio. Es muy familiar y las villas Kanifushi Residence del complejo est\u00e1n dise\u00f1adas teniendo en cuenta las necesidades de ni\u00f1os y adultos. Fuera de las villas hay mucho para mantenerte ocupado, incluido un relajante spa, deportes acu\u00e1ticos y un restaurante (el primero de su tipo en las Maldivas) que sirve platos ambientalmente responsables. Tambi\u00e9n hay un excelente club infantil, \u00e1rea de juegos para ni\u00f1os, guarder\u00eda y servicio de ni\u00f1era para esas noches en las que desea una cena rom\u00e1ntica solo para adultos.<\/p>\n\n\t\t<\/div>\n\t<\/div>\n<\/div><\/div><\/div><\/div><div class=\"vc_row wpb_row vc_row-fluid\"><div class=\"wpb_column vc_column_container vc_col-sm-3\"><div class=\"vc_column-inner\"><div class=\"wpb_wrapper\">\n\t<div  class=\"wpb_single_image wpb_content_element vc_align_left wpb_content_element\">\n\t\t\n\t\t<figure class=\"wpb_wrapper vc_figure\">\n\t\t\t<a href=\"https:\/\/lamp.glopss.com\/aff_c?offer_id=1354&#038;aff_id=1834&#038;url=https%3A%2F%2Fwww.comohotels.com%2Fmaldives%2Fcomo-maalifushi\" target=\"_self\" class=\"vc_single_image-wrapper   vc_box_border_grey\"><img loading=\"lazy\" decoding=\"async\" width=\"150\" height=\"150\" src=\"https:\/\/maldives-paradise.com\/wp-content\/uploads\/2024\/01\/COMO-Maalifushi2-150x150.jpg\" class=\"vc_single_image-img attachment-thumbnail\" alt=\"COMO Maalifushi\" title=\"COMO-Maalifushi2\" \/><\/a>\n\t\t<\/figure>\n\t<\/div>\n<\/div><\/div><\/div><div class=\"wpb_column vc_column_container vc_col-sm-9\"><div class=\"vc_column-inner\"><div class=\"wpb_wrapper\">\n\t<div class=\"wpb_text_column wpb_content_element\" >\n\t\t<div class=\"wpb_wrapper\">\n\t\t\t<h3><a href=\"https:\/\/lamp.glopss.com\/SHU9\" target=\"_blank\" rel=\"nofollow noopener\">COMO Maalifushi<\/a><\/h3>\n<p>\u00a1Lo mejor para los m\u00e1s peque\u00f1os!<br \/>\n\u00a1Play by COMO se centra en los j\u00f3venes de la jet set! Su programa exclusivo ofrece incre\u00edbles men\u00fas de bienestar (\u00a1para ni\u00f1os!) y un mont\u00f3n de actividades familiares \u00fanicas, como snorkel con un bi\u00f3logo marino, cruceros con delfines y surf. Su espacio dedicado Play by COMO est\u00e1 dise\u00f1ado para inspirar juegos creativos y con prop\u00f3sito para ni\u00f1os de 4 a 12 a\u00f1os, con juguetes, libros, juegos y materiales de arte cuidadosamente seleccionados.<\/p>\n\n\t\t<\/div>\n\t<\/div>\n<\/div><\/div><\/div><\/div><div class=\"vc_row wpb_row vc_row-fluid\"><div class=\"wpb_column vc_column_container vc_col-sm-3\"><div class=\"vc_column-inner\"><div class=\"wpb_wrapper\">\n\t<div  class=\"wpb_single_image wpb_content_element vc_align_left wpb_content_element\">\n\t\t\n\t\t<figure class=\"wpb_wrapper vc_figure\">\n\t\t\t<a href=\"https:\/\/lamp.glopss.com\/aff_c?offer_id=1085&#038;aff_id=1834\" target=\"_self\" class=\"vc_single_image-wrapper   vc_box_border_grey\"><img loading=\"lazy\" decoding=\"async\" width=\"150\" height=\"150\" src=\"https:\/\/maldives-paradise.com\/wp-content\/uploads\/2023\/12\/finolhu-maldives-150x150.jpeg\" class=\"vc_single_image-img attachment-thumbnail\" alt=\"Finolhu Maldivas\" title=\"finolhu-maldivas\" \/><\/a>\n\t\t<\/figure>\n\t<\/div>\n<\/div><\/div><\/div><div class=\"wpb_column vc_column_container vc_col-sm-9\"><div class=\"vc_column-inner\"><div class=\"wpb_wrapper\">\n\t<div class=\"wpb_text_column wpb_content_element\" >\n\t\t<div class=\"wpb_wrapper\">\n\t\t\t<h3><a href=\"https:\/\/lamp.glopss.com\/SHUE\" rel=\"nofollow \">finolhu<\/a><\/h3>\n<p>\u00a1Lo mejor para bucear!<br \/>\nTome su balde y su pala: el gran atractivo de este extravagante complejo es su magn\u00edfica playa de arena blanca y su banco de arena, que atraviesa el atol\u00f3n Baa como un cometa. Hay un parque acu\u00e1tico inflable ubicado cerca de la costa, una piscina en forma de laguna y una fant\u00e1stica vida marina con coloridos corales y remolinos de peces tropicales en el arrecife interno y delfines giradores, tortugas marinas y mantarrayas en las cercan\u00edas. El Oceaneer&#039;s Club tiene una larga lista de actividades diarias (talleres piratas, arte en la arena, competencias de kayak) y puede organizar fiestas de cumplea\u00f1os con regalos, juegos y pasteles.<\/p>\n\n\t\t<\/div>\n\t<\/div>\n<\/div><\/div><\/div><\/div><div class=\"vc_row wpb_row vc_row-fluid\"><div class=\"wpb_column vc_column_container vc_col-sm-3\"><div class=\"vc_column-inner\"><div class=\"wpb_wrapper\">\n\t<div  class=\"wpb_single_image wpb_content_element vc_align_left wpb_content_element\">\n\t\t\n\t\t<figure class=\"wpb_wrapper vc_figure\">\n\t\t\t<a href=\"https:\/\/lamp.glopss.com\/aff_c?offer_id=1384&#038;aff_id=1834\" target=\"_self\" class=\"vc_single_image-wrapper   vc_box_border_grey\"><img loading=\"lazy\" decoding=\"async\" width=\"150\" height=\"150\" src=\"https:\/\/maldives-paradise.com\/wp-content\/uploads\/2023\/12\/Hideaway-Beach-Resort-Spa-Shines-as-the-Most-Picturesque-Resort-in-the-Maldives-at-TTM-Awards-2023-1-1024x576-1-150x150.jpg\" class=\"vc_single_image-img attachment-thumbnail\" alt=\"Hideaway Beach Resort &amp; Spa\" title=\"Hideaway-Beach-Resort-Spa-brilla-como-el-resort-m\u00e1s-pintoresco-de-las-Maldivas-en-los-TTM-Awards-2023-1-1024x576.jpg\" \/><\/a>\n\t\t<\/figure>\n\t<\/div>\n<\/div><\/div><\/div><div class=\"wpb_column vc_column_container vc_col-sm-9\"><div class=\"vc_column-inner\"><div class=\"wpb_wrapper\">\n\t<div class=\"wpb_text_column wpb_content_element\" >\n\t\t<div class=\"wpb_wrapper\">\n\t\t\t<h3><a href=\"https:\/\/lamp.glopss.com\/aff_c?offer_id=1384&amp;aff_id=1834\" target=\"_blank\" rel=\"nofollow noopener\">Hideaway Beach Resort &amp; Spa<\/a><\/h3>\n<p>Ganador del premio Best of the Best de Tripadvisor Travellers&#039; Choice 2022. Si los adultos necesitan un descanso de sus hijos, el resort tiene la soluci\u00f3n: el excelente Tender Hearts Kids&#039; Club. Deje que sus peque\u00f1os se diviertan en el club infantil de 50 metros cuadrados y observe c\u00f3mo participan en las actividades seleccionadas que garantizan impresionar. Estos incluyen construcci\u00f3n de castillos de arena, lecciones de pesca, b\u00fasqueda del tesoro, pintura, dibujo, clases de cocina, ciclismo, escondite, recorridos educativos y mucho m\u00e1s.<\/p>\n\n\t\t<\/div>\n\t<\/div>\n<\/div><\/div><\/div><\/div><div class=\"vc_row wpb_row vc_row-fluid\"><div class=\"wpb_column vc_column_container vc_col-sm-3\"><div class=\"vc_column-inner\"><div class=\"wpb_wrapper\">\n\t<div  class=\"wpb_single_image wpb_content_element vc_align_left wpb_content_element\">\n\t\t\n\t\t<figure class=\"wpb_wrapper vc_figure\">\n\t\t\t<div class=\"vc_single_image-wrapper   vc_box_border_grey\"><img loading=\"lazy\" decoding=\"async\" width=\"150\" height=\"150\" src=\"https:\/\/maldives-paradise.com\/wp-content\/uploads\/2024\/01\/Kandima-150x150.jpg\" class=\"vc_single_image-img attachment-thumbnail\" alt=\"Kandima Maldivas\" title=\"Kandima.jpg\" \/><\/div>\n\t\t<\/figure>\n\t<\/div>\n<\/div><\/div><\/div><div class=\"wpb_column vc_column_container vc_col-sm-9\"><div class=\"vc_column-inner\"><div class=\"wpb_wrapper\">\n\t<div class=\"wpb_text_column wpb_content_element\" >\n\t\t<div class=\"wpb_wrapper\">\n\t\t\t<h3><a href=\"https:\/\/lamp.glopss.com\/SHUV\" target=\"_blank\" rel=\"nofollow noopener\">Kandima Maldivas<\/a><\/h3>\n<p>Kandima, un apasionante hotel ideal para familias, destaca por su ambiente moderno y fresco, su esp\u00edritu relajado y su enorme parque infantil y zona de chapoteo para ni\u00f1os. Se preocupan por sus peque\u00f1os VIP y tienen un Kandiland exclusivo, Kandima Kids Club dirigido por un equipo multiling\u00fce de cuidadores de ni\u00f1os totalmente certificados, y ofrece actividades adem\u00e1s de un parque infantil de aventuras, trampol\u00edn, muro de escalada, tenis de mesa y \u00e1reas de juego interiores. La isla ofrece m\u00e1s de tres kil\u00f3metros de playa y dos piscinas, incluida una de 100 metros, la m\u00e1s grande de las Maldivas.<\/p>\n\n\t\t<\/div>\n\t<\/div>\n<\/div><\/div><\/div><\/div><div class=\"vc_row wpb_row vc_row-fluid\"><div class=\"wpb_column vc_column_container vc_col-sm-3\"><div class=\"vc_column-inner\"><div class=\"wpb_wrapper\">\n\t<div  class=\"wpb_single_image wpb_content_element vc_align_left wpb_content_element\">\n\t\t\n\t\t<figure class=\"wpb_wrapper vc_figure\">\n\t\t\t<a href=\"https:\/\/lamp.glopss.com\/aff_c?offer_id=1471&#038;aff_id=1834&#038;url=https%3A%2F%2Fwww.luxresorts.com%2Fen%2Fmaldives%2Fresort%2Fluxsouthariatoll%3Futm_source%3Dglopss%26utm_medium%3Daffiliate%26utm_campaign%3Dcampaign\" target=\"_self\" class=\"vc_single_image-wrapper   vc_box_border_grey\"><img loading=\"lazy\" decoding=\"async\" width=\"150\" height=\"150\" src=\"https:\/\/maldives-paradise.com\/wp-content\/uploads\/2024\/01\/lux2-150x150.jpg\" class=\"vc_single_image-img attachment-thumbnail\" alt=\"LUX * Maldivas Atol\u00f3n Ari del Sur\" title=\"lux2\" \/><\/a>\n\t\t<\/figure>\n\t<\/div>\n<\/div><\/div><\/div><div class=\"wpb_column vc_column_container vc_col-sm-9\"><div class=\"vc_column-inner\"><div class=\"wpb_wrapper\">\n\t<div class=\"wpb_text_column wpb_content_element\" >\n\t\t<div class=\"wpb_wrapper\">\n\t\t\t<h3><a href=\"https:\/\/lamp.glopss.com\/aff_c?offer_id=1471&amp;aff_id=1834&amp;url=https%3A%2F%2Fwww.luxresorts.com%2Fen%2Fmaldives%2Fresort%2Fluxsouthariatoll%3Futm_source%3Dglopss%26utm_medium%3Daffiliate%26utm_campaign%3Dcampaign\" target=\"_blank\" rel=\"nofollow noopener\">LUX* Sur Ari Atoll Resort &amp; Villas<\/a><\/h3>\n<p>Lo mejor para los deportistas.<br \/>\nA los padres les encantar\u00e1 el moderno dise\u00f1o ibicenco, los tratamientos de spa para sentirse bien y la elecci\u00f3n de cinco bares diferentes. Mientras tanto, a los ni\u00f1os les encantar\u00e1n las casas club (una para ni\u00f1os peque\u00f1os y otra para adolescentes), los deportes de playa y los viajes de aventura. Es probable que el todo incluido haga sonre\u00edr a todos; cubre todo, desde clases de tenis y yoga hasta minibares en la habitaci\u00f3n y caf\u00e9 preparado por un barista, adem\u00e1s de helados ilimitados y deportes acu\u00e1ticos no motorizados. Las villas familiares en la laguna son el alojamiento preferido, y se encuentran directamente hacia una brillante playa de arena blanca y hacia las pl\u00e1cidas aguas azul Tiffany.<\/p>\n\n\t\t<\/div>\n\t<\/div>\n<\/div><\/div><\/div><\/div><div class=\"vc_row wpb_row vc_row-fluid\"><div class=\"wpb_column vc_column_container vc_col-sm-3\"><div class=\"vc_column-inner\"><div class=\"wpb_wrapper\">\n\t<div  class=\"wpb_single_image wpb_content_element vc_align_left wpb_content_element\">\n\t\t\n\t\t<figure class=\"wpb_wrapper vc_figure\">\n\t\t\t<a href=\"https:\/\/lamp.glopss.com\/aff_c?offer_id=264&#038;aff_id=1834&#038;url=https%3A%2F%2Fwww.meeru.com%2F\" target=\"_self\" class=\"vc_single_image-wrapper   vc_box_border_grey\"><img loading=\"lazy\" decoding=\"async\" width=\"150\" height=\"150\" src=\"https:\/\/maldives-paradise.com\/wp-content\/uploads\/2023\/08\/Jawakara-Maldives-Island-Hero-800x467-1-150x150.jpg\" class=\"vc_single_image-img attachment-thumbnail\" alt=\"meeru maldivas isla tur\u00edstica\" title=\"Jawakara-Maldivas-Isla-Hero-800x467\" \/><\/a>\n\t\t<\/figure>\n\t<\/div>\n<\/div><\/div><\/div><div class=\"wpb_column vc_column_container vc_col-sm-9\"><div class=\"vc_column-inner\"><div class=\"wpb_wrapper\">\n\t<div class=\"wpb_text_column wpb_content_element\" >\n\t\t<div class=\"wpb_wrapper\">\n\t\t\t<h3><a href=\"https:\/\/lamp.glopss.com\/SHUg\" target=\"_blank\" rel=\"nofollow noopener\">Meeru Island Resort &amp; Spa<\/a><\/h3>\n<p>Meeru Island Resort &amp; Spa Maldives es una isla tur\u00edstica ideal para familias con ni\u00f1os peque\u00f1os. El plan familiar de Meeru hace que sus vacaciones sean m\u00e1s asequibles. Las tarifas de habitaci\u00f3n para ni\u00f1os, plan de comidas y traslado en lancha r\u00e1pida se reducen a 50% de la tarifa de adulto. Las tarifas del Plan Familiar son aplicables a ni\u00f1os menores de 15 a\u00f1os. Hay una sala de juegos para ni\u00f1os. Cerca del Dhoni Bar Pool, hay un chapoteadero para ni\u00f1os, un \u00e1rea de juegos al aire libre y el Komas Kid&#039;s Club, instalaciones separadas, juguetes, juegos y diversi\u00f3n para ni\u00f1os de 3 a 12 a\u00f1os y adolescentes de 13 a 17 a\u00f1os.<br \/>\n<span style=\"color: #ff0000;\"><strong>Mejor precio garantizado con reserva directa en este hotel.<\/strong><\/span><\/p>\n\n\t\t<\/div>\n\t<\/div>\n<\/div><\/div><\/div><\/div><div class=\"vc_row wpb_row vc_row-fluid\"><div class=\"wpb_column vc_column_container vc_col-sm-3\"><div class=\"vc_column-inner\"><div class=\"wpb_wrapper\">\n\t<div  class=\"wpb_single_image wpb_content_element vc_align_left wpb_content_element\">\n\t\t\n\t\t<figure class=\"wpb_wrapper vc_figure\">\n\t\t\t<a href=\"https:\/\/lamp.glopss.com\/aff_c?offer_id=9&#038;aff_id=1834&#038;url=https%3A%2F%2Fwww.niyama.com%2F\" target=\"_self\" class=\"vc_single_image-wrapper   vc_box_border_grey\"><img loading=\"lazy\" decoding=\"async\" width=\"150\" height=\"150\" src=\"https:\/\/maldives-paradise.com\/wp-content\/uploads\/2024\/01\/niyama2-150x150.jpg\" class=\"vc_single_image-img attachment-thumbnail\" alt=\"Islas Privadas de Niyama Maldivas\" title=\"niyama2\" \/><\/a>\n\t\t<\/figure>\n\t<\/div>\n<\/div><\/div><\/div><div class=\"wpb_column vc_column_container vc_col-sm-9\"><div class=\"vc_column-inner\"><div class=\"wpb_wrapper\">\n\t<div class=\"wpb_text_column wpb_content_element\" >\n\t\t<div class=\"wpb_wrapper\">\n\t\t\t<h3><a href=\"https:\/\/lamp.glopss.com\/SHUv\" target=\"_blank\" rel=\"nofollow noopener\">Islas Privadas de Niyama Maldivas<\/a><\/h3>\n<p>Lo mejor para la escuela de surf.<br \/>\nEste complejo familiar de islas gemelas en el sur del atol\u00f3n Dhaalu tiene su propia zona de surf a poca distancia de la costa. Las lecciones cubren todos los niveles y todos los miembros de la familia, comenzando con lo b\u00e1sico en la tranquila laguna azul de Niyama antes de pasar a inmersiones en pato y recortes en mar abierto. De regreso a tierra, tambi\u00e9n encontrar\u00e1 un club infantil donde todos cantan y bailan, un restaurante en una casa en un \u00e1rbol, un restaurante submarino, un spa sobre el agua y grandes villas familiares, tanto en la playa como sobre pilotes sobre el Oc\u00e9ano \u00cdndico.<br \/>\n<span style=\"color: #ff0000;\"><strong>Mejor precio garantizado con reserva directa en este hotel.<\/strong><\/span><\/p>\n\n\t\t<\/div>\n\t<\/div>\n<\/div><\/div><\/div><\/div><div class=\"vc_row wpb_row vc_row-fluid\"><div class=\"wpb_column vc_column_container vc_col-sm-3\"><div class=\"vc_column-inner\"><div class=\"wpb_wrapper\">\n\t<div  class=\"wpb_single_image wpb_content_element vc_align_left wpb_content_element\">\n\t\t\n\t\t<figure class=\"wpb_wrapper vc_figure\">\n\t\t\t<a href=\"https:\/\/lamp.glopss.com\/aff_c?offer_id=1062&#038;aff_id=1834&#038;url=https%3A%2F%2Ftheozencollection.com%2Fozenlife-maadhoo%2F\" target=\"_self\" class=\"vc_single_image-wrapper   vc_box_border_grey\"><img loading=\"lazy\" decoding=\"async\" width=\"150\" height=\"150\" src=\"https:\/\/maldives-paradise.com\/wp-content\/uploads\/2024\/01\/ozen-life-2-150x150.jpg\" class=\"vc_single_image-img attachment-thumbnail\" alt=\"OZEN Vida Maadhoo\" title=\"vida-ozen-2\" \/><\/a>\n\t\t<\/figure>\n\t<\/div>\n<\/div><\/div><\/div><div class=\"wpb_column vc_column_container vc_col-sm-9\"><div class=\"vc_column-inner\"><div class=\"wpb_wrapper\">\n\t<div class=\"wpb_text_column wpb_content_element\" >\n\t\t<div class=\"wpb_wrapper\">\n\t\t\t<h3><a href=\"https:\/\/trip.tpo.lv\/i4Tqqyq0\" target=\"_blank\" rel=\"nofollow noopener\">Ozen vida maadhoo<\/a><\/h3>\n<p>Lo mejor para un todo incluido deportivo.<br \/>\nEl incre\u00edble programa de resort todo incluido de OZEN Life Maadhoo garantiza que toda la familia sonr\u00ede y disfruta de las Maldivas a su manera. Disfrute del beneficio de una fabulosa experiencia de aventura y una aut\u00e9ntica excursi\u00f3n de pesca al atardecer incluida como parte de la oferta todo incluido. Tambi\u00e9n obtendr\u00e1 acceso a deportes acu\u00e1ticos no motorizados y excursiones de snorkel de cortes\u00eda. Mientras tanto, los padres reciben un tratamiento de spa de cortes\u00eda por cada estad\u00eda de cuatro a cinco noches.<\/p>\n\n\t\t<\/div>\n\t<\/div>\n<\/div><\/div><\/div><\/div><div class=\"vc_row wpb_row vc_row-fluid\"><div class=\"wpb_column vc_column_container vc_col-sm-3\"><div class=\"vc_column-inner\"><div class=\"wpb_wrapper\">\n\t<div  class=\"wpb_single_image wpb_content_element vc_align_left wpb_content_element\">\n\t\t\n\t\t<figure class=\"wpb_wrapper vc_figure\">\n\t\t\t<a href=\"https:\/\/lamp.glopss.com\/aff_c?offer_id=1506&#038;aff_id=1834\" target=\"_self\" class=\"vc_single_image-wrapper   vc_box_border_grey\"><img loading=\"lazy\" decoding=\"async\" width=\"150\" height=\"150\" src=\"https:\/\/maldives-paradise.com\/wp-content\/uploads\/2023\/11\/Patina-150x150.jpg\" class=\"vc_single_image-img attachment-thumbnail\" alt=\"P\u00e1tina Maldivas\" title=\"P\u00e1tina.jpg\" \/><\/a>\n\t\t<\/figure>\n\t<\/div>\n<\/div><\/div><\/div><div class=\"wpb_column vc_column_container vc_col-sm-9\"><div class=\"vc_column-inner\"><div class=\"wpb_wrapper\">\n\t<div class=\"wpb_text_column wpb_content_element\" >\n\t\t<div class=\"wpb_wrapper\">\n\t\t\t<h3><a href=\"https:\/\/lamp.glopss.com\/aff_c?offer_id=1506&amp;aff_id=1834\" rel=\"nofollow \">P\u00e1tina Maldivas<\/a><\/h3>\n<p>Muchas cosas para ni\u00f1os. Footprints es el centro de actividades inspirado en la educaci\u00f3n para ni\u00f1os ubicado en hermosos terrenos con estructuras para trepar y una piscina infantil. Las actividades en el interior incluyen tecnolog\u00eda de impresi\u00f3n 3D y corte por l\u00e1ser, clases de cocina, etc. Los ni\u00f1os tambi\u00e9n pueden disfrutar de experiencias interactivas en la isla y conservaci\u00f3n marina. Los padres estar\u00e1n encantados de saber que sus hijos pueden pasar incontables horas ocupados.<\/p>\n\n\t\t<\/div>\n\t<\/div>\n<\/div><\/div><\/div><\/div><div class=\"vc_row wpb_row vc_row-fluid\"><div class=\"wpb_column vc_column_container vc_col-sm-3\"><div class=\"vc_column-inner\"><div class=\"wpb_wrapper\">\n\t<div  class=\"wpb_single_image wpb_content_element vc_align_left wpb_content_element\">\n\t\t\n\t\t<figure class=\"wpb_wrapper vc_figure\">\n\t\t\t<a href=\"https:\/\/lamp.glopss.com\/aff_c?offer_id=1476&#038;aff_id=1834&#038;url=https%3A%2F%2Fwww.sunsiyam.com%2Fsiyam-world%2F\" target=\"_self\" class=\"vc_single_image-wrapper   vc_box_border_grey\"><img loading=\"lazy\" decoding=\"async\" width=\"150\" height=\"150\" src=\"https:\/\/maldives-paradise.com\/wp-content\/uploads\/2024\/01\/sun-siyam-world-150x150.jpg\" class=\"vc_single_image-img attachment-thumbnail\" alt=\"Mundo Sun Siyam\" title=\"mundo-sun-siyam\" \/><\/a>\n\t\t<\/figure>\n\t<\/div>\n<\/div><\/div><\/div><div class=\"wpb_column vc_column_container vc_col-sm-9\"><div class=\"vc_column-inner\"><div class=\"wpb_wrapper\">\n\t<div class=\"wpb_text_column wpb_content_element\" >\n\t\t<div class=\"wpb_wrapper\">\n\t\t\t<h3><a href=\"https:\/\/lamp.glopss.com\/SHUy\" target=\"_blank\" rel=\"nofollow noopener\">Mundo Siyam Maldivas<\/a><\/h3>\n<p>\u00a1Siyam World es el nuevo chico de la cuadra donde los ni\u00f1os son lo primero! Sin embargo, todos sabemos que hay ni\u00f1os de todas las formas y tama\u00f1os, y cuando todas las villas acu\u00e1ticas cuentan con un tobog\u00e1n hacia el oc\u00e9ano, \u00a1tambi\u00e9n vienen de todas las edades!<br \/>\nEste resort todo incluido, inaugurado en octubre de 2021, ofrece 19 elegantes categor\u00edas de alojamiento, todas con piscina privada (villas, habitaciones, pabellones y residencias) que abarcan desde 89 hasta 3.000 metros cuadrados tanto en tierra como sobre el agua.<\/p>\n\n\t\t<\/div>\n\t<\/div>\n<\/div><\/div><\/div><\/div><div class=\"vc_row wpb_row vc_row-fluid\"><div class=\"wpb_column vc_column_container vc_col-sm-12\"><div class=\"vc_column-inner\"><div class=\"wpb_wrapper\">\n\t<div class=\"wpb_text_column wpb_content_element\" >\n\t\t<div class=\"wpb_wrapper\">\n\t\t\t<p><a href=\"http:\/\/maldives-paradise.com\/es\/etiqueta\/resort-familiar\/\"><strong>M\u00e1s sobre hoteles y resorts familiares en las Maldivas<\/strong><\/a><\/p>\n<p><strong><a title=\"Los mejores resorts todo incluido\" href=\"https:\/\/maldives-paradise.com\/es\/?page_id=8762\">Los mejores resorts con todo incluido en Maldivas<\/a><\/strong><\/p>\n\n\t\t<\/div>\n\t<\/div>\n<\/div><\/div><\/div><\/div>\n<\/div>","protected":false},"excerpt":{"rendered":"<div class=\"mh-excerpt\"><\/div>","protected":false},"author":1,"featured_media":8934,"parent":0,"menu_order":0,"comment_status":"closed","ping_status":"closed","template":"","meta":{"footnotes":""},"class_list":["post-8933","page","type-page","status-publish","has-post-thumbnail"],"aioseo_notices":[],"_links":{"self":[{"href":"http:\/\/maldives-paradise.com\/es\/wp-json\/wp\/v2\/pages\/8933","targetHints":{"allow":["GET"]}}],"collection":[{"href":"http:\/\/maldives-paradise.com\/es\/wp-json\/wp\/v2\/pages"}],"about":[{"href":"http:\/\/maldives-paradise.com\/es\/wp-json\/wp\/v2\/types\/page"}],"author":[{"embeddable":true,"href":"http:\/\/maldives-paradise.com\/es\/wp-json\/wp\/v2\/users\/1"}],"replies":[{"embeddable":true,"href":"http:\/\/maldives-paradise.com\/es\/wp-json\/wp\/v2\/comments?post=8933"}],"version-history":[{"count":7,"href":"http:\/\/maldives-paradise.com\/es\/wp-json\/wp\/v2\/pages\/8933\/revisions"}],"predecessor-version":[{"id":45308,"href":"http:\/\/maldives-paradise.com\/es\/wp-json\/wp\/v2\/pages\/8933\/revisions\/45308"}],"wp:featuredmedia":[{"embeddable":true,"href":"http:\/\/maldives-paradise.com\/es\/wp-json\/wp\/v2\/media\/8934"}],"wp:attachment":[{"href":"http:\/\/maldives-paradise.com\/es\/wp-json\/wp\/v2\/media?parent=8933"}],"curies":[{"name":"gracias","href":"https:\/\/api.w.org\/{rel}","templated":true}]}}