{"id":8170,"date":"2024-01-04T18:43:08","date_gmt":"2024-01-04T18:43:08","guid":{"rendered":"http:\/\/maldives-paradise.com\/?page_id=8170"},"modified":"2025-02-22T09:14:03","modified_gmt":"2025-02-22T09:14:03","slug":"hoteles-de-5-estrellas-resorts-en-maldivas-6","status":"publish","type":"page","link":"http:\/\/maldives-paradise.com\/es\/hoteles-de-5-estrellas-resorts-en-maldivas-6\/","title":{"rendered":"Hoteles y Resorts de 5 estrellas en Maldivas 6"},"content":{"rendered":"<div class=\"wpb-content-wrapper\"><div class=\"vc_row wpb_row vc_row-fluid\"><div class=\"wpb_column vc_column_container vc_col-sm-12\"><div class=\"vc_column-inner\"><div class=\"wpb_wrapper\">\n\t<div class=\"wpb_text_column wpb_content_element\" >\n\t\t<div class=\"wpb_wrapper\">\n\t\t\t<h3>Una selecci\u00f3n de los mejores hoteles y resorts de 5 estrellas en Maldivas<\/h3>\n<p>Las Maldivas son famosas por su <strong data-start=\"82\" data-end=\"121\">Hoteles y resorts de lujo de 5 estrellas<\/strong>, ofreciendo una experiencia sin igual <strong data-start=\"145\" data-end=\"191\">Elegancia, privacidad y servicio de clase mundial.<\/strong>Estos retiros exclusivos cuentan con <strong data-start=\"226\" data-end=\"316\">Villas sobre el agua, piscinas infinitas, restaurantes elegantes y servicios de mayordomo privado.<\/strong>Los hu\u00e9spedes pueden disfrutar <strong data-start=\"335\" data-end=\"354\">Experiencias VIP<\/strong> como <strong data-start=\"363\" data-end=\"443\">Tratamientos de spa personalizados, cenas submarinas y excursiones en yate privado.<\/strong>. Con <strong data-start=\"450\" data-end=\"522\">Impresionantes vistas al mar, playas de arena blanca y lagunas de agua cristalina.<\/strong>, <strong data-start=\"524\" data-end=\"558\">Resorts de 5 estrellas en Maldivas<\/strong> redefinen el lujo tropical, convirti\u00e9ndolos en el destino perfecto para <strong data-start=\"625\" data-end=\"677\">Luna de miel, familias y viajeros exigentes<\/strong> Buscando una escapada inolvidable.<\/p>\n\n\t\t<\/div>\n\t<\/div>\n<\/div><\/div><\/div><\/div><div class=\"vc_row wpb_row vc_row-fluid\"><div class=\"wpb_column vc_column_container vc_col-sm-3\"><div class=\"vc_column-inner\"><div class=\"wpb_wrapper\">\n\t<div  class=\"wpb_single_image wpb_content_element vc_align_left wpb_content_element\">\n\t\t\n\t\t<figure class=\"wpb_wrapper vc_figure\">\n\t\t\t<a href=\"http:\/\/maldives-paradise.com\/es\/?page_id=7604\" target=\"_self\" class=\"vc_single_image-wrapper   vc_box_border_grey\"><img loading=\"lazy\" decoding=\"async\" width=\"150\" height=\"150\" src=\"https:\/\/maldives-paradise.com\/wp-content\/uploads\/2024\/01\/park-hyatt-maldives-hadahaa2-150x150.jpg\" class=\"vc_single_image-img attachment-thumbnail\" alt=\"Park Hyatt Maldives Hadahaa\" title=\"park-hyatt-maldives-hadahaa2\" \/><\/a>\n\t\t<\/figure>\n\t<\/div>\n<\/div><\/div><\/div><div class=\"wpb_column vc_column_container vc_col-sm-9\"><div class=\"vc_column-inner\"><div class=\"wpb_wrapper\">\n\t<div class=\"wpb_text_column wpb_content_element\" >\n\t\t<div class=\"wpb_wrapper\">\n\t\t\t<h4><a href=\"http:\/\/maldives-paradise.com\/es\/?page_id=7604\">Park Hyatt Maldives Hadahaa<\/a><\/h4>\n<p><strong>Park Hyatt Maldives Hadahaa<\/strong> con <strong>todo incluido<\/strong> Paquete para una experiencia descalza. Ya sea que busque aventura, relajaci\u00f3n o una escapada rom\u00e1ntica, este exclusivo resort promete una experiencia incomparable que permanecer\u00e1 en sus recuerdos toda la vida.<\/p>\n\n\t\t<\/div>\n\t<\/div>\n<\/div><\/div><\/div><\/div><div class=\"vc_row wpb_row vc_row-fluid\"><div class=\"wpb_column vc_column_container vc_col-sm-3\"><div class=\"vc_column-inner\"><div class=\"wpb_wrapper\">\n\t<div  class=\"wpb_single_image wpb_content_element vc_align_left wpb_content_element\">\n\t\t\n\t\t<figure class=\"wpb_wrapper vc_figure\">\n\t\t\t<a href=\"http:\/\/maldives-paradise.com\/es\/?page_id=7608\" target=\"_self\" class=\"vc_single_image-wrapper   vc_box_border_grey\"><img loading=\"lazy\" decoding=\"async\" width=\"150\" height=\"150\" src=\"https:\/\/maldives-paradise.com\/wp-content\/uploads\/2024\/01\/raffles-maldives-meradhoo2-150x150.jpg\" class=\"vc_single_image-img attachment-thumbnail\" alt=\"Raffles Maldivas Meradhoo Resort\" title=\"sorteos-maldivas-meradhoo2\" \/><\/a>\n\t\t<\/figure>\n\t<\/div>\n<\/div><\/div><\/div><div class=\"wpb_column vc_column_container vc_col-sm-9\"><div class=\"vc_column-inner\"><div class=\"wpb_wrapper\">\n\t<div class=\"wpb_text_column wpb_content_element\" >\n\t\t<div class=\"wpb_wrapper\">\n\t\t\t<h4><a href=\"http:\/\/maldives-paradise.com\/es\/?page_id=7608\">Raffles Maldivas Meradhoo Resort<\/a><\/h4>\n<p><strong>Raffles Maldivas Meradhoo Resort de lujo<\/strong> ofrece una colecci\u00f3n de villas de playa y sobre el agua que prometen una privacidad incomparable junto con un fant\u00e1stico servicio por parte de los mayordomos del resort las 24 horas. Para una escapada rom\u00e1ntica, pocos lugares capturan la imaginaci\u00f3n como lo hacen las Maldivas.<\/p>\n\n\t\t<\/div>\n\t<\/div>\n<\/div><\/div><\/div><\/div><div class=\"vc_row wpb_row vc_row-fluid\"><div class=\"wpb_column vc_column_container vc_col-sm-3\"><div class=\"vc_column-inner\"><div class=\"wpb_wrapper\">\n\t<div  class=\"wpb_single_image wpb_content_element vc_align_left wpb_content_element\">\n\t\t\n\t\t<figure class=\"wpb_wrapper vc_figure\">\n\t\t\t<a href=\"http:\/\/maldives-paradise.com\/es\/?page_id=7612\" target=\"_self\" class=\"vc_single_image-wrapper   vc_box_border_grey\"><img loading=\"lazy\" decoding=\"async\" width=\"150\" height=\"150\" src=\"https:\/\/maldives-paradise.com\/wp-content\/uploads\/2024\/01\/saii-lagoon2-150x150.jpg\" class=\"vc_single_image-img attachment-thumbnail\" alt=\"SAii Lagoon Maldivas, colecci\u00f3n Curio de Hilton\" title=\"saii-laguna2\" \/><\/a>\n\t\t<\/figure>\n\t<\/div>\n<\/div><\/div><\/div><div class=\"wpb_column vc_column_container vc_col-sm-9\"><div class=\"vc_column-inner\"><div class=\"wpb_wrapper\">\n\t<div class=\"wpb_text_column wpb_content_element\" >\n\t\t<div class=\"wpb_wrapper\">\n\t\t\t<h4><a href=\"http:\/\/maldives-paradise.com\/es\/?page_id=7612\">SAii Lagoon Maldivas, colecci\u00f3n Curio de Hilton<\/a><\/h4>\n<p>Esc\u00e1pese a un mundo de lujo incomparable y felicidad tropical en <strong>Laguna SAii Maldivas<\/strong>, Colecci\u00f3n Curio de Hilton. Ubicado en el coraz\u00f3n de las Maldivas, este exclusivo resort lo invita a experimentar un pedacito de cielo en la tierra. Con su impresionante belleza natural y una gran cantidad de comodidades de clase mundial, SAii Lagoon Maldives promete una escapada inolvidable.<\/p>\n\n\t\t<\/div>\n\t<\/div>\n<\/div><\/div><\/div><\/div><div class=\"vc_row wpb_row vc_row-fluid\"><div class=\"wpb_column vc_column_container vc_col-sm-3\"><div class=\"vc_column-inner\"><div class=\"wpb_wrapper\">\n\t<div  class=\"wpb_single_image wpb_content_element vc_align_left wpb_content_element\">\n\t\t\n\t\t<figure class=\"wpb_wrapper vc_figure\">\n\t\t\t<a href=\"http:\/\/maldives-paradise.com\/es\/?page_id=7616\" target=\"_self\" class=\"vc_single_image-wrapper   vc_box_border_grey\"><img loading=\"lazy\" decoding=\"async\" width=\"150\" height=\"150\" src=\"https:\/\/maldives-paradise.com\/wp-content\/uploads\/2024\/01\/shangri-la2-150x150.jpg\" class=\"vc_single_image-img attachment-thumbnail\" alt=\"Sheraton Maldivas Full Moon Resort &amp; Spa\" title=\"shangri-la2\" \/><\/a>\n\t\t<\/figure>\n\t<\/div>\n<\/div><\/div><\/div><div class=\"wpb_column vc_column_container vc_col-sm-9\"><div class=\"vc_column-inner\"><div class=\"wpb_wrapper\">\n\t<div class=\"wpb_text_column wpb_content_element\" >\n\t\t<div class=\"wpb_wrapper\">\n\t\t\t<h4><a href=\"http:\/\/maldives-paradise.com\/es\/?page_id=7616\">Sheraton Maldivas Full Moon Resort &amp; Spa<\/a><\/h4>\n<p>Mejore su experiencia de vacaciones en el <strong>Sheraton Maldivas Full Moon Resort &amp; Spa<\/strong>, donde el lujo no conoce l\u00edmites. Sum\u00e9rgete en la belleza de las Maldivas, saborea la cocina de primer nivel y crea recuerdos preciados que durar\u00e1n toda la vida. Reserva hoy tu escapada al para\u00edso.<\/p>\n\n\t\t<\/div>\n\t<\/div>\n<\/div><\/div><\/div><\/div><div class=\"vc_row wpb_row vc_row-fluid\"><div class=\"wpb_column vc_column_container vc_col-sm-3\"><div class=\"vc_column-inner\"><div class=\"wpb_wrapper\">\n\t<div  class=\"wpb_single_image wpb_content_element vc_align_left wpb_content_element\">\n\t\t\n\t\t<figure class=\"wpb_wrapper vc_figure\">\n\t\t\t<a href=\"http:\/\/maldives-paradise.com\/es\/?page_id=7622\" target=\"_self\" class=\"vc_single_image-wrapper   vc_box_border_grey\"><img loading=\"lazy\" decoding=\"async\" width=\"150\" height=\"150\" src=\"https:\/\/maldives-paradise.com\/wp-content\/uploads\/2024\/01\/six-senses-kanahura2-150x150.jpg\" class=\"vc_single_image-img attachment-thumbnail\" alt=\"Kanuhura de los seis sentidos\" title=\"seis-sentidos-kanahura2\" \/><\/a>\n\t\t<\/figure>\n\t<\/div>\n<\/div><\/div><\/div><div class=\"wpb_column vc_column_container vc_col-sm-9\"><div class=\"vc_column-inner\"><div class=\"wpb_wrapper\">\n\t<div class=\"wpb_text_column wpb_content_element\" >\n\t\t<div class=\"wpb_wrapper\">\n\t\t\t<h4><a href=\"http:\/\/maldives-paradise.com\/es\/?page_id=7622\">Kanuhura de los seis sentidos<\/a><\/h4>\n<p>Six Senses Kanuhura es un complejo de las Maldivas que ofrece villas frente a la playa y sobre el agua con un ambiente de isla tropical. Con sus comodidades de clase mundial, su compromiso inquebrantable con la sustentabilidad y su compromiso con el servicio personalizado, este resort de lujo es un testimonio del arte de la indulgencia en el coraz\u00f3n del para\u00edso.<\/p>\n\n\t\t<\/div>\n\t<\/div>\n<\/div><\/div><\/div><\/div><div class=\"vc_row wpb_row vc_row-fluid\"><div class=\"wpb_column vc_column_container vc_col-sm-3\"><div class=\"vc_column-inner\"><div class=\"wpb_wrapper\">\n\t<div  class=\"wpb_single_image wpb_content_element vc_align_left wpb_content_element\">\n\t\t\n\t\t<figure class=\"wpb_wrapper vc_figure\">\n\t\t\t<a href=\"http:\/\/maldives-paradise.com\/es\/?page_id=7626\" target=\"_self\" class=\"vc_single_image-wrapper   vc_box_border_grey\"><img loading=\"lazy\" decoding=\"async\" width=\"150\" height=\"150\" src=\"https:\/\/maldives-paradise.com\/wp-content\/uploads\/2024\/01\/six-senses-lamuu2-150x150.jpeg\" class=\"vc_single_image-img attachment-thumbnail\" alt=\"Laamu de los Seis Sentidos\" title=\"seis-sentidos-lamuu2\" \/><\/a>\n\t\t<\/figure>\n\t<\/div>\n<\/div><\/div><\/div><div class=\"wpb_column vc_column_container vc_col-sm-9\"><div class=\"vc_column-inner\"><div class=\"wpb_wrapper\">\n\t<div class=\"wpb_text_column wpb_content_element\" >\n\t\t<div class=\"wpb_wrapper\">\n\t\t\t<h4><a href=\"http:\/\/maldives-paradise.com\/es\/?page_id=7626\">Laamu de los Seis Sentidos<\/a><\/h4>\n<p>Six Senses Laamu es un testimonio de opulencia y tranquilidad, y ofrece una escapada incomparable a un para\u00edso tropical. Este complejo de lujo, situado en las Maldivas, es un para\u00edso para quienes buscan un retiro inolvidable en uno de los lugares m\u00e1s impresionantes del mundo. Exploremos las caracter\u00edsticas principales que hacen <strong>Laamu de los Seis Sentidos<\/strong> un destino de ensue\u00f1o.<\/p>\n\n\t\t<\/div>\n\t<\/div>\n<\/div><\/div><\/div><\/div><div class=\"vc_row wpb_row vc_row-fluid\"><div class=\"wpb_column vc_column_container vc_col-sm-3\"><div class=\"vc_column-inner\"><div class=\"wpb_wrapper\">\n\t<div  class=\"wpb_single_image wpb_content_element vc_align_left wpb_content_element\">\n\t\t\n\t\t<figure class=\"wpb_wrapper vc_figure\">\n\t\t\t<a href=\"http:\/\/maldives-paradise.com\/es\/?page_id=7639\" target=\"_self\" class=\"vc_single_image-wrapper   vc_box_border_grey\"><img loading=\"lazy\" decoding=\"async\" width=\"150\" height=\"150\" src=\"https:\/\/maldives-paradise.com\/wp-content\/uploads\/2024\/01\/soneva-fushi2-150x150.jpg\" class=\"vc_single_image-img attachment-thumbnail\" alt=\"Soneva Fushi\" title=\"soneva-fushi2\" \/><\/a>\n\t\t<\/figure>\n\t<\/div>\n<\/div><\/div><\/div><div class=\"wpb_column vc_column_container vc_col-sm-9\"><div class=\"vc_column-inner\"><div class=\"wpb_wrapper\">\n\t<div class=\"wpb_text_column wpb_content_element\" >\n\t\t<div class=\"wpb_wrapper\">\n\t\t\t<h4><a href=\"http:\/\/maldives-paradise.com\/es\/?page_id=7639\">Soneva Fushi<\/a><\/h4>\n<p>Soneva Fushi es un mundialmente famoso resort isle\u00f1o de lujo de 5 estrellas en las Maldivas. Se encuentra como un resort de lujo en una hermosa isla de las Maldivas, con playas de arena blanca, aguas cristalinas y experiencias \u00fanicas en la vida. La isla Baa Atoll ofrece lujo, dise\u00f1o respetuoso con el medio ambiente y aut\u00e9nticas experiencias maldivas.<\/p>\n\n\t\t<\/div>\n\t<\/div>\n<\/div><\/div><\/div><\/div><div class=\"vc_row wpb_row vc_row-fluid\"><div class=\"wpb_column vc_column_container vc_col-sm-3\"><div class=\"vc_column-inner\"><div class=\"wpb_wrapper\">\n\t<div  class=\"wpb_single_image wpb_content_element vc_align_left wpb_content_element\">\n\t\t\n\t\t<figure class=\"wpb_wrapper vc_figure\">\n\t\t\t<a href=\"http:\/\/maldives-paradise.com\/es\/?page_id=7643\" target=\"_self\" class=\"vc_single_image-wrapper   vc_box_border_grey\"><img loading=\"lazy\" decoding=\"async\" width=\"150\" height=\"150\" src=\"https:\/\/maldives-paradise.com\/wp-content\/uploads\/2024\/01\/soneva-jani2-150x150.jpg\" class=\"vc_single_image-img attachment-thumbnail\" alt=\"Soneva Jani\" title=\"soneva-jani2\" \/><\/a>\n\t\t<\/figure>\n\t<\/div>\n<\/div><\/div><\/div><div class=\"wpb_column vc_column_container vc_col-sm-9\"><div class=\"vc_column-inner\"><div class=\"wpb_wrapper\">\n\t<div class=\"wpb_text_column wpb_content_element\" >\n\t\t<div class=\"wpb_wrapper\">\n\t\t\t<h4><a href=\"http:\/\/maldives-paradise.com\/es\/?page_id=7643\">Soneva Jani<\/a><\/h4>\n<p><strong>Soneva Jani<\/strong> es un resort de lujo de 5 estrellas sobre el agua ubicado en una laguna cristalina de 5,6 kil\u00f3metros en el atol\u00f3n Noonu en las Maldivas. Construido alrededor de una laguna con vista al mar, playas de arena blanca y vegetaci\u00f3n tropical. Cruceros con delfines, buceo, experiencias familiares y cenas con estrellas Michelin.<\/p>\n\n\t\t<\/div>\n\t<\/div>\n<\/div><\/div><\/div><\/div><div class=\"vc_row wpb_row vc_row-fluid\"><div class=\"wpb_column vc_column_container vc_col-sm-3\"><div class=\"vc_column-inner\"><div class=\"wpb_wrapper\">\n\t<div  class=\"wpb_single_image wpb_content_element vc_align_left wpb_content_element\">\n\t\t\n\t\t<figure class=\"wpb_wrapper vc_figure\">\n\t\t\t<a href=\"http:\/\/maldives-paradise.com\/es\/?page_id=7647\" target=\"_self\" class=\"vc_single_image-wrapper   vc_box_border_grey\"><img loading=\"lazy\" decoding=\"async\" width=\"150\" height=\"150\" src=\"https:\/\/maldives-paradise.com\/wp-content\/uploads\/2024\/01\/st-regis-2-150x150.jpg\" class=\"vc_single_image-img attachment-thumbnail\" alt=\"El St. Regis Maldives Vommuli Resort\" title=\"st-regis-2\" \/><\/a>\n\t\t<\/figure>\n\t<\/div>\n<\/div><\/div><\/div><div class=\"wpb_column vc_column_container vc_col-sm-9\"><div class=\"vc_column-inner\"><div class=\"wpb_wrapper\">\n\t<div class=\"wpb_text_column wpb_content_element\" >\n\t\t<div class=\"wpb_wrapper\">\n\t\t\t<h4><a href=\"http:\/\/maldives-paradise.com\/es\/?page_id=7647\">El St. Regis Maldives Vommuli Resort<\/a><\/h4>\n<p>El<strong> St. Regis Maldivas Vommuli Resort<\/strong> es un Resort de 5 Estrellas en una isla privada en las Maldivas. Los hu\u00e9spedes pueden relajarse y disfrutar de masajes corporales, tratamientos ayurv\u00e9dicos e hidroterapia en el Iridium Spa. Adem\u00e1s de buceo y windsurf, el complejo ofrece jet pack, balanceo en el mar, kayak con fondo de cristal y navegaci\u00f3n en catamar\u00e1n.<br \/>\nClub infantil, juegos de interior en Socialite Club, tenis al aire libre y torre observatorio.<\/p>\n\n\t\t<\/div>\n\t<\/div>\n<\/div><\/div><\/div><\/div><div class=\"vc_row wpb_row vc_row-fluid\"><div class=\"wpb_column vc_column_container vc_col-sm-3\"><div class=\"vc_column-inner\"><div class=\"wpb_wrapper\">\n\t<div  class=\"wpb_single_image wpb_content_element vc_align_left wpb_content_element\">\n\t\t\n\t\t<figure class=\"wpb_wrapper vc_figure\">\n\t\t\t<a href=\"http:\/\/maldives-paradise.com\/es\/?page_id=7651\" target=\"_self\" class=\"vc_single_image-wrapper   vc_box_border_grey\"><img loading=\"lazy\" decoding=\"async\" width=\"150\" height=\"150\" src=\"https:\/\/maldives-paradise.com\/wp-content\/uploads\/2024\/01\/The-Standard-Huruvalhi-Maldives2-150x150.jpg\" class=\"vc_single_image-img attachment-thumbnail\" alt=\"El est\u00e1ndar Huruvalhi Maldivas\" title=\"El-est\u00e1ndar-Huruvalhi-Maldivas2\" \/><\/a>\n\t\t<\/figure>\n\t<\/div>\n<\/div><\/div><\/div><div class=\"wpb_column vc_column_container vc_col-sm-9\"><div class=\"vc_column-inner\"><div class=\"wpb_wrapper\">\n\t<div class=\"wpb_text_column wpb_content_element\" >\n\t\t<div class=\"wpb_wrapper\">\n\t\t\t<h4><a href=\"http:\/\/maldives-paradise.com\/es\/?page_id=7651\">El est\u00e1ndar Huruvalhi Maldivas<\/a><\/h4>\n<p><strong>El est\u00e1ndar Huruvalhi Maldivas<\/strong> es un faro de lujo incomparable, que ofrece una exquisita combinaci\u00f3n de opulencia y belleza natural. Este exclusivo resort es un testimonio de sofisticaci\u00f3n y promete una experiencia \u00fanica en la vida que trasciende lo ordinario.<\/p>\n\n\t\t<\/div>\n\t<\/div>\n<\/div><\/div><\/div><\/div><div class=\"vc_row wpb_row vc_row-fluid\"><div class=\"wpb_column vc_column_container vc_col-sm-3\"><div class=\"vc_column-inner\"><div class=\"wpb_wrapper\">\n\t<div  class=\"wpb_single_image wpb_content_element vc_align_left wpb_content_element\">\n\t\t\n\t\t<figure class=\"wpb_wrapper vc_figure\">\n\t\t\t<a href=\"http:\/\/maldives-paradise.com\/es\/?page_id=7655\" target=\"_self\" class=\"vc_single_image-wrapper   vc_box_border_grey\"><img loading=\"lazy\" decoding=\"async\" width=\"150\" height=\"150\" src=\"https:\/\/maldives-paradise.com\/wp-content\/uploads\/2024\/01\/Sun-Siyam-Iru-Fushi-2-150x150.jpg\" class=\"vc_single_image-img attachment-thumbnail\" alt=\"Sun Siyam Iru Fushi\" title=\"Sun-Siyam-Iru-Fushi-2\" \/><\/a>\n\t\t<\/figure>\n\t<\/div>\n<\/div><\/div><\/div><div class=\"wpb_column vc_column_container vc_col-sm-9\"><div class=\"vc_column-inner\"><div class=\"wpb_wrapper\">\n\t<div class=\"wpb_text_column wpb_content_element\" >\n\t\t<div class=\"wpb_wrapper\">\n\t\t\t<h4><a href=\"http:\/\/maldives-paradise.com\/es\/?page_id=7655\">Sun Siyam Iru Fushi<\/a><\/h4>\n<p>Sun Siyam Iru Fushi, un lujoso resort de playa y spa de 5 estrellas en el coraz\u00f3n de las Maldivas. Este exclusivo resort atrae a los viajeros que buscan una combinaci\u00f3n armoniosa de opulencia, belleza natural y servicio personalizado, creando un escape incomparable en el regazo del lujo.<\/p>\n\n\t\t<\/div>\n\t<\/div>\n<\/div><\/div><\/div><\/div><div class=\"vc_row wpb_row vc_row-fluid\"><div class=\"wpb_column vc_column_container vc_col-sm-3\"><div class=\"vc_column-inner\"><div class=\"wpb_wrapper\">\n\t<div  class=\"wpb_single_image wpb_content_element vc_align_left wpb_content_element\">\n\t\t\n\t\t<figure class=\"wpb_wrapper vc_figure\">\n\t\t\t<a href=\"http:\/\/maldives-paradise.com\/es\/?page_id=7659\" target=\"_self\" class=\"vc_single_image-wrapper   vc_box_border_grey\"><img loading=\"lazy\" decoding=\"async\" width=\"150\" height=\"150\" src=\"https:\/\/maldives-paradise.com\/wp-content\/uploads\/2024\/01\/Sun-Siyam-Vilu-Reef2-150x150.jpg\" class=\"vc_single_image-img attachment-thumbnail\" alt=\"Arrecife Sun Siyam Vilu\" title=\"Sun-Siyam-Vilu-Reef2\" \/><\/a>\n\t\t<\/figure>\n\t<\/div>\n<\/div><\/div><\/div><div class=\"wpb_column vc_column_container vc_col-sm-9\"><div class=\"vc_column-inner\"><div class=\"wpb_wrapper\">\n\t<div class=\"wpb_text_column wpb_content_element\" >\n\t\t<div class=\"wpb_wrapper\">\n\t\t\t<h4><a href=\"http:\/\/maldives-paradise.com\/es\/?page_id=7659\">Arrecife Sun Siyam Vilu<\/a><\/h4>\n<p>Descubra el para\u00edso en Sun Siyam Vilu Reef: un lujoso para\u00edso con todo incluido en las Maldivas. Este para\u00edso tropical no es s\u00f3lo un destino; es una experiencia que trasciende lo ordinario. Con sus impresionantes villas sobre el agua, comodidades de primer nivel y un servicio impecable, <strong>Arrecife Sun Siyam Vilu<\/strong> destaca como el ep\u00edtome de la opulencia en el archipi\u00e9lago de las Maldivas.<\/p>\n\n\t\t<\/div>\n\t<\/div>\n<\/div><\/div><\/div><\/div><div class=\"vc_row wpb_row vc_row-fluid\"><div class=\"wpb_column vc_column_container vc_col-sm-12\"><div class=\"vc_column-inner\"><div class=\"wpb_wrapper\">\n\t<div class=\"wpb_text_column wpb_content_element\" >\n\t\t<div class=\"wpb_wrapper\">\n\t\t\t<h3>Hoteles y resorts de 5 estrellas en Maldivas\u00a0\u00a0 <a href=\"http:\/\/maldives-paradise.com\/es\/?page_id=4124\">P\u00e1gina 1<\/a>\u00a0\u00a0 <a href=\"http:\/\/maldives-paradise.com\/es\/?page_id=7968\">P\u00e1gina 2<\/a>\u00a0\u00a0 <a href=\"http:\/\/maldives-paradise.com\/es\/?page_id=7996\">P\u00e1gina 3<\/a>\u00a0\u00a0 <a href=\"http:\/\/maldives-paradise.com\/es\/?page_id=8053\">P\u00e1gina 4<\/a> \u00a0 <a href=\"http:\/\/maldives-paradise.com\/es\/?page_id=8128\">P\u00e1gina 5<\/a>\u00a0\u00a0 <a href=\"http:\/\/maldives-paradise.com\/es\/?page_id=8384\">P\u00e1gina 7<\/a> \u00a0<a href=\"http:\/\/maldives-paradise.com\/es\/hoteles-de-5-estrellas-resorts-en-maldivas-8\/\">P\u00e1gina 8<\/a>\u00a0\u00a0<a href=\"https:\/\/maldives-paradise.com\/es\/9-hoteles-y-resorts-de-5-estrellas-en-maldivas\/\">P\u00e1gina 9<\/a><\/h3>\n\n\t\t<\/div>\n\t<\/div>\n<\/div><\/div><\/div><\/div>\n<\/div>","protected":false},"excerpt":{"rendered":"<div class=\"mh-excerpt\"><\/div>","protected":false},"author":1,"featured_media":0,"parent":0,"menu_order":0,"comment_status":"closed","ping_status":"closed","template":"","meta":{"footnotes":""},"class_list":["post-8170","page","type-page","status-publish"],"aioseo_notices":[],"_links":{"self":[{"href":"http:\/\/maldives-paradise.com\/es\/wp-json\/wp\/v2\/pages\/8170","targetHints":{"allow":["GET"]}}],"collection":[{"href":"http:\/\/maldives-paradise.com\/es\/wp-json\/wp\/v2\/pages"}],"about":[{"href":"http:\/\/maldives-paradise.com\/es\/wp-json\/wp\/v2\/types\/page"}],"author":[{"embeddable":true,"href":"http:\/\/maldives-paradise.com\/es\/wp-json\/wp\/v2\/users\/1"}],"replies":[{"embeddable":true,"href":"http:\/\/maldives-paradise.com\/es\/wp-json\/wp\/v2\/comments?post=8170"}],"version-history":[{"count":6,"href":"http:\/\/maldives-paradise.com\/es\/wp-json\/wp\/v2\/pages\/8170\/revisions"}],"predecessor-version":[{"id":34301,"href":"http:\/\/maldives-paradise.com\/es\/wp-json\/wp\/v2\/pages\/8170\/revisions\/34301"}],"wp:attachment":[{"href":"http:\/\/maldives-paradise.com\/es\/wp-json\/wp\/v2\/media?parent=8170"}],"curies":[{"name":"gracias","href":"https:\/\/api.w.org\/{rel}","templated":true}]}}