{"id":7996,"date":"2024-01-02T18:17:30","date_gmt":"2024-01-02T18:17:30","guid":{"rendered":"http:\/\/maldives-paradise.com\/?page_id=7996"},"modified":"2025-02-22T09:07:32","modified_gmt":"2025-02-22T09:07:32","slug":"hoteles-de-5-estrellas-resorts-en-maldivas-3","status":"publish","type":"page","link":"http:\/\/maldives-paradise.com\/es\/hoteles-de-5-estrellas-resorts-en-maldivas-3\/","title":{"rendered":"Hoteles y Resorts de 5 estrellas en Maldivas 3"},"content":{"rendered":"<div class=\"wpb-content-wrapper\"><div class=\"vc_row wpb_row vc_row-fluid\"><div class=\"wpb_column vc_column_container vc_col-sm-12\"><div class=\"vc_column-inner\"><div class=\"wpb_wrapper\">\n\t<div class=\"wpb_text_column wpb_content_element\" >\n\t\t<div class=\"wpb_wrapper\">\n\t\t\t<h3>Una selecci\u00f3n de hoteles y resorts de 5 estrellas en las Maldivas p\u00e1gina 3<\/h3>\n<p>Las Maldivas son famosas por su <strong data-start=\"82\" data-end=\"121\">Hoteles y resorts de lujo de 5 estrellas<\/strong>, ofreciendo una experiencia sin igual <strong data-start=\"145\" data-end=\"191\">Elegancia, privacidad y servicio de clase mundial.<\/strong>Estos retiros exclusivos cuentan con <strong data-start=\"226\" data-end=\"316\">Villas sobre el agua, piscinas infinitas, restaurantes elegantes y servicios de mayordomo privado.<\/strong>.<\/p>\n\n\t\t<\/div>\n\t<\/div>\n<\/div><\/div><\/div><\/div><div class=\"vc_row wpb_row vc_row-fluid\"><div class=\"wpb_column vc_column_container vc_col-sm-3\"><div class=\"vc_column-inner\"><div class=\"wpb_wrapper\">\n\t<div  class=\"wpb_single_image wpb_content_element vc_align_left wpb_content_element\">\n\t\t\n\t\t<figure class=\"wpb_wrapper vc_figure\">\n\t\t\t<a href=\"http:\/\/maldives-paradise.com\/es\/?page_id=7002\" target=\"_self\" class=\"vc_single_image-wrapper   vc_box_border_grey\"><img loading=\"lazy\" decoding=\"async\" width=\"150\" height=\"150\" src=\"https:\/\/maldives-paradise.com\/wp-content\/uploads\/2024\/01\/Dusit-Thani-Maldives2-150x150.jpg\" class=\"vc_single_image-img attachment-thumbnail\" alt=\"Dusit Thani Maldivas\" title=\"Dusit-Thani-Maldivas2\" \/><\/a>\n\t\t<\/figure>\n\t<\/div>\n<\/div><\/div><\/div><div class=\"wpb_column vc_column_container vc_col-sm-9\"><div class=\"vc_column-inner\"><div class=\"wpb_wrapper\">\n\t<div class=\"wpb_text_column wpb_content_element\" >\n\t\t<div class=\"wpb_wrapper\">\n\t\t\t<h4><a href=\"http:\/\/maldives-paradise.com\/es\/?page_id=7002\">Dusit Thani Maldivas<\/a><\/h4>\n<p>Disfrute del m\u00e1ximo lujo en <strong>Dusit Thani Maldivas,<\/strong> un para\u00edso insular pr\u00edstino que combina a la perfecci\u00f3n la opulencia con la belleza natural de las Maldivas. Ubicado en el coraz\u00f3n del Oc\u00e9ano \u00cdndico, este complejo de clase mundial atrae a los viajeros m\u00e1s exigentes con su inigualable combinaci\u00f3n de dise\u00f1o sofisticado, servicio impecable y un entorno impresionante.<\/p>\n\n\t\t<\/div>\n\t<\/div>\n<\/div><\/div><\/div><\/div><div class=\"vc_row wpb_row vc_row-fluid\"><div class=\"wpb_column vc_column_container vc_col-sm-3\"><div class=\"vc_column-inner\"><div class=\"wpb_wrapper\">\n\t<div  class=\"wpb_single_image wpb_content_element vc_align_left wpb_content_element\">\n\t\t\n\t\t<figure class=\"wpb_wrapper vc_figure\">\n\t\t\t<a href=\"http:\/\/maldives-paradise.com\/es\/?page_id=7009\" target=\"_self\" class=\"vc_single_image-wrapper   vc_box_border_grey\"><img loading=\"lazy\" decoding=\"async\" width=\"150\" height=\"150\" src=\"https:\/\/maldives-paradise.com\/wp-content\/uploads\/2024\/01\/Emerald-Maldives-Service-at-the-Main-Pool-150x150.jpg\" class=\"vc_single_image-img attachment-thumbnail\" alt=\"Esmeralda Maldivas Resort &amp; Spa\" title=\"Emerald-Maldivas---Servicio-en-la-piscina-principal\" \/><\/a>\n\t\t<\/figure>\n\t<\/div>\n<\/div><\/div><\/div><div class=\"wpb_column vc_column_container vc_col-sm-9\"><div class=\"vc_column-inner\"><div class=\"wpb_wrapper\">\n\t<div class=\"wpb_text_column wpb_content_element\" >\n\t\t<div class=\"wpb_wrapper\">\n\t\t\t<h4><a href=\"http:\/\/maldives-paradise.com\/es\/?page_id=7009\">Esmeralda Maldivas Resort &amp; Spa<\/a><\/h4>\n<p><strong>Esmeralda Maldivas Resort &amp; Spa<\/strong> es un santuario de serenidad ubicado en el coraz\u00f3n del Oc\u00e9ano \u00cdndico. Este complejo de lujo es un testimonio de elegancia refinada y ofrece una experiencia incomparable que combina una belleza natural impresionante con comodidades de clase mundial. Estas son las principales caracter\u00edsticas que hacen de Emerald Maldives un para\u00edso para el viajero exigente.<\/p>\n\n\t\t<\/div>\n\t<\/div>\n<\/div><\/div><\/div><\/div><div class=\"vc_row wpb_row vc_row-fluid\"><div class=\"wpb_column vc_column_container vc_col-sm-3\"><div class=\"vc_column-inner\"><div class=\"wpb_wrapper\">\n\t<div  class=\"wpb_single_image wpb_content_element vc_align_left wpb_content_element\">\n\t\t\n\t\t<figure class=\"wpb_wrapper vc_figure\">\n\t\t\t<a href=\"http:\/\/maldives-paradise.com\/es\/?page_id=7014\" target=\"_self\" class=\"vc_single_image-wrapper   vc_box_border_grey\"><img loading=\"lazy\" decoding=\"async\" width=\"150\" height=\"150\" src=\"https:\/\/maldives-paradise.com\/wp-content\/uploads\/2024\/01\/Fairmont-Maldives-Sirru-Fen-Fushi2-150x150.jpg\" class=\"vc_single_image-img attachment-thumbnail\" alt=\"Fairmont Maldivas Sirru Fen Fushi\" title=\"Fairmont-Maldivas-Sirru-Fen-Fushi2\" \/><\/a>\n\t\t<\/figure>\n\t<\/div>\n<\/div><\/div><\/div><div class=\"wpb_column vc_column_container vc_col-sm-9\"><div class=\"vc_column-inner\"><div class=\"wpb_wrapper\">\n\t<div class=\"wpb_text_column wpb_content_element\" >\n\t\t<div class=\"wpb_wrapper\">\n\t\t\t<h4><a href=\"http:\/\/maldives-paradise.com\/es\/?page_id=7014\">Fairmont Maldivas Sirru Fen Fushi<\/a><\/h4>\n<p>Lujo en <strong>Fairmont Maldivas Sirru Fen Fushi<\/strong> es un pr\u00edstino complejo de villas en el coraz\u00f3n de las Maldivas. Este exclusivo resort atrae a los viajeros que buscan un escape incomparable con su exquisita combinaci\u00f3n de opulencia, belleza natural y comodidades de clase mundial.<\/p>\n\n\t\t<\/div>\n\t<\/div>\n<\/div><\/div><\/div><\/div><div class=\"vc_row wpb_row vc_row-fluid\"><div class=\"wpb_column vc_column_container vc_col-sm-3\"><div class=\"vc_column-inner\"><div class=\"wpb_wrapper\">\n\t<div  class=\"wpb_single_image wpb_content_element vc_align_left wpb_content_element\">\n\t\t\n\t\t<figure class=\"wpb_wrapper vc_figure\">\n\t\t\t<a href=\"http:\/\/maldives-paradise.com\/es\/?page_id=7073\" target=\"_self\" class=\"vc_single_image-wrapper   vc_box_border_grey\"><img loading=\"lazy\" decoding=\"async\" width=\"150\" height=\"150\" src=\"https:\/\/maldives-paradise.com\/wp-content\/uploads\/2024\/01\/Finolhu-Baa-Atoll-Maldives-150x150.jpg\" class=\"vc_single_image-img attachment-thumbnail\" alt=\"Atol\u00f3n Finolhu Baa Maldivas\" title=\"Finolhu-Baa-Atol\u00f3n-Maldivas\" \/><\/a>\n\t\t<\/figure>\n\t<\/div>\n<\/div><\/div><\/div><div class=\"wpb_column vc_column_container vc_col-sm-9\"><div class=\"vc_column-inner\"><div class=\"wpb_wrapper\">\n\t<div class=\"wpb_text_column wpb_content_element\" >\n\t\t<div class=\"wpb_wrapper\">\n\t\t\t<h4><a href=\"http:\/\/maldives-paradise.com\/es\/?page_id=7073\">Atol\u00f3n Finolhu Baa Maldivas<\/a><\/h4>\n<p>Esc\u00e1pese a un mundo de lujo incomparable y belleza impresionante en <strong>Atol\u00f3n Finolhu Baa Maldivas<\/strong>. Ubicado en el coraz\u00f3n de la Reserva de la Biosfera de la UNESCO, este exclusivo resort redefine el significado de una escapada tropical. Con una fusi\u00f3n de dise\u00f1o contempor\u00e1neo y esplendor natural, Finolhu es un para\u00edso para quienes buscan lo \u00faltimo en lujo y relajaci\u00f3n.<\/p>\n\n\t\t<\/div>\n\t<\/div>\n<\/div><\/div><\/div><\/div><div class=\"vc_row wpb_row vc_row-fluid\"><div class=\"wpb_column vc_column_container vc_col-sm-3\"><div class=\"vc_column-inner\"><div class=\"wpb_wrapper\">\n\t<div  class=\"wpb_single_image wpb_content_element vc_align_left wpb_content_element\">\n\t\t\n\t\t<figure class=\"wpb_wrapper vc_figure\">\n\t\t\t<a href=\"http:\/\/maldives-paradise.com\/es\/?page_id=7079\" target=\"_self\" class=\"vc_single_image-wrapper   vc_box_border_grey\"><img loading=\"lazy\" decoding=\"async\" width=\"150\" height=\"150\" src=\"https:\/\/maldives-paradise.com\/wp-content\/uploads\/2024\/01\/Four-Seasons-Maldives-Kuda-Huraa2-150x150.jpg\" class=\"vc_single_image-img attachment-thumbnail\" alt=\"Four Seasons Maldivas Kuda Huraa\" title=\"Four-Seasons-Maldivas-Kuda-Huraa2\" \/><\/a>\n\t\t<\/figure>\n\t<\/div>\n<\/div><\/div><\/div><div class=\"wpb_column vc_column_container vc_col-sm-9\"><div class=\"vc_column-inner\"><div class=\"wpb_wrapper\">\n\t<div class=\"wpb_text_column wpb_content_element\" >\n\t\t<div class=\"wpb_wrapper\">\n\t\t\t<h4><a href=\"http:\/\/maldives-paradise.com\/es\/?page_id=7079\">Four Seasons Maldivas Kuda Huraa<\/a><\/h4>\n<p><strong>Four Seasons Maldivas Kuda Huraa<\/strong> se erige como un faro de opulencia y tranquilidad, ofreciendo un escape incomparable al para\u00edso. Este complejo de lujo es un testimonio del arte de la hospitalidad, que combina el encanto tradicional de las Maldivas con la sofisticaci\u00f3n de la marca Four Seasons. Con su impresionante entorno, un servicio impecable y una gran cantidad de comodidades de primer nivel, Four Seasons Maldives Kuda Huraa es el ep\u00edtome de una escapada de ensue\u00f1o.<\/p>\n\n\t\t<\/div>\n\t<\/div>\n<\/div><\/div><\/div><\/div><div class=\"vc_row wpb_row vc_row-fluid\"><div class=\"wpb_column vc_column_container vc_col-sm-3\"><div class=\"vc_column-inner\"><div class=\"wpb_wrapper\">\n\t<div  class=\"wpb_single_image wpb_content_element vc_align_left wpb_content_element\">\n\t\t\n\t\t<figure class=\"wpb_wrapper vc_figure\">\n\t\t\t<a href=\"http:\/\/maldives-paradise.com\/es\/?page_id=7083\" target=\"_self\" class=\"vc_single_image-wrapper   vc_box_border_grey\"><img loading=\"lazy\" decoding=\"async\" width=\"150\" height=\"150\" src=\"https:\/\/maldives-paradise.com\/wp-content\/uploads\/2024\/01\/Four-Seasons-Maldives-Landaa-Giraavaru2-150x150.jpeg\" class=\"vc_single_image-img attachment-thumbnail\" alt=\"Four Seasons Maldivas Landaa Giraavaru\" title=\"Four-Seasons-Maldivas-Landaa-Giraavaru2\" \/><\/a>\n\t\t<\/figure>\n\t<\/div>\n<\/div><\/div><\/div><div class=\"wpb_column vc_column_container vc_col-sm-9\"><div class=\"vc_column-inner\"><div class=\"wpb_wrapper\">\n\t<div class=\"wpb_text_column wpb_content_element\" >\n\t\t<div class=\"wpb_wrapper\">\n\t\t\t<h4><a href=\"http:\/\/maldives-paradise.com\/es\/?page_id=7083\">Four Seasons Maldivas Landaa Giraavaru<\/a><\/h4>\n<p>Esc\u00e1pese a un mundo de opulencia y serenidad en el exquisito <strong>Four Seasons Maldivas Landaa Giraavaru<\/strong>, donde el lujo se encuentra con la naturaleza en perfecta armon\u00eda. Ubicado en el coraz\u00f3n del atol\u00f3n Baa, este id\u00edlico complejo redefine el significado de para\u00edso tropical y ofrece a los viajeros m\u00e1s exigentes una experiencia incomparable de felicidad y sofisticaci\u00f3n.<\/p>\n\n\t\t<\/div>\n\t<\/div>\n<\/div><\/div><\/div><\/div><div class=\"vc_row wpb_row vc_row-fluid\"><div class=\"wpb_column vc_column_container vc_col-sm-3\"><div class=\"vc_column-inner\"><div class=\"wpb_wrapper\">\n\t<div  class=\"wpb_single_image wpb_content_element vc_align_left wpb_content_element\">\n\t\t\n\t\t<figure class=\"wpb_wrapper vc_figure\">\n\t\t\t<a href=\"http:\/\/maldives-paradise.com\/es\/?page_id=7087\" target=\"_self\" class=\"vc_single_image-wrapper   vc_box_border_grey\"><img loading=\"lazy\" decoding=\"async\" width=\"150\" height=\"150\" src=\"https:\/\/maldives-paradise.com\/wp-content\/uploads\/2024\/01\/Fushifaru-Maldives2-150x150.jpg\" class=\"vc_single_image-img attachment-thumbnail\" alt=\"Fushifaru Maldivas\" title=\"Fushifaru-Maldivas2\" \/><\/a>\n\t\t<\/figure>\n\t<\/div>\n<\/div><\/div><\/div><div class=\"wpb_column vc_column_container vc_col-sm-9\"><div class=\"vc_column-inner\"><div class=\"wpb_wrapper\">\n\t<div class=\"wpb_text_column wpb_content_element\" >\n\t\t<div class=\"wpb_wrapper\">\n\t\t\t<h4><a href=\"http:\/\/maldives-paradise.com\/es\/?page_id=7087\">Fushifaru Maldivas<\/a><\/h4>\n<p><strong>Fushifaru Maldivas <\/strong>es un remanso de tranquilidad ubicado en el coraz\u00f3n del Oc\u00e9ano \u00cdndico. Este exclusivo resort de lujo ofrece una combinaci\u00f3n perfecta de impresionante belleza natural y hospitalidad incomparable, lo que lo convierte en el destino ideal para quienes buscan una escapada extraordinaria.<\/p>\n\n\t\t<\/div>\n\t<\/div>\n<\/div><\/div><\/div><\/div><div class=\"vc_row wpb_row vc_row-fluid\"><div class=\"wpb_column vc_column_container vc_col-sm-3\"><div class=\"vc_column-inner\"><div class=\"wpb_wrapper\">\n\t<div  class=\"wpb_single_image wpb_content_element vc_align_left wpb_content_element\">\n\t\t\n\t\t<figure class=\"wpb_wrapper vc_figure\">\n\t\t\t<a href=\"http:\/\/maldives-paradise.com\/es\/?page_id=7096\" target=\"_self\" class=\"vc_single_image-wrapper   vc_box_border_grey\"><img loading=\"lazy\" decoding=\"async\" width=\"150\" height=\"150\" src=\"https:\/\/maldives-paradise.com\/wp-content\/uploads\/2024\/01\/Gili-ankanfushi-Maldives2-150x150.jpg\" class=\"vc_single_image-img attachment-thumbnail\" alt=\"Gili Lankanfushi Maldivas\" title=\"Gili-ankanfushi-Maldivas2\" \/><\/a>\n\t\t<\/figure>\n\t<\/div>\n<\/div><\/div><\/div><div class=\"wpb_column vc_column_container vc_col-sm-9\"><div class=\"vc_column-inner\"><div class=\"wpb_wrapper\">\n\t<div class=\"wpb_text_column wpb_content_element\" >\n\t\t<div class=\"wpb_wrapper\">\n\t\t\t<h4><a href=\"http:\/\/maldives-paradise.com\/es\/?page_id=7096\">Gili Lankanfushi Maldivas<\/a><\/h4>\n<p>Esc\u00e1pese a un mundo de lujo incomparable y belleza impresionante en <strong>Gili Lankanfushi Maldivas<\/strong>, donde cada momento es una celebraci\u00f3n de opulencia y serenidad. Ubicado en el coraz\u00f3n del Oc\u00e9ano \u00cdndico, este exclusivo resort redefine el concepto de indulgencia, ofreciendo una experiencia inigualable que combina a la perfecci\u00f3n naturaleza, lujo y servicio personalizado.<\/p>\n\n\t\t<\/div>\n\t<\/div>\n<\/div><\/div><\/div><\/div><div class=\"vc_row wpb_row vc_row-fluid\"><div class=\"wpb_column vc_column_container vc_col-sm-3\"><div class=\"vc_column-inner\"><div class=\"wpb_wrapper\">\n\t<div  class=\"wpb_single_image wpb_content_element vc_align_left wpb_content_element\">\n\t\t\n\t\t<figure class=\"wpb_wrapper vc_figure\">\n\t\t\t<a href=\"http:\/\/maldives-paradise.com\/es\/?page_id=7100\" target=\"_self\" class=\"vc_single_image-wrapper   vc_box_border_grey\"><img loading=\"lazy\" decoding=\"async\" width=\"150\" height=\"150\" src=\"https:\/\/maldives-paradise.com\/wp-content\/uploads\/2024\/01\/hard-rock-hotel-maldives2-150x150.jpg\" class=\"vc_single_image-img attachment-thumbnail\" alt=\"Hard Rock Hotel Maldivas\" title=\"hard-rock-hotel-maldives2\" \/><\/a>\n\t\t<\/figure>\n\t<\/div>\n<\/div><\/div><\/div><div class=\"wpb_column vc_column_container vc_col-sm-9\"><div class=\"vc_column-inner\"><div class=\"wpb_wrapper\">\n\t<div class=\"wpb_text_column wpb_content_element\" >\n\t\t<div class=\"wpb_wrapper\">\n\t\t\t<h4><a href=\"http:\/\/maldives-paradise.com\/es\/?page_id=7100\">Hard Rock Hotel Maldivas<\/a><\/h4>\n<p>El todo incluido <strong>Hard Rock Hotel Maldivas<\/strong> atrae a los viajeros m\u00e1s exigentes a experimentar el ep\u00edtome del lujo y la indulgencia. Este id\u00edlico resort combina a la perfecci\u00f3n la ic\u00f3nica marca Hard Rock con la impresionante belleza de las Maldivas, creando un para\u00edso donde la opulencia se encuentra con el esplendor tropical.<\/p>\n\n\t\t<\/div>\n\t<\/div>\n<\/div><\/div><\/div><\/div><div class=\"vc_row wpb_row vc_row-fluid\"><div class=\"wpb_column vc_column_container vc_col-sm-3\"><div class=\"vc_column-inner\"><div class=\"wpb_wrapper\">\n\t<div  class=\"wpb_single_image wpb_content_element vc_align_left wpb_content_element\">\n\t\t\n\t\t<figure class=\"wpb_wrapper vc_figure\">\n\t\t\t<a href=\"http:\/\/maldives-paradise.com\/es\/?page_id=7104\" target=\"_self\" class=\"vc_single_image-wrapper   vc_box_border_grey\"><img loading=\"lazy\" decoding=\"async\" width=\"150\" height=\"150\" src=\"https:\/\/maldives-paradise.com\/wp-content\/uploads\/2024\/01\/heritance-aarah-maldives-ocean-suite-6-150x150.jpg\" class=\"vc_single_image-img attachment-thumbnail\" alt=\"Heritance Aarah \u2013 Resort de lujo todo incluido\" title=\"herencia-aarah-maldivas-ocean-suite-6\" \/><\/a>\n\t\t<\/figure>\n\t<\/div>\n<\/div><\/div><\/div><div class=\"wpb_column vc_column_container vc_col-sm-9\"><div class=\"vc_column-inner\"><div class=\"wpb_wrapper\">\n\t<div class=\"wpb_text_column wpb_content_element\" >\n\t\t<div class=\"wpb_wrapper\">\n\t\t\t<h4><a href=\"http:\/\/maldives-paradise.com\/es\/?page_id=7104\">Heritance Aarah \u2013 Resort de lujo todo incluido<\/a><\/h4>\n<p>En el coraz\u00f3n de las fascinantes Maldivas, el resort premium todo incluido <strong>Herencia Aarah<\/strong> se erige como el ep\u00edtome del lujo y la indulgencia. Este exquisito resort es un para\u00edso para quienes buscan un escape tropical incomparable, donde aguas cristalinas, playas v\u00edrgenes y alojamientos opulentos convergen para crear una experiencia verdaderamente inolvidable.<\/p>\n\n\t\t<\/div>\n\t<\/div>\n<\/div><\/div><\/div><\/div><div class=\"vc_row wpb_row vc_row-fluid\"><div class=\"wpb_column vc_column_container vc_col-sm-3\"><div class=\"vc_column-inner\"><div class=\"wpb_wrapper\">\n\t<div  class=\"wpb_single_image wpb_content_element vc_align_left wpb_content_element\">\n\t\t\n\t\t<figure class=\"wpb_wrapper vc_figure\">\n\t\t\t<a href=\"http:\/\/maldives-paradise.com\/es\/?page_id=7108\" target=\"_self\" class=\"vc_single_image-wrapper   vc_box_border_grey\"><img loading=\"lazy\" decoding=\"async\" width=\"150\" height=\"150\" src=\"https:\/\/maldives-paradise.com\/wp-content\/uploads\/2024\/01\/HiltonMaldives-Amingiri-Resort2-150x150.jpg\" class=\"vc_single_image-img attachment-thumbnail\" alt=\"Hilton Maldivas Amingiri Resort &amp; Spa\" title=\"HiltonMaldives-Amingiri-Resort2\" \/><\/a>\n\t\t<\/figure>\n\t<\/div>\n<\/div><\/div><\/div><div class=\"wpb_column vc_column_container vc_col-sm-9\"><div class=\"vc_column-inner\"><div class=\"wpb_wrapper\">\n\t<div class=\"wpb_text_column wpb_content_element\" >\n\t\t<div class=\"wpb_wrapper\">\n\t\t\t<h4><a href=\"http:\/\/maldives-paradise.com\/es\/?page_id=7108\">Hilton Maldivas Amingiri Resort &amp; Spa<\/a><\/h4>\n<p>El resort de lujo todo incluido, <strong>Hilton Maldivas Amingiri Resort &amp; Spa<\/strong> atrae a los viajeros m\u00e1s exigentes a experimentar un para\u00edso de lujo incomparable. Este oasis tropical, con un tel\u00f3n de fondo de aguas cristalinas de color turquesa y playas v\u00edrgenes de arena blanca, es un testimonio de opulencia y tranquilidad. Estas son algunas de las caracter\u00edsticas principales que hacen de este complejo una verdadera joya en las Maldivas.<\/p>\n\n\t\t<\/div>\n\t<\/div>\n<\/div><\/div><\/div><\/div><div class=\"vc_row wpb_row vc_row-fluid\"><div class=\"wpb_column vc_column_container vc_col-sm-3\"><div class=\"vc_column-inner\"><div class=\"wpb_wrapper\">\n\t<div  class=\"wpb_single_image wpb_content_element vc_align_left wpb_content_element\">\n\t\t\n\t\t<figure class=\"wpb_wrapper vc_figure\">\n\t\t\t<a href=\"http:\/\/maldives-paradise.com\/es\/?page_id=7112\" target=\"_self\" class=\"vc_single_image-wrapper   vc_box_border_grey\"><img loading=\"lazy\" decoding=\"async\" width=\"150\" height=\"150\" src=\"https:\/\/maldives-paradise.com\/wp-content\/uploads\/2024\/01\/Hurawalhi-Island2-150x150.jpg\" class=\"vc_single_image-img attachment-thumbnail\" alt=\"Isla Hurawalhi \u2013 Resort S\u00f3lo Adultos y Todo Incluido\" title=\"Isla Hurawalhi2\" \/><\/a>\n\t\t<\/figure>\n\t<\/div>\n<\/div><\/div><\/div><div class=\"wpb_column vc_column_container vc_col-sm-9\"><div class=\"vc_column-inner\"><div class=\"wpb_wrapper\">\n\t<div class=\"wpb_text_column wpb_content_element\" >\n\t\t<div class=\"wpb_wrapper\">\n\t\t\t<h4><a href=\"http:\/\/maldives-paradise.com\/es\/?page_id=7112\">Isla Hurawalhi \u2013 Resort S\u00f3lo Adultos y Todo Incluido<\/a><\/h4>\n<p>Descubra el para\u00edso: revelando el encanto de <strong>Isla Hurawalhi Maldivas.<br \/>\n<\/strong>Esc\u00e1pese a un mundo de opulencia y tranquilidad en la isla Hurawalhi, un para\u00edso de lujo ubicado en el coraz\u00f3n de las Maldivas. Reconocido por su incomparable belleza y lujosas comodidades, este exclusivo resort promete un retiro inolvidable que trasciende lo com\u00fan.<\/p>\n\n\t\t<\/div>\n\t<\/div>\n<\/div><\/div><\/div><\/div><div class=\"vc_row wpb_row vc_row-fluid\"><div class=\"wpb_column vc_column_container vc_col-sm-12\"><div class=\"vc_column-inner\"><div class=\"wpb_wrapper\">\n\t<div class=\"wpb_text_column wpb_content_element\" >\n\t\t<div class=\"wpb_wrapper\">\n\t\t\t<h3>Hoteles y resorts de 5 estrellas en Maldivas\u00a0 <a href=\"http:\/\/maldives-paradise.com\/es\/?page_id=4124\">P\u00e1gina 1<\/a>\u00a0 <a href=\"http:\/\/maldives-paradise.com\/es\/?page_id=7968\">P\u00e1gina 2<\/a> \u00a0 <a href=\"http:\/\/maldives-paradise.com\/es\/?page_id=8053\">P\u00e1gina 4<\/a> \u00a0 <a href=\"http:\/\/maldives-paradise.com\/es\/?page_id=8128\">P\u00e1gina 5<\/a> \u00a0 <a href=\"http:\/\/maldives-paradise.com\/es\/?page_id=8170\">P\u00e1gina 6<\/a>\u00a0\u00a0 <a href=\"http:\/\/maldives-paradise.com\/es\/?page_id=8384\">P\u00e1gina 7<\/a> \u00a0<a href=\"http:\/\/maldives-paradise.com\/es\/hoteles-de-5-estrellas-resorts-en-maldivas-8\/\">P\u00e1gina 8<\/a>\u00a0\u00a0<a href=\"https:\/\/maldives-paradise.com\/es\/9-hoteles-y-resorts-de-5-estrellas-en-maldivas\/\">P\u00e1gina 9<\/a><\/h3>\n\n\t\t<\/div>\n\t<\/div>\n<\/div><\/div><\/div><\/div>\n<\/div>","protected":false},"excerpt":{"rendered":"<div class=\"mh-excerpt\"><\/div>","protected":false},"author":1,"featured_media":0,"parent":0,"menu_order":0,"comment_status":"closed","ping_status":"closed","template":"","meta":{"footnotes":""},"class_list":["post-7996","page","type-page","status-publish"],"aioseo_notices":[],"_links":{"self":[{"href":"http:\/\/maldives-paradise.com\/es\/wp-json\/wp\/v2\/pages\/7996","targetHints":{"allow":["GET"]}}],"collection":[{"href":"http:\/\/maldives-paradise.com\/es\/wp-json\/wp\/v2\/pages"}],"about":[{"href":"http:\/\/maldives-paradise.com\/es\/wp-json\/wp\/v2\/types\/page"}],"author":[{"embeddable":true,"href":"http:\/\/maldives-paradise.com\/es\/wp-json\/wp\/v2\/users\/1"}],"replies":[{"embeddable":true,"href":"http:\/\/maldives-paradise.com\/es\/wp-json\/wp\/v2\/comments?post=7996"}],"version-history":[{"count":6,"href":"http:\/\/maldives-paradise.com\/es\/wp-json\/wp\/v2\/pages\/7996\/revisions"}],"predecessor-version":[{"id":34298,"href":"http:\/\/maldives-paradise.com\/es\/wp-json\/wp\/v2\/pages\/7996\/revisions\/34298"}],"wp:attachment":[{"href":"http:\/\/maldives-paradise.com\/es\/wp-json\/wp\/v2\/media?parent=7996"}],"curies":[{"name":"gracias","href":"https:\/\/api.w.org\/{rel}","templated":true}]}}