{"id":7939,"date":"2024-01-02T08:22:05","date_gmt":"2024-01-02T08:22:05","guid":{"rendered":"http:\/\/maldives-paradise.com\/?page_id=7939"},"modified":"2024-12-27T17:21:36","modified_gmt":"2024-12-27T17:21:36","slug":"mejores-resorts","status":"publish","type":"page","link":"http:\/\/maldives-paradise.com\/es\/mejores-resorts\/","title":{"rendered":"Los mejores complejos tur\u00edsticos"},"content":{"rendered":"<p>Aqu\u00ed tienes una amplia selecci\u00f3n de los mejores resorts de lujo de las Maldivas. <br \/>Este pa\u00eds archipi\u00e9lago tiene complejos tur\u00edsticos de 5 estrellas, bungalows sobre el agua, retiros en islas y villas junto a la playa que realmente son otra cosa. <br \/>\u00bfQuieres conocer los lugares m\u00e1s bellos para hospedarte en la isla? Lo cubrimos con nuestra lista seleccionada de resorts para parejas, familias, solo para adultos y viajeros activos por igual.<\/p>\r\n\r\n\r\n\r\n<p>Maldivas se considera el destino vacacional m\u00e1s exclusivo del mundo y alberga una serie de hoteles y complejos tur\u00edsticos de lujo que encarnan la <a href='http:\/\/maldives-paradise.com\/es\/2019\/09\/el-mejor-destino-de-luna-de-miel\/'>La mejor escapada al para\u00edso tropical para los reci\u00e9n casados,<\/a> adoradores del sol, viajeros exigentes, buceadores y celebridades. <\/p>\r\n<p><a href=\"http:\/\/maldives-paradise.com\/es\/hoteles-de-5-estrellas-resorts-en-maldivas\/\"><strong>Hoteles y Resorts de 5 estrellas en las Maldivas<\/strong><\/a><\/p>\r\n<p> <\/p>","protected":false},"excerpt":{"rendered":"<div class=\"mh-excerpt\">Here is an extensive selection of the best luxury resorts in the Maldives. This archipelagic country is all about 5-star resorts, overwater bungalows, island retreats and beachside villas that really are something else. Want in <a class=\"mh-excerpt-more\" href=\"http:\/\/maldives-paradise.com\/es\/mejores-resorts\/\" title=\"Best Resorts\">[&#8230;]<\/a><\/div>\n","protected":false},"author":1,"featured_media":0,"parent":0,"menu_order":0,"comment_status":"closed","ping_status":"closed","template":"","meta":{"footnotes":""},"class_list":["post-7939","page","type-page","status-publish"],"aioseo_notices":[],"_links":{"self":[{"href":"http:\/\/maldives-paradise.com\/es\/wp-json\/wp\/v2\/pages\/7939","targetHints":{"allow":["GET"]}}],"collection":[{"href":"http:\/\/maldives-paradise.com\/es\/wp-json\/wp\/v2\/pages"}],"about":[{"href":"http:\/\/maldives-paradise.com\/es\/wp-json\/wp\/v2\/types\/page"}],"author":[{"embeddable":true,"href":"http:\/\/maldives-paradise.com\/es\/wp-json\/wp\/v2\/users\/1"}],"replies":[{"embeddable":true,"href":"http:\/\/maldives-paradise.com\/es\/wp-json\/wp\/v2\/comments?post=7939"}],"version-history":[{"count":4,"href":"http:\/\/maldives-paradise.com\/es\/wp-json\/wp\/v2\/pages\/7939\/revisions"}],"predecessor-version":[{"id":31410,"href":"http:\/\/maldives-paradise.com\/es\/wp-json\/wp\/v2\/pages\/7939\/revisions\/31410"}],"wp:attachment":[{"href":"http:\/\/maldives-paradise.com\/es\/wp-json\/wp\/v2\/media?parent=7939"}],"curies":[{"name":"gracias","href":"https:\/\/api.w.org\/{rel}","templated":true}]}}