{"id":7838,"date":"2023-12-31T07:27:13","date_gmt":"2023-12-31T07:27:13","guid":{"rendered":"http:\/\/maldives-paradise.com\/?page_id=7838"},"modified":"2025-10-02T07:12:53","modified_gmt":"2025-10-02T07:12:53","slug":"angsana-resort-y-spa-ihuru","status":"publish","type":"page","link":"http:\/\/maldives-paradise.com\/es\/angsana-resort-y-spa-ihuru\/","title":{"rendered":"Angsana Resort and Spa Ihuru"},"content":{"rendered":"<div class=\"wpb-content-wrapper\"><div class=\"vc_row wpb_row vc_row-fluid\"><div class=\"wpb_column vc_column_container vc_col-sm-12\"><div class=\"vc_column-inner\"><div class=\"wpb_wrapper\">\n\t<div class=\"wpb_text_column wpb_content_element\" >\n\t\t<div class=\"wpb_wrapper\">\n\t\t\t<h3>Descubriendo las caracter\u00edsticas principales de Angsana Resort and Spa Ihuru en las Maldivas<\/h3>\n\n\t\t<\/div>\n\t<\/div>\n<\/div><\/div><\/div><\/div><div class=\"vc_row wpb_row vc_row-fluid\"><div class=\"wpb_column vc_column_container vc_col-sm-12\"><div class=\"vc_column-inner\"><div class=\"wpb_wrapper\">\n\t<div class=\"wpb_video_widget wpb_content_element vc_clearfix   vc_video-aspect-ratio-169 vc_video-el-width-100 vc_video-align-left\" >\n\t\t<div class=\"wpb_wrapper\">\n\t\t\t\n\t\t\t<div class=\"wpb_video_wrapper\"><iframe loading=\"lazy\" title=\"Angsana Ihuru\" width=\"500\" height=\"281\" src=\"https:\/\/www.youtube.com\/embed\/tYdRKx2V0po?feature=oembed\" frameborder=\"0\" allow=\"accelerometer; autoplay; clipboard-write; encrypted-media; gyroscope; picture-in-picture; web-share\" allowfullscreen><\/iframe><\/div>\n\t\t<\/div>\n\t<\/div>\n<\/div><\/div><\/div><\/div><div class=\"vc_row wpb_row vc_row-fluid\"><div class=\"wpb_column vc_column_container vc_col-sm-12\"><div class=\"vc_column-inner\"><div class=\"wpb_wrapper\">\n\t<div class=\"wpb_text_column wpb_content_element\" >\n\t\t<div class=\"wpb_wrapper\">\n\t\t\t<p>Esc\u00e1pese a un reino de lujo incomparable y felicidad tropical en <strong>Angsana Resort and Spa Ihuru<\/strong>, donde cada momento es una obra maestra de opulencia y esplendor natural. Este exclusivo santuario de las Maldivas atrae a los viajeros m\u00e1s exigentes por sus extraordinarias caracter\u00edsticas y promete una escapada placentera como ninguna otra.<\/p>\n<p><strong>Bungalows sobre el agua:<\/strong><br \/>\nAngsana Resort and Spa Ihuru cuenta con una colecci\u00f3n de exquisitos bungalows sobre el agua, que permiten a los hu\u00e9spedes despertarse con impresionantes vistas del Oc\u00e9ano \u00cdndico. Estas villas privadas est\u00e1n equipadas con pisos con fondo de cristal, lo que brinda una visi\u00f3n fascinante de la vibrante vida marina que prospera bajo la superficie.<\/p>\n<p><strong>Villas privadas frente al mar:<\/strong><br \/>\nPara aquellos que buscan una experiencia m\u00e1s s\u00f3lida, el complejo ofrece villas privadas frente al mar rodeadas de exuberante vegetaci\u00f3n. Los hu\u00e9spedes pueden disfrutar de acceso directo a la playa, creando un ambiente \u00edntimo e id\u00edlico para la relajaci\u00f3n.<\/p>\n<p><strong>Para\u00edso del snorkel:<\/strong><br \/>\nEl arrecife que rodea Ihuru es un para\u00edso para los amantes del snorkel. El complejo ofrece equipo de snorkel de cortes\u00eda, lo que permite a los hu\u00e9spedes explorar los vibrantes jardines de coral y encontrar una variedad de colorida vida marina a solo unos pasos de su alojamiento.<\/p>\n<p><strong>Spa galardonado:<\/strong><br \/>\nEl Angsana Spa es un santuario de rejuvenecimiento, donde los hu\u00e9spedes pueden disfrutar de una variedad de tratamientos terap\u00e9uticos inspirados en las tradiciones asi\u00e1ticas. Rodeado de los relajantes sonidos del oc\u00e9ano, el spa ofrece una experiencia de bienestar hol\u00edstico que armoniza mente, cuerpo y esp\u00edritu.<\/p>\n<p><strong>Cenas Gourmet:<\/strong><br \/>\nDelicias culinarias lo esperan en los restaurantes del resort, donde chefs de talla mundial elaboran un men\u00fa diverso inspirado en sabores locales y cocina internacional. Los hu\u00e9spedes pueden disfrutar de una cena al aire libre con los pies en la arena o saborear una cena rom\u00e1ntica bajo el cielo estrellado de las Maldivas.<\/p>\n<p><strong>Excursiones de Buceo:<\/strong><br \/>\nLos amantes de la aventura pueden embarcarse en expediciones de buceo para explorar el fascinante mundo submarino de las Maldivas. El centro de buceo certificado PADI del complejo ofrece una variedad de cursos y excursiones adecuados tanto para principiantes como para buceadores experimentados.<\/p>\n<p><strong>Conservaci\u00f3n del medio ambiente:<\/strong><br \/>\nAngsana Resort and Spa Ihuru est\u00e1 comprometido con pr\u00e1cticas sostenibles y ecol\u00f3gicas. El complejo participa activamente en programas de conservaci\u00f3n de corales y los hu\u00e9spedes pueden participar en actividades educativas para aprender sobre el delicado ecosistema de las Maldivas.<\/p>\n<p><strong>Experiencias personalizadas:<\/strong><br \/>\nYa sea una cena rom\u00e1ntica en la playa, un crucero privado al atardecer o un paquete de spa personalizado, el atento personal del resort hace todo lo posible para satisfacer las preferencias individuales de los hu\u00e9spedes, garantizando una estad\u00eda verdaderamente personalizada e inolvidable.<\/p>\n<p>En conclusi\u00f3n, Angsana Resort and Spa Ihuru es un testimonio del lujo en las Maldivas, ya que ofrece una combinaci\u00f3n armoniosa de belleza natural, alojamiento de lujo y experiencias incomparables. Es un destino donde cada momento es una oportunidad para crear recuerdos preciados en uno de los entornos m\u00e1s encantadores del mundo.<\/p>\n\n\t\t<\/div>\n\t<\/div>\n<\/div><\/div><\/div><\/div><div class=\"vc_row wpb_row vc_row-fluid\"><div class=\"wpb_column vc_column_container vc_col-sm-12\"><div class=\"vc_column-inner\"><div class=\"wpb_wrapper\">\n\t<div class=\"wpb_text_column wpb_content_element\" >\n\t\t<div class=\"wpb_wrapper\">\n\t\t\t<p><strong><a title=\"Dhawa Ihuru\" href=\"https:\/\/trip.tpo.lv\/59Cvcbmi\" target=\"blanc2\" rel=\"nofollow\">Check availability and book with best price at Dhawa Ihuru here &gt;&gt;<\/a><\/strong><\/p>\n\n\t\t<\/div>\n\t<\/div>\n<\/div><\/div><\/div><\/div><div class=\"vc_row wpb_row vc_row-fluid\"><div class=\"wpb_column vc_column_container vc_col-sm-12\"><div class=\"vc_column-inner\"><div class=\"wpb_wrapper\">\n<div class=\"vc_grid-container-wrapper vc_clearfix vc_grid-animation-fadeIn\">\n\t<div class=\"vc_grid-container vc_clearfix wpb_content_element vc_basic_grid\" data-initial-loading-animation=\"fadeIn\" data-vc-grid-settings=\"{&quot;page_id&quot;:7838,&quot;style&quot;:&quot;all&quot;,&quot;action&quot;:&quot;vc_get_vc_grid_data&quot;,&quot;shortcode_id&quot;:&quot;1759389046717-a0954494-cde1-4&quot;,&quot;tag&quot;:&quot;vc_basic_grid&quot;}\" data-vc-request=\"https:\/\/maldives-paradise.com\/wp-admin\/admin-ajax.php\" data-vc-post-id=\"7838\" data-vc-public-nonce=\"4ec725b0c6\">\n\t\t\n\t<\/div>\n<\/div><\/div><\/div><\/div><\/div>\n<\/div>","protected":false},"excerpt":{"rendered":"<div class=\"mh-excerpt\"><\/div>","protected":false},"author":1,"featured_media":7839,"parent":0,"menu_order":0,"comment_status":"closed","ping_status":"closed","template":"","meta":{"footnotes":""},"class_list":["post-7838","page","type-page","status-publish","has-post-thumbnail"],"aioseo_notices":[],"_links":{"self":[{"href":"http:\/\/maldives-paradise.com\/es\/wp-json\/wp\/v2\/pages\/7838","targetHints":{"allow":["GET"]}}],"collection":[{"href":"http:\/\/maldives-paradise.com\/es\/wp-json\/wp\/v2\/pages"}],"about":[{"href":"http:\/\/maldives-paradise.com\/es\/wp-json\/wp\/v2\/types\/page"}],"author":[{"embeddable":true,"href":"http:\/\/maldives-paradise.com\/es\/wp-json\/wp\/v2\/users\/1"}],"replies":[{"embeddable":true,"href":"http:\/\/maldives-paradise.com\/es\/wp-json\/wp\/v2\/comments?post=7838"}],"version-history":[{"count":3,"href":"http:\/\/maldives-paradise.com\/es\/wp-json\/wp\/v2\/pages\/7838\/revisions"}],"predecessor-version":[{"id":42534,"href":"http:\/\/maldives-paradise.com\/es\/wp-json\/wp\/v2\/pages\/7838\/revisions\/42534"}],"wp:featuredmedia":[{"embeddable":true,"href":"http:\/\/maldives-paradise.com\/es\/wp-json\/wp\/v2\/media\/7839"}],"wp:attachment":[{"href":"http:\/\/maldives-paradise.com\/es\/wp-json\/wp\/v2\/media?parent=7838"}],"curies":[{"name":"gracias","href":"https:\/\/api.w.org\/{rel}","templated":true}]}}