{"id":6504,"date":"2023-12-16T20:43:58","date_gmt":"2023-12-16T20:43:58","guid":{"rendered":"http:\/\/maldives-paradise.com\/?page_id=6504"},"modified":"2025-02-21T07:12:22","modified_gmt":"2025-02-21T07:12:22","slug":"hoteles-de-4-estrellas-resorts-en-maldivas","status":"publish","type":"page","link":"http:\/\/maldives-paradise.com\/es\/hoteles-de-4-estrellas-resorts-en-maldivas\/","title":{"rendered":"Hoteles y Resorts de 4 estrellas en Maldivas"},"content":{"rendered":"<div class=\"wpb-content-wrapper\"><div class=\"vc_row wpb_row vc_row-fluid\"><div class=\"wpb_column vc_column_container vc_col-sm-12\"><div class=\"vc_column-inner\"><div class=\"wpb_wrapper\">\n\t<div class=\"wpb_text_column wpb_content_element\" >\n\t\t<div class=\"wpb_wrapper\">\n\t\t\t<h3>Una selecci\u00f3n de hoteles y resorts de 4 estrellas en las Maldivas<\/h3>\n<p>Elija entre una variedad de resorts de 4 estrellas en Maldivas. Disfrute de una escapada de lujo entre playas de arena y cielos despejados.<\/p>\n\n\t\t<\/div>\n\t<\/div>\n<\/div><\/div><\/div><\/div><div class=\"vc_row wpb_row vc_row-fluid\"><div class=\"wpb_column vc_column_container vc_col-sm-3\"><div class=\"vc_column-inner\"><div class=\"wpb_wrapper\">\n\t<div  class=\"wpb_single_image wpb_content_element vc_align_left wpb_content_element\">\n\t\t\n\t\t<figure class=\"wpb_wrapper vc_figure\">\n\t\t\t<a href=\"http:\/\/maldives-paradise.com\/es\/adaaran-seleccione-huduran-fushi\/\" target=\"_self\" class=\"vc_single_image-wrapper   vc_box_border_grey\"><img loading=\"lazy\" decoding=\"async\" width=\"150\" height=\"150\" src=\"https:\/\/maldives-paradise.com\/wp-content\/uploads\/2024\/01\/Adaaran-Select-Hudhuranfushi-islandii.com-1-10-1-150x150.jpg\" class=\"vc_single_image-img attachment-thumbnail\" alt=\"Adaaran Select Hudhuran Fushi\" title=\"Adaaran-Select-Hudhuranfushi-islandii.com-1-10\" \/><\/a>\n\t\t<\/figure>\n\t<\/div>\n<\/div><\/div><\/div><div class=\"wpb_column vc_column_container vc_col-sm-9\"><div class=\"vc_column-inner\"><div class=\"wpb_wrapper\">\n\t<div class=\"wpb_text_column wpb_content_element\" >\n\t\t<div class=\"wpb_wrapper\">\n\t\t\t<h4><a href=\"http:\/\/maldives-paradise.com\/es\/adaaran-seleccione-huduran-fushi\/\">Adaaran Select Hudhuran Fushi<\/a><\/h4>\n<p><strong>Adaaran Select Huduran Fushi<\/strong> es un resort de lujo por excelencia que promete una escapada inolvidable al para\u00edso. Con sus pr\u00edstinas playas de arena blanca, aguas cristalinas y servicios de primer nivel, este para\u00edso apartado ofrece una experiencia \u00fanica en la vida para los viajeros que buscan la mejor escapada tropical.<\/p>\n\n\t\t<\/div>\n\t<\/div>\n<\/div><\/div><\/div><\/div><div class=\"vc_row wpb_row vc_row-fluid\"><div class=\"wpb_column vc_column_container vc_col-sm-3\"><div class=\"vc_column-inner\"><div class=\"wpb_wrapper\">\n\t<div  class=\"wpb_single_image wpb_content_element vc_align_left wpb_content_element\">\n\t\t\n\t\t<figure class=\"wpb_wrapper vc_figure\">\n\t\t\t<a href=\"http:\/\/maldives-paradise.com\/es\/adaaran-seleccione-meedhupparu\/\" target=\"_self\" class=\"vc_single_image-wrapper   vc_box_border_grey\"><img loading=\"lazy\" decoding=\"async\" width=\"150\" height=\"150\" src=\"https:\/\/maldives-paradise.com\/wp-content\/uploads\/2024\/01\/Adaaran-Select-Meedhupparu-150x150.jpg\" class=\"vc_single_image-img attachment-thumbnail\" alt=\"Adaaran Seleccione Meedhupparu\" title=\"Adaaran-Select-Meedhupparu\" \/><\/a>\n\t\t<\/figure>\n\t<\/div>\n<\/div><\/div><\/div><div class=\"wpb_column vc_column_container vc_col-sm-9\"><div class=\"vc_column-inner\"><div class=\"wpb_wrapper\">\n\t<div class=\"wpb_text_column wpb_content_element\" >\n\t\t<div class=\"wpb_wrapper\">\n\t\t\t<h4><a href=\"http:\/\/maldives-paradise.com\/es\/adaaran-seleccione-meedhupparu\/\">Adaaran Seleccione Meedhupparu<\/a><\/h4>\n<p>Adaaran Select Meedhupparu en las Maldivas ofrece una experiencia paradis\u00edaca insuperable. Con sus lujosas habitaciones, su impresionante entorno natural, sus restaurantes de clase mundial y una amplia gama de actividades, es el destino perfecto para parejas en luna de miel, parejas y viajeros que buscan saborear el cielo en la Tierra.<\/p>\n\n\t\t<\/div>\n\t<\/div>\n<\/div><\/div><\/div><\/div><div class=\"vc_row wpb_row vc_row-fluid\"><div class=\"wpb_column vc_column_container vc_col-sm-3\"><div class=\"vc_column-inner\"><div class=\"wpb_wrapper\">\n\t<div  class=\"wpb_single_image wpb_content_element vc_align_left wpb_content_element\">\n\t\t\n\t\t<figure class=\"wpb_wrapper vc_figure\">\n\t\t\t<a href=\"http:\/\/maldives-paradise.com\/es\/balneario-y-complejo-turistico-de-la-isla-de-angaga\/\" target=\"_self\" class=\"vc_single_image-wrapper   vc_box_border_grey\"><img loading=\"lazy\" decoding=\"async\" width=\"150\" height=\"150\" src=\"https:\/\/maldives-paradise.com\/wp-content\/uploads\/2024\/01\/angaga-150x150.jpg\" class=\"vc_single_image-img attachment-thumbnail\" alt=\"Angaga Island Resort &amp; Spa\" title=\"angaga\" \/><\/a>\n\t\t<\/figure>\n\t<\/div>\n<\/div><\/div><\/div><div class=\"wpb_column vc_column_container vc_col-sm-9\"><div class=\"vc_column-inner\"><div class=\"wpb_wrapper\">\n\t<div class=\"wpb_text_column wpb_content_element\" >\n\t\t<div class=\"wpb_wrapper\">\n\t\t\t<h4><a href=\"http:\/\/maldives-paradise.com\/es\/balneario-y-complejo-turistico-de-la-isla-de-angaga\/\">Angaga Island Resort &amp; Spa<\/a><\/h4>\n<p>Angaga Island Resort &amp; Spa en las Maldivas es m\u00e1s que un simple destino de vacaciones; es una oportunidad para sumergirse en la belleza y tranquilidad de la naturaleza. Ya sea que est\u00e9 buscando aventuras en el mundo submarino, relajaci\u00f3n en playas v\u00edrgenes o una escapada rom\u00e1ntica, este complejo ecol\u00f3gico lo ofrece todo.<\/p>\n\n\t\t<\/div>\n\t<\/div>\n<\/div><\/div><\/div><\/div><div class=\"vc_row wpb_row vc_row-fluid\"><div class=\"wpb_column vc_column_container vc_col-sm-3\"><div class=\"vc_column-inner\"><div class=\"wpb_wrapper\">\n\t<div  class=\"wpb_single_image wpb_content_element vc_align_left wpb_content_element\">\n\t\t\n\t\t<figure class=\"wpb_wrapper vc_figure\">\n\t\t\t<a href=\"http:\/\/maldives-paradise.com\/es\/bandos-maldivas\/\" target=\"_self\" class=\"vc_single_image-wrapper   vc_box_border_grey\"><\/a>\n\t\t<\/figure>\n\t<\/div>\n<\/div><\/div><\/div><div class=\"wpb_column vc_column_container vc_col-sm-9\"><div class=\"vc_column-inner\"><div class=\"wpb_wrapper\">\n\t<div class=\"wpb_text_column wpb_content_element\" >\n\t\t<div class=\"wpb_wrapper\">\n\t\t\t<h4><a href=\"http:\/\/maldives-paradise.com\/es\/bandos-maldivas\/\">Bandos Maldivas<\/a><\/h4>\n<p>Ya sea que est\u00e9 buscando aventuras en el mundo submarino, relajaci\u00f3n en playas v\u00edrgenes o una escapada rom\u00e1ntica, este resort lo ofrece todo. Con su c\u00e1lida hospitalidad y compromiso con la sostenibilidad, Bandos Maldives Resort lo invita a experimentar el para\u00edso como nunca antes.<\/p>\n\n\t\t<\/div>\n\t<\/div>\n<\/div><\/div><\/div><\/div><div class=\"vc_row wpb_row vc_row-fluid\"><div class=\"wpb_column vc_column_container vc_col-sm-3\"><div class=\"vc_column-inner\"><div class=\"wpb_wrapper\">\n\t<div  class=\"wpb_single_image wpb_content_element vc_align_left wpb_content_element\">\n\t\t\n\t\t<figure class=\"wpb_wrapper vc_figure\">\n\t\t\t<a href=\"http:\/\/maldives-paradise.com\/es\/el-eco-hotel-descalzo\/\" target=\"_self\" class=\"vc_single_image-wrapper   vc_box_border_grey\"><img loading=\"lazy\" decoding=\"async\" width=\"150\" height=\"150\" src=\"https:\/\/maldives-paradise.com\/wp-content\/uploads\/2024\/01\/the-barefoot-eco-hotel-150x150.jpg\" class=\"vc_single_image-img attachment-thumbnail\" alt=\"El Eco Hotel Descalzo\" title=\"el-eco-hotel-descalzo\" \/><\/a>\n\t\t<\/figure>\n\t<\/div>\n<\/div><\/div><\/div><div class=\"wpb_column vc_column_container vc_col-sm-9\"><div class=\"vc_column-inner\"><div class=\"wpb_wrapper\">\n\t<div class=\"wpb_text_column wpb_content_element\" >\n\t\t<div class=\"wpb_wrapper\">\n\t\t\t<h4><a href=\"http:\/\/maldives-paradise.com\/es\/el-eco-hotel-descalzo\/\">El Eco Hotel Descalzo<\/a><\/h4>\n<p>El Barefoot Eco Hotel en las Maldivas invita a los viajeros a abrazar la naturaleza mientras cuidan el medio ambiente. Con sus alojamientos ecol\u00f3gicos, opciones gastron\u00f3micas sostenibles y una amplia gama de aventuras naturales, es un destino que le permite disfrutar de la belleza de las Maldivas y al mismo tiempo contribuir a su preservaci\u00f3n.<\/p>\n\n\t\t<\/div>\n\t<\/div>\n<\/div><\/div><\/div><\/div><div class=\"vc_row wpb_row vc_row-fluid\"><div class=\"wpb_column vc_column_container vc_col-sm-3\"><div class=\"vc_column-inner\"><div class=\"wpb_wrapper\">\n\t<div  class=\"wpb_single_image wpb_content_element vc_align_left wpb_content_element\">\n\t\t\n\t\t<figure class=\"wpb_wrapper vc_figure\">\n\t\t\t<a href=\"http:\/\/maldives-paradise.com\/es\/canareef-resort-maldivas\/\" target=\"_self\" class=\"vc_single_image-wrapper   vc_box_border_grey\"><img loading=\"lazy\" decoding=\"async\" width=\"150\" height=\"150\" src=\"https:\/\/maldives-paradise.com\/wp-content\/uploads\/2024\/01\/canareef-resort-maldives-150x150.jpg\" class=\"vc_single_image-img attachment-thumbnail\" alt=\"Canareef Resort Maldives es un resort isle\u00f1o de lujo\" title=\"canareef-resort-maldivas\" \/><\/a>\n\t\t<\/figure>\n\t<\/div>\n<\/div><\/div><\/div><div class=\"wpb_column vc_column_container vc_col-sm-9\"><div class=\"vc_column-inner\"><div class=\"wpb_wrapper\">\n\t<div class=\"wpb_text_column wpb_content_element\" >\n\t\t<div class=\"wpb_wrapper\">\n\t\t\t<h4><a href=\"http:\/\/maldives-paradise.com\/es\/canareef-resort-maldivas\/\">Canareef Resort Maldivas<\/a><\/h4>\n<p>Canareef Resort Maldives es m\u00e1s que un simple destino; es una experiencia inolvidable que captura la esencia del para\u00edso tropical. Ya sea que est\u00e9 buscando romance, aventura o simplemente un retiro tranquilo, este resort tiene algo para todos. Con su impresionante belleza natural, alojamiento de lujo y una gran cantidad de actividades, Canareef Resort Maldives es la elecci\u00f3n perfecta para las pr\u00f3ximas vacaciones de sus sue\u00f1os en las Maldivas.<\/p>\n\n\t\t<\/div>\n\t<\/div>\n<\/div><\/div><\/div><\/div><div class=\"vc_row wpb_row vc_row-fluid\"><div class=\"wpb_column vc_column_container vc_col-sm-3\"><div class=\"vc_column-inner\"><div class=\"wpb_wrapper\">\n\t<div  class=\"wpb_single_image wpb_content_element vc_align_left wpb_content_element\">\n\t\t\n\t\t<figure class=\"wpb_wrapper vc_figure\">\n\t\t\t<a href=\"http:\/\/maldives-paradise.com\/es\/spa-del-complejo-turistico-centara-ras-fushi\/\" target=\"_self\" class=\"vc_single_image-wrapper   vc_box_border_grey\"><img loading=\"lazy\" decoding=\"async\" width=\"150\" height=\"150\" src=\"https:\/\/maldives-paradise.com\/wp-content\/uploads\/2024\/01\/centara-ras-fushi-150x150.jpg\" class=\"vc_single_image-img attachment-thumbnail\" alt=\"Centara Ras Fushi Resort &amp; Spa\" title=\"centara-ras-fushi\" \/><\/a>\n\t\t<\/figure>\n\t<\/div>\n<\/div><\/div><\/div><div class=\"wpb_column vc_column_container vc_col-sm-9\"><div class=\"vc_column-inner\"><div class=\"wpb_wrapper\">\n\t<div class=\"wpb_text_column wpb_content_element\" >\n\t\t<div class=\"wpb_wrapper\">\n\t\t\t<h4><a href=\"http:\/\/maldives-paradise.com\/es\/spa-del-complejo-turistico-centara-ras-fushi\/\">Centara Ras Fushi Resort &amp; Spa<\/a><\/h4>\n<p>Ya sea que est\u00e9 buscando aventuras bajo las olas, relajaci\u00f3n en playas v\u00edrgenes o una escapada rom\u00e1ntica, este resort lo ofrece todo. Con su c\u00e1lida hospitalidad y su impresionante belleza natural, Centara Ras Fushi Resort &amp; Spa lo invita a embarcarse en un viaje de indulgencia y descubrimiento.<\/p>\n\n\t\t<\/div>\n\t<\/div>\n<\/div><\/div><\/div><\/div><div class=\"vc_row wpb_row vc_row-fluid\"><div class=\"wpb_column vc_column_container vc_col-sm-3\"><div class=\"vc_column-inner\"><div class=\"wpb_wrapper\">\n\t<div  class=\"wpb_single_image wpb_content_element vc_align_left wpb_content_element\">\n\t\t\n\t\t<figure class=\"wpb_wrapper vc_figure\">\n\t\t\t<a href=\"http:\/\/maldives-paradise.com\/es\/canela-dhonveli-maldivas\/\" target=\"_self\" class=\"vc_single_image-wrapper   vc_box_border_grey\"><img loading=\"lazy\" decoding=\"async\" width=\"150\" height=\"150\" src=\"https:\/\/maldives-paradise.com\/wp-content\/uploads\/2024\/01\/cinnamon_dhonveli_maldives_5-150x150.jpg\" class=\"vc_single_image-img attachment-thumbnail\" alt=\"Cinnamon Dhonveli Maldives: su puerta de entrada al lujo tropical\" title=\"canela_dhonveli_maldivas_5\" \/><\/a>\n\t\t<\/figure>\n\t<\/div>\n<\/div><\/div><\/div><div class=\"wpb_column vc_column_container vc_col-sm-9\"><div class=\"vc_column-inner\"><div class=\"wpb_wrapper\">\n\t<div class=\"wpb_text_column wpb_content_element\" >\n\t\t<div class=\"wpb_wrapper\">\n\t\t\t<h4><a href=\"http:\/\/maldives-paradise.com\/es\/canela-dhonveli-maldivas\/\">Canela Dhonveli Maldivas<\/a><\/h4>\n<p>Cinnamon Dhonveli Maldives es un resort de primer nivel que personifica el escape tropical definitivo. Ubicado en la impresionante isla de Dhonveli, este complejo ofrece a los viajeros una exquisita combinaci\u00f3n de belleza natural, aventuras acu\u00e1ticas y lujosas comodidades, lo que lo convierte en un destino de ensue\u00f1o para quienes buscan el para\u00edso en la Tierra.<\/p>\n\n\t\t<\/div>\n\t<\/div>\n<\/div><\/div><\/div><\/div><div class=\"vc_row wpb_row vc_row-fluid\"><div class=\"wpb_column vc_column_container vc_col-sm-3\"><div class=\"vc_column-inner\"><div class=\"wpb_wrapper\">\n\t<div  class=\"wpb_single_image wpb_content_element vc_align_left wpb_content_element\">\n\t\t\n\t\t<figure class=\"wpb_wrapper vc_figure\">\n\t\t\t<a href=\"http:\/\/maldives-paradise.com\/es\/canela-hakuraa-huraa-maldivas\/\" target=\"_self\" class=\"vc_single_image-wrapper   vc_box_border_grey\"><img loading=\"lazy\" decoding=\"async\" width=\"150\" height=\"150\" src=\"https:\/\/maldives-paradise.com\/wp-content\/uploads\/2024\/01\/cinnamon-hakuraa-150x150.jpg\" class=\"vc_single_image-img attachment-thumbnail\" alt=\"Canela Hakuraa Huraa Maldivas\" title=\"canela-hakuraa\" \/><\/a>\n\t\t<\/figure>\n\t<\/div>\n<\/div><\/div><\/div><div class=\"wpb_column vc_column_container vc_col-sm-9\"><div class=\"vc_column-inner\"><div class=\"wpb_wrapper\">\n\t<div class=\"wpb_text_column wpb_content_element\" >\n\t\t<div class=\"wpb_wrapper\">\n\t\t\t<h4><a href=\"http:\/\/maldives-paradise.com\/es\/canela-hakuraa-huraa-maldivas\/\">Canela Hakuraa Huraa Maldivas<\/a><\/h4>\n<p>Cinnamon Hakuraa Huraa Maldives es m\u00e1s que un simple destino de vacaciones; es un portal al lujo y la belleza natural. Ya sea que est\u00e9 buscando aventuras bajo las olas, relajaci\u00f3n en playas v\u00edrgenes o una escapada rom\u00e1ntica, este resort lo ofrece todo. Con su c\u00e1lida hospitalidad y un entorno impresionante, Cinnamon Hakuraa Huraa Maldives lo invita a crear recuerdos duraderos en este para\u00edso cautivador.<\/p>\n\n\t\t<\/div>\n\t<\/div>\n<\/div><\/div><\/div><\/div><div class=\"vc_row wpb_row vc_row-fluid\"><div class=\"wpb_column vc_column_container vc_col-sm-3\"><div class=\"vc_column-inner\"><div class=\"wpb_wrapper\">\n\t<div  class=\"wpb_single_image wpb_content_element vc_align_left wpb_content_element\">\n\t\t\n\t\t<figure class=\"wpb_wrapper vc_figure\">\n\t\t\t<a href=\"http:\/\/maldives-paradise.com\/es\/complejo-turistico-de-la-isla-eriyadu\/\" target=\"_self\" class=\"vc_single_image-wrapper   vc_box_border_grey\"><img loading=\"lazy\" decoding=\"async\" width=\"150\" height=\"150\" src=\"https:\/\/maldives-paradise.com\/wp-content\/uploads\/2024\/01\/eriyadu4-150x150.jpeg\" class=\"vc_single_image-img attachment-thumbnail\" alt=\"Complejo tur\u00edstico en la isla de Eriyadu\" title=\"eriyadu4\" \/><\/a>\n\t\t<\/figure>\n\t<\/div>\n<\/div><\/div><\/div><div class=\"wpb_column vc_column_container vc_col-sm-9\"><div class=\"vc_column-inner\"><div class=\"wpb_wrapper\">\n\t<div class=\"wpb_text_column wpb_content_element\" >\n\t\t<div class=\"wpb_wrapper\">\n\t\t\t<h4><a href=\"http:\/\/maldives-paradise.com\/es\/complejo-turistico-de-la-isla-eriyadu\/\">Complejo tur\u00edstico en la isla de Eriyadu<\/a><\/h4>\n<p>Experimente la magia de las Maldivas en Eriyadu Island Resort, donde la naturaleza y el confort se combinan para crear un retiro incomparable. Haga realidad sus sue\u00f1os de una escapada a las Maldivas y sum\u00e9rjase en la extraordinaria belleza que le rodea.<\/p>\n\n\t\t<\/div>\n\t<\/div>\n<\/div><\/div><\/div><\/div><div class=\"vc_row wpb_row vc_row-fluid\"><div class=\"wpb_column vc_column_container vc_col-sm-3\"><div class=\"vc_column-inner\"><div class=\"wpb_wrapper\">\n\t<div  class=\"wpb_single_image wpb_content_element vc_align_left wpb_content_element\">\n\t\t\n\t\t<figure class=\"wpb_wrapper vc_figure\">\n\t\t\t<a href=\"http:\/\/maldives-paradise.com\/es\/retiro-a-la-deriva-thelu-veliga\/\" target=\"_self\" class=\"vc_single_image-wrapper   vc_box_border_grey\"><img loading=\"lazy\" decoding=\"async\" width=\"150\" height=\"150\" src=\"https:\/\/maldives-paradise.com\/wp-content\/uploads\/2024\/01\/drift-retreat-150x150.jpg\" class=\"vc_single_image-img attachment-thumbnail\" alt=\"Retiro a la deriva Thelu Veliga\" title=\"retiro a la deriva\" \/><\/a>\n\t\t<\/figure>\n\t<\/div>\n<\/div><\/div><\/div><div class=\"wpb_column vc_column_container vc_col-sm-9\"><div class=\"vc_column-inner\"><div class=\"wpb_wrapper\">\n\t<div class=\"wpb_text_column wpb_content_element\" >\n\t\t<div class=\"wpb_wrapper\">\n\t\t\t<h4><a href=\"http:\/\/maldives-paradise.com\/es\/retiro-a-la-deriva-thelu-veliga\/\">Retiro a la deriva Thelu Veliga<\/a><\/h4>\n<p>Ya sea que busque aventuras bajo las olas, relajaci\u00f3n en playas v\u00edrgenes o una escapada rom\u00e1ntica, este retiro ecol\u00f3gico lo ofrece todo. Con una c\u00e1lida hospitalidad y un compromiso con la preservaci\u00f3n del medio ambiente, Drift Thelu Veliga Retreat lo invita a crear recuerdos duraderos en este para\u00edso virgen.<\/p>\n\n\t\t<\/div>\n\t<\/div>\n<\/div><\/div><\/div><\/div><div class=\"vc_row wpb_row vc_row-fluid\"><div class=\"wpb_column vc_column_container vc_col-sm-3\"><div class=\"vc_column-inner\"><div class=\"wpb_wrapper\">\n\t<div  class=\"wpb_single_image wpb_content_element vc_align_left wpb_content_element\">\n\t\t\n\t\t<figure class=\"wpb_wrapper vc_figure\">\n\t\t\t<a href=\"http:\/\/maldives-paradise.com\/es\/complejo-turistico-en-la-isla-de-filitheyo\/\" target=\"_self\" class=\"vc_single_image-wrapper   vc_box_border_grey\"><img loading=\"lazy\" decoding=\"async\" width=\"150\" height=\"150\" src=\"https:\/\/maldives-paradise.com\/wp-content\/uploads\/2024\/01\/filitheyo-island-resort-150x150.jpg\" class=\"vc_single_image-img attachment-thumbnail\" alt=\"Complejo tur\u00edstico en la isla de Filitheyo\" title=\"filitheyo-island-resort\" \/><\/a>\n\t\t<\/figure>\n\t<\/div>\n<\/div><\/div><\/div><div class=\"wpb_column vc_column_container vc_col-sm-9\"><div class=\"vc_column-inner\"><div class=\"wpb_wrapper\">\n\t<div class=\"wpb_text_column wpb_content_element\" >\n\t\t<div class=\"wpb_wrapper\">\n\t\t\t<h4><a href=\"http:\/\/maldives-paradise.com\/es\/complejo-turistico-en-la-isla-de-filitheyo\/\">Complejo tur\u00edstico en la isla de Filitheyo<\/a><\/h4>\n<p>Filitheyo Island Resort Maldives no es s\u00f3lo un destino de vacaciones; es un para\u00edso esperando ser explorado. Ya sea que est\u00e9 buscando aventuras bajo las olas, relajaci\u00f3n en playas v\u00edrgenes o una escapada rom\u00e1ntica, este resort lo ofrece todo.<br \/>\nEl resort est\u00e1 comprometido con el turismo sustentable, participando activamente en proyectos de restauraci\u00f3n de corales y esfuerzos de conservaci\u00f3n ambiental. Participar en sus iniciativas ecol\u00f3gicas para contribuir a la preservaci\u00f3n del ecosistema marino.<\/p>\n\n\t\t<\/div>\n\t<\/div>\n<\/div><\/div><\/div><\/div><div class=\"vc_row wpb_row vc_row-fluid\"><div class=\"wpb_column vc_column_container vc_col-sm-12\"><div class=\"vc_column-inner\"><div class=\"wpb_wrapper\">\n\t<div class=\"wpb_text_column wpb_content_element\" >\n\t\t<div class=\"wpb_wrapper\">\n\t\t\t<h3>Hoteles y Resorts de 4 estrellas en Maldivas\u00a0\u00a0 <a href=\"http:\/\/maldives-paradise.com\/es\/hoteles-de-4-estrellas-resorts-en-maldivas-2\/\">P\u00e1gina 2<\/a>\u00a0\u00a0 <a href=\"http:\/\/maldives-paradise.com\/es\/hoteles-de-4-estrellas-resorts-en-maldivas-3\/\">P\u00e1gina 3<\/a>\u00a0\u00a0 <a href=\"http:\/\/maldives-paradise.com\/es\/hoteles-de-4-estrellas-resorts-en-maldivas-4\/\">P\u00e1gina 4<\/a><\/h3>\n\n\t\t<\/div>\n\t<\/div>\n<\/div><\/div><\/div><\/div>\n<\/div>","protected":false},"excerpt":{"rendered":"<div class=\"mh-excerpt\"><\/div>","protected":false},"author":1,"featured_media":9814,"parent":0,"menu_order":0,"comment_status":"closed","ping_status":"closed","template":"","meta":{"footnotes":""},"class_list":["post-6504","page","type-page","status-publish","has-post-thumbnail"],"aioseo_notices":[],"_links":{"self":[{"href":"http:\/\/maldives-paradise.com\/es\/wp-json\/wp\/v2\/pages\/6504","targetHints":{"allow":["GET"]}}],"collection":[{"href":"http:\/\/maldives-paradise.com\/es\/wp-json\/wp\/v2\/pages"}],"about":[{"href":"http:\/\/maldives-paradise.com\/es\/wp-json\/wp\/v2\/types\/page"}],"author":[{"embeddable":true,"href":"http:\/\/maldives-paradise.com\/es\/wp-json\/wp\/v2\/users\/1"}],"replies":[{"embeddable":true,"href":"http:\/\/maldives-paradise.com\/es\/wp-json\/wp\/v2\/comments?post=6504"}],"version-history":[{"count":6,"href":"http:\/\/maldives-paradise.com\/es\/wp-json\/wp\/v2\/pages\/6504\/revisions"}],"predecessor-version":[{"id":19349,"href":"http:\/\/maldives-paradise.com\/es\/wp-json\/wp\/v2\/pages\/6504\/revisions\/19349"}],"wp:featuredmedia":[{"embeddable":true,"href":"http:\/\/maldives-paradise.com\/es\/wp-json\/wp\/v2\/media\/9814"}],"wp:attachment":[{"href":"http:\/\/maldives-paradise.com\/es\/wp-json\/wp\/v2\/media?parent=6504"}],"curies":[{"name":"gracias","href":"https:\/\/api.w.org\/{rel}","templated":true}]}}