{"id":19548,"date":"2024-07-20T09:28:05","date_gmt":"2024-07-20T09:28:05","guid":{"rendered":"http:\/\/maldives-paradise.com\/?page_id=19548"},"modified":"2025-11-26T09:24:35","modified_gmt":"2025-11-26T09:24:35","slug":"los-12-mejores-resorts-de-buceo-en-las-maldivas","status":"publish","type":"page","link":"http:\/\/maldives-paradise.com\/es\/los-12-mejores-resorts-de-buceo-en-las-maldivas\/","title":{"rendered":"Los mejores resorts de buceo en las Maldivas"},"content":{"rendered":"<div class=\"wpb-content-wrapper\"><div class=\"vc_row wpb_row vc_row-fluid\"><div class=\"wpb_column vc_column_container vc_col-sm-12\"><div class=\"vc_column-inner\"><div class=\"wpb_wrapper\">\n\t<div class=\"wpb_text_column wpb_content_element\" >\n\t\t<div class=\"wpb_wrapper\">\n\t\t\t<h4>Explorando los mejores resorts de buceo en las Maldivas<\/h4>\n<p>Las Maldivas, con sus aguas cristalinas, vibrantes arrecifes de coral y abundante vida marina, son un para\u00edso para los buceadores. Hogar de algunos de los resorts de buceo m\u00e1s lujosos del mundo, las Maldivas ofrecen experiencias de buceo inigualables. Aqu\u00ed, exploramos algunos de los mejores resorts de buceo de las Maldivas, cada uno con servicios \u00fanicos, impresionantes aventuras submarinas y alojamiento de lujo.<\/p>\n\n\t\t<\/div>\n\t<\/div>\n<\/div><\/div><\/div><\/div><div class=\"vc_row wpb_row vc_row-fluid\"><div class=\"wpb_column vc_column_container vc_col-sm-3\"><div class=\"vc_column-inner\"><div class=\"wpb_wrapper\">\n\t<div  class=\"wpb_single_image wpb_content_element vc_align_left wpb_content_element\">\n\t\t\n\t\t<figure class=\"wpb_wrapper vc_figure\">\n\t\t\t<div class=\"vc_single_image-wrapper   vc_box_border_grey\"><img loading=\"lazy\" decoding=\"async\" width=\"150\" height=\"150\" src=\"https:\/\/maldives-paradise.com\/wp-content\/uploads\/2024\/07\/vilamendhoo-150x150.jpg\" class=\"vc_single_image-img attachment-thumbnail\" alt=\"Complejo tur\u00edstico en la isla de Vilamendhoo\" title=\"vilamendhoo\" \/><\/div>\n\t\t<\/figure>\n\t<\/div>\n<\/div><\/div><\/div><div class=\"wpb_column vc_column_container vc_col-sm-9\"><div class=\"vc_column-inner\"><div class=\"wpb_wrapper\">\n\t<div class=\"wpb_text_column wpb_content_element\" >\n\t\t<div class=\"wpb_wrapper\">\n\t\t\t<h4><a href=\"https:\/\/lamp.glopss.com\/SHUi\" target=\"_blank\" rel=\"nofollow noopener\">Complejo tur\u00edstico en la isla de Vilamendhoo<\/a><\/h4>\n<p>Situado en el atol\u00f3n Ari Sur, el Vilamendhoo Island Resort es famoso por su proximidad a algunos de los mejores puntos de buceo de las Maldivas. El complejo cuenta con villas sobre el agua y con jard\u00edn, gastronom\u00eda de primer nivel y una amplia gama de deportes acu\u00e1ticos. Los buceadores pueden explorar vibrantes arrecifes de coral, observar mantarrayas e incluso avistar tiburones ballena.<\/p>\n\n\t\t<\/div>\n\t<\/div>\n<\/div><\/div><\/div><\/div><div class=\"vc_row wpb_row vc_row-fluid\"><div class=\"wpb_column vc_column_container vc_col-sm-3\"><div class=\"vc_column-inner\"><div class=\"wpb_wrapper\">\n\t<div  class=\"wpb_single_image wpb_content_element vc_align_left wpb_content_element\">\n\t\t\n\t\t<figure class=\"wpb_wrapper vc_figure\">\n\t\t\t<div class=\"vc_single_image-wrapper   vc_box_border_grey\"><img loading=\"lazy\" decoding=\"async\" width=\"150\" height=\"150\" src=\"https:\/\/maldives-paradise.com\/wp-content\/uploads\/2024\/07\/Kuredu-house-reef-2-150x150.jpg\" class=\"vc_single_image-img attachment-thumbnail\" alt=\"Arrecife de la casa Kuredu Island Resort &amp; Spa\" title=\"Casa Kuredu en el arrecife 2\" \/><\/div>\n\t\t<\/figure>\n\t<\/div>\n<\/div><\/div><\/div><div class=\"wpb_column vc_column_container vc_col-sm-9\"><div class=\"vc_column-inner\"><div class=\"wpb_wrapper\">\n\t<div class=\"wpb_text_column wpb_content_element\" >\n\t\t<div class=\"wpb_wrapper\">\n\t\t\t<h4><a href=\"https:\/\/lamp.glopss.com\/SHUf\" target=\"_blank\" rel=\"nofollow noopener\">Kuredu Resort &amp; Spa<\/a><\/h4>\n<p>Situado en el atol\u00f3n de Lhaviyani, el Kuredu Resort &amp; Spa ofrece una amplia variedad de experiencias de buceo. Con su propio centro Prodivers, los hu\u00e9spedes pueden disfrutar de inmersiones guiadas, cursos y alquiler de equipos. El resort es ideal tanto para principiantes como para buceadores experimentados, ya que ofrece acceso a m\u00e1s de 60 puntos de buceo, incluidas las famosas cuevas de Kuredu.<\/p>\n\n\t\t<\/div>\n\t<\/div>\n<\/div><\/div><\/div><\/div><div class=\"vc_row wpb_row vc_row-fluid\"><div class=\"wpb_column vc_column_container vc_col-sm-3\"><div class=\"vc_column-inner\"><div class=\"wpb_wrapper\">\n\t<div  class=\"wpb_single_image wpb_content_element vc_align_left wpb_content_element\">\n\t\t\n\t\t<figure class=\"wpb_wrapper vc_figure\">\n\t\t\t<div class=\"vc_single_image-wrapper   vc_box_border_grey\"><img loading=\"lazy\" decoding=\"async\" width=\"150\" height=\"150\" src=\"https:\/\/maldives-paradise.com\/wp-content\/uploads\/2024\/07\/komandoo-150x150.jpg\" class=\"vc_single_image-img attachment-thumbnail\" alt=\"Complejo tur\u00edstico Komandoo Maldives\" title=\"komandoo\" \/><\/div>\n\t\t<\/figure>\n\t<\/div>\n<\/div><\/div><\/div><div class=\"wpb_column vc_column_container vc_col-sm-9\"><div class=\"vc_column-inner\"><div class=\"wpb_wrapper\">\n\t<div class=\"wpb_text_column wpb_content_element\" >\n\t\t<div class=\"wpb_wrapper\">\n\t\t\t<h4><a href=\"https:\/\/hotellook.tp.st\/m18hEKIZ\" target=\"_blank\" rel=\"nofollow noopener\">Komandoo Maldivas Resort<\/a><\/h4>\n<p>Komandoo Maldives Resort, un exclusivo resort todo incluido en el atol\u00f3n de Lhaviyani, ofrece un entorno tranquilo e \u00edntimo para los amantes del buceo. Su arrecife rebosa de vida marina y su centro de buceo ofrece un servicio personalizado y asesoramiento experto. Komandoo es ideal para parejas que buscan una escapada rom\u00e1ntica combinada con emocionantes aventuras submarinas.<\/p>\n\n\t\t<\/div>\n\t<\/div>\n<\/div><\/div><\/div><\/div><div class=\"vc_row wpb_row vc_row-fluid\"><div class=\"wpb_column vc_column_container vc_col-sm-3\"><div class=\"vc_column-inner\"><div class=\"wpb_wrapper\">\n\t<div  class=\"wpb_single_image wpb_content_element vc_align_left wpb_content_element\">\n\t\t\n\t\t<figure class=\"wpb_wrapper vc_figure\">\n\t\t\t<div class=\"vc_single_image-wrapper   vc_box_border_grey\"><img loading=\"lazy\" decoding=\"async\" width=\"150\" height=\"150\" src=\"https:\/\/maldives-paradise.com\/wp-content\/uploads\/2024\/01\/soneva-fushi2-150x150.jpg\" class=\"vc_single_image-img attachment-thumbnail\" alt=\"Soneva Fushi\" title=\"soneva-fushi2\" \/><\/div>\n\t\t<\/figure>\n\t<\/div>\n<\/div><\/div><\/div><div class=\"wpb_column vc_column_container vc_col-sm-9\"><div class=\"vc_column-inner\"><div class=\"wpb_wrapper\">\n\t<div class=\"wpb_text_column wpb_content_element\" >\n\t\t<div class=\"wpb_wrapper\">\n\t\t\t<h4><a href=\"https:\/\/trip.tpo.lv\/s4Vbr1lj\" target=\"_blank\" rel=\"nofollow noopener\">Soneva Fushi<\/a><\/h4>\n<p>Soneva Fushi, situado en el atol\u00f3n de Baa, es un lujoso eco-resort que ofrece una experiencia de buceo exclusiva. Su centro de buceo, Soleni Dive Centre, atiende a buceadores de todos los niveles, con programas de buceo personalizados y excursiones a la Reserva de la Biosfera de la UNESCO. Los hu\u00e9spedes pueden explorar impresionantes jardines de coral, estaciones de limpieza de mantarrayas y una rica biodiversidad marina.<\/p>\n\n\t\t<\/div>\n\t<\/div>\n<\/div><\/div><\/div><\/div><div class=\"vc_row wpb_row vc_row-fluid\"><div class=\"wpb_column vc_column_container vc_col-sm-3\"><div class=\"vc_column-inner\"><div class=\"wpb_wrapper\">\n\t<div  class=\"wpb_single_image wpb_content_element vc_align_left wpb_content_element\">\n\t\t\n\t\t<figure class=\"wpb_wrapper vc_figure\">\n\t\t\t<div class=\"vc_single_image-wrapper   vc_box_border_grey\"><img loading=\"lazy\" decoding=\"async\" width=\"150\" height=\"150\" src=\"https:\/\/maldives-paradise.com\/wp-content\/uploads\/2024\/07\/mirihi-project-hope-coral-reef-150x150.jpg\" class=\"vc_single_image-img attachment-thumbnail\" alt=\"Arrecife de la casa de Mirihi Island Resort\" title=\"Proyecto Mirihi: Esperanza, arrecife de coral\" \/><\/div>\n\t\t<\/figure>\n\t<\/div>\n<\/div><\/div><\/div><div class=\"wpb_column vc_column_container vc_col-sm-9\"><div class=\"vc_column-inner\"><div class=\"wpb_wrapper\">\n\t<div class=\"wpb_text_column wpb_content_element\" >\n\t\t<div class=\"wpb_wrapper\">\n\t\t\t<h4><a href=\"https:\/\/trip.tpo.lv\/eo4xHL7L\" target=\"_blank\" rel=\"nofollow noopener\">Complejo tur\u00edstico en la isla Mirihi<\/a><\/h4>\n<p>Un tesoro escondido en el atol\u00f3n Ari Sur, el Mirihi Island Resort es famoso por su arrecife pr\u00edstino y sus lujosas habitaciones. El resort ofrece una variedad de paquetes y cursos de buceo, que permiten a los hu\u00e9spedes explorar los puntos de inmersi\u00f3n cercanos, famosos por sus tiburones ballena, mantarrayas y vibrantes arrecifes de coral. Mirihi ofrece la combinaci\u00f3n perfecta de relajaci\u00f3n y aventura.<\/p>\n\n\t\t<\/div>\n\t<\/div>\n<\/div><\/div><\/div><\/div><div class=\"vc_row wpb_row vc_row-fluid\"><div class=\"wpb_column vc_column_container vc_col-sm-3\"><div class=\"vc_column-inner\"><div class=\"wpb_wrapper\">\n\t<div  class=\"wpb_single_image wpb_content_element vc_align_left wpb_content_element\">\n\t\t\n\t\t<figure class=\"wpb_wrapper vc_figure\">\n\t\t\t<div class=\"vc_single_image-wrapper   vc_box_border_grey\"><img loading=\"lazy\" decoding=\"async\" width=\"150\" height=\"150\" src=\"https:\/\/maldives-paradise.com\/wp-content\/uploads\/2024\/07\/oblu-nature-helengeli-coral-reef-150x150.jpg\" class=\"vc_single_image-img attachment-thumbnail\" alt=\"Arrecife de la casa Oblu Nature Helengeli\" title=\"oblu-naturaleza-helengeli-arrecife-de-coral\" \/><\/div>\n\t\t<\/figure>\n\t<\/div>\n<\/div><\/div><\/div><div class=\"wpb_column vc_column_container vc_col-sm-9\"><div class=\"vc_column-inner\"><div class=\"wpb_wrapper\">\n\t<div class=\"wpb_text_column wpb_content_element\" >\n\t\t<div class=\"wpb_wrapper\">\n\t\t\t<h4><a href=\"https:\/\/trip.tpo.lv\/WIqOrYJZ\" target=\"_blank\" rel=\"nofollow noopener\">Oblu Naturaleza Helengeli<\/a><\/h4>\n<p>Situado en el atol\u00f3n de Mal\u00e9 Norte, Oblu Nature Helengeli es un para\u00edso para los buceadores, con su propio centro de buceo certificado por PADI. Su ubicaci\u00f3n privilegiada ofrece acceso a m\u00e1s de 30 puntos de inmersi\u00f3n, incluyendo coloridos arrecifes de coral, cuevas y canales rebosantes de vida marina. Oblu Nature Helengeli tambi\u00e9n es conocido por su vibrante arrecife y su abundante poblaci\u00f3n de peces.<\/p>\n\n\t\t<\/div>\n\t<\/div>\n<\/div><\/div><\/div><\/div><div class=\"vc_row wpb_row vc_row-fluid\"><div class=\"wpb_column vc_column_container vc_col-sm-3\"><div class=\"vc_column-inner\"><div class=\"wpb_wrapper\">\n\t<div  class=\"wpb_single_image wpb_content_element vc_align_left wpb_content_element\">\n\t\t\n\t\t<figure class=\"wpb_wrapper vc_figure\">\n\t\t\t<div class=\"vc_single_image-wrapper   vc_box_border_grey\"><img loading=\"lazy\" decoding=\"async\" width=\"150\" height=\"150\" src=\"https:\/\/maldives-paradise.com\/wp-content\/uploads\/2024\/07\/Filitheyo_Diving1-150x150.jpg\" class=\"vc_single_image-img attachment-thumbnail\" alt=\"Complejo tur\u00edstico en la isla de Filitheyo\" title=\"Filitheyo_Diving1\" \/><\/div>\n\t\t<\/figure>\n\t<\/div>\n<\/div><\/div><\/div><div class=\"wpb_column vc_column_container vc_col-sm-9\"><div class=\"vc_column-inner\"><div class=\"wpb_wrapper\">\n\t<div class=\"wpb_text_column wpb_content_element\" >\n\t\t<div class=\"wpb_wrapper\">\n\t\t\t<h4><a href=\"https:\/\/trip.tpo.lv\/7UgokmDV\" target=\"_blank\" rel=\"nofollow noopener\">Complejo tur\u00edstico en la isla de Filitheyo<\/a><\/h4>\n<p>El Filitheyo Island Resort, en el atol\u00f3n de Faafu, es un para\u00edso para los buceadores que desean explorar arrecifes v\u00edrgenes y una abundante vida marina. El centro de buceo del resort, Werner Lau Dive Center, ofrece una amplia gama de opciones, desde inmersiones en el arrecife cercano hasta excursiones a puntos de buceo en las cercan\u00edas. Su ubicaci\u00f3n remota garantiza una experiencia de buceo tranquila y exclusiva.<\/p>\n\n\t\t<\/div>\n\t<\/div>\n<\/div><\/div><\/div><\/div><div class=\"vc_row wpb_row vc_row-fluid\"><div class=\"wpb_column vc_column_container vc_col-sm-3\"><div class=\"vc_column-inner\"><div class=\"wpb_wrapper\">\n\t<div  class=\"wpb_single_image wpb_content_element vc_align_left wpb_content_element\">\n\t\t\n\t\t<figure class=\"wpb_wrapper vc_figure\">\n\t\t\t<div class=\"vc_single_image-wrapper   vc_box_border_grey\"><img loading=\"lazy\" decoding=\"async\" width=\"150\" height=\"150\" src=\"https:\/\/maldives-paradise.com\/wp-content\/uploads\/2024\/07\/six-senses-laamu-150x150.jpg\" class=\"vc_single_image-img attachment-thumbnail\" alt=\"Laamu de los Seis Sentidos\" title=\"seis sentidos-laamu\" \/><\/div>\n\t\t<\/figure>\n\t<\/div>\n<\/div><\/div><\/div><div class=\"wpb_column vc_column_container vc_col-sm-9\"><div class=\"vc_column-inner\"><div class=\"wpb_wrapper\">\n\t<div class=\"wpb_text_column wpb_content_element\" >\n\t\t<div class=\"wpb_wrapper\">\n\t\t\t<h4><a href=\"https:\/\/trip.tpo.lv\/ok4LiuYE\" target=\"_blank\" rel=\"nofollow noopener\">Laamu de los Seis Sentidos<\/a><\/h4>\n<p>Situado en el atol\u00f3n de Laamu, Six Senses Laamu ofrece una experiencia de buceo lujosa y sostenible. El centro de buceo del resort, Deep Blue Divers, brinda acceso a puntos de inmersi\u00f3n pr\u00edstinos, incluyendo canales, salientes y jardines de coral. Los hu\u00e9spedes pueden observar una gran variedad de vida marina, como mantarrayas, tortugas y tiburones de arrecife, mientras disfrutan del lujo ecol\u00f3gico del resort.<\/p>\n\n\t\t<\/div>\n\t<\/div>\n<\/div><\/div><\/div><\/div><div class=\"vc_row wpb_row vc_row-fluid\"><div class=\"wpb_column vc_column_container vc_col-sm-3\"><div class=\"vc_column-inner\"><div class=\"wpb_wrapper\">\n\t<div  class=\"wpb_single_image wpb_content_element vc_align_left wpb_content_element\">\n\t\t\n\t\t<figure class=\"wpb_wrapper vc_figure\">\n\t\t\t<div class=\"vc_single_image-wrapper   vc_box_border_grey\"><img loading=\"lazy\" decoding=\"async\" width=\"150\" height=\"150\" src=\"https:\/\/maldives-paradise.com\/wp-content\/uploads\/2024\/01\/anantara-fish-150x150.jpg\" class=\"vc_single_image-img attachment-thumbnail\" alt=\"Anantara Kihavah Maldivas Villas\" title=\"pez anantara\" \/><\/div>\n\t\t<\/figure>\n\t<\/div>\n<\/div><\/div><\/div><div class=\"wpb_column vc_column_container vc_col-sm-9\"><div class=\"vc_column-inner\"><div class=\"wpb_wrapper\">\n\t<div class=\"wpb_text_column wpb_content_element\" >\n\t\t<div class=\"wpb_wrapper\">\n\t\t\t<h4><a href=\"https:\/\/lamp.glopss.com\/SHUs\" target=\"_blank\" rel=\"nofollow noopener\">Anantara Kihavah Maldivas Villas<\/a><\/h4>\n<p>Anantara Kihavah Maldives Villas, ubicado en el atol\u00f3n Baa, ofrece buceo de primera categor\u00eda en una Reserva de la Biosfera de la UNESCO. El centro de buceo del resort, Dive Butler International, ofrece experiencias de buceo personalizadas, incluyendo inmersiones nocturnas y excursiones privadas. Los hu\u00e9spedes pueden explorar vibrantes arrecifes de coral, estaciones de limpieza de mantarrayas e incluso practicar snorkel con tiburones ballena.<\/p>\n\n\t\t<\/div>\n\t<\/div>\n<\/div><\/div><\/div><\/div><div class=\"vc_row wpb_row vc_row-fluid\"><div class=\"wpb_column vc_column_container vc_col-sm-3\"><div class=\"vc_column-inner\"><div class=\"wpb_wrapper\">\n\t<div  class=\"wpb_single_image wpb_content_element vc_align_left wpb_content_element\">\n\t\t\n\t\t<figure class=\"wpb_wrapper vc_figure\">\n\t\t\t<div class=\"vc_single_image-wrapper   vc_box_border_grey\"><img loading=\"lazy\" decoding=\"async\" width=\"150\" height=\"150\" src=\"https:\/\/maldives-paradise.com\/wp-content\/uploads\/2024\/07\/hurawalhi-diving-prodivers-coral-reef-150x150.jpg\" class=\"vc_single_image-img attachment-thumbnail\" alt=\"Arrecife de la casa del Hurawalhi Island Resort\" title=\"hurawalhi-buceo-proveedores-arrecife-de-coral\" \/><\/div>\n\t\t<\/figure>\n\t<\/div>\n<\/div><\/div><\/div><div class=\"wpb_column vc_column_container vc_col-sm-9\"><div class=\"vc_column-inner\"><div class=\"wpb_wrapper\">\n\t<div class=\"wpb_text_column wpb_content_element\" >\n\t\t<div class=\"wpb_wrapper\">\n\t\t\t<h4><a href=\"https:\/\/hotellook.tp.st\/6FluoLuO\" target=\"_blank\" rel=\"nofollow noopener\">Isla Hurawalhi Resort<\/a><\/h4>\n<p>El Hurawalhi Island Resort, en el atol\u00f3n de Lhaviyani, es un lujoso resort todo incluido solo para adultos, famoso por sus impresionantes experiencias submarinas. Su centro de buceo ofrece acceso a m\u00e1s de 50 puntos de inmersi\u00f3n, incluyendo el famoso Manta Point. Hurawalhi tambi\u00e9n cuenta con el restaurante submarino totalmente acristalado m\u00e1s grande del mundo, que brinda una experiencia gastron\u00f3mica \u00fanica rodeado de vida marina.<\/p>\n\n\t\t<\/div>\n\t<\/div>\n<\/div><\/div><\/div><\/div><div class=\"vc_row wpb_row vc_row-fluid\"><div class=\"wpb_column vc_column_container vc_col-sm-3\"><div class=\"vc_column-inner\"><div class=\"wpb_wrapper\">\n\t<div  class=\"wpb_single_image wpb_content_element vc_align_left wpb_content_element\">\n\t\t\n\t\t<figure class=\"wpb_wrapper vc_figure\">\n\t\t\t<div class=\"vc_single_image-wrapper   vc_box_border_grey\"><img loading=\"lazy\" decoding=\"async\" width=\"150\" height=\"150\" src=\"https:\/\/maldives-paradise.com\/wp-content\/uploads\/2024\/07\/baros-coral-reef-150x150.jpg\" class=\"vc_single_image-img attachment-thumbnail\" alt=\"Arrecife de la casa de Baros Maldives\" title=\"arrecife de coral de baros\" \/><\/div>\n\t\t<\/figure>\n\t<\/div>\n<\/div><\/div><\/div><div class=\"wpb_column vc_column_container vc_col-sm-9\"><div class=\"vc_column-inner\"><div class=\"wpb_wrapper\">\n\t<div class=\"wpb_text_column wpb_content_element\" >\n\t\t<div class=\"wpb_wrapper\">\n\t\t\t<h4><a href=\"https:\/\/lamp.glopss.com\/SHUm\" target=\"_blank\" rel=\"nofollow noopener\">Baros Maldivas<\/a><\/h4>\n<p>Situado en el atol\u00f3n de Mal\u00e9 Norte, Baros Maldives es un prestigioso resort de lujo especializado en buceo. Su centro de buceo, Dive Baros Maldives, ofrece experiencias personalizadas, incluyendo inmersiones en el arrecife cercano y excursiones a puntos de buceo en las proximidades. Baros es ideal tanto para principiantes como para buceadores experimentados, gracias a su abundante vida marina y sus pr\u00edstinos arrecifes de coral.<\/p>\n\n\t\t<\/div>\n\t<\/div>\n<\/div><\/div><\/div><\/div><div class=\"vc_row wpb_row vc_row-fluid\"><div class=\"wpb_column vc_column_container vc_col-sm-3\"><div class=\"vc_column-inner\"><div class=\"wpb_wrapper\">\n\t<div  class=\"wpb_single_image wpb_content_element vc_align_left wpb_content_element\">\n\t\t\n\t\t<figure class=\"wpb_wrapper vc_figure\">\n\t\t\t<div class=\"vc_single_image-wrapper   vc_box_border_grey\"><img loading=\"lazy\" decoding=\"async\" width=\"150\" height=\"150\" src=\"https:\/\/maldives-paradise.com\/wp-content\/uploads\/2024\/07\/Milaidhoo-Maldives_diving-150x150.jpg\" class=\"vc_single_image-img attachment-thumbnail\" alt=\"Isla Milaidhoo Maldivas\" title=\"Milaidhoo-Maldivas_buceo\" \/><\/div>\n\t\t<\/figure>\n\t<\/div>\n<\/div><\/div><\/div><div class=\"wpb_column vc_column_container vc_col-sm-9\"><div class=\"vc_column-inner\"><div class=\"wpb_wrapper\">\n\t<div class=\"wpb_text_column wpb_content_element\" >\n\t\t<div class=\"wpb_wrapper\">\n\t\t\t<h4><a href=\"https:\/\/lamp.glopss.com\/SHUd\" target=\"_blank\" rel=\"nofollow noopener\">Isla Milaidhoo Maldivas<\/a><\/h4>\n<p>Milaidhoo Island Maldives, situada en el atol\u00f3n Baa, ofrece una experiencia de buceo exclusiva en un entorno impresionante. El centro de buceo del resort permite acceder a la rica biodiversidad marina del atol\u00f3n Baa, incluyendo estaciones de limpieza de mantarrayas y vibrantes jardines de coral. Las lujosas villas y el servicio personalizado de Milaidhoo la convierten en la opci\u00f3n perfecta para los buceadores m\u00e1s exigentes.<\/p>\n\n\t\t<\/div>\n\t<\/div>\n<\/div><\/div><\/div><\/div><div class=\"vc_row wpb_row vc_row-fluid\"><div class=\"wpb_column vc_column_container vc_col-sm-12\"><div class=\"vc_column-inner\"><div class=\"wpb_wrapper\">\n\t<div class=\"wpb_text_column wpb_content_element\" >\n\t\t<div class=\"wpb_wrapper\">\n\t\t\t<p>Las Maldivas albergan algunos de los mejores resorts de buceo del mundo, cada uno con experiencias \u00fanicas y alojamiento de lujo. Tanto si eres principiante como si tienes experiencia, estos resorts te brindan acceso a impresionantes paisajes submarinos, una abundante vida marina y un lujo incomparable. Desde el tranquilo Komandoo Island Resort &amp; Spa hasta el ecol\u00f3gico Six Senses Laamu, las Maldivas tienen un resort de buceo para todos los gustos y preferencias.<\/p>\n\n\t\t<\/div>\n\t<\/div>\n<\/div><\/div><\/div><\/div><div class=\"vc_row wpb_row vc_row-fluid\"><div class=\"wpb_column vc_column_container vc_col-sm-12\"><div class=\"vc_column-inner\"><div class=\"wpb_wrapper\">\n\t<div class=\"wpb_text_column wpb_content_element\" >\n\t\t<div class=\"wpb_wrapper\">\n\t\t\t<p><strong>Ver tambi\u00e9n <a title=\"Los 12 Resorts con el Mejor House Reef en Maldivas\" href=\"http:\/\/maldives-paradise.com\/es\/los-12-resorts-con-el-mejor-arrecife-en-maldivas\/\">Los 12 Resorts con Mejor House Reef en Maldivas<\/a><\/strong><\/p>\n\n\t\t<\/div>\n\t<\/div>\n<\/div><\/div><\/div><\/div>\n<\/div>","protected":false},"excerpt":{"rendered":"<div class=\"mh-excerpt\"><\/div>","protected":false},"author":1,"featured_media":19248,"parent":0,"menu_order":0,"comment_status":"closed","ping_status":"closed","template":"","meta":{"footnotes":""},"class_list":["post-19548","page","type-page","status-publish","has-post-thumbnail"],"aioseo_notices":[],"_links":{"self":[{"href":"http:\/\/maldives-paradise.com\/es\/wp-json\/wp\/v2\/pages\/19548","targetHints":{"allow":["GET"]}}],"collection":[{"href":"http:\/\/maldives-paradise.com\/es\/wp-json\/wp\/v2\/pages"}],"about":[{"href":"http:\/\/maldives-paradise.com\/es\/wp-json\/wp\/v2\/types\/page"}],"author":[{"embeddable":true,"href":"http:\/\/maldives-paradise.com\/es\/wp-json\/wp\/v2\/users\/1"}],"replies":[{"embeddable":true,"href":"http:\/\/maldives-paradise.com\/es\/wp-json\/wp\/v2\/comments?post=19548"}],"version-history":[{"count":6,"href":"http:\/\/maldives-paradise.com\/es\/wp-json\/wp\/v2\/pages\/19548\/revisions"}],"predecessor-version":[{"id":45307,"href":"http:\/\/maldives-paradise.com\/es\/wp-json\/wp\/v2\/pages\/19548\/revisions\/45307"}],"wp:featuredmedia":[{"embeddable":true,"href":"http:\/\/maldives-paradise.com\/es\/wp-json\/wp\/v2\/media\/19248"}],"wp:attachment":[{"href":"http:\/\/maldives-paradise.com\/es\/wp-json\/wp\/v2\/media?parent=19548"}],"curies":[{"name":"gracias","href":"https:\/\/api.w.org\/{rel}","templated":true}]}}